{"id":10009,"date":"2021-12-10T15:05:38","date_gmt":"2021-12-10T15:05:38","guid":{"rendered":"https:\/\/www.muehlebirgel.de\/romantic-hotel-in-the-eifel-historic-birgel-watermill\/skiing-in-the-eifel\/"},"modified":"2021-12-10T15:05:38","modified_gmt":"2021-12-10T15:05:38","slug":"skiing-in-the-eifel","status":"publish","type":"page","link":"https:\/\/www.muehlebirgel.de\/en\/skiing-in-the-eifel","title":{"rendered":"Skiing in the Eifel"},"content":{"rendered":"<h2>Ski areas in the Eifel<\/h2>\n<p><img loading=\"lazy\" decoding=\"async\" class=\"size-full wp-image-489 alignleft\" src=\"https:\/\/www.muehlebirgel.de\/wp-content\/uploads\/2011\/12\/skifahren-eifel.jpg\" alt=\"\" width=\"300\" height=\"199\"><\/p>\n<p>A holiday in the Eifel is always worthwhile &#8211; whether as a couple or with the whole family. The Eifel is one of the most beautiful recreational areas that western Germany has to offer. Especially in winter there are countless opportunities to spend a few nice, relaxing, active or even romantic hours and leave everyday life behind you.<\/p>\n<hr>\n<p><img loading=\"lazy\" decoding=\"async\" class=\"size-full wp-image-490 alignleft\" src=\"https:\/\/www.muehlebirgel.de\/wp-content\/uploads\/2011\/12\/romantik-schnee-eifel.jpg\" alt=\"\" width=\"300\" height=\"277\"><\/p>\n<p>Snow enthusiasts in particular get their money&#8217;s worth in the ski areas. Regardless of whether you visit the Wolfsschlucht or the Black Man in Pr\u00fcm, the Ernstberg or the M\u00e4useberg in Daun, or the Wei\u00dfer Stein ski area in Hellenthal &#8211; fun and sport come first here. When the Eifel is covered in snow, the motto is: &#8220;If you rest, you rust&#8221; &#8211; So get out of the room and into the Eifel world of adventure.<\/p>\n<p>The M\u00e4useberg offers enthusiastic skiers a 450 meter long downhill piste with a difference in altitude of 90 meters. The Ernstberg and the Wolfsschlucht, on the other hand, are ideal for cross-country skiers due to the specially created trails. The Black Man and the White Mountain, on the other hand, are real all-rounders. Here you can go tobogganing as well as cross-country skiing and whiz down on several downhill slopes with your skis.<\/p>\n<hr>\n<p><img loading=\"lazy\" decoding=\"async\" class=\"size-full wp-image-491 alignleft\" src=\"https:\/\/www.muehlebirgel.de\/wp-content\/uploads\/2011\/12\/waldweg2-eifel.jpg\" alt=\"\" width=\"300\" height=\"300\"><\/p>\n<p>In the Eifel, adults and children alike get their money&#8217;s worth and can either toboggan down the mountains on a sledge, hit the groomed slopes on a snowboard or ski down the cross-country ski trails. The carriage rides through the white and idyllic landscape are a special highlight for young and old. Here you can see the Eifel from its most beautiful side and enjoy nature to the fullest. Hikers will not forget a stay in the Eifel either, as walking in the deepest snow brings a good portion of relaxation and a fascinating natural spectacle.<\/p>\n<hr>\n<p><img loading=\"lazy\" decoding=\"async\" class=\"size-full wp-image-492 alignleft\" src=\"https:\/\/www.muehlebirgel.de\/wp-content\/uploads\/2011\/12\/waldweg-eifel.jpg\" alt=\"\" width=\"300\" height=\"200\"><\/p>\n<p>A hot chocolate, a warming tea or a delicious coffee is also part of the fun in the snow. In our Eifel Hotel you can treat yourself to a break in an extraordinary atmosphere. However, once you&#8217;ve snuggled up, you usually don&#8217;t want to go out into the cold water to start your journey home. Then just stay with us in the historic mill and enjoy the charm of our romantic apartments and let yourself be pampered the next day with a rich breakfast and homemade bread. We look forward to you!<\/p>\n<hr>\n<p><img loading=\"lazy\" decoding=\"async\" class=\" size-full wp-image-493\" src=\"https:\/\/www.muehlebirgel.de\/wp-content\/uploads\/2011\/12\/herz-schnee-eifel.jpg\" alt=\"\" width=\"300\" height=\"200\"><\/p>\n<p><img loading=\"lazy\" decoding=\"async\" class=\" size-full wp-image-494\" src=\"https:\/\/www.muehlebirgel.de\/wp-content\/uploads\/2011\/12\/winterlandschaft-eifel.jpg\" alt=\"\" width=\"300\" height=\"199\"><\/p>\n","protected":false},"excerpt":{"rendered":"<p>Ski areas in the Eifel A holiday in the Eifel is always worthwhile &#8211; whether as a couple or with the whole family. The Eifel is one of the most beautiful recreational areas that western Germany has to offer. Especially in winter there are countless opportunities to spend a few nice, relaxing, active or even [&hellip;]<\/p>\n","protected":false},"author":1,"featured_media":0,"parent":9735,"menu_order":24,"comment_status":"closed","ping_status":"closed","template":"","meta":{"footnotes":""},"class_list":["post-10009","page","type-page","status-publish","hentry"],"yoast_head":"<!-- This site is optimized with the Yoast SEO plugin v27.2 - https:\/\/yoast.com\/product\/yoast-seo-wordpress\/ -->\n<title>Skiing in the Eifel - Historische Wasserm\u00fchle Birgel<\/title>\n<meta name=\"robots\" content=\"index, follow, max-snippet:-1, max-image-preview:large, max-video-preview:-1\" \/>\n<link rel=\"canonical\" href=\"https:\/\/www.muehlebirgel.de\/en\/skiing-in-the-eifel\" \/>\n<meta property=\"og:locale\" content=\"en_US\" \/>\n<meta property=\"og:type\" content=\"article\" \/>\n<meta property=\"og:title\" content=\"Skiing in the Eifel - Historische Wasserm\u00fchle Birgel\" \/>\n<meta property=\"og:description\" content=\"Ski areas in the Eifel A holiday in the Eifel is always worthwhile &#8211; whether as a couple or with the whole family. The Eifel is one of the most beautiful recreational areas that western Germany has to offer. Especially in winter there are countless opportunities to spend a few nice, relaxing, active or even [&hellip;]\" \/>\n<meta property=\"og:url\" content=\"https:\/\/www.muehlebirgel.de\/en\/skiing-in-the-eifel\/\" \/>\n<meta property=\"og:site_name\" content=\"Historische Wasserm\u00fchle Birgel\" \/>\n<meta property=\"og:image\" content=\"https:\/\/www.muehlebirgel.de\/wp-content\/uploads\/2011\/12\/skifahren-eifel.jpg\" \/>\n<meta name=\"twitter:card\" content=\"summary_large_image\" \/>\n<meta name=\"twitter:label1\" content=\"Est. reading time\" \/>\n\t<meta name=\"twitter:data1\" content=\"2 minutes\" \/>\n<script type=\"application\/ld+json\" class=\"yoast-schema-graph\">{\"@context\":\"https:\/\/schema.org\",\"@graph\":[{\"@type\":\"WebPage\",\"@id\":\"https:\/\/www.muehlebirgel.de\/en\/skiing-in-the-eifel\",\"url\":\"https:\/\/www.muehlebirgel.de\/en\/skiing-in-the-eifel\",\"name\":\"Skiing in the Eifel - Historische Wasserm\u00fchle Birgel\",\"isPartOf\":{\"@id\":\"https:\/\/www.muehlebirgel.de\/en\/#website\"},\"primaryImageOfPage\":{\"@id\":\"https:\/\/www.muehlebirgel.de\/en\/skiing-in-the-eifel#primaryimage\"},\"image\":{\"@id\":\"https:\/\/www.muehlebirgel.de\/en\/skiing-in-the-eifel#primaryimage\"},\"thumbnailUrl\":\"https:\/\/www.muehlebirgel.de\/wp-content\/uploads\/2011\/12\/skifahren-eifel.jpg\",\"datePublished\":\"2021-12-10T15:05:38+00:00\",\"breadcrumb\":{\"@id\":\"https:\/\/www.muehlebirgel.de\/en\/skiing-in-the-eifel#breadcrumb\"},\"inLanguage\":\"en-US\",\"potentialAction\":[{\"@type\":\"ReadAction\",\"target\":[\"https:\/\/www.muehlebirgel.de\/en\/skiing-in-the-eifel\"]}]},{\"@type\":\"ImageObject\",\"inLanguage\":\"en-US\",\"@id\":\"https:\/\/www.muehlebirgel.de\/en\/skiing-in-the-eifel#primaryimage\",\"url\":\"https:\/\/www.muehlebirgel.de\/wp-content\/uploads\/2011\/12\/skifahren-eifel.jpg\",\"contentUrl\":\"https:\/\/www.muehlebirgel.de\/wp-content\/uploads\/2011\/12\/skifahren-eifel.jpg\"},{\"@type\":\"BreadcrumbList\",\"@id\":\"https:\/\/www.muehlebirgel.de\/en\/skiing-in-the-eifel#breadcrumb\",\"itemListElement\":[{\"@type\":\"ListItem\",\"position\":1,\"name\":\"Startseite\",\"item\":\"https:\/\/www.muehlebirgel.de\/en\"},{\"@type\":\"ListItem\",\"position\":2,\"name\":\"Accommodation in the Eifel &#8211; book a vacation in the Volcanic Eifel\",\"item\":\"https:\/\/www.muehlebirgel.de\/en\/overnight-stays-in-the-eifel\"},{\"@type\":\"ListItem\",\"position\":3,\"name\":\"Hotel in the Eifel &#8211; Romantic rooms in the Volcanic Eifel\",\"item\":\"https:\/\/www.muehlebirgel.de\/en\/romantic-hotel-in-the-eifel-historic-birgel-watermill\"},{\"@type\":\"ListItem\",\"position\":4,\"name\":\"Skiing in the Eifel\"}]},{\"@type\":\"WebSite\",\"@id\":\"https:\/\/www.muehlebirgel.de\/en\/#website\",\"url\":\"https:\/\/www.muehlebirgel.de\/en\/\",\"name\":\"Historische Wasserm\u00fchle Birgel\",\"description\":\"Willkommen im M\u00fchlen-Erlebniszentrum\",\"potentialAction\":[{\"@type\":\"SearchAction\",\"target\":{\"@type\":\"EntryPoint\",\"urlTemplate\":\"https:\/\/www.muehlebirgel.de\/en\/?s={search_term_string}\"},\"query-input\":{\"@type\":\"PropertyValueSpecification\",\"valueRequired\":true,\"valueName\":\"search_term_string\"}}],\"inLanguage\":\"en-US\"}]}<\/script>\n<!-- \/ Yoast SEO plugin. -->","yoast_head_json":{"title":"Skiing in the Eifel - Historische Wasserm\u00fchle Birgel","robots":{"index":"index","follow":"follow","max-snippet":"max-snippet:-1","max-image-preview":"max-image-preview:large","max-video-preview":"max-video-preview:-1"},"canonical":"https:\/\/www.muehlebirgel.de\/en\/skiing-in-the-eifel","og_locale":"en_US","og_type":"article","og_title":"Skiing in the Eifel - Historische Wasserm\u00fchle Birgel","og_description":"Ski areas in the Eifel A holiday in the Eifel is always worthwhile &#8211; whether as a couple or with the whole family. The Eifel is one of the most beautiful recreational areas that western Germany has to offer. Especially in winter there are countless opportunities to spend a few nice, relaxing, active or even [&hellip;]","og_url":"https:\/\/www.muehlebirgel.de\/en\/skiing-in-the-eifel\/","og_site_name":"Historische Wasserm\u00fchle Birgel","og_image":[{"url":"https:\/\/www.muehlebirgel.de\/wp-content\/uploads\/2011\/12\/skifahren-eifel.jpg","type":"","width":"","height":""}],"twitter_card":"summary_large_image","twitter_misc":{"Est. reading time":"2 minutes"},"schema":{"@context":"https:\/\/schema.org","@graph":[{"@type":"WebPage","@id":"https:\/\/www.muehlebirgel.de\/en\/skiing-in-the-eifel","url":"https:\/\/www.muehlebirgel.de\/en\/skiing-in-the-eifel","name":"Skiing in the Eifel - Historische Wasserm\u00fchle Birgel","isPartOf":{"@id":"https:\/\/www.muehlebirgel.de\/en\/#website"},"primaryImageOfPage":{"@id":"https:\/\/www.muehlebirgel.de\/en\/skiing-in-the-eifel#primaryimage"},"image":{"@id":"https:\/\/www.muehlebirgel.de\/en\/skiing-in-the-eifel#primaryimage"},"thumbnailUrl":"https:\/\/www.muehlebirgel.de\/wp-content\/uploads\/2011\/12\/skifahren-eifel.jpg","datePublished":"2021-12-10T15:05:38+00:00","breadcrumb":{"@id":"https:\/\/www.muehlebirgel.de\/en\/skiing-in-the-eifel#breadcrumb"},"inLanguage":"en-US","potentialAction":[{"@type":"ReadAction","target":["https:\/\/www.muehlebirgel.de\/en\/skiing-in-the-eifel"]}]},{"@type":"ImageObject","inLanguage":"en-US","@id":"https:\/\/www.muehlebirgel.de\/en\/skiing-in-the-eifel#primaryimage","url":"https:\/\/www.muehlebirgel.de\/wp-content\/uploads\/2011\/12\/skifahren-eifel.jpg","contentUrl":"https:\/\/www.muehlebirgel.de\/wp-content\/uploads\/2011\/12\/skifahren-eifel.jpg"},{"@type":"BreadcrumbList","@id":"https:\/\/www.muehlebirgel.de\/en\/skiing-in-the-eifel#breadcrumb","itemListElement":[{"@type":"ListItem","position":1,"name":"Startseite","item":"https:\/\/www.muehlebirgel.de\/en"},{"@type":"ListItem","position":2,"name":"Accommodation in the Eifel &#8211; book a vacation in the Volcanic Eifel","item":"https:\/\/www.muehlebirgel.de\/en\/overnight-stays-in-the-eifel"},{"@type":"ListItem","position":3,"name":"Hotel in the Eifel &#8211; Romantic rooms in the Volcanic Eifel","item":"https:\/\/www.muehlebirgel.de\/en\/romantic-hotel-in-the-eifel-historic-birgel-watermill"},{"@type":"ListItem","position":4,"name":"Skiing in the Eifel"}]},{"@type":"WebSite","@id":"https:\/\/www.muehlebirgel.de\/en\/#website","url":"https:\/\/www.muehlebirgel.de\/en\/","name":"Historische Wasserm\u00fchle Birgel","description":"Willkommen im M\u00fchlen-Erlebniszentrum","potentialAction":[{"@type":"SearchAction","target":{"@type":"EntryPoint","urlTemplate":"https:\/\/www.muehlebirgel.de\/en\/?s={search_term_string}"},"query-input":{"@type":"PropertyValueSpecification","valueRequired":true,"valueName":"search_term_string"}}],"inLanguage":"en-US"}]}},"_links":{"self":[{"href":"https:\/\/www.muehlebirgel.de\/en\/wp-json\/wp\/v2\/pages\/10009","targetHints":{"allow":["GET"]}}],"collection":[{"href":"https:\/\/www.muehlebirgel.de\/en\/wp-json\/wp\/v2\/pages"}],"about":[{"href":"https:\/\/www.muehlebirgel.de\/en\/wp-json\/wp\/v2\/types\/page"}],"author":[{"embeddable":true,"href":"https:\/\/www.muehlebirgel.de\/en\/wp-json\/wp\/v2\/users\/1"}],"replies":[{"embeddable":true,"href":"https:\/\/www.muehlebirgel.de\/en\/wp-json\/wp\/v2\/comments?post=10009"}],"version-history":[{"count":0,"href":"https:\/\/www.muehlebirgel.de\/en\/wp-json\/wp\/v2\/pages\/10009\/revisions"}],"up":[{"embeddable":true,"href":"https:\/\/www.muehlebirgel.de\/en\/wp-json\/wp\/v2\/pages\/9735"}],"wp:attachment":[{"href":"https:\/\/www.muehlebirgel.de\/en\/wp-json\/wp\/v2\/media?parent=10009"}],"curies":[{"name":"wp","href":"https:\/\/api.w.org\/{rel}","templated":true}]}}