{"id":10054,"date":"2021-12-10T15:06:18","date_gmt":"2021-12-10T15:06:18","guid":{"rendered":"https:\/\/www.muehlebirgel.de\/romantic-hotel-in-the-eifel-historic-birgel-watermill\/booking\/"},"modified":"2026-03-31T11:12:24","modified_gmt":"2026-03-31T09:12:24","slug":"booking","status":"publish","type":"page","link":"https:\/\/www.muehlebirgel.de\/en\/booking","title":{"rendered":"Book vacation in the Eifel online"},"content":{"rendered":"<div class=\"wpb-content-wrapper\"><p>[vc_row][vc_column][vc_column_text]<\/p>\n<h2>Hotelzimmer &amp; -Suiten in der Vulkaneifel direkt online buchen<\/h2>\n<p>[\/vc_column_text][\/vc_column][vc_column width=&#8221;1\/2&#8243;][vc_column_text]<\/p>\n<p>Wer einen romantischen Urlaub in der Eifel buchen m\u00f6chte, kommt an der Historischen Wasserm\u00fchle in Birgel nicht vorbei. Ganz bequem online ein <a href=\"https:\/\/www.muehlebirgel.de\/eifel-hotel\">Hotelzimmer<\/a> oder eine <a href=\"https:\/\/www.muehlebirgel.de\/hotelsuiten\">Fachwerk-Hotelsuite<\/a> in der Historischen Wasserm\u00fchle buchen. Bitte benutzen Sie hierf\u00fcr unser Buchungsformular und w\u00e4hlen Sie den gew\u00fcnschten Zeitraum, die Anzahl der Personen und das gew\u00fcnschte Zimmer aus. Bei R\u00fcckfragen oder Sonderw\u00fcnschen steht unser freundliches M\u00fchlenteam gerne zur Verf\u00fcgung.<\/p>\n<p>[\/vc_column_text][\/vc_column][vc_column width=&#8221;1\/2&#8243;][vc_column_text]<\/p>\n\r\n<div id=\"d21-quickbook\"><\/div>\r\n<p><script src=\"https:\/\/js-sdk.dirs21.de\/c2da0318-8f93-4130-ba70-634ea898bc20\" type=\"text\/javascript\" async=\"async\"><\/script><br\/><\/p><p>[\/vc_column_text][\/vc_column][\/vc_row][vc_row css=&#8221;.vc_custom_1678720251340{margin-top: 25px !important;}&#8221; conditional_render=&#8221;%5B%7B%22value_role%22%3A%22administrator%22%7D%5D&#8221;][vc_column width=&#8221;1\/2&#8243;][vc_column_text]<\/p>\n<h2>Arrangement-Buchung &amp; besondere W\u00fcnsche<\/h2>\n<p>[\/vc_column_text][vc_column_text]<\/p>\n<div id=\"webform-component-beschreibung\" class=\"form-item webform-component webform-component-markup\">\n<p>F\u00fcr die Buchung unserer <a href=\"https:\/\/www.muehlebirgel.de\/arrangements\">Arrangements<\/a> oder bei besonderen W\u00fcnschen, bitten wir Sie unser Kontaktformular auszuf\u00fcllen oder uns wie folgt zu kontaktieren:<\/p>\n<p>Telefon: +49 6597 92820<br \/>\nTelefax: +49 6597 9282-149 oder<br \/>\nE-Mail: <a href=\"mailto:info@muehlebirgel.de\">info@muehlebirgel.de<\/a><\/p>\n<\/div>\n<div><\/div>\n<div class=\"form-item webform-component webform-component-markup\">\n<p><img loading=\"lazy\" decoding=\"async\" class=\"alignnone size-full wp-image-306\" src=\"https:\/\/www.muehlebirgel.de\/wp-content\/uploads\/2009\/12\/45.jpg\" alt=\"\" width=\"300\" height=\"200\" \/><\/p>\n<p><b>Wir freuen uns auf Ihre Nachricht!<\/b><\/p>\n<\/div>\n<div id=\"webform-component-betreff\" class=\"form-item webform-component webform-component-select\"><\/div>\n<p>[\/vc_column_text][\/vc_column][vc_column width=&#8221;1\/2&#8243;][vc_column_text]\n<div class=\"wpcf7 no-js\" id=\"wpcf7-f10804-o1\" lang=\"en-US\" dir=\"ltr\" data-wpcf7-id=\"10804\">\n<div class=\"screen-reader-response\"><p role=\"status\" aria-live=\"polite\" aria-atomic=\"true\"><\/p> <ul><\/ul><\/div>\n<form action=\"\/en\/wp-json\/wp\/v2\/pages\/10054#wpcf7-f10804-o1\" method=\"post\" class=\"wpcf7-form init\" aria-label=\"Contact form\" novalidate=\"novalidate\" data-status=\"init\">\n<fieldset class=\"hidden-fields-container\"><input type=\"hidden\" name=\"_wpcf7\" value=\"10804\" \/><input type=\"hidden\" name=\"_wpcf7_version\" value=\"6.1.5\" \/><input type=\"hidden\" name=\"_wpcf7_locale\" value=\"en_US\" \/><input type=\"hidden\" name=\"_wpcf7_unit_tag\" value=\"wpcf7-f10804-o1\" \/><input type=\"hidden\" name=\"_wpcf7_container_post\" value=\"0\" \/><input type=\"hidden\" name=\"_wpcf7_posted_data_hash\" value=\"\" \/><input type=\"hidden\" name=\"_wpcf7_recaptcha_response\" value=\"\" \/>\n<\/fieldset>\n<label> Your name (*)\n    <span class=\"wpcf7-form-control-wrap\" data-name=\"your-name\"><input size=\"40\" maxlength=\"400\" class=\"wpcf7-form-control wpcf7-text wpcf7-validates-as-required\" aria-required=\"true\" aria-invalid=\"false\" value=\"\" type=\"text\" name=\"your-name\" \/><\/span> <\/label>\n\n<label> E-mail address (*)\n    <span class=\"wpcf7-form-control-wrap\" data-name=\"your-email\"><input size=\"40\" maxlength=\"400\" class=\"wpcf7-form-control wpcf7-email wpcf7-validates-as-required wpcf7-text wpcf7-validates-as-email\" aria-required=\"true\" aria-invalid=\"false\" value=\"\" type=\"email\" name=\"your-email\" \/><\/span> <\/label>\n\n<label>  Telephone (*)\n<span class=\"wpcf7-form-control-wrap\" data-name=\"tel-telefon\"><input size=\"40\" maxlength=\"400\" class=\"wpcf7-form-control wpcf7-tel wpcf7-validates-as-required wpcf7-text wpcf7-validates-as-tel\" aria-required=\"true\" aria-invalid=\"false\" value=\"\" type=\"tel\" name=\"tel-telefon\" \/><\/span>\n<\/label>\n\n<label>  Subject\n <span class=\"wpcf7-form-control-wrap\" data-name=\"menu-322\"><select class=\"wpcf7-form-control wpcf7-select wpcf7-validates-as-required\" aria-required=\"true\" aria-invalid=\"false\" name=\"menu-322\"><option value=\"General inquiry\">General inquiry<\/option><option value=\"Booking inquiry\">Booking inquiry<\/option><option value=\"Table reservation\">Table reservation<\/option><option value=\"Midnight feast\">Midnight feast<\/option><option value=\"Wedding inquiry\">Wedding inquiry<\/option><option value=\"Conference inquiry\">Conference inquiry<\/option><option value=\"Baking and mustard course\">Baking and mustard course<\/option><option value=\"Historic mill table\">Historic mill table<\/option><option value=\"Last-minute offers\">Last-minute offers<\/option><\/select><\/span> <\/label>\n\n<label>  Your message (*)\n    <span class=\"wpcf7-form-control-wrap\" data-name=\"your-message\"><textarea cols=\"40\" rows=\"10\" maxlength=\"2000\" class=\"wpcf7-form-control wpcf7-textarea wpcf7-validates-as-required\" aria-required=\"true\" aria-invalid=\"false\" name=\"your-message\"><\/textarea><\/span> <\/label>\n\n\n<button data-service=\"google-recaptcha\" data-category=\"marketing\" class=\"cmplz-blocked-content-container cmplz-blocked-content-notice cmplz-accept-service cmplz-accept-marketing cmplz-wpforms\" style=\"text-align: left; cursor: pointer;margin-top:20px;background-color:transparent;border:none;color: var(--nv-primary-accent);font-weight: 500;font-size: 16px;text-wrap:wrap;box-shadow:none;\">  Please accept the reCaptcha cookies by clicking on this text so that you can submit the form.\n<\/button>\n\n\n<input class=\"wpcf7-form-control wpcf7-submit has-spinner\" type=\"submit\" value=\"Send\" \/><div class=\"wpcf7-response-output\" aria-hidden=\"true\"><\/div>\n<\/form>\n<\/div>\n[\/vc_column_text][\/vc_column][\/vc_row]<\/p>\n<\/div>","protected":false},"excerpt":{"rendered":"<p>[vc_row][vc_column][vc_column_text] Hotelzimmer &amp; -Suiten in der Vulkaneifel direkt online buchen [\/vc_column_text][\/vc_column][vc_column width=&#8221;1\/2&#8243;][vc_column_text] Wer einen romantischen Urlaub in der Eifel buchen m\u00f6chte, kommt an der Historischen Wasserm\u00fchle in Birgel nicht vorbei. Ganz bequem online ein Hotelzimmer oder eine Fachwerk-Hotelsuite in der Historischen Wasserm\u00fchle buchen. Bitte benutzen Sie hierf\u00fcr unser Buchungsformular und w\u00e4hlen Sie den gew\u00fcnschten Zeitraum, [&hellip;]<\/p>\n","protected":false},"author":1,"featured_media":0,"parent":25860,"menu_order":13,"comment_status":"closed","ping_status":"closed","template":"","meta":{"footnotes":""},"class_list":["post-10054","page","type-page","status-publish","hentry"],"yoast_head":"<!-- This site is optimized with the Yoast SEO plugin v27.2 - https:\/\/yoast.com\/product\/yoast-seo-wordpress\/ -->\n<title>Book vacation in the Eifel online - Historische Wasserm\u00fchle Birgel<\/title>\n<meta name=\"robots\" content=\"index, follow, max-snippet:-1, max-image-preview:large, max-video-preview:-1\" \/>\n<link rel=\"canonical\" href=\"https:\/\/www.muehlebirgel.de\/en\/booking\" \/>\n<meta property=\"og:locale\" content=\"en_US\" \/>\n<meta property=\"og:type\" content=\"article\" \/>\n<meta property=\"og:title\" content=\"Book vacation in the Eifel online - Historische Wasserm\u00fchle Birgel\" \/>\n<meta property=\"og:description\" content=\"[vc_row][vc_column][vc_column_text] Hotelzimmer &amp; -Suiten in der Vulkaneifel direkt online buchen [\/vc_column_text][\/vc_column][vc_column width=&#8221;1\/2&#8243;][vc_column_text] Wer einen romantischen Urlaub in der Eifel buchen m\u00f6chte, kommt an der Historischen Wasserm\u00fchle in Birgel nicht vorbei. Ganz bequem online ein Hotelzimmer oder eine Fachwerk-Hotelsuite in der Historischen Wasserm\u00fchle buchen. Bitte benutzen Sie hierf\u00fcr unser Buchungsformular und w\u00e4hlen Sie den gew\u00fcnschten Zeitraum, [&hellip;]\" \/>\n<meta property=\"og:url\" content=\"https:\/\/www.muehlebirgel.de\/en\/booking\/\" \/>\n<meta property=\"og:site_name\" content=\"Historische Wasserm\u00fchle Birgel\" \/>\n<meta property=\"article:modified_time\" content=\"2026-03-31T09:12:24+00:00\" \/>\n<meta property=\"og:image\" content=\"https:\/\/www.muehlebirgel.de\/wp-content\/uploads\/2009\/12\/45.jpg\" \/>\n\t<meta property=\"og:image:width\" content=\"300\" \/>\n\t<meta property=\"og:image:height\" content=\"200\" \/>\n\t<meta property=\"og:image:type\" content=\"image\/jpeg\" \/>\n<meta name=\"twitter:card\" content=\"summary_large_image\" \/>\n<meta name=\"twitter:label1\" content=\"Est. reading time\" \/>\n\t<meta name=\"twitter:data1\" content=\"1 minute\" \/>\n<script type=\"application\/ld+json\" class=\"yoast-schema-graph\">{\"@context\":\"https:\/\/schema.org\",\"@graph\":[{\"@type\":\"WebPage\",\"@id\":\"https:\/\/www.muehlebirgel.de\/en\/booking\",\"url\":\"https:\/\/www.muehlebirgel.de\/en\/booking\",\"name\":\"Book vacation in the Eifel online - Historische Wasserm\u00fchle Birgel\",\"isPartOf\":{\"@id\":\"https:\/\/www.muehlebirgel.de\/en\/#website\"},\"primaryImageOfPage\":{\"@id\":\"https:\/\/www.muehlebirgel.de\/en\/booking#primaryimage\"},\"image\":{\"@id\":\"https:\/\/www.muehlebirgel.de\/en\/booking#primaryimage\"},\"thumbnailUrl\":\"https:\/\/www.muehlebirgel.de\/wp-content\/uploads\/2009\/12\/45.jpg\",\"datePublished\":\"2021-12-10T15:06:18+00:00\",\"dateModified\":\"2026-03-31T09:12:24+00:00\",\"breadcrumb\":{\"@id\":\"https:\/\/www.muehlebirgel.de\/en\/booking#breadcrumb\"},\"inLanguage\":\"en-US\",\"potentialAction\":[{\"@type\":\"ReadAction\",\"target\":[\"https:\/\/www.muehlebirgel.de\/en\/booking\"]}]},{\"@type\":\"ImageObject\",\"inLanguage\":\"en-US\",\"@id\":\"https:\/\/www.muehlebirgel.de\/en\/booking#primaryimage\",\"url\":\"https:\/\/www.muehlebirgel.de\/wp-content\/uploads\/2009\/12\/45.jpg\",\"contentUrl\":\"https:\/\/www.muehlebirgel.de\/wp-content\/uploads\/2009\/12\/45.jpg\"},{\"@type\":\"BreadcrumbList\",\"@id\":\"https:\/\/www.muehlebirgel.de\/en\/booking#breadcrumb\",\"itemListElement\":[{\"@type\":\"ListItem\",\"position\":1,\"name\":\"Startseite\",\"item\":\"https:\/\/www.muehlebirgel.de\/en\"},{\"@type\":\"ListItem\",\"position\":2,\"name\":\"Accommodation in the Eifel &#8211; book a vacation in the Volcanic Eifel\",\"item\":\"https:\/\/www.muehlebirgel.de\/en\/overnight-stays-in-the-eifel\"},{\"@type\":\"ListItem\",\"position\":3,\"name\":\"Book vacation in the Eifel online\"}]},{\"@type\":\"WebSite\",\"@id\":\"https:\/\/www.muehlebirgel.de\/en\/#website\",\"url\":\"https:\/\/www.muehlebirgel.de\/en\/\",\"name\":\"Historische Wasserm\u00fchle Birgel\",\"description\":\"Willkommen im M\u00fchlen-Erlebniszentrum\",\"potentialAction\":[{\"@type\":\"SearchAction\",\"target\":{\"@type\":\"EntryPoint\",\"urlTemplate\":\"https:\/\/www.muehlebirgel.de\/en\/?s={search_term_string}\"},\"query-input\":{\"@type\":\"PropertyValueSpecification\",\"valueRequired\":true,\"valueName\":\"search_term_string\"}}],\"inLanguage\":\"en-US\"}]}<\/script>\n<!-- \/ Yoast SEO plugin. -->","yoast_head_json":{"title":"Book vacation in the Eifel online - Historische Wasserm\u00fchle Birgel","robots":{"index":"index","follow":"follow","max-snippet":"max-snippet:-1","max-image-preview":"max-image-preview:large","max-video-preview":"max-video-preview:-1"},"canonical":"https:\/\/www.muehlebirgel.de\/en\/booking","og_locale":"en_US","og_type":"article","og_title":"Book vacation in the Eifel online - Historische Wasserm\u00fchle Birgel","og_description":"[vc_row][vc_column][vc_column_text] Hotelzimmer &amp; -Suiten in der Vulkaneifel direkt online buchen [\/vc_column_text][\/vc_column][vc_column width=&#8221;1\/2&#8243;][vc_column_text] Wer einen romantischen Urlaub in der Eifel buchen m\u00f6chte, kommt an der Historischen Wasserm\u00fchle in Birgel nicht vorbei. Ganz bequem online ein Hotelzimmer oder eine Fachwerk-Hotelsuite in der Historischen Wasserm\u00fchle buchen. Bitte benutzen Sie hierf\u00fcr unser Buchungsformular und w\u00e4hlen Sie den gew\u00fcnschten Zeitraum, [&hellip;]","og_url":"https:\/\/www.muehlebirgel.de\/en\/booking\/","og_site_name":"Historische Wasserm\u00fchle Birgel","article_modified_time":"2026-03-31T09:12:24+00:00","og_image":[{"width":300,"height":200,"url":"https:\/\/www.muehlebirgel.de\/wp-content\/uploads\/2009\/12\/45.jpg","type":"image\/jpeg"}],"twitter_card":"summary_large_image","twitter_misc":{"Est. reading time":"1 minute"},"schema":{"@context":"https:\/\/schema.org","@graph":[{"@type":"WebPage","@id":"https:\/\/www.muehlebirgel.de\/en\/booking","url":"https:\/\/www.muehlebirgel.de\/en\/booking","name":"Book vacation in the Eifel online - Historische Wasserm\u00fchle Birgel","isPartOf":{"@id":"https:\/\/www.muehlebirgel.de\/en\/#website"},"primaryImageOfPage":{"@id":"https:\/\/www.muehlebirgel.de\/en\/booking#primaryimage"},"image":{"@id":"https:\/\/www.muehlebirgel.de\/en\/booking#primaryimage"},"thumbnailUrl":"https:\/\/www.muehlebirgel.de\/wp-content\/uploads\/2009\/12\/45.jpg","datePublished":"2021-12-10T15:06:18+00:00","dateModified":"2026-03-31T09:12:24+00:00","breadcrumb":{"@id":"https:\/\/www.muehlebirgel.de\/en\/booking#breadcrumb"},"inLanguage":"en-US","potentialAction":[{"@type":"ReadAction","target":["https:\/\/www.muehlebirgel.de\/en\/booking"]}]},{"@type":"ImageObject","inLanguage":"en-US","@id":"https:\/\/www.muehlebirgel.de\/en\/booking#primaryimage","url":"https:\/\/www.muehlebirgel.de\/wp-content\/uploads\/2009\/12\/45.jpg","contentUrl":"https:\/\/www.muehlebirgel.de\/wp-content\/uploads\/2009\/12\/45.jpg"},{"@type":"BreadcrumbList","@id":"https:\/\/www.muehlebirgel.de\/en\/booking#breadcrumb","itemListElement":[{"@type":"ListItem","position":1,"name":"Startseite","item":"https:\/\/www.muehlebirgel.de\/en"},{"@type":"ListItem","position":2,"name":"Accommodation in the Eifel &#8211; book a vacation in the Volcanic Eifel","item":"https:\/\/www.muehlebirgel.de\/en\/overnight-stays-in-the-eifel"},{"@type":"ListItem","position":3,"name":"Book vacation in the Eifel online"}]},{"@type":"WebSite","@id":"https:\/\/www.muehlebirgel.de\/en\/#website","url":"https:\/\/www.muehlebirgel.de\/en\/","name":"Historische Wasserm\u00fchle Birgel","description":"Willkommen im M\u00fchlen-Erlebniszentrum","potentialAction":[{"@type":"SearchAction","target":{"@type":"EntryPoint","urlTemplate":"https:\/\/www.muehlebirgel.de\/en\/?s={search_term_string}"},"query-input":{"@type":"PropertyValueSpecification","valueRequired":true,"valueName":"search_term_string"}}],"inLanguage":"en-US"}]}},"_links":{"self":[{"href":"https:\/\/www.muehlebirgel.de\/en\/wp-json\/wp\/v2\/pages\/10054","targetHints":{"allow":["GET"]}}],"collection":[{"href":"https:\/\/www.muehlebirgel.de\/en\/wp-json\/wp\/v2\/pages"}],"about":[{"href":"https:\/\/www.muehlebirgel.de\/en\/wp-json\/wp\/v2\/types\/page"}],"author":[{"embeddable":true,"href":"https:\/\/www.muehlebirgel.de\/en\/wp-json\/wp\/v2\/users\/1"}],"replies":[{"embeddable":true,"href":"https:\/\/www.muehlebirgel.de\/en\/wp-json\/wp\/v2\/comments?post=10054"}],"version-history":[{"count":26,"href":"https:\/\/www.muehlebirgel.de\/en\/wp-json\/wp\/v2\/pages\/10054\/revisions"}],"predecessor-version":[{"id":64026,"href":"https:\/\/www.muehlebirgel.de\/en\/wp-json\/wp\/v2\/pages\/10054\/revisions\/64026"}],"up":[{"embeddable":true,"href":"https:\/\/www.muehlebirgel.de\/en\/wp-json\/wp\/v2\/pages\/25860"}],"wp:attachment":[{"href":"https:\/\/www.muehlebirgel.de\/en\/wp-json\/wp\/v2\/media?parent=10054"}],"curies":[{"name":"wp","href":"https:\/\/api.w.org\/{rel}","templated":true}]}}