{"id":13428,"date":"2022-09-30T09:03:46","date_gmt":"2022-09-30T08:03:46","guid":{"rendered":"https:\/\/www.muehlebirgel.de\/dates-and-events-in-the-historic-water-mill\/mill-active-program\/"},"modified":"2025-01-31T22:25:41","modified_gmt":"2025-01-31T21:25:41","slug":"mill-active-program","status":"publish","type":"page","link":"https:\/\/www.muehlebirgel.de\/en\/mill-active-program\/","title":{"rendered":"Mill activity program for the whole family"},"content":{"rendered":"\n<h2 class=\"wp-block-heading\">Great adventure program every Thursday during the school vacations<\/h2>\n\n<h3 class=\"wp-block-heading\">We invite you and your whole family to our active mill program during the Easter, summer, autumn and winter vacations.<\/h3>\n\n<div class=\"wp-block-spacer\" style=\"height: 20px;\" aria-hidden=\"true\">\u00a0<\/div>\n<p>\n\nDas M\u00fchlen-Aktiv-Programm beinhaltet das Mitwirken beim \u201eBrotbacken\u201c und setzt keine Grenzen bei der Kreation von \u201eSelber Senf machen\u201c. Das Herstellen des eigenen M\u00fcslis macht besonders Spa\u00df. Die F\u00fchrungen durch die historischen M\u00fchlen begeistern Jung und Alt.\n\n<div class=\"wp-block-columns is-layout-flex wp-container-core-columns-is-layout-28f84493 wp-block-columns-is-layout-flex\">\n<div class=\"wp-block-column is-layout-flow wp-block-column-is-layout-flow\">\n<figure class=\"wp-block-image size-full\"><img fetchpriority=\"high\" decoding=\"async\" width=\"300\" height=\"225\" src=\"https:\/\/www.muehlebirgel.de\/wp-content\/uploads\/IMG_6419-2.jpg\" alt=\"\" class=\"wp-image-38432\" srcset=\"https:\/\/www.muehlebirgel.de\/wp-content\/uploads\/IMG_6419-2.jpg 300w, https:\/\/www.muehlebirgel.de\/wp-content\/uploads\/IMG_6419-2-150x113.jpg 150w\" sizes=\"(max-width: 300px) 100vw, 300px\" \/><\/figure>\n<\/div>\n\n\n\n<div class=\"wp-block-column is-layout-flow wp-block-column-is-layout-flow\">\n<figure class=\"wp-block-image size-full\"><img decoding=\"async\" width=\"300\" height=\"225\" src=\"https:\/\/www.muehlebirgel.de\/wp-content\/uploads\/IMG_6514.jpg\" alt=\"\" class=\"wp-image-38399\" srcset=\"https:\/\/www.muehlebirgel.de\/wp-content\/uploads\/IMG_6514.jpg 300w, https:\/\/www.muehlebirgel.de\/wp-content\/uploads\/IMG_6514-150x113.jpg 150w\" sizes=\"(max-width: 300px) 100vw, 300px\" \/><\/figure>\n<\/div>\n\n\n\n<div class=\"wp-block-column is-layout-flow wp-block-column-is-layout-flow\">\n<figure class=\"wp-block-image size-full\"><img decoding=\"async\" width=\"300\" height=\"225\" src=\"https:\/\/www.muehlebirgel.de\/wp-content\/uploads\/IMG_6427-2.jpg\" alt=\"\" class=\"wp-image-38443\" srcset=\"https:\/\/www.muehlebirgel.de\/wp-content\/uploads\/IMG_6427-2.jpg 300w, https:\/\/www.muehlebirgel.de\/wp-content\/uploads\/IMG_6427-2-150x113.jpg 150w\" sizes=\"(max-width: 300px) 100vw, 300px\" \/><\/figure>\n<\/div>\n\n\n\n<div class=\"wp-block-column is-layout-flow wp-block-column-is-layout-flow\">\n<figure class=\"wp-block-image size-full\"><img loading=\"lazy\" decoding=\"async\" width=\"300\" height=\"225\" src=\"https:\/\/www.muehlebirgel.de\/wp-content\/uploads\/IMG_6504.jpg\" alt=\"\" class=\"wp-image-38388\" srcset=\"https:\/\/www.muehlebirgel.de\/wp-content\/uploads\/IMG_6504.jpg 300w, https:\/\/www.muehlebirgel.de\/wp-content\/uploads\/IMG_6504-150x113.jpg 150w\" sizes=\"(max-width: 300px) 100vw, 300px\" \/><\/figure>\n<\/div>\n<\/div>\n\n<div class=\"wp-block-columns is-layout-flex wp-container-core-columns-is-layout-28f84493 wp-block-columns-is-layout-flex\">\n<div class=\"wp-block-column is-layout-flow wp-block-column-is-layout-flow\">\n<h2 class=\"wp-block-heading\">Dates &amp; Prices 2025<\/h2>\n\n\n\n<p><strong>Date: From 2025, this event will no longer take place every Thursday during the vacations, but only on request.<br\/><\/strong> Bread baking, mustard making, muesli making and mill tours<\/p>\n\n\n\n<p><strong>Start<\/strong>: 11.00 a.m. &#8211; End: 1.15 p.m.<\/p>\n\n\n\n<p><strong>Children<\/strong>: 23,50 \u20ac<\/p>\n\n\n\n<p><strong>Adults<\/strong>: price for the mill tour + 1 program: 23,50 \u20ac per person<\/p>\n\n\n\n<p>Each additional program: 11,50 \u20ac per person<\/p>\n\n\n\n<p><strong>Family ticket<\/strong>: 50,50 \u20ac(Family = 2 adults with children up to 14 years) Family price incl. Bringing 1 x bread, 1x mustard and 1x cereal per child<\/p>\n\n\n\n<p>Please note that we can accept registrations on the day of the event <strong>until 9:30 a.m. at the latest<\/strong>.<\/p>\n<\/div>\n<\/div>\n\n<p><strong>We look forward to your registration under Tel.: 06597\/92820 or via our <a href=\"https:\/\/www.muehlebirgel.de\/en\/contact\/\">contact form<\/a>!<\/strong><\/p>\n","protected":false},"excerpt":{"rendered":"<p>Great adventure program every Thursday during the school vacations We invite you and your whole family to our active mill program during the Easter, summer, autumn and winter vacations. Das M\u00fchlen-Aktiv-Programm beinhaltet das Mitwirken beim \u201eBrotbacken\u201c und setzt keine Grenzen bei der Kreation von \u201eSelber Senf machen\u201c. Das Herstellen des eigenen M\u00fcslis macht besonders Spa\u00df. [&hellip;]<\/p>\n","protected":false},"author":5,"featured_media":0,"parent":9662,"menu_order":0,"comment_status":"closed","ping_status":"closed","template":"","meta":{"footnotes":""},"categories":[],"class_list":["post-13428","page","type-page","status-publish","hentry"],"yoast_head":"<!-- This site is optimized with the Yoast SEO plugin v27.4 - https:\/\/yoast.com\/product\/yoast-seo-wordpress\/ -->\n<title>Mill activity program for the whole family - Historische Wasserm\u00fchle Birgel<\/title>\n<meta name=\"robots\" content=\"noindex, follow, max-snippet:-1, max-image-preview:large, max-video-preview:-1\" \/>\n<meta property=\"og:locale\" content=\"en_US\" \/>\n<meta property=\"og:type\" content=\"article\" \/>\n<meta property=\"og:title\" content=\"Mill activity program for the whole family - Historische Wasserm\u00fchle Birgel\" \/>\n<meta property=\"og:description\" content=\"Great adventure program every Thursday during the school vacations We invite you and your whole family to our active mill program during the Easter, summer, autumn and winter vacations. Das M\u00fchlen-Aktiv-Programm beinhaltet das Mitwirken beim \u201eBrotbacken\u201c und setzt keine Grenzen bei der Kreation von \u201eSelber Senf machen\u201c. Das Herstellen des eigenen M\u00fcslis macht besonders Spa\u00df. [&hellip;]\" \/>\n<meta property=\"og:url\" content=\"https:\/\/www.muehlebirgel.de\/en\/mill-active-program\/\" \/>\n<meta property=\"og:site_name\" content=\"Historische Wasserm\u00fchle Birgel\" \/>\n<meta property=\"article:modified_time\" content=\"2025-01-31T21:25:41+00:00\" \/>\n<meta property=\"og:image\" content=\"https:\/\/www.muehlebirgel.de\/wp-content\/uploads\/IMG_6419-2.jpg\" \/>\n<meta name=\"twitter:card\" content=\"summary_large_image\" \/>\n<meta name=\"twitter:label1\" content=\"Est. reading time\" \/>\n\t<meta name=\"twitter:data1\" content=\"1 minute\" \/>\n<script type=\"application\/ld+json\" class=\"yoast-schema-graph\">{\"@context\":\"https:\\\/\\\/schema.org\",\"@graph\":[{\"@type\":\"WebPage\",\"@id\":\"https:\\\/\\\/www.muehlebirgel.de\\\/en\\\/mill-active-program\\\/\",\"url\":\"https:\\\/\\\/www.muehlebirgel.de\\\/en\\\/mill-active-program\\\/\",\"name\":\"Mill activity program for the whole family - Historische Wasserm\u00fchle Birgel\",\"isPartOf\":{\"@id\":\"https:\\\/\\\/www.muehlebirgel.de\\\/en\\\/#website\"},\"primaryImageOfPage\":{\"@id\":\"https:\\\/\\\/www.muehlebirgel.de\\\/en\\\/mill-active-program\\\/#primaryimage\"},\"image\":{\"@id\":\"https:\\\/\\\/www.muehlebirgel.de\\\/en\\\/mill-active-program\\\/#primaryimage\"},\"thumbnailUrl\":\"https:\\\/\\\/www.muehlebirgel.de\\\/wp-content\\\/uploads\\\/IMG_6419-2.jpg\",\"datePublished\":\"2022-09-30T08:03:46+00:00\",\"dateModified\":\"2025-01-31T21:25:41+00:00\",\"breadcrumb\":{\"@id\":\"https:\\\/\\\/www.muehlebirgel.de\\\/en\\\/mill-active-program\\\/#breadcrumb\"},\"inLanguage\":\"en-US\",\"potentialAction\":[{\"@type\":\"ReadAction\",\"target\":[\"https:\\\/\\\/www.muehlebirgel.de\\\/en\\\/mill-active-program\\\/\"]}]},{\"@type\":\"ImageObject\",\"inLanguage\":\"en-US\",\"@id\":\"https:\\\/\\\/www.muehlebirgel.de\\\/en\\\/mill-active-program\\\/#primaryimage\",\"url\":\"https:\\\/\\\/www.muehlebirgel.de\\\/wp-content\\\/uploads\\\/IMG_6419-2.jpg\",\"contentUrl\":\"https:\\\/\\\/www.muehlebirgel.de\\\/wp-content\\\/uploads\\\/IMG_6419-2.jpg\"},{\"@type\":\"BreadcrumbList\",\"@id\":\"https:\\\/\\\/www.muehlebirgel.de\\\/en\\\/mill-active-program\\\/#breadcrumb\",\"itemListElement\":[{\"@type\":\"ListItem\",\"position\":1,\"name\":\"Startseite\",\"item\":\"https:\\\/\\\/www.muehlebirgel.de\\\/en\\\/\"},{\"@type\":\"ListItem\",\"position\":2,\"name\":\"Dates and events in the historic watermill\",\"item\":\"https:\\\/\\\/www.muehlebirgel.de\\\/en\\\/termine-events\\\/\"},{\"@type\":\"ListItem\",\"position\":3,\"name\":\"Mill activity program for the whole family\"}]},{\"@type\":\"WebSite\",\"@id\":\"https:\\\/\\\/www.muehlebirgel.de\\\/en\\\/#website\",\"url\":\"https:\\\/\\\/www.muehlebirgel.de\\\/en\\\/\",\"name\":\"Historische Wasserm\u00fchle Birgel\",\"description\":\"Willkommen im M\u00fchlen-Erlebniszentrum\",\"publisher\":{\"@id\":\"https:\\\/\\\/www.muehlebirgel.de\\\/en\\\/#organization\"},\"potentialAction\":[{\"@type\":\"SearchAction\",\"target\":{\"@type\":\"EntryPoint\",\"urlTemplate\":\"https:\\\/\\\/www.muehlebirgel.de\\\/en\\\/?s={search_term_string}\"},\"query-input\":{\"@type\":\"PropertyValueSpecification\",\"valueRequired\":true,\"valueName\":\"search_term_string\"}}],\"inLanguage\":\"en-US\"},{\"@type\":\"Organization\",\"@id\":\"https:\\\/\\\/www.muehlebirgel.de\\\/en\\\/#organization\",\"name\":\"Historische Wasserm\u00fchle Birgel\",\"url\":\"https:\\\/\\\/www.muehlebirgel.de\\\/en\\\/\",\"logo\":{\"@type\":\"ImageObject\",\"inLanguage\":\"en-US\",\"@id\":\"https:\\\/\\\/www.muehlebirgel.de\\\/en\\\/#\\\/schema\\\/logo\\\/image\\\/\",\"url\":\"https:\\\/\\\/www.muehlebirgel.de\\\/wp-content\\\/uploads\\\/logo-muehle-schwarz.webp\",\"contentUrl\":\"https:\\\/\\\/www.muehlebirgel.de\\\/wp-content\\\/uploads\\\/logo-muehle-schwarz.webp\",\"width\":2140,\"height\":1803,\"caption\":\"Historische Wasserm\u00fchle Birgel\"},\"image\":{\"@id\":\"https:\\\/\\\/www.muehlebirgel.de\\\/en\\\/#\\\/schema\\\/logo\\\/image\\\/\"}}]}<\/script>\n<!-- \/ Yoast SEO plugin. -->","yoast_head_json":{"title":"Mill activity program for the whole family - Historische Wasserm\u00fchle Birgel","robots":{"index":"noindex","follow":"follow","max-snippet":"max-snippet:-1","max-image-preview":"max-image-preview:large","max-video-preview":"max-video-preview:-1"},"og_locale":"en_US","og_type":"article","og_title":"Mill activity program for the whole family - Historische Wasserm\u00fchle Birgel","og_description":"Great adventure program every Thursday during the school vacations We invite you and your whole family to our active mill program during the Easter, summer, autumn and winter vacations. Das M\u00fchlen-Aktiv-Programm beinhaltet das Mitwirken beim \u201eBrotbacken\u201c und setzt keine Grenzen bei der Kreation von \u201eSelber Senf machen\u201c. Das Herstellen des eigenen M\u00fcslis macht besonders Spa\u00df. [&hellip;]","og_url":"https:\/\/www.muehlebirgel.de\/en\/mill-active-program\/","og_site_name":"Historische Wasserm\u00fchle Birgel","article_modified_time":"2025-01-31T21:25:41+00:00","og_image":[{"url":"https:\/\/www.muehlebirgel.de\/wp-content\/uploads\/IMG_6419-2.jpg","type":"","width":"","height":""}],"twitter_card":"summary_large_image","twitter_misc":{"Est. reading time":"1 minute"},"schema":{"@context":"https:\/\/schema.org","@graph":[{"@type":"WebPage","@id":"https:\/\/www.muehlebirgel.de\/en\/mill-active-program\/","url":"https:\/\/www.muehlebirgel.de\/en\/mill-active-program\/","name":"Mill activity program for the whole family - Historische Wasserm\u00fchle Birgel","isPartOf":{"@id":"https:\/\/www.muehlebirgel.de\/en\/#website"},"primaryImageOfPage":{"@id":"https:\/\/www.muehlebirgel.de\/en\/mill-active-program\/#primaryimage"},"image":{"@id":"https:\/\/www.muehlebirgel.de\/en\/mill-active-program\/#primaryimage"},"thumbnailUrl":"https:\/\/www.muehlebirgel.de\/wp-content\/uploads\/IMG_6419-2.jpg","datePublished":"2022-09-30T08:03:46+00:00","dateModified":"2025-01-31T21:25:41+00:00","breadcrumb":{"@id":"https:\/\/www.muehlebirgel.de\/en\/mill-active-program\/#breadcrumb"},"inLanguage":"en-US","potentialAction":[{"@type":"ReadAction","target":["https:\/\/www.muehlebirgel.de\/en\/mill-active-program\/"]}]},{"@type":"ImageObject","inLanguage":"en-US","@id":"https:\/\/www.muehlebirgel.de\/en\/mill-active-program\/#primaryimage","url":"https:\/\/www.muehlebirgel.de\/wp-content\/uploads\/IMG_6419-2.jpg","contentUrl":"https:\/\/www.muehlebirgel.de\/wp-content\/uploads\/IMG_6419-2.jpg"},{"@type":"BreadcrumbList","@id":"https:\/\/www.muehlebirgel.de\/en\/mill-active-program\/#breadcrumb","itemListElement":[{"@type":"ListItem","position":1,"name":"Startseite","item":"https:\/\/www.muehlebirgel.de\/en\/"},{"@type":"ListItem","position":2,"name":"Dates and events in the historic watermill","item":"https:\/\/www.muehlebirgel.de\/en\/termine-events\/"},{"@type":"ListItem","position":3,"name":"Mill activity program for the whole family"}]},{"@type":"WebSite","@id":"https:\/\/www.muehlebirgel.de\/en\/#website","url":"https:\/\/www.muehlebirgel.de\/en\/","name":"Historische Wasserm\u00fchle Birgel","description":"Willkommen im M\u00fchlen-Erlebniszentrum","publisher":{"@id":"https:\/\/www.muehlebirgel.de\/en\/#organization"},"potentialAction":[{"@type":"SearchAction","target":{"@type":"EntryPoint","urlTemplate":"https:\/\/www.muehlebirgel.de\/en\/?s={search_term_string}"},"query-input":{"@type":"PropertyValueSpecification","valueRequired":true,"valueName":"search_term_string"}}],"inLanguage":"en-US"},{"@type":"Organization","@id":"https:\/\/www.muehlebirgel.de\/en\/#organization","name":"Historische Wasserm\u00fchle Birgel","url":"https:\/\/www.muehlebirgel.de\/en\/","logo":{"@type":"ImageObject","inLanguage":"en-US","@id":"https:\/\/www.muehlebirgel.de\/en\/#\/schema\/logo\/image\/","url":"https:\/\/www.muehlebirgel.de\/wp-content\/uploads\/logo-muehle-schwarz.webp","contentUrl":"https:\/\/www.muehlebirgel.de\/wp-content\/uploads\/logo-muehle-schwarz.webp","width":2140,"height":1803,"caption":"Historische Wasserm\u00fchle Birgel"},"image":{"@id":"https:\/\/www.muehlebirgel.de\/en\/#\/schema\/logo\/image\/"}}]}},"_links":{"self":[{"href":"https:\/\/www.muehlebirgel.de\/en\/wp-json\/wp\/v2\/pages\/13428","targetHints":{"allow":["GET"]}}],"collection":[{"href":"https:\/\/www.muehlebirgel.de\/en\/wp-json\/wp\/v2\/pages"}],"about":[{"href":"https:\/\/www.muehlebirgel.de\/en\/wp-json\/wp\/v2\/types\/page"}],"author":[{"embeddable":true,"href":"https:\/\/www.muehlebirgel.de\/en\/wp-json\/wp\/v2\/users\/5"}],"replies":[{"embeddable":true,"href":"https:\/\/www.muehlebirgel.de\/en\/wp-json\/wp\/v2\/comments?post=13428"}],"version-history":[{"count":21,"href":"https:\/\/www.muehlebirgel.de\/en\/wp-json\/wp\/v2\/pages\/13428\/revisions"}],"predecessor-version":[{"id":49311,"href":"https:\/\/www.muehlebirgel.de\/en\/wp-json\/wp\/v2\/pages\/13428\/revisions\/49311"}],"up":[{"embeddable":true,"href":"https:\/\/www.muehlebirgel.de\/en\/wp-json\/wp\/v2\/pages\/9662"}],"wp:attachment":[{"href":"https:\/\/www.muehlebirgel.de\/en\/wp-json\/wp\/v2\/media?parent=13428"}],"wp:term":[{"taxonomy":"category","embeddable":true,"href":"https:\/\/www.muehlebirgel.de\/en\/wp-json\/wp\/v2\/categories?post=13428"}],"curies":[{"name":"wp","href":"https:\/\/api.w.org\/{rel}","templated":true}]}}