{"id":14111,"date":"2022-10-17T12:27:28","date_gmt":"2022-10-17T11:27:28","guid":{"rendered":"https:\/\/www.muehlebirgel.de\/the-termline-of-the-historical-millboard\/"},"modified":"2023-10-18T08:04:16","modified_gmt":"2023-10-18T07:04:16","slug":"the-terms-of-the-koel-flour-board","status":"publish","type":"page","link":"https:\/\/www.muehlebirgel.de\/en\/the-termline-of-the-historical-millboard","title":{"rendered":"The dates of the Cologne mill table"},"content":{"rendered":"<h2>K\u00f6lsche M\u00fchlentafel de Luxe &#8211; <a href=\"https:\/\/www.muehlebirgel.de\/termine-events\">here are<\/a> the current dates.<\/h2>\n","protected":false},"excerpt":{"rendered":"<p>K\u00f6lsche M\u00fchlentafel de Luxe &#8211; here are the current dates.<\/p>\n","protected":false},"author":1,"featured_media":0,"parent":0,"menu_order":29,"comment_status":"closed","ping_status":"closed","template":"","meta":{"footnotes":""},"class_list":["post-14111","page","type-page","status-publish","hentry"],"yoast_head":"<!-- This site is optimized with the Yoast SEO plugin v27.2 - https:\/\/yoast.com\/product\/yoast-seo-wordpress\/ -->\n<title>The dates of the Cologne mill table - Historische Wasserm\u00fchle Birgel<\/title>\n<meta name=\"robots\" content=\"index, follow, max-snippet:-1, max-image-preview:large, max-video-preview:-1\" \/>\n<link rel=\"canonical\" href=\"https:\/\/www.muehlebirgel.de\/en\/the-termline-of-the-historical-millboard\" \/>\n<meta property=\"og:locale\" content=\"en_US\" \/>\n<meta property=\"og:type\" content=\"article\" \/>\n<meta property=\"og:title\" content=\"The dates of the Cologne mill table - Historische Wasserm\u00fchle Birgel\" \/>\n<meta property=\"og:description\" content=\"K\u00f6lsche M\u00fchlentafel de Luxe &#8211; here are the current dates.\" \/>\n<meta property=\"og:url\" content=\"https:\/\/www.muehlebirgel.de\/en\/the-termline-of-the-historical-millboard\/\" \/>\n<meta property=\"og:site_name\" content=\"Historische Wasserm\u00fchle Birgel\" \/>\n<meta property=\"article:modified_time\" content=\"2023-10-18T07:04:16+00:00\" \/>\n<meta name=\"twitter:card\" content=\"summary_large_image\" \/>\n<script type=\"application\/ld+json\" class=\"yoast-schema-graph\">{\"@context\":\"https:\/\/schema.org\",\"@graph\":[{\"@type\":\"WebPage\",\"@id\":\"https:\/\/www.muehlebirgel.de\/en\/the-termline-of-the-historical-millboard\",\"url\":\"https:\/\/www.muehlebirgel.de\/en\/the-termline-of-the-historical-millboard\",\"name\":\"The dates of the Cologne mill table - Historische Wasserm\u00fchle Birgel\",\"isPartOf\":{\"@id\":\"https:\/\/www.muehlebirgel.de\/en\/#website\"},\"datePublished\":\"2022-10-17T11:27:28+00:00\",\"dateModified\":\"2023-10-18T07:04:16+00:00\",\"breadcrumb\":{\"@id\":\"https:\/\/www.muehlebirgel.de\/en\/the-termline-of-the-historical-millboard#breadcrumb\"},\"inLanguage\":\"en-US\",\"potentialAction\":[{\"@type\":\"ReadAction\",\"target\":[\"https:\/\/www.muehlebirgel.de\/en\/the-termline-of-the-historical-millboard\"]}]},{\"@type\":\"BreadcrumbList\",\"@id\":\"https:\/\/www.muehlebirgel.de\/en\/the-termline-of-the-historical-millboard#breadcrumb\",\"itemListElement\":[{\"@type\":\"ListItem\",\"position\":1,\"name\":\"Startseite\",\"item\":\"https:\/\/www.muehlebirgel.de\/en\"},{\"@type\":\"ListItem\",\"position\":2,\"name\":\"The dates of the Cologne mill table\"}]},{\"@type\":\"WebSite\",\"@id\":\"https:\/\/www.muehlebirgel.de\/en\/#website\",\"url\":\"https:\/\/www.muehlebirgel.de\/en\/\",\"name\":\"Historische Wasserm\u00fchle Birgel\",\"description\":\"Willkommen im M\u00fchlen-Erlebniszentrum\",\"potentialAction\":[{\"@type\":\"SearchAction\",\"target\":{\"@type\":\"EntryPoint\",\"urlTemplate\":\"https:\/\/www.muehlebirgel.de\/en\/?s={search_term_string}\"},\"query-input\":{\"@type\":\"PropertyValueSpecification\",\"valueRequired\":true,\"valueName\":\"search_term_string\"}}],\"inLanguage\":\"en-US\"}]}<\/script>\n<!-- \/ Yoast SEO plugin. -->","yoast_head_json":{"title":"The dates of the Cologne mill table - Historische Wasserm\u00fchle Birgel","robots":{"index":"index","follow":"follow","max-snippet":"max-snippet:-1","max-image-preview":"max-image-preview:large","max-video-preview":"max-video-preview:-1"},"canonical":"https:\/\/www.muehlebirgel.de\/en\/the-termline-of-the-historical-millboard","og_locale":"en_US","og_type":"article","og_title":"The dates of the Cologne mill table - Historische Wasserm\u00fchle Birgel","og_description":"K\u00f6lsche M\u00fchlentafel de Luxe &#8211; here are the current dates.","og_url":"https:\/\/www.muehlebirgel.de\/en\/the-termline-of-the-historical-millboard\/","og_site_name":"Historische Wasserm\u00fchle Birgel","article_modified_time":"2023-10-18T07:04:16+00:00","twitter_card":"summary_large_image","schema":{"@context":"https:\/\/schema.org","@graph":[{"@type":"WebPage","@id":"https:\/\/www.muehlebirgel.de\/en\/the-termline-of-the-historical-millboard","url":"https:\/\/www.muehlebirgel.de\/en\/the-termline-of-the-historical-millboard","name":"The dates of the Cologne mill table - Historische Wasserm\u00fchle Birgel","isPartOf":{"@id":"https:\/\/www.muehlebirgel.de\/en\/#website"},"datePublished":"2022-10-17T11:27:28+00:00","dateModified":"2023-10-18T07:04:16+00:00","breadcrumb":{"@id":"https:\/\/www.muehlebirgel.de\/en\/the-termline-of-the-historical-millboard#breadcrumb"},"inLanguage":"en-US","potentialAction":[{"@type":"ReadAction","target":["https:\/\/www.muehlebirgel.de\/en\/the-termline-of-the-historical-millboard"]}]},{"@type":"BreadcrumbList","@id":"https:\/\/www.muehlebirgel.de\/en\/the-termline-of-the-historical-millboard#breadcrumb","itemListElement":[{"@type":"ListItem","position":1,"name":"Startseite","item":"https:\/\/www.muehlebirgel.de\/en"},{"@type":"ListItem","position":2,"name":"The dates of the Cologne mill table"}]},{"@type":"WebSite","@id":"https:\/\/www.muehlebirgel.de\/en\/#website","url":"https:\/\/www.muehlebirgel.de\/en\/","name":"Historische Wasserm\u00fchle Birgel","description":"Willkommen im M\u00fchlen-Erlebniszentrum","potentialAction":[{"@type":"SearchAction","target":{"@type":"EntryPoint","urlTemplate":"https:\/\/www.muehlebirgel.de\/en\/?s={search_term_string}"},"query-input":{"@type":"PropertyValueSpecification","valueRequired":true,"valueName":"search_term_string"}}],"inLanguage":"en-US"}]}},"_links":{"self":[{"href":"https:\/\/www.muehlebirgel.de\/en\/wp-json\/wp\/v2\/pages\/14111","targetHints":{"allow":["GET"]}}],"collection":[{"href":"https:\/\/www.muehlebirgel.de\/en\/wp-json\/wp\/v2\/pages"}],"about":[{"href":"https:\/\/www.muehlebirgel.de\/en\/wp-json\/wp\/v2\/types\/page"}],"author":[{"embeddable":true,"href":"https:\/\/www.muehlebirgel.de\/en\/wp-json\/wp\/v2\/users\/1"}],"replies":[{"embeddable":true,"href":"https:\/\/www.muehlebirgel.de\/en\/wp-json\/wp\/v2\/comments?post=14111"}],"version-history":[{"count":3,"href":"https:\/\/www.muehlebirgel.de\/en\/wp-json\/wp\/v2\/pages\/14111\/revisions"}],"predecessor-version":[{"id":30569,"href":"https:\/\/www.muehlebirgel.de\/en\/wp-json\/wp\/v2\/pages\/14111\/revisions\/30569"}],"wp:attachment":[{"href":"https:\/\/www.muehlebirgel.de\/en\/wp-json\/wp\/v2\/media?parent=14111"}],"curies":[{"name":"wp","href":"https:\/\/api.w.org\/{rel}","templated":true}]}}