{"id":26211,"date":"2023-04-05T14:11:23","date_gmt":"2023-04-05T13:11:23","guid":{"rendered":"https:\/\/www.muehlebirgel.de\/groups\/"},"modified":"2024-09-16T10:28:06","modified_gmt":"2024-09-16T09:28:06","slug":"groups","status":"publish","type":"page","link":"https:\/\/www.muehlebirgel.de\/en\/groups","title":{"rendered":"Group activities &amp; events in the Eifel"},"content":{"rendered":"<div class=\"wpb-content-wrapper\"><p>[vc_row][vc_column][vc_column_text]<\/p>\n\n&#13;\n<h2 class=\"wp-block-heading\">Private &amp; professional experiences with a lasting impression<\/h2>\n<p>\n\nOb Erlebnistag, Erlebnisprogramm, Seniorenausflug, Tagungen oder Betriebsausflug &#8211; wir bieten Ihnen eine breite Auswahl an Aktivit\u00e4ten, die sich perfekt f\u00fcr Gruppen eignen. Entdecken Sie gemeinsam mit Freunden, Familie oder Kollegen die faszinierende Welt der historischen Wasserm\u00fchlen und erleben Sie unvergessliche Momente in einer einzigartigen Atmosph\u00e4re. Wir freuen uns darauf, Sie und Ihre Gruppe bei uns begr\u00fc\u00dfen zu d\u00fcrfen!\n\n<div class=\"wp-block-spacer\" aria-hidden=\"true\">\u00a0<\/div>\n<div class=\"wp-block-image\">\n<figure class=\"alignleft size-full\"><img loading=\"lazy\" decoding=\"async\" width=\"300\" height=\"200\" src=\"https:\/\/www.muehlebirgel.de\/wp-content\/uploads\/1722be0d5e2e40229e3849b1c28eb.jpg\" alt=\"\" class=\"wp-image-42724\"\/><\/figure>\n<\/div>\n<h2 class=\"wp-block-heading\">Experience day in the historic water mill<\/h2>\n<p>\n\nErleben Sie einen unvergesslichen Tag in der historischen Wasserm\u00fchle! Entdecken Sie die verschiedenen Handwerke wie Brotbacken, Holzs\u00e4gen und Senfherstellung, genie\u00dfen Sie ein k\u00f6stliches Mittagessen und entspannen Sie bei Kaffee und Kuchen. Buchen Sie jetzt Ihren Erlebnistag f\u00fcr 2024 und erleben Sie die faszinierende Welt der historischen Wasserm\u00fchlen in der Eifel. Preise beginnen ab 10 Personen. Individuelle Erlebnistage k\u00f6nnen ebenfalls gebucht werden.\n<p>\n\n<a href=\"https:\/\/www.muehlebirgel.de\/en\/adventure-day-in-the-eifel\">Mehr erfahren&#8230;<\/a>\n\n<hr class=\"wp-block-separator has-alpha-channel-opacity\"\/>\n<div class=\"wp-block-image\">\n<figure class=\"alignleft size-full\"><a href=\"https:\/\/www.muehlebirgel.de\/en\/adventure-program-in-the-eifel\"><img loading=\"lazy\" decoding=\"async\" width=\"300\" height=\"225\" src=\"https:\/\/www.muehlebirgel.de\/wp-content\/uploads\/2009\/04\/boschi.jpg\" alt=\"Bogenschiessen\" class=\"wp-image-283\"\/><\/a><\/figure>\n<\/div>\n<h2 class=\"wp-block-heading\">Adventure program in the Eifel<\/h2>\n<p>\n\nQuad-Fahren, Bogenschie\u00dfen, Outdoor-Erlebnisse und Wanderungen sind nur einige unserer Aktivit\u00e4ten. Wir bieten auch Back- und Senfkurse sowie verschiedene Veranstaltungen wie das M\u00fchlenspektakel oder Hochzeiten in der M\u00fchle. Entdecken Sie die Vulkaneifel und erleben Sie spannende Abenteuer mit uns. Buchungen und weitere Informationen finden Sie auf der Unterseite.\n<p>\n\n<a href=\"https:\/\/www.muehlebirgel.de\/en\/adventure-program-in-the-eifel\">Mehr erfahren&#8230;<\/a>\n\n<p><\/p>\n\n<hr class=\"wp-block-separator has-alpha-channel-opacity\"\/>\n<div class=\"wp-block-image\">\n<figure class=\"alignleft size-full\"><a href=\"https:\/\/www.muehlebirgel.de\/en\/seniors-trip-to-the-eifel\"><img loading=\"lazy\" decoding=\"async\" width=\"300\" height=\"200\" src=\"https:\/\/www.muehlebirgel.de\/wp-content\/uploads\/2022\/09\/saegewerk300200.jpg\" alt=\"\" class=\"wp-image-11924\"\/><\/a><\/figure>\n<\/div>\n<h2 class=\"wp-block-heading\">Seniors trip to the Eifel<\/h2>\n<p>\n\nDie Historische Wasserm\u00fchle in Birgel ist das perfekte Ausflugsziel f\u00fcr Senioren! Hier k\u00f6nnen sie die alten funktionierenden M\u00fchlen bestaunen und in der Senfm\u00fchle die Sch\u00e4rfe des Senfs testen. F\u00fcr das leibliche Wohl ist gesorgt: Ein 3-Gang-Men\u00fc und Kuchen aus der M\u00fchlenk\u00fcche werden serviert. Im M\u00fchlenl\u00e4dchen k\u00f6nnen Produkte aus eigener Herstellung wie Senf und Lik\u00f6re erworben werden. Der Ausflug in die Eifel wird unvergesslich. Kontaktieren Sie uns gerne f\u00fcr weitere Informationen und Buchungen.\n<p>\n\n<a href=\"https:\/\/www.muehlebirgel.de\/en\/seniors-trip-to-the-eifel\">Mehr erfahren&#8230;<\/a>\n\n<hr class=\"wp-block-separator has-alpha-channel-opacity\"\/>\n<div class=\"wp-block-image\">\n<figure class=\"alignleft size-full\"><img loading=\"lazy\" decoding=\"async\" width=\"300\" height=\"200\" src=\"https:\/\/www.muehlebirgel.de\/wp-content\/uploads\/2009\/04\/ferienhaeuser.jpg\" alt=\"\" class=\"wp-image-123\"\/><\/figure>\n<\/div>\n<h2 class=\"wp-block-heading\">Conferences and seminars in the Eifel<\/h2>\n<p>Getting up-to-date information and experiencing content in the tension field of ancient walls and oak beams makes seminar events in the watermill a special and lingering experience for both organizers and participants.<\/p>\n<p><!-- \/wp:post-content --><\/p>\n<p><!-- wp:paragraph --><a href=\"https:\/\/www.muehlebirgel.de\/en\/conference-hotel-eifel\">Learn more&#8230;<\/a><\/p>\n<p><!-- \/wp:paragraph --><\/p>\n<p><!-- wp:separator --><\/p>\n<hr class=\"wp-block-separator has-alpha-channel-opacity\"><!-- \/wp:separator --><\/p>\n<p><!-- wp:image {\"align\":\"left\",\"id\":120,\"sizeSlug\":\"full\",\"linkDestination\":\"custom\"} --><\/p>\n<figure class=\"wp-block-image alignleft size-full\"><img loading=\"lazy\" decoding=\"async\" class=\"alignnone wp-image-42791 size-full\" src=\"https:\/\/www.muehlebirgel.de\/wp-content\/uploads\/gruppenfuehrung-300-200.jpg\" alt=\"\" width=\"300\" height=\"200\"><\/figure>\n<p><!-- \/wp:image --><\/p>\n<p><!-- wp:heading --><\/p>\n<h2>Company outing to the Eifel<\/h2>\n<p><!-- \/wp:heading --><\/p>\n<p><!-- wp:paragraph -->The Historic Water Mill in Birgel offers an unforgettable company outing to the Eifel with a variety of activities such as guided tours of the mill grounds, homemade bread and mustard in the mustard mill and schnapps distilling in the distillery. A mill activity program for adults with group games to make their own products such as cereal granola, wooden discs or oil presses offers team building like it was 100 years ago. Overnight accommodations at the conference hotel are also available.<\/p>\n<p><!-- \/wp:paragraph --><\/p>\n<p><!-- wp:paragraph --><a href=\"https:\/\/www.muehlebirgel.de\/en\/company-outing-to-the-eifel\">Learn more&#8230;<\/a><\/p>\n<p><!-- \/wp:paragraph --><\/p>\n<\/p>\n<p>[\/vc_column_text][\/vc_column][\/vc_row]<\/p>\n<\/div>","protected":false},"excerpt":{"rendered":"<p>[vc_row][vc_column][vc_column_text] &#13; Private &amp; professional experiences with a lasting impression Ob Erlebnistag, Erlebnisprogramm, Seniorenausflug, Tagungen oder Betriebsausflug &#8211; wir bieten Ihnen eine breite Auswahl an Aktivit\u00e4ten, die sich perfekt f\u00fcr Gruppen eignen. Entdecken Sie gemeinsam mit Freunden, Familie oder Kollegen die faszinierende Welt der historischen Wasserm\u00fchlen und erleben Sie unvergessliche Momente in einer einzigartigen Atmosph\u00e4re. [&hellip;]<\/p>\n","protected":false},"author":5,"featured_media":0,"parent":0,"menu_order":0,"comment_status":"closed","ping_status":"closed","template":"","meta":{"footnotes":""},"class_list":["post-26211","page","type-page","status-publish","hentry"],"yoast_head":"<!-- This site is optimized with the Yoast SEO plugin v27.2 - https:\/\/yoast.com\/product\/yoast-seo-wordpress\/ -->\n<title>Group activities &amp; events in the Eifel - Historische Wasserm\u00fchle Birgel<\/title>\n<meta name=\"robots\" content=\"index, follow, max-snippet:-1, max-image-preview:large, max-video-preview:-1\" \/>\n<link rel=\"canonical\" href=\"https:\/\/www.muehlebirgel.de\/en\/groups\" \/>\n<meta property=\"og:locale\" content=\"en_US\" \/>\n<meta property=\"og:type\" content=\"article\" \/>\n<meta property=\"og:title\" content=\"Group activities &amp; events in the Eifel - Historische Wasserm\u00fchle Birgel\" \/>\n<meta property=\"og:description\" content=\"[vc_row][vc_column][vc_column_text] &#013; Private &amp; professional experiences with a lasting impression Ob Erlebnistag, Erlebnisprogramm, Seniorenausflug, Tagungen oder Betriebsausflug &#8211; wir bieten Ihnen eine breite Auswahl an Aktivit\u00e4ten, die sich perfekt f\u00fcr Gruppen eignen. Entdecken Sie gemeinsam mit Freunden, Familie oder Kollegen die faszinierende Welt der historischen Wasserm\u00fchlen und erleben Sie unvergessliche Momente in einer einzigartigen Atmosph\u00e4re. [&hellip;]\" \/>\n<meta property=\"og:url\" content=\"https:\/\/www.muehlebirgel.de\/en\/groups\/\" \/>\n<meta property=\"og:site_name\" content=\"Historische Wasserm\u00fchle Birgel\" \/>\n<meta property=\"article:modified_time\" content=\"2024-09-16T09:28:06+00:00\" \/>\n<meta property=\"og:image\" content=\"https:\/\/www.muehlebirgel.de\/wp-content\/uploads\/1722be0d5e2e40229e3849b1c28eb.jpg\" \/>\n<meta name=\"twitter:card\" content=\"summary_large_image\" \/>\n<meta name=\"twitter:label1\" content=\"Est. reading time\" \/>\n\t<meta name=\"twitter:data1\" content=\"2 minutes\" \/>\n<script type=\"application\/ld+json\" class=\"yoast-schema-graph\">{\"@context\":\"https:\/\/schema.org\",\"@graph\":[{\"@type\":\"WebPage\",\"@id\":\"https:\/\/www.muehlebirgel.de\/en\/groups\",\"url\":\"https:\/\/www.muehlebirgel.de\/en\/groups\",\"name\":\"Group activities &amp; events in the Eifel - Historische Wasserm\u00fchle Birgel\",\"isPartOf\":{\"@id\":\"https:\/\/www.muehlebirgel.de\/en\/#website\"},\"primaryImageOfPage\":{\"@id\":\"https:\/\/www.muehlebirgel.de\/en\/groups#primaryimage\"},\"image\":{\"@id\":\"https:\/\/www.muehlebirgel.de\/en\/groups#primaryimage\"},\"thumbnailUrl\":\"https:\/\/www.muehlebirgel.de\/wp-content\/uploads\/1722be0d5e2e40229e3849b1c28eb.jpg\",\"datePublished\":\"2023-04-05T13:11:23+00:00\",\"dateModified\":\"2024-09-16T09:28:06+00:00\",\"breadcrumb\":{\"@id\":\"https:\/\/www.muehlebirgel.de\/en\/groups#breadcrumb\"},\"inLanguage\":\"en-US\",\"potentialAction\":[{\"@type\":\"ReadAction\",\"target\":[\"https:\/\/www.muehlebirgel.de\/en\/groups\"]}]},{\"@type\":\"ImageObject\",\"inLanguage\":\"en-US\",\"@id\":\"https:\/\/www.muehlebirgel.de\/en\/groups#primaryimage\",\"url\":\"https:\/\/www.muehlebirgel.de\/wp-content\/uploads\/1722be0d5e2e40229e3849b1c28eb.jpg\",\"contentUrl\":\"https:\/\/www.muehlebirgel.de\/wp-content\/uploads\/1722be0d5e2e40229e3849b1c28eb.jpg\"},{\"@type\":\"BreadcrumbList\",\"@id\":\"https:\/\/www.muehlebirgel.de\/en\/groups#breadcrumb\",\"itemListElement\":[{\"@type\":\"ListItem\",\"position\":1,\"name\":\"Startseite\",\"item\":\"https:\/\/www.muehlebirgel.de\/en\"},{\"@type\":\"ListItem\",\"position\":2,\"name\":\"Group activities &amp; events in the Eifel\"}]},{\"@type\":\"WebSite\",\"@id\":\"https:\/\/www.muehlebirgel.de\/en\/#website\",\"url\":\"https:\/\/www.muehlebirgel.de\/en\/\",\"name\":\"Historische Wasserm\u00fchle Birgel\",\"description\":\"Willkommen im M\u00fchlen-Erlebniszentrum\",\"potentialAction\":[{\"@type\":\"SearchAction\",\"target\":{\"@type\":\"EntryPoint\",\"urlTemplate\":\"https:\/\/www.muehlebirgel.de\/en\/?s={search_term_string}\"},\"query-input\":{\"@type\":\"PropertyValueSpecification\",\"valueRequired\":true,\"valueName\":\"search_term_string\"}}],\"inLanguage\":\"en-US\"}]}<\/script>\n<!-- \/ Yoast SEO plugin. -->","yoast_head_json":{"title":"Group activities &amp; events in the Eifel - Historische Wasserm\u00fchle Birgel","robots":{"index":"index","follow":"follow","max-snippet":"max-snippet:-1","max-image-preview":"max-image-preview:large","max-video-preview":"max-video-preview:-1"},"canonical":"https:\/\/www.muehlebirgel.de\/en\/groups","og_locale":"en_US","og_type":"article","og_title":"Group activities &amp; events in the Eifel - Historische Wasserm\u00fchle Birgel","og_description":"[vc_row][vc_column][vc_column_text] &#13; Private &amp; professional experiences with a lasting impression Ob Erlebnistag, Erlebnisprogramm, Seniorenausflug, Tagungen oder Betriebsausflug &#8211; wir bieten Ihnen eine breite Auswahl an Aktivit\u00e4ten, die sich perfekt f\u00fcr Gruppen eignen. Entdecken Sie gemeinsam mit Freunden, Familie oder Kollegen die faszinierende Welt der historischen Wasserm\u00fchlen und erleben Sie unvergessliche Momente in einer einzigartigen Atmosph\u00e4re. [&hellip;]","og_url":"https:\/\/www.muehlebirgel.de\/en\/groups\/","og_site_name":"Historische Wasserm\u00fchle Birgel","article_modified_time":"2024-09-16T09:28:06+00:00","og_image":[{"url":"https:\/\/www.muehlebirgel.de\/wp-content\/uploads\/1722be0d5e2e40229e3849b1c28eb.jpg","type":"","width":"","height":""}],"twitter_card":"summary_large_image","twitter_misc":{"Est. reading time":"2 minutes"},"schema":{"@context":"https:\/\/schema.org","@graph":[{"@type":"WebPage","@id":"https:\/\/www.muehlebirgel.de\/en\/groups","url":"https:\/\/www.muehlebirgel.de\/en\/groups","name":"Group activities &amp; events in the Eifel - Historische Wasserm\u00fchle Birgel","isPartOf":{"@id":"https:\/\/www.muehlebirgel.de\/en\/#website"},"primaryImageOfPage":{"@id":"https:\/\/www.muehlebirgel.de\/en\/groups#primaryimage"},"image":{"@id":"https:\/\/www.muehlebirgel.de\/en\/groups#primaryimage"},"thumbnailUrl":"https:\/\/www.muehlebirgel.de\/wp-content\/uploads\/1722be0d5e2e40229e3849b1c28eb.jpg","datePublished":"2023-04-05T13:11:23+00:00","dateModified":"2024-09-16T09:28:06+00:00","breadcrumb":{"@id":"https:\/\/www.muehlebirgel.de\/en\/groups#breadcrumb"},"inLanguage":"en-US","potentialAction":[{"@type":"ReadAction","target":["https:\/\/www.muehlebirgel.de\/en\/groups"]}]},{"@type":"ImageObject","inLanguage":"en-US","@id":"https:\/\/www.muehlebirgel.de\/en\/groups#primaryimage","url":"https:\/\/www.muehlebirgel.de\/wp-content\/uploads\/1722be0d5e2e40229e3849b1c28eb.jpg","contentUrl":"https:\/\/www.muehlebirgel.de\/wp-content\/uploads\/1722be0d5e2e40229e3849b1c28eb.jpg"},{"@type":"BreadcrumbList","@id":"https:\/\/www.muehlebirgel.de\/en\/groups#breadcrumb","itemListElement":[{"@type":"ListItem","position":1,"name":"Startseite","item":"https:\/\/www.muehlebirgel.de\/en"},{"@type":"ListItem","position":2,"name":"Group activities &amp; events in the Eifel"}]},{"@type":"WebSite","@id":"https:\/\/www.muehlebirgel.de\/en\/#website","url":"https:\/\/www.muehlebirgel.de\/en\/","name":"Historische Wasserm\u00fchle Birgel","description":"Willkommen im M\u00fchlen-Erlebniszentrum","potentialAction":[{"@type":"SearchAction","target":{"@type":"EntryPoint","urlTemplate":"https:\/\/www.muehlebirgel.de\/en\/?s={search_term_string}"},"query-input":{"@type":"PropertyValueSpecification","valueRequired":true,"valueName":"search_term_string"}}],"inLanguage":"en-US"}]}},"_links":{"self":[{"href":"https:\/\/www.muehlebirgel.de\/en\/wp-json\/wp\/v2\/pages\/26211","targetHints":{"allow":["GET"]}}],"collection":[{"href":"https:\/\/www.muehlebirgel.de\/en\/wp-json\/wp\/v2\/pages"}],"about":[{"href":"https:\/\/www.muehlebirgel.de\/en\/wp-json\/wp\/v2\/types\/page"}],"author":[{"embeddable":true,"href":"https:\/\/www.muehlebirgel.de\/en\/wp-json\/wp\/v2\/users\/5"}],"replies":[{"embeddable":true,"href":"https:\/\/www.muehlebirgel.de\/en\/wp-json\/wp\/v2\/comments?post=26211"}],"version-history":[{"count":11,"href":"https:\/\/www.muehlebirgel.de\/en\/wp-json\/wp\/v2\/pages\/26211\/revisions"}],"predecessor-version":[{"id":42813,"href":"https:\/\/www.muehlebirgel.de\/en\/wp-json\/wp\/v2\/pages\/26211\/revisions\/42813"}],"wp:attachment":[{"href":"https:\/\/www.muehlebirgel.de\/en\/wp-json\/wp\/v2\/media?parent=26211"}],"curies":[{"name":"wp","href":"https:\/\/api.w.org\/{rel}","templated":true}]}}