{"id":63384,"date":"2026-02-19T12:11:57","date_gmt":"2026-02-19T11:11:57","guid":{"rendered":"https:\/\/www.muehlebirgel.de\/fruehjahrsgewinnspiel\/"},"modified":"2026-02-23T16:13:52","modified_gmt":"2026-02-23T15:13:52","slug":"fruehjahrsgewinnspiel","status":"publish","type":"page","link":"https:\/\/www.muehlebirgel.de\/en\/fruehjahrsgewinnspiel","title":{"rendered":"Spring competition &#8211; book a room &amp; take part in the prize draw"},"content":{"rendered":"\n<div class=\"wp-block-columns is-layout-flex wp-container-core-columns-is-layout-9d6595d7 wp-block-columns-is-layout-flex\">\n<div class=\"wp-block-column is-layout-flow wp-block-column-is-layout-flow\">\n<p>After a long, gray winter, the longing for a place where you can breathe again grows in spring. A place that offers peace and quiet, slows you down and gives you the feeling of having arrived as soon as you arrive. You will find this special place in the <a href=\"https:\/\/www.muehlebirgel.de\/en\/mill\">historic watermill<\/a>.  <\/p>\n\n\n\n<p>To kick off spring, we would like to give you something as a gift: every booking for one to three <a href=\"https:\/\/www.muehlebirgel.de\/en\/overnight-stays-in-the-eifel\">nights<\/a> in the travel period 27.02.-15.03. (departure) made by 26.02.2026 will automatically be entered into our prize draw. The draw will take place on 27.02.2026.  <\/p>\n\n\n\n<p>With a bit of luck, we&#8217;ll cover your entire bill &#8211; regardless of how much your stay costs. The only decisive factor is that your booking is made by 26.02.2026. <\/p>\n\n\n\n<p>So you have the chance to:<br\/>a time-out that does you good.<br\/>a win that surprises.<br\/>and a mill moment that lasts.<\/p>\n\n\n\n<p><a href=\"https:\/\/www.muehlebirgel.de\/en\/teilnahmebedingungen-fruehjahrsgewinnspiel\" type=\"page\" id=\"63278\">You can find the conditions of participation here<\/a>.<\/p>\n<\/div>\n\n\n\n<div class=\"wp-block-column is-layout-flow wp-block-column-is-layout-flow\">\n<figure class=\"wp-block-embed is-type-video is-provider-youtube wp-block-embed-youtube wp-embed-aspect-9-16 wp-has-aspect-ratio short-video\"><div class=\"wp-block-embed__wrapper\">\n<iframe loading=\"lazy\" title=\"Fr\u00fchjahrs Gewinnspiel - Wir \u00fcbernehmen mit etwas Gl\u00fcck Eure Rechnung!\" width=\"563\" height=\"1000\" src=\"https:\/\/www.youtube.com\/embed\/7L7ykuafKik?feature=oembed\" frameborder=\"0\" allow=\"accelerometer; autoplay; clipboard-write; encrypted-media; gyroscope; picture-in-picture; web-share\" referrerpolicy=\"strict-origin-when-cross-origin\" allowfullscreen><\/iframe>\n<\/div><figcaption class=\"wp-element-caption\">Erwin&#8217;s competition video message<\/figcaption><\/figure>\n<\/div>\n<\/div>\n\n<h2 class=\"wp-block-heading\">Book now &amp; take part!<\/h2>\n\n<div class=\"wp-block-columns is-layout-flex wp-container-core-columns-is-layout-9d6595d7 wp-block-columns-is-layout-flex\">\n<div class=\"wp-block-column is-layout-flow wp-block-column-is-layout-flow\">\n<h3 class=\"wp-block-heading\">Hotel room \/ apartment<\/h3>\n\n\n\n\n<div id=\"d21-quickbook\"> <\/div>\n<p><script src=\"https:\/\/js-sdk.dirs21.de\/c2da0318-8f93-4130-ba70-634ea898bc20\" type=\"text\/javascript\" async=\"async\"><\/script><br\/><\/p><\/p>\n<\/div>\n\n\n\n<div class=\"wp-block-column is-layout-flow wp-block-column-is-layout-flow\">\n<h3 class=\"wp-block-heading\">Romantic cuddle arrangement<\/h3>\n\n\n\n<div class=\"wp-block-columns is-layout-flex wp-container-core-columns-is-layout-9d6595d7 wp-block-columns-is-layout-flex\">\n<div class=\"wp-block-column is-layout-flow wp-block-column-is-layout-flow\">\n<figure class=\"wp-block-image size-large is-resized\"><a href=\"https:\/\/www.muehlebirgel.de\/kuschel-romantik-wochenende-in-der-eifel\"><img loading=\"lazy\" decoding=\"async\" width=\"1024\" height=\"684\" src=\"https:\/\/www.muehlebirgel.de\/wp-content\/uploads\/keeping-the-romance-alive-e1715169194476-1024x684.jpg\" alt=\"Cuddly romance\" class=\"wp-image-38815\" style=\"width:300px\" srcset=\"https:\/\/www.muehlebirgel.de\/wp-content\/uploads\/keeping-the-romance-alive-e1715169194476-1024x684.jpg 1024w, https:\/\/www.muehlebirgel.de\/wp-content\/uploads\/keeping-the-romance-alive-e1715169194476-768x513.jpg 768w, https:\/\/www.muehlebirgel.de\/wp-content\/uploads\/keeping-the-romance-alive-e1715169194476-640x427.jpg 640w, https:\/\/www.muehlebirgel.de\/wp-content\/uploads\/keeping-the-romance-alive-e1715169194476-400x267.jpg 400w\" sizes=\"auto, (max-width: 1024px) 100vw, 1024px\" \/><\/a><\/figure>\n<\/div>\n<\/div>\n\n\n\n<div class=\"wp-block-buttons is-layout-flex wp-block-buttons-is-layout-flex\">\n<div class=\"wp-block-button\"><a class=\"wp-block-button__link wp-element-button\">To the romantic cuddle arrangement<\/a><\/div>\n<\/div>\n<\/div>\n<\/div>\n\n<h2 class=\"wp-block-heading\">Special requests or queries<\/h2>\n\n<div class=\"wp-block-columns is-layout-flex wp-container-core-columns-is-layout-9d6595d7 wp-block-columns-is-layout-flex\">\n<div class=\"wp-block-column is-layout-flow wp-block-column-is-layout-flow\">\n<p>For bookings with special requests, please fill out our contact form or contact us as follows:<\/p>\n\n\n\n<p>Phone: +49 6597 92820<br\/>Fax: +49 6597 9282-149 or<br\/>E-mail: <a href=\"mailto:info@muehlebirgel.de\">info@muehlebirgel.de<\/a><\/p>\n\n\n\n<figure class=\"wp-block-image\"><img loading=\"lazy\" decoding=\"async\" width=\"300\" height=\"200\" src=\"https:\/\/www.muehlebirgel.de\/wp-content\/uploads\/2009\/12\/45.jpg\" alt=\"\" class=\"wp-image-306\"\/><\/figure>\n\n\n\n<p><strong>We are looking forward to your message!<\/strong><\/p>\n<\/div>\n\n\n\n<div class=\"wp-block-column is-layout-flow wp-block-column-is-layout-flow\">\n<div class=\"wpcf7 no-js\" id=\"wpcf7-f10804-o1\" lang=\"en-US\" dir=\"ltr\" data-wpcf7-id=\"10804\">\n<div class=\"screen-reader-response\"><p role=\"status\" aria-live=\"polite\" aria-atomic=\"true\"><\/p> <ul><\/ul><\/div>\n<form action=\"\/en\/wp-json\/wp\/v2\/pages\/63384#wpcf7-f10804-o1\" method=\"post\" class=\"wpcf7-form init\" aria-label=\"Contact form\" novalidate=\"novalidate\" data-status=\"init\">\n<fieldset class=\"hidden-fields-container\"><input type=\"hidden\" name=\"_wpcf7\" value=\"10804\" \/><input type=\"hidden\" name=\"_wpcf7_version\" value=\"6.1.5\" \/><input type=\"hidden\" name=\"_wpcf7_locale\" value=\"en_US\" \/><input type=\"hidden\" name=\"_wpcf7_unit_tag\" value=\"wpcf7-f10804-o1\" \/><input type=\"hidden\" name=\"_wpcf7_container_post\" value=\"0\" \/><input type=\"hidden\" name=\"_wpcf7_posted_data_hash\" value=\"\" \/><input type=\"hidden\" name=\"_wpcf7_recaptcha_response\" value=\"\" \/>\n<\/fieldset>\n<label> Your name (*)\n    <span class=\"wpcf7-form-control-wrap\" data-name=\"your-name\"><input size=\"40\" maxlength=\"400\" class=\"wpcf7-form-control wpcf7-text wpcf7-validates-as-required\" aria-required=\"true\" aria-invalid=\"false\" value=\"\" type=\"text\" name=\"your-name\" \/><\/span> <\/label>\n\n<label> E-mail address (*)\n    <span class=\"wpcf7-form-control-wrap\" data-name=\"your-email\"><input size=\"40\" maxlength=\"400\" class=\"wpcf7-form-control wpcf7-email wpcf7-validates-as-required wpcf7-text wpcf7-validates-as-email\" aria-required=\"true\" aria-invalid=\"false\" value=\"\" type=\"email\" name=\"your-email\" \/><\/span> <\/label>\n\n<label>  Telephone (*)\n<span class=\"wpcf7-form-control-wrap\" data-name=\"tel-telefon\"><input size=\"40\" maxlength=\"400\" class=\"wpcf7-form-control wpcf7-tel wpcf7-validates-as-required wpcf7-text wpcf7-validates-as-tel\" aria-required=\"true\" aria-invalid=\"false\" value=\"\" type=\"tel\" name=\"tel-telefon\" \/><\/span>\n<\/label>\n\n<label>  Subject\n <span class=\"wpcf7-form-control-wrap\" data-name=\"menu-322\"><select class=\"wpcf7-form-control wpcf7-select wpcf7-validates-as-required\" aria-required=\"true\" aria-invalid=\"false\" name=\"menu-322\"><option value=\"General inquiry\">General inquiry<\/option><option value=\"Booking inquiry\">Booking inquiry<\/option><option value=\"Table reservation\">Table reservation<\/option><option value=\"Midnight feast\">Midnight feast<\/option><option value=\"Wedding inquiry\">Wedding inquiry<\/option><option value=\"Conference inquiry\">Conference inquiry<\/option><option value=\"Baking and mustard course\">Baking and mustard course<\/option><option value=\"Historic mill table\">Historic mill table<\/option><option value=\"Last-minute offers\">Last-minute offers<\/option><\/select><\/span> <\/label>\n\n<label>  Your message (*)\n    <span class=\"wpcf7-form-control-wrap\" data-name=\"your-message\"><textarea cols=\"40\" rows=\"10\" maxlength=\"2000\" class=\"wpcf7-form-control wpcf7-textarea wpcf7-validates-as-required\" aria-required=\"true\" aria-invalid=\"false\" name=\"your-message\"><\/textarea><\/span> <\/label>\n\n\n<button data-service=\"google-recaptcha\" data-category=\"marketing\" class=\"cmplz-blocked-content-container cmplz-blocked-content-notice cmplz-accept-service cmplz-accept-marketing cmplz-wpforms\" style=\"text-align: left; cursor: pointer;margin-top:20px;background-color:transparent;border:none;color: var(--nv-primary-accent);font-weight: 500;font-size: 16px;text-wrap:wrap;box-shadow:none;\">  Please accept the reCaptcha cookies by clicking on this text so that you can submit the form.\n<\/button>\n\n\n<input class=\"wpcf7-form-control wpcf7-submit has-spinner\" type=\"submit\" value=\"Send\" \/><div class=\"wpcf7-response-output\" aria-hidden=\"true\"><\/div>\n<\/form>\n<\/div>\n\n<\/div>\n<\/div>\n","protected":false},"excerpt":{"rendered":"<p>After a long, gray winter, the longing for a place where you can breathe again grows in spring. A place that offers peace and quiet, slows you down and gives you the feeling of having arrived as soon as you arrive. You will find this special place in the historic watermill. To kick off spring, [&hellip;]<\/p>\n","protected":false},"author":5,"featured_media":0,"parent":0,"menu_order":0,"comment_status":"closed","ping_status":"closed","template":"","meta":{"footnotes":""},"class_list":["post-63384","page","type-page","status-publish","hentry"],"yoast_head":"<!-- This site is optimized with the Yoast SEO plugin v27.2 - https:\/\/yoast.com\/product\/yoast-seo-wordpress\/ -->\n<title>Spring competition - book a room &amp; take part in the prize draw - Historische Wasserm\u00fchle Birgel<\/title>\n<meta name=\"robots\" content=\"index, follow, max-snippet:-1, max-image-preview:large, max-video-preview:-1\" \/>\n<link rel=\"canonical\" href=\"https:\/\/www.muehlebirgel.de\/en\/fruehjahrsgewinnspiel\" \/>\n<meta property=\"og:locale\" content=\"en_US\" \/>\n<meta property=\"og:type\" content=\"article\" \/>\n<meta property=\"og:title\" content=\"Spring competition - book a room &amp; take part in the prize draw - Historische Wasserm\u00fchle Birgel\" \/>\n<meta property=\"og:description\" content=\"After a long, gray winter, the longing for a place where you can breathe again grows in spring. A place that offers peace and quiet, slows you down and gives you the feeling of having arrived as soon as you arrive. You will find this special place in the historic watermill. To kick off spring, [&hellip;]\" \/>\n<meta property=\"og:url\" content=\"https:\/\/www.muehlebirgel.de\/en\/fruehjahrsgewinnspiel\/\" \/>\n<meta property=\"og:site_name\" content=\"Historische Wasserm\u00fchle Birgel\" \/>\n<meta property=\"article:modified_time\" content=\"2026-02-23T15:13:52+00:00\" \/>\n<meta property=\"og:image\" content=\"https:\/\/www.muehlebirgel.de\/wp-content\/uploads\/keeping-the-romance-alive-e1715169194476.jpg\" \/>\n\t<meta property=\"og:image:width\" content=\"1333\" \/>\n\t<meta property=\"og:image:height\" content=\"890\" \/>\n\t<meta property=\"og:image:type\" content=\"image\/jpeg\" \/>\n<meta name=\"twitter:card\" content=\"summary_large_image\" \/>\n<meta name=\"twitter:label1\" content=\"Est. reading time\" \/>\n\t<meta name=\"twitter:data1\" content=\"1 minute\" \/>\n<script type=\"application\/ld+json\" class=\"yoast-schema-graph\">{\"@context\":\"https:\/\/schema.org\",\"@graph\":[{\"@type\":\"WebPage\",\"@id\":\"https:\/\/www.muehlebirgel.de\/en\/fruehjahrsgewinnspiel\",\"url\":\"https:\/\/www.muehlebirgel.de\/en\/fruehjahrsgewinnspiel\",\"name\":\"Spring competition - book a room &amp; take part in the prize draw - Historische Wasserm\u00fchle Birgel\",\"isPartOf\":{\"@id\":\"https:\/\/www.muehlebirgel.de\/en\/#website\"},\"primaryImageOfPage\":{\"@id\":\"https:\/\/www.muehlebirgel.de\/en\/fruehjahrsgewinnspiel#primaryimage\"},\"image\":{\"@id\":\"https:\/\/www.muehlebirgel.de\/en\/fruehjahrsgewinnspiel#primaryimage\"},\"thumbnailUrl\":\"https:\/\/www.muehlebirgel.de\/wp-content\/uploads\/keeping-the-romance-alive-e1715169194476-1024x684.jpg\",\"datePublished\":\"2026-02-19T11:11:57+00:00\",\"dateModified\":\"2026-02-23T15:13:52+00:00\",\"breadcrumb\":{\"@id\":\"https:\/\/www.muehlebirgel.de\/en\/fruehjahrsgewinnspiel#breadcrumb\"},\"inLanguage\":\"en-US\",\"potentialAction\":[{\"@type\":\"ReadAction\",\"target\":[\"https:\/\/www.muehlebirgel.de\/en\/fruehjahrsgewinnspiel\"]}]},{\"@type\":\"ImageObject\",\"inLanguage\":\"en-US\",\"@id\":\"https:\/\/www.muehlebirgel.de\/en\/fruehjahrsgewinnspiel#primaryimage\",\"url\":\"https:\/\/www.muehlebirgel.de\/wp-content\/uploads\/keeping-the-romance-alive-e1715169194476-1024x684.jpg\",\"contentUrl\":\"https:\/\/www.muehlebirgel.de\/wp-content\/uploads\/keeping-the-romance-alive-e1715169194476-1024x684.jpg\"},{\"@type\":\"BreadcrumbList\",\"@id\":\"https:\/\/www.muehlebirgel.de\/en\/fruehjahrsgewinnspiel#breadcrumb\",\"itemListElement\":[{\"@type\":\"ListItem\",\"position\":1,\"name\":\"Startseite\",\"item\":\"https:\/\/www.muehlebirgel.de\/en\"},{\"@type\":\"ListItem\",\"position\":2,\"name\":\"Spring competition &#8211; book a room &amp; take part in the prize draw\"}]},{\"@type\":\"WebSite\",\"@id\":\"https:\/\/www.muehlebirgel.de\/en\/#website\",\"url\":\"https:\/\/www.muehlebirgel.de\/en\/\",\"name\":\"Historische Wasserm\u00fchle Birgel\",\"description\":\"Willkommen im M\u00fchlen-Erlebniszentrum\",\"potentialAction\":[{\"@type\":\"SearchAction\",\"target\":{\"@type\":\"EntryPoint\",\"urlTemplate\":\"https:\/\/www.muehlebirgel.de\/en\/?s={search_term_string}\"},\"query-input\":{\"@type\":\"PropertyValueSpecification\",\"valueRequired\":true,\"valueName\":\"search_term_string\"}}],\"inLanguage\":\"en-US\"}]}<\/script>\n<!-- \/ Yoast SEO plugin. -->","yoast_head_json":{"title":"Spring competition - book a room &amp; take part in the prize draw - Historische Wasserm\u00fchle Birgel","robots":{"index":"index","follow":"follow","max-snippet":"max-snippet:-1","max-image-preview":"max-image-preview:large","max-video-preview":"max-video-preview:-1"},"canonical":"https:\/\/www.muehlebirgel.de\/en\/fruehjahrsgewinnspiel","og_locale":"en_US","og_type":"article","og_title":"Spring competition - book a room &amp; take part in the prize draw - Historische Wasserm\u00fchle Birgel","og_description":"After a long, gray winter, the longing for a place where you can breathe again grows in spring. A place that offers peace and quiet, slows you down and gives you the feeling of having arrived as soon as you arrive. You will find this special place in the historic watermill. To kick off spring, [&hellip;]","og_url":"https:\/\/www.muehlebirgel.de\/en\/fruehjahrsgewinnspiel\/","og_site_name":"Historische Wasserm\u00fchle Birgel","article_modified_time":"2026-02-23T15:13:52+00:00","og_image":[{"width":1333,"height":890,"url":"https:\/\/www.muehlebirgel.de\/wp-content\/uploads\/keeping-the-romance-alive-e1715169194476.jpg","type":"image\/jpeg"}],"twitter_card":"summary_large_image","twitter_misc":{"Est. reading time":"1 minute"},"schema":{"@context":"https:\/\/schema.org","@graph":[{"@type":"WebPage","@id":"https:\/\/www.muehlebirgel.de\/en\/fruehjahrsgewinnspiel","url":"https:\/\/www.muehlebirgel.de\/en\/fruehjahrsgewinnspiel","name":"Spring competition - book a room &amp; take part in the prize draw - Historische Wasserm\u00fchle Birgel","isPartOf":{"@id":"https:\/\/www.muehlebirgel.de\/en\/#website"},"primaryImageOfPage":{"@id":"https:\/\/www.muehlebirgel.de\/en\/fruehjahrsgewinnspiel#primaryimage"},"image":{"@id":"https:\/\/www.muehlebirgel.de\/en\/fruehjahrsgewinnspiel#primaryimage"},"thumbnailUrl":"https:\/\/www.muehlebirgel.de\/wp-content\/uploads\/keeping-the-romance-alive-e1715169194476-1024x684.jpg","datePublished":"2026-02-19T11:11:57+00:00","dateModified":"2026-02-23T15:13:52+00:00","breadcrumb":{"@id":"https:\/\/www.muehlebirgel.de\/en\/fruehjahrsgewinnspiel#breadcrumb"},"inLanguage":"en-US","potentialAction":[{"@type":"ReadAction","target":["https:\/\/www.muehlebirgel.de\/en\/fruehjahrsgewinnspiel"]}]},{"@type":"ImageObject","inLanguage":"en-US","@id":"https:\/\/www.muehlebirgel.de\/en\/fruehjahrsgewinnspiel#primaryimage","url":"https:\/\/www.muehlebirgel.de\/wp-content\/uploads\/keeping-the-romance-alive-e1715169194476-1024x684.jpg","contentUrl":"https:\/\/www.muehlebirgel.de\/wp-content\/uploads\/keeping-the-romance-alive-e1715169194476-1024x684.jpg"},{"@type":"BreadcrumbList","@id":"https:\/\/www.muehlebirgel.de\/en\/fruehjahrsgewinnspiel#breadcrumb","itemListElement":[{"@type":"ListItem","position":1,"name":"Startseite","item":"https:\/\/www.muehlebirgel.de\/en"},{"@type":"ListItem","position":2,"name":"Spring competition &#8211; book a room &amp; take part in the prize draw"}]},{"@type":"WebSite","@id":"https:\/\/www.muehlebirgel.de\/en\/#website","url":"https:\/\/www.muehlebirgel.de\/en\/","name":"Historische Wasserm\u00fchle Birgel","description":"Willkommen im M\u00fchlen-Erlebniszentrum","potentialAction":[{"@type":"SearchAction","target":{"@type":"EntryPoint","urlTemplate":"https:\/\/www.muehlebirgel.de\/en\/?s={search_term_string}"},"query-input":{"@type":"PropertyValueSpecification","valueRequired":true,"valueName":"search_term_string"}}],"inLanguage":"en-US"}]}},"_links":{"self":[{"href":"https:\/\/www.muehlebirgel.de\/en\/wp-json\/wp\/v2\/pages\/63384","targetHints":{"allow":["GET"]}}],"collection":[{"href":"https:\/\/www.muehlebirgel.de\/en\/wp-json\/wp\/v2\/pages"}],"about":[{"href":"https:\/\/www.muehlebirgel.de\/en\/wp-json\/wp\/v2\/types\/page"}],"author":[{"embeddable":true,"href":"https:\/\/www.muehlebirgel.de\/en\/wp-json\/wp\/v2\/users\/5"}],"replies":[{"embeddable":true,"href":"https:\/\/www.muehlebirgel.de\/en\/wp-json\/wp\/v2\/comments?post=63384"}],"version-history":[{"count":24,"href":"https:\/\/www.muehlebirgel.de\/en\/wp-json\/wp\/v2\/pages\/63384\/revisions"}],"predecessor-version":[{"id":63692,"href":"https:\/\/www.muehlebirgel.de\/en\/wp-json\/wp\/v2\/pages\/63384\/revisions\/63692"}],"wp:attachment":[{"href":"https:\/\/www.muehlebirgel.de\/en\/wp-json\/wp\/v2\/media?parent=63384"}],"curies":[{"name":"wp","href":"https:\/\/api.w.org\/{rel}","templated":true}]}}