{"id":67863,"date":"2026-05-07T17:31:26","date_gmt":"2026-05-07T15:31:26","guid":{"rendered":"https:\/\/www.muehlebirgel.de\/tischreservierung\/"},"modified":"2026-05-07T17:31:27","modified_gmt":"2026-05-07T15:31:27","slug":"tischreservierung","status":"publish","type":"page","link":"https:\/\/www.muehlebirgel.de\/en\/tischreservierung\/","title":{"rendered":"Table reservation"},"content":{"rendered":"\t\t<div data-elementor-type=\"wp-page\" data-elementor-id=\"67863\" class=\"elementor elementor-67863 elementor-64908\" data-elementor-post-type=\"page\">\n\t\t\t\t<div class=\"elementor-element elementor-element-a75bf5e e-flex e-con-boxed e-con e-parent\" data-id=\"a75bf5e\" data-element_type=\"container\" data-e-type=\"container\" data-settings=\"{&quot;background_background&quot;:&quot;classic&quot;}\">\n\t\t\t\t\t<div class=\"e-con-inner\">\n\t\t<div class=\"elementor-element elementor-element-7d9dbe2 e-con-full e-flex e-con e-child\" data-id=\"7d9dbe2\" data-element_type=\"container\" data-e-type=\"container\">\n\t\t\t\t<div class=\"elementor-element elementor-element-31bbed5 elementor-widget elementor-widget-breadcrumbs\" data-id=\"31bbed5\" data-element_type=\"widget\" data-e-type=\"widget\" data-widget_type=\"breadcrumbs.default\">\n\t\t\t\t\t<p id=\"breadcrumbs\"><span><span><a href=\"https:\/\/www.muehlebirgel.de\/en\/\">Startseite<\/a><\/span><\/span><\/p>\t\t\t\t<\/div>\n\t\t\t\t<div class=\"elementor-element elementor-element-022f0aa elementor-widget elementor-widget-heading\" data-id=\"022f0aa\" data-element_type=\"widget\" data-e-type=\"widget\" data-widget_type=\"heading.default\">\n\t\t\t\t\t<h1 class=\"elementor-heading-title elementor-size-default\">Table reservation Wirtshaus zum S\u00e4gewerk<\/h1>\t\t\t\t<\/div>\n\t\t\t\t<div class=\"elementor-element elementor-element-22640b6 elementor-widget-divider--view-line elementor-widget elementor-widget-global elementor-global-68290 elementor-global-64223 elementor-widget-divider\" data-id=\"22640b6\" data-element_type=\"widget\" data-e-type=\"widget\" data-widget_type=\"divider.default\">\n\t\t\t\t\t\t\t<div class=\"elementor-divider\">\n\t\t\t<span class=\"elementor-divider-separator\">\n\t\t\t\t\t\t<\/span>\n\t\t<\/div>\n\t\t\t\t\t\t<\/div>\n\t\t\t\t<div class=\"elementor-element elementor-element-1ccf180 elementor-widget elementor-widget-text-editor\" data-id=\"1ccf180\" data-element_type=\"widget\" data-e-type=\"widget\" data-widget_type=\"text-editor.default\">\n\t\t\t\t\t\t\t\t\t<p>Reserve your table here at <strong>the Wirtshaus zum S\u00e4gewerk<\/strong>. Simply select the date, time and number of people &#8211; we look forward to welcoming you to the mill. <\/p><p> <\/p><p><a id=\"133\" href=\"https:\/\/www.muehlebirgel.de\/en\/eifel-restaurant\" type=\"page\">You can find an overview of the opening hours and the menus here.<\/a><\/p><p> <\/p><p><strong>No table available?<\/strong>  Then give us a call, we will be happy to help you. You can reach us at: <\/p><p><a id=\"tel:+49659792820\" href=\"tel:+49659792820\" type=\"tel\">+49 6597 92820<\/a><\/p><p><\/p>\t\t\t\t\t\t\t\t<\/div>\n\t\t\t\t<div class=\"elementor-element elementor-element-bb8c767 elementor-hidden-tablet elementor-hidden-mobile elementor-widget elementor-widget-image\" data-id=\"bb8c767\" data-element_type=\"widget\" data-e-type=\"widget\" data-widget_type=\"image.default\">\n\t\t\t\t\t\t\t\t\t\t\t\t\t\t\t<img fetchpriority=\"high\" decoding=\"async\" width=\"800\" height=\"534\" src=\"https:\/\/www.muehlebirgel.de\/wp-content\/uploads\/Wirtshaus-innen-1-1024x683.webp\" class=\"attachment-large size-large wp-image-57407\" alt=\"\" srcset=\"https:\/\/www.muehlebirgel.de\/wp-content\/uploads\/Wirtshaus-innen-1-1024x683.webp 1024w, https:\/\/www.muehlebirgel.de\/wp-content\/uploads\/Wirtshaus-innen-1-300x200.webp 300w, https:\/\/www.muehlebirgel.de\/wp-content\/uploads\/Wirtshaus-innen-1-768x512.webp 768w, https:\/\/www.muehlebirgel.de\/wp-content\/uploads\/Wirtshaus-innen-1-150x100.webp 150w, https:\/\/www.muehlebirgel.de\/wp-content\/uploads\/Wirtshaus-innen-1-640x427.webp 640w, https:\/\/www.muehlebirgel.de\/wp-content\/uploads\/Wirtshaus-innen-1-400x267.webp 400w, https:\/\/www.muehlebirgel.de\/wp-content\/uploads\/Wirtshaus-innen-1.webp 1500w\" sizes=\"(max-width: 800px) 100vw, 800px\" \/>\t\t\t\t\t\t\t\t\t\t\t\t\t\t\t<\/div>\n\t\t\t\t<\/div>\n\t\t<div class=\"elementor-element elementor-element-78c42d2 e-con-full e-flex e-con e-child\" data-id=\"78c42d2\" data-element_type=\"container\" data-e-type=\"container\">\n\t\t\t\t<div class=\"elementor-element elementor-element-db5358e elementor-widget elementor-widget-html\" data-id=\"db5358e\" data-element_type=\"widget\" data-e-type=\"widget\" data-widget_type=\"html.default\">\n\t\t\t\t\t<iframe id=\"atavolo-web\" style=\"border: 0; overflow: hidden;\" src=\"https:\/\/login.atavolo.com\/web.php?l=8d9fc2308c8f28d2a7d2f6f48801c705&r=1\" name=\"atavolo-web\" width=\"100%\" height=\"614px\" frameborder=\"0\"><\/iframe>\t\t\t\t<\/div>\n\t\t\t\t<\/div>\n\t\t\t\t\t<\/div>\n\t\t\t\t<\/div>\n\t\t\t\t<\/div>\n\t\t","protected":false},"excerpt":{"rendered":"<p>Table reservation Wirtshaus zum S\u00e4gewerk Reserve your table here at the Wirtshaus zum S\u00e4gewerk. Simply select the date, time and number of people &#8211; we look forward to welcoming you to the mill. You can find an overview of the opening hours and the menus here. No table available? Then give us a call, we [&hellip;]<\/p>\n","protected":false},"author":8,"featured_media":0,"parent":0,"menu_order":0,"comment_status":"closed","ping_status":"closed","template":"","meta":{"footnotes":""},"categories":[],"class_list":["post-67863","page","type-page","status-publish","hentry"],"yoast_head":"<!-- This site is optimized with the Yoast SEO plugin v27.4 - https:\/\/yoast.com\/product\/yoast-seo-wordpress\/ -->\n<title>Table reservation Wirtshaus zum S\u00e4gewerk - Birgel Watermill<\/title>\n<meta name=\"description\" content=\"Simply reserve a table for the Wirtshaus zum S\u00e4gewerk at the Historische Wasserm\u00fchle Birgel online.\" \/>\n<meta name=\"robots\" content=\"noindex, follow, max-snippet:-1, max-image-preview:large, max-video-preview:-1\" \/>\n<meta property=\"og:locale\" content=\"en_US\" \/>\n<meta property=\"og:type\" content=\"article\" \/>\n<meta property=\"og:title\" content=\"Table reservation Wirtshaus zum S\u00e4gewerk - Birgel Watermill\" \/>\n<meta property=\"og:description\" content=\"Simply reserve a table for the Wirtshaus zum S\u00e4gewerk at the Historische Wasserm\u00fchle Birgel online.\" \/>\n<meta property=\"og:url\" content=\"https:\/\/www.muehlebirgel.de\/en\/tischreservierung\/\" \/>\n<meta property=\"og:site_name\" content=\"Historische Wasserm\u00fchle Birgel\" \/>\n<meta property=\"article:modified_time\" content=\"2026-05-07T15:31:27+00:00\" \/>\n<meta property=\"og:image\" content=\"https:\/\/www.muehlebirgel.de\/wp-content\/uploads\/Wirtshaus-innen-1-1024x683.webp\" \/>\n<meta name=\"twitter:card\" content=\"summary_large_image\" \/>\n<script type=\"application\/ld+json\" class=\"yoast-schema-graph\">{\"@context\":\"https:\\\/\\\/schema.org\",\"@graph\":[{\"@type\":\"WebPage\",\"@id\":\"https:\\\/\\\/www.muehlebirgel.de\\\/en\\\/tischreservierung\\\/\",\"url\":\"https:\\\/\\\/www.muehlebirgel.de\\\/en\\\/tischreservierung\\\/\",\"name\":\"Table reservation Wirtshaus zum S\u00e4gewerk - Birgel Watermill\",\"isPartOf\":{\"@id\":\"https:\\\/\\\/www.muehlebirgel.de\\\/en\\\/#website\"},\"primaryImageOfPage\":{\"@id\":\"https:\\\/\\\/www.muehlebirgel.de\\\/en\\\/tischreservierung\\\/#primaryimage\"},\"image\":{\"@id\":\"https:\\\/\\\/www.muehlebirgel.de\\\/en\\\/tischreservierung\\\/#primaryimage\"},\"thumbnailUrl\":\"https:\\\/\\\/www.muehlebirgel.de\\\/wp-content\\\/uploads\\\/Wirtshaus-innen-1-1024x683.webp\",\"datePublished\":\"2026-05-07T15:31:26+00:00\",\"dateModified\":\"2026-05-07T15:31:27+00:00\",\"description\":\"Simply reserve a table for the Wirtshaus zum S\u00e4gewerk at the Historische Wasserm\u00fchle Birgel online.\",\"breadcrumb\":{\"@id\":\"https:\\\/\\\/www.muehlebirgel.de\\\/en\\\/tischreservierung\\\/#breadcrumb\"},\"inLanguage\":\"en-US\",\"potentialAction\":[{\"@type\":\"ReadAction\",\"target\":[\"https:\\\/\\\/www.muehlebirgel.de\\\/en\\\/tischreservierung\\\/\"]}]},{\"@type\":\"ImageObject\",\"inLanguage\":\"en-US\",\"@id\":\"https:\\\/\\\/www.muehlebirgel.de\\\/en\\\/tischreservierung\\\/#primaryimage\",\"url\":\"https:\\\/\\\/www.muehlebirgel.de\\\/wp-content\\\/uploads\\\/Wirtshaus-innen-1-1024x683.webp\",\"contentUrl\":\"https:\\\/\\\/www.muehlebirgel.de\\\/wp-content\\\/uploads\\\/Wirtshaus-innen-1-1024x683.webp\"},{\"@type\":\"BreadcrumbList\",\"@id\":\"https:\\\/\\\/www.muehlebirgel.de\\\/en\\\/tischreservierung\\\/#breadcrumb\",\"itemListElement\":[{\"@type\":\"ListItem\",\"position\":1,\"name\":\"Startseite\",\"item\":\"https:\\\/\\\/www.muehlebirgel.de\\\/en\\\/\"},{\"@type\":\"ListItem\",\"position\":2,\"name\":\"Table reservation\"}]},{\"@type\":\"WebSite\",\"@id\":\"https:\\\/\\\/www.muehlebirgel.de\\\/en\\\/#website\",\"url\":\"https:\\\/\\\/www.muehlebirgel.de\\\/en\\\/\",\"name\":\"Historische Wasserm\u00fchle Birgel\",\"description\":\"Willkommen im M\u00fchlen-Erlebniszentrum\",\"publisher\":{\"@id\":\"https:\\\/\\\/www.muehlebirgel.de\\\/en\\\/#organization\"},\"potentialAction\":[{\"@type\":\"SearchAction\",\"target\":{\"@type\":\"EntryPoint\",\"urlTemplate\":\"https:\\\/\\\/www.muehlebirgel.de\\\/en\\\/?s={search_term_string}\"},\"query-input\":{\"@type\":\"PropertyValueSpecification\",\"valueRequired\":true,\"valueName\":\"search_term_string\"}}],\"inLanguage\":\"en-US\"},{\"@type\":\"Organization\",\"@id\":\"https:\\\/\\\/www.muehlebirgel.de\\\/en\\\/#organization\",\"name\":\"Historische Wasserm\u00fchle Birgel\",\"url\":\"https:\\\/\\\/www.muehlebirgel.de\\\/en\\\/\",\"logo\":{\"@type\":\"ImageObject\",\"inLanguage\":\"en-US\",\"@id\":\"https:\\\/\\\/www.muehlebirgel.de\\\/en\\\/#\\\/schema\\\/logo\\\/image\\\/\",\"url\":\"https:\\\/\\\/www.muehlebirgel.de\\\/wp-content\\\/uploads\\\/logo-muehle-schwarz.webp\",\"contentUrl\":\"https:\\\/\\\/www.muehlebirgel.de\\\/wp-content\\\/uploads\\\/logo-muehle-schwarz.webp\",\"width\":2140,\"height\":1803,\"caption\":\"Historische Wasserm\u00fchle Birgel\"},\"image\":{\"@id\":\"https:\\\/\\\/www.muehlebirgel.de\\\/en\\\/#\\\/schema\\\/logo\\\/image\\\/\"}}]}<\/script>\n<!-- \/ Yoast SEO plugin. -->","yoast_head_json":{"title":"Table reservation Wirtshaus zum S\u00e4gewerk - Birgel Watermill","description":"Simply reserve a table for the Wirtshaus zum S\u00e4gewerk at the Historische Wasserm\u00fchle Birgel online.","robots":{"index":"noindex","follow":"follow","max-snippet":"max-snippet:-1","max-image-preview":"max-image-preview:large","max-video-preview":"max-video-preview:-1"},"og_locale":"en_US","og_type":"article","og_title":"Table reservation Wirtshaus zum S\u00e4gewerk - Birgel Watermill","og_description":"Simply reserve a table for the Wirtshaus zum S\u00e4gewerk at the Historische Wasserm\u00fchle Birgel online.","og_url":"https:\/\/www.muehlebirgel.de\/en\/tischreservierung\/","og_site_name":"Historische Wasserm\u00fchle Birgel","article_modified_time":"2026-05-07T15:31:27+00:00","og_image":[{"url":"https:\/\/www.muehlebirgel.de\/wp-content\/uploads\/Wirtshaus-innen-1-1024x683.webp","type":"","width":"","height":""}],"twitter_card":"summary_large_image","schema":{"@context":"https:\/\/schema.org","@graph":[{"@type":"WebPage","@id":"https:\/\/www.muehlebirgel.de\/en\/tischreservierung\/","url":"https:\/\/www.muehlebirgel.de\/en\/tischreservierung\/","name":"Table reservation Wirtshaus zum S\u00e4gewerk - Birgel Watermill","isPartOf":{"@id":"https:\/\/www.muehlebirgel.de\/en\/#website"},"primaryImageOfPage":{"@id":"https:\/\/www.muehlebirgel.de\/en\/tischreservierung\/#primaryimage"},"image":{"@id":"https:\/\/www.muehlebirgel.de\/en\/tischreservierung\/#primaryimage"},"thumbnailUrl":"https:\/\/www.muehlebirgel.de\/wp-content\/uploads\/Wirtshaus-innen-1-1024x683.webp","datePublished":"2026-05-07T15:31:26+00:00","dateModified":"2026-05-07T15:31:27+00:00","description":"Simply reserve a table for the Wirtshaus zum S\u00e4gewerk at the Historische Wasserm\u00fchle Birgel online.","breadcrumb":{"@id":"https:\/\/www.muehlebirgel.de\/en\/tischreservierung\/#breadcrumb"},"inLanguage":"en-US","potentialAction":[{"@type":"ReadAction","target":["https:\/\/www.muehlebirgel.de\/en\/tischreservierung\/"]}]},{"@type":"ImageObject","inLanguage":"en-US","@id":"https:\/\/www.muehlebirgel.de\/en\/tischreservierung\/#primaryimage","url":"https:\/\/www.muehlebirgel.de\/wp-content\/uploads\/Wirtshaus-innen-1-1024x683.webp","contentUrl":"https:\/\/www.muehlebirgel.de\/wp-content\/uploads\/Wirtshaus-innen-1-1024x683.webp"},{"@type":"BreadcrumbList","@id":"https:\/\/www.muehlebirgel.de\/en\/tischreservierung\/#breadcrumb","itemListElement":[{"@type":"ListItem","position":1,"name":"Startseite","item":"https:\/\/www.muehlebirgel.de\/en\/"},{"@type":"ListItem","position":2,"name":"Table reservation"}]},{"@type":"WebSite","@id":"https:\/\/www.muehlebirgel.de\/en\/#website","url":"https:\/\/www.muehlebirgel.de\/en\/","name":"Historische Wasserm\u00fchle Birgel","description":"Willkommen im M\u00fchlen-Erlebniszentrum","publisher":{"@id":"https:\/\/www.muehlebirgel.de\/en\/#organization"},"potentialAction":[{"@type":"SearchAction","target":{"@type":"EntryPoint","urlTemplate":"https:\/\/www.muehlebirgel.de\/en\/?s={search_term_string}"},"query-input":{"@type":"PropertyValueSpecification","valueRequired":true,"valueName":"search_term_string"}}],"inLanguage":"en-US"},{"@type":"Organization","@id":"https:\/\/www.muehlebirgel.de\/en\/#organization","name":"Historische Wasserm\u00fchle Birgel","url":"https:\/\/www.muehlebirgel.de\/en\/","logo":{"@type":"ImageObject","inLanguage":"en-US","@id":"https:\/\/www.muehlebirgel.de\/en\/#\/schema\/logo\/image\/","url":"https:\/\/www.muehlebirgel.de\/wp-content\/uploads\/logo-muehle-schwarz.webp","contentUrl":"https:\/\/www.muehlebirgel.de\/wp-content\/uploads\/logo-muehle-schwarz.webp","width":2140,"height":1803,"caption":"Historische Wasserm\u00fchle Birgel"},"image":{"@id":"https:\/\/www.muehlebirgel.de\/en\/#\/schema\/logo\/image\/"}}]}},"_links":{"self":[{"href":"https:\/\/www.muehlebirgel.de\/en\/wp-json\/wp\/v2\/pages\/67863","targetHints":{"allow":["GET"]}}],"collection":[{"href":"https:\/\/www.muehlebirgel.de\/en\/wp-json\/wp\/v2\/pages"}],"about":[{"href":"https:\/\/www.muehlebirgel.de\/en\/wp-json\/wp\/v2\/types\/page"}],"author":[{"embeddable":true,"href":"https:\/\/www.muehlebirgel.de\/en\/wp-json\/wp\/v2\/users\/8"}],"replies":[{"embeddable":true,"href":"https:\/\/www.muehlebirgel.de\/en\/wp-json\/wp\/v2\/comments?post=67863"}],"version-history":[{"count":1,"href":"https:\/\/www.muehlebirgel.de\/en\/wp-json\/wp\/v2\/pages\/67863\/revisions"}],"predecessor-version":[{"id":67864,"href":"https:\/\/www.muehlebirgel.de\/en\/wp-json\/wp\/v2\/pages\/67863\/revisions\/67864"}],"wp:attachment":[{"href":"https:\/\/www.muehlebirgel.de\/en\/wp-json\/wp\/v2\/media?parent=67863"}],"wp:term":[{"taxonomy":"category","embeddable":true,"href":"https:\/\/www.muehlebirgel.de\/en\/wp-json\/wp\/v2\/categories?post=67863"}],"curies":[{"name":"wp","href":"https:\/\/api.w.org\/{rel}","templated":true}]}}