{"id":9681,"date":"2021-12-10T14:56:48","date_gmt":"2021-12-10T14:56:48","guid":{"rendered":"https:\/\/www.muehlebirgel.de\/how-to-get-to-the-historic-watermill\/"},"modified":"2025-02-01T10:04:46","modified_gmt":"2025-02-01T09:04:46","slug":"the-approach-to-the-historic-water-mill","status":"publish","type":"page","link":"https:\/\/www.muehlebirgel.de\/en\/how-to-get-to-the-historic-watermill","title":{"rendered":"How to get to the historic watermill"},"content":{"rendered":"<div class=\"wpb-content-wrapper\"><p>[vc_row][vc_column][vc_column_text]<strong>Historic water mill Birgel <\/strong><\/p>\n<p>M\u00fchlenstra\u00dfe 1<br \/> D-54587 Birgel\/Vulkaneifel<br \/> Phone 0 65 97 \/ 92 82 &#8211; 0<br \/> Fax 0 65 97 \/ 92 82 &#8211; 149<\/p>\n<p>Directions <a href=\"https:\/\/www.muehlebirgel.de\/wp-content\/uploads\/2009\/04\/Anfahrt_Moulin.pdf\" target=\"_blank\" rel=\"noopener noreferrer\">as PDF<\/a>&gt;&gt; <\/p>\n<hr>\n<p>[\/vc_column_text][vc_gmaps link=&#8221;#E-8_JTNDaWZyYW1lJTIwc3JjJTNEJTIyaHR0cHMlM0ElMkYlMkZ3d3cuZ29vZ2xlLmNvbSUyRm1hcHMlMkZlbWJlZCUzRnBiJTNEJTIxMW0xOCUyMTFtMTIlMjExbTMlMjExZDY0ODE0MC43OTUzNzI2MTE4JTIxMmQ2LjIxNzYyMDY0MzE1MDI3OCUyMTNkNTAuNjEyMjYxODk3MDcxMzklMjEybTMlMjExZjAlMjEyZjAlMjEzZjAlMjEzbTIlMjExaTEwMjQlMjEyaTc2OCUyMTRmMTMuMSUyMTNtMyUyMTFtMiUyMTFzMHg0N2JmYmNiNmJhMGYxYjUzJTI1M0EweGIyNGJhODRkOThiOGFiMzclMjEyc0VpZmVsJTI1MjBIb3RlbCUyNTIwLSUyNTIwSGlzdG9yaXNjaGUlMjUyMFdhc3Nlcm0lMjVDMyUyNUJDaGxlJTI1MjBCaXJnZWwlMjE1ZTAlMjEzbTIlMjExc2RlJTIxMnNkZSUyMTR2MTU3NjUyNzQ0Mjk1MyUyMTVtMiUyMTFzZGUlMjEyc2RlJTIyJTIwd2lkdGglM0QlMjI2MDAlMjIlMjBoZWlnaHQlM0QlMjI0NTAlMjIlMjBmcmFtZWJvcmRlciUzRCUyMjAlMjIlMjBzdHlsZSUzRCUyMmJvcmRlciUzQTAlM0IlMjIlMjBhbGxvd2Z1bGxzY3JlZW4lM0QlMjIlMjIlM0UlM0MlMkZpZnJhbWUlM0U=&#8221;][vc_column_text css=&#8221;&#8221;]How to get there:<\/p>\n<p><strong>Automobile:<\/strong><\/p>\n<p><strong>Coming from Cologne, take the A1 Euskirchen freeway to the Blankenheim exit<\/strong><\/p>\n<p>Leave the autobahn (exit Blankenheim) and turn right towards Stadtkyll &#8211; Trier. Take the B51 expressway to the Stadtkyll &#8211; Kronenburg exit. Keep left here and in Stadtkyll turn left onto the B421 in the direction of Daun. Through the village of J\u00fcnkerath you will come to Birgel, where you will find our mill site directly on the right-hand side.<\/p>\n<p><strong>Coming from Koblenz or Trier via the A48 motorway<\/strong><\/p>\n<p>Use the A48 Daun \/ Vulkaneifel exit. From here, take the A1 towards Daun until the end of the highway.<br \/>\nFrom here, turn right and after approx. 1 km turn right again towards Stadtkyll.<br \/>\nYou will come to Birgel through the villages of Dreis, Oberehe, Walsdorf and Hillesheim.   In the village of Birgel keep left in the direction of Lissendorf. After approx. 200 m you will find our mill site on the right-hand side.<\/p>\n<hr>\n<p><strong>Arrival by plane:<br \/><\/strong><br \/> From Cologne\/Bonn Airport you can reach us in about 1 hour by car.<\/p>\n<hr>\n<p><a href=\"https:\/\/reiseauskunft.bahn.de\/bin\/query.exe\/dn?revia=yes&amp;existOptimizePrice-deactivated=1&amp;country=DEU&amp;dbkanal_007=L01_S01_D001_KIN0001_qf-bahn-svb-kl2_lz03&amp;start=1&amp;protocol=https%3A&amp;S=&amp;REQ0JourneyStopsSID=&amp;Z=Lissendorf\" target=\"_blank\" rel=\"noopener noreferrer\"> <img loading=\"lazy\" decoding=\"async\" class=\" size-full wp-image-162\" style=\"padding: 5px 0px; border: 0px currentColor;\" src=\"https:\/\/www.muehlebirgel.de\/wp-content\/uploads\/2009\/04\/C6663148.gif\" alt=\"Zur Reiseauskunft der Bahn\" width=\"150\" height=\"60\"><\/a><\/p>\n<p><strong>Arrival by train:<\/strong><\/p>\n<p>The <strong>Lissendorf<\/strong> train station is halfway between Cologne and Trier. From there you can reach us on foot after approx. 200 m in the direction of Birgel.<\/p>\n<p>To the <a href=\"https:\/\/reiseauskunft.bahn.de\/bin\/query.exe\/dn?revia=yes&amp;existOptimizePrice-deactivated=1&amp;country=DEU&amp;dbkanal_007=L01_S01_D001_KIN0001_qf-bahn-svb-kl2_lz03&amp;start=1&amp;protocol=https%3A&amp;S=&amp;REQ0JourneyStopsSID=&amp;Z=Lissendorf\">Deutsche Bahn timetable information<\/a>[\/vc_column_text][\/vc_column][\/vc_row][vc_row][vc_column width=&#8221;1\/2&#8243;][vc_column_text css=&#8221;&#8221; css_params=&#8221;&#8221;]<\/p>\n<h2>Large bus parking lot<\/h2>\n<p>[\/vc_column_text][vc_column_text css=&#8221;&#8221; css_params=&#8221;&#8221;]Our bus parking lot is large and offers plenty of space for buses. Two covered parking spaces ensure that coaches can park protected from the weather. Many coach drivers are already delighted with this practical facility.[\/vc_column_text][\/vc_column][vc_column width=&#8221;1\/2&#8243;][vc_single_image image=&#8221;50663&#8243; img_size=&#8221;full&#8221; css=&#8221;&#8221; label=&#8221;&#8221; css_params=&#8221;&#8221; img_width=&#8221;{&#8220;unit&#8220;:&#8220;%&#8220;,&#8220;xs&#8220;:&#8220;&#8220;,&#8220;sm&#8220;:&#8220;&#8220;,&#8220;md&#8220;:&#8220;&#8220;,&#8220;lg&#8220;:&#8220;&#8220;,&#8220;xl&#8220;:&#8220;100&#8220;}&#8221;][\/vc_column][\/vc_row]<\/p>\n<\/div>","protected":false},"excerpt":{"rendered":"<p>[vc_row][vc_column][vc_column_text]Historic water mill Birgel M\u00fchlenstra\u00dfe 1 D-54587 Birgel\/Vulkaneifel Phone 0 65 97 \/ 92 82 &#8211; 0 Fax 0 65 97 \/ 92 82 &#8211; 149 Directions as PDF&gt;&gt; [\/vc_column_text][vc_gmaps link=&#8221;#E-8_JTNDaWZyYW1lJTIwc3JjJTNEJTIyaHR0cHMlM0ElMkYlMkZ3d3cuZ29vZ2xlLmNvbSUyRm1hcHMlMkZlbWJlZCUzRnBiJTNEJTIxMW0xOCUyMTFtMTIlMjExbTMlMjExZDY0ODE0MC43OTUzNzI2MTE4JTIxMmQ2LjIxNzYyMDY0MzE1MDI3OCUyMTNkNTAuNjEyMjYxODk3MDcxMzklMjEybTMlMjExZjAlMjEyZjAlMjEzZjAlMjEzbTIlMjExaTEwMjQlMjEyaTc2OCUyMTRmMTMuMSUyMTNtMyUyMTFtMiUyMTFzMHg0N2JmYmNiNmJhMGYxYjUzJTI1M0EweGIyNGJhODRkOThiOGFiMzclMjEyc0VpZmVsJTI1MjBIb3RlbCUyNTIwLSUyNTIwSGlzdG9yaXNjaGUlMjUyMFdhc3Nlcm0lMjVDMyUyNUJDaGxlJTI1MjBCaXJnZWwlMjE1ZTAlMjEzbTIlMjExc2RlJTIxMnNkZSUyMTR2MTU3NjUyNzQ0Mjk1MyUyMTVtMiUyMTFzZGUlMjEyc2RlJTIyJTIwd2lkdGglM0QlMjI2MDAlMjIlMjBoZWlnaHQlM0QlMjI0NTAlMjIlMjBmcmFtZWJvcmRlciUzRCUyMjAlMjIlMjBzdHlsZSUzRCUyMmJvcmRlciUzQTAlM0IlMjIlMjBhbGxvd2Z1bGxzY3JlZW4lM0QlMjIlMjIlM0UlM0MlMkZpZnJhbWUlM0U=&#8221;][vc_column_text css=&#8221;&#8221;]How to get there: Automobile: Coming from Cologne, take the A1 Euskirchen freeway to the Blankenheim exit Leave the autobahn (exit Blankenheim) and turn [&hellip;]<\/p>\n","protected":false},"author":1,"featured_media":0,"parent":9701,"menu_order":3,"comment_status":"closed","ping_status":"closed","template":"","meta":{"footnotes":""},"class_list":["post-9681","page","type-page","status-publish","hentry"],"yoast_head":"<!-- This site is optimized with the Yoast SEO plugin v27.2 - https:\/\/yoast.com\/product\/yoast-seo-wordpress\/ -->\n<title>How to get to the historic watermill - Historische Wasserm\u00fchle Birgel<\/title>\n<meta name=\"robots\" content=\"index, follow, max-snippet:-1, max-image-preview:large, max-video-preview:-1\" \/>\n<link rel=\"canonical\" href=\"https:\/\/www.muehlebirgel.de\/en\/how-to-get-to-the-historic-watermill\" \/>\n<meta property=\"og:locale\" content=\"en_US\" \/>\n<meta property=\"og:type\" content=\"article\" \/>\n<meta property=\"og:title\" content=\"How to get to the historic watermill - Historische Wasserm\u00fchle Birgel\" \/>\n<meta property=\"og:description\" content=\"[vc_row][vc_column][vc_column_text]Historic water mill Birgel M\u00fchlenstra\u00dfe 1 D-54587 Birgel\/Vulkaneifel Phone 0 65 97 \/ 92 82 &#8211; 0 Fax 0 65 97 \/ 92 82 &#8211; 149 Directions as PDF&gt;&gt; [\/vc_column_text][vc_gmaps link=&#8221;#E-8_JTNDaWZyYW1lJTIwc3JjJTNEJTIyaHR0cHMlM0ElMkYlMkZ3d3cuZ29vZ2xlLmNvbSUyRm1hcHMlMkZlbWJlZCUzRnBiJTNEJTIxMW0xOCUyMTFtMTIlMjExbTMlMjExZDY0ODE0MC43OTUzNzI2MTE4JTIxMmQ2LjIxNzYyMDY0MzE1MDI3OCUyMTNkNTAuNjEyMjYxODk3MDcxMzklMjEybTMlMjExZjAlMjEyZjAlMjEzZjAlMjEzbTIlMjExaTEwMjQlMjEyaTc2OCUyMTRmMTMuMSUyMTNtMyUyMTFtMiUyMTFzMHg0N2JmYmNiNmJhMGYxYjUzJTI1M0EweGIyNGJhODRkOThiOGFiMzclMjEyc0VpZmVsJTI1MjBIb3RlbCUyNTIwLSUyNTIwSGlzdG9yaXNjaGUlMjUyMFdhc3Nlcm0lMjVDMyUyNUJDaGxlJTI1MjBCaXJnZWwlMjE1ZTAlMjEzbTIlMjExc2RlJTIxMnNkZSUyMTR2MTU3NjUyNzQ0Mjk1MyUyMTVtMiUyMTFzZGUlMjEyc2RlJTIyJTIwd2lkdGglM0QlMjI2MDAlMjIlMjBoZWlnaHQlM0QlMjI0NTAlMjIlMjBmcmFtZWJvcmRlciUzRCUyMjAlMjIlMjBzdHlsZSUzRCUyMmJvcmRlciUzQTAlM0IlMjIlMjBhbGxvd2Z1bGxzY3JlZW4lM0QlMjIlMjIlM0UlM0MlMkZpZnJhbWUlM0U=&#8221;][vc_column_text css=&#8221;&#8221;]How to get there: Automobile: Coming from Cologne, take the A1 Euskirchen freeway to the Blankenheim exit Leave the autobahn (exit Blankenheim) and turn [&hellip;]\" \/>\n<meta property=\"og:url\" content=\"https:\/\/www.muehlebirgel.de\/en\/how-to-get-to-the-historic-watermill\/\" \/>\n<meta property=\"og:site_name\" content=\"Historische Wasserm\u00fchle Birgel\" \/>\n<meta property=\"article:modified_time\" content=\"2025-02-01T09:04:46+00:00\" \/>\n<meta property=\"og:image\" content=\"https:\/\/www.muehlebirgel.de\/wp-content\/uploads\/2009\/04\/C6663148.gif\" \/>\n\t<meta property=\"og:image:width\" content=\"150\" \/>\n\t<meta property=\"og:image:height\" content=\"60\" \/>\n\t<meta property=\"og:image:type\" content=\"image\/gif\" \/>\n<meta name=\"twitter:card\" content=\"summary_large_image\" \/>\n<meta name=\"twitter:label1\" content=\"Est. reading time\" \/>\n\t<meta name=\"twitter:data1\" content=\"2 minutes\" \/>\n<script type=\"application\/ld+json\" class=\"yoast-schema-graph\">{\"@context\":\"https:\/\/schema.org\",\"@graph\":[{\"@type\":\"WebPage\",\"@id\":\"https:\/\/www.muehlebirgel.de\/en\/how-to-get-to-the-historic-watermill\",\"url\":\"https:\/\/www.muehlebirgel.de\/en\/how-to-get-to-the-historic-watermill\",\"name\":\"How to get to the historic watermill - Historische Wasserm\u00fchle Birgel\",\"isPartOf\":{\"@id\":\"https:\/\/www.muehlebirgel.de\/en\/#website\"},\"primaryImageOfPage\":{\"@id\":\"https:\/\/www.muehlebirgel.de\/en\/how-to-get-to-the-historic-watermill#primaryimage\"},\"image\":{\"@id\":\"https:\/\/www.muehlebirgel.de\/en\/how-to-get-to-the-historic-watermill#primaryimage\"},\"thumbnailUrl\":\"https:\/\/www.muehlebirgel.de\/wp-content\/uploads\/2009\/04\/C6663148.gif\",\"datePublished\":\"2021-12-10T14:56:48+00:00\",\"dateModified\":\"2025-02-01T09:04:46+00:00\",\"breadcrumb\":{\"@id\":\"https:\/\/www.muehlebirgel.de\/en\/how-to-get-to-the-historic-watermill#breadcrumb\"},\"inLanguage\":\"en-US\",\"potentialAction\":[{\"@type\":\"ReadAction\",\"target\":[\"https:\/\/www.muehlebirgel.de\/en\/how-to-get-to-the-historic-watermill\"]}]},{\"@type\":\"ImageObject\",\"inLanguage\":\"en-US\",\"@id\":\"https:\/\/www.muehlebirgel.de\/en\/how-to-get-to-the-historic-watermill#primaryimage\",\"url\":\"https:\/\/www.muehlebirgel.de\/wp-content\/uploads\/2009\/04\/C6663148.gif\",\"contentUrl\":\"https:\/\/www.muehlebirgel.de\/wp-content\/uploads\/2009\/04\/C6663148.gif\"},{\"@type\":\"BreadcrumbList\",\"@id\":\"https:\/\/www.muehlebirgel.de\/en\/how-to-get-to-the-historic-watermill#breadcrumb\",\"itemListElement\":[{\"@type\":\"ListItem\",\"position\":1,\"name\":\"Startseite\",\"item\":\"https:\/\/www.muehlebirgel.de\/en\"},{\"@type\":\"ListItem\",\"position\":2,\"name\":\"Contact\",\"item\":\"https:\/\/www.muehlebirgel.de\/en\/contact\/\"},{\"@type\":\"ListItem\",\"position\":3,\"name\":\"How to get to the historic watermill\"}]},{\"@type\":\"WebSite\",\"@id\":\"https:\/\/www.muehlebirgel.de\/en\/#website\",\"url\":\"https:\/\/www.muehlebirgel.de\/en\/\",\"name\":\"Historische Wasserm\u00fchle Birgel\",\"description\":\"Willkommen im M\u00fchlen-Erlebniszentrum\",\"potentialAction\":[{\"@type\":\"SearchAction\",\"target\":{\"@type\":\"EntryPoint\",\"urlTemplate\":\"https:\/\/www.muehlebirgel.de\/en\/?s={search_term_string}\"},\"query-input\":{\"@type\":\"PropertyValueSpecification\",\"valueRequired\":true,\"valueName\":\"search_term_string\"}}],\"inLanguage\":\"en-US\"}]}<\/script>\n<!-- \/ Yoast SEO plugin. -->","yoast_head_json":{"title":"How to get to the historic watermill - Historische Wasserm\u00fchle Birgel","robots":{"index":"index","follow":"follow","max-snippet":"max-snippet:-1","max-image-preview":"max-image-preview:large","max-video-preview":"max-video-preview:-1"},"canonical":"https:\/\/www.muehlebirgel.de\/en\/how-to-get-to-the-historic-watermill","og_locale":"en_US","og_type":"article","og_title":"How to get to the historic watermill - Historische Wasserm\u00fchle Birgel","og_description":"[vc_row][vc_column][vc_column_text]Historic water mill Birgel M\u00fchlenstra\u00dfe 1 D-54587 Birgel\/Vulkaneifel Phone 0 65 97 \/ 92 82 &#8211; 0 Fax 0 65 97 \/ 92 82 &#8211; 149 Directions as PDF&gt;&gt; [\/vc_column_text][vc_gmaps link=&#8221;#E-8_JTNDaWZyYW1lJTIwc3JjJTNEJTIyaHR0cHMlM0ElMkYlMkZ3d3cuZ29vZ2xlLmNvbSUyRm1hcHMlMkZlbWJlZCUzRnBiJTNEJTIxMW0xOCUyMTFtMTIlMjExbTMlMjExZDY0ODE0MC43OTUzNzI2MTE4JTIxMmQ2LjIxNzYyMDY0MzE1MDI3OCUyMTNkNTAuNjEyMjYxODk3MDcxMzklMjEybTMlMjExZjAlMjEyZjAlMjEzZjAlMjEzbTIlMjExaTEwMjQlMjEyaTc2OCUyMTRmMTMuMSUyMTNtMyUyMTFtMiUyMTFzMHg0N2JmYmNiNmJhMGYxYjUzJTI1M0EweGIyNGJhODRkOThiOGFiMzclMjEyc0VpZmVsJTI1MjBIb3RlbCUyNTIwLSUyNTIwSGlzdG9yaXNjaGUlMjUyMFdhc3Nlcm0lMjVDMyUyNUJDaGxlJTI1MjBCaXJnZWwlMjE1ZTAlMjEzbTIlMjExc2RlJTIxMnNkZSUyMTR2MTU3NjUyNzQ0Mjk1MyUyMTVtMiUyMTFzZGUlMjEyc2RlJTIyJTIwd2lkdGglM0QlMjI2MDAlMjIlMjBoZWlnaHQlM0QlMjI0NTAlMjIlMjBmcmFtZWJvcmRlciUzRCUyMjAlMjIlMjBzdHlsZSUzRCUyMmJvcmRlciUzQTAlM0IlMjIlMjBhbGxvd2Z1bGxzY3JlZW4lM0QlMjIlMjIlM0UlM0MlMkZpZnJhbWUlM0U=&#8221;][vc_column_text css=&#8221;&#8221;]How to get there: Automobile: Coming from Cologne, take the A1 Euskirchen freeway to the Blankenheim exit Leave the autobahn (exit Blankenheim) and turn [&hellip;]","og_url":"https:\/\/www.muehlebirgel.de\/en\/how-to-get-to-the-historic-watermill\/","og_site_name":"Historische Wasserm\u00fchle Birgel","article_modified_time":"2025-02-01T09:04:46+00:00","og_image":[{"width":150,"height":60,"url":"https:\/\/www.muehlebirgel.de\/wp-content\/uploads\/2009\/04\/C6663148.gif","type":"image\/gif"}],"twitter_card":"summary_large_image","twitter_misc":{"Est. reading time":"2 minutes"},"schema":{"@context":"https:\/\/schema.org","@graph":[{"@type":"WebPage","@id":"https:\/\/www.muehlebirgel.de\/en\/how-to-get-to-the-historic-watermill","url":"https:\/\/www.muehlebirgel.de\/en\/how-to-get-to-the-historic-watermill","name":"How to get to the historic watermill - Historische Wasserm\u00fchle Birgel","isPartOf":{"@id":"https:\/\/www.muehlebirgel.de\/en\/#website"},"primaryImageOfPage":{"@id":"https:\/\/www.muehlebirgel.de\/en\/how-to-get-to-the-historic-watermill#primaryimage"},"image":{"@id":"https:\/\/www.muehlebirgel.de\/en\/how-to-get-to-the-historic-watermill#primaryimage"},"thumbnailUrl":"https:\/\/www.muehlebirgel.de\/wp-content\/uploads\/2009\/04\/C6663148.gif","datePublished":"2021-12-10T14:56:48+00:00","dateModified":"2025-02-01T09:04:46+00:00","breadcrumb":{"@id":"https:\/\/www.muehlebirgel.de\/en\/how-to-get-to-the-historic-watermill#breadcrumb"},"inLanguage":"en-US","potentialAction":[{"@type":"ReadAction","target":["https:\/\/www.muehlebirgel.de\/en\/how-to-get-to-the-historic-watermill"]}]},{"@type":"ImageObject","inLanguage":"en-US","@id":"https:\/\/www.muehlebirgel.de\/en\/how-to-get-to-the-historic-watermill#primaryimage","url":"https:\/\/www.muehlebirgel.de\/wp-content\/uploads\/2009\/04\/C6663148.gif","contentUrl":"https:\/\/www.muehlebirgel.de\/wp-content\/uploads\/2009\/04\/C6663148.gif"},{"@type":"BreadcrumbList","@id":"https:\/\/www.muehlebirgel.de\/en\/how-to-get-to-the-historic-watermill#breadcrumb","itemListElement":[{"@type":"ListItem","position":1,"name":"Startseite","item":"https:\/\/www.muehlebirgel.de\/en"},{"@type":"ListItem","position":2,"name":"Contact","item":"https:\/\/www.muehlebirgel.de\/en\/contact\/"},{"@type":"ListItem","position":3,"name":"How to get to the historic watermill"}]},{"@type":"WebSite","@id":"https:\/\/www.muehlebirgel.de\/en\/#website","url":"https:\/\/www.muehlebirgel.de\/en\/","name":"Historische Wasserm\u00fchle Birgel","description":"Willkommen im M\u00fchlen-Erlebniszentrum","potentialAction":[{"@type":"SearchAction","target":{"@type":"EntryPoint","urlTemplate":"https:\/\/www.muehlebirgel.de\/en\/?s={search_term_string}"},"query-input":{"@type":"PropertyValueSpecification","valueRequired":true,"valueName":"search_term_string"}}],"inLanguage":"en-US"}]}},"_links":{"self":[{"href":"https:\/\/www.muehlebirgel.de\/en\/wp-json\/wp\/v2\/pages\/9681","targetHints":{"allow":["GET"]}}],"collection":[{"href":"https:\/\/www.muehlebirgel.de\/en\/wp-json\/wp\/v2\/pages"}],"about":[{"href":"https:\/\/www.muehlebirgel.de\/en\/wp-json\/wp\/v2\/types\/page"}],"author":[{"embeddable":true,"href":"https:\/\/www.muehlebirgel.de\/en\/wp-json\/wp\/v2\/users\/1"}],"replies":[{"embeddable":true,"href":"https:\/\/www.muehlebirgel.de\/en\/wp-json\/wp\/v2\/comments?post=9681"}],"version-history":[{"count":18,"href":"https:\/\/www.muehlebirgel.de\/en\/wp-json\/wp\/v2\/pages\/9681\/revisions"}],"predecessor-version":[{"id":50830,"href":"https:\/\/www.muehlebirgel.de\/en\/wp-json\/wp\/v2\/pages\/9681\/revisions\/50830"}],"up":[{"embeddable":true,"href":"https:\/\/www.muehlebirgel.de\/en\/wp-json\/wp\/v2\/pages\/9701"}],"wp:attachment":[{"href":"https:\/\/www.muehlebirgel.de\/en\/wp-json\/wp\/v2\/media?parent=9681"}],"curies":[{"name":"wp","href":"https:\/\/api.w.org\/{rel}","templated":true}]}}