{"id":9817,"date":"2021-12-10T14:59:05","date_gmt":"2021-12-10T14:59:05","guid":{"rendered":"https:\/\/www.muehlebirgel.de\/celebrate-your-wedding-in-the-eifel\/registry-office-eifel-wedding-in-a-real-mill\/"},"modified":"2025-10-27T09:03:27","modified_gmt":"2025-10-27T08:03:27","slug":"registry-eifel-wedding-in-a-real-mill","status":"publish","type":"page","link":"https:\/\/www.muehlebirgel.de\/en\/registry-office-eifel-wedding-in-a-real-mill","title":{"rendered":"Registry office Eifel &#8211; wedding in a real mill"},"content":{"rendered":"\n<h2 class=\"wp-block-heading\">The registry office of Birgel &#8211; branch of the Upper Kyll<\/h2>\n\n<div style=\"height:20px\" aria-hidden=\"true\" class=\"wp-block-spacer\"><\/div>\n\n<div class=\"wp-block-columns is-layout-flex wp-container-core-columns-is-layout-9d6595d7 wp-block-columns-is-layout-flex\">\n<div class=\"wp-block-column is-vertically-aligned-top is-layout-flow wp-block-column-is-layout-flow\">\n<p>If you are looking for a historic and picturesque place to say &#8220;I do&#8221;, you will find it in a beautiful registry office in the Eifel in the jewel of the <a href=\"https:\/\/www.muehlebirgel.de\/historische-muehle.html\">Historic Water Mill in<\/a> Birgel.<\/p>\n\n\n\n<p>The <a href=\"https:\/\/www.muehlebirgel.de\/standesamt-eifel-muehle.html\">Birgel registry office \/ branch office of the Upper Kyll<\/a> is located on the grounds of the Historic Water Mill. Here you will experience the loving nature and friendliness of our registrar Karin Jaax.<\/p>\n\n\n\n<p>If you then enjoy our <a href=\"https:\/\/www.muehlebirgel.de\/restaurant-eifel.html\">delicacies and regional specialties from the kitchen<\/a> &#8211; whether as a buffet, menu or the <a href=\"https:\/\/www.muehlebirgel.de\/en\/historically-dining-celebrating\">K\u00f6lsche M\u00fchlenabend\u00e5<\/a> &#8211; then it will be an unforgettable and happy day for the wedding couple and their guests.<\/p>\n\n\n\n<p><\/p>\n\n\n\n<p><a href=\"https:\/\/www.muehlebirgel.de\/hochzeit-eifel.html\">Getting married in the Eifel<\/a> means not only enjoying the beautiful area, but also the loving nature and friendliness of our registrar Karin Jaax. For a <a href=\"https:\/\/www.muehlebirgel.de\/hochzeit-eifel.html\">romantic wedding<\/a> you will find a top location here in Birgel, where the chief miller Erwin v. d. M\u00fchle declares the bride and groom from the very first contact to be a matter for the boss and plans a dream wedding with the couple, which he then realizes with his mill team in his mill.<\/p>\n\n\n\n<p><\/p>\n<\/div>\n\n\n\n<div class=\"wp-block-column is-vertically-aligned-center is-layout-flow wp-block-column-is-layout-flow\">\n<figure class=\"wp-block-image size-full\"><img loading=\"lazy\" decoding=\"async\" width=\"1000\" height=\"1000\" src=\"https:\/\/www.muehlebirgel.de\/wp-content\/uploads\/erwin-standesamt.jpg\" alt=\"\" class=\"wp-image-61599\" srcset=\"https:\/\/www.muehlebirgel.de\/wp-content\/uploads\/erwin-standesamt.jpg 1000w, https:\/\/www.muehlebirgel.de\/wp-content\/uploads\/erwin-standesamt-768x768.jpg 768w, https:\/\/www.muehlebirgel.de\/wp-content\/uploads\/erwin-standesamt-640x640.jpg 640w, https:\/\/www.muehlebirgel.de\/wp-content\/uploads\/erwin-standesamt-400x400.jpg 400w\" sizes=\"auto, (max-width: 1000px) 100vw, 1000px\" \/><\/figure>\n<\/div>\n<\/div>\n\n<p><\/p>\n\n<hr class=\"wp-block-separator has-alpha-channel-opacity\"\/>\n\n<div class=\"wp-block-columns is-layout-flex wp-container-core-columns-is-layout-9d6595d7 wp-block-columns-is-layout-flex\">\n<div class=\"wp-block-column is-vertically-aligned-center is-layout-flow wp-block-column-is-layout-flow\">\n<p>To celebrate a wedding in the Eifel in the registry office of Birgel of the Upper Kyll branch means to enjoy happiness from the first day. Experiencing a romantic wedding in an old mill connects the old with the new, origin with future, and thus you can awaken a new life together through a wedding in the registry office in Birgel to a new happiness. With us, a romantic wedding is also determined by the surroundings of the mill and its employees.<\/p>\n\n\n\n<p><\/p>\n\n\n\n<p>In the historical watermill it is part of the fact that you can then party with <a href=\"https:\/\/www.muehlebirgel.de\/restaurant-eifel.html\">good food<\/a> in a great location until the early hours of the morning. Anyone who seeks and loves all of this is in good hands for this important day in the registry office in the Eifel and will never be disappointed.<\/p>\n\n\n\n<p>We are looking forward to your wedding at our registry office in the Eifel and at the Historic Water Mill<\/p>\n\n\n\n<p><strong>Head miller Erwin v. d. M\u00fchle and his team<\/strong><\/p>\n<\/div>\n\n\n\n<div class=\"wp-block-column is-vertically-aligned-center is-layout-flow wp-block-column-is-layout-flow\">\n<figure class=\"wp-block-image size-large\"><img loading=\"lazy\" decoding=\"async\" width=\"1024\" height=\"683\" src=\"https:\/\/www.muehlebirgel.de\/wp-content\/uploads\/2023\/06\/2023-05-13_SimoneJuergen_043-1024x683.jpg\" alt=\"\" class=\"wp-image-27836\" srcset=\"https:\/\/www.muehlebirgel.de\/wp-content\/uploads\/2023\/06\/2023-05-13_SimoneJuergen_043-1024x683.jpg 1024w, https:\/\/www.muehlebirgel.de\/wp-content\/uploads\/2023\/06\/2023-05-13_SimoneJuergen_043-768x512.jpg 768w, https:\/\/www.muehlebirgel.de\/wp-content\/uploads\/2023\/06\/2023-05-13_SimoneJuergen_043-640x427.jpg 640w, https:\/\/www.muehlebirgel.de\/wp-content\/uploads\/2023\/06\/2023-05-13_SimoneJuergen_043-400x267.jpg 400w\" sizes=\"auto, (max-width: 1024px) 100vw, 1024px\" \/><\/figure>\n<\/div>\n<\/div>\n\n<hr class=\"wp-block-separator has-alpha-channel-opacity\"\/>\n\n<div class=\"wp-block-columns are-vertically-aligned-top is-layout-flex wp-container-core-columns-is-layout-9d6595d7 wp-block-columns-is-layout-flex\">\n<div class=\"wp-block-column is-vertically-aligned-top is-layout-flow wp-block-column-is-layout-flow\">\n<p><strong>Read the <a href=\"..\/..\/..\/..\/..\/hochzeitsberichte-aus-der-wassermuehle.html\">wedding reports of selected couples here<\/a> .<\/strong><\/p>\n\n\n\n<p><strong>Have you already married with us? Then we would be very happy to receive your personal <a href=\"..\/..\/..\/..\/..\/referenzen.html\">wedding<\/a> report!<\/strong><\/p>\n\n\n\n<p><a href=\"\/360grad\/festsaal.html\" target=\"_blank\" rel=\"noopener noreferrer\">360 \u00b0 panorama pictures of the ballroom<\/a>&gt;&gt; (in new window)<\/p>\n\n\n\n<p><strong>We look forward to your inquiry at<\/strong><\/p>\n\n\n\n<p><strong>Tel .: 06597\/92820 or via our <a href=\"https:\/\/www.muehlebirgel.de\/en\/contact\">contact form<\/a> !<\/strong><\/p>\n<\/div>\n\n\n\n<div class=\"wp-block-column is-vertically-aligned-top is-layout-flow wp-block-column-is-layout-flow\">\n<figure class=\"wp-block-image size-large\"><img decoding=\"async\" src=\"https:\/\/www.muehlebirgel.de\/wp-content\/uploads\/Standesamt-draussen-1024x768.webp\" alt=\"\" class=\"wp-image-54767\"\/><\/figure>\n<\/div>\n<\/div>\n\n<p><\/p>\n\n<hr class=\"wp-block-separator has-alpha-channel-opacity\"\/>\n","protected":false},"excerpt":{"rendered":"<p>The registry office of Birgel &#8211; branch of the Upper Kyll If you are looking for a historic and picturesque place to say &#8220;I do&#8221;, you will find it in a beautiful registry office in the Eifel in the jewel of the Historic Water Mill in Birgel. The Birgel registry office \/ branch office of [&hellip;]<\/p>\n","protected":false},"author":1,"featured_media":0,"parent":9698,"menu_order":2,"comment_status":"closed","ping_status":"closed","template":"","meta":{"footnotes":""},"class_list":["post-9817","page","type-page","status-publish","hentry"],"yoast_head":"<!-- This site is optimized with the Yoast SEO plugin v27.2 - https:\/\/yoast.com\/product\/yoast-seo-wordpress\/ -->\n<title>Registry office Eifel - wedding in a real mill - Historische Wasserm\u00fchle Birgel<\/title>\n<meta name=\"robots\" content=\"index, follow, max-snippet:-1, max-image-preview:large, max-video-preview:-1\" \/>\n<link rel=\"canonical\" href=\"https:\/\/www.muehlebirgel.de\/en\/registry-office-eifel-wedding-in-a-real-mill\" \/>\n<meta property=\"og:locale\" content=\"en_US\" \/>\n<meta property=\"og:type\" content=\"article\" \/>\n<meta property=\"og:title\" content=\"Registry office Eifel - wedding in a real mill - Historische Wasserm\u00fchle Birgel\" \/>\n<meta property=\"og:description\" content=\"The registry office of Birgel &#8211; branch of the Upper Kyll If you are looking for a historic and picturesque place to say &#8220;I do&#8221;, you will find it in a beautiful registry office in the Eifel in the jewel of the Historic Water Mill in Birgel. The Birgel registry office \/ branch office of [&hellip;]\" \/>\n<meta property=\"og:url\" content=\"https:\/\/www.muehlebirgel.de\/en\/registry-office-eifel-wedding-in-a-real-mill\/\" \/>\n<meta property=\"og:site_name\" content=\"Historische Wasserm\u00fchle Birgel\" \/>\n<meta property=\"article:modified_time\" content=\"2025-10-27T08:03:27+00:00\" \/>\n<meta property=\"og:image\" content=\"https:\/\/www.muehlebirgel.de\/wp-content\/uploads\/erwin-standesamt.jpg\" \/>\n\t<meta property=\"og:image:width\" content=\"1000\" \/>\n\t<meta property=\"og:image:height\" content=\"1000\" \/>\n\t<meta property=\"og:image:type\" content=\"image\/jpeg\" \/>\n<meta name=\"twitter:card\" content=\"summary_large_image\" \/>\n<meta name=\"twitter:label1\" content=\"Est. reading time\" \/>\n\t<meta name=\"twitter:data1\" content=\"2 minutes\" \/>\n<script type=\"application\/ld+json\" class=\"yoast-schema-graph\">{\"@context\":\"https:\/\/schema.org\",\"@graph\":[{\"@type\":\"WebPage\",\"@id\":\"https:\/\/www.muehlebirgel.de\/en\/registry-office-eifel-wedding-in-a-real-mill\",\"url\":\"https:\/\/www.muehlebirgel.de\/en\/registry-office-eifel-wedding-in-a-real-mill\",\"name\":\"Registry office Eifel - wedding in a real mill - Historische Wasserm\u00fchle Birgel\",\"isPartOf\":{\"@id\":\"https:\/\/www.muehlebirgel.de\/en\/#website\"},\"primaryImageOfPage\":{\"@id\":\"https:\/\/www.muehlebirgel.de\/en\/registry-office-eifel-wedding-in-a-real-mill#primaryimage\"},\"image\":{\"@id\":\"https:\/\/www.muehlebirgel.de\/en\/registry-office-eifel-wedding-in-a-real-mill#primaryimage\"},\"thumbnailUrl\":\"https:\/\/www.muehlebirgel.de\/wp-content\/uploads\/erwin-standesamt.jpg\",\"datePublished\":\"2021-12-10T14:59:05+00:00\",\"dateModified\":\"2025-10-27T08:03:27+00:00\",\"breadcrumb\":{\"@id\":\"https:\/\/www.muehlebirgel.de\/en\/registry-office-eifel-wedding-in-a-real-mill#breadcrumb\"},\"inLanguage\":\"en-US\",\"potentialAction\":[{\"@type\":\"ReadAction\",\"target\":[\"https:\/\/www.muehlebirgel.de\/en\/registry-office-eifel-wedding-in-a-real-mill\"]}]},{\"@type\":\"ImageObject\",\"inLanguage\":\"en-US\",\"@id\":\"https:\/\/www.muehlebirgel.de\/en\/registry-office-eifel-wedding-in-a-real-mill#primaryimage\",\"url\":\"https:\/\/www.muehlebirgel.de\/wp-content\/uploads\/erwin-standesamt.jpg\",\"contentUrl\":\"https:\/\/www.muehlebirgel.de\/wp-content\/uploads\/erwin-standesamt.jpg\"},{\"@type\":\"BreadcrumbList\",\"@id\":\"https:\/\/www.muehlebirgel.de\/en\/registry-office-eifel-wedding-in-a-real-mill#breadcrumb\",\"itemListElement\":[{\"@type\":\"ListItem\",\"position\":1,\"name\":\"Startseite\",\"item\":\"https:\/\/www.muehlebirgel.de\/en\"},{\"@type\":\"ListItem\",\"position\":2,\"name\":\"Celebrate your wedding in the Eifel\",\"item\":\"https:\/\/www.muehlebirgel.de\/en\/celebrate-your-wedding-in-the-eifel\"},{\"@type\":\"ListItem\",\"position\":3,\"name\":\"Registry office Eifel &#8211; wedding in a real mill\"}]},{\"@type\":\"WebSite\",\"@id\":\"https:\/\/www.muehlebirgel.de\/en\/#website\",\"url\":\"https:\/\/www.muehlebirgel.de\/en\/\",\"name\":\"Historische Wasserm\u00fchle Birgel\",\"description\":\"Willkommen im M\u00fchlen-Erlebniszentrum\",\"potentialAction\":[{\"@type\":\"SearchAction\",\"target\":{\"@type\":\"EntryPoint\",\"urlTemplate\":\"https:\/\/www.muehlebirgel.de\/en\/?s={search_term_string}\"},\"query-input\":{\"@type\":\"PropertyValueSpecification\",\"valueRequired\":true,\"valueName\":\"search_term_string\"}}],\"inLanguage\":\"en-US\"}]}<\/script>\n<!-- \/ Yoast SEO plugin. -->","yoast_head_json":{"title":"Registry office Eifel - wedding in a real mill - Historische Wasserm\u00fchle Birgel","robots":{"index":"index","follow":"follow","max-snippet":"max-snippet:-1","max-image-preview":"max-image-preview:large","max-video-preview":"max-video-preview:-1"},"canonical":"https:\/\/www.muehlebirgel.de\/en\/registry-office-eifel-wedding-in-a-real-mill","og_locale":"en_US","og_type":"article","og_title":"Registry office Eifel - wedding in a real mill - Historische Wasserm\u00fchle Birgel","og_description":"The registry office of Birgel &#8211; branch of the Upper Kyll If you are looking for a historic and picturesque place to say &#8220;I do&#8221;, you will find it in a beautiful registry office in the Eifel in the jewel of the Historic Water Mill in Birgel. The Birgel registry office \/ branch office of [&hellip;]","og_url":"https:\/\/www.muehlebirgel.de\/en\/registry-office-eifel-wedding-in-a-real-mill\/","og_site_name":"Historische Wasserm\u00fchle Birgel","article_modified_time":"2025-10-27T08:03:27+00:00","og_image":[{"width":1000,"height":1000,"url":"https:\/\/www.muehlebirgel.de\/wp-content\/uploads\/erwin-standesamt.jpg","type":"image\/jpeg"}],"twitter_card":"summary_large_image","twitter_misc":{"Est. reading time":"2 minutes"},"schema":{"@context":"https:\/\/schema.org","@graph":[{"@type":"WebPage","@id":"https:\/\/www.muehlebirgel.de\/en\/registry-office-eifel-wedding-in-a-real-mill","url":"https:\/\/www.muehlebirgel.de\/en\/registry-office-eifel-wedding-in-a-real-mill","name":"Registry office Eifel - wedding in a real mill - Historische Wasserm\u00fchle Birgel","isPartOf":{"@id":"https:\/\/www.muehlebirgel.de\/en\/#website"},"primaryImageOfPage":{"@id":"https:\/\/www.muehlebirgel.de\/en\/registry-office-eifel-wedding-in-a-real-mill#primaryimage"},"image":{"@id":"https:\/\/www.muehlebirgel.de\/en\/registry-office-eifel-wedding-in-a-real-mill#primaryimage"},"thumbnailUrl":"https:\/\/www.muehlebirgel.de\/wp-content\/uploads\/erwin-standesamt.jpg","datePublished":"2021-12-10T14:59:05+00:00","dateModified":"2025-10-27T08:03:27+00:00","breadcrumb":{"@id":"https:\/\/www.muehlebirgel.de\/en\/registry-office-eifel-wedding-in-a-real-mill#breadcrumb"},"inLanguage":"en-US","potentialAction":[{"@type":"ReadAction","target":["https:\/\/www.muehlebirgel.de\/en\/registry-office-eifel-wedding-in-a-real-mill"]}]},{"@type":"ImageObject","inLanguage":"en-US","@id":"https:\/\/www.muehlebirgel.de\/en\/registry-office-eifel-wedding-in-a-real-mill#primaryimage","url":"https:\/\/www.muehlebirgel.de\/wp-content\/uploads\/erwin-standesamt.jpg","contentUrl":"https:\/\/www.muehlebirgel.de\/wp-content\/uploads\/erwin-standesamt.jpg"},{"@type":"BreadcrumbList","@id":"https:\/\/www.muehlebirgel.de\/en\/registry-office-eifel-wedding-in-a-real-mill#breadcrumb","itemListElement":[{"@type":"ListItem","position":1,"name":"Startseite","item":"https:\/\/www.muehlebirgel.de\/en"},{"@type":"ListItem","position":2,"name":"Celebrate your wedding in the Eifel","item":"https:\/\/www.muehlebirgel.de\/en\/celebrate-your-wedding-in-the-eifel"},{"@type":"ListItem","position":3,"name":"Registry office Eifel &#8211; wedding in a real mill"}]},{"@type":"WebSite","@id":"https:\/\/www.muehlebirgel.de\/en\/#website","url":"https:\/\/www.muehlebirgel.de\/en\/","name":"Historische Wasserm\u00fchle Birgel","description":"Willkommen im M\u00fchlen-Erlebniszentrum","potentialAction":[{"@type":"SearchAction","target":{"@type":"EntryPoint","urlTemplate":"https:\/\/www.muehlebirgel.de\/en\/?s={search_term_string}"},"query-input":{"@type":"PropertyValueSpecification","valueRequired":true,"valueName":"search_term_string"}}],"inLanguage":"en-US"}]}},"_links":{"self":[{"href":"https:\/\/www.muehlebirgel.de\/en\/wp-json\/wp\/v2\/pages\/9817","targetHints":{"allow":["GET"]}}],"collection":[{"href":"https:\/\/www.muehlebirgel.de\/en\/wp-json\/wp\/v2\/pages"}],"about":[{"href":"https:\/\/www.muehlebirgel.de\/en\/wp-json\/wp\/v2\/types\/page"}],"author":[{"embeddable":true,"href":"https:\/\/www.muehlebirgel.de\/en\/wp-json\/wp\/v2\/users\/1"}],"replies":[{"embeddable":true,"href":"https:\/\/www.muehlebirgel.de\/en\/wp-json\/wp\/v2\/comments?post=9817"}],"version-history":[{"count":14,"href":"https:\/\/www.muehlebirgel.de\/en\/wp-json\/wp\/v2\/pages\/9817\/revisions"}],"predecessor-version":[{"id":61612,"href":"https:\/\/www.muehlebirgel.de\/en\/wp-json\/wp\/v2\/pages\/9817\/revisions\/61612"}],"up":[{"embeddable":true,"href":"https:\/\/www.muehlebirgel.de\/en\/wp-json\/wp\/v2\/pages\/9698"}],"wp:attachment":[{"href":"https:\/\/www.muehlebirgel.de\/en\/wp-json\/wp\/v2\/media?parent=9817"}],"curies":[{"name":"wp","href":"https:\/\/api.w.org\/{rel}","templated":true}]}}