{"id":9844,"date":"2021-12-10T14:59:40","date_gmt":"2021-12-10T14:59:40","guid":{"rendered":"https:\/\/www.muehlebirgel.de\/romantic-hotel-in-the-eifel-historic-birgel-watermill\/nuerburgring-motorsport-in-the-green-hell\/"},"modified":"2021-12-10T14:59:43","modified_gmt":"2021-12-10T14:59:43","slug":"nuerburgring-motorsport-in-the-green-hell","status":"publish","type":"page","link":"https:\/\/www.muehlebirgel.de\/en\/nuerburgring-motorsport-in-the-green-hell","title":{"rendered":"N\u00fcrburgring &#8211; Motorsport in the Green Hell"},"content":{"rendered":"<p><img loading=\"lazy\" decoding=\"async\" class=\"size-full wp-image-333 alignleft\" src=\"https:\/\/www.muehlebirgel.de\/wp-content\/uploads\/2010\/03\/UNBENANNT_65.jpg\" alt=\"Wasserm\u00fchle Motorsport\" width=\"300\" height=\"200\"><\/p>\n<p>The traditional race track N\u00fcrburgring in the Eifel was only recently renovated and impresses with many spectacular highlights. The N\u00fcrburgring is just 25 minutes by car from the historic watermill and offers you the opportunity to drive your own vehicle through the famous Nordschleife and experience the feeling of a real race.<\/p>\n<p>The renovation work on the N\u00fcrburgring was completed in mid-2009 and offers interested motorsport fans deep insights into the world of Formula 1 and other motorsport classes.<\/p>\n<hr>\n<p><img loading=\"lazy\" decoding=\"async\" class=\"size-full wp-image-334 alignleft\" src=\"https:\/\/www.muehlebirgel.de\/wp-content\/uploads\/2010\/03\/nueburgring-kurve.jpg\" alt=\"N\u00fcrburgring Kurve\" width=\"300\" height=\"200\"><\/p>\n<hr>\n<p><img loading=\"lazy\" decoding=\"async\" class=\"size-full wp-image-335 alignleft\" src=\"https:\/\/www.muehlebirgel.de\/wp-content\/uploads\/2010\/03\/nueburgring-oldtimer.jpg\" alt=\"N\u00fcrburgring Oldtimer\" width=\"300\" height=\"167\"><\/p>\n<p>If you visit the N\u00fcrburgring adventure world in your own car, you can drive the entire route as you wish. A sensation was recently added to it: the green hell. It offers you everything for exciting leisure activities, which range from a hearty brewery ambience to a sports bar, delicious food in the steak house and brisk dances in the discotheque.<\/p>\n<hr>\n<p><img loading=\"lazy\" decoding=\"async\" class=\"size-full wp-image-336 alignleft\" src=\"https:\/\/www.muehlebirgel.de\/wp-content\/uploads\/2010\/03\/nueburgring-lenkrad.jpg\" alt=\"N\u00fcrburgring Lenkrad\" width=\"300\" height=\"200\"><\/p>\n<p>After completing this adrenaline-filled and unique adventure, body and mind can be calmed down in the <a href=\"https:\/\/www.muehlebirgel.de\/historische-muehle.html\">historic watermill<\/a> immediately after returning. The prevailing silence here enables you to recharge your batteries. The particularly quiet location of the <a href=\"https:\/\/www.muehlebirgel.de\/eifel-hotel.html\">hotel<\/a> grants you the extraordinary pleasure of <a href=\"https:\/\/www.muehlebirgel.de\/restaurant-eifel.html\">local cuisine<\/a> and the charm of bygone days. This is reflected in a special way in the entire premises without losing any of the comfort.<\/p>\n","protected":false},"excerpt":{"rendered":"<p>The traditional race track N\u00fcrburgring in the Eifel was only recently renovated and impresses with many spectacular highlights. The N\u00fcrburgring is just 25 minutes by car from the historic watermill and offers you the opportunity to drive your own vehicle through the famous Nordschleife and experience the feeling of a real race. The renovation work [&hellip;]<\/p>\n","protected":false},"author":1,"featured_media":0,"parent":9735,"menu_order":21,"comment_status":"closed","ping_status":"closed","template":"","meta":{"footnotes":""},"class_list":["post-9844","page","type-page","status-publish","hentry"],"yoast_head":"<!-- This site is optimized with the Yoast SEO plugin v27.2 - https:\/\/yoast.com\/product\/yoast-seo-wordpress\/ -->\n<title>N\u00fcrburgring - Motorsport in the Green Hell - Historische Wasserm\u00fchle Birgel<\/title>\n<meta name=\"robots\" content=\"index, follow, max-snippet:-1, max-image-preview:large, max-video-preview:-1\" \/>\n<link rel=\"canonical\" href=\"https:\/\/www.muehlebirgel.de\/en\/nuerburgring-motorsport-in-the-green-hell\" \/>\n<meta property=\"og:locale\" content=\"en_US\" \/>\n<meta property=\"og:type\" content=\"article\" \/>\n<meta property=\"og:title\" content=\"N\u00fcrburgring - Motorsport in the Green Hell - Historische Wasserm\u00fchle Birgel\" \/>\n<meta property=\"og:description\" content=\"The traditional race track N\u00fcrburgring in the Eifel was only recently renovated and impresses with many spectacular highlights. The N\u00fcrburgring is just 25 minutes by car from the historic watermill and offers you the opportunity to drive your own vehicle through the famous Nordschleife and experience the feeling of a real race. The renovation work [&hellip;]\" \/>\n<meta property=\"og:url\" content=\"https:\/\/www.muehlebirgel.de\/en\/nuerburgring-motorsport-in-the-green-hell\/\" \/>\n<meta property=\"og:site_name\" content=\"Historische Wasserm\u00fchle Birgel\" \/>\n<meta property=\"article:modified_time\" content=\"2021-12-10T14:59:43+00:00\" \/>\n<meta property=\"og:image\" content=\"https:\/\/www.muehlebirgel.de\/wp-content\/uploads\/2010\/03\/UNBENANNT_65.jpg\" \/>\n<meta name=\"twitter:card\" content=\"summary_large_image\" \/>\n<meta name=\"twitter:label1\" content=\"Est. reading time\" \/>\n\t<meta name=\"twitter:data1\" content=\"1 minute\" \/>\n<script type=\"application\/ld+json\" class=\"yoast-schema-graph\">{\"@context\":\"https:\/\/schema.org\",\"@graph\":[{\"@type\":\"WebPage\",\"@id\":\"https:\/\/www.muehlebirgel.de\/en\/nuerburgring-motorsport-in-the-green-hell\",\"url\":\"https:\/\/www.muehlebirgel.de\/en\/nuerburgring-motorsport-in-the-green-hell\",\"name\":\"N\u00fcrburgring - Motorsport in the Green Hell - Historische Wasserm\u00fchle Birgel\",\"isPartOf\":{\"@id\":\"https:\/\/www.muehlebirgel.de\/en\/#website\"},\"primaryImageOfPage\":{\"@id\":\"https:\/\/www.muehlebirgel.de\/en\/nuerburgring-motorsport-in-the-green-hell#primaryimage\"},\"image\":{\"@id\":\"https:\/\/www.muehlebirgel.de\/en\/nuerburgring-motorsport-in-the-green-hell#primaryimage\"},\"thumbnailUrl\":\"https:\/\/www.muehlebirgel.de\/wp-content\/uploads\/2010\/03\/UNBENANNT_65.jpg\",\"datePublished\":\"2021-12-10T14:59:40+00:00\",\"dateModified\":\"2021-12-10T14:59:43+00:00\",\"breadcrumb\":{\"@id\":\"https:\/\/www.muehlebirgel.de\/en\/nuerburgring-motorsport-in-the-green-hell#breadcrumb\"},\"inLanguage\":\"en-US\",\"potentialAction\":[{\"@type\":\"ReadAction\",\"target\":[\"https:\/\/www.muehlebirgel.de\/en\/nuerburgring-motorsport-in-the-green-hell\"]}]},{\"@type\":\"ImageObject\",\"inLanguage\":\"en-US\",\"@id\":\"https:\/\/www.muehlebirgel.de\/en\/nuerburgring-motorsport-in-the-green-hell#primaryimage\",\"url\":\"https:\/\/www.muehlebirgel.de\/wp-content\/uploads\/2010\/03\/UNBENANNT_65.jpg\",\"contentUrl\":\"https:\/\/www.muehlebirgel.de\/wp-content\/uploads\/2010\/03\/UNBENANNT_65.jpg\"},{\"@type\":\"BreadcrumbList\",\"@id\":\"https:\/\/www.muehlebirgel.de\/en\/nuerburgring-motorsport-in-the-green-hell#breadcrumb\",\"itemListElement\":[{\"@type\":\"ListItem\",\"position\":1,\"name\":\"Startseite\",\"item\":\"https:\/\/www.muehlebirgel.de\/en\"},{\"@type\":\"ListItem\",\"position\":2,\"name\":\"Accommodation in the Eifel &#8211; book a vacation in the Volcanic Eifel\",\"item\":\"https:\/\/www.muehlebirgel.de\/en\/overnight-stays-in-the-eifel\"},{\"@type\":\"ListItem\",\"position\":3,\"name\":\"Hotel in the Eifel &#8211; Romantic rooms in the Volcanic Eifel\",\"item\":\"https:\/\/www.muehlebirgel.de\/en\/romantic-hotel-in-the-eifel-historic-birgel-watermill\"},{\"@type\":\"ListItem\",\"position\":4,\"name\":\"N\u00fcrburgring &#8211; Motorsport in the Green Hell\"}]},{\"@type\":\"WebSite\",\"@id\":\"https:\/\/www.muehlebirgel.de\/en\/#website\",\"url\":\"https:\/\/www.muehlebirgel.de\/en\/\",\"name\":\"Historische Wasserm\u00fchle Birgel\",\"description\":\"Willkommen im M\u00fchlen-Erlebniszentrum\",\"potentialAction\":[{\"@type\":\"SearchAction\",\"target\":{\"@type\":\"EntryPoint\",\"urlTemplate\":\"https:\/\/www.muehlebirgel.de\/en\/?s={search_term_string}\"},\"query-input\":{\"@type\":\"PropertyValueSpecification\",\"valueRequired\":true,\"valueName\":\"search_term_string\"}}],\"inLanguage\":\"en-US\"}]}<\/script>\n<!-- \/ Yoast SEO plugin. -->","yoast_head_json":{"title":"N\u00fcrburgring - Motorsport in the Green Hell - Historische Wasserm\u00fchle Birgel","robots":{"index":"index","follow":"follow","max-snippet":"max-snippet:-1","max-image-preview":"max-image-preview:large","max-video-preview":"max-video-preview:-1"},"canonical":"https:\/\/www.muehlebirgel.de\/en\/nuerburgring-motorsport-in-the-green-hell","og_locale":"en_US","og_type":"article","og_title":"N\u00fcrburgring - Motorsport in the Green Hell - Historische Wasserm\u00fchle Birgel","og_description":"The traditional race track N\u00fcrburgring in the Eifel was only recently renovated and impresses with many spectacular highlights. The N\u00fcrburgring is just 25 minutes by car from the historic watermill and offers you the opportunity to drive your own vehicle through the famous Nordschleife and experience the feeling of a real race. The renovation work [&hellip;]","og_url":"https:\/\/www.muehlebirgel.de\/en\/nuerburgring-motorsport-in-the-green-hell\/","og_site_name":"Historische Wasserm\u00fchle Birgel","article_modified_time":"2021-12-10T14:59:43+00:00","og_image":[{"url":"https:\/\/www.muehlebirgel.de\/wp-content\/uploads\/2010\/03\/UNBENANNT_65.jpg","type":"","width":"","height":""}],"twitter_card":"summary_large_image","twitter_misc":{"Est. reading time":"1 minute"},"schema":{"@context":"https:\/\/schema.org","@graph":[{"@type":"WebPage","@id":"https:\/\/www.muehlebirgel.de\/en\/nuerburgring-motorsport-in-the-green-hell","url":"https:\/\/www.muehlebirgel.de\/en\/nuerburgring-motorsport-in-the-green-hell","name":"N\u00fcrburgring - Motorsport in the Green Hell - Historische Wasserm\u00fchle Birgel","isPartOf":{"@id":"https:\/\/www.muehlebirgel.de\/en\/#website"},"primaryImageOfPage":{"@id":"https:\/\/www.muehlebirgel.de\/en\/nuerburgring-motorsport-in-the-green-hell#primaryimage"},"image":{"@id":"https:\/\/www.muehlebirgel.de\/en\/nuerburgring-motorsport-in-the-green-hell#primaryimage"},"thumbnailUrl":"https:\/\/www.muehlebirgel.de\/wp-content\/uploads\/2010\/03\/UNBENANNT_65.jpg","datePublished":"2021-12-10T14:59:40+00:00","dateModified":"2021-12-10T14:59:43+00:00","breadcrumb":{"@id":"https:\/\/www.muehlebirgel.de\/en\/nuerburgring-motorsport-in-the-green-hell#breadcrumb"},"inLanguage":"en-US","potentialAction":[{"@type":"ReadAction","target":["https:\/\/www.muehlebirgel.de\/en\/nuerburgring-motorsport-in-the-green-hell"]}]},{"@type":"ImageObject","inLanguage":"en-US","@id":"https:\/\/www.muehlebirgel.de\/en\/nuerburgring-motorsport-in-the-green-hell#primaryimage","url":"https:\/\/www.muehlebirgel.de\/wp-content\/uploads\/2010\/03\/UNBENANNT_65.jpg","contentUrl":"https:\/\/www.muehlebirgel.de\/wp-content\/uploads\/2010\/03\/UNBENANNT_65.jpg"},{"@type":"BreadcrumbList","@id":"https:\/\/www.muehlebirgel.de\/en\/nuerburgring-motorsport-in-the-green-hell#breadcrumb","itemListElement":[{"@type":"ListItem","position":1,"name":"Startseite","item":"https:\/\/www.muehlebirgel.de\/en"},{"@type":"ListItem","position":2,"name":"Accommodation in the Eifel &#8211; book a vacation in the Volcanic Eifel","item":"https:\/\/www.muehlebirgel.de\/en\/overnight-stays-in-the-eifel"},{"@type":"ListItem","position":3,"name":"Hotel in the Eifel &#8211; Romantic rooms in the Volcanic Eifel","item":"https:\/\/www.muehlebirgel.de\/en\/romantic-hotel-in-the-eifel-historic-birgel-watermill"},{"@type":"ListItem","position":4,"name":"N\u00fcrburgring &#8211; Motorsport in the Green Hell"}]},{"@type":"WebSite","@id":"https:\/\/www.muehlebirgel.de\/en\/#website","url":"https:\/\/www.muehlebirgel.de\/en\/","name":"Historische Wasserm\u00fchle Birgel","description":"Willkommen im M\u00fchlen-Erlebniszentrum","potentialAction":[{"@type":"SearchAction","target":{"@type":"EntryPoint","urlTemplate":"https:\/\/www.muehlebirgel.de\/en\/?s={search_term_string}"},"query-input":{"@type":"PropertyValueSpecification","valueRequired":true,"valueName":"search_term_string"}}],"inLanguage":"en-US"}]}},"_links":{"self":[{"href":"https:\/\/www.muehlebirgel.de\/en\/wp-json\/wp\/v2\/pages\/9844","targetHints":{"allow":["GET"]}}],"collection":[{"href":"https:\/\/www.muehlebirgel.de\/en\/wp-json\/wp\/v2\/pages"}],"about":[{"href":"https:\/\/www.muehlebirgel.de\/en\/wp-json\/wp\/v2\/types\/page"}],"author":[{"embeddable":true,"href":"https:\/\/www.muehlebirgel.de\/en\/wp-json\/wp\/v2\/users\/1"}],"replies":[{"embeddable":true,"href":"https:\/\/www.muehlebirgel.de\/en\/wp-json\/wp\/v2\/comments?post=9844"}],"version-history":[{"count":1,"href":"https:\/\/www.muehlebirgel.de\/en\/wp-json\/wp\/v2\/pages\/9844\/revisions"}],"predecessor-version":[{"id":9847,"href":"https:\/\/www.muehlebirgel.de\/en\/wp-json\/wp\/v2\/pages\/9844\/revisions\/9847"}],"up":[{"embeddable":true,"href":"https:\/\/www.muehlebirgel.de\/en\/wp-json\/wp\/v2\/pages\/9735"}],"wp:attachment":[{"href":"https:\/\/www.muehlebirgel.de\/en\/wp-json\/wp\/v2\/media?parent=9844"}],"curies":[{"name":"wp","href":"https:\/\/api.w.org\/{rel}","templated":true}]}}