{"id":10301,"date":"2019-12-08T14:07:57","date_gmt":"2019-12-08T14:07:57","guid":{"rendered":"https:\/\/www.muehlebirgel.de\/shop\/distilling-of-schnapps-with-erwin-vd-muehle\/"},"modified":"2026-04-23T10:30:59","modified_gmt":"2026-04-23T08:30:59","slug":"schnapps-distilling-with-erwin-vd-mill","status":"publish","type":"product","link":"https:\/\/www.muehlebirgel.de\/en\/shop\/distilling-of-schnapps-with-erwin-vd-muehle","title":{"rendered":"Schnapps distilling voucher with Erwin v.d. M\u00fchle"},"content":{"rendered":"<h2>Decorative gift voucher for distilling schnapps with Erwin vd M\u00fchle<\/h2>\n<p><strong>This is included in the offer:<\/strong><\/p>\n<ul>\n<li>1 x overnight stay<\/li>\n<li>1 x breakfast buffet<\/li>\n<li>1 x welcome liqueur<\/li>\n<li>1 x 3 course evening menu<\/li>\n<li>1 x mill feast from the cauldron, div. Booze<\/li>\n<li>1 x schnapps distilling<\/li>\n<li>1 x mill tour<\/li>\n<li>1 x lunch<\/li>\n<li>1 x free parking space<\/li>\n<\/ul>\n<p>More information about <a href=\"https:\/\/www.muehlebirgel.de\/schnapsbrennen-mit-erwin-v-d-muehle\">distilling schnapps with Erwin von der M\u00fchle<\/a><\/p>\n<p>Note: When completing the purchase, please enter the name of the voucher recipient and, if applicable, the name of the voucher recipient in the comments field. further comments. Your decorative gift voucher usually arrives in the post on the same day. Shipping is free of charge. Redemption by appointment.  <\/p>\n","protected":false},"excerpt":{"rendered":"<p>Decorative gift voucher for distilling schnapps with Erwin vd M\u00fchle This is included in the offer: 1 x overnight stay 1 x breakfast buffet 1 x welcome liqueur 1 x 3 course evening menu 1 x mill feast from the cauldron, div. Booze 1 x schnapps distilling 1 x mill tour 1 x lunch 1 [&hellip;]<\/p>\n","protected":false},"featured_media":64203,"template":"","meta":[],"product_brand":[],"product_cat":[128],"product_tag":[],"class_list":{"0":"post-10301","1":"product","2":"type-product","3":"status-publish","4":"has-post-thumbnail","6":"product_cat-coupons","7":"product_shipping_class-free-shipping","9":"first","10":"instock","11":"taxable","12":"shipping-taxable","13":"purchasable","14":"product-type-variable","15":"has-default-attributes"},"yoast_head":"<!-- This site is optimized with the Yoast SEO plugin v27.2 - https:\/\/yoast.com\/product\/yoast-seo-wordpress\/ -->\n<title>Schnapps distilling voucher with Erwin v.d. M\u00fchle - Historische Wasserm\u00fchle Birgel<\/title>\n<meta name=\"robots\" content=\"index, follow, max-snippet:-1, max-image-preview:large, max-video-preview:-1\" \/>\n<link rel=\"canonical\" href=\"https:\/\/www.muehlebirgel.de\/en\/shop\/distilling-of-schnapps-with-erwin-vd-muehle\" \/>\n<meta property=\"og:locale\" content=\"en_US\" \/>\n<meta property=\"og:type\" content=\"article\" \/>\n<meta property=\"og:title\" content=\"Schnapps distilling voucher with Erwin v.d. M\u00fchle - Historische Wasserm\u00fchle Birgel\" \/>\n<meta property=\"og:description\" content=\"Decorative gift voucher for distilling schnapps with Erwin vd M\u00fchle This is included in the offer: 1 x overnight stay 1 x breakfast buffet 1 x welcome liqueur 1 x 3 course evening menu 1 x mill feast from the cauldron, div. Booze 1 x schnapps distilling 1 x mill tour 1 x lunch 1 [&hellip;]\" \/>\n<meta property=\"og:url\" content=\"https:\/\/www.muehlebirgel.de\/en\/shop\/distilling-of-schnapps-with-erwin-vd-muehle\/\" \/>\n<meta property=\"og:site_name\" content=\"Historische Wasserm\u00fchle Birgel\" \/>\n<meta property=\"article:modified_time\" content=\"2026-04-23T08:30:59+00:00\" \/>\n<meta property=\"og:image\" content=\"https:\/\/www.muehlebirgel.de\/wp-content\/uploads\/schnapsbrennerei-01-1024x683-1.webp\" \/>\n\t<meta property=\"og:image:width\" content=\"1024\" \/>\n\t<meta property=\"og:image:height\" content=\"683\" \/>\n\t<meta property=\"og:image:type\" content=\"image\/webp\" \/>\n<meta name=\"twitter:card\" content=\"summary_large_image\" \/>\n<meta name=\"twitter:label1\" content=\"Est. reading time\" \/>\n\t<meta name=\"twitter:data1\" content=\"1 minute\" \/>\n<script type=\"application\/ld+json\" class=\"yoast-schema-graph\">{\"@context\":\"https:\/\/schema.org\",\"@graph\":[{\"@type\":\"WebPage\",\"@id\":\"https:\/\/www.muehlebirgel.de\/en\/shop\/distilling-of-schnapps-with-erwin-vd-muehle\",\"url\":\"https:\/\/www.muehlebirgel.de\/en\/shop\/distilling-of-schnapps-with-erwin-vd-muehle\",\"name\":\"Schnapps distilling voucher with Erwin v.d. M\u00fchle - Historische Wasserm\u00fchle Birgel\",\"isPartOf\":{\"@id\":\"https:\/\/www.muehlebirgel.de\/en\/#website\"},\"primaryImageOfPage\":{\"@id\":\"https:\/\/www.muehlebirgel.de\/en\/shop\/distilling-of-schnapps-with-erwin-vd-muehle#primaryimage\"},\"image\":{\"@id\":\"https:\/\/www.muehlebirgel.de\/en\/shop\/distilling-of-schnapps-with-erwin-vd-muehle#primaryimage\"},\"thumbnailUrl\":\"https:\/\/www.muehlebirgel.de\/wp-content\/uploads\/schnapsbrennerei-01-1024x683-1.webp\",\"datePublished\":\"2019-12-08T14:07:57+00:00\",\"dateModified\":\"2026-04-23T08:30:59+00:00\",\"breadcrumb\":{\"@id\":\"https:\/\/www.muehlebirgel.de\/en\/shop\/distilling-of-schnapps-with-erwin-vd-muehle#breadcrumb\"},\"inLanguage\":\"en-US\",\"potentialAction\":[{\"@type\":\"ReadAction\",\"target\":[\"https:\/\/www.muehlebirgel.de\/en\/shop\/distilling-of-schnapps-with-erwin-vd-muehle\"]}]},{\"@type\":\"ImageObject\",\"inLanguage\":\"en-US\",\"@id\":\"https:\/\/www.muehlebirgel.de\/en\/shop\/distilling-of-schnapps-with-erwin-vd-muehle#primaryimage\",\"url\":\"https:\/\/www.muehlebirgel.de\/wp-content\/uploads\/schnapsbrennerei-01-1024x683-1.webp\",\"contentUrl\":\"https:\/\/www.muehlebirgel.de\/wp-content\/uploads\/schnapsbrennerei-01-1024x683-1.webp\",\"width\":1024,\"height\":683},{\"@type\":\"BreadcrumbList\",\"@id\":\"https:\/\/www.muehlebirgel.de\/en\/shop\/distilling-of-schnapps-with-erwin-vd-muehle#breadcrumb\",\"itemListElement\":[{\"@type\":\"ListItem\",\"position\":1,\"name\":\"Startseite\",\"item\":\"https:\/\/www.muehlebirgel.de\/en\"},{\"@type\":\"ListItem\",\"position\":2,\"name\":\"Products\",\"item\":\"https:\/\/www.muehlebirgel.de\/en\/shop\"},{\"@type\":\"ListItem\",\"position\":3,\"name\":\"Schnapps distilling voucher with Erwin v.d. M\u00fchle\"}]},{\"@type\":\"WebSite\",\"@id\":\"https:\/\/www.muehlebirgel.de\/en\/#website\",\"url\":\"https:\/\/www.muehlebirgel.de\/en\/\",\"name\":\"Historische Wasserm\u00fchle Birgel\",\"description\":\"Willkommen im M\u00fchlen-Erlebniszentrum\",\"potentialAction\":[{\"@type\":\"SearchAction\",\"target\":{\"@type\":\"EntryPoint\",\"urlTemplate\":\"https:\/\/www.muehlebirgel.de\/en\/?s={search_term_string}\"},\"query-input\":{\"@type\":\"PropertyValueSpecification\",\"valueRequired\":true,\"valueName\":\"search_term_string\"}}],\"inLanguage\":\"en-US\"}]}<\/script>\n<!-- \/ Yoast SEO plugin. -->","yoast_head_json":{"title":"Schnapps distilling voucher with Erwin v.d. M\u00fchle - Historische Wasserm\u00fchle Birgel","robots":{"index":"index","follow":"follow","max-snippet":"max-snippet:-1","max-image-preview":"max-image-preview:large","max-video-preview":"max-video-preview:-1"},"canonical":"https:\/\/www.muehlebirgel.de\/en\/shop\/distilling-of-schnapps-with-erwin-vd-muehle","og_locale":"en_US","og_type":"article","og_title":"Schnapps distilling voucher with Erwin v.d. M\u00fchle - Historische Wasserm\u00fchle Birgel","og_description":"Decorative gift voucher for distilling schnapps with Erwin vd M\u00fchle This is included in the offer: 1 x overnight stay 1 x breakfast buffet 1 x welcome liqueur 1 x 3 course evening menu 1 x mill feast from the cauldron, div. Booze 1 x schnapps distilling 1 x mill tour 1 x lunch 1 [&hellip;]","og_url":"https:\/\/www.muehlebirgel.de\/en\/shop\/distilling-of-schnapps-with-erwin-vd-muehle\/","og_site_name":"Historische Wasserm\u00fchle Birgel","article_modified_time":"2026-04-23T08:30:59+00:00","og_image":[{"width":1024,"height":683,"url":"https:\/\/www.muehlebirgel.de\/wp-content\/uploads\/schnapsbrennerei-01-1024x683-1.webp","type":"image\/webp"}],"twitter_card":"summary_large_image","twitter_misc":{"Est. reading time":"1 minute"},"schema":{"@context":"https:\/\/schema.org","@graph":[{"@type":"WebPage","@id":"https:\/\/www.muehlebirgel.de\/en\/shop\/distilling-of-schnapps-with-erwin-vd-muehle","url":"https:\/\/www.muehlebirgel.de\/en\/shop\/distilling-of-schnapps-with-erwin-vd-muehle","name":"Schnapps distilling voucher with Erwin v.d. M\u00fchle - Historische Wasserm\u00fchle Birgel","isPartOf":{"@id":"https:\/\/www.muehlebirgel.de\/en\/#website"},"primaryImageOfPage":{"@id":"https:\/\/www.muehlebirgel.de\/en\/shop\/distilling-of-schnapps-with-erwin-vd-muehle#primaryimage"},"image":{"@id":"https:\/\/www.muehlebirgel.de\/en\/shop\/distilling-of-schnapps-with-erwin-vd-muehle#primaryimage"},"thumbnailUrl":"https:\/\/www.muehlebirgel.de\/wp-content\/uploads\/schnapsbrennerei-01-1024x683-1.webp","datePublished":"2019-12-08T14:07:57+00:00","dateModified":"2026-04-23T08:30:59+00:00","breadcrumb":{"@id":"https:\/\/www.muehlebirgel.de\/en\/shop\/distilling-of-schnapps-with-erwin-vd-muehle#breadcrumb"},"inLanguage":"en-US","potentialAction":[{"@type":"ReadAction","target":["https:\/\/www.muehlebirgel.de\/en\/shop\/distilling-of-schnapps-with-erwin-vd-muehle"]}]},{"@type":"ImageObject","inLanguage":"en-US","@id":"https:\/\/www.muehlebirgel.de\/en\/shop\/distilling-of-schnapps-with-erwin-vd-muehle#primaryimage","url":"https:\/\/www.muehlebirgel.de\/wp-content\/uploads\/schnapsbrennerei-01-1024x683-1.webp","contentUrl":"https:\/\/www.muehlebirgel.de\/wp-content\/uploads\/schnapsbrennerei-01-1024x683-1.webp","width":1024,"height":683},{"@type":"BreadcrumbList","@id":"https:\/\/www.muehlebirgel.de\/en\/shop\/distilling-of-schnapps-with-erwin-vd-muehle#breadcrumb","itemListElement":[{"@type":"ListItem","position":1,"name":"Startseite","item":"https:\/\/www.muehlebirgel.de\/en"},{"@type":"ListItem","position":2,"name":"Products","item":"https:\/\/www.muehlebirgel.de\/en\/shop"},{"@type":"ListItem","position":3,"name":"Schnapps distilling voucher with Erwin v.d. M\u00fchle"}]},{"@type":"WebSite","@id":"https:\/\/www.muehlebirgel.de\/en\/#website","url":"https:\/\/www.muehlebirgel.de\/en\/","name":"Historische Wasserm\u00fchle Birgel","description":"Willkommen im M\u00fchlen-Erlebniszentrum","potentialAction":[{"@type":"SearchAction","target":{"@type":"EntryPoint","urlTemplate":"https:\/\/www.muehlebirgel.de\/en\/?s={search_term_string}"},"query-input":{"@type":"PropertyValueSpecification","valueRequired":true,"valueName":"search_term_string"}}],"inLanguage":"en-US"}]}},"_links":{"self":[{"href":"https:\/\/www.muehlebirgel.de\/en\/wp-json\/wp\/v2\/product\/10301","targetHints":{"allow":["GET"]}}],"collection":[{"href":"https:\/\/www.muehlebirgel.de\/en\/wp-json\/wp\/v2\/product"}],"about":[{"href":"https:\/\/www.muehlebirgel.de\/en\/wp-json\/wp\/v2\/types\/product"}],"wp:featuredmedia":[{"embeddable":true,"href":"https:\/\/www.muehlebirgel.de\/en\/wp-json\/wp\/v2\/media\/64203"}],"wp:attachment":[{"href":"https:\/\/www.muehlebirgel.de\/en\/wp-json\/wp\/v2\/media?parent=10301"}],"wp:term":[{"taxonomy":"product_brand","embeddable":true,"href":"https:\/\/www.muehlebirgel.de\/en\/wp-json\/wp\/v2\/product_brand?post=10301"},{"taxonomy":"product_cat","embeddable":true,"href":"https:\/\/www.muehlebirgel.de\/en\/wp-json\/wp\/v2\/product_cat?post=10301"},{"taxonomy":"product_tag","embeddable":true,"href":"https:\/\/www.muehlebirgel.de\/en\/wp-json\/wp\/v2\/product_tag?post=10301"}],"curies":[{"name":"wp","href":"https:\/\/api.w.org\/{rel}","templated":true}]}}