{"id":36287,"date":"2022-09-19T08:15:55","date_gmt":"2022-09-19T07:15:55","guid":{"rendered":"https:\/\/www.muehlebirgel.de\/shop\/erwins-wheat-beer-glass"},"modified":"2026-05-07T17:50:49","modified_gmt":"2026-05-07T15:50:49","slug":"erwins-wheat-beer-glass","status":"publish","type":"product","link":"https:\/\/www.muehlebirgel.de\/en\/shop\/erwins-wheat-beer-glass\/","title":{"rendered":"Erwin&#8217;s wheat beer glass"},"content":{"rendered":"<h2><strong>Wheat beer glass from the Eifel region by Chefm\u00fcller Erwin &#8211; high-quality and unmistakable<\/strong><\/h2>\n<p>If you like to enjoy a M\u00fchlenweizen at home in a convivial atmosphere, or even in the comfort of your own home or as a couple, then you should do so in style in original M\u00fchlenweizen glasses. Our M\u00fchlenweizen certainly tastes a little bit better in Erwin&#8217;s wheat beer glasses.<\/p>\n<p>Our wheat beer glass has a capacity of 0.4 l.<\/p>\n<p><strong>Erwin&#8217;s wheat beer glasses: only genuine with the original mill beer motif.  <\/strong><\/p>\n<p>What is the design and motif of the M\u00fchlenbier logo supposed to tell us? Head miller Erwin, who is responsible for the quality of Birgeler M\u00fchlenbraukunst, provides us with the answer in person: &#8220;The design of our logo is representative of our respect for the monastic art of brewing in times when monks were the only brewers. My likeness in the logo is intended to represent my ambition to come as close as possible to the monks&#8217; art of brewing with every brew. The oversized ice crystal in our beer logo stands for the fact that beer tastes best when chilled!&#8221;<\/p>\n","protected":false},"excerpt":{"rendered":"<p>Wheat beer glass from the Eifel region by Chefm\u00fcller Erwin &#8211; high-quality and unmistakable If you like to enjoy a M\u00fchlenweizen at home in a convivial atmosphere, or even in the comfort of your own home or as a couple, then you should do so in style in original M\u00fchlenweizen glasses. Our M\u00fchlenweizen certainly tastes [&hellip;]<\/p>\n","protected":false},"featured_media":12854,"template":"","meta":[],"product_brand":[],"product_cat":[230],"product_tag":[],"class_list":{"0":"post-36287","1":"product","2":"type-product","3":"status-publish","4":"has-post-thumbnail","6":"product_cat-erwins-mill-beer","7":"product_shipping_class-insured-shipping","9":"first","10":"instock","11":"taxable","12":"shipping-taxable","13":"purchasable","14":"product-type-simple"},"yoast_head":"<!-- This site is optimized with the Yoast SEO plugin v27.5 - https:\/\/yoast.com\/product\/yoast-seo-wordpress\/ -->\n<title>Erwin&#039;s wheat beer glass - Historische Wasserm\u00fchle Birgel<\/title>\n<meta name=\"robots\" content=\"noindex, follow, max-snippet:-1, max-image-preview:large, max-video-preview:-1\" \/>\n<meta property=\"og:locale\" content=\"en_US\" \/>\n<meta property=\"og:type\" content=\"article\" \/>\n<meta property=\"og:title\" content=\"Erwin&#039;s wheat beer glass - Historische Wasserm\u00fchle Birgel\" \/>\n<meta property=\"og:description\" content=\"Wheat beer glass from the Eifel region by Chefm\u00fcller Erwin &#8211; high-quality and unmistakable If you like to enjoy a M\u00fchlenweizen at home in a convivial atmosphere, or even in the comfort of your own home or as a couple, then you should do so in style in original M\u00fchlenweizen glasses. Our M\u00fchlenweizen certainly tastes [&hellip;]\" \/>\n<meta property=\"og:url\" content=\"https:\/\/www.muehlebirgel.de\/en\/shop\/erwins-wheat-beer-glass\/\" \/>\n<meta property=\"og:site_name\" content=\"Historische Wasserm\u00fchle Birgel\" \/>\n<meta property=\"article:modified_time\" content=\"2026-05-07T15:50:49+00:00\" \/>\n<meta property=\"og:image\" content=\"https:\/\/www.muehlebirgel.de\/wp-content\/uploads\/2022\/09\/Erwins-Muehlenweizenglas.jpg\" \/>\n\t<meta property=\"og:image:width\" content=\"1407\" \/>\n\t<meta property=\"og:image:height\" content=\"2110\" \/>\n\t<meta property=\"og:image:type\" content=\"image\/jpeg\" \/>\n<meta name=\"twitter:card\" content=\"summary_large_image\" \/>\n<meta name=\"twitter:label1\" content=\"Est. reading time\" \/>\n\t<meta name=\"twitter:data1\" content=\"1 minute\" \/>\n<script type=\"application\/ld+json\" class=\"yoast-schema-graph\">{\"@context\":\"https:\\\/\\\/schema.org\",\"@graph\":[{\"@type\":\"WebPage\",\"@id\":\"https:\\\/\\\/www.muehlebirgel.de\\\/en\\\/shop\\\/erwins-wheat-beer-glass\\\/\",\"url\":\"https:\\\/\\\/www.muehlebirgel.de\\\/en\\\/shop\\\/erwins-wheat-beer-glass\\\/\",\"name\":\"Erwin's wheat beer glass - Historische Wasserm\u00fchle Birgel\",\"isPartOf\":{\"@id\":\"https:\\\/\\\/www.muehlebirgel.de\\\/en\\\/#website\"},\"primaryImageOfPage\":{\"@id\":\"https:\\\/\\\/www.muehlebirgel.de\\\/en\\\/shop\\\/erwins-wheat-beer-glass\\\/#primaryimage\"},\"image\":{\"@id\":\"https:\\\/\\\/www.muehlebirgel.de\\\/en\\\/shop\\\/erwins-wheat-beer-glass\\\/#primaryimage\"},\"thumbnailUrl\":\"https:\\\/\\\/www.muehlebirgel.de\\\/wp-content\\\/uploads\\\/2022\\\/09\\\/Erwins-Muehlenweizenglas.jpg\",\"datePublished\":\"2022-09-19T07:15:55+00:00\",\"dateModified\":\"2026-05-07T15:50:49+00:00\",\"breadcrumb\":{\"@id\":\"https:\\\/\\\/www.muehlebirgel.de\\\/en\\\/shop\\\/erwins-wheat-beer-glass\\\/#breadcrumb\"},\"inLanguage\":\"en-US\",\"potentialAction\":[{\"@type\":\"ReadAction\",\"target\":[\"https:\\\/\\\/www.muehlebirgel.de\\\/en\\\/shop\\\/erwins-wheat-beer-glass\\\/\"]}]},{\"@type\":\"ImageObject\",\"inLanguage\":\"en-US\",\"@id\":\"https:\\\/\\\/www.muehlebirgel.de\\\/en\\\/shop\\\/erwins-wheat-beer-glass\\\/#primaryimage\",\"url\":\"https:\\\/\\\/www.muehlebirgel.de\\\/wp-content\\\/uploads\\\/2022\\\/09\\\/Erwins-Muehlenweizenglas.jpg\",\"contentUrl\":\"https:\\\/\\\/www.muehlebirgel.de\\\/wp-content\\\/uploads\\\/2022\\\/09\\\/Erwins-Muehlenweizenglas.jpg\",\"width\":1407,\"height\":2110},{\"@type\":\"BreadcrumbList\",\"@id\":\"https:\\\/\\\/www.muehlebirgel.de\\\/en\\\/shop\\\/erwins-wheat-beer-glass\\\/#breadcrumb\",\"itemListElement\":[{\"@type\":\"ListItem\",\"position\":1,\"name\":\"Startseite\",\"item\":\"https:\\\/\\\/www.muehlebirgel.de\\\/en\\\/startseite\\\/\"},{\"@type\":\"ListItem\",\"position\":2,\"name\":\"online shop\",\"item\":\"https:\\\/\\\/www.muehlebirgel.de\\\/en\\\/shop-2\\\/\"},{\"@type\":\"ListItem\",\"position\":3,\"name\":\"Erwin's mill beer\",\"item\":\"https:\\\/\\\/www.muehlebirgel.de\\\/en\\\/shop\\\/erwins-mill-beer\\\/\"},{\"@type\":\"ListItem\",\"position\":4,\"name\":\"Erwin&#8217;s wheat beer glass\"}]},{\"@type\":\"WebSite\",\"@id\":\"https:\\\/\\\/www.muehlebirgel.de\\\/en\\\/#website\",\"url\":\"https:\\\/\\\/www.muehlebirgel.de\\\/en\\\/\",\"name\":\"Historische Wasserm\u00fchle Birgel\",\"description\":\"Willkommen im M\u00fchlen-Erlebniszentrum\",\"publisher\":{\"@id\":\"https:\\\/\\\/www.muehlebirgel.de\\\/en\\\/#organization\"},\"potentialAction\":[{\"@type\":\"SearchAction\",\"target\":{\"@type\":\"EntryPoint\",\"urlTemplate\":\"https:\\\/\\\/www.muehlebirgel.de\\\/en\\\/?s={search_term_string}\"},\"query-input\":{\"@type\":\"PropertyValueSpecification\",\"valueRequired\":true,\"valueName\":\"search_term_string\"}}],\"inLanguage\":\"en-US\"},{\"@type\":\"Organization\",\"@id\":\"https:\\\/\\\/www.muehlebirgel.de\\\/en\\\/#organization\",\"name\":\"Historische Wasserm\u00fchle Birgel\",\"url\":\"https:\\\/\\\/www.muehlebirgel.de\\\/en\\\/\",\"logo\":{\"@type\":\"ImageObject\",\"inLanguage\":\"en-US\",\"@id\":\"https:\\\/\\\/www.muehlebirgel.de\\\/en\\\/#\\\/schema\\\/logo\\\/image\\\/\",\"url\":\"https:\\\/\\\/www.muehlebirgel.de\\\/wp-content\\\/uploads\\\/logo-muehle-schwarz.webp\",\"contentUrl\":\"https:\\\/\\\/www.muehlebirgel.de\\\/wp-content\\\/uploads\\\/logo-muehle-schwarz.webp\",\"width\":2140,\"height\":1803,\"caption\":\"Historische Wasserm\u00fchle Birgel\"},\"image\":{\"@id\":\"https:\\\/\\\/www.muehlebirgel.de\\\/en\\\/#\\\/schema\\\/logo\\\/image\\\/\"}}]}<\/script>\n<!-- \/ Yoast SEO plugin. -->","yoast_head_json":{"title":"Erwin's wheat beer glass - Historische Wasserm\u00fchle Birgel","robots":{"index":"noindex","follow":"follow","max-snippet":"max-snippet:-1","max-image-preview":"max-image-preview:large","max-video-preview":"max-video-preview:-1"},"og_locale":"en_US","og_type":"article","og_title":"Erwin's wheat beer glass - Historische Wasserm\u00fchle Birgel","og_description":"Wheat beer glass from the Eifel region by Chefm\u00fcller Erwin &#8211; high-quality and unmistakable If you like to enjoy a M\u00fchlenweizen at home in a convivial atmosphere, or even in the comfort of your own home or as a couple, then you should do so in style in original M\u00fchlenweizen glasses. Our M\u00fchlenweizen certainly tastes [&hellip;]","og_url":"https:\/\/www.muehlebirgel.de\/en\/shop\/erwins-wheat-beer-glass\/","og_site_name":"Historische Wasserm\u00fchle Birgel","article_modified_time":"2026-05-07T15:50:49+00:00","og_image":[{"width":1407,"height":2110,"url":"https:\/\/www.muehlebirgel.de\/wp-content\/uploads\/2022\/09\/Erwins-Muehlenweizenglas.jpg","type":"image\/jpeg"}],"twitter_card":"summary_large_image","twitter_misc":{"Est. reading time":"1 minute"},"schema":{"@context":"https:\/\/schema.org","@graph":[{"@type":"WebPage","@id":"https:\/\/www.muehlebirgel.de\/en\/shop\/erwins-wheat-beer-glass\/","url":"https:\/\/www.muehlebirgel.de\/en\/shop\/erwins-wheat-beer-glass\/","name":"Erwin's wheat beer glass - Historische Wasserm\u00fchle Birgel","isPartOf":{"@id":"https:\/\/www.muehlebirgel.de\/en\/#website"},"primaryImageOfPage":{"@id":"https:\/\/www.muehlebirgel.de\/en\/shop\/erwins-wheat-beer-glass\/#primaryimage"},"image":{"@id":"https:\/\/www.muehlebirgel.de\/en\/shop\/erwins-wheat-beer-glass\/#primaryimage"},"thumbnailUrl":"https:\/\/www.muehlebirgel.de\/wp-content\/uploads\/2022\/09\/Erwins-Muehlenweizenglas.jpg","datePublished":"2022-09-19T07:15:55+00:00","dateModified":"2026-05-07T15:50:49+00:00","breadcrumb":{"@id":"https:\/\/www.muehlebirgel.de\/en\/shop\/erwins-wheat-beer-glass\/#breadcrumb"},"inLanguage":"en-US","potentialAction":[{"@type":"ReadAction","target":["https:\/\/www.muehlebirgel.de\/en\/shop\/erwins-wheat-beer-glass\/"]}]},{"@type":"ImageObject","inLanguage":"en-US","@id":"https:\/\/www.muehlebirgel.de\/en\/shop\/erwins-wheat-beer-glass\/#primaryimage","url":"https:\/\/www.muehlebirgel.de\/wp-content\/uploads\/2022\/09\/Erwins-Muehlenweizenglas.jpg","contentUrl":"https:\/\/www.muehlebirgel.de\/wp-content\/uploads\/2022\/09\/Erwins-Muehlenweizenglas.jpg","width":1407,"height":2110},{"@type":"BreadcrumbList","@id":"https:\/\/www.muehlebirgel.de\/en\/shop\/erwins-wheat-beer-glass\/#breadcrumb","itemListElement":[{"@type":"ListItem","position":1,"name":"Startseite","item":"https:\/\/www.muehlebirgel.de\/en\/startseite\/"},{"@type":"ListItem","position":2,"name":"online shop","item":"https:\/\/www.muehlebirgel.de\/en\/shop-2\/"},{"@type":"ListItem","position":3,"name":"Erwin's mill beer","item":"https:\/\/www.muehlebirgel.de\/en\/shop\/erwins-mill-beer\/"},{"@type":"ListItem","position":4,"name":"Erwin&#8217;s wheat beer glass"}]},{"@type":"WebSite","@id":"https:\/\/www.muehlebirgel.de\/en\/#website","url":"https:\/\/www.muehlebirgel.de\/en\/","name":"Historische Wasserm\u00fchle Birgel","description":"Willkommen im M\u00fchlen-Erlebniszentrum","publisher":{"@id":"https:\/\/www.muehlebirgel.de\/en\/#organization"},"potentialAction":[{"@type":"SearchAction","target":{"@type":"EntryPoint","urlTemplate":"https:\/\/www.muehlebirgel.de\/en\/?s={search_term_string}"},"query-input":{"@type":"PropertyValueSpecification","valueRequired":true,"valueName":"search_term_string"}}],"inLanguage":"en-US"},{"@type":"Organization","@id":"https:\/\/www.muehlebirgel.de\/en\/#organization","name":"Historische Wasserm\u00fchle Birgel","url":"https:\/\/www.muehlebirgel.de\/en\/","logo":{"@type":"ImageObject","inLanguage":"en-US","@id":"https:\/\/www.muehlebirgel.de\/en\/#\/schema\/logo\/image\/","url":"https:\/\/www.muehlebirgel.de\/wp-content\/uploads\/logo-muehle-schwarz.webp","contentUrl":"https:\/\/www.muehlebirgel.de\/wp-content\/uploads\/logo-muehle-schwarz.webp","width":2140,"height":1803,"caption":"Historische Wasserm\u00fchle Birgel"},"image":{"@id":"https:\/\/www.muehlebirgel.de\/en\/#\/schema\/logo\/image\/"}}]}},"_links":{"self":[{"href":"https:\/\/www.muehlebirgel.de\/en\/wp-json\/wp\/v2\/product\/36287","targetHints":{"allow":["GET"]}}],"collection":[{"href":"https:\/\/www.muehlebirgel.de\/en\/wp-json\/wp\/v2\/product"}],"about":[{"href":"https:\/\/www.muehlebirgel.de\/en\/wp-json\/wp\/v2\/types\/product"}],"version-history":[{"count":1,"href":"https:\/\/www.muehlebirgel.de\/en\/wp-json\/wp\/v2\/product\/36287\/revisions"}],"predecessor-version":[{"id":68716,"href":"https:\/\/www.muehlebirgel.de\/en\/wp-json\/wp\/v2\/product\/36287\/revisions\/68716"}],"wp:featuredmedia":[{"embeddable":true,"href":"https:\/\/www.muehlebirgel.de\/en\/wp-json\/wp\/v2\/media\/12854"}],"wp:attachment":[{"href":"https:\/\/www.muehlebirgel.de\/en\/wp-json\/wp\/v2\/media?parent=36287"}],"wp:term":[{"taxonomy":"product_brand","embeddable":true,"href":"https:\/\/www.muehlebirgel.de\/en\/wp-json\/wp\/v2\/product_brand?post=36287"},{"taxonomy":"product_cat","embeddable":true,"href":"https:\/\/www.muehlebirgel.de\/en\/wp-json\/wp\/v2\/product_cat?post=36287"},{"taxonomy":"product_tag","embeddable":true,"href":"https:\/\/www.muehlebirgel.de\/en\/wp-json\/wp\/v2\/product_tag?post=36287"}],"curies":[{"name":"wp","href":"https:\/\/api.w.org\/{rel}","templated":true}]}}