{"id":10018,"date":"2021-12-10T15:05:49","date_gmt":"2021-12-10T15:05:49","guid":{"rendered":"https:\/\/www.muehlebirgel.de\/contacter\/materiel-dinformation-pdf\/"},"modified":"2025-10-07T15:29:24","modified_gmt":"2025-10-07T13:29:24","slug":"materiel-dinformation-pdf","status":"publish","type":"page","link":"https:\/\/www.muehlebirgel.de\/fr\/materiel-dinformation-pdf","title":{"rendered":"Mat\u00e9riel d&rsquo;information (PDF)"},"content":{"rendered":"\n<p><a href=\"https:\/\/www.muehlebirgel.de\/wp-content\/uploads\/Muehlenflyer.pdf\">D\u00e9pliant du moulin au format PDF &gt;&gt;<\/a><\/p>\n\n<p><a href=\"https:\/\/www.muehlebirgel.de\/wp-content\/uploads\/Gesamtprogramm-2025-web.pdf\">Notre programme global pour l&rsquo;ann\u00e9e 2025  &gt;&gt;<\/a><\/p>\n\n<p><a href=\"https:\/\/www.muehlebirgel.de\/wp-content\/uploads\/Gesamtprogramm-2026.pdf\" target=\"_blank\" rel=\"noreferrer noopener\">Notre programme global pour l&rsquo;ann\u00e9e 2026  &gt;&gt;<\/a><\/p>\n\n<p><a href=\"https:\/\/www.muehlebirgel.de\/wp-content\/uploads\/Seniorenausflugsflyer.pdf\">D\u00e9pliant sur l&rsquo;excursion des seniors<\/a><\/p>\n\n<p><br\/><span data-mce-type=\"bookmark\" class=\"mce_SELRES_start\" style=\"display: inline-block; width: 0px; overflow: hidden; line-height: 0;\"><\/span><\/p>\n","protected":false},"excerpt":{"rendered":"<p>D\u00e9pliant du moulin au format PDF &gt;&gt; Notre programme global pour l&rsquo;ann\u00e9e 2025 &gt;&gt; Notre programme global pour l&rsquo;ann\u00e9e 2026 &gt;&gt; D\u00e9pliant sur l&rsquo;excursion des seniors<\/p>\n","protected":false},"author":1,"featured_media":0,"parent":9659,"menu_order":4,"comment_status":"closed","ping_status":"closed","template":"","meta":{"footnotes":""},"class_list":["post-10018","page","type-page","status-publish","hentry"],"yoast_head":"<!-- This site is optimized with the Yoast SEO plugin v27.2 - https:\/\/yoast.com\/product\/yoast-seo-wordpress\/ -->\n<title>Mat\u00e9riel d&#039;information (PDF) - Historische Wasserm\u00fchle Birgel<\/title>\n<meta name=\"robots\" content=\"index, follow, max-snippet:-1, max-image-preview:large, max-video-preview:-1\" \/>\n<link rel=\"canonical\" href=\"https:\/\/www.muehlebirgel.de\/fr\/materiel-dinformation-pdf\" \/>\n<meta property=\"og:locale\" content=\"fr_FR\" \/>\n<meta property=\"og:type\" content=\"article\" \/>\n<meta property=\"og:title\" content=\"Mat\u00e9riel d&#039;information (PDF) - Historische Wasserm\u00fchle Birgel\" \/>\n<meta property=\"og:description\" content=\"D\u00e9pliant du moulin au format PDF &gt;&gt; Notre programme global pour l&rsquo;ann\u00e9e 2025 &gt;&gt; Notre programme global pour l&rsquo;ann\u00e9e 2026 &gt;&gt; D\u00e9pliant sur l&rsquo;excursion des seniors\" \/>\n<meta property=\"og:url\" content=\"https:\/\/www.muehlebirgel.de\/fr\/materiel-dinformation-pdf\/\" \/>\n<meta property=\"og:site_name\" content=\"Historische Wasserm\u00fchle Birgel\" \/>\n<meta property=\"article:modified_time\" content=\"2025-10-07T13:29:24+00:00\" \/>\n<meta name=\"twitter:card\" content=\"summary_large_image\" \/>\n<script type=\"application\/ld+json\" class=\"yoast-schema-graph\">{\"@context\":\"https:\/\/schema.org\",\"@graph\":[{\"@type\":\"WebPage\",\"@id\":\"https:\/\/www.muehlebirgel.de\/fr\/materiel-dinformation-pdf\",\"url\":\"https:\/\/www.muehlebirgel.de\/fr\/materiel-dinformation-pdf\",\"name\":\"Mat\u00e9riel d'information (PDF) - Historische Wasserm\u00fchle Birgel\",\"isPartOf\":{\"@id\":\"https:\/\/www.muehlebirgel.de\/fr\/#website\"},\"datePublished\":\"2021-12-10T15:05:49+00:00\",\"dateModified\":\"2025-10-07T13:29:24+00:00\",\"breadcrumb\":{\"@id\":\"https:\/\/www.muehlebirgel.de\/fr\/materiel-dinformation-pdf#breadcrumb\"},\"inLanguage\":\"fr-FR\",\"potentialAction\":[{\"@type\":\"ReadAction\",\"target\":[\"https:\/\/www.muehlebirgel.de\/fr\/materiel-dinformation-pdf\"]}]},{\"@type\":\"BreadcrumbList\",\"@id\":\"https:\/\/www.muehlebirgel.de\/fr\/materiel-dinformation-pdf#breadcrumb\",\"itemListElement\":[{\"@type\":\"ListItem\",\"position\":1,\"name\":\"Startseite\",\"item\":\"https:\/\/www.muehlebirgel.de\/fr\"},{\"@type\":\"ListItem\",\"position\":2,\"name\":\"Contacter\",\"item\":\"https:\/\/www.muehlebirgel.de\/fr\/contacter\/\"},{\"@type\":\"ListItem\",\"position\":3,\"name\":\"Mat\u00e9riel d&#8217;information (PDF)\"}]},{\"@type\":\"WebSite\",\"@id\":\"https:\/\/www.muehlebirgel.de\/fr\/#website\",\"url\":\"https:\/\/www.muehlebirgel.de\/fr\/\",\"name\":\"Historische Wasserm\u00fchle Birgel\",\"description\":\"Willkommen im M\u00fchlen-Erlebniszentrum\",\"potentialAction\":[{\"@type\":\"SearchAction\",\"target\":{\"@type\":\"EntryPoint\",\"urlTemplate\":\"https:\/\/www.muehlebirgel.de\/fr\/?s={search_term_string}\"},\"query-input\":{\"@type\":\"PropertyValueSpecification\",\"valueRequired\":true,\"valueName\":\"search_term_string\"}}],\"inLanguage\":\"fr-FR\"}]}<\/script>\n<!-- \/ Yoast SEO plugin. -->","yoast_head_json":{"title":"Mat\u00e9riel d'information (PDF) - Historische Wasserm\u00fchle Birgel","robots":{"index":"index","follow":"follow","max-snippet":"max-snippet:-1","max-image-preview":"max-image-preview:large","max-video-preview":"max-video-preview:-1"},"canonical":"https:\/\/www.muehlebirgel.de\/fr\/materiel-dinformation-pdf","og_locale":"fr_FR","og_type":"article","og_title":"Mat\u00e9riel d'information (PDF) - Historische Wasserm\u00fchle Birgel","og_description":"D\u00e9pliant du moulin au format PDF &gt;&gt; Notre programme global pour l&rsquo;ann\u00e9e 2025 &gt;&gt; Notre programme global pour l&rsquo;ann\u00e9e 2026 &gt;&gt; D\u00e9pliant sur l&rsquo;excursion des seniors","og_url":"https:\/\/www.muehlebirgel.de\/fr\/materiel-dinformation-pdf\/","og_site_name":"Historische Wasserm\u00fchle Birgel","article_modified_time":"2025-10-07T13:29:24+00:00","twitter_card":"summary_large_image","schema":{"@context":"https:\/\/schema.org","@graph":[{"@type":"WebPage","@id":"https:\/\/www.muehlebirgel.de\/fr\/materiel-dinformation-pdf","url":"https:\/\/www.muehlebirgel.de\/fr\/materiel-dinformation-pdf","name":"Mat\u00e9riel d'information (PDF) - Historische Wasserm\u00fchle Birgel","isPartOf":{"@id":"https:\/\/www.muehlebirgel.de\/fr\/#website"},"datePublished":"2021-12-10T15:05:49+00:00","dateModified":"2025-10-07T13:29:24+00:00","breadcrumb":{"@id":"https:\/\/www.muehlebirgel.de\/fr\/materiel-dinformation-pdf#breadcrumb"},"inLanguage":"fr-FR","potentialAction":[{"@type":"ReadAction","target":["https:\/\/www.muehlebirgel.de\/fr\/materiel-dinformation-pdf"]}]},{"@type":"BreadcrumbList","@id":"https:\/\/www.muehlebirgel.de\/fr\/materiel-dinformation-pdf#breadcrumb","itemListElement":[{"@type":"ListItem","position":1,"name":"Startseite","item":"https:\/\/www.muehlebirgel.de\/fr"},{"@type":"ListItem","position":2,"name":"Contacter","item":"https:\/\/www.muehlebirgel.de\/fr\/contacter\/"},{"@type":"ListItem","position":3,"name":"Mat\u00e9riel d&#8217;information (PDF)"}]},{"@type":"WebSite","@id":"https:\/\/www.muehlebirgel.de\/fr\/#website","url":"https:\/\/www.muehlebirgel.de\/fr\/","name":"Historische Wasserm\u00fchle Birgel","description":"Willkommen im M\u00fchlen-Erlebniszentrum","potentialAction":[{"@type":"SearchAction","target":{"@type":"EntryPoint","urlTemplate":"https:\/\/www.muehlebirgel.de\/fr\/?s={search_term_string}"},"query-input":{"@type":"PropertyValueSpecification","valueRequired":true,"valueName":"search_term_string"}}],"inLanguage":"fr-FR"}]}},"_links":{"self":[{"href":"https:\/\/www.muehlebirgel.de\/fr\/wp-json\/wp\/v2\/pages\/10018","targetHints":{"allow":["GET"]}}],"collection":[{"href":"https:\/\/www.muehlebirgel.de\/fr\/wp-json\/wp\/v2\/pages"}],"about":[{"href":"https:\/\/www.muehlebirgel.de\/fr\/wp-json\/wp\/v2\/types\/page"}],"author":[{"embeddable":true,"href":"https:\/\/www.muehlebirgel.de\/fr\/wp-json\/wp\/v2\/users\/1"}],"replies":[{"embeddable":true,"href":"https:\/\/www.muehlebirgel.de\/fr\/wp-json\/wp\/v2\/comments?post=10018"}],"version-history":[{"count":12,"href":"https:\/\/www.muehlebirgel.de\/fr\/wp-json\/wp\/v2\/pages\/10018\/revisions"}],"predecessor-version":[{"id":60857,"href":"https:\/\/www.muehlebirgel.de\/fr\/wp-json\/wp\/v2\/pages\/10018\/revisions\/60857"}],"up":[{"embeddable":true,"href":"https:\/\/www.muehlebirgel.de\/fr\/wp-json\/wp\/v2\/pages\/9659"}],"wp:attachment":[{"href":"https:\/\/www.muehlebirgel.de\/fr\/wp-json\/wp\/v2\/media?parent=10018"}],"curies":[{"name":"wp","href":"https:\/\/api.w.org\/{rel}","templated":true}]}}