{"id":10029,"date":"2021-12-10T15:05:59","date_gmt":"2021-12-10T15:05:59","guid":{"rendered":"https:\/\/www.muehlebirgel.de\/celebrez-votre-mariage-dans-leifel\/rapports-de-mariage-du-moulin-a-eau\/le-mariage-de-simone-et-manuel\/"},"modified":"2021-12-10T15:05:59","modified_gmt":"2021-12-10T15:05:59","slug":"le-mariage-de-simone-et-manuel","status":"publish","type":"page","link":"https:\/\/www.muehlebirgel.de\/fr\/le-mariage-de-simone-et-manuel","title":{"rendered":"Le mariage de Simone et Manuel"},"content":{"rendered":"<h2>Notre mariage le 8 septembre 2018 dans le \u00ab\u00a0moulin \u00e0 eau historique Birgel\u00a0\u00bb<\/h2>\n<p><img loading=\"lazy\" decoding=\"async\" class=\"size-full wp-image-365 alignleft\" style=\"width: 300px;height: 449px\" src=\"https:\/\/www.muehlebirgel.de\/wp-content\/uploads\/2010\/04\/Hochzeit7_0.jpg\" alt=\"\" width=\"300\" height=\"449\"><br \/>\nNous avons c\u00e9l\u00e9br\u00e9 notre c\u00e9r\u00e9monie de mariage le 8 septembre 2018 dans le \u00ab\u00a0Historisches Wasserm\u00fchle Birgel\u00a0\u00bb. Et oui&#8230; on peut dire que c&rsquo;\u00e9tait <strong>la journ\u00e9e parfaite<\/strong> pour nous !<\/p>\n<hr>\n<p><img loading=\"lazy\" decoding=\"async\" class=\"size-full wp-image-575 alignleft\" style=\"width: 300px;height: 201px\" src=\"https:\/\/www.muehlebirgel.de\/wp-content\/uploads\/2018\/12\/Hochzeit9_0.jpg\" alt=\"\" width=\"300\" height=\"201\"><\/p>\n<p>Mais commen\u00e7ons par le commencement : nous nous sommes vite rendu compte que le moulin \u00e9tait notre endroit pr\u00e9f\u00e9r\u00e9. Finalement, nous avons contact\u00e9 Erwin von der M\u00fchle et pris rendez-vous pour la premi\u00e8re rencontre.<\/p>\n<hr>\n<p><img loading=\"lazy\" decoding=\"async\" class=\"size-full wp-image-576 alignleft\" style=\"width: 300px;height: 450px\" src=\"https:\/\/www.muehlebirgel.de\/wp-content\/uploads\/2018\/12\/Hochzeit4_0.jpg\" alt=\"\" width=\"300\" height=\"450\"><\/p>\n<p>Nous nous sommes sentis comme chez nous, Erwin a discut\u00e9 avec nous de plusieurs ann\u00e9es d&rsquo;exp\u00e9rience, nous a montr\u00e9 le bureau d&rsquo;enregistrement et l&#8217;emplacement qu&rsquo;il pr\u00e9parerait pour des c\u00e9l\u00e9brations de cette envergure. Nous \u00e9tions ravis, pr\u00e9cis\u00e9ment parce que notre demande sp\u00e9ciale d&rsquo;un mariage civil et \u00ab gratuit \u00bb pouvait y \u00eatre satisfaite.<\/p>\n<hr>\n<p><img loading=\"lazy\" decoding=\"async\" class=\"size-full wp-image-577 alignleft\" style=\"width: 300px;height: 450px\" src=\"https:\/\/www.muehlebirgel.de\/wp-content\/uploads\/2018\/12\/Hochzeit2_0.jpg\" alt=\"\" width=\"300\" height=\"450\"><\/p>\n<p>Nous avions beaucoup de questions ; une offre d&rsquo;Erwin a suivi. Explicitement d\u00e9taill\u00e9 &#8230; r\u00e9pertori\u00e9 et subdivis\u00e9 pour les grands et les petits invit\u00e9s (enfants) avec plusieurs options, de sorte qu&rsquo;en tant que couple, vous puissiez choisir librement parmi une large s\u00e9lection d&rsquo;options sp\u00e9cialement coordonn\u00e9es et adapt\u00e9es. Bien entendu, nous avons d\u00e9cid\u00e9 de \u00ab c\u00e9l\u00e9brer \u00bb notre mariage l\u00e0-bas.<\/p>\n<hr>\n<p><img loading=\"lazy\" decoding=\"async\" class=\"size-full wp-image-578 alignleft\" style=\"width: 300px;height: 200px\" src=\"https:\/\/www.muehlebirgel.de\/wp-content\/uploads\/2018\/12\/Hochzeit5_0.jpg\" alt=\"\" width=\"300\" height=\"200\"><\/p>\n<p>Erwin \u00e9tait \u00e0 nos c\u00f4t\u00e9s \u00e0 tout moment avec des conseils et des actions, et il a \u00e9galement brill\u00e9 avec une solution souveraine pour chaque question sp\u00e9ciale d&rsquo;une mari\u00e9e et d&rsquo;un mari\u00e9 enthousiastes. Le d\u00eener de r\u00e9p\u00e9tition est obligatoire. C&rsquo;\u00e9tait super organis\u00e9 et fait tr\u00e8s chaud. Nous avons donc pu composer notre menu de mariage parfait pour nous-m\u00eames. Ce fut une soir\u00e9e super sympa avec Erwin \u00e0 nos c\u00f4t\u00e9s et nous avons pu discuter de beaucoup de choses sur la c\u00e9l\u00e9bration et le mariage. Tout cela en plus de plats copieux et d\u00e9licieux ou de variations et d&rsquo;un bon vin. Une fois de plus une soir\u00e9e r\u00e9ussie, sur laquelle nous nous sommes sentis tr\u00e8s \u00e0 l&rsquo;aise et compris.<\/p>\n<hr>\n<p><img loading=\"lazy\" decoding=\"async\" class=\"size-full wp-image-579 alignleft\" style=\"width: 300px;height: 201px\" src=\"https:\/\/www.muehlebirgel.de\/wp-content\/uploads\/2018\/12\/Hochzeit1_0.jpg\" alt=\"\" width=\"300\" height=\"201\"><\/p>\n<p>Puis&#8230; la derni\u00e8re rencontre avant le mariage. Cette fois, Karin Jaax, la greffi\u00e8re responsable de nous, \u00e9tait \u00e9galement pr\u00e9sente. Nous avons appris \u00e0 vous conna\u00eetre un peu mieux, ainsi que nous avons appris \u00e0 vous conna\u00eetre. Encore une fois un coup direct, car la chimie \u00e9tait l\u00e0 aussi. Ce qui a encore une fois confirm\u00e9 que nous avions pris la bonne d\u00e9cision.<\/p>\n<hr>\n<p><img loading=\"lazy\" decoding=\"async\" class=\"size-full wp-image-580 alignleft\" style=\"width: 300px;height: 200px\" src=\"https:\/\/www.muehlebirgel.de\/wp-content\/uploads\/2018\/12\/Hochzeit8_0.jpg\" alt=\"\" width=\"300\" height=\"200\"><\/p>\n<p>Le jour du mariage arriva rapidement. Et tout a \u00e9t\u00e9 parfaitement organis\u00e9 par Erwin et son \/ l&rsquo;\u00e9quipe de M\u00fchlen. De l&rsquo;arriv\u00e9e \u00e0 la c\u00e9r\u00e9monie de mariage, en passant par la c\u00e9l\u00e9bration, la nuit\u00e9e jusqu&rsquo;au d\u00e9part, tout \u00e9tait exactement comme on ne peut qu&rsquo;en r\u00eaver ! Cela nous a \u00e9galement \u00e9t\u00e9 confirm\u00e9 par notre t\u00e9moin, les parents et les invit\u00e9s, qui n&rsquo;avaient en fait presque rien \u00e0 organiser ce jour-l\u00e0. La c\u00e9r\u00e9monie de mariage s&rsquo;est d\u00e9roul\u00e9e exactement comme nous le souhaitions ; d\u00e9tendu et surtout personnel ! Nous avons pu profiter pleinement de NOTRE c\u00e9r\u00e9monie de mariage.<\/p>\n<hr>\n<p><img loading=\"lazy\" decoding=\"async\" class=\"size-full wp-image-581 alignleft\" style=\"width: 300px;height: 201px\" src=\"https:\/\/www.muehlebirgel.de\/wp-content\/uploads\/2018\/12\/Hochzeit6_0.jpg\" alt=\"\" width=\"300\" height=\"201\"><\/p>\n<p>Erwin et Karin s&rsquo;en sont tr\u00e8s bien sortis et, sur la base de recherches approfondies, ont int\u00e9gr\u00e9 dans leur \u00ab \u00e9loge \u00bb des choses tr\u00e8s particuli\u00e8res de notre pass\u00e9 commun \u00e0 nos jours. Les demandes que nous avions adress\u00e9es ont \u00e9galement \u00e9t\u00e9 intelligemment int\u00e9gr\u00e9es et prises en compte. Le mariage \u00e9tait fait, maintenant la c\u00e9l\u00e9bration pouvait commencer. F\u00e9licitations \u00e0 toute l&rsquo;\u00e9quipe M\u00fchlen impliqu\u00e9e. Tout s&rsquo;est d\u00e9roul\u00e9 sans heurts, planifi\u00e9 et organis\u00e9 dans les moindres d\u00e9tails, afin que tous les invit\u00e9s et, surtout, nous puissions simplement profiter de notre journ\u00e9e et \u00eatre carr\u00e9ment choy\u00e9s.<\/p>\n<hr>\n<p><img loading=\"lazy\" decoding=\"async\" class=\"size-full wp-image-582 alignleft\" style=\"width: 300px;height: 200px\" src=\"https:\/\/www.muehlebirgel.de\/wp-content\/uploads\/2018\/12\/Hochzeit3_0.jpg\" alt=\"\" width=\"300\" height=\"200\"><\/p>\n<p>\u00c0 ce stade, un immense <strong>MERCI<\/strong> \u00e0 toutes les personnes impliqu\u00e9es, et en particulier \u00e0 Erwin pour l&rsquo;organisation. Vous avez largement contribu\u00e9 \u00e0 en faire <strong>\u00ab&nbsp;LA JOURN\u00c9E PARFAITE&nbsp;\u00bb<\/strong> pour nous.<br \/>\nSalutations de<br \/>\nSimone &amp; Manuel<br \/>\navec Mia et Sam<\/p>\n<hr>\n<p>&nbsp;<\/p>\n<p>&nbsp;<\/p>\n","protected":false},"excerpt":{"rendered":"<p>Notre mariage le 8 septembre 2018 dans le \u00ab\u00a0moulin \u00e0 eau historique Birgel\u00a0\u00bb Nous avons c\u00e9l\u00e9br\u00e9 notre c\u00e9r\u00e9monie de mariage le 8 septembre 2018 dans le \u00ab\u00a0Historisches Wasserm\u00fchle Birgel\u00a0\u00bb. Et oui&#8230; on peut dire que c&rsquo;\u00e9tait la journ\u00e9e parfaite pour nous ! Mais commen\u00e7ons par le commencement : nous nous sommes vite rendu compte que [&hellip;]<\/p>\n","protected":false},"author":1,"featured_media":0,"parent":9864,"menu_order":25,"comment_status":"closed","ping_status":"closed","template":"","meta":{"footnotes":""},"class_list":["post-10029","page","type-page","status-publish","hentry"],"yoast_head":"<!-- This site is optimized with the Yoast SEO plugin v27.2 - https:\/\/yoast.com\/product\/yoast-seo-wordpress\/ -->\n<title>Le mariage de Simone et Manuel - Historische Wasserm\u00fchle Birgel<\/title>\n<meta name=\"robots\" content=\"index, follow, max-snippet:-1, max-image-preview:large, max-video-preview:-1\" \/>\n<link rel=\"canonical\" href=\"https:\/\/www.muehlebirgel.de\/fr\/le-mariage-de-simone-et-manuel\" \/>\n<meta property=\"og:locale\" content=\"fr_FR\" \/>\n<meta property=\"og:type\" content=\"article\" \/>\n<meta property=\"og:title\" content=\"Le mariage de Simone et Manuel - Historische Wasserm\u00fchle Birgel\" \/>\n<meta property=\"og:description\" content=\"Notre mariage le 8 septembre 2018 dans le \u00ab\u00a0moulin \u00e0 eau historique Birgel\u00a0\u00bb Nous avons c\u00e9l\u00e9br\u00e9 notre c\u00e9r\u00e9monie de mariage le 8 septembre 2018 dans le \u00ab\u00a0Historisches Wasserm\u00fchle Birgel\u00a0\u00bb. Et oui&#8230; on peut dire que c&rsquo;\u00e9tait la journ\u00e9e parfaite pour nous ! Mais commen\u00e7ons par le commencement : nous nous sommes vite rendu compte que [&hellip;]\" \/>\n<meta property=\"og:url\" content=\"https:\/\/www.muehlebirgel.de\/fr\/le-mariage-de-simone-et-manuel\/\" \/>\n<meta property=\"og:site_name\" content=\"Historische Wasserm\u00fchle Birgel\" \/>\n<meta property=\"og:image\" content=\"https:\/\/www.muehlebirgel.de\/wp-content\/uploads\/2010\/04\/Hochzeit7_0.jpg\" \/>\n<meta name=\"twitter:card\" content=\"summary_large_image\" \/>\n<meta name=\"twitter:label1\" content=\"Dur\u00e9e de lecture estim\u00e9e\" \/>\n\t<meta name=\"twitter:data1\" content=\"3 minutes\" \/>\n<script type=\"application\/ld+json\" class=\"yoast-schema-graph\">{\"@context\":\"https:\/\/schema.org\",\"@graph\":[{\"@type\":\"WebPage\",\"@id\":\"https:\/\/www.muehlebirgel.de\/fr\/le-mariage-de-simone-et-manuel\",\"url\":\"https:\/\/www.muehlebirgel.de\/fr\/le-mariage-de-simone-et-manuel\",\"name\":\"Le mariage de Simone et Manuel - Historische Wasserm\u00fchle Birgel\",\"isPartOf\":{\"@id\":\"https:\/\/www.muehlebirgel.de\/fr\/#website\"},\"primaryImageOfPage\":{\"@id\":\"https:\/\/www.muehlebirgel.de\/fr\/le-mariage-de-simone-et-manuel#primaryimage\"},\"image\":{\"@id\":\"https:\/\/www.muehlebirgel.de\/fr\/le-mariage-de-simone-et-manuel#primaryimage\"},\"thumbnailUrl\":\"https:\/\/www.muehlebirgel.de\/wp-content\/uploads\/2010\/04\/Hochzeit7_0.jpg\",\"datePublished\":\"2021-12-10T15:05:59+00:00\",\"breadcrumb\":{\"@id\":\"https:\/\/www.muehlebirgel.de\/fr\/le-mariage-de-simone-et-manuel#breadcrumb\"},\"inLanguage\":\"fr-FR\",\"potentialAction\":[{\"@type\":\"ReadAction\",\"target\":[\"https:\/\/www.muehlebirgel.de\/fr\/le-mariage-de-simone-et-manuel\"]}]},{\"@type\":\"ImageObject\",\"inLanguage\":\"fr-FR\",\"@id\":\"https:\/\/www.muehlebirgel.de\/fr\/le-mariage-de-simone-et-manuel#primaryimage\",\"url\":\"https:\/\/www.muehlebirgel.de\/wp-content\/uploads\/2010\/04\/Hochzeit7_0.jpg\",\"contentUrl\":\"https:\/\/www.muehlebirgel.de\/wp-content\/uploads\/2010\/04\/Hochzeit7_0.jpg\"},{\"@type\":\"BreadcrumbList\",\"@id\":\"https:\/\/www.muehlebirgel.de\/fr\/le-mariage-de-simone-et-manuel#breadcrumb\",\"itemListElement\":[{\"@type\":\"ListItem\",\"position\":1,\"name\":\"Startseite\",\"item\":\"https:\/\/www.muehlebirgel.de\/fr\"},{\"@type\":\"ListItem\",\"position\":2,\"name\":\"C\u00e9l\u00e9brez votre mariage dans l&#8217;Eifel\",\"item\":\"https:\/\/www.muehlebirgel.de\/fr\/celebrez-votre-mariage-dans-leifel\"},{\"@type\":\"ListItem\",\"position\":3,\"name\":\"T\u00e9moignages de mariage du Moulin \u00e0 eau historique\",\"item\":\"https:\/\/www.muehlebirgel.de\/fr\/rapports-de-mariage-du-moulin-a-eau\"},{\"@type\":\"ListItem\",\"position\":4,\"name\":\"Le mariage de Simone et Manuel\"}]},{\"@type\":\"WebSite\",\"@id\":\"https:\/\/www.muehlebirgel.de\/fr\/#website\",\"url\":\"https:\/\/www.muehlebirgel.de\/fr\/\",\"name\":\"Historische Wasserm\u00fchle Birgel\",\"description\":\"Willkommen im M\u00fchlen-Erlebniszentrum\",\"potentialAction\":[{\"@type\":\"SearchAction\",\"target\":{\"@type\":\"EntryPoint\",\"urlTemplate\":\"https:\/\/www.muehlebirgel.de\/fr\/?s={search_term_string}\"},\"query-input\":{\"@type\":\"PropertyValueSpecification\",\"valueRequired\":true,\"valueName\":\"search_term_string\"}}],\"inLanguage\":\"fr-FR\"}]}<\/script>\n<!-- \/ Yoast SEO plugin. -->","yoast_head_json":{"title":"Le mariage de Simone et Manuel - Historische Wasserm\u00fchle Birgel","robots":{"index":"index","follow":"follow","max-snippet":"max-snippet:-1","max-image-preview":"max-image-preview:large","max-video-preview":"max-video-preview:-1"},"canonical":"https:\/\/www.muehlebirgel.de\/fr\/le-mariage-de-simone-et-manuel","og_locale":"fr_FR","og_type":"article","og_title":"Le mariage de Simone et Manuel - Historische Wasserm\u00fchle Birgel","og_description":"Notre mariage le 8 septembre 2018 dans le \u00ab\u00a0moulin \u00e0 eau historique Birgel\u00a0\u00bb Nous avons c\u00e9l\u00e9br\u00e9 notre c\u00e9r\u00e9monie de mariage le 8 septembre 2018 dans le \u00ab\u00a0Historisches Wasserm\u00fchle Birgel\u00a0\u00bb. Et oui&#8230; on peut dire que c&rsquo;\u00e9tait la journ\u00e9e parfaite pour nous ! Mais commen\u00e7ons par le commencement : nous nous sommes vite rendu compte que [&hellip;]","og_url":"https:\/\/www.muehlebirgel.de\/fr\/le-mariage-de-simone-et-manuel\/","og_site_name":"Historische Wasserm\u00fchle Birgel","og_image":[{"url":"https:\/\/www.muehlebirgel.de\/wp-content\/uploads\/2010\/04\/Hochzeit7_0.jpg","type":"","width":"","height":""}],"twitter_card":"summary_large_image","twitter_misc":{"Dur\u00e9e de lecture estim\u00e9e":"3 minutes"},"schema":{"@context":"https:\/\/schema.org","@graph":[{"@type":"WebPage","@id":"https:\/\/www.muehlebirgel.de\/fr\/le-mariage-de-simone-et-manuel","url":"https:\/\/www.muehlebirgel.de\/fr\/le-mariage-de-simone-et-manuel","name":"Le mariage de Simone et Manuel - Historische Wasserm\u00fchle Birgel","isPartOf":{"@id":"https:\/\/www.muehlebirgel.de\/fr\/#website"},"primaryImageOfPage":{"@id":"https:\/\/www.muehlebirgel.de\/fr\/le-mariage-de-simone-et-manuel#primaryimage"},"image":{"@id":"https:\/\/www.muehlebirgel.de\/fr\/le-mariage-de-simone-et-manuel#primaryimage"},"thumbnailUrl":"https:\/\/www.muehlebirgel.de\/wp-content\/uploads\/2010\/04\/Hochzeit7_0.jpg","datePublished":"2021-12-10T15:05:59+00:00","breadcrumb":{"@id":"https:\/\/www.muehlebirgel.de\/fr\/le-mariage-de-simone-et-manuel#breadcrumb"},"inLanguage":"fr-FR","potentialAction":[{"@type":"ReadAction","target":["https:\/\/www.muehlebirgel.de\/fr\/le-mariage-de-simone-et-manuel"]}]},{"@type":"ImageObject","inLanguage":"fr-FR","@id":"https:\/\/www.muehlebirgel.de\/fr\/le-mariage-de-simone-et-manuel#primaryimage","url":"https:\/\/www.muehlebirgel.de\/wp-content\/uploads\/2010\/04\/Hochzeit7_0.jpg","contentUrl":"https:\/\/www.muehlebirgel.de\/wp-content\/uploads\/2010\/04\/Hochzeit7_0.jpg"},{"@type":"BreadcrumbList","@id":"https:\/\/www.muehlebirgel.de\/fr\/le-mariage-de-simone-et-manuel#breadcrumb","itemListElement":[{"@type":"ListItem","position":1,"name":"Startseite","item":"https:\/\/www.muehlebirgel.de\/fr"},{"@type":"ListItem","position":2,"name":"C\u00e9l\u00e9brez votre mariage dans l&#8217;Eifel","item":"https:\/\/www.muehlebirgel.de\/fr\/celebrez-votre-mariage-dans-leifel"},{"@type":"ListItem","position":3,"name":"T\u00e9moignages de mariage du Moulin \u00e0 eau historique","item":"https:\/\/www.muehlebirgel.de\/fr\/rapports-de-mariage-du-moulin-a-eau"},{"@type":"ListItem","position":4,"name":"Le mariage de Simone et Manuel"}]},{"@type":"WebSite","@id":"https:\/\/www.muehlebirgel.de\/fr\/#website","url":"https:\/\/www.muehlebirgel.de\/fr\/","name":"Historische Wasserm\u00fchle Birgel","description":"Willkommen im M\u00fchlen-Erlebniszentrum","potentialAction":[{"@type":"SearchAction","target":{"@type":"EntryPoint","urlTemplate":"https:\/\/www.muehlebirgel.de\/fr\/?s={search_term_string}"},"query-input":{"@type":"PropertyValueSpecification","valueRequired":true,"valueName":"search_term_string"}}],"inLanguage":"fr-FR"}]}},"_links":{"self":[{"href":"https:\/\/www.muehlebirgel.de\/fr\/wp-json\/wp\/v2\/pages\/10029","targetHints":{"allow":["GET"]}}],"collection":[{"href":"https:\/\/www.muehlebirgel.de\/fr\/wp-json\/wp\/v2\/pages"}],"about":[{"href":"https:\/\/www.muehlebirgel.de\/fr\/wp-json\/wp\/v2\/types\/page"}],"author":[{"embeddable":true,"href":"https:\/\/www.muehlebirgel.de\/fr\/wp-json\/wp\/v2\/users\/1"}],"replies":[{"embeddable":true,"href":"https:\/\/www.muehlebirgel.de\/fr\/wp-json\/wp\/v2\/comments?post=10029"}],"version-history":[{"count":0,"href":"https:\/\/www.muehlebirgel.de\/fr\/wp-json\/wp\/v2\/pages\/10029\/revisions"}],"up":[{"embeddable":true,"href":"https:\/\/www.muehlebirgel.de\/fr\/wp-json\/wp\/v2\/pages\/9864"}],"wp:attachment":[{"href":"https:\/\/www.muehlebirgel.de\/fr\/wp-json\/wp\/v2\/media?parent=10029"}],"curies":[{"name":"wp","href":"https:\/\/api.w.org\/{rel}","templated":true}]}}