{"id":10038,"date":"2021-12-10T15:06:06","date_gmt":"2021-12-10T15:06:06","guid":{"rendered":"https:\/\/www.muehlebirgel.de\/hotel-romantique-dans-leifel-moulin-a-eau-historique-de-birgel\/skier-dans-leifel\/"},"modified":"2021-12-10T15:06:06","modified_gmt":"2021-12-10T15:06:06","slug":"skier-dans-leifel","status":"publish","type":"page","link":"https:\/\/www.muehlebirgel.de\/fr\/skier-dans-leifel","title":{"rendered":"Skier dans l&rsquo;Eifel"},"content":{"rendered":"<h2>Domaines skiables de l&rsquo;Eifel<\/h2>\n<p><img loading=\"lazy\" decoding=\"async\" class=\"size-full wp-image-489 alignleft\" src=\"https:\/\/www.muehlebirgel.de\/wp-content\/uploads\/2011\/12\/skifahren-eifel.jpg\" alt=\"\" width=\"300\" height=\"199\"><\/p>\n<p>Des vacances dans l&rsquo;Eifel valent toujours la peine &#8211; que ce soit en couple ou avec toute la famille. L&rsquo;Eifel est l&rsquo;une des plus belles zones de loisirs de l&rsquo;ouest de l&rsquo;Allemagne. Surtout en hiver, il existe d&rsquo;innombrables occasions de passer quelques heures agr\u00e9ables, relaxantes, actives ou m\u00eame romantiques et de laisser la vie quotidienne derri\u00e8re soi.<\/p>\n<hr>\n<p><img loading=\"lazy\" decoding=\"async\" class=\"size-full wp-image-490 alignleft\" src=\"https:\/\/www.muehlebirgel.de\/wp-content\/uploads\/2011\/12\/romantik-schnee-eifel.jpg\" alt=\"\" width=\"300\" height=\"277\"><\/p>\n<p>Les amateurs de neige en particulier en ont pour leur argent dans les domaines skiables. Que vous visitiez le Wolfsschlucht ou le Black Man \u00e0 Pr\u00fcm, l&rsquo;Ernstberg ou le M\u00e4useberg \u00e0 Daun, ou le domaine skiable de Wei\u00dfer Stein \u00e0 Hellenthal &#8211; ici, le plaisir et le sport passent avant tout. Lorsque l&rsquo;Eifel est recouvert de neige, la devise est : \u00ab\u00a0Si vous vous reposez, vous rouillez\u00a0\u00bb &#8211; Alors sortez de la pi\u00e8ce et entrez dans le monde d&rsquo;aventure de l&rsquo;Eifel.<\/p>\n<p>Le M\u00e4useberg offre aux skieurs passionn\u00e9s une piste de descente de 450 m\u00e8tres de long avec un d\u00e9nivel\u00e9 de 90 m\u00e8tres. L&rsquo;Ernstberg et le Wolfsschlucht, en revanche, sont id\u00e9aux pour les skieurs de fond en raison des pistes sp\u00e9cialement cr\u00e9\u00e9es. L&rsquo;homme noir et la montagne blanche, en revanche, sont de vrais polyvalents. Ici, vous pouvez faire de la luge ainsi que du ski de fond et d\u00e9valer plusieurs pistes de descente avec vos skis.<\/p>\n<hr>\n<p><img loading=\"lazy\" decoding=\"async\" class=\"size-full wp-image-491 alignleft\" src=\"https:\/\/www.muehlebirgel.de\/wp-content\/uploads\/2011\/12\/waldweg2-eifel.jpg\" alt=\"\" width=\"300\" height=\"300\"><\/p>\n<p>Dans l&rsquo;Eifel, petits et grands en ont pour leur argent et peuvent soit d\u00e9valer les montagnes en luge, d\u00e9valer les pistes dam\u00e9es en snowboard ou d\u00e9valer les pistes de ski de fond. Les promenades en cal\u00e8che \u00e0 travers le paysage blanc et idyllique sont un moment fort pour petits et grands. Ici, vous pouvez voir l&rsquo;Eifel de son plus beau c\u00f4t\u00e9 et profiter pleinement de la nature. Les randonneurs n&rsquo;oublieront pas non plus un s\u00e9jour dans l&rsquo;Eifel, car marcher dans la neige la plus profonde apporte une bonne dose de d\u00e9tente et un spectacle naturel fascinant.<\/p>\n<hr>\n<p><img loading=\"lazy\" decoding=\"async\" class=\"size-full wp-image-492 alignleft\" src=\"https:\/\/www.muehlebirgel.de\/wp-content\/uploads\/2011\/12\/waldweg-eifel.jpg\" alt=\"\" width=\"300\" height=\"200\"><\/p>\n<p>Un chocolat chaud, un th\u00e9 r\u00e9chauffant ou un d\u00e9licieux caf\u00e9 font \u00e9galement partie du plaisir dans la neige. Dans notre h\u00f4tel Eifel, vous pouvez vous offrir une pause dans une atmosph\u00e8re extraordinaire. Cependant, une fois que vous vous \u00eates blotti, vous ne voulez g\u00e9n\u00e9ralement pas sortir dans l&rsquo;eau froide pour commencer votre voyage de retour. Alors restez avec nous dans le moulin historique et profitez du charme de nos appartements romantiques et laissez-vous dorloter le lendemain avec un copieux petit-d\u00e9jeuner et du pain fait maison. Nous vous attendons avec impatience !<\/p>\n<hr>\n<p><img loading=\"lazy\" decoding=\"async\" class=\" size-full wp-image-493\" src=\"https:\/\/www.muehlebirgel.de\/wp-content\/uploads\/2011\/12\/herz-schnee-eifel.jpg\" alt=\"\" width=\"300\" height=\"200\"><\/p>\n<p><img loading=\"lazy\" decoding=\"async\" class=\" size-full wp-image-494\" src=\"https:\/\/www.muehlebirgel.de\/wp-content\/uploads\/2011\/12\/winterlandschaft-eifel.jpg\" alt=\"\" width=\"300\" height=\"199\"><\/p>\n","protected":false},"excerpt":{"rendered":"<p>Domaines skiables de l&rsquo;Eifel Des vacances dans l&rsquo;Eifel valent toujours la peine &#8211; que ce soit en couple ou avec toute la famille. L&rsquo;Eifel est l&rsquo;une des plus belles zones de loisirs de l&rsquo;ouest de l&rsquo;Allemagne. Surtout en hiver, il existe d&rsquo;innombrables occasions de passer quelques heures agr\u00e9ables, relaxantes, actives ou m\u00eame romantiques et de [&hellip;]<\/p>\n","protected":false},"author":1,"featured_media":0,"parent":9709,"menu_order":24,"comment_status":"closed","ping_status":"closed","template":"","meta":{"footnotes":""},"class_list":["post-10038","page","type-page","status-publish","hentry"],"yoast_head":"<!-- This site is optimized with the Yoast SEO plugin v27.2 - https:\/\/yoast.com\/product\/yoast-seo-wordpress\/ -->\n<title>Skier dans l&#039;Eifel - Historische Wasserm\u00fchle Birgel<\/title>\n<meta name=\"robots\" content=\"index, follow, max-snippet:-1, max-image-preview:large, max-video-preview:-1\" \/>\n<link rel=\"canonical\" href=\"https:\/\/www.muehlebirgel.de\/fr\/skier-dans-leifel\" \/>\n<meta property=\"og:locale\" content=\"fr_FR\" \/>\n<meta property=\"og:type\" content=\"article\" \/>\n<meta property=\"og:title\" content=\"Skier dans l&#039;Eifel - Historische Wasserm\u00fchle Birgel\" \/>\n<meta property=\"og:description\" content=\"Domaines skiables de l&rsquo;Eifel Des vacances dans l&rsquo;Eifel valent toujours la peine &#8211; que ce soit en couple ou avec toute la famille. L&rsquo;Eifel est l&rsquo;une des plus belles zones de loisirs de l&rsquo;ouest de l&rsquo;Allemagne. Surtout en hiver, il existe d&rsquo;innombrables occasions de passer quelques heures agr\u00e9ables, relaxantes, actives ou m\u00eame romantiques et de [&hellip;]\" \/>\n<meta property=\"og:url\" content=\"https:\/\/www.muehlebirgel.de\/fr\/skier-dans-leifel\/\" \/>\n<meta property=\"og:site_name\" content=\"Historische Wasserm\u00fchle Birgel\" \/>\n<meta property=\"og:image\" content=\"https:\/\/www.muehlebirgel.de\/wp-content\/uploads\/2011\/12\/skifahren-eifel.jpg\" \/>\n<meta name=\"twitter:card\" content=\"summary_large_image\" \/>\n<meta name=\"twitter:label1\" content=\"Dur\u00e9e de lecture estim\u00e9e\" \/>\n\t<meta name=\"twitter:data1\" content=\"2 minutes\" \/>\n<script type=\"application\/ld+json\" class=\"yoast-schema-graph\">{\"@context\":\"https:\/\/schema.org\",\"@graph\":[{\"@type\":\"WebPage\",\"@id\":\"https:\/\/www.muehlebirgel.de\/fr\/skier-dans-leifel\",\"url\":\"https:\/\/www.muehlebirgel.de\/fr\/skier-dans-leifel\",\"name\":\"Skier dans l'Eifel - Historische Wasserm\u00fchle Birgel\",\"isPartOf\":{\"@id\":\"https:\/\/www.muehlebirgel.de\/fr\/#website\"},\"primaryImageOfPage\":{\"@id\":\"https:\/\/www.muehlebirgel.de\/fr\/skier-dans-leifel#primaryimage\"},\"image\":{\"@id\":\"https:\/\/www.muehlebirgel.de\/fr\/skier-dans-leifel#primaryimage\"},\"thumbnailUrl\":\"https:\/\/www.muehlebirgel.de\/wp-content\/uploads\/2011\/12\/skifahren-eifel.jpg\",\"datePublished\":\"2021-12-10T15:06:06+00:00\",\"breadcrumb\":{\"@id\":\"https:\/\/www.muehlebirgel.de\/fr\/skier-dans-leifel#breadcrumb\"},\"inLanguage\":\"fr-FR\",\"potentialAction\":[{\"@type\":\"ReadAction\",\"target\":[\"https:\/\/www.muehlebirgel.de\/fr\/skier-dans-leifel\"]}]},{\"@type\":\"ImageObject\",\"inLanguage\":\"fr-FR\",\"@id\":\"https:\/\/www.muehlebirgel.de\/fr\/skier-dans-leifel#primaryimage\",\"url\":\"https:\/\/www.muehlebirgel.de\/wp-content\/uploads\/2011\/12\/skifahren-eifel.jpg\",\"contentUrl\":\"https:\/\/www.muehlebirgel.de\/wp-content\/uploads\/2011\/12\/skifahren-eifel.jpg\"},{\"@type\":\"BreadcrumbList\",\"@id\":\"https:\/\/www.muehlebirgel.de\/fr\/skier-dans-leifel#breadcrumb\",\"itemListElement\":[{\"@type\":\"ListItem\",\"position\":1,\"name\":\"Startseite\",\"item\":\"https:\/\/www.muehlebirgel.de\/fr\"},{\"@type\":\"ListItem\",\"position\":2,\"name\":\"H\u00e9bergement dans l&#8217;Eifel &#8211; R\u00e9server des vacances dans l&#8217;Eifel volcanique\",\"item\":\"https:\/\/www.muehlebirgel.de\/fr\/uebernachtungen-in-der-eifel\"},{\"@type\":\"ListItem\",\"position\":3,\"name\":\"H\u00f4tel dans l&#8217;Eifel &#8211; Chambres romantiques dans l&#8217;Eifel volcanique\",\"item\":\"https:\/\/www.muehlebirgel.de\/fr\/hotel-romantique-dans-leifel-moulin-a-eau-historique-de-birgel\"},{\"@type\":\"ListItem\",\"position\":4,\"name\":\"Skier dans l&#8217;Eifel\"}]},{\"@type\":\"WebSite\",\"@id\":\"https:\/\/www.muehlebirgel.de\/fr\/#website\",\"url\":\"https:\/\/www.muehlebirgel.de\/fr\/\",\"name\":\"Historische Wasserm\u00fchle Birgel\",\"description\":\"Willkommen im M\u00fchlen-Erlebniszentrum\",\"potentialAction\":[{\"@type\":\"SearchAction\",\"target\":{\"@type\":\"EntryPoint\",\"urlTemplate\":\"https:\/\/www.muehlebirgel.de\/fr\/?s={search_term_string}\"},\"query-input\":{\"@type\":\"PropertyValueSpecification\",\"valueRequired\":true,\"valueName\":\"search_term_string\"}}],\"inLanguage\":\"fr-FR\"}]}<\/script>\n<!-- \/ Yoast SEO plugin. -->","yoast_head_json":{"title":"Skier dans l'Eifel - Historische Wasserm\u00fchle Birgel","robots":{"index":"index","follow":"follow","max-snippet":"max-snippet:-1","max-image-preview":"max-image-preview:large","max-video-preview":"max-video-preview:-1"},"canonical":"https:\/\/www.muehlebirgel.de\/fr\/skier-dans-leifel","og_locale":"fr_FR","og_type":"article","og_title":"Skier dans l'Eifel - Historische Wasserm\u00fchle Birgel","og_description":"Domaines skiables de l&rsquo;Eifel Des vacances dans l&rsquo;Eifel valent toujours la peine &#8211; que ce soit en couple ou avec toute la famille. L&rsquo;Eifel est l&rsquo;une des plus belles zones de loisirs de l&rsquo;ouest de l&rsquo;Allemagne. Surtout en hiver, il existe d&rsquo;innombrables occasions de passer quelques heures agr\u00e9ables, relaxantes, actives ou m\u00eame romantiques et de [&hellip;]","og_url":"https:\/\/www.muehlebirgel.de\/fr\/skier-dans-leifel\/","og_site_name":"Historische Wasserm\u00fchle Birgel","og_image":[{"url":"https:\/\/www.muehlebirgel.de\/wp-content\/uploads\/2011\/12\/skifahren-eifel.jpg","type":"","width":"","height":""}],"twitter_card":"summary_large_image","twitter_misc":{"Dur\u00e9e de lecture estim\u00e9e":"2 minutes"},"schema":{"@context":"https:\/\/schema.org","@graph":[{"@type":"WebPage","@id":"https:\/\/www.muehlebirgel.de\/fr\/skier-dans-leifel","url":"https:\/\/www.muehlebirgel.de\/fr\/skier-dans-leifel","name":"Skier dans l'Eifel - Historische Wasserm\u00fchle Birgel","isPartOf":{"@id":"https:\/\/www.muehlebirgel.de\/fr\/#website"},"primaryImageOfPage":{"@id":"https:\/\/www.muehlebirgel.de\/fr\/skier-dans-leifel#primaryimage"},"image":{"@id":"https:\/\/www.muehlebirgel.de\/fr\/skier-dans-leifel#primaryimage"},"thumbnailUrl":"https:\/\/www.muehlebirgel.de\/wp-content\/uploads\/2011\/12\/skifahren-eifel.jpg","datePublished":"2021-12-10T15:06:06+00:00","breadcrumb":{"@id":"https:\/\/www.muehlebirgel.de\/fr\/skier-dans-leifel#breadcrumb"},"inLanguage":"fr-FR","potentialAction":[{"@type":"ReadAction","target":["https:\/\/www.muehlebirgel.de\/fr\/skier-dans-leifel"]}]},{"@type":"ImageObject","inLanguage":"fr-FR","@id":"https:\/\/www.muehlebirgel.de\/fr\/skier-dans-leifel#primaryimage","url":"https:\/\/www.muehlebirgel.de\/wp-content\/uploads\/2011\/12\/skifahren-eifel.jpg","contentUrl":"https:\/\/www.muehlebirgel.de\/wp-content\/uploads\/2011\/12\/skifahren-eifel.jpg"},{"@type":"BreadcrumbList","@id":"https:\/\/www.muehlebirgel.de\/fr\/skier-dans-leifel#breadcrumb","itemListElement":[{"@type":"ListItem","position":1,"name":"Startseite","item":"https:\/\/www.muehlebirgel.de\/fr"},{"@type":"ListItem","position":2,"name":"H\u00e9bergement dans l&#8217;Eifel &#8211; R\u00e9server des vacances dans l&#8217;Eifel volcanique","item":"https:\/\/www.muehlebirgel.de\/fr\/uebernachtungen-in-der-eifel"},{"@type":"ListItem","position":3,"name":"H\u00f4tel dans l&#8217;Eifel &#8211; Chambres romantiques dans l&#8217;Eifel volcanique","item":"https:\/\/www.muehlebirgel.de\/fr\/hotel-romantique-dans-leifel-moulin-a-eau-historique-de-birgel"},{"@type":"ListItem","position":4,"name":"Skier dans l&#8217;Eifel"}]},{"@type":"WebSite","@id":"https:\/\/www.muehlebirgel.de\/fr\/#website","url":"https:\/\/www.muehlebirgel.de\/fr\/","name":"Historische Wasserm\u00fchle Birgel","description":"Willkommen im M\u00fchlen-Erlebniszentrum","potentialAction":[{"@type":"SearchAction","target":{"@type":"EntryPoint","urlTemplate":"https:\/\/www.muehlebirgel.de\/fr\/?s={search_term_string}"},"query-input":{"@type":"PropertyValueSpecification","valueRequired":true,"valueName":"search_term_string"}}],"inLanguage":"fr-FR"}]}},"_links":{"self":[{"href":"https:\/\/www.muehlebirgel.de\/fr\/wp-json\/wp\/v2\/pages\/10038","targetHints":{"allow":["GET"]}}],"collection":[{"href":"https:\/\/www.muehlebirgel.de\/fr\/wp-json\/wp\/v2\/pages"}],"about":[{"href":"https:\/\/www.muehlebirgel.de\/fr\/wp-json\/wp\/v2\/types\/page"}],"author":[{"embeddable":true,"href":"https:\/\/www.muehlebirgel.de\/fr\/wp-json\/wp\/v2\/users\/1"}],"replies":[{"embeddable":true,"href":"https:\/\/www.muehlebirgel.de\/fr\/wp-json\/wp\/v2\/comments?post=10038"}],"version-history":[{"count":0,"href":"https:\/\/www.muehlebirgel.de\/fr\/wp-json\/wp\/v2\/pages\/10038\/revisions"}],"up":[{"embeddable":true,"href":"https:\/\/www.muehlebirgel.de\/fr\/wp-json\/wp\/v2\/pages\/9709"}],"wp:attachment":[{"href":"https:\/\/www.muehlebirgel.de\/fr\/wp-json\/wp\/v2\/media?parent=10038"}],"curies":[{"name":"wp","href":"https:\/\/api.w.org\/{rel}","templated":true}]}}