{"id":10078,"date":"2021-12-10T15:06:39","date_gmt":"2021-12-10T15:06:39","guid":{"rendered":"https:\/\/www.muehlebirgel.de\/celebrez-votre-mariage-dans-leifel\/rapports-de-mariage-du-moulin-a-eau\/reportage-de-mariage-de-laura-et-patrick\/"},"modified":"2021-12-10T15:06:39","modified_gmt":"2021-12-10T15:06:39","slug":"reportage-de-mariage-de-laura-et-patrick","status":"publish","type":"page","link":"https:\/\/www.muehlebirgel.de\/fr\/reportage-de-mariage-de-laura-et-patrick","title":{"rendered":"Reportage de mariage de Laura et Patrick"},"content":{"rendered":"<p><img loading=\"lazy\" decoding=\"async\" class=\" size-full wp-image-528\" alt=\"\" src=\"https:\/\/www.muehlebirgel.de\/wp-content\/uploads\/2015\/01\/Laura-Patrick-288.jpg\" width=\"800\" height=\"532\" srcset=\"https:\/\/www.muehlebirgel.de\/wp-content\/uploads\/2015\/01\/Laura-Patrick-288.jpg 800w, https:\/\/www.muehlebirgel.de\/wp-content\/uploads\/2015\/01\/Laura-Patrick-288-600x399.jpg 600w, https:\/\/www.muehlebirgel.de\/wp-content\/uploads\/2015\/01\/Laura-Patrick-288-768x511.jpg 768w, https:\/\/www.muehlebirgel.de\/wp-content\/uploads\/2015\/01\/Laura-Patrick-288-640x426.jpg 640w, https:\/\/www.muehlebirgel.de\/wp-content\/uploads\/2015\/01\/Laura-Patrick-288-400x266.jpg 400w, https:\/\/www.muehlebirgel.de\/wp-content\/uploads\/2015\/01\/Laura-Patrick-288-367x244.jpg 367w\" sizes=\"auto, (max-width: 800px) 100vw, 800px\" \/><\/p>\n<p><img decoding=\"async\" class=\" size-full wp-image-529\" alt=\"\" src=\"https:\/\/www.muehlebirgel.de\/wp-content\/uploads\/2015\/01\/Laura-Patrick-352.jpg\" width=\"300px\" srcset=\"https:\/\/www.muehlebirgel.de\/wp-content\/uploads\/2015\/01\/Laura-Patrick-352.jpg 800w, https:\/\/www.muehlebirgel.de\/wp-content\/uploads\/2015\/01\/Laura-Patrick-352-600x401.jpg 600w, https:\/\/www.muehlebirgel.de\/wp-content\/uploads\/2015\/01\/Laura-Patrick-352-768x513.jpg 768w, https:\/\/www.muehlebirgel.de\/wp-content\/uploads\/2015\/01\/Laura-Patrick-352-640x427.jpg 640w, https:\/\/www.muehlebirgel.de\/wp-content\/uploads\/2015\/01\/Laura-Patrick-352-400x267.jpg 400w, https:\/\/www.muehlebirgel.de\/wp-content\/uploads\/2015\/01\/Laura-Patrick-352-367x245.jpg 367w\" sizes=\"(max-width: 800px) 100vw, 800px\" \/><\/p>\n<p><strong>Ch\u00e8re \u00e9quipe du moulin,&nbsp;<\/strong><\/p>\n<p>Le 31 mai 2014, nous avons c\u00e9l\u00e9br\u00e9 notre mariage sous un soleil radieux dans l&rsquo;ambiance de r\u00eave du Birgeler M\u00fchle.<br \/>\nM\u00eame la r\u00e9ception au champagne s&rsquo;est d\u00e9roul\u00e9e dans une atmosph\u00e8re d\u00e9tendue dans le caf\u00e9 en plein air sur le terrain du moulin. La visite du moulin qui a suivi a apport\u00e9 un changement pour les invit\u00e9s et nous a servi de \u00ab pause photo \u00bb.&nbsp;<\/p>\n<hr>\n<p><img decoding=\"async\" class=\" size-full wp-image-530\" alt=\"\" src=\"https:\/\/www.muehlebirgel.de\/wp-content\/uploads\/2015\/01\/Laura-Patrick-365.jpg\" width=\"300px\" srcset=\"https:\/\/www.muehlebirgel.de\/wp-content\/uploads\/2015\/01\/Laura-Patrick-365.jpg 800w, https:\/\/www.muehlebirgel.de\/wp-content\/uploads\/2015\/01\/Laura-Patrick-365-600x401.jpg 600w, https:\/\/www.muehlebirgel.de\/wp-content\/uploads\/2015\/01\/Laura-Patrick-365-768x514.jpg 768w, https:\/\/www.muehlebirgel.de\/wp-content\/uploads\/2015\/01\/Laura-Patrick-365-640x428.jpg 640w, https:\/\/www.muehlebirgel.de\/wp-content\/uploads\/2015\/01\/Laura-Patrick-365-400x268.jpg 400w, https:\/\/www.muehlebirgel.de\/wp-content\/uploads\/2015\/01\/Laura-Patrick-365-367x245.jpg 367w\" sizes=\"(max-width: 800px) 100vw, 800px\" \/><\/p>\n<p>Ensuite, nous avons c\u00e9l\u00e9br\u00e9 avec de d\u00e9licieux plats et boissons jusqu&rsquo;au petit matin.<\/p>\n<p>Gr\u00e2ce \u00e0 vous, nous avons pu profiter de notre journ\u00e9e sp\u00e9ciale compl\u00e8tement d\u00e9tendus.<\/p>\n<p>C&rsquo;\u00e9tait inoubliable ! MERCI<br \/>\n<strong>Laura &amp;&nbsp; Patrick<\/strong><\/p>\n<hr>\n","protected":false},"excerpt":{"rendered":"<p>Ch\u00e8re \u00e9quipe du moulin,&nbsp; Le 31 mai 2014, nous avons c\u00e9l\u00e9br\u00e9 notre mariage sous un soleil radieux dans l&rsquo;ambiance de r\u00eave du Birgeler M\u00fchle. M\u00eame la r\u00e9ception au champagne s&rsquo;est d\u00e9roul\u00e9e dans une atmosph\u00e8re d\u00e9tendue dans le caf\u00e9 en plein air sur le terrain du moulin. La visite du moulin qui a suivi a apport\u00e9 [&hellip;]<\/p>\n","protected":false},"author":1,"featured_media":8113,"parent":9864,"menu_order":15,"comment_status":"closed","ping_status":"closed","template":"","meta":{"footnotes":""},"class_list":["post-10078","page","type-page","status-publish","has-post-thumbnail","hentry"],"yoast_head":"<!-- This site is optimized with the Yoast SEO plugin v27.2 - https:\/\/yoast.com\/product\/yoast-seo-wordpress\/ -->\n<title>Reportage de mariage de Laura et Patrick - Historische Wasserm\u00fchle Birgel<\/title>\n<meta name=\"robots\" content=\"index, follow, max-snippet:-1, max-image-preview:large, max-video-preview:-1\" \/>\n<link rel=\"canonical\" href=\"https:\/\/www.muehlebirgel.de\/fr\/reportage-de-mariage-de-laura-et-patrick\" \/>\n<meta property=\"og:locale\" content=\"fr_FR\" \/>\n<meta property=\"og:type\" content=\"article\" \/>\n<meta property=\"og:title\" content=\"Reportage de mariage de Laura et Patrick - Historische Wasserm\u00fchle Birgel\" \/>\n<meta property=\"og:description\" content=\"Ch\u00e8re \u00e9quipe du moulin,&nbsp; Le 31 mai 2014, nous avons c\u00e9l\u00e9br\u00e9 notre mariage sous un soleil radieux dans l&rsquo;ambiance de r\u00eave du Birgeler M\u00fchle. M\u00eame la r\u00e9ception au champagne s&rsquo;est d\u00e9roul\u00e9e dans une atmosph\u00e8re d\u00e9tendue dans le caf\u00e9 en plein air sur le terrain du moulin. La visite du moulin qui a suivi a apport\u00e9 [&hellip;]\" \/>\n<meta property=\"og:url\" content=\"https:\/\/www.muehlebirgel.de\/fr\/reportage-de-mariage-de-laura-et-patrick\/\" \/>\n<meta property=\"og:site_name\" content=\"Historische Wasserm\u00fchle Birgel\" \/>\n<meta property=\"og:image\" content=\"https:\/\/www.muehlebirgel.de\/wp-content\/uploads\/2015\/01\/Laura-Patrick-288.jpg\" \/>\n<meta name=\"twitter:card\" content=\"summary_large_image\" \/>\n<meta name=\"twitter:label1\" content=\"Dur\u00e9e de lecture estim\u00e9e\" \/>\n\t<meta name=\"twitter:data1\" content=\"1 minute\" \/>\n<script type=\"application\/ld+json\" class=\"yoast-schema-graph\">{\"@context\":\"https:\/\/schema.org\",\"@graph\":[{\"@type\":\"WebPage\",\"@id\":\"https:\/\/www.muehlebirgel.de\/fr\/reportage-de-mariage-de-laura-et-patrick\",\"url\":\"https:\/\/www.muehlebirgel.de\/fr\/reportage-de-mariage-de-laura-et-patrick\",\"name\":\"Reportage de mariage de Laura et Patrick - Historische Wasserm\u00fchle Birgel\",\"isPartOf\":{\"@id\":\"https:\/\/www.muehlebirgel.de\/fr\/#website\"},\"primaryImageOfPage\":{\"@id\":\"https:\/\/www.muehlebirgel.de\/fr\/reportage-de-mariage-de-laura-et-patrick#primaryimage\"},\"image\":{\"@id\":\"https:\/\/www.muehlebirgel.de\/fr\/reportage-de-mariage-de-laura-et-patrick#primaryimage\"},\"thumbnailUrl\":\"https:\/\/www.muehlebirgel.de\/wp-content\/uploads\/2015\/01\/Laura-Patrick-288.jpg\",\"datePublished\":\"2021-12-10T15:06:39+00:00\",\"breadcrumb\":{\"@id\":\"https:\/\/www.muehlebirgel.de\/fr\/reportage-de-mariage-de-laura-et-patrick#breadcrumb\"},\"inLanguage\":\"fr-FR\",\"potentialAction\":[{\"@type\":\"ReadAction\",\"target\":[\"https:\/\/www.muehlebirgel.de\/fr\/reportage-de-mariage-de-laura-et-patrick\"]}]},{\"@type\":\"ImageObject\",\"inLanguage\":\"fr-FR\",\"@id\":\"https:\/\/www.muehlebirgel.de\/fr\/reportage-de-mariage-de-laura-et-patrick#primaryimage\",\"url\":\"https:\/\/www.muehlebirgel.de\/wp-content\/uploads\/2015\/01\/Laura-Patrick-288.jpg\",\"contentUrl\":\"https:\/\/www.muehlebirgel.de\/wp-content\/uploads\/2015\/01\/Laura-Patrick-288.jpg\",\"width\":800,\"height\":532},{\"@type\":\"BreadcrumbList\",\"@id\":\"https:\/\/www.muehlebirgel.de\/fr\/reportage-de-mariage-de-laura-et-patrick#breadcrumb\",\"itemListElement\":[{\"@type\":\"ListItem\",\"position\":1,\"name\":\"Startseite\",\"item\":\"https:\/\/www.muehlebirgel.de\/fr\"},{\"@type\":\"ListItem\",\"position\":2,\"name\":\"C\u00e9l\u00e9brez votre mariage dans l&#8217;Eifel\",\"item\":\"https:\/\/www.muehlebirgel.de\/fr\/celebrez-votre-mariage-dans-leifel\"},{\"@type\":\"ListItem\",\"position\":3,\"name\":\"T\u00e9moignages de mariage du Moulin \u00e0 eau historique\",\"item\":\"https:\/\/www.muehlebirgel.de\/fr\/rapports-de-mariage-du-moulin-a-eau\"},{\"@type\":\"ListItem\",\"position\":4,\"name\":\"Reportage de mariage de Laura et Patrick\"}]},{\"@type\":\"WebSite\",\"@id\":\"https:\/\/www.muehlebirgel.de\/fr\/#website\",\"url\":\"https:\/\/www.muehlebirgel.de\/fr\/\",\"name\":\"Historische Wasserm\u00fchle Birgel\",\"description\":\"Willkommen im M\u00fchlen-Erlebniszentrum\",\"potentialAction\":[{\"@type\":\"SearchAction\",\"target\":{\"@type\":\"EntryPoint\",\"urlTemplate\":\"https:\/\/www.muehlebirgel.de\/fr\/?s={search_term_string}\"},\"query-input\":{\"@type\":\"PropertyValueSpecification\",\"valueRequired\":true,\"valueName\":\"search_term_string\"}}],\"inLanguage\":\"fr-FR\"}]}<\/script>\n<!-- \/ Yoast SEO plugin. -->","yoast_head_json":{"title":"Reportage de mariage de Laura et Patrick - Historische Wasserm\u00fchle Birgel","robots":{"index":"index","follow":"follow","max-snippet":"max-snippet:-1","max-image-preview":"max-image-preview:large","max-video-preview":"max-video-preview:-1"},"canonical":"https:\/\/www.muehlebirgel.de\/fr\/reportage-de-mariage-de-laura-et-patrick","og_locale":"fr_FR","og_type":"article","og_title":"Reportage de mariage de Laura et Patrick - Historische Wasserm\u00fchle Birgel","og_description":"Ch\u00e8re \u00e9quipe du moulin,&nbsp; Le 31 mai 2014, nous avons c\u00e9l\u00e9br\u00e9 notre mariage sous un soleil radieux dans l&rsquo;ambiance de r\u00eave du Birgeler M\u00fchle. M\u00eame la r\u00e9ception au champagne s&rsquo;est d\u00e9roul\u00e9e dans une atmosph\u00e8re d\u00e9tendue dans le caf\u00e9 en plein air sur le terrain du moulin. La visite du moulin qui a suivi a apport\u00e9 [&hellip;]","og_url":"https:\/\/www.muehlebirgel.de\/fr\/reportage-de-mariage-de-laura-et-patrick\/","og_site_name":"Historische Wasserm\u00fchle Birgel","og_image":[{"url":"https:\/\/www.muehlebirgel.de\/wp-content\/uploads\/2015\/01\/Laura-Patrick-288.jpg","type":"","width":"","height":""}],"twitter_card":"summary_large_image","twitter_misc":{"Dur\u00e9e de lecture estim\u00e9e":"1 minute"},"schema":{"@context":"https:\/\/schema.org","@graph":[{"@type":"WebPage","@id":"https:\/\/www.muehlebirgel.de\/fr\/reportage-de-mariage-de-laura-et-patrick","url":"https:\/\/www.muehlebirgel.de\/fr\/reportage-de-mariage-de-laura-et-patrick","name":"Reportage de mariage de Laura et Patrick - Historische Wasserm\u00fchle Birgel","isPartOf":{"@id":"https:\/\/www.muehlebirgel.de\/fr\/#website"},"primaryImageOfPage":{"@id":"https:\/\/www.muehlebirgel.de\/fr\/reportage-de-mariage-de-laura-et-patrick#primaryimage"},"image":{"@id":"https:\/\/www.muehlebirgel.de\/fr\/reportage-de-mariage-de-laura-et-patrick#primaryimage"},"thumbnailUrl":"https:\/\/www.muehlebirgel.de\/wp-content\/uploads\/2015\/01\/Laura-Patrick-288.jpg","datePublished":"2021-12-10T15:06:39+00:00","breadcrumb":{"@id":"https:\/\/www.muehlebirgel.de\/fr\/reportage-de-mariage-de-laura-et-patrick#breadcrumb"},"inLanguage":"fr-FR","potentialAction":[{"@type":"ReadAction","target":["https:\/\/www.muehlebirgel.de\/fr\/reportage-de-mariage-de-laura-et-patrick"]}]},{"@type":"ImageObject","inLanguage":"fr-FR","@id":"https:\/\/www.muehlebirgel.de\/fr\/reportage-de-mariage-de-laura-et-patrick#primaryimage","url":"https:\/\/www.muehlebirgel.de\/wp-content\/uploads\/2015\/01\/Laura-Patrick-288.jpg","contentUrl":"https:\/\/www.muehlebirgel.de\/wp-content\/uploads\/2015\/01\/Laura-Patrick-288.jpg","width":800,"height":532},{"@type":"BreadcrumbList","@id":"https:\/\/www.muehlebirgel.de\/fr\/reportage-de-mariage-de-laura-et-patrick#breadcrumb","itemListElement":[{"@type":"ListItem","position":1,"name":"Startseite","item":"https:\/\/www.muehlebirgel.de\/fr"},{"@type":"ListItem","position":2,"name":"C\u00e9l\u00e9brez votre mariage dans l&#8217;Eifel","item":"https:\/\/www.muehlebirgel.de\/fr\/celebrez-votre-mariage-dans-leifel"},{"@type":"ListItem","position":3,"name":"T\u00e9moignages de mariage du Moulin \u00e0 eau historique","item":"https:\/\/www.muehlebirgel.de\/fr\/rapports-de-mariage-du-moulin-a-eau"},{"@type":"ListItem","position":4,"name":"Reportage de mariage de Laura et Patrick"}]},{"@type":"WebSite","@id":"https:\/\/www.muehlebirgel.de\/fr\/#website","url":"https:\/\/www.muehlebirgel.de\/fr\/","name":"Historische Wasserm\u00fchle Birgel","description":"Willkommen im M\u00fchlen-Erlebniszentrum","potentialAction":[{"@type":"SearchAction","target":{"@type":"EntryPoint","urlTemplate":"https:\/\/www.muehlebirgel.de\/fr\/?s={search_term_string}"},"query-input":{"@type":"PropertyValueSpecification","valueRequired":true,"valueName":"search_term_string"}}],"inLanguage":"fr-FR"}]}},"_links":{"self":[{"href":"https:\/\/www.muehlebirgel.de\/fr\/wp-json\/wp\/v2\/pages\/10078","targetHints":{"allow":["GET"]}}],"collection":[{"href":"https:\/\/www.muehlebirgel.de\/fr\/wp-json\/wp\/v2\/pages"}],"about":[{"href":"https:\/\/www.muehlebirgel.de\/fr\/wp-json\/wp\/v2\/types\/page"}],"author":[{"embeddable":true,"href":"https:\/\/www.muehlebirgel.de\/fr\/wp-json\/wp\/v2\/users\/1"}],"replies":[{"embeddable":true,"href":"https:\/\/www.muehlebirgel.de\/fr\/wp-json\/wp\/v2\/comments?post=10078"}],"version-history":[{"count":0,"href":"https:\/\/www.muehlebirgel.de\/fr\/wp-json\/wp\/v2\/pages\/10078\/revisions"}],"up":[{"embeddable":true,"href":"https:\/\/www.muehlebirgel.de\/fr\/wp-json\/wp\/v2\/pages\/9864"}],"wp:featuredmedia":[{"embeddable":true,"href":"https:\/\/www.muehlebirgel.de\/fr\/wp-json\/wp\/v2\/media\/8113"}],"wp:attachment":[{"href":"https:\/\/www.muehlebirgel.de\/fr\/wp-json\/wp\/v2\/media?parent=10078"}],"curies":[{"name":"wp","href":"https:\/\/api.w.org\/{rel}","templated":true}]}}