{"id":10082,"date":"2021-12-10T15:06:42","date_gmt":"2021-12-10T15:06:42","guid":{"rendered":"https:\/\/www.muehlebirgel.de\/contacter\/bulletin-dinformation-sur-le-moulin-a-eau-historique\/"},"modified":"2021-12-21T15:27:56","modified_gmt":"2021-12-21T15:27:56","slug":"newsletter-du-moulin-a-eau-historique","status":"publish","type":"page","link":"https:\/\/www.muehlebirgel.de\/fr\/newsletter-du-moulin-a-eau-historique","title":{"rendered":"Bulletin d&rsquo;information sur le moulin \u00e0 eau historique"},"content":{"rendered":"<div class=\"wpb-content-wrapper\"><p>[vc_row][vc_column][vc_column_text]<img loading=\"lazy\" decoding=\"async\" class=\" alignleft size-full wp-image-498\" style=\"margin-right: 10px;\" src=\"https:\/\/www.muehlebirgel.de\/wp-content\/uploads\/2013\/01\/newsletter-moulin.jpg\" alt=\"Newsletter Anmeldung\" width=\"255\" height=\"163\" align=\"left\"> Restez inform\u00e9 des promotions en cours, des offres sp\u00e9ciales et des \u00e9v\u00e9nements du moulin \u00e0 eau historique.<\/p>\n<p>Vous pouvez utiliser ce formulaire pour vous inscrire \u00e0 notre newsletter.<\/p>\n<p>Apr\u00e8s avoir soumis le formulaire, vous recevrez un e-mail avec un lien de confirmation.<\/p>\n<p>Dans l&rsquo;e-mail, vous devez \u00e0 nouveau confirmer bri\u00e8vement l&rsquo;inscription &#8211; \u00e0 partir de maintenant, vous recevrez notre newsletter du moulin environ une fois par mois.<\/p>\n<p>[\/vc_column_text][vc_column_text]<\/p>\n<h2>Inscription \/ d\u00e9sinscription \u00e0 la newsletter<\/h2>\n<p>[\/vc_column_text][\/vc_column][\/vc_row][vc_row][vc_column][vc_raw_html]PGZvcm0gYWN0aW9uPSJodHRwczovL25ld3NsZXR0ZXIubXVlaGxlLWJpcmdlbC5kZS9ubC5waHAiIG1ldGhvZD0icG9zdCIgdGFyZ2V0PSJfYmxhbmsiPjxpbnB1dCBuYW1lPSJNYWlsaW5nTGlzdElkIiB0eXBlPSJoaWRkZW4iIHZhbHVlPSIxIj4gPGlucHV0IG5hbWU9IkZvcm1JZCIgdHlwZT0iaGlkZGVuIiB2YWx1ZT0iMSI+IDxpbnB1dCBuYW1lPSJGb3JtRW5jb2RpbmciIHR5cGU9ImhpZGRlbiIgdmFsdWU9InV0Zi04Ij4KPHRhYmxlIGJvcmRlcj0iMCIgY2VsbHNwYWNpbmc9IjAiIGNlbGxwYWRkaW5nPSIwIj4KPHRib2R5Pgo8dHI+Cjx0ZD5BZHJlc3NlIGUtbWFpbCAqPC90ZD4KPHRkPjxpbnB1dCBtYXhsZW5ndGg9IjI1NSIgbmFtZT0idV9FTWFpbCIgc2l6ZT0iNTAiIHR5cGU9InRleHQiPjwvdGQ+CjwvdHI+Cjx0cj4KPHRkIGNvbHNwYW49IjIiPjwvdGQ+CjwvdHI+Cjx0cj4KPHRkPkFjdGlvbiBzb3VoYWl0w6llPC90ZD4KPHRkPjxpbnB1dCBjaGVja2VkIG5hbWU9IkFjdGlvbiIgdHlwZT0icmFkaW8iIHZhbHVlPSJzdWJzY3JpYmUiPiBTJ2luc2NyaXJlCjxpbnB1dCBuYW1lPSJBY3Rpb24iIHR5cGU9InJhZGlvIiB2YWx1ZT0idW5zdWJzY3JpYmUiPiBEw6ljb25uZXhpb248L3RkPgo8L3RyPgo8dHI+Cjx0ZCBjb2xzcGFuPSIyIj48aW5wdXQgdHlwZT0ic3VibWl0IiB2YWx1ZT0iQWJzZW5kZW4iPjwvdGQ+CjwvdHI+Cjx0cj4KPHRkIGNvbHNwYW49IjIiPjwvdGQ+CjwvdHI+Cjx0cj4KPHRkIGNvbHNwYW49IjIiPkxlcyBpbmZvcm1hdGlvbnMgYXZlYyAqIHNvbnQgb2JsaWdhdG9pcmVzLjwvdGQ+CjwvdHI+CjwvdGJvZHk+CjwvdGFibGU+CjwvZm9ybT4=[\/vc_raw_html][\/vc_column][\/vc_row]<\/p>\n<\/div>","protected":false},"excerpt":{"rendered":"<p>[vc_row][vc_column][vc_column_text] Restez inform\u00e9 des promotions en cours, des offres sp\u00e9ciales et des \u00e9v\u00e9nements du moulin \u00e0 eau historique. Vous pouvez utiliser ce formulaire pour vous inscrire \u00e0 notre newsletter. Apr\u00e8s avoir soumis le formulaire, vous recevrez un e-mail avec un lien de confirmation. Dans l&rsquo;e-mail, vous devez \u00e0 nouveau confirmer bri\u00e8vement l&rsquo;inscription &#8211; \u00e0 partir [&hellip;]<\/p>\n","protected":false},"author":1,"featured_media":0,"parent":9659,"menu_order":47,"comment_status":"closed","ping_status":"closed","template":"","meta":{"footnotes":""},"class_list":["post-10082","page","type-page","status-publish","hentry"],"yoast_head":"<!-- This site is optimized with the Yoast SEO plugin v27.2 - https:\/\/yoast.com\/product\/yoast-seo-wordpress\/ -->\n<title>Bulletin d&#039;information sur le moulin \u00e0 eau historique - Historische Wasserm\u00fchle Birgel<\/title>\n<meta name=\"robots\" content=\"index, follow, max-snippet:-1, max-image-preview:large, max-video-preview:-1\" \/>\n<link rel=\"canonical\" href=\"https:\/\/www.muehlebirgel.de\/fr\/newsletter-du-moulin-a-eau-historique\" \/>\n<meta property=\"og:locale\" content=\"fr_FR\" \/>\n<meta property=\"og:type\" content=\"article\" \/>\n<meta property=\"og:title\" content=\"Bulletin d&#039;information sur le moulin \u00e0 eau historique - Historische Wasserm\u00fchle Birgel\" \/>\n<meta property=\"og:description\" content=\"[vc_row][vc_column][vc_column_text] Restez inform\u00e9 des promotions en cours, des offres sp\u00e9ciales et des \u00e9v\u00e9nements du moulin \u00e0 eau historique. Vous pouvez utiliser ce formulaire pour vous inscrire \u00e0 notre newsletter. Apr\u00e8s avoir soumis le formulaire, vous recevrez un e-mail avec un lien de confirmation. Dans l&rsquo;e-mail, vous devez \u00e0 nouveau confirmer bri\u00e8vement l&rsquo;inscription &#8211; \u00e0 partir [&hellip;]\" \/>\n<meta property=\"og:url\" content=\"https:\/\/www.muehlebirgel.de\/fr\/newsletter-du-moulin-a-eau-historique\/\" \/>\n<meta property=\"og:site_name\" content=\"Historische Wasserm\u00fchle Birgel\" \/>\n<meta property=\"article:modified_time\" content=\"2021-12-21T15:27:56+00:00\" \/>\n<meta property=\"og:image\" content=\"https:\/\/www.muehlebirgel.de\/wp-content\/uploads\/2013\/01\/newsletter-moulin.jpg\" \/>\n<meta name=\"twitter:card\" content=\"summary_large_image\" \/>\n<meta name=\"twitter:label1\" content=\"Dur\u00e9e de lecture estim\u00e9e\" \/>\n\t<meta name=\"twitter:data1\" content=\"1 minute\" \/>\n<script type=\"application\/ld+json\" class=\"yoast-schema-graph\">{\"@context\":\"https:\/\/schema.org\",\"@graph\":[{\"@type\":\"WebPage\",\"@id\":\"https:\/\/www.muehlebirgel.de\/fr\/newsletter-du-moulin-a-eau-historique\",\"url\":\"https:\/\/www.muehlebirgel.de\/fr\/newsletter-du-moulin-a-eau-historique\",\"name\":\"Bulletin d'information sur le moulin \u00e0 eau historique - Historische Wasserm\u00fchle Birgel\",\"isPartOf\":{\"@id\":\"https:\/\/www.muehlebirgel.de\/fr\/#website\"},\"primaryImageOfPage\":{\"@id\":\"https:\/\/www.muehlebirgel.de\/fr\/newsletter-du-moulin-a-eau-historique#primaryimage\"},\"image\":{\"@id\":\"https:\/\/www.muehlebirgel.de\/fr\/newsletter-du-moulin-a-eau-historique#primaryimage\"},\"thumbnailUrl\":\"https:\/\/www.muehlebirgel.de\/wp-content\/uploads\/2013\/01\/newsletter-moulin.jpg\",\"datePublished\":\"2021-12-10T15:06:42+00:00\",\"dateModified\":\"2021-12-21T15:27:56+00:00\",\"breadcrumb\":{\"@id\":\"https:\/\/www.muehlebirgel.de\/fr\/newsletter-du-moulin-a-eau-historique#breadcrumb\"},\"inLanguage\":\"fr-FR\",\"potentialAction\":[{\"@type\":\"ReadAction\",\"target\":[\"https:\/\/www.muehlebirgel.de\/fr\/newsletter-du-moulin-a-eau-historique\"]}]},{\"@type\":\"ImageObject\",\"inLanguage\":\"fr-FR\",\"@id\":\"https:\/\/www.muehlebirgel.de\/fr\/newsletter-du-moulin-a-eau-historique#primaryimage\",\"url\":\"https:\/\/www.muehlebirgel.de\/wp-content\/uploads\/2013\/01\/newsletter-moulin.jpg\",\"contentUrl\":\"https:\/\/www.muehlebirgel.de\/wp-content\/uploads\/2013\/01\/newsletter-moulin.jpg\"},{\"@type\":\"BreadcrumbList\",\"@id\":\"https:\/\/www.muehlebirgel.de\/fr\/newsletter-du-moulin-a-eau-historique#breadcrumb\",\"itemListElement\":[{\"@type\":\"ListItem\",\"position\":1,\"name\":\"Startseite\",\"item\":\"https:\/\/www.muehlebirgel.de\/fr\"},{\"@type\":\"ListItem\",\"position\":2,\"name\":\"Contacter\",\"item\":\"https:\/\/www.muehlebirgel.de\/fr\/contacter\/\"},{\"@type\":\"ListItem\",\"position\":3,\"name\":\"Bulletin d&#8217;information sur le moulin \u00e0 eau historique\"}]},{\"@type\":\"WebSite\",\"@id\":\"https:\/\/www.muehlebirgel.de\/fr\/#website\",\"url\":\"https:\/\/www.muehlebirgel.de\/fr\/\",\"name\":\"Historische Wasserm\u00fchle Birgel\",\"description\":\"Willkommen im M\u00fchlen-Erlebniszentrum\",\"potentialAction\":[{\"@type\":\"SearchAction\",\"target\":{\"@type\":\"EntryPoint\",\"urlTemplate\":\"https:\/\/www.muehlebirgel.de\/fr\/?s={search_term_string}\"},\"query-input\":{\"@type\":\"PropertyValueSpecification\",\"valueRequired\":true,\"valueName\":\"search_term_string\"}}],\"inLanguage\":\"fr-FR\"}]}<\/script>\n<!-- \/ Yoast SEO plugin. -->","yoast_head_json":{"title":"Bulletin d'information sur le moulin \u00e0 eau historique - Historische Wasserm\u00fchle Birgel","robots":{"index":"index","follow":"follow","max-snippet":"max-snippet:-1","max-image-preview":"max-image-preview:large","max-video-preview":"max-video-preview:-1"},"canonical":"https:\/\/www.muehlebirgel.de\/fr\/newsletter-du-moulin-a-eau-historique","og_locale":"fr_FR","og_type":"article","og_title":"Bulletin d'information sur le moulin \u00e0 eau historique - Historische Wasserm\u00fchle Birgel","og_description":"[vc_row][vc_column][vc_column_text] Restez inform\u00e9 des promotions en cours, des offres sp\u00e9ciales et des \u00e9v\u00e9nements du moulin \u00e0 eau historique. Vous pouvez utiliser ce formulaire pour vous inscrire \u00e0 notre newsletter. Apr\u00e8s avoir soumis le formulaire, vous recevrez un e-mail avec un lien de confirmation. Dans l&rsquo;e-mail, vous devez \u00e0 nouveau confirmer bri\u00e8vement l&rsquo;inscription &#8211; \u00e0 partir [&hellip;]","og_url":"https:\/\/www.muehlebirgel.de\/fr\/newsletter-du-moulin-a-eau-historique\/","og_site_name":"Historische Wasserm\u00fchle Birgel","article_modified_time":"2021-12-21T15:27:56+00:00","og_image":[{"url":"https:\/\/www.muehlebirgel.de\/wp-content\/uploads\/2013\/01\/newsletter-moulin.jpg","type":"","width":"","height":""}],"twitter_card":"summary_large_image","twitter_misc":{"Dur\u00e9e de lecture estim\u00e9e":"1 minute"},"schema":{"@context":"https:\/\/schema.org","@graph":[{"@type":"WebPage","@id":"https:\/\/www.muehlebirgel.de\/fr\/newsletter-du-moulin-a-eau-historique","url":"https:\/\/www.muehlebirgel.de\/fr\/newsletter-du-moulin-a-eau-historique","name":"Bulletin d'information sur le moulin \u00e0 eau historique - Historische Wasserm\u00fchle Birgel","isPartOf":{"@id":"https:\/\/www.muehlebirgel.de\/fr\/#website"},"primaryImageOfPage":{"@id":"https:\/\/www.muehlebirgel.de\/fr\/newsletter-du-moulin-a-eau-historique#primaryimage"},"image":{"@id":"https:\/\/www.muehlebirgel.de\/fr\/newsletter-du-moulin-a-eau-historique#primaryimage"},"thumbnailUrl":"https:\/\/www.muehlebirgel.de\/wp-content\/uploads\/2013\/01\/newsletter-moulin.jpg","datePublished":"2021-12-10T15:06:42+00:00","dateModified":"2021-12-21T15:27:56+00:00","breadcrumb":{"@id":"https:\/\/www.muehlebirgel.de\/fr\/newsletter-du-moulin-a-eau-historique#breadcrumb"},"inLanguage":"fr-FR","potentialAction":[{"@type":"ReadAction","target":["https:\/\/www.muehlebirgel.de\/fr\/newsletter-du-moulin-a-eau-historique"]}]},{"@type":"ImageObject","inLanguage":"fr-FR","@id":"https:\/\/www.muehlebirgel.de\/fr\/newsletter-du-moulin-a-eau-historique#primaryimage","url":"https:\/\/www.muehlebirgel.de\/wp-content\/uploads\/2013\/01\/newsletter-moulin.jpg","contentUrl":"https:\/\/www.muehlebirgel.de\/wp-content\/uploads\/2013\/01\/newsletter-moulin.jpg"},{"@type":"BreadcrumbList","@id":"https:\/\/www.muehlebirgel.de\/fr\/newsletter-du-moulin-a-eau-historique#breadcrumb","itemListElement":[{"@type":"ListItem","position":1,"name":"Startseite","item":"https:\/\/www.muehlebirgel.de\/fr"},{"@type":"ListItem","position":2,"name":"Contacter","item":"https:\/\/www.muehlebirgel.de\/fr\/contacter\/"},{"@type":"ListItem","position":3,"name":"Bulletin d&#8217;information sur le moulin \u00e0 eau historique"}]},{"@type":"WebSite","@id":"https:\/\/www.muehlebirgel.de\/fr\/#website","url":"https:\/\/www.muehlebirgel.de\/fr\/","name":"Historische Wasserm\u00fchle Birgel","description":"Willkommen im M\u00fchlen-Erlebniszentrum","potentialAction":[{"@type":"SearchAction","target":{"@type":"EntryPoint","urlTemplate":"https:\/\/www.muehlebirgel.de\/fr\/?s={search_term_string}"},"query-input":{"@type":"PropertyValueSpecification","valueRequired":true,"valueName":"search_term_string"}}],"inLanguage":"fr-FR"}]}},"_links":{"self":[{"href":"https:\/\/www.muehlebirgel.de\/fr\/wp-json\/wp\/v2\/pages\/10082","targetHints":{"allow":["GET"]}}],"collection":[{"href":"https:\/\/www.muehlebirgel.de\/fr\/wp-json\/wp\/v2\/pages"}],"about":[{"href":"https:\/\/www.muehlebirgel.de\/fr\/wp-json\/wp\/v2\/types\/page"}],"author":[{"embeddable":true,"href":"https:\/\/www.muehlebirgel.de\/fr\/wp-json\/wp\/v2\/users\/1"}],"replies":[{"embeddable":true,"href":"https:\/\/www.muehlebirgel.de\/fr\/wp-json\/wp\/v2\/comments?post=10082"}],"version-history":[{"count":3,"href":"https:\/\/www.muehlebirgel.de\/fr\/wp-json\/wp\/v2\/pages\/10082\/revisions"}],"predecessor-version":[{"id":11013,"href":"https:\/\/www.muehlebirgel.de\/fr\/wp-json\/wp\/v2\/pages\/10082\/revisions\/11013"}],"up":[{"embeddable":true,"href":"https:\/\/www.muehlebirgel.de\/fr\/wp-json\/wp\/v2\/pages\/9659"}],"wp:attachment":[{"href":"https:\/\/www.muehlebirgel.de\/fr\/wp-json\/wp\/v2\/media?parent=10082"}],"curies":[{"name":"wp","href":"https:\/\/api.w.org\/{rel}","templated":true}]}}