{"id":10092,"date":"2021-12-10T15:07:01","date_gmt":"2021-12-10T15:07:01","guid":{"rendered":"https:\/\/www.muehlebirgel.de\/imprimer\/"},"modified":"2025-08-01T16:03:23","modified_gmt":"2025-08-01T14:03:23","slug":"mentions-legales","status":"publish","type":"page","link":"https:\/\/www.muehlebirgel.de\/fr\/imprimer","title":{"rendered":"Mentions l\u00e9gales"},"content":{"rendered":"<div class=\"wpb-content-wrapper\"><p>[vc_row][vc_column][vc_column_text css=\u00a0\u00bb\u00a0\u00bb css_params=\u00a0\u00bb\u00a0\u00bb]<\/p>\n<p>\n<strong>Mariette Spohr GmbH<\/strong>&#13;\n<p>\nM\u00fchlenstra\u00dfe 1<br\/>54587 Birgel<br\/>Deutschland&#13;\n<p>\nTelefon: +49 6597 92820<br\/>Fax: +49 6597 9282-149<br\/>E-Mail: info@muehlebirgel.de (Siehe auch unser <a href=\"https:\/\/www.muehlebirgel.de\/kontakt\">Kontaktformular<\/a>)&#13;\n<p>\nGesch\u00e4ftsf\u00fchrer: Mariette Spohr\r\n<p>\nHandelsregister: Amtsgericht Wittlich, HRB 32521\r\n<p>\nUmsatzsteuer-Identifikationsnummer: DE234825863&#13;\n<p>Nous ne sommes ni oblig\u00e9s ni dispos\u00e9s \u00e0 participer \u00e0 une proc\u00e9dure de r\u00e8glement des diff\u00e9rends devant un conseil d&rsquo;arbitrage des consommateurs.<\/p>&#13;\n<p>\n<i><a title=\"Impressum\" href=\"https:\/\/shop.trustedshops.com\/de\/rechtstexte\/\" target=\"_blank\" rel=\"noopener noreferrer\">Impressum<\/a> erstellt mit dem <a title=\"Trusted Shops\" href=\"https:\/\/shop.trustedshops.com\/de\/\" target=\"_blank\" rel=\"noopener noreferrer\">Trusted Shops<\/a> Rechtstexter in Kooperation mit <a title=\"Wilde Beuger Solmecke Rechtsanw&#xE4;lte\" href=\"https:\/\/www.wbs-law.de\/\" target=\"_blank\" rel=\"nofollow noopener noreferrer\">Wilde Beuger Solmecke Rechtsanw\u00e4lte<\/a>.<\/i>&#13;\n<p><strong><br\/>D\u00e9veloppement web et marketing en ligne<br\/><\/strong>Walger Digital Marketing de Cologne<br\/><a href=\"https:\/\/www.walger-marketing.de\/\" target=\"_blank\" rel=\"noopener\">www.walger-marketing.de<\/a><\/p>&#13;\n\r\n<div class=\"wp-block-group\">\r\n<div class=\"wp-block-group__inner-container is-layout-flow wp-block-group-is-layout-flow\">\r\n<p>Droits d&rsquo;auteur des photos (entre autres)\u00a0:\r\n<p>\u00a9 Jakub Niezabitowski \u00a9 FotoLyriX \u00a9 WoGi \u00a9 Phil \u00a9 sonne Fleckl \u00a9 Matthias Kr\u00fcttgen \u00a9 Herbert Osterrieder \u00a9 Kzenon \u00a9 Rebel \u00a9 Sandra Thiele \u00a9 mapoli-photo \u00a9 drubig-photo \u00a9 W-PHOTO \u00a9 antikarium \u00a9 tom anyz \u00a9 Markus Langer \u00a9 Bernd Meiseberg \u00a9 Andreas Haertle \u00a9 Brandy \u00a9 rosi \u00a9 andreas \u00a9 bawinner \u00a9 Ronny N\u00f6ller \u00a9 cynoclub \u00a9 Alexey Fursov \u00a9 4pfoten-design \u00a9 Weidmann72 \u00a9 Lucky Dragon \u00a9 Beboy \u00a9 EastWest Imaging \u00a9 Yuri Arcurs \u00a9 photocrew <i>\u00a9 Sergey Yarochkin <\/i><i>\u00a9 HLPhoto <\/i>&#8212; f o t o l i a.com<\/p>\r\n\r\n<\/div>\r\n<\/div>\r\n<div class=\"woocommerce woocommerce-gzd woocommerce-gzd-complaints-shortcode\">\n\t\t\t<h3>Alternative Dispute Resolution in accordance with Art. 14 (1) ODR-VO and \u00a7 36 VSBG:<\/h3>\n\t\nZur Teilnahme an einem Streitbeilegungsverfahren vor einer Verbraucherschlichtungsstelle sind wir nicht verpflichtet und nicht bereit.<\/div>\n<p>&nbsp;<\/p>\n<p>[\/vc_column_text][\/vc_column][\/vc_row]<\/p>\n<\/div>","protected":false},"excerpt":{"rendered":"<p>[vc_row][vc_column][vc_column_text css=\u00a0\u00bb\u00a0\u00bb css_params=\u00a0\u00bb\u00a0\u00bb] Mariette Spohr GmbH&#13; M\u00fchlenstra\u00dfe 154587 BirgelDeutschland&#13; Telefon: +49 6597 92820Fax: +49 6597 9282-149E-Mail: info@muehlebirgel.de (Siehe auch unser Kontaktformular)&#13; Gesch\u00e4ftsf\u00fchrer: Mariette Spohr Handelsregister: Amtsgericht Wittlich, HRB 32521 Umsatzsteuer-Identifikationsnummer: DE234825863&#13; Nous ne sommes ni oblig\u00e9s ni dispos\u00e9s \u00e0 participer \u00e0 une proc\u00e9dure de r\u00e8glement des diff\u00e9rends devant un conseil d&rsquo;arbitrage des consommateurs. &#13; Impressum [&hellip;]<\/p>\n","protected":false},"author":1,"featured_media":0,"parent":0,"menu_order":0,"comment_status":"closed","ping_status":"closed","template":"","meta":{"footnotes":""},"class_list":["post-10092","page","type-page","status-publish","hentry"],"yoast_head":"<!-- This site is optimized with the Yoast SEO plugin v27.2 - https:\/\/yoast.com\/product\/yoast-seo-wordpress\/ -->\n<title>Mentions l\u00e9gales - Historische Wasserm\u00fchle Birgel<\/title>\n<meta name=\"robots\" content=\"index, follow, max-snippet:-1, max-image-preview:large, max-video-preview:-1\" \/>\n<link rel=\"canonical\" href=\"https:\/\/www.muehlebirgel.de\/fr\/imprimer\" \/>\n<meta property=\"og:locale\" content=\"fr_FR\" \/>\n<meta property=\"og:type\" content=\"article\" \/>\n<meta property=\"og:title\" content=\"Mentions l\u00e9gales - Historische Wasserm\u00fchle Birgel\" \/>\n<meta property=\"og:description\" content=\"[vc_row][vc_column][vc_column_text css=\u00a0\u00bb\u00a0\u00bb css_params=\u00a0\u00bb\u00a0\u00bb] Mariette Spohr GmbH&#013; M\u00fchlenstra\u00dfe 154587 BirgelDeutschland&#013; Telefon: +49 6597 92820Fax: +49 6597 9282-149E-Mail: info@muehlebirgel.de (Siehe auch unser Kontaktformular)&#013; Gesch\u00e4ftsf\u00fchrer: Mariette Spohr Handelsregister: Amtsgericht Wittlich, HRB 32521 Umsatzsteuer-Identifikationsnummer: DE234825863&#013; Nous ne sommes ni oblig\u00e9s ni dispos\u00e9s \u00e0 participer \u00e0 une proc\u00e9dure de r\u00e8glement des diff\u00e9rends devant un conseil d&rsquo;arbitrage des consommateurs. &#013; Impressum [&hellip;]\" \/>\n<meta property=\"og:url\" content=\"https:\/\/www.muehlebirgel.de\/fr\/imprimer\/\" \/>\n<meta property=\"og:site_name\" content=\"Historische Wasserm\u00fchle Birgel\" \/>\n<meta property=\"article:modified_time\" content=\"2025-08-01T14:03:23+00:00\" \/>\n<meta name=\"twitter:card\" content=\"summary_large_image\" \/>\n<meta name=\"twitter:label1\" content=\"Dur\u00e9e de lecture estim\u00e9e\" \/>\n\t<meta name=\"twitter:data1\" content=\"1 minute\" \/>\n<script type=\"application\/ld+json\" class=\"yoast-schema-graph\">{\"@context\":\"https:\/\/schema.org\",\"@graph\":[{\"@type\":\"WebPage\",\"@id\":\"https:\/\/www.muehlebirgel.de\/fr\/imprimer\",\"url\":\"https:\/\/www.muehlebirgel.de\/fr\/imprimer\",\"name\":\"Mentions l\u00e9gales - Historische Wasserm\u00fchle Birgel\",\"isPartOf\":{\"@id\":\"https:\/\/www.muehlebirgel.de\/fr\/#website\"},\"datePublished\":\"2021-12-10T15:07:01+00:00\",\"dateModified\":\"2025-08-01T14:03:23+00:00\",\"breadcrumb\":{\"@id\":\"https:\/\/www.muehlebirgel.de\/fr\/imprimer#breadcrumb\"},\"inLanguage\":\"fr-FR\",\"potentialAction\":[{\"@type\":\"ReadAction\",\"target\":[\"https:\/\/www.muehlebirgel.de\/fr\/imprimer\"]}]},{\"@type\":\"BreadcrumbList\",\"@id\":\"https:\/\/www.muehlebirgel.de\/fr\/imprimer#breadcrumb\",\"itemListElement\":[{\"@type\":\"ListItem\",\"position\":1,\"name\":\"Startseite\",\"item\":\"https:\/\/www.muehlebirgel.de\/fr\"},{\"@type\":\"ListItem\",\"position\":2,\"name\":\"Mentions l\u00e9gales\"}]},{\"@type\":\"WebSite\",\"@id\":\"https:\/\/www.muehlebirgel.de\/fr\/#website\",\"url\":\"https:\/\/www.muehlebirgel.de\/fr\/\",\"name\":\"Historische Wasserm\u00fchle Birgel\",\"description\":\"Willkommen im M\u00fchlen-Erlebniszentrum\",\"potentialAction\":[{\"@type\":\"SearchAction\",\"target\":{\"@type\":\"EntryPoint\",\"urlTemplate\":\"https:\/\/www.muehlebirgel.de\/fr\/?s={search_term_string}\"},\"query-input\":{\"@type\":\"PropertyValueSpecification\",\"valueRequired\":true,\"valueName\":\"search_term_string\"}}],\"inLanguage\":\"fr-FR\"}]}<\/script>\n<!-- \/ Yoast SEO plugin. -->","yoast_head_json":{"title":"Mentions l\u00e9gales - Historische Wasserm\u00fchle Birgel","robots":{"index":"index","follow":"follow","max-snippet":"max-snippet:-1","max-image-preview":"max-image-preview:large","max-video-preview":"max-video-preview:-1"},"canonical":"https:\/\/www.muehlebirgel.de\/fr\/imprimer","og_locale":"fr_FR","og_type":"article","og_title":"Mentions l\u00e9gales - Historische Wasserm\u00fchle Birgel","og_description":"[vc_row][vc_column][vc_column_text css=\u00a0\u00bb\u00a0\u00bb css_params=\u00a0\u00bb\u00a0\u00bb] Mariette Spohr GmbH&#13; M\u00fchlenstra\u00dfe 154587 BirgelDeutschland&#13; Telefon: +49 6597 92820Fax: +49 6597 9282-149E-Mail: info@muehlebirgel.de (Siehe auch unser Kontaktformular)&#13; Gesch\u00e4ftsf\u00fchrer: Mariette Spohr Handelsregister: Amtsgericht Wittlich, HRB 32521 Umsatzsteuer-Identifikationsnummer: DE234825863&#13; Nous ne sommes ni oblig\u00e9s ni dispos\u00e9s \u00e0 participer \u00e0 une proc\u00e9dure de r\u00e8glement des diff\u00e9rends devant un conseil d&rsquo;arbitrage des consommateurs. &#13; Impressum [&hellip;]","og_url":"https:\/\/www.muehlebirgel.de\/fr\/imprimer\/","og_site_name":"Historische Wasserm\u00fchle Birgel","article_modified_time":"2025-08-01T14:03:23+00:00","twitter_card":"summary_large_image","twitter_misc":{"Dur\u00e9e de lecture estim\u00e9e":"1 minute"},"schema":{"@context":"https:\/\/schema.org","@graph":[{"@type":"WebPage","@id":"https:\/\/www.muehlebirgel.de\/fr\/imprimer","url":"https:\/\/www.muehlebirgel.de\/fr\/imprimer","name":"Mentions l\u00e9gales - Historische Wasserm\u00fchle Birgel","isPartOf":{"@id":"https:\/\/www.muehlebirgel.de\/fr\/#website"},"datePublished":"2021-12-10T15:07:01+00:00","dateModified":"2025-08-01T14:03:23+00:00","breadcrumb":{"@id":"https:\/\/www.muehlebirgel.de\/fr\/imprimer#breadcrumb"},"inLanguage":"fr-FR","potentialAction":[{"@type":"ReadAction","target":["https:\/\/www.muehlebirgel.de\/fr\/imprimer"]}]},{"@type":"BreadcrumbList","@id":"https:\/\/www.muehlebirgel.de\/fr\/imprimer#breadcrumb","itemListElement":[{"@type":"ListItem","position":1,"name":"Startseite","item":"https:\/\/www.muehlebirgel.de\/fr"},{"@type":"ListItem","position":2,"name":"Mentions l\u00e9gales"}]},{"@type":"WebSite","@id":"https:\/\/www.muehlebirgel.de\/fr\/#website","url":"https:\/\/www.muehlebirgel.de\/fr\/","name":"Historische Wasserm\u00fchle Birgel","description":"Willkommen im M\u00fchlen-Erlebniszentrum","potentialAction":[{"@type":"SearchAction","target":{"@type":"EntryPoint","urlTemplate":"https:\/\/www.muehlebirgel.de\/fr\/?s={search_term_string}"},"query-input":{"@type":"PropertyValueSpecification","valueRequired":true,"valueName":"search_term_string"}}],"inLanguage":"fr-FR"}]}},"_links":{"self":[{"href":"https:\/\/www.muehlebirgel.de\/fr\/wp-json\/wp\/v2\/pages\/10092","targetHints":{"allow":["GET"]}}],"collection":[{"href":"https:\/\/www.muehlebirgel.de\/fr\/wp-json\/wp\/v2\/pages"}],"about":[{"href":"https:\/\/www.muehlebirgel.de\/fr\/wp-json\/wp\/v2\/types\/page"}],"author":[{"embeddable":true,"href":"https:\/\/www.muehlebirgel.de\/fr\/wp-json\/wp\/v2\/users\/1"}],"replies":[{"embeddable":true,"href":"https:\/\/www.muehlebirgel.de\/fr\/wp-json\/wp\/v2\/comments?post=10092"}],"version-history":[{"count":8,"href":"https:\/\/www.muehlebirgel.de\/fr\/wp-json\/wp\/v2\/pages\/10092\/revisions"}],"predecessor-version":[{"id":58792,"href":"https:\/\/www.muehlebirgel.de\/fr\/wp-json\/wp\/v2\/pages\/10092\/revisions\/58792"}],"wp:attachment":[{"href":"https:\/\/www.muehlebirgel.de\/fr\/wp-json\/wp\/v2\/media?parent=10092"}],"curies":[{"name":"wp","href":"https:\/\/api.w.org\/{rel}","templated":true}]}}