{"id":10099,"date":"2021-12-10T15:07:12","date_gmt":"2021-12-10T15:07:12","guid":{"rendered":"https:\/\/www.muehlebirgel.de\/methodes-de-livraison\/"},"modified":"2024-11-07T14:36:36","modified_gmt":"2024-11-07T13:36:36","slug":"modes-dexpedition","status":"publish","type":"page","link":"https:\/\/www.muehlebirgel.de\/fr\/methodes-de-livraison","title":{"rendered":"M\u00e9thodes de livraison"},"content":{"rendered":"<div class=\"wpb-content-wrapper\"><p>[vc_row][vc_column][vc_column_text]<\/p>\n<div><\/div>\n<p>Nous exp\u00e9dions vos commandes en toute confiance avec notre partenaire de livraison DHL. \u00c0 partir de 59 \u20ac d&rsquo;achat, la livraison est gratuite pour vous &#8211; vous pouvez donc recevoir nos sp\u00e9cialit\u00e9s chez vous sans frais suppl\u00e9mentaires. Pour les commandes inf\u00e9rieures \u00e0 59 \u20ac, nous facturons des frais d&rsquo;exp\u00e9dition forfaitaires de 7,95 \u20ac, qui comprennent l&#8217;emballage et l&rsquo;exp\u00e9dition s\u00e9curis\u00e9e. Avec DHL, nous nous assurons que votre commande arrive rapidement et en toute s\u00e9curit\u00e9 chez vous. Notre objectif est de vous offrir une exp\u00e9rience d&rsquo;achat simple et des conditions d&rsquo;exp\u00e9dition transparentes. Si vous avez des questions, n&rsquo;h\u00e9sitez pas \u00e0 nous contacter. <\/p>\n<div>\n<p>Europe :<br \/>\nFrais d&rsquo;exp\u00e9dition sur demande.<\/p>\n<\/div>\n<p>[\/vc_column_text][\/vc_column][\/vc_row]<\/p>\n<\/div>","protected":false},"excerpt":{"rendered":"<p>[vc_row][vc_column][vc_column_text] Nous exp\u00e9dions vos commandes en toute confiance avec notre partenaire de livraison DHL. \u00c0 partir de 59 \u20ac d&rsquo;achat, la livraison est gratuite pour vous &#8211; vous pouvez donc recevoir nos sp\u00e9cialit\u00e9s chez vous sans frais suppl\u00e9mentaires. Pour les commandes inf\u00e9rieures \u00e0 59 \u20ac, nous facturons des frais d&rsquo;exp\u00e9dition forfaitaires de 7,95 \u20ac, qui [&hellip;]<\/p>\n","protected":false},"author":1,"featured_media":0,"parent":0,"menu_order":0,"comment_status":"closed","ping_status":"closed","template":"","meta":{"footnotes":""},"class_list":["post-10099","page","type-page","status-publish","hentry"],"yoast_head":"<!-- This site is optimized with the Yoast SEO plugin v27.2 - https:\/\/yoast.com\/product\/yoast-seo-wordpress\/ -->\n<title>M\u00e9thodes de livraison - Historische Wasserm\u00fchle Birgel<\/title>\n<meta name=\"robots\" content=\"index, follow, max-snippet:-1, max-image-preview:large, max-video-preview:-1\" \/>\n<link rel=\"canonical\" href=\"https:\/\/www.muehlebirgel.de\/fr\/methodes-de-livraison\" \/>\n<meta property=\"og:locale\" content=\"fr_FR\" \/>\n<meta property=\"og:type\" content=\"article\" \/>\n<meta property=\"og:title\" content=\"M\u00e9thodes de livraison - Historische Wasserm\u00fchle Birgel\" \/>\n<meta property=\"og:description\" content=\"[vc_row][vc_column][vc_column_text] Nous exp\u00e9dions vos commandes en toute confiance avec notre partenaire de livraison DHL. \u00c0 partir de 59 \u20ac d&rsquo;achat, la livraison est gratuite pour vous &#8211; vous pouvez donc recevoir nos sp\u00e9cialit\u00e9s chez vous sans frais suppl\u00e9mentaires. Pour les commandes inf\u00e9rieures \u00e0 59 \u20ac, nous facturons des frais d&rsquo;exp\u00e9dition forfaitaires de 7,95 \u20ac, qui [&hellip;]\" \/>\n<meta property=\"og:url\" content=\"https:\/\/www.muehlebirgel.de\/fr\/methodes-de-livraison\/\" \/>\n<meta property=\"og:site_name\" content=\"Historische Wasserm\u00fchle Birgel\" \/>\n<meta property=\"article:modified_time\" content=\"2024-11-07T13:36:36+00:00\" \/>\n<meta name=\"twitter:card\" content=\"summary_large_image\" \/>\n<meta name=\"twitter:label1\" content=\"Dur\u00e9e de lecture estim\u00e9e\" \/>\n\t<meta name=\"twitter:data1\" content=\"1 minute\" \/>\n<script type=\"application\/ld+json\" class=\"yoast-schema-graph\">{\"@context\":\"https:\/\/schema.org\",\"@graph\":[{\"@type\":\"WebPage\",\"@id\":\"https:\/\/www.muehlebirgel.de\/fr\/methodes-de-livraison\",\"url\":\"https:\/\/www.muehlebirgel.de\/fr\/methodes-de-livraison\",\"name\":\"M\u00e9thodes de livraison - Historische Wasserm\u00fchle Birgel\",\"isPartOf\":{\"@id\":\"https:\/\/www.muehlebirgel.de\/fr\/#website\"},\"datePublished\":\"2021-12-10T15:07:12+00:00\",\"dateModified\":\"2024-11-07T13:36:36+00:00\",\"breadcrumb\":{\"@id\":\"https:\/\/www.muehlebirgel.de\/fr\/methodes-de-livraison#breadcrumb\"},\"inLanguage\":\"fr-FR\",\"potentialAction\":[{\"@type\":\"ReadAction\",\"target\":[\"https:\/\/www.muehlebirgel.de\/fr\/methodes-de-livraison\"]}]},{\"@type\":\"BreadcrumbList\",\"@id\":\"https:\/\/www.muehlebirgel.de\/fr\/methodes-de-livraison#breadcrumb\",\"itemListElement\":[{\"@type\":\"ListItem\",\"position\":1,\"name\":\"Startseite\",\"item\":\"https:\/\/www.muehlebirgel.de\/fr\"},{\"@type\":\"ListItem\",\"position\":2,\"name\":\"M\u00e9thodes de livraison\"}]},{\"@type\":\"WebSite\",\"@id\":\"https:\/\/www.muehlebirgel.de\/fr\/#website\",\"url\":\"https:\/\/www.muehlebirgel.de\/fr\/\",\"name\":\"Historische Wasserm\u00fchle Birgel\",\"description\":\"Willkommen im M\u00fchlen-Erlebniszentrum\",\"potentialAction\":[{\"@type\":\"SearchAction\",\"target\":{\"@type\":\"EntryPoint\",\"urlTemplate\":\"https:\/\/www.muehlebirgel.de\/fr\/?s={search_term_string}\"},\"query-input\":{\"@type\":\"PropertyValueSpecification\",\"valueRequired\":true,\"valueName\":\"search_term_string\"}}],\"inLanguage\":\"fr-FR\"}]}<\/script>\n<!-- \/ Yoast SEO plugin. -->","yoast_head_json":{"title":"M\u00e9thodes de livraison - Historische Wasserm\u00fchle Birgel","robots":{"index":"index","follow":"follow","max-snippet":"max-snippet:-1","max-image-preview":"max-image-preview:large","max-video-preview":"max-video-preview:-1"},"canonical":"https:\/\/www.muehlebirgel.de\/fr\/methodes-de-livraison","og_locale":"fr_FR","og_type":"article","og_title":"M\u00e9thodes de livraison - Historische Wasserm\u00fchle Birgel","og_description":"[vc_row][vc_column][vc_column_text] Nous exp\u00e9dions vos commandes en toute confiance avec notre partenaire de livraison DHL. \u00c0 partir de 59 \u20ac d&rsquo;achat, la livraison est gratuite pour vous &#8211; vous pouvez donc recevoir nos sp\u00e9cialit\u00e9s chez vous sans frais suppl\u00e9mentaires. Pour les commandes inf\u00e9rieures \u00e0 59 \u20ac, nous facturons des frais d&rsquo;exp\u00e9dition forfaitaires de 7,95 \u20ac, qui [&hellip;]","og_url":"https:\/\/www.muehlebirgel.de\/fr\/methodes-de-livraison\/","og_site_name":"Historische Wasserm\u00fchle Birgel","article_modified_time":"2024-11-07T13:36:36+00:00","twitter_card":"summary_large_image","twitter_misc":{"Dur\u00e9e de lecture estim\u00e9e":"1 minute"},"schema":{"@context":"https:\/\/schema.org","@graph":[{"@type":"WebPage","@id":"https:\/\/www.muehlebirgel.de\/fr\/methodes-de-livraison","url":"https:\/\/www.muehlebirgel.de\/fr\/methodes-de-livraison","name":"M\u00e9thodes de livraison - Historische Wasserm\u00fchle Birgel","isPartOf":{"@id":"https:\/\/www.muehlebirgel.de\/fr\/#website"},"datePublished":"2021-12-10T15:07:12+00:00","dateModified":"2024-11-07T13:36:36+00:00","breadcrumb":{"@id":"https:\/\/www.muehlebirgel.de\/fr\/methodes-de-livraison#breadcrumb"},"inLanguage":"fr-FR","potentialAction":[{"@type":"ReadAction","target":["https:\/\/www.muehlebirgel.de\/fr\/methodes-de-livraison"]}]},{"@type":"BreadcrumbList","@id":"https:\/\/www.muehlebirgel.de\/fr\/methodes-de-livraison#breadcrumb","itemListElement":[{"@type":"ListItem","position":1,"name":"Startseite","item":"https:\/\/www.muehlebirgel.de\/fr"},{"@type":"ListItem","position":2,"name":"M\u00e9thodes de livraison"}]},{"@type":"WebSite","@id":"https:\/\/www.muehlebirgel.de\/fr\/#website","url":"https:\/\/www.muehlebirgel.de\/fr\/","name":"Historische Wasserm\u00fchle Birgel","description":"Willkommen im M\u00fchlen-Erlebniszentrum","potentialAction":[{"@type":"SearchAction","target":{"@type":"EntryPoint","urlTemplate":"https:\/\/www.muehlebirgel.de\/fr\/?s={search_term_string}"},"query-input":{"@type":"PropertyValueSpecification","valueRequired":true,"valueName":"search_term_string"}}],"inLanguage":"fr-FR"}]}},"_links":{"self":[{"href":"https:\/\/www.muehlebirgel.de\/fr\/wp-json\/wp\/v2\/pages\/10099","targetHints":{"allow":["GET"]}}],"collection":[{"href":"https:\/\/www.muehlebirgel.de\/fr\/wp-json\/wp\/v2\/pages"}],"about":[{"href":"https:\/\/www.muehlebirgel.de\/fr\/wp-json\/wp\/v2\/types\/page"}],"author":[{"embeddable":true,"href":"https:\/\/www.muehlebirgel.de\/fr\/wp-json\/wp\/v2\/users\/1"}],"replies":[{"embeddable":true,"href":"https:\/\/www.muehlebirgel.de\/fr\/wp-json\/wp\/v2\/comments?post=10099"}],"version-history":[{"count":16,"href":"https:\/\/www.muehlebirgel.de\/fr\/wp-json\/wp\/v2\/pages\/10099\/revisions"}],"predecessor-version":[{"id":44811,"href":"https:\/\/www.muehlebirgel.de\/fr\/wp-json\/wp\/v2\/pages\/10099\/revisions\/44811"}],"wp:attachment":[{"href":"https:\/\/www.muehlebirgel.de\/fr\/wp-json\/wp\/v2\/media?parent=10099"}],"curies":[{"name":"wp","href":"https:\/\/api.w.org\/{rel}","templated":true}]}}