{"id":10123,"date":"2021-12-10T15:07:49","date_gmt":"2021-12-10T15:07:49","guid":{"rendered":"https:\/\/www.muehlebirgel.de\/catastrophe-inondation-2021-dons-pour-le-moulin-a-eau-historique\/"},"modified":"2021-12-10T15:07:49","modified_gmt":"2021-12-10T15:07:49","slug":"catastrophe-inondation-2021-dons-pour-le-moulin-a-eau-historique","status":"publish","type":"page","link":"https:\/\/www.muehlebirgel.de\/fr\/catastrophe-inondation-2021-dons-pour-le-moulin-a-eau-historique","title":{"rendered":"Catastrophe inondation 2021 &#8211; dons pour le moulin \u00e0 eau historique"},"content":{"rendered":"<div class=\"wpb-content-wrapper\"><p>[vc_row][vc_column][vc_video link=\u00a0\u00bbhttps:\/\/youtu.be\/0MCRKFpe1xw\u00a0\u00bb title=\u00a0\u00bbMessage vid\u00e9o du chef Miller Erwin\u00a0\u00bb][\/vc_column][\/vc_row][vc_row css=\u00a0\u00bb.vc_custom_1626809118984{padding-top: 5px !important;padding-right: 5px !important;padding-bottom: 5px !important;padding-left: 5px !important;background-color: #f2f2f2 !important;}\u00a0\u00bb][vc_column width=\u00a0\u00bb1\/3&Prime;][vc_column_text]<strong>Faire un don de bons<\/strong><br \/>\n Un don des bons que vous avez d\u00e9j\u00e0 achet\u00e9s est la plus grande aide pour nous. Envoyez-nous simplement votre bon d&rsquo;\u00e9change incl. Num\u00e9ro de bon et un court message&nbsp;:<\/p>\n<p>Par email:<br \/>\ninfo@moulin.de<\/p>\n<p>Par la poste:<br \/>\nHistorische Wasserm\u00fchle<br \/>\nM\u00fchlenstrasse 1<br \/>\n54587 Birgel[\/vc_column_text][\/vc_column][vc_column width=\u00a0\u00bb1\/3&Prime;][vc_column_text]<strong>Compte de don<\/strong><br \/>\nDestinataire : Erwin von der M\u00fchle<br \/>\nIBAN : DE82 3007 0024 0302 1367 00<br \/>\nBanque Allemande<br \/>\nMot-cl\u00e9 : inondations[\/vc_column_text][\/vc_column][vc_column width=\u00a0\u00bb1\/3&Prime;][vc_column_text]<strong>Faire un don via PayPal<\/strong><br \/>\n Les dons via PayPal ne sont pas possibles. Nous demandons un virement sur le compte de dons.[\/vc_column_text][\/vc_column][\/vc_row][vc_row][vc_column][vc_column_text]Chers amis du moulin,<\/p>\n<p>Comme nous vous l&rsquo;avons d\u00e9j\u00e0 dit ces derniers jours, le moulin \u00e0 eau historique a \u00e9t\u00e9 compl\u00e8tement d\u00e9truit dans la plupart des r\u00e9gions par les inondations. Malheureusement, il n&rsquo;y aura pas d&rsquo;op\u00e9ration pendant longtemps.<\/p>\n<p>Gr\u00e2ce au grand soutien de nombreux assistants, les premiers travaux de nettoyage ont pu commencer et nous esp\u00e9rons les mener \u00e0 bien. Cependant, cela seul prendra quelques semaines et la reconstruction ult\u00e9rieure sera une affaire financi\u00e8re difficile pour nous. Nous esp\u00e9rons des indemnit\u00e9s d&rsquo;assurance ainsi que l&rsquo;aide d&rsquo;urgence promise par le parlement du Land de Rh\u00e9nanie-Palatinat.<\/p>\n<p>Mais vous aussi, chers invit\u00e9s, pouvez nous aider beaucoup avec un don si vous nous faites don des bons que vous avez d\u00e9j\u00e0 achet\u00e9s et qui ne peuvent de toute fa\u00e7on pas \u00eatre \u00e9chang\u00e9s pendant les 12 prochains mois. Les dons sont \u00e9galement les bienvenus. Ces derniers jours, beaucoup de gens l&rsquo;ont d\u00e9j\u00e0 fait de mani\u00e8re amicale. Chaque fois que le bon n&rsquo;est pas utilis\u00e9, M\u00fchle Birgel recevra une aide financi\u00e8re importante.<\/p>\n<p>Nous vous remercions au nom de tout le monde au moulin pour votre soutien et bien entendu nous vous tiendrons au courant en temps utile d\u00e8s que nous en saurons plus sur la r\u00e9ouverture du moulin.<\/p>\n<p>Tout le meilleur de Birgel, des meuniers en chef Erwin et Mariette et de toute l&rsquo;\u00e9quipe du moulin[\/vc_column_text][\/vc_column][\/vc_row]<\/p>\n<\/div>","protected":false},"excerpt":{"rendered":"<p>[vc_row][vc_column][vc_video link=\u00a0\u00bbhttps:\/\/youtu.be\/0MCRKFpe1xw\u00a0\u00bb title=\u00a0\u00bbMessage vid\u00e9o du chef Miller Erwin\u00a0\u00bb][\/vc_column][\/vc_row][vc_row css=\u00a0\u00bb.vc_custom_1626809118984{padding-top: 5px !important;padding-right: 5px !important;padding-bottom: 5px !important;padding-left: 5px !important;background-color: #f2f2f2 !important;}\u00a0\u00bb][vc_column width=\u00a0\u00bb1\/3&Prime;][vc_column_text]Faire un don de bons Un don des bons que vous avez d\u00e9j\u00e0 achet\u00e9s est la plus grande aide pour nous. Envoyez-nous simplement votre bon d&rsquo;\u00e9change incl. Num\u00e9ro de bon et un court message&nbsp;: Par email: [&hellip;]<\/p>\n","protected":false},"author":1,"featured_media":0,"parent":0,"menu_order":0,"comment_status":"closed","ping_status":"closed","template":"","meta":{"footnotes":""},"class_list":["post-10123","page","type-page","status-publish","hentry"],"yoast_head":"<!-- This site is optimized with the Yoast SEO plugin v27.2 - https:\/\/yoast.com\/product\/yoast-seo-wordpress\/ -->\n<title>Catastrophe inondation 2021 - dons pour le moulin \u00e0 eau historique - Historische Wasserm\u00fchle Birgel<\/title>\n<meta name=\"robots\" content=\"index, follow, max-snippet:-1, max-image-preview:large, max-video-preview:-1\" \/>\n<link rel=\"canonical\" href=\"https:\/\/www.muehlebirgel.de\/fr\/catastrophe-inondation-2021-dons-pour-le-moulin-a-eau-historique\" \/>\n<meta property=\"og:locale\" content=\"fr_FR\" \/>\n<meta property=\"og:type\" content=\"article\" \/>\n<meta property=\"og:title\" content=\"Catastrophe inondation 2021 - dons pour le moulin \u00e0 eau historique - Historische Wasserm\u00fchle Birgel\" \/>\n<meta property=\"og:description\" content=\"[vc_row][vc_column][vc_video link=\u00a0\u00bbhttps:\/\/youtu.be\/0MCRKFpe1xw\u00a0\u00bb title=\u00a0\u00bbMessage vid\u00e9o du chef Miller Erwin\u00a0\u00bb][\/vc_column][\/vc_row][vc_row css=\u00a0\u00bb.vc_custom_1626809118984{padding-top: 5px !important;padding-right: 5px !important;padding-bottom: 5px !important;padding-left: 5px !important;background-color: #f2f2f2 !important;}\u00a0\u00bb][vc_column width=\u00a0\u00bb1\/3&Prime;][vc_column_text]Faire un don de bons Un don des bons que vous avez d\u00e9j\u00e0 achet\u00e9s est la plus grande aide pour nous. Envoyez-nous simplement votre bon d&rsquo;\u00e9change incl. Num\u00e9ro de bon et un court message&nbsp;: Par email: [&hellip;]\" \/>\n<meta property=\"og:url\" content=\"https:\/\/www.muehlebirgel.de\/fr\/catastrophe-inondation-2021-dons-pour-le-moulin-a-eau-historique\/\" \/>\n<meta property=\"og:site_name\" content=\"Historische Wasserm\u00fchle Birgel\" \/>\n<meta name=\"twitter:card\" content=\"summary_large_image\" \/>\n<meta name=\"twitter:label1\" content=\"Dur\u00e9e de lecture estim\u00e9e\" \/>\n\t<meta name=\"twitter:data1\" content=\"2 minutes\" \/>\n<script type=\"application\/ld+json\" class=\"yoast-schema-graph\">{\"@context\":\"https:\/\/schema.org\",\"@graph\":[{\"@type\":\"WebPage\",\"@id\":\"https:\/\/www.muehlebirgel.de\/fr\/catastrophe-inondation-2021-dons-pour-le-moulin-a-eau-historique\",\"url\":\"https:\/\/www.muehlebirgel.de\/fr\/catastrophe-inondation-2021-dons-pour-le-moulin-a-eau-historique\",\"name\":\"Catastrophe inondation 2021 - dons pour le moulin \u00e0 eau historique - Historische Wasserm\u00fchle Birgel\",\"isPartOf\":{\"@id\":\"https:\/\/www.muehlebirgel.de\/fr\/#website\"},\"datePublished\":\"2021-12-10T15:07:49+00:00\",\"breadcrumb\":{\"@id\":\"https:\/\/www.muehlebirgel.de\/fr\/catastrophe-inondation-2021-dons-pour-le-moulin-a-eau-historique#breadcrumb\"},\"inLanguage\":\"fr-FR\",\"potentialAction\":[{\"@type\":\"ReadAction\",\"target\":[\"https:\/\/www.muehlebirgel.de\/fr\/catastrophe-inondation-2021-dons-pour-le-moulin-a-eau-historique\"]}]},{\"@type\":\"BreadcrumbList\",\"@id\":\"https:\/\/www.muehlebirgel.de\/fr\/catastrophe-inondation-2021-dons-pour-le-moulin-a-eau-historique#breadcrumb\",\"itemListElement\":[{\"@type\":\"ListItem\",\"position\":1,\"name\":\"Startseite\",\"item\":\"https:\/\/www.muehlebirgel.de\/fr\"},{\"@type\":\"ListItem\",\"position\":2,\"name\":\"Catastrophe inondation 2021 &#8211; dons pour le moulin \u00e0 eau historique\"}]},{\"@type\":\"WebSite\",\"@id\":\"https:\/\/www.muehlebirgel.de\/fr\/#website\",\"url\":\"https:\/\/www.muehlebirgel.de\/fr\/\",\"name\":\"Historische Wasserm\u00fchle Birgel\",\"description\":\"Willkommen im M\u00fchlen-Erlebniszentrum\",\"potentialAction\":[{\"@type\":\"SearchAction\",\"target\":{\"@type\":\"EntryPoint\",\"urlTemplate\":\"https:\/\/www.muehlebirgel.de\/fr\/?s={search_term_string}\"},\"query-input\":{\"@type\":\"PropertyValueSpecification\",\"valueRequired\":true,\"valueName\":\"search_term_string\"}}],\"inLanguage\":\"fr-FR\"}]}<\/script>\n<!-- \/ Yoast SEO plugin. -->","yoast_head_json":{"title":"Catastrophe inondation 2021 - dons pour le moulin \u00e0 eau historique - Historische Wasserm\u00fchle Birgel","robots":{"index":"index","follow":"follow","max-snippet":"max-snippet:-1","max-image-preview":"max-image-preview:large","max-video-preview":"max-video-preview:-1"},"canonical":"https:\/\/www.muehlebirgel.de\/fr\/catastrophe-inondation-2021-dons-pour-le-moulin-a-eau-historique","og_locale":"fr_FR","og_type":"article","og_title":"Catastrophe inondation 2021 - dons pour le moulin \u00e0 eau historique - Historische Wasserm\u00fchle Birgel","og_description":"[vc_row][vc_column][vc_video link=\u00a0\u00bbhttps:\/\/youtu.be\/0MCRKFpe1xw\u00a0\u00bb title=\u00a0\u00bbMessage vid\u00e9o du chef Miller Erwin\u00a0\u00bb][\/vc_column][\/vc_row][vc_row css=\u00a0\u00bb.vc_custom_1626809118984{padding-top: 5px !important;padding-right: 5px !important;padding-bottom: 5px !important;padding-left: 5px !important;background-color: #f2f2f2 !important;}\u00a0\u00bb][vc_column width=\u00a0\u00bb1\/3&Prime;][vc_column_text]Faire un don de bons Un don des bons que vous avez d\u00e9j\u00e0 achet\u00e9s est la plus grande aide pour nous. Envoyez-nous simplement votre bon d&rsquo;\u00e9change incl. Num\u00e9ro de bon et un court message&nbsp;: Par email: [&hellip;]","og_url":"https:\/\/www.muehlebirgel.de\/fr\/catastrophe-inondation-2021-dons-pour-le-moulin-a-eau-historique\/","og_site_name":"Historische Wasserm\u00fchle Birgel","twitter_card":"summary_large_image","twitter_misc":{"Dur\u00e9e de lecture estim\u00e9e":"2 minutes"},"schema":{"@context":"https:\/\/schema.org","@graph":[{"@type":"WebPage","@id":"https:\/\/www.muehlebirgel.de\/fr\/catastrophe-inondation-2021-dons-pour-le-moulin-a-eau-historique","url":"https:\/\/www.muehlebirgel.de\/fr\/catastrophe-inondation-2021-dons-pour-le-moulin-a-eau-historique","name":"Catastrophe inondation 2021 - dons pour le moulin \u00e0 eau historique - Historische Wasserm\u00fchle Birgel","isPartOf":{"@id":"https:\/\/www.muehlebirgel.de\/fr\/#website"},"datePublished":"2021-12-10T15:07:49+00:00","breadcrumb":{"@id":"https:\/\/www.muehlebirgel.de\/fr\/catastrophe-inondation-2021-dons-pour-le-moulin-a-eau-historique#breadcrumb"},"inLanguage":"fr-FR","potentialAction":[{"@type":"ReadAction","target":["https:\/\/www.muehlebirgel.de\/fr\/catastrophe-inondation-2021-dons-pour-le-moulin-a-eau-historique"]}]},{"@type":"BreadcrumbList","@id":"https:\/\/www.muehlebirgel.de\/fr\/catastrophe-inondation-2021-dons-pour-le-moulin-a-eau-historique#breadcrumb","itemListElement":[{"@type":"ListItem","position":1,"name":"Startseite","item":"https:\/\/www.muehlebirgel.de\/fr"},{"@type":"ListItem","position":2,"name":"Catastrophe inondation 2021 &#8211; dons pour le moulin \u00e0 eau historique"}]},{"@type":"WebSite","@id":"https:\/\/www.muehlebirgel.de\/fr\/#website","url":"https:\/\/www.muehlebirgel.de\/fr\/","name":"Historische Wasserm\u00fchle Birgel","description":"Willkommen im M\u00fchlen-Erlebniszentrum","potentialAction":[{"@type":"SearchAction","target":{"@type":"EntryPoint","urlTemplate":"https:\/\/www.muehlebirgel.de\/fr\/?s={search_term_string}"},"query-input":{"@type":"PropertyValueSpecification","valueRequired":true,"valueName":"search_term_string"}}],"inLanguage":"fr-FR"}]}},"_links":{"self":[{"href":"https:\/\/www.muehlebirgel.de\/fr\/wp-json\/wp\/v2\/pages\/10123","targetHints":{"allow":["GET"]}}],"collection":[{"href":"https:\/\/www.muehlebirgel.de\/fr\/wp-json\/wp\/v2\/pages"}],"about":[{"href":"https:\/\/www.muehlebirgel.de\/fr\/wp-json\/wp\/v2\/types\/page"}],"author":[{"embeddable":true,"href":"https:\/\/www.muehlebirgel.de\/fr\/wp-json\/wp\/v2\/users\/1"}],"replies":[{"embeddable":true,"href":"https:\/\/www.muehlebirgel.de\/fr\/wp-json\/wp\/v2\/comments?post=10123"}],"version-history":[{"count":2,"href":"https:\/\/www.muehlebirgel.de\/fr\/wp-json\/wp\/v2\/pages\/10123\/revisions"}],"predecessor-version":[{"id":10125,"href":"https:\/\/www.muehlebirgel.de\/fr\/wp-json\/wp\/v2\/pages\/10123\/revisions\/10125"}],"wp:attachment":[{"href":"https:\/\/www.muehlebirgel.de\/fr\/wp-json\/wp\/v2\/media?parent=10123"}],"curies":[{"name":"wp","href":"https:\/\/api.w.org\/{rel}","templated":true}]}}