{"id":10132,"date":"2021-12-10T15:08:00","date_gmt":"2021-12-10T15:08:00","guid":{"rendered":"https:\/\/www.muehlebirgel.de\/methodes-de-payement\/"},"modified":"2021-12-10T15:08:00","modified_gmt":"2021-12-10T15:08:00","slug":"methodes-de-payement","status":"publish","type":"page","link":"https:\/\/www.muehlebirgel.de\/fr\/methodes-de-payement","title":{"rendered":"m\u00e9thodes de payement"},"content":{"rendered":"<div class=\"woocommerce woocommerce-gzd\">\n\t<ul class=\"payment_methods methods\">\n\t\t\t\t\t<li class=\"payment_method_ppcp-gateway\">\n\t\t\t\t<label>PayPal (auch Kreditkarte m\u00f6glich)<img decoding=\"async\" src=\"https:\/\/www.muehlebirgel.de\/wp-content\/plugins\/woocommerce-paypal-payments\/modules\/ppcp-wc-gateway\/assets\/images\/paypal.svg\" alt=\"PayPal (auch Kreditkarte m\u00f6glich)\" \/><\/label>\n\t\t\t\t\t\t\t\t\t<div class=\"payment_box payment_method_ppcp-gateway\">\n\t\t\t\t\t\t<p>\u00dcber Paypal bezahlen (auch Kreditkarte m\u00f6glich)<\/p>\n\t\t\t\t\t<\/div>\n\t\t\t\t\t\t\t<\/li>\n\t\t\t\t\t<li class=\"payment_method_bacs\">\n\t\t\t\t<label>\u00dcberweisung (Vorkasse)<\/label>\n\t\t\t\t\t\t\t\t\t<div class=\"payment_box payment_method_bacs\">\n\t\t\t\t\t\t<p>Virement direct sur notre compte bancaire. Veuillez utiliser le num\u00e9ro de commande comme objectif. Votre commande ne sera envoy\u00e9e qu'apr\u00e8s r\u00e9ception de l'argent sur notre compte.<\/p>\n\t\t\t\t\t<\/div>\n\t\t\t\t\t\t\t<\/li>\n\t\t\t<\/ul>\n<\/div>\n","protected":false},"excerpt":{"rendered":"PayPal (auch Kreditkarte m\u00f6glich) \u00dcber Paypal bezahlen (auch Kreditkarte m\u00f6glich) \u00dcberweisung (Vorkasse) Virement direct sur notre compte bancaire. Veuillez utiliser le num\u00e9ro de commande comme objectif. Votre commande ne sera envoy\u00e9e qu'apr\u00e8s r\u00e9ception de l'argent sur notre compte.","protected":false},"author":1,"featured_media":0,"parent":0,"menu_order":0,"comment_status":"closed","ping_status":"closed","template":"","meta":{"footnotes":""},"class_list":["post-10132","page","type-page","status-publish","hentry"],"yoast_head":"<!-- This site is optimized with the Yoast SEO plugin v27.2 - https:\/\/yoast.com\/product\/yoast-seo-wordpress\/ -->\n<title>m\u00e9thodes de payement - Historische Wasserm\u00fchle Birgel<\/title>\n<meta name=\"robots\" content=\"index, follow, max-snippet:-1, max-image-preview:large, max-video-preview:-1\" \/>\n<link rel=\"canonical\" href=\"https:\/\/www.muehlebirgel.de\/fr\/methodes-de-payement\" \/>\n<meta property=\"og:locale\" content=\"fr_FR\" \/>\n<meta property=\"og:type\" content=\"article\" \/>\n<meta property=\"og:title\" content=\"m\u00e9thodes de payement - Historische Wasserm\u00fchle Birgel\" \/>\n<meta property=\"og:url\" content=\"https:\/\/www.muehlebirgel.de\/fr\/methodes-de-payement\/\" \/>\n<meta property=\"og:site_name\" content=\"Historische Wasserm\u00fchle Birgel\" \/>\n<meta name=\"twitter:card\" content=\"summary_large_image\" \/>\n<script type=\"application\/ld+json\" class=\"yoast-schema-graph\">{\"@context\":\"https:\/\/schema.org\",\"@graph\":[{\"@type\":\"WebPage\",\"@id\":\"https:\/\/www.muehlebirgel.de\/fr\/methodes-de-payement\",\"url\":\"https:\/\/www.muehlebirgel.de\/fr\/methodes-de-payement\",\"name\":\"m\u00e9thodes de payement - Historische Wasserm\u00fchle Birgel\",\"isPartOf\":{\"@id\":\"https:\/\/www.muehlebirgel.de\/fr\/#website\"},\"datePublished\":\"2021-12-10T15:08:00+00:00\",\"breadcrumb\":{\"@id\":\"https:\/\/www.muehlebirgel.de\/fr\/methodes-de-payement#breadcrumb\"},\"inLanguage\":\"fr-FR\",\"potentialAction\":[{\"@type\":\"ReadAction\",\"target\":[\"https:\/\/www.muehlebirgel.de\/fr\/methodes-de-payement\"]}]},{\"@type\":\"BreadcrumbList\",\"@id\":\"https:\/\/www.muehlebirgel.de\/fr\/methodes-de-payement#breadcrumb\",\"itemListElement\":[{\"@type\":\"ListItem\",\"position\":1,\"name\":\"Startseite\",\"item\":\"https:\/\/www.muehlebirgel.de\/fr\"},{\"@type\":\"ListItem\",\"position\":2,\"name\":\"m\u00e9thodes de payement\"}]},{\"@type\":\"WebSite\",\"@id\":\"https:\/\/www.muehlebirgel.de\/fr\/#website\",\"url\":\"https:\/\/www.muehlebirgel.de\/fr\/\",\"name\":\"Historische Wasserm\u00fchle Birgel\",\"description\":\"Willkommen im M\u00fchlen-Erlebniszentrum\",\"potentialAction\":[{\"@type\":\"SearchAction\",\"target\":{\"@type\":\"EntryPoint\",\"urlTemplate\":\"https:\/\/www.muehlebirgel.de\/fr\/?s={search_term_string}\"},\"query-input\":{\"@type\":\"PropertyValueSpecification\",\"valueRequired\":true,\"valueName\":\"search_term_string\"}}],\"inLanguage\":\"fr-FR\"}]}<\/script>\n<!-- \/ Yoast SEO plugin. -->","yoast_head_json":{"title":"m\u00e9thodes de payement - Historische Wasserm\u00fchle Birgel","robots":{"index":"index","follow":"follow","max-snippet":"max-snippet:-1","max-image-preview":"max-image-preview:large","max-video-preview":"max-video-preview:-1"},"canonical":"https:\/\/www.muehlebirgel.de\/fr\/methodes-de-payement","og_locale":"fr_FR","og_type":"article","og_title":"m\u00e9thodes de payement - Historische Wasserm\u00fchle Birgel","og_url":"https:\/\/www.muehlebirgel.de\/fr\/methodes-de-payement\/","og_site_name":"Historische Wasserm\u00fchle Birgel","twitter_card":"summary_large_image","schema":{"@context":"https:\/\/schema.org","@graph":[{"@type":"WebPage","@id":"https:\/\/www.muehlebirgel.de\/fr\/methodes-de-payement","url":"https:\/\/www.muehlebirgel.de\/fr\/methodes-de-payement","name":"m\u00e9thodes de payement - Historische Wasserm\u00fchle Birgel","isPartOf":{"@id":"https:\/\/www.muehlebirgel.de\/fr\/#website"},"datePublished":"2021-12-10T15:08:00+00:00","breadcrumb":{"@id":"https:\/\/www.muehlebirgel.de\/fr\/methodes-de-payement#breadcrumb"},"inLanguage":"fr-FR","potentialAction":[{"@type":"ReadAction","target":["https:\/\/www.muehlebirgel.de\/fr\/methodes-de-payement"]}]},{"@type":"BreadcrumbList","@id":"https:\/\/www.muehlebirgel.de\/fr\/methodes-de-payement#breadcrumb","itemListElement":[{"@type":"ListItem","position":1,"name":"Startseite","item":"https:\/\/www.muehlebirgel.de\/fr"},{"@type":"ListItem","position":2,"name":"m\u00e9thodes de payement"}]},{"@type":"WebSite","@id":"https:\/\/www.muehlebirgel.de\/fr\/#website","url":"https:\/\/www.muehlebirgel.de\/fr\/","name":"Historische Wasserm\u00fchle Birgel","description":"Willkommen im M\u00fchlen-Erlebniszentrum","potentialAction":[{"@type":"SearchAction","target":{"@type":"EntryPoint","urlTemplate":"https:\/\/www.muehlebirgel.de\/fr\/?s={search_term_string}"},"query-input":{"@type":"PropertyValueSpecification","valueRequired":true,"valueName":"search_term_string"}}],"inLanguage":"fr-FR"}]}},"_links":{"self":[{"href":"https:\/\/www.muehlebirgel.de\/fr\/wp-json\/wp\/v2\/pages\/10132","targetHints":{"allow":["GET"]}}],"collection":[{"href":"https:\/\/www.muehlebirgel.de\/fr\/wp-json\/wp\/v2\/pages"}],"about":[{"href":"https:\/\/www.muehlebirgel.de\/fr\/wp-json\/wp\/v2\/types\/page"}],"author":[{"embeddable":true,"href":"https:\/\/www.muehlebirgel.de\/fr\/wp-json\/wp\/v2\/users\/1"}],"replies":[{"embeddable":true,"href":"https:\/\/www.muehlebirgel.de\/fr\/wp-json\/wp\/v2\/comments?post=10132"}],"version-history":[{"count":0,"href":"https:\/\/www.muehlebirgel.de\/fr\/wp-json\/wp\/v2\/pages\/10132\/revisions"}],"wp:attachment":[{"href":"https:\/\/www.muehlebirgel.de\/fr\/wp-json\/wp\/v2\/media?parent=10132"}],"curies":[{"name":"wp","href":"https:\/\/api.w.org\/{rel}","templated":true}]}}