{"id":11182,"date":"2022-04-01T11:32:08","date_gmt":"2022-04-01T10:32:08","guid":{"rendered":"https:\/\/www.muehlebirgel.de\/inscription-a-la-newsletter\/"},"modified":"2023-10-16T14:02:13","modified_gmt":"2023-10-16T13:02:13","slug":"newsletter","status":"publish","type":"page","link":"https:\/\/www.muehlebirgel.de\/fr\/inscription-a-la-newsletter","title":{"rendered":"Inscrivez-vous \u00e0 la newsletter de l&rsquo;usine"},"content":{"rendered":"<div class=\"wpb-content-wrapper\"><p>[vc_row][vc_column][vc_column_text]<\/p>\n<div class=\"wpb_text_column wpb_content_element \">\n<div class=\"wpb_wrapper\">\n<p>Restez inform\u00e9 des promotions en cours, des offres sp\u00e9ciales et des \u00e9v\u00e9nements du moulin \u00e0 eau historique.<\/p><\/div>\n<\/div>\n<div class=\"wpb_text_column wpb_content_element \">\n<div class=\"wpb_wrapper\"><\/div>\n<\/div>\n<p>[\/vc_column_text][\/vc_column][\/vc_row][vc_row][vc_column width=\u00a0\u00bb1\/2&Prime;][vc_column_text]<\/p>\n<h2>Oui, je souhaite recevoir la newsletter<\/h2>\n<p><script type=\"text\/javascript\" src=\"https:\/\/marketing.muehlebirgel.de\/form\/generate.js?id=2\"><\/script>[\/vc_column_text][\/vc_column][vc_column width=\u00a0\u00bb1\/2&Prime;][vc_single_image image=\u00a0\u00bb498&Prime; img_size=\u00a0\u00bbmedium\u00a0\u00bb alignment=\u00a0\u00bbcenter\u00a0\u00bb][\/vc_column][\/vc_row][vc_row][vc_column][vc_column_text]<strong>IMPORTANT&nbsp;: Apr\u00e8s avoir soumis le formulaire, vous recevrez un e-mail de notre part avec un lien de confirmation. Ce n&rsquo;est qu&rsquo;apr\u00e8s avoir cliqu\u00e9 sur ce lien que vous recevrez enfin notre newsletter de l&rsquo;usine.<\/strong><\/p>\n<p>Vous pouvez vous d\u00e9sinscrire de notre newsletter \u00e0 tout moment sans donner de raison. Pour cela, il vous suffit de cliquer sur le lien de d\u00e9sinscription pr\u00e9sent dans l&rsquo;e-mail re\u00e7u ou d&rsquo;envoyer un court message indiquant votre souhait de vous d\u00e9sinscrire via notre <a href=\"https:\/\/www.muehlebirgel.de\/fr\/contacter\">formulaire de contact<\/a> .[\/vc_column_text][\/vc_column][\/vc_row]<\/p>\n<\/div>","protected":false},"excerpt":{"rendered":"<p>[vc_row][vc_column][vc_column_text] Restez inform\u00e9 des promotions en cours, des offres sp\u00e9ciales et des \u00e9v\u00e9nements du moulin \u00e0 eau historique. [\/vc_column_text][\/vc_column][\/vc_row][vc_row][vc_column width=\u00a0\u00bb1\/2&Prime;][vc_column_text] Oui, je souhaite recevoir la newsletter [\/vc_column_text][\/vc_column][vc_column width=\u00a0\u00bb1\/2&Prime;][vc_single_image image=\u00a0\u00bb498&Prime; img_size=\u00a0\u00bbmedium\u00a0\u00bb alignment=\u00a0\u00bbcenter\u00a0\u00bb][\/vc_column][\/vc_row][vc_row][vc_column][vc_column_text]IMPORTANT&nbsp;: Apr\u00e8s avoir soumis le formulaire, vous recevrez un e-mail de notre part avec un lien de confirmation. Ce n&rsquo;est qu&rsquo;apr\u00e8s avoir cliqu\u00e9 sur ce [&hellip;]<\/p>\n","protected":false},"author":1,"featured_media":0,"parent":0,"menu_order":0,"comment_status":"closed","ping_status":"closed","template":"","meta":{"footnotes":""},"class_list":["post-11182","page","type-page","status-publish","hentry"],"yoast_head":"<!-- This site is optimized with the Yoast SEO plugin v27.2 - https:\/\/yoast.com\/product\/yoast-seo-wordpress\/ -->\n<title>Inscrivez-vous \u00e0 la newsletter de l&#039;usine - Historische Wasserm\u00fchle Birgel<\/title>\n<meta name=\"robots\" content=\"index, follow, max-snippet:-1, max-image-preview:large, max-video-preview:-1\" \/>\n<link rel=\"canonical\" href=\"https:\/\/www.muehlebirgel.de\/fr\/inscription-a-la-newsletter\" \/>\n<meta property=\"og:locale\" content=\"fr_FR\" \/>\n<meta property=\"og:type\" content=\"article\" \/>\n<meta property=\"og:title\" content=\"Inscrivez-vous \u00e0 la newsletter de l&#039;usine - Historische Wasserm\u00fchle Birgel\" \/>\n<meta property=\"og:description\" content=\"[vc_row][vc_column][vc_column_text] Restez inform\u00e9 des promotions en cours, des offres sp\u00e9ciales et des \u00e9v\u00e9nements du moulin \u00e0 eau historique. [\/vc_column_text][\/vc_column][\/vc_row][vc_row][vc_column width=\u00a0\u00bb1\/2&Prime;][vc_column_text] Oui, je souhaite recevoir la newsletter [\/vc_column_text][\/vc_column][vc_column width=\u00a0\u00bb1\/2&Prime;][vc_single_image image=\u00a0\u00bb498&Prime; img_size=\u00a0\u00bbmedium\u00a0\u00bb alignment=\u00a0\u00bbcenter\u00a0\u00bb][\/vc_column][\/vc_row][vc_row][vc_column][vc_column_text]IMPORTANT&nbsp;: Apr\u00e8s avoir soumis le formulaire, vous recevrez un e-mail de notre part avec un lien de confirmation. Ce n&rsquo;est qu&rsquo;apr\u00e8s avoir cliqu\u00e9 sur ce [&hellip;]\" \/>\n<meta property=\"og:url\" content=\"https:\/\/www.muehlebirgel.de\/fr\/inscription-a-la-newsletter\/\" \/>\n<meta property=\"og:site_name\" content=\"Historische Wasserm\u00fchle Birgel\" \/>\n<meta property=\"article:modified_time\" content=\"2023-10-16T13:02:13+00:00\" \/>\n<meta name=\"twitter:card\" content=\"summary_large_image\" \/>\n<meta name=\"twitter:label1\" content=\"Dur\u00e9e de lecture estim\u00e9e\" \/>\n\t<meta name=\"twitter:data1\" content=\"1 minute\" \/>\n<script type=\"application\/ld+json\" class=\"yoast-schema-graph\">{\"@context\":\"https:\/\/schema.org\",\"@graph\":[{\"@type\":\"WebPage\",\"@id\":\"https:\/\/www.muehlebirgel.de\/fr\/inscription-a-la-newsletter\",\"url\":\"https:\/\/www.muehlebirgel.de\/fr\/inscription-a-la-newsletter\",\"name\":\"Inscrivez-vous \u00e0 la newsletter de l'usine - Historische Wasserm\u00fchle Birgel\",\"isPartOf\":{\"@id\":\"https:\/\/www.muehlebirgel.de\/fr\/#website\"},\"datePublished\":\"2022-04-01T10:32:08+00:00\",\"dateModified\":\"2023-10-16T13:02:13+00:00\",\"breadcrumb\":{\"@id\":\"https:\/\/www.muehlebirgel.de\/fr\/inscription-a-la-newsletter#breadcrumb\"},\"inLanguage\":\"fr-FR\",\"potentialAction\":[{\"@type\":\"ReadAction\",\"target\":[\"https:\/\/www.muehlebirgel.de\/fr\/inscription-a-la-newsletter\"]}]},{\"@type\":\"BreadcrumbList\",\"@id\":\"https:\/\/www.muehlebirgel.de\/fr\/inscription-a-la-newsletter#breadcrumb\",\"itemListElement\":[{\"@type\":\"ListItem\",\"position\":1,\"name\":\"Startseite\",\"item\":\"https:\/\/www.muehlebirgel.de\/fr\"},{\"@type\":\"ListItem\",\"position\":2,\"name\":\"Inscrivez-vous \u00e0 la newsletter de l&#8217;usine\"}]},{\"@type\":\"WebSite\",\"@id\":\"https:\/\/www.muehlebirgel.de\/fr\/#website\",\"url\":\"https:\/\/www.muehlebirgel.de\/fr\/\",\"name\":\"Historische Wasserm\u00fchle Birgel\",\"description\":\"Willkommen im M\u00fchlen-Erlebniszentrum\",\"potentialAction\":[{\"@type\":\"SearchAction\",\"target\":{\"@type\":\"EntryPoint\",\"urlTemplate\":\"https:\/\/www.muehlebirgel.de\/fr\/?s={search_term_string}\"},\"query-input\":{\"@type\":\"PropertyValueSpecification\",\"valueRequired\":true,\"valueName\":\"search_term_string\"}}],\"inLanguage\":\"fr-FR\"}]}<\/script>\n<!-- \/ Yoast SEO plugin. -->","yoast_head_json":{"title":"Inscrivez-vous \u00e0 la newsletter de l'usine - Historische Wasserm\u00fchle Birgel","robots":{"index":"index","follow":"follow","max-snippet":"max-snippet:-1","max-image-preview":"max-image-preview:large","max-video-preview":"max-video-preview:-1"},"canonical":"https:\/\/www.muehlebirgel.de\/fr\/inscription-a-la-newsletter","og_locale":"fr_FR","og_type":"article","og_title":"Inscrivez-vous \u00e0 la newsletter de l'usine - Historische Wasserm\u00fchle Birgel","og_description":"[vc_row][vc_column][vc_column_text] Restez inform\u00e9 des promotions en cours, des offres sp\u00e9ciales et des \u00e9v\u00e9nements du moulin \u00e0 eau historique. [\/vc_column_text][\/vc_column][\/vc_row][vc_row][vc_column width=\u00a0\u00bb1\/2&Prime;][vc_column_text] Oui, je souhaite recevoir la newsletter [\/vc_column_text][\/vc_column][vc_column width=\u00a0\u00bb1\/2&Prime;][vc_single_image image=\u00a0\u00bb498&Prime; img_size=\u00a0\u00bbmedium\u00a0\u00bb alignment=\u00a0\u00bbcenter\u00a0\u00bb][\/vc_column][\/vc_row][vc_row][vc_column][vc_column_text]IMPORTANT&nbsp;: Apr\u00e8s avoir soumis le formulaire, vous recevrez un e-mail de notre part avec un lien de confirmation. Ce n&rsquo;est qu&rsquo;apr\u00e8s avoir cliqu\u00e9 sur ce [&hellip;]","og_url":"https:\/\/www.muehlebirgel.de\/fr\/inscription-a-la-newsletter\/","og_site_name":"Historische Wasserm\u00fchle Birgel","article_modified_time":"2023-10-16T13:02:13+00:00","twitter_card":"summary_large_image","twitter_misc":{"Dur\u00e9e de lecture estim\u00e9e":"1 minute"},"schema":{"@context":"https:\/\/schema.org","@graph":[{"@type":"WebPage","@id":"https:\/\/www.muehlebirgel.de\/fr\/inscription-a-la-newsletter","url":"https:\/\/www.muehlebirgel.de\/fr\/inscription-a-la-newsletter","name":"Inscrivez-vous \u00e0 la newsletter de l'usine - Historische Wasserm\u00fchle Birgel","isPartOf":{"@id":"https:\/\/www.muehlebirgel.de\/fr\/#website"},"datePublished":"2022-04-01T10:32:08+00:00","dateModified":"2023-10-16T13:02:13+00:00","breadcrumb":{"@id":"https:\/\/www.muehlebirgel.de\/fr\/inscription-a-la-newsletter#breadcrumb"},"inLanguage":"fr-FR","potentialAction":[{"@type":"ReadAction","target":["https:\/\/www.muehlebirgel.de\/fr\/inscription-a-la-newsletter"]}]},{"@type":"BreadcrumbList","@id":"https:\/\/www.muehlebirgel.de\/fr\/inscription-a-la-newsletter#breadcrumb","itemListElement":[{"@type":"ListItem","position":1,"name":"Startseite","item":"https:\/\/www.muehlebirgel.de\/fr"},{"@type":"ListItem","position":2,"name":"Inscrivez-vous \u00e0 la newsletter de l&#8217;usine"}]},{"@type":"WebSite","@id":"https:\/\/www.muehlebirgel.de\/fr\/#website","url":"https:\/\/www.muehlebirgel.de\/fr\/","name":"Historische Wasserm\u00fchle Birgel","description":"Willkommen im M\u00fchlen-Erlebniszentrum","potentialAction":[{"@type":"SearchAction","target":{"@type":"EntryPoint","urlTemplate":"https:\/\/www.muehlebirgel.de\/fr\/?s={search_term_string}"},"query-input":{"@type":"PropertyValueSpecification","valueRequired":true,"valueName":"search_term_string"}}],"inLanguage":"fr-FR"}]}},"_links":{"self":[{"href":"https:\/\/www.muehlebirgel.de\/fr\/wp-json\/wp\/v2\/pages\/11182","targetHints":{"allow":["GET"]}}],"collection":[{"href":"https:\/\/www.muehlebirgel.de\/fr\/wp-json\/wp\/v2\/pages"}],"about":[{"href":"https:\/\/www.muehlebirgel.de\/fr\/wp-json\/wp\/v2\/types\/page"}],"author":[{"embeddable":true,"href":"https:\/\/www.muehlebirgel.de\/fr\/wp-json\/wp\/v2\/users\/1"}],"replies":[{"embeddable":true,"href":"https:\/\/www.muehlebirgel.de\/fr\/wp-json\/wp\/v2\/comments?post=11182"}],"version-history":[{"count":37,"href":"https:\/\/www.muehlebirgel.de\/fr\/wp-json\/wp\/v2\/pages\/11182\/revisions"}],"predecessor-version":[{"id":30410,"href":"https:\/\/www.muehlebirgel.de\/fr\/wp-json\/wp\/v2\/pages\/11182\/revisions\/30410"}],"wp:attachment":[{"href":"https:\/\/www.muehlebirgel.de\/fr\/wp-json\/wp\/v2\/media?parent=11182"}],"curies":[{"name":"wp","href":"https:\/\/api.w.org\/{rel}","templated":true}]}}