{"id":12604,"date":"2022-09-13T07:25:08","date_gmt":"2022-09-13T06:25:08","guid":{"rendered":"https:\/\/www.muehlebirgel.de\/12594-2\/"},"modified":"2023-11-27T13:28:23","modified_gmt":"2023-11-27T12:28:23","slug":"brauhaus-restaurant","status":"publish","type":"page","link":"https:\/\/www.muehlebirgel.de\/fr\/12594-2","title":{"rendered":"Chef meunier Erwin&rsquo;s Brauhaus Restaurant"},"content":{"rendered":"<div class=\"wpb-content-wrapper\"><p>[vc_row][vc_column width=\u00a0\u00bb1\/2&Prime;][vc_single_image image=\u00a0\u00bb12611&Prime; img_size=\u00a0\u00bbfull\u00a0\u00bb][vc_single_image image=\u00a0\u00bb12687&Prime; img_size=\u00a0\u00bbfull\u00a0\u00bb][vc_single_image image=\u00a0\u00bb12683&Prime; img_size=\u00a0\u00bbfull\u00a0\u00bb]<div class=\"porto-gallery has-ccols ccols-1 ccols-sm-2 ccols-md-3 wpb_custom_990125ee54cc6ce8d5f272820494c17d porto-gallery-grid align-items-start\"><figure><img loading=\"lazy\" decoding=\"async\" width=\"150\" height=\"150\" src=\"https:\/\/www.muehlebirgel.de\/wp-content\/uploads\/2022\/09\/IMG_6612-350x350-1-150x150.jpg\" class=\"attachment-thumbnail size-thumbnail\" alt=\"\" \/><\/figure><figure><img loading=\"lazy\" decoding=\"async\" width=\"150\" height=\"150\" src=\"https:\/\/www.muehlebirgel.de\/wp-content\/uploads\/2022\/09\/IMG_6611-scaled-350x350-1-150x150.jpg\" class=\"attachment-thumbnail size-thumbnail\" alt=\"\" \/><\/figure><figure><img loading=\"lazy\" decoding=\"async\" width=\"150\" height=\"150\" src=\"https:\/\/www.muehlebirgel.de\/wp-content\/uploads\/2022\/09\/IMG_6614-scaled-350x350-1-150x150.jpg\" class=\"attachment-thumbnail size-thumbnail\" alt=\"\" \/><\/figure><\/div>[\/vc_column][vc_column width=\u00a0\u00bb1\/2&Prime;][vc_column_text]<strong>En raison de la situation m\u00e9t\u00e9orologique instable, nous ouvrons d\u00e8s maintenant le restaurant de la brasserie en plus de notre jardin de bi\u00e8re.<\/strong><\/p>\n<p><strong>R\u00e9jouissez-vous d&rsquo;une d\u00e9licieuse offre de plats<\/strong><a href=\"https:\/\/www.erwinsmuehlenbier.de\/wp-content\/uploads\/2022\/10\/Karte_Brauereistube_Biergarten_2022-10.pdf\" target=\"_blank\" rel=\"noopener\">(voir le menu<\/a>) dans les deux \u00e9tablissements de la brasserie, comme par exemple<\/p>\n<ul>\n<li>poulet frais grill\u00e9<\/li>\n<li>c\u00f4telette de brasserie savoureuse<\/li>\n<li>de succulents g\u00e2teaux de friction<\/li>\n<li>et beaucoup plus<\/li>\n<\/ul>\n<p><strong>Heures d&rsquo;ouverture<\/strong><\/p>\n<p><strong>Tous les jours :<\/strong> de 11h30 \u00e0 22h00<br \/>\n<strong>Cuisine :<\/strong> 11:30 \u00e0 21:00 heures<br \/>\n<strong>Dernier tour :<\/strong> 21h40<\/p>\n<p><strong>R\u00e9servation au +49 6597 9230993<\/strong><\/p>\n<p>Il est \u00e9galement possible de venir chercher les plats \u00e0 emporter \/ take-away. <strong>Num\u00e9ro de t\u00e9l\u00e9phone pour les pr\u00e9-commandes<\/strong>: <strong>0151\/70124851<\/strong><\/p>\n<p><strong>Nous nous r\u00e9jouissons de pouvoir continuer \u00e0 \u00eatre l\u00e0 pour vous, votre \u00e9quipe de brasseurs !<\/strong><\/p>\n<p>Rue principale 8, 54587 Birgel<br \/>\nPour plus d&rsquo;informations, appelez le 06597\/92820.[\/vc_column_text][vc_single_image image=\u00a0\u00bb12639&Prime; img_size=\u00a0\u00bb300&#215;216&Prime;][\/vc_column][\/vc_row]<\/p>\n<\/div>","protected":false},"excerpt":{"rendered":"<p>[vc_row][vc_column width=\u00a0\u00bb1\/2&Prime;][vc_single_image image=\u00a0\u00bb12611&Prime; img_size=\u00a0\u00bbfull\u00a0\u00bb][vc_single_image image=\u00a0\u00bb12687&Prime; img_size=\u00a0\u00bbfull\u00a0\u00bb][vc_single_image image=\u00a0\u00bb12683&Prime; img_size=\u00a0\u00bbfull\u00a0\u00bb][\/vc_column][vc_column width=\u00a0\u00bb1\/2&Prime;][vc_column_text]En raison de la situation m\u00e9t\u00e9orologique instable, nous ouvrons d\u00e8s maintenant le restaurant de la brasserie en plus de notre jardin de bi\u00e8re. R\u00e9jouissez-vous d&rsquo;une d\u00e9licieuse offre de plats(voir le menu) dans les deux \u00e9tablissements de la brasserie, comme par exemple poulet frais grill\u00e9 c\u00f4telette de brasserie [&hellip;]<\/p>\n","protected":false},"author":5,"featured_media":0,"parent":0,"menu_order":0,"comment_status":"closed","ping_status":"closed","template":"","meta":{"footnotes":""},"class_list":["post-12604","page","type-page","status-publish","hentry"],"yoast_head":"<!-- This site is optimized with the Yoast SEO plugin v27.2 - https:\/\/yoast.com\/product\/yoast-seo-wordpress\/ -->\n<title>Chef meunier Erwin&#039;s Brauhaus Restaurant - Historische Wasserm\u00fchle Birgel<\/title>\n<meta name=\"robots\" content=\"index, follow, max-snippet:-1, max-image-preview:large, max-video-preview:-1\" \/>\n<link rel=\"canonical\" href=\"https:\/\/www.muehlebirgel.de\/fr\/12594-2\" \/>\n<meta property=\"og:locale\" content=\"fr_FR\" \/>\n<meta property=\"og:type\" content=\"article\" \/>\n<meta property=\"og:title\" content=\"Chef meunier Erwin&#039;s Brauhaus Restaurant - Historische Wasserm\u00fchle Birgel\" \/>\n<meta property=\"og:description\" content=\"[vc_row][vc_column width=\u00a0\u00bb1\/2&Prime;][vc_single_image image=\u00a0\u00bb12611&Prime; img_size=\u00a0\u00bbfull\u00a0\u00bb][vc_single_image image=\u00a0\u00bb12687&Prime; img_size=\u00a0\u00bbfull\u00a0\u00bb][vc_single_image image=\u00a0\u00bb12683&Prime; img_size=\u00a0\u00bbfull\u00a0\u00bb][\/vc_column][vc_column width=\u00a0\u00bb1\/2&Prime;][vc_column_text]En raison de la situation m\u00e9t\u00e9orologique instable, nous ouvrons d\u00e8s maintenant le restaurant de la brasserie en plus de notre jardin de bi\u00e8re. R\u00e9jouissez-vous d&rsquo;une d\u00e9licieuse offre de plats(voir le menu) dans les deux \u00e9tablissements de la brasserie, comme par exemple poulet frais grill\u00e9 c\u00f4telette de brasserie [&hellip;]\" \/>\n<meta property=\"og:url\" content=\"https:\/\/www.muehlebirgel.de\/fr\/12594-2\/\" \/>\n<meta property=\"og:site_name\" content=\"Historische Wasserm\u00fchle Birgel\" \/>\n<meta property=\"article:modified_time\" content=\"2023-11-27T12:28:23+00:00\" \/>\n<meta name=\"twitter:card\" content=\"summary_large_image\" \/>\n<meta name=\"twitter:label1\" content=\"Dur\u00e9e de lecture estim\u00e9e\" \/>\n\t<meta name=\"twitter:data1\" content=\"1 minute\" \/>\n<script type=\"application\/ld+json\" class=\"yoast-schema-graph\">{\"@context\":\"https:\/\/schema.org\",\"@graph\":[{\"@type\":\"WebPage\",\"@id\":\"https:\/\/www.muehlebirgel.de\/fr\/12594-2\",\"url\":\"https:\/\/www.muehlebirgel.de\/fr\/12594-2\",\"name\":\"Chef meunier Erwin's Brauhaus Restaurant - Historische Wasserm\u00fchle Birgel\",\"isPartOf\":{\"@id\":\"https:\/\/www.muehlebirgel.de\/fr\/#website\"},\"datePublished\":\"2022-09-13T06:25:08+00:00\",\"dateModified\":\"2023-11-27T12:28:23+00:00\",\"breadcrumb\":{\"@id\":\"https:\/\/www.muehlebirgel.de\/fr\/12594-2#breadcrumb\"},\"inLanguage\":\"fr-FR\",\"potentialAction\":[{\"@type\":\"ReadAction\",\"target\":[\"https:\/\/www.muehlebirgel.de\/fr\/12594-2\"]}]},{\"@type\":\"BreadcrumbList\",\"@id\":\"https:\/\/www.muehlebirgel.de\/fr\/12594-2#breadcrumb\",\"itemListElement\":[{\"@type\":\"ListItem\",\"position\":1,\"name\":\"Startseite\",\"item\":\"https:\/\/www.muehlebirgel.de\/fr\"},{\"@type\":\"ListItem\",\"position\":2,\"name\":\"Chef meunier Erwin&#8217;s Brauhaus Restaurant\"}]},{\"@type\":\"WebSite\",\"@id\":\"https:\/\/www.muehlebirgel.de\/fr\/#website\",\"url\":\"https:\/\/www.muehlebirgel.de\/fr\/\",\"name\":\"Historische Wasserm\u00fchle Birgel\",\"description\":\"Willkommen im M\u00fchlen-Erlebniszentrum\",\"potentialAction\":[{\"@type\":\"SearchAction\",\"target\":{\"@type\":\"EntryPoint\",\"urlTemplate\":\"https:\/\/www.muehlebirgel.de\/fr\/?s={search_term_string}\"},\"query-input\":{\"@type\":\"PropertyValueSpecification\",\"valueRequired\":true,\"valueName\":\"search_term_string\"}}],\"inLanguage\":\"fr-FR\"}]}<\/script>\n<!-- \/ Yoast SEO plugin. -->","yoast_head_json":{"title":"Chef meunier Erwin's Brauhaus Restaurant - Historische Wasserm\u00fchle Birgel","robots":{"index":"index","follow":"follow","max-snippet":"max-snippet:-1","max-image-preview":"max-image-preview:large","max-video-preview":"max-video-preview:-1"},"canonical":"https:\/\/www.muehlebirgel.de\/fr\/12594-2","og_locale":"fr_FR","og_type":"article","og_title":"Chef meunier Erwin's Brauhaus Restaurant - Historische Wasserm\u00fchle Birgel","og_description":"[vc_row][vc_column width=\u00a0\u00bb1\/2&Prime;][vc_single_image image=\u00a0\u00bb12611&Prime; img_size=\u00a0\u00bbfull\u00a0\u00bb][vc_single_image image=\u00a0\u00bb12687&Prime; img_size=\u00a0\u00bbfull\u00a0\u00bb][vc_single_image image=\u00a0\u00bb12683&Prime; img_size=\u00a0\u00bbfull\u00a0\u00bb][\/vc_column][vc_column width=\u00a0\u00bb1\/2&Prime;][vc_column_text]En raison de la situation m\u00e9t\u00e9orologique instable, nous ouvrons d\u00e8s maintenant le restaurant de la brasserie en plus de notre jardin de bi\u00e8re. R\u00e9jouissez-vous d&rsquo;une d\u00e9licieuse offre de plats(voir le menu) dans les deux \u00e9tablissements de la brasserie, comme par exemple poulet frais grill\u00e9 c\u00f4telette de brasserie [&hellip;]","og_url":"https:\/\/www.muehlebirgel.de\/fr\/12594-2\/","og_site_name":"Historische Wasserm\u00fchle Birgel","article_modified_time":"2023-11-27T12:28:23+00:00","twitter_card":"summary_large_image","twitter_misc":{"Dur\u00e9e de lecture estim\u00e9e":"1 minute"},"schema":{"@context":"https:\/\/schema.org","@graph":[{"@type":"WebPage","@id":"https:\/\/www.muehlebirgel.de\/fr\/12594-2","url":"https:\/\/www.muehlebirgel.de\/fr\/12594-2","name":"Chef meunier Erwin's Brauhaus Restaurant - Historische Wasserm\u00fchle Birgel","isPartOf":{"@id":"https:\/\/www.muehlebirgel.de\/fr\/#website"},"datePublished":"2022-09-13T06:25:08+00:00","dateModified":"2023-11-27T12:28:23+00:00","breadcrumb":{"@id":"https:\/\/www.muehlebirgel.de\/fr\/12594-2#breadcrumb"},"inLanguage":"fr-FR","potentialAction":[{"@type":"ReadAction","target":["https:\/\/www.muehlebirgel.de\/fr\/12594-2"]}]},{"@type":"BreadcrumbList","@id":"https:\/\/www.muehlebirgel.de\/fr\/12594-2#breadcrumb","itemListElement":[{"@type":"ListItem","position":1,"name":"Startseite","item":"https:\/\/www.muehlebirgel.de\/fr"},{"@type":"ListItem","position":2,"name":"Chef meunier Erwin&#8217;s Brauhaus Restaurant"}]},{"@type":"WebSite","@id":"https:\/\/www.muehlebirgel.de\/fr\/#website","url":"https:\/\/www.muehlebirgel.de\/fr\/","name":"Historische Wasserm\u00fchle Birgel","description":"Willkommen im M\u00fchlen-Erlebniszentrum","potentialAction":[{"@type":"SearchAction","target":{"@type":"EntryPoint","urlTemplate":"https:\/\/www.muehlebirgel.de\/fr\/?s={search_term_string}"},"query-input":{"@type":"PropertyValueSpecification","valueRequired":true,"valueName":"search_term_string"}}],"inLanguage":"fr-FR"}]}},"_links":{"self":[{"href":"https:\/\/www.muehlebirgel.de\/fr\/wp-json\/wp\/v2\/pages\/12604","targetHints":{"allow":["GET"]}}],"collection":[{"href":"https:\/\/www.muehlebirgel.de\/fr\/wp-json\/wp\/v2\/pages"}],"about":[{"href":"https:\/\/www.muehlebirgel.de\/fr\/wp-json\/wp\/v2\/types\/page"}],"author":[{"embeddable":true,"href":"https:\/\/www.muehlebirgel.de\/fr\/wp-json\/wp\/v2\/users\/5"}],"replies":[{"embeddable":true,"href":"https:\/\/www.muehlebirgel.de\/fr\/wp-json\/wp\/v2\/comments?post=12604"}],"version-history":[{"count":40,"href":"https:\/\/www.muehlebirgel.de\/fr\/wp-json\/wp\/v2\/pages\/12604\/revisions"}],"predecessor-version":[{"id":33543,"href":"https:\/\/www.muehlebirgel.de\/fr\/wp-json\/wp\/v2\/pages\/12604\/revisions\/33543"}],"wp:attachment":[{"href":"https:\/\/www.muehlebirgel.de\/fr\/wp-json\/wp\/v2\/media?parent=12604"}],"curies":[{"name":"wp","href":"https:\/\/api.w.org\/{rel}","templated":true}]}}