{"id":13427,"date":"2022-09-30T09:03:46","date_gmt":"2022-09-30T08:03:46","guid":{"rendered":"https:\/\/www.muehlebirgel.de\/rendez-vous-et-evenements-dans-le-moulin-a-eau-historique\/programme-moulin-actif\/"},"modified":"2025-01-31T22:25:41","modified_gmt":"2025-01-31T21:25:41","slug":"programme-moulin-actif","status":"publish","type":"page","link":"https:\/\/www.muehlebirgel.de\/fr\/programme-moulin-actif\/","title":{"rendered":"Programme actif du moulin pour toute la famille"},"content":{"rendered":"\n<h2 class=\"wp-block-heading\">Grand programme d&rsquo;activit\u00e9s chaque jeudi pendant les vacances scolaires<\/h2>\n\n<h3 class=\"wp-block-heading\">Nous vous invitons, vous et toute votre famille, \u00e0 participer \u00e0 notre programme d&rsquo;activit\u00e9s du moulin pendant les vacances de P\u00e2ques, d&rsquo;\u00e9t\u00e9, d&rsquo;automne et d&rsquo;hiver.<\/h3>\n\n<div class=\"wp-block-spacer\" style=\"height: 20px;\" aria-hidden=\"true\">\u00a0<\/div>\n<p>\n\nDas M\u00fchlen-Aktiv-Programm beinhaltet das Mitwirken beim \u201eBrotbacken\u201c und setzt keine Grenzen bei der Kreation von \u201eSelber Senf machen\u201c. Das Herstellen des eigenen M\u00fcslis macht besonders Spa\u00df. Die F\u00fchrungen durch die historischen M\u00fchlen begeistern Jung und Alt.\n\n<div class=\"wp-block-columns is-layout-flex wp-container-core-columns-is-layout-28f84493 wp-block-columns-is-layout-flex\">\n<div class=\"wp-block-column is-layout-flow wp-block-column-is-layout-flow\">\n<figure class=\"wp-block-image size-full\"><img fetchpriority=\"high\" decoding=\"async\" width=\"300\" height=\"225\" src=\"https:\/\/www.muehlebirgel.de\/wp-content\/uploads\/IMG_6419-2.jpg\" alt=\"\" class=\"wp-image-38432\" srcset=\"https:\/\/www.muehlebirgel.de\/wp-content\/uploads\/IMG_6419-2.jpg 300w, https:\/\/www.muehlebirgel.de\/wp-content\/uploads\/IMG_6419-2-150x113.jpg 150w\" sizes=\"(max-width: 300px) 100vw, 300px\" \/><\/figure>\n<\/div>\n\n\n\n<div class=\"wp-block-column is-layout-flow wp-block-column-is-layout-flow\">\n<figure class=\"wp-block-image size-full\"><img decoding=\"async\" width=\"300\" height=\"225\" src=\"https:\/\/www.muehlebirgel.de\/wp-content\/uploads\/IMG_6514.jpg\" alt=\"\" class=\"wp-image-38399\" srcset=\"https:\/\/www.muehlebirgel.de\/wp-content\/uploads\/IMG_6514.jpg 300w, https:\/\/www.muehlebirgel.de\/wp-content\/uploads\/IMG_6514-150x113.jpg 150w\" sizes=\"(max-width: 300px) 100vw, 300px\" \/><\/figure>\n<\/div>\n\n\n\n<div class=\"wp-block-column is-layout-flow wp-block-column-is-layout-flow\">\n<figure class=\"wp-block-image size-full\"><img decoding=\"async\" width=\"300\" height=\"225\" src=\"https:\/\/www.muehlebirgel.de\/wp-content\/uploads\/IMG_6427-2.jpg\" alt=\"\" class=\"wp-image-38443\" srcset=\"https:\/\/www.muehlebirgel.de\/wp-content\/uploads\/IMG_6427-2.jpg 300w, https:\/\/www.muehlebirgel.de\/wp-content\/uploads\/IMG_6427-2-150x113.jpg 150w\" sizes=\"(max-width: 300px) 100vw, 300px\" \/><\/figure>\n<\/div>\n\n\n\n<div class=\"wp-block-column is-layout-flow wp-block-column-is-layout-flow\">\n<figure class=\"wp-block-image size-full\"><img loading=\"lazy\" decoding=\"async\" width=\"300\" height=\"225\" src=\"https:\/\/www.muehlebirgel.de\/wp-content\/uploads\/IMG_6504.jpg\" alt=\"\" class=\"wp-image-38388\" srcset=\"https:\/\/www.muehlebirgel.de\/wp-content\/uploads\/IMG_6504.jpg 300w, https:\/\/www.muehlebirgel.de\/wp-content\/uploads\/IMG_6504-150x113.jpg 150w\" sizes=\"(max-width: 300px) 100vw, 300px\" \/><\/figure>\n<\/div>\n<\/div>\n\n<div class=\"wp-block-columns is-layout-flex wp-container-core-columns-is-layout-28f84493 wp-block-columns-is-layout-flex\">\n<div class=\"wp-block-column is-layout-flow wp-block-column-is-layout-flow\">\n<h2 class=\"wp-block-heading\">Dates &amp; prix 2025<\/h2>\n\n\n\n<p><strong>Date : \u00c0 partir de 2025, cet \u00e9v\u00e9nement n&rsquo;aura plus lieu tous les jeudis pendant les vacances, mais uniquement sur demande.<br\/><\/strong>Enhalten sont : Fabrication de pain, de moutarde, de c\u00e9r\u00e9ales et visites guid\u00e9es de moulins.<\/p>\n\n\n\n<p><strong>D\u00e9but<\/strong>: 11h00 &#8211; Fin : 13h15<\/p>\n\n\n\n<p><strong>Enfants<\/strong>: 23,50 \u20ac.<\/p>\n\n\n\n<p><strong>Adultes<\/strong>: prix de la visite guid\u00e9e du moulin + 1 programme : 23,50 \u20ac par personne<\/p>\n\n\n\n<p>Chaque programme suppl\u00e9mentaire : 11,50 \u20ac par personne<\/p>\n\n\n\n<p><strong>Carte famille<\/strong>: 50,50 \u20ac(famille = 2 adultes avec enfants jusqu&rsquo;\u00e0 14 ans) Prix famille incl. Emporter 1 x pain, 1x moutarde et 1x c\u00e9r\u00e9ales par enfant<\/p>\n\n\n\n<p>Veuillez noter que nous acceptons les inscriptions <strong>jusqu&rsquo;\u00e0 9h30 au plus tard<\/strong> le jour de l&rsquo;\u00e9v\u00e9nement.<\/p>\n<\/div>\n<\/div>\n\n<p><strong>Nous nous r\u00e9jouissons de votre inscription au num\u00e9ro de t\u00e9l\u00e9phone suivant : 06597\/92820 ou via notre <a href=\"https:\/\/www.muehlebirgel.de\/fr\/contact\/\">formulaire de contact<\/a>!<\/strong><\/p>\n","protected":false},"excerpt":{"rendered":"<p>Grand programme d&rsquo;activit\u00e9s chaque jeudi pendant les vacances scolaires Nous vous invitons, vous et toute votre famille, \u00e0 participer \u00e0 notre programme d&rsquo;activit\u00e9s du moulin pendant les vacances de P\u00e2ques, d&rsquo;\u00e9t\u00e9, d&rsquo;automne et d&rsquo;hiver. Das M\u00fchlen-Aktiv-Programm beinhaltet das Mitwirken beim \u201eBrotbacken\u201c und setzt keine Grenzen bei der Kreation von \u201eSelber Senf machen\u201c. Das Herstellen des [&hellip;]<\/p>\n","protected":false},"author":5,"featured_media":0,"parent":9705,"menu_order":0,"comment_status":"closed","ping_status":"closed","template":"","meta":{"footnotes":""},"categories":[],"class_list":["post-13427","page","type-page","status-publish","hentry"],"yoast_head":"<!-- This site is optimized with the Yoast SEO plugin v27.4 - https:\/\/yoast.com\/product\/yoast-seo-wordpress\/ -->\n<title>Programme actif du moulin pour toute la famille - Historische Wasserm\u00fchle Birgel<\/title>\n<meta name=\"robots\" content=\"noindex, follow, max-snippet:-1, max-image-preview:large, max-video-preview:-1\" \/>\n<meta property=\"og:locale\" content=\"fr_FR\" \/>\n<meta property=\"og:type\" content=\"article\" \/>\n<meta property=\"og:title\" content=\"Programme actif du moulin pour toute la famille - Historische Wasserm\u00fchle Birgel\" \/>\n<meta property=\"og:description\" content=\"Grand programme d&rsquo;activit\u00e9s chaque jeudi pendant les vacances scolaires Nous vous invitons, vous et toute votre famille, \u00e0 participer \u00e0 notre programme d&rsquo;activit\u00e9s du moulin pendant les vacances de P\u00e2ques, d&rsquo;\u00e9t\u00e9, d&rsquo;automne et d&rsquo;hiver. Das M\u00fchlen-Aktiv-Programm beinhaltet das Mitwirken beim \u201eBrotbacken\u201c und setzt keine Grenzen bei der Kreation von \u201eSelber Senf machen\u201c. Das Herstellen des [&hellip;]\" \/>\n<meta property=\"og:url\" content=\"https:\/\/www.muehlebirgel.de\/fr\/programme-moulin-actif\/\" \/>\n<meta property=\"og:site_name\" content=\"Historische Wasserm\u00fchle Birgel\" \/>\n<meta property=\"article:modified_time\" content=\"2025-01-31T21:25:41+00:00\" \/>\n<meta property=\"og:image\" content=\"https:\/\/www.muehlebirgel.de\/wp-content\/uploads\/IMG_6419-2.jpg\" \/>\n<meta name=\"twitter:card\" content=\"summary_large_image\" \/>\n<meta name=\"twitter:label1\" content=\"Dur\u00e9e de lecture estim\u00e9e\" \/>\n\t<meta name=\"twitter:data1\" content=\"1 minute\" \/>\n<script type=\"application\/ld+json\" class=\"yoast-schema-graph\">{\"@context\":\"https:\\\/\\\/schema.org\",\"@graph\":[{\"@type\":\"WebPage\",\"@id\":\"https:\\\/\\\/www.muehlebirgel.de\\\/fr\\\/programme-moulin-actif\\\/\",\"url\":\"https:\\\/\\\/www.muehlebirgel.de\\\/fr\\\/programme-moulin-actif\\\/\",\"name\":\"Programme actif du moulin pour toute la famille - Historische Wasserm\u00fchle Birgel\",\"isPartOf\":{\"@id\":\"https:\\\/\\\/www.muehlebirgel.de\\\/fr\\\/#website\"},\"primaryImageOfPage\":{\"@id\":\"https:\\\/\\\/www.muehlebirgel.de\\\/fr\\\/programme-moulin-actif\\\/#primaryimage\"},\"image\":{\"@id\":\"https:\\\/\\\/www.muehlebirgel.de\\\/fr\\\/programme-moulin-actif\\\/#primaryimage\"},\"thumbnailUrl\":\"https:\\\/\\\/www.muehlebirgel.de\\\/wp-content\\\/uploads\\\/IMG_6419-2.jpg\",\"datePublished\":\"2022-09-30T08:03:46+00:00\",\"dateModified\":\"2025-01-31T21:25:41+00:00\",\"breadcrumb\":{\"@id\":\"https:\\\/\\\/www.muehlebirgel.de\\\/fr\\\/programme-moulin-actif\\\/#breadcrumb\"},\"inLanguage\":\"fr-FR\",\"potentialAction\":[{\"@type\":\"ReadAction\",\"target\":[\"https:\\\/\\\/www.muehlebirgel.de\\\/fr\\\/programme-moulin-actif\\\/\"]}]},{\"@type\":\"ImageObject\",\"inLanguage\":\"fr-FR\",\"@id\":\"https:\\\/\\\/www.muehlebirgel.de\\\/fr\\\/programme-moulin-actif\\\/#primaryimage\",\"url\":\"https:\\\/\\\/www.muehlebirgel.de\\\/wp-content\\\/uploads\\\/IMG_6419-2.jpg\",\"contentUrl\":\"https:\\\/\\\/www.muehlebirgel.de\\\/wp-content\\\/uploads\\\/IMG_6419-2.jpg\"},{\"@type\":\"BreadcrumbList\",\"@id\":\"https:\\\/\\\/www.muehlebirgel.de\\\/fr\\\/programme-moulin-actif\\\/#breadcrumb\",\"itemListElement\":[{\"@type\":\"ListItem\",\"position\":1,\"name\":\"Startseite\",\"item\":\"https:\\\/\\\/www.muehlebirgel.de\\\/fr\\\/\"},{\"@type\":\"ListItem\",\"position\":2,\"name\":\"Dates et \u00e9v\u00e9nements dans le moulin \u00e0 eau historique\",\"item\":\"https:\\\/\\\/www.muehlebirgel.de\\\/fr\\\/termine-events\\\/\"},{\"@type\":\"ListItem\",\"position\":3,\"name\":\"Programme actif du moulin pour toute la famille\"}]},{\"@type\":\"WebSite\",\"@id\":\"https:\\\/\\\/www.muehlebirgel.de\\\/fr\\\/#website\",\"url\":\"https:\\\/\\\/www.muehlebirgel.de\\\/fr\\\/\",\"name\":\"Historische Wasserm\u00fchle Birgel\",\"description\":\"Willkommen im M\u00fchlen-Erlebniszentrum\",\"publisher\":{\"@id\":\"https:\\\/\\\/www.muehlebirgel.de\\\/fr\\\/#organization\"},\"potentialAction\":[{\"@type\":\"SearchAction\",\"target\":{\"@type\":\"EntryPoint\",\"urlTemplate\":\"https:\\\/\\\/www.muehlebirgel.de\\\/fr\\\/?s={search_term_string}\"},\"query-input\":{\"@type\":\"PropertyValueSpecification\",\"valueRequired\":true,\"valueName\":\"search_term_string\"}}],\"inLanguage\":\"fr-FR\"},{\"@type\":\"Organization\",\"@id\":\"https:\\\/\\\/www.muehlebirgel.de\\\/fr\\\/#organization\",\"name\":\"Historische Wasserm\u00fchle Birgel\",\"url\":\"https:\\\/\\\/www.muehlebirgel.de\\\/fr\\\/\",\"logo\":{\"@type\":\"ImageObject\",\"inLanguage\":\"fr-FR\",\"@id\":\"https:\\\/\\\/www.muehlebirgel.de\\\/fr\\\/#\\\/schema\\\/logo\\\/image\\\/\",\"url\":\"https:\\\/\\\/www.muehlebirgel.de\\\/wp-content\\\/uploads\\\/logo-muehle-schwarz.webp\",\"contentUrl\":\"https:\\\/\\\/www.muehlebirgel.de\\\/wp-content\\\/uploads\\\/logo-muehle-schwarz.webp\",\"width\":2140,\"height\":1803,\"caption\":\"Historische Wasserm\u00fchle Birgel\"},\"image\":{\"@id\":\"https:\\\/\\\/www.muehlebirgel.de\\\/fr\\\/#\\\/schema\\\/logo\\\/image\\\/\"}}]}<\/script>\n<!-- \/ Yoast SEO plugin. -->","yoast_head_json":{"title":"Programme actif du moulin pour toute la famille - Historische Wasserm\u00fchle Birgel","robots":{"index":"noindex","follow":"follow","max-snippet":"max-snippet:-1","max-image-preview":"max-image-preview:large","max-video-preview":"max-video-preview:-1"},"og_locale":"fr_FR","og_type":"article","og_title":"Programme actif du moulin pour toute la famille - Historische Wasserm\u00fchle Birgel","og_description":"Grand programme d&rsquo;activit\u00e9s chaque jeudi pendant les vacances scolaires Nous vous invitons, vous et toute votre famille, \u00e0 participer \u00e0 notre programme d&rsquo;activit\u00e9s du moulin pendant les vacances de P\u00e2ques, d&rsquo;\u00e9t\u00e9, d&rsquo;automne et d&rsquo;hiver. Das M\u00fchlen-Aktiv-Programm beinhaltet das Mitwirken beim \u201eBrotbacken\u201c und setzt keine Grenzen bei der Kreation von \u201eSelber Senf machen\u201c. Das Herstellen des [&hellip;]","og_url":"https:\/\/www.muehlebirgel.de\/fr\/programme-moulin-actif\/","og_site_name":"Historische Wasserm\u00fchle Birgel","article_modified_time":"2025-01-31T21:25:41+00:00","og_image":[{"url":"https:\/\/www.muehlebirgel.de\/wp-content\/uploads\/IMG_6419-2.jpg","type":"","width":"","height":""}],"twitter_card":"summary_large_image","twitter_misc":{"Dur\u00e9e de lecture estim\u00e9e":"1 minute"},"schema":{"@context":"https:\/\/schema.org","@graph":[{"@type":"WebPage","@id":"https:\/\/www.muehlebirgel.de\/fr\/programme-moulin-actif\/","url":"https:\/\/www.muehlebirgel.de\/fr\/programme-moulin-actif\/","name":"Programme actif du moulin pour toute la famille - Historische Wasserm\u00fchle Birgel","isPartOf":{"@id":"https:\/\/www.muehlebirgel.de\/fr\/#website"},"primaryImageOfPage":{"@id":"https:\/\/www.muehlebirgel.de\/fr\/programme-moulin-actif\/#primaryimage"},"image":{"@id":"https:\/\/www.muehlebirgel.de\/fr\/programme-moulin-actif\/#primaryimage"},"thumbnailUrl":"https:\/\/www.muehlebirgel.de\/wp-content\/uploads\/IMG_6419-2.jpg","datePublished":"2022-09-30T08:03:46+00:00","dateModified":"2025-01-31T21:25:41+00:00","breadcrumb":{"@id":"https:\/\/www.muehlebirgel.de\/fr\/programme-moulin-actif\/#breadcrumb"},"inLanguage":"fr-FR","potentialAction":[{"@type":"ReadAction","target":["https:\/\/www.muehlebirgel.de\/fr\/programme-moulin-actif\/"]}]},{"@type":"ImageObject","inLanguage":"fr-FR","@id":"https:\/\/www.muehlebirgel.de\/fr\/programme-moulin-actif\/#primaryimage","url":"https:\/\/www.muehlebirgel.de\/wp-content\/uploads\/IMG_6419-2.jpg","contentUrl":"https:\/\/www.muehlebirgel.de\/wp-content\/uploads\/IMG_6419-2.jpg"},{"@type":"BreadcrumbList","@id":"https:\/\/www.muehlebirgel.de\/fr\/programme-moulin-actif\/#breadcrumb","itemListElement":[{"@type":"ListItem","position":1,"name":"Startseite","item":"https:\/\/www.muehlebirgel.de\/fr\/"},{"@type":"ListItem","position":2,"name":"Dates et \u00e9v\u00e9nements dans le moulin \u00e0 eau historique","item":"https:\/\/www.muehlebirgel.de\/fr\/termine-events\/"},{"@type":"ListItem","position":3,"name":"Programme actif du moulin pour toute la famille"}]},{"@type":"WebSite","@id":"https:\/\/www.muehlebirgel.de\/fr\/#website","url":"https:\/\/www.muehlebirgel.de\/fr\/","name":"Historische Wasserm\u00fchle Birgel","description":"Willkommen im M\u00fchlen-Erlebniszentrum","publisher":{"@id":"https:\/\/www.muehlebirgel.de\/fr\/#organization"},"potentialAction":[{"@type":"SearchAction","target":{"@type":"EntryPoint","urlTemplate":"https:\/\/www.muehlebirgel.de\/fr\/?s={search_term_string}"},"query-input":{"@type":"PropertyValueSpecification","valueRequired":true,"valueName":"search_term_string"}}],"inLanguage":"fr-FR"},{"@type":"Organization","@id":"https:\/\/www.muehlebirgel.de\/fr\/#organization","name":"Historische Wasserm\u00fchle Birgel","url":"https:\/\/www.muehlebirgel.de\/fr\/","logo":{"@type":"ImageObject","inLanguage":"fr-FR","@id":"https:\/\/www.muehlebirgel.de\/fr\/#\/schema\/logo\/image\/","url":"https:\/\/www.muehlebirgel.de\/wp-content\/uploads\/logo-muehle-schwarz.webp","contentUrl":"https:\/\/www.muehlebirgel.de\/wp-content\/uploads\/logo-muehle-schwarz.webp","width":2140,"height":1803,"caption":"Historische Wasserm\u00fchle Birgel"},"image":{"@id":"https:\/\/www.muehlebirgel.de\/fr\/#\/schema\/logo\/image\/"}}]}},"_links":{"self":[{"href":"https:\/\/www.muehlebirgel.de\/fr\/wp-json\/wp\/v2\/pages\/13427","targetHints":{"allow":["GET"]}}],"collection":[{"href":"https:\/\/www.muehlebirgel.de\/fr\/wp-json\/wp\/v2\/pages"}],"about":[{"href":"https:\/\/www.muehlebirgel.de\/fr\/wp-json\/wp\/v2\/types\/page"}],"author":[{"embeddable":true,"href":"https:\/\/www.muehlebirgel.de\/fr\/wp-json\/wp\/v2\/users\/5"}],"replies":[{"embeddable":true,"href":"https:\/\/www.muehlebirgel.de\/fr\/wp-json\/wp\/v2\/comments?post=13427"}],"version-history":[{"count":19,"href":"https:\/\/www.muehlebirgel.de\/fr\/wp-json\/wp\/v2\/pages\/13427\/revisions"}],"predecessor-version":[{"id":49310,"href":"https:\/\/www.muehlebirgel.de\/fr\/wp-json\/wp\/v2\/pages\/13427\/revisions\/49310"}],"up":[{"embeddable":true,"href":"https:\/\/www.muehlebirgel.de\/fr\/wp-json\/wp\/v2\/pages\/9705"}],"wp:attachment":[{"href":"https:\/\/www.muehlebirgel.de\/fr\/wp-json\/wp\/v2\/media?parent=13427"}],"wp:term":[{"taxonomy":"category","embeddable":true,"href":"https:\/\/www.muehlebirgel.de\/fr\/wp-json\/wp\/v2\/categories?post=13427"}],"curies":[{"name":"wp","href":"https:\/\/api.w.org\/{rel}","templated":true}]}}