{"id":26213,"date":"2023-04-05T14:11:25","date_gmt":"2023-04-05T13:11:25","guid":{"rendered":"https:\/\/www.muehlebirgel.de\/groupes\/"},"modified":"2024-09-16T10:28:06","modified_gmt":"2024-09-16T09:28:06","slug":"groupes","status":"publish","type":"page","link":"https:\/\/www.muehlebirgel.de\/fr\/groupes","title":{"rendered":"Activit\u00e9s de groupe &amp; \u00e9v\u00e9nements dans l&rsquo;Eifel"},"content":{"rendered":"<div class=\"wpb-content-wrapper\"><p>[vc_row][vc_column][vc_column_text]<\/p>\n\n&#13;\n<h2 class=\"wp-block-heading\">Des exp\u00e9riences priv\u00e9es et professionnelles qui marquent les esprits<\/h2>\n<p>\n\nOb Erlebnistag, Erlebnisprogramm, Seniorenausflug, Tagungen oder Betriebsausflug &#8211; wir bieten Ihnen eine breite Auswahl an Aktivit\u00e4ten, die sich perfekt f\u00fcr Gruppen eignen. Entdecken Sie gemeinsam mit Freunden, Familie oder Kollegen die faszinierende Welt der historischen Wasserm\u00fchlen und erleben Sie unvergessliche Momente in einer einzigartigen Atmosph\u00e4re. Wir freuen uns darauf, Sie und Ihre Gruppe bei uns begr\u00fc\u00dfen zu d\u00fcrfen!\n\n<div class=\"wp-block-spacer\" aria-hidden=\"true\">\u00a0<\/div>\n<div class=\"wp-block-image\">\n<figure class=\"alignleft size-full\"><img loading=\"lazy\" decoding=\"async\" width=\"300\" height=\"200\" src=\"https:\/\/www.muehlebirgel.de\/wp-content\/uploads\/1722be0d5e2e40229e3849b1c28eb.jpg\" alt=\"\" class=\"wp-image-42724\"\/><\/figure>\n<\/div>\n<h2 class=\"wp-block-heading\">Journ\u00e9e d\u00e9couverte dans le moulin \u00e0 eau historique<\/h2>\n<p>\n\nErleben Sie einen unvergesslichen Tag in der historischen Wasserm\u00fchle! Entdecken Sie die verschiedenen Handwerke wie Brotbacken, Holzs\u00e4gen und Senfherstellung, genie\u00dfen Sie ein k\u00f6stliches Mittagessen und entspannen Sie bei Kaffee und Kuchen. Buchen Sie jetzt Ihren Erlebnistag f\u00fcr 2024 und erleben Sie die faszinierende Welt der historischen Wasserm\u00fchlen in der Eifel. Preise beginnen ab 10 Personen. Individuelle Erlebnistage k\u00f6nnen ebenfalls gebucht werden.\n<p>\n\n<a href=\"https:\/\/www.muehlebirgel.de\/fr\/journee-aventure-dans-leifel\">Mehr erfahren&#8230;<\/a>\n\n<hr class=\"wp-block-separator has-alpha-channel-opacity\"\/>\n<div class=\"wp-block-image\">\n<figure class=\"alignleft size-full\"><a href=\"https:\/\/www.muehlebirgel.de\/fr\/programme-aventure-dans-leifel\"><img loading=\"lazy\" decoding=\"async\" width=\"300\" height=\"225\" src=\"https:\/\/www.muehlebirgel.de\/wp-content\/uploads\/2009\/04\/boschi.jpg\" alt=\"Bogenschiessen\" class=\"wp-image-283\"\/><\/a><\/figure>\n<\/div>\n<h2 class=\"wp-block-heading\">Programme aventure dans l&rsquo;Eifel<\/h2>\n<p>\n\nQuad-Fahren, Bogenschie\u00dfen, Outdoor-Erlebnisse und Wanderungen sind nur einige unserer Aktivit\u00e4ten. Wir bieten auch Back- und Senfkurse sowie verschiedene Veranstaltungen wie das M\u00fchlenspektakel oder Hochzeiten in der M\u00fchle. Entdecken Sie die Vulkaneifel und erleben Sie spannende Abenteuer mit uns. Buchungen und weitere Informationen finden Sie auf der Unterseite.\n<p>\n\n<a href=\"https:\/\/www.muehlebirgel.de\/fr\/programme-aventure-dans-leifel\">Mehr erfahren&#8230;<\/a>\n\n<p><\/p>\n\n<hr class=\"wp-block-separator has-alpha-channel-opacity\"\/>\n<div class=\"wp-block-image\">\n<figure class=\"alignleft size-full\"><a href=\"https:\/\/www.muehlebirgel.de\/fr\/voyage-seniors-dans-leifel\"><img loading=\"lazy\" decoding=\"async\" width=\"300\" height=\"200\" src=\"https:\/\/www.muehlebirgel.de\/wp-content\/uploads\/2022\/09\/saegewerk300200.jpg\" alt=\"\" class=\"wp-image-11924\"\/><\/a><\/figure>\n<\/div>\n<h2 class=\"wp-block-heading\">Voyage seniors dans l&rsquo;Eifel<\/h2>\n<p>\n\nDie Historische Wasserm\u00fchle in Birgel ist das perfekte Ausflugsziel f\u00fcr Senioren! Hier k\u00f6nnen sie die alten funktionierenden M\u00fchlen bestaunen und in der Senfm\u00fchle die Sch\u00e4rfe des Senfs testen. F\u00fcr das leibliche Wohl ist gesorgt: Ein 3-Gang-Men\u00fc und Kuchen aus der M\u00fchlenk\u00fcche werden serviert. Im M\u00fchlenl\u00e4dchen k\u00f6nnen Produkte aus eigener Herstellung wie Senf und Lik\u00f6re erworben werden. Der Ausflug in die Eifel wird unvergesslich. Kontaktieren Sie uns gerne f\u00fcr weitere Informationen und Buchungen.\n<p>\n\n<a href=\"https:\/\/www.muehlebirgel.de\/fr\/voyage-seniors-dans-leifel\">Mehr erfahren&#8230;<\/a>\n\n<hr class=\"wp-block-separator has-alpha-channel-opacity\"\/>\n<div class=\"wp-block-image\">\n<figure class=\"alignleft size-full\"><img loading=\"lazy\" decoding=\"async\" width=\"300\" height=\"200\" src=\"https:\/\/www.muehlebirgel.de\/wp-content\/uploads\/2009\/04\/ferienhaeuser.jpg\" alt=\"\" class=\"wp-image-123\"\/><\/figure>\n<\/div>\n<h2 class=\"wp-block-heading\">Conf\u00e9rences et s\u00e9minaires dans l&rsquo;Eifel<\/h2>\n<p>Obtenir des informations actuelles et vivre des contenus dans le champ de tension de murs et de poutres de ch\u00eane tr\u00e8s anciens, voil\u00e0 ce qui fait des s\u00e9minaires organis\u00e9s dans le moulin \u00e0 eau une exp\u00e9rience particuli\u00e8re et durable, tant pour les organisateurs que pour les participants.<\/p>\n<p><!-- \/wp:post-content --><\/p>\n<p><!-- wp:paragraph --><a href=\"https:\/\/www.muehlebirgel.de\/fr\/hotel-de-conference-eifel\">En savoir plus&#8230;<\/a><\/p>\n<p><!-- \/wp:paragraph --><\/p>\n<p><!-- wp:separator --><\/p>\n<hr class=\"wp-block-separator has-alpha-channel-opacity\"><!-- \/wp:separator --><\/p>\n<p><!-- wp:image {\"align\":\"left\",\"id\":120,\"sizeSlug\":\"full\",\"linkDestination\":\"custom\"} --><\/p>\n<figure class=\"wp-block-image alignleft size-full\"><img loading=\"lazy\" decoding=\"async\" class=\"alignnone wp-image-42791 size-full\" src=\"https:\/\/www.muehlebirgel.de\/wp-content\/uploads\/gruppenfuehrung-300-200.jpg\" alt=\"\" width=\"300\" height=\"200\"><\/figure>\n<p><!-- \/wp:image --><\/p>\n<p><!-- wp:heading --><\/p>\n<h2>Sortie d&rsquo;entreprise dans l&rsquo;Eifel<\/h2>\n<p><!-- \/wp:heading --><\/p>\n<p><!-- wp:paragraph -->Le moulin \u00e0 eau historique de Birgel propose une sortie d&rsquo;entreprise inoubliable dans l&rsquo;Eifel avec des activit\u00e9s vari\u00e9es telles que des visites guid\u00e9es du site du moulin, du pain et de la moutarde faits maison dans le moulin \u00e0 moutarde et la distillation d&rsquo;eau-de-vie dans la distillerie. Un programme d&rsquo;activit\u00e9s de meunerie pour adultes avec des jeux de groupe pour la fabrication de ses propres produits comme le muesli aux c\u00e9r\u00e9ales, les disques en bois ou les presses \u00e0 huile permet de former une \u00e9quipe comme il y a 100 ans. Des possibilit\u00e9s d&rsquo;h\u00e9bergement \u00e0 l&rsquo;h\u00f4tel de la conf\u00e9rence sont \u00e9galement disponibles.<\/p>\n<p><!-- \/wp:paragraph --><\/p>\n<p><!-- wp:paragraph --><a href=\"https:\/\/www.muehlebirgel.de\/fr\/sortie-dentreprise-dans-leifel\">En savoir plus&#8230;<\/a><\/p>\n<p><!-- \/wp:paragraph --><\/p>\n<\/p>\n<p>[\/vc_column_text][\/vc_column][\/vc_row]<\/p>\n<\/div>","protected":false},"excerpt":{"rendered":"<p>[vc_row][vc_column][vc_column_text] &#13; Des exp\u00e9riences priv\u00e9es et professionnelles qui marquent les esprits Ob Erlebnistag, Erlebnisprogramm, Seniorenausflug, Tagungen oder Betriebsausflug &#8211; wir bieten Ihnen eine breite Auswahl an Aktivit\u00e4ten, die sich perfekt f\u00fcr Gruppen eignen. Entdecken Sie gemeinsam mit Freunden, Familie oder Kollegen die faszinierende Welt der historischen Wasserm\u00fchlen und erleben Sie unvergessliche Momente in einer einzigartigen [&hellip;]<\/p>\n","protected":false},"author":5,"featured_media":0,"parent":0,"menu_order":0,"comment_status":"closed","ping_status":"closed","template":"","meta":{"footnotes":""},"class_list":["post-26213","page","type-page","status-publish","hentry"],"yoast_head":"<!-- This site is optimized with the Yoast SEO plugin v27.2 - https:\/\/yoast.com\/product\/yoast-seo-wordpress\/ -->\n<title>Activit\u00e9s de groupe &amp; \u00e9v\u00e9nements dans l&#039;Eifel - Historische Wasserm\u00fchle Birgel<\/title>\n<meta name=\"robots\" content=\"index, follow, max-snippet:-1, max-image-preview:large, max-video-preview:-1\" \/>\n<link rel=\"canonical\" href=\"https:\/\/www.muehlebirgel.de\/fr\/groupes\" \/>\n<meta property=\"og:locale\" content=\"fr_FR\" \/>\n<meta property=\"og:type\" content=\"article\" \/>\n<meta property=\"og:title\" content=\"Activit\u00e9s de groupe &amp; \u00e9v\u00e9nements dans l&#039;Eifel - Historische Wasserm\u00fchle Birgel\" \/>\n<meta property=\"og:description\" content=\"[vc_row][vc_column][vc_column_text] &#013; Des exp\u00e9riences priv\u00e9es et professionnelles qui marquent les esprits Ob Erlebnistag, Erlebnisprogramm, Seniorenausflug, Tagungen oder Betriebsausflug &#8211; wir bieten Ihnen eine breite Auswahl an Aktivit\u00e4ten, die sich perfekt f\u00fcr Gruppen eignen. Entdecken Sie gemeinsam mit Freunden, Familie oder Kollegen die faszinierende Welt der historischen Wasserm\u00fchlen und erleben Sie unvergessliche Momente in einer einzigartigen [&hellip;]\" \/>\n<meta property=\"og:url\" content=\"https:\/\/www.muehlebirgel.de\/fr\/groupes\/\" \/>\n<meta property=\"og:site_name\" content=\"Historische Wasserm\u00fchle Birgel\" \/>\n<meta property=\"article:modified_time\" content=\"2024-09-16T09:28:06+00:00\" \/>\n<meta property=\"og:image\" content=\"https:\/\/www.muehlebirgel.de\/wp-content\/uploads\/1722be0d5e2e40229e3849b1c28eb.jpg\" \/>\n<meta name=\"twitter:card\" content=\"summary_large_image\" \/>\n<meta name=\"twitter:label1\" content=\"Dur\u00e9e de lecture estim\u00e9e\" \/>\n\t<meta name=\"twitter:data1\" content=\"2 minutes\" \/>\n<script type=\"application\/ld+json\" class=\"yoast-schema-graph\">{\"@context\":\"https:\/\/schema.org\",\"@graph\":[{\"@type\":\"WebPage\",\"@id\":\"https:\/\/www.muehlebirgel.de\/fr\/groupes\",\"url\":\"https:\/\/www.muehlebirgel.de\/fr\/groupes\",\"name\":\"Activit\u00e9s de groupe &amp; \u00e9v\u00e9nements dans l'Eifel - Historische Wasserm\u00fchle Birgel\",\"isPartOf\":{\"@id\":\"https:\/\/www.muehlebirgel.de\/fr\/#website\"},\"primaryImageOfPage\":{\"@id\":\"https:\/\/www.muehlebirgel.de\/fr\/groupes#primaryimage\"},\"image\":{\"@id\":\"https:\/\/www.muehlebirgel.de\/fr\/groupes#primaryimage\"},\"thumbnailUrl\":\"https:\/\/www.muehlebirgel.de\/wp-content\/uploads\/1722be0d5e2e40229e3849b1c28eb.jpg\",\"datePublished\":\"2023-04-05T13:11:25+00:00\",\"dateModified\":\"2024-09-16T09:28:06+00:00\",\"breadcrumb\":{\"@id\":\"https:\/\/www.muehlebirgel.de\/fr\/groupes#breadcrumb\"},\"inLanguage\":\"fr-FR\",\"potentialAction\":[{\"@type\":\"ReadAction\",\"target\":[\"https:\/\/www.muehlebirgel.de\/fr\/groupes\"]}]},{\"@type\":\"ImageObject\",\"inLanguage\":\"fr-FR\",\"@id\":\"https:\/\/www.muehlebirgel.de\/fr\/groupes#primaryimage\",\"url\":\"https:\/\/www.muehlebirgel.de\/wp-content\/uploads\/1722be0d5e2e40229e3849b1c28eb.jpg\",\"contentUrl\":\"https:\/\/www.muehlebirgel.de\/wp-content\/uploads\/1722be0d5e2e40229e3849b1c28eb.jpg\"},{\"@type\":\"BreadcrumbList\",\"@id\":\"https:\/\/www.muehlebirgel.de\/fr\/groupes#breadcrumb\",\"itemListElement\":[{\"@type\":\"ListItem\",\"position\":1,\"name\":\"Startseite\",\"item\":\"https:\/\/www.muehlebirgel.de\/fr\"},{\"@type\":\"ListItem\",\"position\":2,\"name\":\"Activit\u00e9s de groupe &amp; \u00e9v\u00e9nements dans l&#8217;Eifel\"}]},{\"@type\":\"WebSite\",\"@id\":\"https:\/\/www.muehlebirgel.de\/fr\/#website\",\"url\":\"https:\/\/www.muehlebirgel.de\/fr\/\",\"name\":\"Historische Wasserm\u00fchle Birgel\",\"description\":\"Willkommen im M\u00fchlen-Erlebniszentrum\",\"potentialAction\":[{\"@type\":\"SearchAction\",\"target\":{\"@type\":\"EntryPoint\",\"urlTemplate\":\"https:\/\/www.muehlebirgel.de\/fr\/?s={search_term_string}\"},\"query-input\":{\"@type\":\"PropertyValueSpecification\",\"valueRequired\":true,\"valueName\":\"search_term_string\"}}],\"inLanguage\":\"fr-FR\"}]}<\/script>\n<!-- \/ Yoast SEO plugin. -->","yoast_head_json":{"title":"Activit\u00e9s de groupe &amp; \u00e9v\u00e9nements dans l'Eifel - Historische Wasserm\u00fchle Birgel","robots":{"index":"index","follow":"follow","max-snippet":"max-snippet:-1","max-image-preview":"max-image-preview:large","max-video-preview":"max-video-preview:-1"},"canonical":"https:\/\/www.muehlebirgel.de\/fr\/groupes","og_locale":"fr_FR","og_type":"article","og_title":"Activit\u00e9s de groupe &amp; \u00e9v\u00e9nements dans l'Eifel - Historische Wasserm\u00fchle Birgel","og_description":"[vc_row][vc_column][vc_column_text] &#13; Des exp\u00e9riences priv\u00e9es et professionnelles qui marquent les esprits Ob Erlebnistag, Erlebnisprogramm, Seniorenausflug, Tagungen oder Betriebsausflug &#8211; wir bieten Ihnen eine breite Auswahl an Aktivit\u00e4ten, die sich perfekt f\u00fcr Gruppen eignen. Entdecken Sie gemeinsam mit Freunden, Familie oder Kollegen die faszinierende Welt der historischen Wasserm\u00fchlen und erleben Sie unvergessliche Momente in einer einzigartigen [&hellip;]","og_url":"https:\/\/www.muehlebirgel.de\/fr\/groupes\/","og_site_name":"Historische Wasserm\u00fchle Birgel","article_modified_time":"2024-09-16T09:28:06+00:00","og_image":[{"url":"https:\/\/www.muehlebirgel.de\/wp-content\/uploads\/1722be0d5e2e40229e3849b1c28eb.jpg","type":"","width":"","height":""}],"twitter_card":"summary_large_image","twitter_misc":{"Dur\u00e9e de lecture estim\u00e9e":"2 minutes"},"schema":{"@context":"https:\/\/schema.org","@graph":[{"@type":"WebPage","@id":"https:\/\/www.muehlebirgel.de\/fr\/groupes","url":"https:\/\/www.muehlebirgel.de\/fr\/groupes","name":"Activit\u00e9s de groupe &amp; \u00e9v\u00e9nements dans l'Eifel - Historische Wasserm\u00fchle Birgel","isPartOf":{"@id":"https:\/\/www.muehlebirgel.de\/fr\/#website"},"primaryImageOfPage":{"@id":"https:\/\/www.muehlebirgel.de\/fr\/groupes#primaryimage"},"image":{"@id":"https:\/\/www.muehlebirgel.de\/fr\/groupes#primaryimage"},"thumbnailUrl":"https:\/\/www.muehlebirgel.de\/wp-content\/uploads\/1722be0d5e2e40229e3849b1c28eb.jpg","datePublished":"2023-04-05T13:11:25+00:00","dateModified":"2024-09-16T09:28:06+00:00","breadcrumb":{"@id":"https:\/\/www.muehlebirgel.de\/fr\/groupes#breadcrumb"},"inLanguage":"fr-FR","potentialAction":[{"@type":"ReadAction","target":["https:\/\/www.muehlebirgel.de\/fr\/groupes"]}]},{"@type":"ImageObject","inLanguage":"fr-FR","@id":"https:\/\/www.muehlebirgel.de\/fr\/groupes#primaryimage","url":"https:\/\/www.muehlebirgel.de\/wp-content\/uploads\/1722be0d5e2e40229e3849b1c28eb.jpg","contentUrl":"https:\/\/www.muehlebirgel.de\/wp-content\/uploads\/1722be0d5e2e40229e3849b1c28eb.jpg"},{"@type":"BreadcrumbList","@id":"https:\/\/www.muehlebirgel.de\/fr\/groupes#breadcrumb","itemListElement":[{"@type":"ListItem","position":1,"name":"Startseite","item":"https:\/\/www.muehlebirgel.de\/fr"},{"@type":"ListItem","position":2,"name":"Activit\u00e9s de groupe &amp; \u00e9v\u00e9nements dans l&#8217;Eifel"}]},{"@type":"WebSite","@id":"https:\/\/www.muehlebirgel.de\/fr\/#website","url":"https:\/\/www.muehlebirgel.de\/fr\/","name":"Historische Wasserm\u00fchle Birgel","description":"Willkommen im M\u00fchlen-Erlebniszentrum","potentialAction":[{"@type":"SearchAction","target":{"@type":"EntryPoint","urlTemplate":"https:\/\/www.muehlebirgel.de\/fr\/?s={search_term_string}"},"query-input":{"@type":"PropertyValueSpecification","valueRequired":true,"valueName":"search_term_string"}}],"inLanguage":"fr-FR"}]}},"_links":{"self":[{"href":"https:\/\/www.muehlebirgel.de\/fr\/wp-json\/wp\/v2\/pages\/26213","targetHints":{"allow":["GET"]}}],"collection":[{"href":"https:\/\/www.muehlebirgel.de\/fr\/wp-json\/wp\/v2\/pages"}],"about":[{"href":"https:\/\/www.muehlebirgel.de\/fr\/wp-json\/wp\/v2\/types\/page"}],"author":[{"embeddable":true,"href":"https:\/\/www.muehlebirgel.de\/fr\/wp-json\/wp\/v2\/users\/5"}],"replies":[{"embeddable":true,"href":"https:\/\/www.muehlebirgel.de\/fr\/wp-json\/wp\/v2\/comments?post=26213"}],"version-history":[{"count":11,"href":"https:\/\/www.muehlebirgel.de\/fr\/wp-json\/wp\/v2\/pages\/26213\/revisions"}],"predecessor-version":[{"id":42810,"href":"https:\/\/www.muehlebirgel.de\/fr\/wp-json\/wp\/v2\/pages\/26213\/revisions\/42810"}],"wp:attachment":[{"href":"https:\/\/www.muehlebirgel.de\/fr\/wp-json\/wp\/v2\/media?parent=26213"}],"curies":[{"name":"wp","href":"https:\/\/api.w.org\/{rel}","templated":true}]}}