{"id":27268,"date":"2023-05-15T11:36:38","date_gmt":"2023-05-15T10:36:38","guid":{"rendered":"https:\/\/www.muehlebirgel.de\/rendez-vous-et-evenements-dans-le-moulin-a-eau-historique\/journee-allemande-de-la-farine\/"},"modified":"2025-10-07T11:12:39","modified_gmt":"2025-10-07T09:12:39","slug":"journee-allemande-de-la-farine","status":"publish","type":"page","link":"https:\/\/www.muehlebirgel.de\/fr\/journee-allemande-de-la-farine","title":{"rendered":"Journ\u00e9e allemande des moulins"},"content":{"rendered":"<div class=\"wpb-content-wrapper\"><p>[vc_row][vc_column][vc_column_text css=\u00a0\u00bb\u00a0\u00bb css_params=\u00a0\u00bb\u00a0\u00bb]<\/p>\n<h2 class=\"wp-block-heading\">La Journ\u00e9e allemande des moulins &#8211; Une aventure pour petits et grands !<\/h2>\n<h3>24.05.26 et 25.05.26 \u00e0 Birgel \/ Vulkaneifel avec march\u00e9 aux puces et brocante &#8211; entr\u00e9e gratuite !<\/h3>\n<p><!-- \/wp:post-content -->&nbsp;<\/p>\n<p><!-- wp:image {\"align\":\"left\",\"id\":194,\"sizeSlug\":\"full\",\"linkDestination\":\"none\"} --><\/p>\n<figure class=\"wp-block-image alignleft size-full\"><img loading=\"lazy\" decoding=\"async\" width=\"300\" height=\"200\" class=\"wp-image-194\" src=\"https:\/\/www.muehlebirgel.de\/wp-content\/uploads\/2009\/04\/getreidemuehle.jpg\" alt=\"Historische Wasserm\u00fchle\"><\/figure>\n<p><!-- \/wp:image --><\/p>\n<p><!-- wp:paragraph -->Comme chaque ann\u00e9e, la Journ\u00e9e allemande des moulins a toujours lieu le lundi de Pentec\u00f4te. Ainsi, comme chaque ann\u00e9e, nous ouvrons notre moulin le dimanche et le lundi de Pentec\u00f4te. Les deux jours, vous pourrez visiter tous nos moulins et apprendre des choses \u00e9tonnantes sur les diff\u00e9rentes techniques de broyage.<\/p>\n<p><!-- \/wp:paragraph --><\/p>\n<p><!-- wp:paragraph -->En outre, un march\u00e9 aux puces et une brocante ont lieu chaque ann\u00e9e et invitent \u00e0 s&rsquo;attarder et \u00e0 fouiner. De plus, les jeunes visiteurs pourront participer \u00e0 de superbes activit\u00e9s autour du moulin, qui leur procureront beaucoup de plaisir et de suspense.<\/p>\n<p><!-- \/wp:paragraph --><\/p>\n<p><!-- wp:paragraph -->La restauration est \u00e9galement assur\u00e9e. Comme d&rsquo;habitude, nous vous r\u00e9servons des sp\u00e9cialit\u00e9s et des d\u00e9lices locaux.<\/p>\n<p><!-- \/wp:paragraph -->&nbsp;<\/p>\n<p><!-- wp:separator --><\/p>\n<hr class=\"wp-block-separator has-alpha-channel-opacity\">\n<p><!-- \/wp:separator -->&nbsp;<\/p>\n<p><!-- wp:image {\"align\":\"left\",\"id\":27470,\"width\":300,\"height\":175,\"sizeSlug\":\"large\",\"linkDestination\":\"custom\"} --><\/p>\n<figure><\/figure>\n<figure class=\"wp-block-image alignleft size-large is-resized\"><a href=\"https:\/\/youtu.be\/rk_qnFk5nfw\"><img loading=\"lazy\" decoding=\"async\" class=\"wp-image-27470\" src=\"https:\/\/www.muehlebirgel.de\/wp-content\/uploads\/2023\/05\/Thumbnail-dt-muehlentag-1024x576.webp\" alt=\"\" width=\"300\" height=\"175\"><\/a><\/figure>\n<p><!-- \/wp:image -->&nbsp;<\/p>\n<p><!-- wp:heading --><\/p>\n<h2 class=\"wp-block-heading\">Pour en savoir plus sur la Journ\u00e9e allemande des moulins, regardez notre vid\u00e9o !<\/h2>\n<p>&nbsp;<\/p>\n<p>&nbsp;<\/p>\n<p>&nbsp;<\/p>\n<p><!-- \/wp:heading --><\/p>\n<p><!-- \/wp:paragraph -->&nbsp;<\/p>\n<p><!-- wp:separator --><\/p>\n<hr class=\"wp-block-separator has-alpha-channel-opacity\">\n<p><!-- \/wp:separator -->&nbsp;<\/p>\n<p><!-- wp:paragraph --><!-- \/wp:paragraph -->&nbsp;<\/p>\n<p><!-- wp:paragraph --><!-- \/wp:paragraph -->&nbsp;<\/p>\n<p><!-- wp:paragraph --><!-- \/wp:paragraph -->&nbsp;<\/p>\n<p><!-- wp:columns --><\/p>\n<div class=\"wp-block-columns\"><!-- wp:column --><\/p>\n<div class=\"wp-block-column\"><!-- wp:image {\"align\":\"left\",\"id\":27426,\"sizeSlug\":\"large\",\"linkDestination\":\"none\"} --><\/p>\n<figure class=\"wp-block-image alignleft size-large\"><img loading=\"lazy\" decoding=\"async\" width=\"1024\" height=\"682\" class=\"wp-image-27426\" src=\"https:\/\/www.muehlebirgel.de\/wp-content\/uploads\/2023\/05\/Standaufbau-Muehlengelaende-Teil-2-Kopie-1024x682.webp\" alt=\"\" srcset=\"https:\/\/www.muehlebirgel.de\/wp-content\/uploads\/2023\/05\/Standaufbau-Muehlengelaende-Teil-2-Kopie-1024x682.webp 1024w, https:\/\/www.muehlebirgel.de\/wp-content\/uploads\/2023\/05\/Standaufbau-Muehlengelaende-Teil-2-Kopie-768x512.webp 768w, https:\/\/www.muehlebirgel.de\/wp-content\/uploads\/2023\/05\/Standaufbau-Muehlengelaende-Teil-2-Kopie-640x427.webp 640w, https:\/\/www.muehlebirgel.de\/wp-content\/uploads\/2023\/05\/Standaufbau-Muehlengelaende-Teil-2-Kopie-400x267.webp 400w\" sizes=\"auto, (max-width: 1024px) 100vw, 1024px\" \/><\/figure>\n<p><!-- \/wp:image -->\n<\/div>\n<p><!-- \/wp:column --><br \/><!-- wp:column --><\/p>\n<div class=\"wp-block-column\"><!-- wp:image {\"align\":\"center\",\"id\":27437,\"sizeSlug\":\"large\",\"linkDestination\":\"none\"} --><\/p>\n<figure class=\"wp-block-image aligncenter size-large\"><img loading=\"lazy\" decoding=\"async\" width=\"1024\" height=\"682\" class=\"wp-image-27437\" src=\"https:\/\/www.muehlebirgel.de\/wp-content\/uploads\/2023\/05\/Standaufbau-Pfingsten-Muehlengelaende-Kopie-1024x682.webp\" alt=\"\" srcset=\"https:\/\/www.muehlebirgel.de\/wp-content\/uploads\/2023\/05\/Standaufbau-Pfingsten-Muehlengelaende-Kopie-1024x682.webp 1024w, https:\/\/www.muehlebirgel.de\/wp-content\/uploads\/2023\/05\/Standaufbau-Pfingsten-Muehlengelaende-Kopie-768x512.webp 768w, https:\/\/www.muehlebirgel.de\/wp-content\/uploads\/2023\/05\/Standaufbau-Pfingsten-Muehlengelaende-Kopie-640x427.webp 640w, https:\/\/www.muehlebirgel.de\/wp-content\/uploads\/2023\/05\/Standaufbau-Pfingsten-Muehlengelaende-Kopie-400x267.webp 400w\" sizes=\"auto, (max-width: 1024px) 100vw, 1024px\" \/><\/figure>\n<p><!-- \/wp:image -->\n<\/div>\n<p><!-- \/wp:column --><br \/><!-- wp:column --><\/p>\n<div class=\"wp-block-column\"><!-- wp:image {\"align\":\"center\",\"id\":27448,\"sizeSlug\":\"large\",\"linkDestination\":\"none\"} --><\/p>\n<figure class=\"wp-block-image aligncenter size-large\"><img loading=\"lazy\" decoding=\"async\" width=\"1024\" height=\"682\" class=\"wp-image-27448\" src=\"https:\/\/www.muehlebirgel.de\/wp-content\/uploads\/2023\/05\/Standaufbau-Muehlengelaende-Teil-3-Kopie-1024x682.webp\" alt=\"\" srcset=\"https:\/\/www.muehlebirgel.de\/wp-content\/uploads\/2023\/05\/Standaufbau-Muehlengelaende-Teil-3-Kopie-1024x682.webp 1024w, https:\/\/www.muehlebirgel.de\/wp-content\/uploads\/2023\/05\/Standaufbau-Muehlengelaende-Teil-3-Kopie-768x512.webp 768w, https:\/\/www.muehlebirgel.de\/wp-content\/uploads\/2023\/05\/Standaufbau-Muehlengelaende-Teil-3-Kopie-640x427.webp 640w, https:\/\/www.muehlebirgel.de\/wp-content\/uploads\/2023\/05\/Standaufbau-Muehlengelaende-Teil-3-Kopie-400x267.webp 400w\" sizes=\"auto, (max-width: 1024px) 100vw, 1024px\" \/><\/figure>\n<p><!-- \/wp:image -->\n<\/div>\n<p><!-- \/wp:column -->\n<\/div>\n<p><!-- \/wp:columns --><\/p>\n<p>&nbsp;<\/p>\n<p>[\/vc_column_text][\/vc_column][\/vc_row]<\/p>\n<\/div>","protected":false},"excerpt":{"rendered":"<p>[vc_row][vc_column][vc_column_text css=\u00a0\u00bb\u00a0\u00bb css_params=\u00a0\u00bb\u00a0\u00bb] La Journ\u00e9e allemande des moulins &#8211; Une aventure pour petits et grands ! 24.05.26 et 25.05.26 \u00e0 Birgel \/ Vulkaneifel avec march\u00e9 aux puces et brocante &#8211; entr\u00e9e gratuite ! &nbsp; Comme chaque ann\u00e9e, la Journ\u00e9e allemande des moulins a toujours lieu le lundi de Pentec\u00f4te. Ainsi, comme chaque ann\u00e9e, nous ouvrons [&hellip;]<\/p>\n","protected":false},"author":5,"featured_media":0,"parent":9705,"menu_order":38,"comment_status":"closed","ping_status":"closed","template":"","meta":{"footnotes":""},"class_list":["post-27268","page","type-page","status-publish","hentry"],"yoast_head":"<!-- This site is optimized with the Yoast SEO plugin v27.2 - https:\/\/yoast.com\/product\/yoast-seo-wordpress\/ -->\n<title>Journ\u00e9e allemande des moulins - Historische Wasserm\u00fchle Birgel<\/title>\n<meta name=\"robots\" content=\"index, follow, max-snippet:-1, max-image-preview:large, max-video-preview:-1\" \/>\n<link rel=\"canonical\" href=\"https:\/\/www.muehlebirgel.de\/fr\/journee-allemande-de-la-farine\" \/>\n<meta property=\"og:locale\" content=\"fr_FR\" \/>\n<meta property=\"og:type\" content=\"article\" \/>\n<meta property=\"og:title\" content=\"Journ\u00e9e allemande des moulins - Historische Wasserm\u00fchle Birgel\" \/>\n<meta property=\"og:description\" content=\"[vc_row][vc_column][vc_column_text css=\u00a0\u00bb\u00a0\u00bb css_params=\u00a0\u00bb\u00a0\u00bb] La Journ\u00e9e allemande des moulins &#8211; Une aventure pour petits et grands ! 24.05.26 et 25.05.26 \u00e0 Birgel \/ Vulkaneifel avec march\u00e9 aux puces et brocante &#8211; entr\u00e9e gratuite ! &nbsp; Comme chaque ann\u00e9e, la Journ\u00e9e allemande des moulins a toujours lieu le lundi de Pentec\u00f4te. Ainsi, comme chaque ann\u00e9e, nous ouvrons [&hellip;]\" \/>\n<meta property=\"og:url\" content=\"https:\/\/www.muehlebirgel.de\/fr\/journee-allemande-de-la-farine\/\" \/>\n<meta property=\"og:site_name\" content=\"Historische Wasserm\u00fchle Birgel\" \/>\n<meta property=\"article:modified_time\" content=\"2025-10-07T09:12:39+00:00\" \/>\n<meta property=\"og:image\" content=\"https:\/\/www.muehlebirgel.de\/wp-content\/uploads\/2009\/04\/getreidemuehle.jpg\" \/>\n\t<meta property=\"og:image:width\" content=\"300\" \/>\n\t<meta property=\"og:image:height\" content=\"200\" \/>\n\t<meta property=\"og:image:type\" content=\"image\/jpeg\" \/>\n<meta name=\"twitter:card\" content=\"summary_large_image\" \/>\n<meta name=\"twitter:label1\" content=\"Dur\u00e9e de lecture estim\u00e9e\" \/>\n\t<meta name=\"twitter:data1\" content=\"1 minute\" \/>\n<script type=\"application\/ld+json\" class=\"yoast-schema-graph\">{\"@context\":\"https:\/\/schema.org\",\"@graph\":[{\"@type\":\"WebPage\",\"@id\":\"https:\/\/www.muehlebirgel.de\/fr\/journee-allemande-de-la-farine\",\"url\":\"https:\/\/www.muehlebirgel.de\/fr\/journee-allemande-de-la-farine\",\"name\":\"Journ\u00e9e allemande des moulins - Historische Wasserm\u00fchle Birgel\",\"isPartOf\":{\"@id\":\"https:\/\/www.muehlebirgel.de\/fr\/#website\"},\"primaryImageOfPage\":{\"@id\":\"https:\/\/www.muehlebirgel.de\/fr\/journee-allemande-de-la-farine#primaryimage\"},\"image\":{\"@id\":\"https:\/\/www.muehlebirgel.de\/fr\/journee-allemande-de-la-farine#primaryimage\"},\"thumbnailUrl\":\"https:\/\/www.muehlebirgel.de\/wp-content\/uploads\/2009\/04\/getreidemuehle.jpg\",\"datePublished\":\"2023-05-15T10:36:38+00:00\",\"dateModified\":\"2025-10-07T09:12:39+00:00\",\"breadcrumb\":{\"@id\":\"https:\/\/www.muehlebirgel.de\/fr\/journee-allemande-de-la-farine#breadcrumb\"},\"inLanguage\":\"fr-FR\",\"potentialAction\":[{\"@type\":\"ReadAction\",\"target\":[\"https:\/\/www.muehlebirgel.de\/fr\/journee-allemande-de-la-farine\"]}]},{\"@type\":\"ImageObject\",\"inLanguage\":\"fr-FR\",\"@id\":\"https:\/\/www.muehlebirgel.de\/fr\/journee-allemande-de-la-farine#primaryimage\",\"url\":\"https:\/\/www.muehlebirgel.de\/wp-content\/uploads\/2009\/04\/getreidemuehle.jpg\",\"contentUrl\":\"https:\/\/www.muehlebirgel.de\/wp-content\/uploads\/2009\/04\/getreidemuehle.jpg\"},{\"@type\":\"BreadcrumbList\",\"@id\":\"https:\/\/www.muehlebirgel.de\/fr\/journee-allemande-de-la-farine#breadcrumb\",\"itemListElement\":[{\"@type\":\"ListItem\",\"position\":1,\"name\":\"Startseite\",\"item\":\"https:\/\/www.muehlebirgel.de\/fr\"},{\"@type\":\"ListItem\",\"position\":2,\"name\":\"Dates et \u00e9v\u00e9nements dans le moulin \u00e0 eau historique\",\"item\":\"https:\/\/www.muehlebirgel.de\/fr\/dates-et-evenements-dans-le-moulin-a-eau-historique\"},{\"@type\":\"ListItem\",\"position\":3,\"name\":\"Journ\u00e9e allemande des moulins\"}]},{\"@type\":\"WebSite\",\"@id\":\"https:\/\/www.muehlebirgel.de\/fr\/#website\",\"url\":\"https:\/\/www.muehlebirgel.de\/fr\/\",\"name\":\"Historische Wasserm\u00fchle Birgel\",\"description\":\"Willkommen im M\u00fchlen-Erlebniszentrum\",\"potentialAction\":[{\"@type\":\"SearchAction\",\"target\":{\"@type\":\"EntryPoint\",\"urlTemplate\":\"https:\/\/www.muehlebirgel.de\/fr\/?s={search_term_string}\"},\"query-input\":{\"@type\":\"PropertyValueSpecification\",\"valueRequired\":true,\"valueName\":\"search_term_string\"}}],\"inLanguage\":\"fr-FR\"}]}<\/script>\n<!-- \/ Yoast SEO plugin. -->","yoast_head_json":{"title":"Journ\u00e9e allemande des moulins - Historische Wasserm\u00fchle Birgel","robots":{"index":"index","follow":"follow","max-snippet":"max-snippet:-1","max-image-preview":"max-image-preview:large","max-video-preview":"max-video-preview:-1"},"canonical":"https:\/\/www.muehlebirgel.de\/fr\/journee-allemande-de-la-farine","og_locale":"fr_FR","og_type":"article","og_title":"Journ\u00e9e allemande des moulins - Historische Wasserm\u00fchle Birgel","og_description":"[vc_row][vc_column][vc_column_text css=\u00a0\u00bb\u00a0\u00bb css_params=\u00a0\u00bb\u00a0\u00bb] La Journ\u00e9e allemande des moulins &#8211; Une aventure pour petits et grands ! 24.05.26 et 25.05.26 \u00e0 Birgel \/ Vulkaneifel avec march\u00e9 aux puces et brocante &#8211; entr\u00e9e gratuite ! &nbsp; Comme chaque ann\u00e9e, la Journ\u00e9e allemande des moulins a toujours lieu le lundi de Pentec\u00f4te. Ainsi, comme chaque ann\u00e9e, nous ouvrons [&hellip;]","og_url":"https:\/\/www.muehlebirgel.de\/fr\/journee-allemande-de-la-farine\/","og_site_name":"Historische Wasserm\u00fchle Birgel","article_modified_time":"2025-10-07T09:12:39+00:00","og_image":[{"width":300,"height":200,"url":"https:\/\/www.muehlebirgel.de\/wp-content\/uploads\/2009\/04\/getreidemuehle.jpg","type":"image\/jpeg"}],"twitter_card":"summary_large_image","twitter_misc":{"Dur\u00e9e de lecture estim\u00e9e":"1 minute"},"schema":{"@context":"https:\/\/schema.org","@graph":[{"@type":"WebPage","@id":"https:\/\/www.muehlebirgel.de\/fr\/journee-allemande-de-la-farine","url":"https:\/\/www.muehlebirgel.de\/fr\/journee-allemande-de-la-farine","name":"Journ\u00e9e allemande des moulins - Historische Wasserm\u00fchle Birgel","isPartOf":{"@id":"https:\/\/www.muehlebirgel.de\/fr\/#website"},"primaryImageOfPage":{"@id":"https:\/\/www.muehlebirgel.de\/fr\/journee-allemande-de-la-farine#primaryimage"},"image":{"@id":"https:\/\/www.muehlebirgel.de\/fr\/journee-allemande-de-la-farine#primaryimage"},"thumbnailUrl":"https:\/\/www.muehlebirgel.de\/wp-content\/uploads\/2009\/04\/getreidemuehle.jpg","datePublished":"2023-05-15T10:36:38+00:00","dateModified":"2025-10-07T09:12:39+00:00","breadcrumb":{"@id":"https:\/\/www.muehlebirgel.de\/fr\/journee-allemande-de-la-farine#breadcrumb"},"inLanguage":"fr-FR","potentialAction":[{"@type":"ReadAction","target":["https:\/\/www.muehlebirgel.de\/fr\/journee-allemande-de-la-farine"]}]},{"@type":"ImageObject","inLanguage":"fr-FR","@id":"https:\/\/www.muehlebirgel.de\/fr\/journee-allemande-de-la-farine#primaryimage","url":"https:\/\/www.muehlebirgel.de\/wp-content\/uploads\/2009\/04\/getreidemuehle.jpg","contentUrl":"https:\/\/www.muehlebirgel.de\/wp-content\/uploads\/2009\/04\/getreidemuehle.jpg"},{"@type":"BreadcrumbList","@id":"https:\/\/www.muehlebirgel.de\/fr\/journee-allemande-de-la-farine#breadcrumb","itemListElement":[{"@type":"ListItem","position":1,"name":"Startseite","item":"https:\/\/www.muehlebirgel.de\/fr"},{"@type":"ListItem","position":2,"name":"Dates et \u00e9v\u00e9nements dans le moulin \u00e0 eau historique","item":"https:\/\/www.muehlebirgel.de\/fr\/dates-et-evenements-dans-le-moulin-a-eau-historique"},{"@type":"ListItem","position":3,"name":"Journ\u00e9e allemande des moulins"}]},{"@type":"WebSite","@id":"https:\/\/www.muehlebirgel.de\/fr\/#website","url":"https:\/\/www.muehlebirgel.de\/fr\/","name":"Historische Wasserm\u00fchle Birgel","description":"Willkommen im M\u00fchlen-Erlebniszentrum","potentialAction":[{"@type":"SearchAction","target":{"@type":"EntryPoint","urlTemplate":"https:\/\/www.muehlebirgel.de\/fr\/?s={search_term_string}"},"query-input":{"@type":"PropertyValueSpecification","valueRequired":true,"valueName":"search_term_string"}}],"inLanguage":"fr-FR"}]}},"_links":{"self":[{"href":"https:\/\/www.muehlebirgel.de\/fr\/wp-json\/wp\/v2\/pages\/27268","targetHints":{"allow":["GET"]}}],"collection":[{"href":"https:\/\/www.muehlebirgel.de\/fr\/wp-json\/wp\/v2\/pages"}],"about":[{"href":"https:\/\/www.muehlebirgel.de\/fr\/wp-json\/wp\/v2\/types\/page"}],"author":[{"embeddable":true,"href":"https:\/\/www.muehlebirgel.de\/fr\/wp-json\/wp\/v2\/users\/5"}],"replies":[{"embeddable":true,"href":"https:\/\/www.muehlebirgel.de\/fr\/wp-json\/wp\/v2\/comments?post=27268"}],"version-history":[{"count":19,"href":"https:\/\/www.muehlebirgel.de\/fr\/wp-json\/wp\/v2\/pages\/27268\/revisions"}],"predecessor-version":[{"id":60511,"href":"https:\/\/www.muehlebirgel.de\/fr\/wp-json\/wp\/v2\/pages\/27268\/revisions\/60511"}],"up":[{"embeddable":true,"href":"https:\/\/www.muehlebirgel.de\/fr\/wp-json\/wp\/v2\/pages\/9705"}],"wp:attachment":[{"href":"https:\/\/www.muehlebirgel.de\/fr\/wp-json\/wp\/v2\/media?parent=27268"}],"curies":[{"name":"wp","href":"https:\/\/api.w.org\/{rel}","templated":true}]}}