{"id":31645,"date":"2023-10-23T15:04:13","date_gmt":"2023-10-23T14:04:13","guid":{"rendered":"https:\/\/www.muehlebirgel.de\/rendez-vous-et-evenements-dans-le-moulin-a-eau-historique\/buffet-de-noel"},"modified":"2025-11-13T11:41:32","modified_gmt":"2025-11-13T10:41:32","slug":"buffet-de-noel","status":"publish","type":"page","link":"https:\/\/www.muehlebirgel.de\/fr\/buffet-de-noel","title":{"rendered":"Buffet de No\u00ebl"},"content":{"rendered":"\n<h2 class=\"wp-block-heading\">No\u00ebl au Moulin \u00e0 eau historique : plaisir et convivialit\u00e9 r\u00e9unis dans notre buffet de No\u00ebl<\/h2>\n\n<figure class=\"wp-block-image alignleft size-large is-resized\"><img fetchpriority=\"high\" decoding=\"async\" width=\"1024\" height=\"573\" src=\"https:\/\/www.muehlebirgel.de\/wp-content\/uploads\/2023\/10\/christmas-table-setting-with-christmas-decoration-on-dark-wooden-table-flat-lay-1024x573.jpg\" alt=\"Set de table de No&#xEB;l avec d&#xE9;coration de No&#xEB;l sur table en bois fonc&#xE9;, &#xE0; plat\" class=\"wp-image-31584\" style=\"width:300px\" srcset=\"https:\/\/www.muehlebirgel.de\/wp-content\/uploads\/2023\/10\/christmas-table-setting-with-christmas-decoration-on-dark-wooden-table-flat-lay-1024x573.jpg 1024w, https:\/\/www.muehlebirgel.de\/wp-content\/uploads\/2023\/10\/christmas-table-setting-with-christmas-decoration-on-dark-wooden-table-flat-lay-300x168.jpg 300w, https:\/\/www.muehlebirgel.de\/wp-content\/uploads\/2023\/10\/christmas-table-setting-with-christmas-decoration-on-dark-wooden-table-flat-lay-768x430.jpg 768w, https:\/\/www.muehlebirgel.de\/wp-content\/uploads\/2023\/10\/christmas-table-setting-with-christmas-decoration-on-dark-wooden-table-flat-lay-1536x860.jpg 1536w, https:\/\/www.muehlebirgel.de\/wp-content\/uploads\/2023\/10\/christmas-table-setting-with-christmas-decoration-on-dark-wooden-table-flat-lay-2048x1147.jpg 2048w, https:\/\/www.muehlebirgel.de\/wp-content\/uploads\/2023\/10\/christmas-table-setting-with-christmas-decoration-on-dark-wooden-table-flat-lay-150x84.jpg 150w, https:\/\/www.muehlebirgel.de\/wp-content\/uploads\/2023\/10\/christmas-table-setting-with-christmas-decoration-on-dark-wooden-table-flat-lay-640x358.jpg 640w, https:\/\/www.muehlebirgel.de\/wp-content\/uploads\/2023\/10\/christmas-table-setting-with-christmas-decoration-on-dark-wooden-table-flat-lay-400x224.jpg 400w\" sizes=\"(max-width: 1024px) 100vw, 1024px\" \/><\/figure>\n\n<h3 class=\"wp-block-heading\"><strong>Nos sp\u00e9cialit\u00e9s pour les f\u00eates<\/strong> <\/h3>\n\n<p>Plongez dans l&rsquo;atmosph\u00e8re festive du moulin \u00e0 eau historique et laissez-vous enchanter par nos d\u00e9licieuses sp\u00e9cialit\u00e9s de f\u00eate. Notre \u00e9quipe de M\u00fchlen a concoct\u00e9 pour vous un menu de No\u00ebl unique en son genre, qui capture les saveurs de la saison \u00e0 chaque bouch\u00e9e. Des r\u00f4tis savoureux aux desserts d\u00e9licats, notre buffet de No\u00ebl ravira vos papilles et vous fera vivre une exp\u00e9rience culinaire inoubliable.<\/p>\n\n<p><strong>Nous souhaitons c\u00e9l\u00e9brer ensemble cette p\u00e9riode particuli\u00e8re de l&rsquo;ann\u00e9e et vous inviter \u00e0 une soir\u00e9e festive dans notre moulin \u00e0 eau.<\/strong><\/p>\n\n<p>\u00a0<\/p>\n\n<hr class=\"wp-block-separator has-alpha-channel-opacity\"\/>\n\n<div class=\"wp-block-columns is-layout-flex wp-container-core-columns-is-layout-28f84493 wp-block-columns-is-layout-flex\">\n<div class=\"wp-block-column is-layout-flow wp-block-column-is-layout-flow\" style=\"flex-basis:50%\">\n<h3 class=\"wp-block-heading\">D\u00e9lais 2025<\/h3>\n\n\n\n<p>25 d\u00e9cembre 2024 jusqu&rsquo;\u00e0 26 d\u00e9cembre 2025<\/p>\n\n\n\n<p>Prix : 38,50\u20ac par personne<\/p>\n<\/div>\n<\/div>\n\n<p><strong>\u00c0 quelle heure ?<\/strong> Midi et soir, 25 &amp; 26.12.25<\/p>\n\n<p>Nous acceptons volontiers les r\u00e9servations <strong>par e-mail \u00e0 <a href=\"mailto:info@muehlebirgel.de\">info@muehlebirgel.de<\/a> ou par t\u00e9l\u00e9phone au +49 6597 92820<\/strong>.<\/p>\n","protected":false},"excerpt":{"rendered":"<p>No\u00ebl au Moulin \u00e0 eau historique : plaisir et convivialit\u00e9 r\u00e9unis dans notre buffet de No\u00ebl Nos sp\u00e9cialit\u00e9s pour les f\u00eates Plongez dans l&rsquo;atmosph\u00e8re festive du moulin \u00e0 eau historique et laissez-vous enchanter par nos d\u00e9licieuses sp\u00e9cialit\u00e9s de f\u00eate. Notre \u00e9quipe de M\u00fchlen a concoct\u00e9 pour vous un menu de No\u00ebl unique en son genre, [&hellip;]<\/p>\n","protected":false},"author":5,"featured_media":0,"parent":9705,"menu_order":0,"comment_status":"closed","ping_status":"closed","template":"","meta":{"footnotes":""},"categories":[],"class_list":["post-31645","page","type-page","status-publish","hentry"],"yoast_head":"<!-- This site is optimized with the Yoast SEO plugin v27.4 - https:\/\/yoast.com\/product\/yoast-seo-wordpress\/ -->\n<title>Buffet de No\u00ebl dans le moulin \u00e0 eau historique de Birgel<\/title>\n<meta name=\"description\" content=\"La p\u00e9riode la plus festive de l&#039;ann\u00e9e est \u00e0 nos portes et nous vous invitons \u00e0 la c\u00e9l\u00e9brer avec nous.\" \/>\n<meta name=\"robots\" content=\"noindex, follow, max-snippet:-1, max-image-preview:large, max-video-preview:-1\" \/>\n<meta property=\"og:locale\" content=\"fr_FR\" \/>\n<meta property=\"og:type\" content=\"article\" \/>\n<meta property=\"og:title\" content=\"Buffet de No\u00ebl dans le moulin \u00e0 eau historique de Birgel\" \/>\n<meta property=\"og:description\" content=\"La p\u00e9riode la plus festive de l&#039;ann\u00e9e est \u00e0 nos portes et nous vous invitons \u00e0 la c\u00e9l\u00e9brer avec nous.\" \/>\n<meta property=\"og:url\" content=\"https:\/\/www.muehlebirgel.de\/fr\/buffet-de-noel\/\" \/>\n<meta property=\"og:site_name\" content=\"Historische Wasserm\u00fchle Birgel\" \/>\n<meta property=\"article:modified_time\" content=\"2025-11-13T10:41:32+00:00\" \/>\n<meta property=\"og:image\" content=\"https:\/\/www.muehlebirgel.de\/wp-content\/uploads\/2023\/10\/christmas-table-setting-with-christmas-decoration-on-dark-wooden-table-flat-lay-scaled.jpg\" \/>\n\t<meta property=\"og:image:width\" content=\"2560\" \/>\n\t<meta property=\"og:image:height\" content=\"1433\" \/>\n\t<meta property=\"og:image:type\" content=\"image\/jpeg\" \/>\n<meta name=\"twitter:card\" content=\"summary_large_image\" \/>\n<meta name=\"twitter:label1\" content=\"Dur\u00e9e de lecture estim\u00e9e\" \/>\n\t<meta name=\"twitter:data1\" content=\"1 minute\" \/>\n<script type=\"application\/ld+json\" class=\"yoast-schema-graph\">{\"@context\":\"https:\\\/\\\/schema.org\",\"@graph\":[{\"@type\":\"WebPage\",\"@id\":\"https:\\\/\\\/www.muehlebirgel.de\\\/fr\\\/buffet-de-noel\",\"url\":\"https:\\\/\\\/www.muehlebirgel.de\\\/fr\\\/buffet-de-noel\",\"name\":\"Buffet de No\u00ebl dans le moulin \u00e0 eau historique de Birgel\",\"isPartOf\":{\"@id\":\"https:\\\/\\\/www.muehlebirgel.de\\\/fr\\\/#website\"},\"primaryImageOfPage\":{\"@id\":\"https:\\\/\\\/www.muehlebirgel.de\\\/fr\\\/buffet-de-noel#primaryimage\"},\"image\":{\"@id\":\"https:\\\/\\\/www.muehlebirgel.de\\\/fr\\\/buffet-de-noel#primaryimage\"},\"thumbnailUrl\":\"https:\\\/\\\/www.muehlebirgel.de\\\/wp-content\\\/uploads\\\/2023\\\/10\\\/christmas-table-setting-with-christmas-decoration-on-dark-wooden-table-flat-lay-1024x573.jpg\",\"datePublished\":\"2023-10-23T14:04:13+00:00\",\"dateModified\":\"2025-11-13T10:41:32+00:00\",\"description\":\"La p\u00e9riode la plus festive de l'ann\u00e9e est \u00e0 nos portes et nous vous invitons \u00e0 la c\u00e9l\u00e9brer avec nous.\",\"breadcrumb\":{\"@id\":\"https:\\\/\\\/www.muehlebirgel.de\\\/fr\\\/buffet-de-noel#breadcrumb\"},\"inLanguage\":\"fr-FR\",\"potentialAction\":[{\"@type\":\"ReadAction\",\"target\":[\"https:\\\/\\\/www.muehlebirgel.de\\\/fr\\\/buffet-de-noel\"]}]},{\"@type\":\"ImageObject\",\"inLanguage\":\"fr-FR\",\"@id\":\"https:\\\/\\\/www.muehlebirgel.de\\\/fr\\\/buffet-de-noel#primaryimage\",\"url\":\"https:\\\/\\\/www.muehlebirgel.de\\\/wp-content\\\/uploads\\\/2023\\\/10\\\/christmas-table-setting-with-christmas-decoration-on-dark-wooden-table-flat-lay-1024x573.jpg\",\"contentUrl\":\"https:\\\/\\\/www.muehlebirgel.de\\\/wp-content\\\/uploads\\\/2023\\\/10\\\/christmas-table-setting-with-christmas-decoration-on-dark-wooden-table-flat-lay-1024x573.jpg\"},{\"@type\":\"BreadcrumbList\",\"@id\":\"https:\\\/\\\/www.muehlebirgel.de\\\/fr\\\/buffet-de-noel#breadcrumb\",\"itemListElement\":[{\"@type\":\"ListItem\",\"position\":1,\"name\":\"Startseite\",\"item\":\"https:\\\/\\\/www.muehlebirgel.de\\\/fr\"},{\"@type\":\"ListItem\",\"position\":2,\"name\":\"Dates et \u00e9v\u00e9nements dans le moulin \u00e0 eau historique\",\"item\":\"https:\\\/\\\/www.muehlebirgel.de\\\/fr\\\/dates-et-evenements-dans-le-moulin-a-eau-historique\"},{\"@type\":\"ListItem\",\"position\":3,\"name\":\"Buffet de No\u00ebl\"}]},{\"@type\":\"WebSite\",\"@id\":\"https:\\\/\\\/www.muehlebirgel.de\\\/fr\\\/#website\",\"url\":\"https:\\\/\\\/www.muehlebirgel.de\\\/fr\\\/\",\"name\":\"Historische Wasserm\u00fchle Birgel\",\"description\":\"Willkommen im M\u00fchlen-Erlebniszentrum\",\"publisher\":{\"@id\":\"https:\\\/\\\/www.muehlebirgel.de\\\/fr\\\/#organization\"},\"potentialAction\":[{\"@type\":\"SearchAction\",\"target\":{\"@type\":\"EntryPoint\",\"urlTemplate\":\"https:\\\/\\\/www.muehlebirgel.de\\\/fr\\\/?s={search_term_string}\"},\"query-input\":{\"@type\":\"PropertyValueSpecification\",\"valueRequired\":true,\"valueName\":\"search_term_string\"}}],\"inLanguage\":\"fr-FR\"},{\"@type\":\"Organization\",\"@id\":\"https:\\\/\\\/www.muehlebirgel.de\\\/fr\\\/#organization\",\"name\":\"Historische Wasserm\u00fchle Birgel\",\"url\":\"https:\\\/\\\/www.muehlebirgel.de\\\/fr\\\/\",\"logo\":{\"@type\":\"ImageObject\",\"inLanguage\":\"fr-FR\",\"@id\":\"https:\\\/\\\/www.muehlebirgel.de\\\/fr\\\/#\\\/schema\\\/logo\\\/image\\\/\",\"url\":\"https:\\\/\\\/www.muehlebirgel.de\\\/wp-content\\\/uploads\\\/logo-muehle-schwarz.webp\",\"contentUrl\":\"https:\\\/\\\/www.muehlebirgel.de\\\/wp-content\\\/uploads\\\/logo-muehle-schwarz.webp\",\"width\":2140,\"height\":1803,\"caption\":\"Historische Wasserm\u00fchle Birgel\"},\"image\":{\"@id\":\"https:\\\/\\\/www.muehlebirgel.de\\\/fr\\\/#\\\/schema\\\/logo\\\/image\\\/\"}}]}<\/script>\n<!-- \/ Yoast SEO plugin. -->","yoast_head_json":{"title":"Buffet de No\u00ebl dans le moulin \u00e0 eau historique de Birgel","description":"La p\u00e9riode la plus festive de l'ann\u00e9e est \u00e0 nos portes et nous vous invitons \u00e0 la c\u00e9l\u00e9brer avec nous.","robots":{"index":"noindex","follow":"follow","max-snippet":"max-snippet:-1","max-image-preview":"max-image-preview:large","max-video-preview":"max-video-preview:-1"},"og_locale":"fr_FR","og_type":"article","og_title":"Buffet de No\u00ebl dans le moulin \u00e0 eau historique de Birgel","og_description":"La p\u00e9riode la plus festive de l'ann\u00e9e est \u00e0 nos portes et nous vous invitons \u00e0 la c\u00e9l\u00e9brer avec nous.","og_url":"https:\/\/www.muehlebirgel.de\/fr\/buffet-de-noel\/","og_site_name":"Historische Wasserm\u00fchle Birgel","article_modified_time":"2025-11-13T10:41:32+00:00","og_image":[{"width":2560,"height":1433,"url":"https:\/\/www.muehlebirgel.de\/wp-content\/uploads\/2023\/10\/christmas-table-setting-with-christmas-decoration-on-dark-wooden-table-flat-lay-scaled.jpg","type":"image\/jpeg"}],"twitter_card":"summary_large_image","twitter_misc":{"Dur\u00e9e de lecture estim\u00e9e":"1 minute"},"schema":{"@context":"https:\/\/schema.org","@graph":[{"@type":"WebPage","@id":"https:\/\/www.muehlebirgel.de\/fr\/buffet-de-noel","url":"https:\/\/www.muehlebirgel.de\/fr\/buffet-de-noel","name":"Buffet de No\u00ebl dans le moulin \u00e0 eau historique de Birgel","isPartOf":{"@id":"https:\/\/www.muehlebirgel.de\/fr\/#website"},"primaryImageOfPage":{"@id":"https:\/\/www.muehlebirgel.de\/fr\/buffet-de-noel#primaryimage"},"image":{"@id":"https:\/\/www.muehlebirgel.de\/fr\/buffet-de-noel#primaryimage"},"thumbnailUrl":"https:\/\/www.muehlebirgel.de\/wp-content\/uploads\/2023\/10\/christmas-table-setting-with-christmas-decoration-on-dark-wooden-table-flat-lay-1024x573.jpg","datePublished":"2023-10-23T14:04:13+00:00","dateModified":"2025-11-13T10:41:32+00:00","description":"La p\u00e9riode la plus festive de l'ann\u00e9e est \u00e0 nos portes et nous vous invitons \u00e0 la c\u00e9l\u00e9brer avec nous.","breadcrumb":{"@id":"https:\/\/www.muehlebirgel.de\/fr\/buffet-de-noel#breadcrumb"},"inLanguage":"fr-FR","potentialAction":[{"@type":"ReadAction","target":["https:\/\/www.muehlebirgel.de\/fr\/buffet-de-noel"]}]},{"@type":"ImageObject","inLanguage":"fr-FR","@id":"https:\/\/www.muehlebirgel.de\/fr\/buffet-de-noel#primaryimage","url":"https:\/\/www.muehlebirgel.de\/wp-content\/uploads\/2023\/10\/christmas-table-setting-with-christmas-decoration-on-dark-wooden-table-flat-lay-1024x573.jpg","contentUrl":"https:\/\/www.muehlebirgel.de\/wp-content\/uploads\/2023\/10\/christmas-table-setting-with-christmas-decoration-on-dark-wooden-table-flat-lay-1024x573.jpg"},{"@type":"BreadcrumbList","@id":"https:\/\/www.muehlebirgel.de\/fr\/buffet-de-noel#breadcrumb","itemListElement":[{"@type":"ListItem","position":1,"name":"Startseite","item":"https:\/\/www.muehlebirgel.de\/fr"},{"@type":"ListItem","position":2,"name":"Dates et \u00e9v\u00e9nements dans le moulin \u00e0 eau historique","item":"https:\/\/www.muehlebirgel.de\/fr\/dates-et-evenements-dans-le-moulin-a-eau-historique"},{"@type":"ListItem","position":3,"name":"Buffet de No\u00ebl"}]},{"@type":"WebSite","@id":"https:\/\/www.muehlebirgel.de\/fr\/#website","url":"https:\/\/www.muehlebirgel.de\/fr\/","name":"Historische Wasserm\u00fchle Birgel","description":"Willkommen im M\u00fchlen-Erlebniszentrum","publisher":{"@id":"https:\/\/www.muehlebirgel.de\/fr\/#organization"},"potentialAction":[{"@type":"SearchAction","target":{"@type":"EntryPoint","urlTemplate":"https:\/\/www.muehlebirgel.de\/fr\/?s={search_term_string}"},"query-input":{"@type":"PropertyValueSpecification","valueRequired":true,"valueName":"search_term_string"}}],"inLanguage":"fr-FR"},{"@type":"Organization","@id":"https:\/\/www.muehlebirgel.de\/fr\/#organization","name":"Historische Wasserm\u00fchle Birgel","url":"https:\/\/www.muehlebirgel.de\/fr\/","logo":{"@type":"ImageObject","inLanguage":"fr-FR","@id":"https:\/\/www.muehlebirgel.de\/fr\/#\/schema\/logo\/image\/","url":"https:\/\/www.muehlebirgel.de\/wp-content\/uploads\/logo-muehle-schwarz.webp","contentUrl":"https:\/\/www.muehlebirgel.de\/wp-content\/uploads\/logo-muehle-schwarz.webp","width":2140,"height":1803,"caption":"Historische Wasserm\u00fchle Birgel"},"image":{"@id":"https:\/\/www.muehlebirgel.de\/fr\/#\/schema\/logo\/image\/"}}]}},"_links":{"self":[{"href":"https:\/\/www.muehlebirgel.de\/fr\/wp-json\/wp\/v2\/pages\/31645","targetHints":{"allow":["GET"]}}],"collection":[{"href":"https:\/\/www.muehlebirgel.de\/fr\/wp-json\/wp\/v2\/pages"}],"about":[{"href":"https:\/\/www.muehlebirgel.de\/fr\/wp-json\/wp\/v2\/types\/page"}],"author":[{"embeddable":true,"href":"https:\/\/www.muehlebirgel.de\/fr\/wp-json\/wp\/v2\/users\/5"}],"replies":[{"embeddable":true,"href":"https:\/\/www.muehlebirgel.de\/fr\/wp-json\/wp\/v2\/comments?post=31645"}],"version-history":[{"count":7,"href":"https:\/\/www.muehlebirgel.de\/fr\/wp-json\/wp\/v2\/pages\/31645\/revisions"}],"predecessor-version":[{"id":61960,"href":"https:\/\/www.muehlebirgel.de\/fr\/wp-json\/wp\/v2\/pages\/31645\/revisions\/61960"}],"up":[{"embeddable":true,"href":"https:\/\/www.muehlebirgel.de\/fr\/wp-json\/wp\/v2\/pages\/9705"}],"wp:attachment":[{"href":"https:\/\/www.muehlebirgel.de\/fr\/wp-json\/wp\/v2\/media?parent=31645"}],"wp:term":[{"taxonomy":"category","embeddable":true,"href":"https:\/\/www.muehlebirgel.de\/fr\/wp-json\/wp\/v2\/categories?post=31645"}],"curies":[{"name":"wp","href":"https:\/\/api.w.org\/{rel}","templated":true}]}}