{"id":43955,"date":"2024-09-17T12:38:15","date_gmt":"2024-09-17T11:38:15","guid":{"rendered":"https:\/\/www.muehlebirgel.de\/rendez-vous-et-evenements-dans-le-moulin-a-eau-historique\/evenements-de-brasserie"},"modified":"2025-10-07T11:38:50","modified_gmt":"2025-10-07T09:38:50","slug":"evenements-de-brasserie","status":"publish","type":"page","link":"https:\/\/www.muehlebirgel.de\/fr\/evenements-de-brasserie","title":{"rendered":"\u00c9v\u00e9nements de brasserie"},"content":{"rendered":"\n<h2 class=\"wp-block-heading\">Dates &amp; \u00e9v\u00e9nements \u00e0 la brasserie du moulin d&rsquo;Erwin<\/h2>\n<div class=\"wp-block-image\">\n<figure class=\"alignleft size-full is-resized\"><img loading=\"lazy\" decoding=\"async\" width=\"960\" height=\"720\" src=\"https:\/\/www.muehlebirgel.de\/wp-content\/uploads\/brauerei2.jpg\" alt=\"\" class=\"wp-image-43904\" style=\"width:300px\" srcset=\"https:\/\/www.muehlebirgel.de\/wp-content\/uploads\/brauerei2.jpg 960w, https:\/\/www.muehlebirgel.de\/wp-content\/uploads\/brauerei2-768x576.jpg 768w, https:\/\/www.muehlebirgel.de\/wp-content\/uploads\/brauerei2-463x348.jpg 463w, https:\/\/www.muehlebirgel.de\/wp-content\/uploads\/brauerei2-640x480.jpg 640w, https:\/\/www.muehlebirgel.de\/wp-content\/uploads\/brauerei2-400x300.jpg 400w\" sizes=\"auto, (max-width: 960px) 100vw, 960px\" \/><\/figure>\n<\/div>\n<p>Plongez dans le monde fascinant du brassage de la bi\u00e8re et d\u00e9couvrez avec tous vos sens ce qui rend notre brasserie si particuli\u00e8re. Lors de nos \u00e9v\u00e9nements de brasserie, nous ouvrons les portes d&rsquo;un monde plein de saveurs, de traditions et de passion pour l&rsquo;art de la brasserie &#8211;<strong> selon la devise : brasser de la bi\u00e8re comme le faisaient les moines il y a 150 ans.<\/strong> <\/p>\n\n<p>D\u00e9couvrez avec le chef meunier Erwin von der M\u00fchle comment nous cr\u00e9ons des bi\u00e8res uniques dans notre brasserie historique du moulin, selon une tradition ancestrale et avec une perfection artisanale. Nous vous invitons \u00e0 d\u00e9couvrir nos offres vari\u00e9es, des visites guid\u00e9es passionnantes de la brasserie aux d\u00e9gustations de bi\u00e8res savoureuses, en passant par des exp\u00e9riences culinaires dans notre restaurant Brauhaus. <\/p>\n\n<p><\/p>\n\n<p><\/p>\n\n<hr class=\"wp-block-separator has-alpha-channel-opacity\"\/>\n<div class=\"wp-block-image\">\n<figure class=\"alignleft size-large is-resized\"><img loading=\"lazy\" decoding=\"async\" width=\"1024\" height=\"768\" src=\"https:\/\/www.muehlebirgel.de\/wp-content\/uploads\/bierbraukurs-2-2048x1536-1-1024x768.webp\" alt=\"\" class=\"wp-image-43937\" style=\"width:300px\"\/><\/figure>\n<\/div>\n<h2 class=\"wp-block-heading\">Journ\u00e9e d\u00e9couverte \u00e0 la brasserie du moulin<\/h2>\n\n<h3 class=\"wp-block-heading\">Avec visite guid\u00e9e de la brasserie et d\u00e9gustation de bi\u00e8re<\/h3>\n\n<p>Vivez une journ\u00e9e inoubliable dans notre brasserie historique du moulin ! Plongez dans l&rsquo;univers du brassage de la bi\u00e8re lors d&rsquo;une visite guid\u00e9e passionnante de la brasserie et savourez une d\u00e9gustation de nos d\u00e9licieuses bi\u00e8res de moulin. D\u00e9couvrez \u00e9galement notre moulin \u00e0 moutarde et notre distillerie d&rsquo;eau-de-vie, et laissez-vous g\u00e2ter par la gastronomie.  <\/p>\n\n<p>Vous \u00eates curieux ?  <a href=\"https:\/\/www.erwinsmuehlenbrauerei.de\/erlebniswelt\/erlebnistag\/\" target=\"_blank\" rel=\"noreferrer noopener\">Pour en savoir plus sur notre programme d&rsquo;exp\u00e9rience et les possibilit\u00e9s de r\u00e9servation, cliquez ici !<\/a><\/p>\n\n<p><\/p>\n\n<p><\/p>\n\n<hr class=\"wp-block-separator has-alpha-channel-opacity\"\/>\n<div class=\"wp-block-image\">\n<figure class=\"alignleft size-large is-resized\"><img loading=\"lazy\" decoding=\"async\" width=\"1024\" height=\"768\" src=\"https:\/\/www.muehlebirgel.de\/wp-content\/uploads\/bierbraukurs-1-2048x1536-1-1024x768.webp\" alt=\"\" class=\"wp-image-43926\" style=\"width:300px\" srcset=\"https:\/\/www.muehlebirgel.de\/wp-content\/uploads\/bierbraukurs-1-2048x1536-1-1024x768.webp 1024w, https:\/\/www.muehlebirgel.de\/wp-content\/uploads\/bierbraukurs-1-2048x1536-1-768x576.webp 768w, https:\/\/www.muehlebirgel.de\/wp-content\/uploads\/bierbraukurs-1-2048x1536-1-463x348.webp 463w, https:\/\/www.muehlebirgel.de\/wp-content\/uploads\/bierbraukurs-1-2048x1536-1-640x480.webp 640w, https:\/\/www.muehlebirgel.de\/wp-content\/uploads\/bierbraukurs-1-2048x1536-1-400x300.webp 400w\" sizes=\"auto, (max-width: 1024px) 100vw, 1024px\" \/><\/figure>\n<\/div>\n<h2 class=\"wp-block-heading\">Le spectacle de la bi\u00e8re \u00e0 la brasserie du moulin<\/h2>\n\n<h3 class=\"wp-block-heading\">Le spectacle unique du go\u00fbt, du plaisir et de la boisson<\/h3>\n\n<p>Vivez le spectacle unique de la bi\u00e8re dans notre moulin-brasserie historique ! Plongez dans une exp\u00e9rience inoubliable avec une visite guid\u00e9e passionnante de la brasserie, une d\u00e9licieuse d\u00e9gustation de bi\u00e8re et un copieux barbecue au \u00ab\u00a0bacon\u00a0\u00bb. Profitez de la trilogie du spectacle, du go\u00fbt, du plaisir et de la boisson dans la r\u00e9gion idyllique de l&rsquo;Eifel volcanique.  <\/p>\n\n<p>Vous \u00eates curieux ? <a href=\"https:\/\/www.erwinsmuehlenbrauerei.de\/erlebniswelt\/bierspektakel\/\">Cliquez ici pour en savoir plus sur notre <\/a><a href=\"https:\/\/www.erwinsmuehlenbrauerei.de\/erlebniswelt\/bierspektakel\/\" target=\"_blank\" rel=\"noreferrer noopener\">programme d&rsquo;exp\u00e9rience<\/a><a href=\"https:\/\/www.erwinsmuehlenbrauerei.de\/erlebniswelt\/bierspektakel\/\"> et les possibilit\u00e9s de r\u00e9servation !<\/a><\/p>\n\n<p><\/p>\n\n<p><\/p>\n\n<p><\/p>\n","protected":false},"excerpt":{"rendered":"<p>Dates &amp; \u00e9v\u00e9nements \u00e0 la brasserie du moulin d&rsquo;Erwin Plongez dans le monde fascinant du brassage de la bi\u00e8re et d\u00e9couvrez avec tous vos sens ce qui rend notre brasserie si particuli\u00e8re. Lors de nos \u00e9v\u00e9nements de brasserie, nous ouvrons les portes d&rsquo;un monde plein de saveurs, de traditions et de passion pour l&rsquo;art de [&hellip;]<\/p>\n","protected":false},"author":5,"featured_media":0,"parent":9705,"menu_order":0,"comment_status":"closed","ping_status":"closed","template":"","meta":{"footnotes":""},"class_list":["post-43955","page","type-page","status-publish","hentry"],"yoast_head":"<!-- This site is optimized with the Yoast SEO plugin v27.2 - https:\/\/yoast.com\/product\/yoast-seo-wordpress\/ -->\n<title>\u00c9v\u00e9nements de brasserie - Historische Wasserm\u00fchle Birgel<\/title>\n<meta name=\"robots\" content=\"index, follow, max-snippet:-1, max-image-preview:large, max-video-preview:-1\" \/>\n<link rel=\"canonical\" href=\"https:\/\/www.muehlebirgel.de\/fr\/evenements-de-brasserie\" \/>\n<meta property=\"og:locale\" content=\"fr_FR\" \/>\n<meta property=\"og:type\" content=\"article\" \/>\n<meta property=\"og:title\" content=\"\u00c9v\u00e9nements de brasserie - Historische Wasserm\u00fchle Birgel\" \/>\n<meta property=\"og:description\" content=\"Dates &amp; \u00e9v\u00e9nements \u00e0 la brasserie du moulin d&rsquo;Erwin Plongez dans le monde fascinant du brassage de la bi\u00e8re et d\u00e9couvrez avec tous vos sens ce qui rend notre brasserie si particuli\u00e8re. Lors de nos \u00e9v\u00e9nements de brasserie, nous ouvrons les portes d&rsquo;un monde plein de saveurs, de traditions et de passion pour l&rsquo;art de [&hellip;]\" \/>\n<meta property=\"og:url\" content=\"https:\/\/www.muehlebirgel.de\/fr\/evenements-de-brasserie\/\" \/>\n<meta property=\"og:site_name\" content=\"Historische Wasserm\u00fchle Birgel\" \/>\n<meta property=\"article:modified_time\" content=\"2025-10-07T09:38:50+00:00\" \/>\n<meta property=\"og:image\" content=\"https:\/\/www.muehlebirgel.de\/wp-content\/uploads\/brauerei2.jpg\" \/>\n\t<meta property=\"og:image:width\" content=\"960\" \/>\n\t<meta property=\"og:image:height\" content=\"720\" \/>\n\t<meta property=\"og:image:type\" content=\"image\/jpeg\" \/>\n<meta name=\"twitter:card\" content=\"summary_large_image\" \/>\n<meta name=\"twitter:label1\" content=\"Dur\u00e9e de lecture estim\u00e9e\" \/>\n\t<meta name=\"twitter:data1\" content=\"2 minutes\" \/>\n<script type=\"application\/ld+json\" class=\"yoast-schema-graph\">{\"@context\":\"https:\/\/schema.org\",\"@graph\":[{\"@type\":\"WebPage\",\"@id\":\"https:\/\/www.muehlebirgel.de\/fr\/evenements-de-brasserie\",\"url\":\"https:\/\/www.muehlebirgel.de\/fr\/evenements-de-brasserie\",\"name\":\"\u00c9v\u00e9nements de brasserie - Historische Wasserm\u00fchle Birgel\",\"isPartOf\":{\"@id\":\"https:\/\/www.muehlebirgel.de\/fr\/#website\"},\"primaryImageOfPage\":{\"@id\":\"https:\/\/www.muehlebirgel.de\/fr\/evenements-de-brasserie#primaryimage\"},\"image\":{\"@id\":\"https:\/\/www.muehlebirgel.de\/fr\/evenements-de-brasserie#primaryimage\"},\"thumbnailUrl\":\"https:\/\/www.muehlebirgel.de\/wp-content\/uploads\/brauerei2.jpg\",\"datePublished\":\"2024-09-17T11:38:15+00:00\",\"dateModified\":\"2025-10-07T09:38:50+00:00\",\"breadcrumb\":{\"@id\":\"https:\/\/www.muehlebirgel.de\/fr\/evenements-de-brasserie#breadcrumb\"},\"inLanguage\":\"fr-FR\",\"potentialAction\":[{\"@type\":\"ReadAction\",\"target\":[\"https:\/\/www.muehlebirgel.de\/fr\/evenements-de-brasserie\"]}]},{\"@type\":\"ImageObject\",\"inLanguage\":\"fr-FR\",\"@id\":\"https:\/\/www.muehlebirgel.de\/fr\/evenements-de-brasserie#primaryimage\",\"url\":\"https:\/\/www.muehlebirgel.de\/wp-content\/uploads\/brauerei2.jpg\",\"contentUrl\":\"https:\/\/www.muehlebirgel.de\/wp-content\/uploads\/brauerei2.jpg\"},{\"@type\":\"BreadcrumbList\",\"@id\":\"https:\/\/www.muehlebirgel.de\/fr\/evenements-de-brasserie#breadcrumb\",\"itemListElement\":[{\"@type\":\"ListItem\",\"position\":1,\"name\":\"Startseite\",\"item\":\"https:\/\/www.muehlebirgel.de\/fr\"},{\"@type\":\"ListItem\",\"position\":2,\"name\":\"Dates et \u00e9v\u00e9nements dans le moulin \u00e0 eau historique\",\"item\":\"https:\/\/www.muehlebirgel.de\/fr\/dates-et-evenements-dans-le-moulin-a-eau-historique\"},{\"@type\":\"ListItem\",\"position\":3,\"name\":\"\u00c9v\u00e9nements de brasserie\"}]},{\"@type\":\"WebSite\",\"@id\":\"https:\/\/www.muehlebirgel.de\/fr\/#website\",\"url\":\"https:\/\/www.muehlebirgel.de\/fr\/\",\"name\":\"Historische Wasserm\u00fchle Birgel\",\"description\":\"Willkommen im M\u00fchlen-Erlebniszentrum\",\"potentialAction\":[{\"@type\":\"SearchAction\",\"target\":{\"@type\":\"EntryPoint\",\"urlTemplate\":\"https:\/\/www.muehlebirgel.de\/fr\/?s={search_term_string}\"},\"query-input\":{\"@type\":\"PropertyValueSpecification\",\"valueRequired\":true,\"valueName\":\"search_term_string\"}}],\"inLanguage\":\"fr-FR\"}]}<\/script>\n<!-- \/ Yoast SEO plugin. -->","yoast_head_json":{"title":"\u00c9v\u00e9nements de brasserie - Historische Wasserm\u00fchle Birgel","robots":{"index":"index","follow":"follow","max-snippet":"max-snippet:-1","max-image-preview":"max-image-preview:large","max-video-preview":"max-video-preview:-1"},"canonical":"https:\/\/www.muehlebirgel.de\/fr\/evenements-de-brasserie","og_locale":"fr_FR","og_type":"article","og_title":"\u00c9v\u00e9nements de brasserie - Historische Wasserm\u00fchle Birgel","og_description":"Dates &amp; \u00e9v\u00e9nements \u00e0 la brasserie du moulin d&rsquo;Erwin Plongez dans le monde fascinant du brassage de la bi\u00e8re et d\u00e9couvrez avec tous vos sens ce qui rend notre brasserie si particuli\u00e8re. Lors de nos \u00e9v\u00e9nements de brasserie, nous ouvrons les portes d&rsquo;un monde plein de saveurs, de traditions et de passion pour l&rsquo;art de [&hellip;]","og_url":"https:\/\/www.muehlebirgel.de\/fr\/evenements-de-brasserie\/","og_site_name":"Historische Wasserm\u00fchle Birgel","article_modified_time":"2025-10-07T09:38:50+00:00","og_image":[{"width":960,"height":720,"url":"https:\/\/www.muehlebirgel.de\/wp-content\/uploads\/brauerei2.jpg","type":"image\/jpeg"}],"twitter_card":"summary_large_image","twitter_misc":{"Dur\u00e9e de lecture estim\u00e9e":"2 minutes"},"schema":{"@context":"https:\/\/schema.org","@graph":[{"@type":"WebPage","@id":"https:\/\/www.muehlebirgel.de\/fr\/evenements-de-brasserie","url":"https:\/\/www.muehlebirgel.de\/fr\/evenements-de-brasserie","name":"\u00c9v\u00e9nements de brasserie - Historische Wasserm\u00fchle Birgel","isPartOf":{"@id":"https:\/\/www.muehlebirgel.de\/fr\/#website"},"primaryImageOfPage":{"@id":"https:\/\/www.muehlebirgel.de\/fr\/evenements-de-brasserie#primaryimage"},"image":{"@id":"https:\/\/www.muehlebirgel.de\/fr\/evenements-de-brasserie#primaryimage"},"thumbnailUrl":"https:\/\/www.muehlebirgel.de\/wp-content\/uploads\/brauerei2.jpg","datePublished":"2024-09-17T11:38:15+00:00","dateModified":"2025-10-07T09:38:50+00:00","breadcrumb":{"@id":"https:\/\/www.muehlebirgel.de\/fr\/evenements-de-brasserie#breadcrumb"},"inLanguage":"fr-FR","potentialAction":[{"@type":"ReadAction","target":["https:\/\/www.muehlebirgel.de\/fr\/evenements-de-brasserie"]}]},{"@type":"ImageObject","inLanguage":"fr-FR","@id":"https:\/\/www.muehlebirgel.de\/fr\/evenements-de-brasserie#primaryimage","url":"https:\/\/www.muehlebirgel.de\/wp-content\/uploads\/brauerei2.jpg","contentUrl":"https:\/\/www.muehlebirgel.de\/wp-content\/uploads\/brauerei2.jpg"},{"@type":"BreadcrumbList","@id":"https:\/\/www.muehlebirgel.de\/fr\/evenements-de-brasserie#breadcrumb","itemListElement":[{"@type":"ListItem","position":1,"name":"Startseite","item":"https:\/\/www.muehlebirgel.de\/fr"},{"@type":"ListItem","position":2,"name":"Dates et \u00e9v\u00e9nements dans le moulin \u00e0 eau historique","item":"https:\/\/www.muehlebirgel.de\/fr\/dates-et-evenements-dans-le-moulin-a-eau-historique"},{"@type":"ListItem","position":3,"name":"\u00c9v\u00e9nements de brasserie"}]},{"@type":"WebSite","@id":"https:\/\/www.muehlebirgel.de\/fr\/#website","url":"https:\/\/www.muehlebirgel.de\/fr\/","name":"Historische Wasserm\u00fchle Birgel","description":"Willkommen im M\u00fchlen-Erlebniszentrum","potentialAction":[{"@type":"SearchAction","target":{"@type":"EntryPoint","urlTemplate":"https:\/\/www.muehlebirgel.de\/fr\/?s={search_term_string}"},"query-input":{"@type":"PropertyValueSpecification","valueRequired":true,"valueName":"search_term_string"}}],"inLanguage":"fr-FR"}]}},"_links":{"self":[{"href":"https:\/\/www.muehlebirgel.de\/fr\/wp-json\/wp\/v2\/pages\/43955","targetHints":{"allow":["GET"]}}],"collection":[{"href":"https:\/\/www.muehlebirgel.de\/fr\/wp-json\/wp\/v2\/pages"}],"about":[{"href":"https:\/\/www.muehlebirgel.de\/fr\/wp-json\/wp\/v2\/types\/page"}],"author":[{"embeddable":true,"href":"https:\/\/www.muehlebirgel.de\/fr\/wp-json\/wp\/v2\/users\/5"}],"replies":[{"embeddable":true,"href":"https:\/\/www.muehlebirgel.de\/fr\/wp-json\/wp\/v2\/comments?post=43955"}],"version-history":[{"count":5,"href":"https:\/\/www.muehlebirgel.de\/fr\/wp-json\/wp\/v2\/pages\/43955\/revisions"}],"predecessor-version":[{"id":60549,"href":"https:\/\/www.muehlebirgel.de\/fr\/wp-json\/wp\/v2\/pages\/43955\/revisions\/60549"}],"up":[{"embeddable":true,"href":"https:\/\/www.muehlebirgel.de\/fr\/wp-json\/wp\/v2\/pages\/9705"}],"wp:attachment":[{"href":"https:\/\/www.muehlebirgel.de\/fr\/wp-json\/wp\/v2\/media?parent=43955"}],"curies":[{"name":"wp","href":"https:\/\/api.w.org\/{rel}","templated":true}]}}