{"id":51739,"date":"2025-02-17T11:31:57","date_gmt":"2025-02-17T10:31:57","guid":{"rendered":"https:\/\/www.muehlebirgel.de\/moulin\/dampfmaschine"},"modified":"2025-02-19T11:43:39","modified_gmt":"2025-02-19T10:43:39","slug":"dampfmaschine","status":"publish","type":"page","link":"https:\/\/www.muehlebirgel.de\/fr\/dampfmaschine","title":{"rendered":"La machine \u00e0 vapeur du moulin \u00e0 eau historique de Birgel"},"content":{"rendered":"<div class=\"wp-block-image\">\n<figure class=\"alignleft size-full\"><img loading=\"lazy\" decoding=\"async\" width=\"300\" height=\"200\" src=\"https:\/\/www.muehlebirgel.de\/wp-content\/uploads\/dampfmaschine-seitlich.webp\" alt=\"\" class=\"wp-image-51693\"\/><\/figure>\n<\/div>\n<h2 class=\"wp-block-heading\">Notre machine \u00e0 vapeur &#8211; un t\u00e9moignage historique contemporain<\/h2>\n\n<p>La machine \u00e0 vapeur du Moulin \u00e0 eau historique de Birgel date de 1917 et \u00e9tait \u00e0 l&rsquo;origine utilis\u00e9e dans une brasserie. Apr\u00e8s un d\u00e9montage et une reconstruction co\u00fbteux, elle a \u00e9t\u00e9 restaur\u00e9e avec beaucoup d&rsquo;engagement et est aujourd&rsquo;hui \u00e0 nouveau en parfait \u00e9tat de fonctionnement. Avec une puissance de 80 kW, elle fait tourner le moulin \u00e0 huile et d\u00e9montre de mani\u00e8re impressionnante la puissance et la technique d&rsquo;autrefois. Les visiteurs pourront se rendre compte par eux-m\u00eames de ses performances impressionnantes lors d&rsquo;une d\u00e9monstration organis\u00e9e dans le cadre des <a href=\"https:\/\/www.muehlebirgel.de\/fr\/musee-technique\">journ\u00e9es techniques<\/a>.   <\/p>\n\n<p><\/p>\n\n<hr class=\"wp-block-separator has-alpha-channel-opacity\"\/>\n<div class=\"wp-block-image\">\n<figure class=\"alignleft size-full\"><img loading=\"lazy\" decoding=\"async\" width=\"300\" height=\"200\" src=\"https:\/\/www.muehlebirgel.de\/wp-content\/uploads\/dampfmaschine-front.webp\" alt=\"\" class=\"wp-image-51989\"\/><\/figure>\n<\/div>\n<h2 class=\"wp-block-heading\">La fascination de la machine \u00e0 vapeur<\/h2>\n\n<p>Les machines \u00e0 vapeur ont jou\u00e9 un r\u00f4le important dans la r\u00e9volution industrielle et ont \u00e9t\u00e9 utilis\u00e9es dans les usines, les moulins et les brasseries pour alimenter les machines. Gr\u00e2ce \u00e0 leur puissance, elles ont permis de franchir une nouvelle \u00e9tape dans la m\u00e9canisation. Aujourd&rsquo;hui encore, elles continuent d&rsquo;enthousiasmer les fans de technologie et les passionn\u00e9s d&rsquo;histoire, car leur m\u00e9canique sophistiqu\u00e9e et la puissance impressionnante de la vapeur constituent un pan passionnant de l&rsquo;histoire de la technique.   <\/p>\n\n<p><\/p>\n\n<p><\/p>\n\n<hr class=\"wp-block-separator has-alpha-channel-opacity\"\/>\n\n<h2 class=\"wp-block-heading\">La machine \u00e0 vapeur en vid\u00e9o<\/h2>\n\n<figure class=\"wp-block-video\"><video controls=\"\" poster=\"https:\/\/www.muehlebirgel.de\/wp-content\/uploads\/dampfmaschinen-thumbnail.webp\" src=\"https:\/\/www.muehlebirgel.de\/wp-content\/uploads\/dampfmaschine-full-hd.mp4\"><\/video><\/figure>\n\n<p><\/p>\n","protected":false},"excerpt":{"rendered":"<p>Notre machine \u00e0 vapeur &#8211; un t\u00e9moignage historique contemporain La machine \u00e0 vapeur du Moulin \u00e0 eau historique de Birgel date de 1917 et \u00e9tait \u00e0 l&rsquo;origine utilis\u00e9e dans une brasserie. Apr\u00e8s un d\u00e9montage et une reconstruction co\u00fbteux, elle a \u00e9t\u00e9 restaur\u00e9e avec beaucoup d&rsquo;engagement et est aujourd&rsquo;hui \u00e0 nouveau en parfait \u00e9tat de fonctionnement. [&hellip;]<\/p>\n","protected":false},"author":5,"featured_media":0,"parent":9667,"menu_order":1,"comment_status":"closed","ping_status":"closed","template":"","meta":{"footnotes":""},"class_list":["post-51739","page","type-page","status-publish","hentry"],"yoast_head":"<!-- This site is optimized with the Yoast SEO plugin v27.2 - https:\/\/yoast.com\/product\/yoast-seo-wordpress\/ -->\n<title>La machine \u00e0 vapeur du moulin \u00e0 eau historique de Birgel - Historische Wasserm\u00fchle Birgel<\/title>\n<meta name=\"robots\" content=\"index, follow, max-snippet:-1, max-image-preview:large, max-video-preview:-1\" \/>\n<link rel=\"canonical\" href=\"https:\/\/www.muehlebirgel.de\/fr\/dampfmaschine\" \/>\n<meta property=\"og:locale\" content=\"fr_FR\" \/>\n<meta property=\"og:type\" content=\"article\" \/>\n<meta property=\"og:title\" content=\"La machine \u00e0 vapeur du moulin \u00e0 eau historique de Birgel - Historische Wasserm\u00fchle Birgel\" \/>\n<meta property=\"og:description\" content=\"Notre machine \u00e0 vapeur &#8211; un t\u00e9moignage historique contemporain La machine \u00e0 vapeur du Moulin \u00e0 eau historique de Birgel date de 1917 et \u00e9tait \u00e0 l&rsquo;origine utilis\u00e9e dans une brasserie. Apr\u00e8s un d\u00e9montage et une reconstruction co\u00fbteux, elle a \u00e9t\u00e9 restaur\u00e9e avec beaucoup d&rsquo;engagement et est aujourd&rsquo;hui \u00e0 nouveau en parfait \u00e9tat de fonctionnement. [&hellip;]\" \/>\n<meta property=\"og:url\" content=\"https:\/\/www.muehlebirgel.de\/fr\/dampfmaschine\/\" \/>\n<meta property=\"og:site_name\" content=\"Historische Wasserm\u00fchle Birgel\" \/>\n<meta property=\"article:modified_time\" content=\"2025-02-19T10:43:39+00:00\" \/>\n<meta property=\"og:image\" content=\"https:\/\/www.muehlebirgel.de\/wp-content\/uploads\/dampfmaschine-seitlich.webp\" \/>\n\t<meta property=\"og:image:width\" content=\"300\" \/>\n\t<meta property=\"og:image:height\" content=\"200\" \/>\n\t<meta property=\"og:image:type\" content=\"image\/webp\" \/>\n<meta name=\"twitter:card\" content=\"summary_large_image\" \/>\n<meta name=\"twitter:label1\" content=\"Dur\u00e9e de lecture estim\u00e9e\" \/>\n\t<meta name=\"twitter:data1\" content=\"1 minute\" \/>\n<script type=\"application\/ld+json\" class=\"yoast-schema-graph\">{\"@context\":\"https:\/\/schema.org\",\"@graph\":[{\"@type\":\"WebPage\",\"@id\":\"https:\/\/www.muehlebirgel.de\/fr\/dampfmaschine\",\"url\":\"https:\/\/www.muehlebirgel.de\/fr\/dampfmaschine\",\"name\":\"La machine \u00e0 vapeur du moulin \u00e0 eau historique de Birgel - Historische Wasserm\u00fchle Birgel\",\"isPartOf\":{\"@id\":\"https:\/\/www.muehlebirgel.de\/fr\/#website\"},\"primaryImageOfPage\":{\"@id\":\"https:\/\/www.muehlebirgel.de\/fr\/dampfmaschine#primaryimage\"},\"image\":{\"@id\":\"https:\/\/www.muehlebirgel.de\/fr\/dampfmaschine#primaryimage\"},\"thumbnailUrl\":\"https:\/\/www.muehlebirgel.de\/wp-content\/uploads\/dampfmaschine-seitlich.webp\",\"datePublished\":\"2025-02-17T10:31:57+00:00\",\"dateModified\":\"2025-02-19T10:43:39+00:00\",\"breadcrumb\":{\"@id\":\"https:\/\/www.muehlebirgel.de\/fr\/dampfmaschine#breadcrumb\"},\"inLanguage\":\"fr-FR\",\"potentialAction\":[{\"@type\":\"ReadAction\",\"target\":[\"https:\/\/www.muehlebirgel.de\/fr\/dampfmaschine\"]}]},{\"@type\":\"ImageObject\",\"inLanguage\":\"fr-FR\",\"@id\":\"https:\/\/www.muehlebirgel.de\/fr\/dampfmaschine#primaryimage\",\"url\":\"https:\/\/www.muehlebirgel.de\/wp-content\/uploads\/dampfmaschine-seitlich.webp\",\"contentUrl\":\"https:\/\/www.muehlebirgel.de\/wp-content\/uploads\/dampfmaschine-seitlich.webp\"},{\"@type\":\"BreadcrumbList\",\"@id\":\"https:\/\/www.muehlebirgel.de\/fr\/dampfmaschine#breadcrumb\",\"itemListElement\":[{\"@type\":\"ListItem\",\"position\":1,\"name\":\"Startseite\",\"item\":\"https:\/\/www.muehlebirgel.de\/fr\"},{\"@type\":\"ListItem\",\"position\":2,\"name\":\"\u00c0 propos du moulin \u00e0 eau historique\",\"item\":\"https:\/\/www.muehlebirgel.de\/fr\/moulin\"},{\"@type\":\"ListItem\",\"position\":3,\"name\":\"La machine \u00e0 vapeur du moulin \u00e0 eau historique de Birgel\"}]},{\"@type\":\"WebSite\",\"@id\":\"https:\/\/www.muehlebirgel.de\/fr\/#website\",\"url\":\"https:\/\/www.muehlebirgel.de\/fr\/\",\"name\":\"Historische Wasserm\u00fchle Birgel\",\"description\":\"Willkommen im M\u00fchlen-Erlebniszentrum\",\"potentialAction\":[{\"@type\":\"SearchAction\",\"target\":{\"@type\":\"EntryPoint\",\"urlTemplate\":\"https:\/\/www.muehlebirgel.de\/fr\/?s={search_term_string}\"},\"query-input\":{\"@type\":\"PropertyValueSpecification\",\"valueRequired\":true,\"valueName\":\"search_term_string\"}}],\"inLanguage\":\"fr-FR\"}]}<\/script>\n<!-- \/ Yoast SEO plugin. -->","yoast_head_json":{"title":"La machine \u00e0 vapeur du moulin \u00e0 eau historique de Birgel - Historische Wasserm\u00fchle Birgel","robots":{"index":"index","follow":"follow","max-snippet":"max-snippet:-1","max-image-preview":"max-image-preview:large","max-video-preview":"max-video-preview:-1"},"canonical":"https:\/\/www.muehlebirgel.de\/fr\/dampfmaschine","og_locale":"fr_FR","og_type":"article","og_title":"La machine \u00e0 vapeur du moulin \u00e0 eau historique de Birgel - Historische Wasserm\u00fchle Birgel","og_description":"Notre machine \u00e0 vapeur &#8211; un t\u00e9moignage historique contemporain La machine \u00e0 vapeur du Moulin \u00e0 eau historique de Birgel date de 1917 et \u00e9tait \u00e0 l&rsquo;origine utilis\u00e9e dans une brasserie. Apr\u00e8s un d\u00e9montage et une reconstruction co\u00fbteux, elle a \u00e9t\u00e9 restaur\u00e9e avec beaucoup d&rsquo;engagement et est aujourd&rsquo;hui \u00e0 nouveau en parfait \u00e9tat de fonctionnement. [&hellip;]","og_url":"https:\/\/www.muehlebirgel.de\/fr\/dampfmaschine\/","og_site_name":"Historische Wasserm\u00fchle Birgel","article_modified_time":"2025-02-19T10:43:39+00:00","og_image":[{"width":300,"height":200,"url":"https:\/\/www.muehlebirgel.de\/wp-content\/uploads\/dampfmaschine-seitlich.webp","type":"image\/webp"}],"twitter_card":"summary_large_image","twitter_misc":{"Dur\u00e9e de lecture estim\u00e9e":"1 minute"},"schema":{"@context":"https:\/\/schema.org","@graph":[{"@type":"WebPage","@id":"https:\/\/www.muehlebirgel.de\/fr\/dampfmaschine","url":"https:\/\/www.muehlebirgel.de\/fr\/dampfmaschine","name":"La machine \u00e0 vapeur du moulin \u00e0 eau historique de Birgel - Historische Wasserm\u00fchle Birgel","isPartOf":{"@id":"https:\/\/www.muehlebirgel.de\/fr\/#website"},"primaryImageOfPage":{"@id":"https:\/\/www.muehlebirgel.de\/fr\/dampfmaschine#primaryimage"},"image":{"@id":"https:\/\/www.muehlebirgel.de\/fr\/dampfmaschine#primaryimage"},"thumbnailUrl":"https:\/\/www.muehlebirgel.de\/wp-content\/uploads\/dampfmaschine-seitlich.webp","datePublished":"2025-02-17T10:31:57+00:00","dateModified":"2025-02-19T10:43:39+00:00","breadcrumb":{"@id":"https:\/\/www.muehlebirgel.de\/fr\/dampfmaschine#breadcrumb"},"inLanguage":"fr-FR","potentialAction":[{"@type":"ReadAction","target":["https:\/\/www.muehlebirgel.de\/fr\/dampfmaschine"]}]},{"@type":"ImageObject","inLanguage":"fr-FR","@id":"https:\/\/www.muehlebirgel.de\/fr\/dampfmaschine#primaryimage","url":"https:\/\/www.muehlebirgel.de\/wp-content\/uploads\/dampfmaschine-seitlich.webp","contentUrl":"https:\/\/www.muehlebirgel.de\/wp-content\/uploads\/dampfmaschine-seitlich.webp"},{"@type":"BreadcrumbList","@id":"https:\/\/www.muehlebirgel.de\/fr\/dampfmaschine#breadcrumb","itemListElement":[{"@type":"ListItem","position":1,"name":"Startseite","item":"https:\/\/www.muehlebirgel.de\/fr"},{"@type":"ListItem","position":2,"name":"\u00c0 propos du moulin \u00e0 eau historique","item":"https:\/\/www.muehlebirgel.de\/fr\/moulin"},{"@type":"ListItem","position":3,"name":"La machine \u00e0 vapeur du moulin \u00e0 eau historique de Birgel"}]},{"@type":"WebSite","@id":"https:\/\/www.muehlebirgel.de\/fr\/#website","url":"https:\/\/www.muehlebirgel.de\/fr\/","name":"Historische Wasserm\u00fchle Birgel","description":"Willkommen im M\u00fchlen-Erlebniszentrum","potentialAction":[{"@type":"SearchAction","target":{"@type":"EntryPoint","urlTemplate":"https:\/\/www.muehlebirgel.de\/fr\/?s={search_term_string}"},"query-input":{"@type":"PropertyValueSpecification","valueRequired":true,"valueName":"search_term_string"}}],"inLanguage":"fr-FR"}]}},"_links":{"self":[{"href":"https:\/\/www.muehlebirgel.de\/fr\/wp-json\/wp\/v2\/pages\/51739","targetHints":{"allow":["GET"]}}],"collection":[{"href":"https:\/\/www.muehlebirgel.de\/fr\/wp-json\/wp\/v2\/pages"}],"about":[{"href":"https:\/\/www.muehlebirgel.de\/fr\/wp-json\/wp\/v2\/types\/page"}],"author":[{"embeddable":true,"href":"https:\/\/www.muehlebirgel.de\/fr\/wp-json\/wp\/v2\/users\/5"}],"replies":[{"embeddable":true,"href":"https:\/\/www.muehlebirgel.de\/fr\/wp-json\/wp\/v2\/comments?post=51739"}],"version-history":[{"count":5,"href":"https:\/\/www.muehlebirgel.de\/fr\/wp-json\/wp\/v2\/pages\/51739\/revisions"}],"predecessor-version":[{"id":52004,"href":"https:\/\/www.muehlebirgel.de\/fr\/wp-json\/wp\/v2\/pages\/51739\/revisions\/52004"}],"up":[{"embeddable":true,"href":"https:\/\/www.muehlebirgel.de\/fr\/wp-json\/wp\/v2\/pages\/9667"}],"wp:attachment":[{"href":"https:\/\/www.muehlebirgel.de\/fr\/wp-json\/wp\/v2\/media?parent=51739"}],"curies":[{"name":"wp","href":"https:\/\/api.w.org\/{rel}","templated":true}]}}