{"id":62133,"date":"2025-12-03T10:00:54","date_gmt":"2025-12-03T09:00:54","guid":{"rendered":"https:\/\/www.muehlebirgel.de\/weihnachtsmarkt\/"},"modified":"2025-12-03T10:18:29","modified_gmt":"2025-12-03T09:18:29","slug":"weihnachtsmarkt","status":"publish","type":"page","link":"https:\/\/www.muehlebirgel.de\/fr\/weihnachtsmarkt","title":{"rendered":"March\u00e9 de No\u00ebl"},"content":{"rendered":"\n<div class=\"wp-block-columns is-layout-flex wp-container-core-columns-is-layout-9d6595d7 wp-block-columns-is-layout-flex\">\n<div class=\"wp-block-column is-layout-flow wp-block-column-is-layout-flow\">\n<h2 class=\"wp-block-heading\"><strong>March\u00e9 de No\u00ebl au Moulin \u00e0 eau historique<\/strong><\/h2>\n\n\n\n<p>Lorsque l&rsquo;odeur du vin chaud et des p\u00e2tisseries se r\u00e9pand dans l&rsquo;air froid de l&rsquo;hiver, notre moulin \u00e0 eau historique devient \u00e0 nouveau magique. Dans le cadre de notre <strong>village de No\u00ebl<\/strong> annuel, nous vous invitons chaleureusement \u00e0 notre march\u00e9 de No\u00ebl festif. <\/p>\n\n\n\n<p>Des exposants tri\u00e9s sur le volet vous attendent sur le terrain ext\u00e9rieur d\u00e9cor\u00e9 avec soin et dans la salle des f\u00eates \u00e0 l&rsquo;ambiance chaleureuse pour vous proposer de l&rsquo;artisanat, des d\u00e9lices culinaires et des id\u00e9es de cadeaux sp\u00e9ciales.<\/p>\n\n\n\n<p>Profitez de l&rsquo;atmosph\u00e8re de No\u00ebl, d\u00e9couvrez de belles choses et des objets faits main et laissez-vous envo\u00fbter par l&rsquo;ambiance unique du moulin.<\/p>\n\n\n\n<p><strong>Quand ?<br\/><\/strong>06.12.25 &#8211; 12:00 \u00e0 20:00<br\/>07.12.25 &#8211; 11:00 \u00e0 18:00<br\/><strong>Entr\u00e9e gratuite !<\/strong><\/p>\n<\/div>\n\n\n\n<div class=\"wp-block-column is-layout-flow wp-block-column-is-layout-flow\">\n<figure class=\"wp-block-video\"><video height=\"1920\" style=\"aspect-ratio: 1080 \/ 1920;\" width=\"1080\" controls=\"\" poster=\"https:\/\/www.muehlebirgel.de\/wp-content\/uploads\/weihnachten-thumbnail.jpg\" src=\"https:\/\/www.muehlebirgel.de\/wp-content\/uploads\/Weihnachtsdorf-25-Final.mp4\"><\/video><figcaption class=\"wp-element-caption\">Village de No\u00ebl sur le site du moulin<\/figcaption><\/figure>\n<\/div>\n<\/div>\n\n<h2 class=\"wp-block-heading\">Plan d&rsquo;acc\u00e8s<\/h2>\n\n<div class=\"wp-block-columns is-layout-flex wp-container-core-columns-is-layout-9d6595d7 wp-block-columns-is-layout-flex\">\n<div class=\"wp-block-column is-layout-flow wp-block-column-is-layout-flow\">\n<p><strong>Moulin \u00e0 eau historique de Birgel<\/strong><\/p>\n\n\n\n<p>M\u00fchlenstra\u00dfe 1<br\/>D-54587 Birgel\/Vulkaneifel<\/p>\n\n\n\n<p><strong><a href=\"https:\/\/www.muehlebirgel.de\/die-anfahrt-zur-historischen-wassermuehle\" target=\"_blank\" rel=\"noreferrer noopener\">Pour plus d&rsquo;informations sur les d\u00e9placements, cliquez ici<\/a><\/strong>.<\/p>\n<\/div>\n\n\n\n<div class=\"wp-block-column is-layout-flow wp-block-column-is-layout-flow\">\n<iframe loading=\"lazy\" src=\"https:\/\/www.google.com\/maps\/embed?pb=!1m18!1m12!1m3!1d648140.7953726118!2d6.217620643150278!3d50.61226189707139!2m3!1f0!2f0!3f0!3m2!1i1024!2i768!4f13.1!3m3!1m2!1s0x47bfbcb6ba0f1b53%3A0xb24ba84d98b8ab37!2sEifel%20Hotel%20-%20Historische%20Wasserm%C3%BChle%20Birgel!5e0!3m2!1sde!2sde!4v1576527442953!5m2!1sde!2sde\" width=\"600\" height=\"450\" frameborder=\"0\" style=\"border:0;\" allowfullscreen=\"\"><\/iframe>\n<\/div>\n<\/div>\n\n<p><\/p>\n\n<p><\/p>\n","protected":false},"excerpt":{"rendered":"<p>March\u00e9 de No\u00ebl au Moulin \u00e0 eau historique Lorsque l&rsquo;odeur du vin chaud et des p\u00e2tisseries se r\u00e9pand dans l&rsquo;air froid de l&rsquo;hiver, notre moulin \u00e0 eau historique devient \u00e0 nouveau magique. Dans le cadre de notre village de No\u00ebl annuel, nous vous invitons chaleureusement \u00e0 notre march\u00e9 de No\u00ebl festif. Des exposants tri\u00e9s sur [&hellip;]<\/p>\n","protected":false},"author":5,"featured_media":0,"parent":0,"menu_order":0,"comment_status":"closed","ping_status":"closed","template":"","meta":{"footnotes":""},"class_list":["post-62133","page","type-page","status-publish","hentry"],"yoast_head":"<!-- This site is optimized with the Yoast SEO plugin v27.2 - https:\/\/yoast.com\/product\/yoast-seo-wordpress\/ -->\n<title>March\u00e9 de No\u00ebl - Historische Wasserm\u00fchle Birgel<\/title>\n<meta name=\"robots\" content=\"index, follow, max-snippet:-1, max-image-preview:large, max-video-preview:-1\" \/>\n<link rel=\"canonical\" href=\"https:\/\/www.muehlebirgel.de\/fr\/weihnachtsmarkt\" \/>\n<meta property=\"og:locale\" content=\"fr_FR\" \/>\n<meta property=\"og:type\" content=\"article\" \/>\n<meta property=\"og:title\" content=\"March\u00e9 de No\u00ebl - Historische Wasserm\u00fchle Birgel\" \/>\n<meta property=\"og:description\" content=\"March\u00e9 de No\u00ebl au Moulin \u00e0 eau historique Lorsque l&rsquo;odeur du vin chaud et des p\u00e2tisseries se r\u00e9pand dans l&rsquo;air froid de l&rsquo;hiver, notre moulin \u00e0 eau historique devient \u00e0 nouveau magique. Dans le cadre de notre village de No\u00ebl annuel, nous vous invitons chaleureusement \u00e0 notre march\u00e9 de No\u00ebl festif. Des exposants tri\u00e9s sur [&hellip;]\" \/>\n<meta property=\"og:url\" content=\"https:\/\/www.muehlebirgel.de\/fr\/weihnachtsmarkt\/\" \/>\n<meta property=\"og:site_name\" content=\"Historische Wasserm\u00fchle Birgel\" \/>\n<meta property=\"article:modified_time\" content=\"2025-12-03T09:18:29+00:00\" \/>\n<meta name=\"twitter:card\" content=\"summary_large_image\" \/>\n<meta name=\"twitter:label1\" content=\"Dur\u00e9e de lecture estim\u00e9e\" \/>\n\t<meta name=\"twitter:data1\" content=\"1 minute\" \/>\n<script type=\"application\/ld+json\" class=\"yoast-schema-graph\">{\"@context\":\"https:\/\/schema.org\",\"@graph\":[{\"@type\":\"WebPage\",\"@id\":\"https:\/\/www.muehlebirgel.de\/fr\/weihnachtsmarkt\",\"url\":\"https:\/\/www.muehlebirgel.de\/fr\/weihnachtsmarkt\",\"name\":\"March\u00e9 de No\u00ebl - Historische Wasserm\u00fchle Birgel\",\"isPartOf\":{\"@id\":\"https:\/\/www.muehlebirgel.de\/fr\/#website\"},\"datePublished\":\"2025-12-03T09:00:54+00:00\",\"dateModified\":\"2025-12-03T09:18:29+00:00\",\"breadcrumb\":{\"@id\":\"https:\/\/www.muehlebirgel.de\/fr\/weihnachtsmarkt#breadcrumb\"},\"inLanguage\":\"fr-FR\",\"potentialAction\":[{\"@type\":\"ReadAction\",\"target\":[\"https:\/\/www.muehlebirgel.de\/fr\/weihnachtsmarkt\"]}]},{\"@type\":\"BreadcrumbList\",\"@id\":\"https:\/\/www.muehlebirgel.de\/fr\/weihnachtsmarkt#breadcrumb\",\"itemListElement\":[{\"@type\":\"ListItem\",\"position\":1,\"name\":\"Startseite\",\"item\":\"https:\/\/www.muehlebirgel.de\/fr\"},{\"@type\":\"ListItem\",\"position\":2,\"name\":\"March\u00e9 de No\u00ebl\"}]},{\"@type\":\"WebSite\",\"@id\":\"https:\/\/www.muehlebirgel.de\/fr\/#website\",\"url\":\"https:\/\/www.muehlebirgel.de\/fr\/\",\"name\":\"Historische Wasserm\u00fchle Birgel\",\"description\":\"Willkommen im M\u00fchlen-Erlebniszentrum\",\"potentialAction\":[{\"@type\":\"SearchAction\",\"target\":{\"@type\":\"EntryPoint\",\"urlTemplate\":\"https:\/\/www.muehlebirgel.de\/fr\/?s={search_term_string}\"},\"query-input\":{\"@type\":\"PropertyValueSpecification\",\"valueRequired\":true,\"valueName\":\"search_term_string\"}}],\"inLanguage\":\"fr-FR\"}]}<\/script>\n<!-- \/ Yoast SEO plugin. -->","yoast_head_json":{"title":"March\u00e9 de No\u00ebl - Historische Wasserm\u00fchle Birgel","robots":{"index":"index","follow":"follow","max-snippet":"max-snippet:-1","max-image-preview":"max-image-preview:large","max-video-preview":"max-video-preview:-1"},"canonical":"https:\/\/www.muehlebirgel.de\/fr\/weihnachtsmarkt","og_locale":"fr_FR","og_type":"article","og_title":"March\u00e9 de No\u00ebl - Historische Wasserm\u00fchle Birgel","og_description":"March\u00e9 de No\u00ebl au Moulin \u00e0 eau historique Lorsque l&rsquo;odeur du vin chaud et des p\u00e2tisseries se r\u00e9pand dans l&rsquo;air froid de l&rsquo;hiver, notre moulin \u00e0 eau historique devient \u00e0 nouveau magique. Dans le cadre de notre village de No\u00ebl annuel, nous vous invitons chaleureusement \u00e0 notre march\u00e9 de No\u00ebl festif. Des exposants tri\u00e9s sur [&hellip;]","og_url":"https:\/\/www.muehlebirgel.de\/fr\/weihnachtsmarkt\/","og_site_name":"Historische Wasserm\u00fchle Birgel","article_modified_time":"2025-12-03T09:18:29+00:00","twitter_card":"summary_large_image","twitter_misc":{"Dur\u00e9e de lecture estim\u00e9e":"1 minute"},"schema":{"@context":"https:\/\/schema.org","@graph":[{"@type":"WebPage","@id":"https:\/\/www.muehlebirgel.de\/fr\/weihnachtsmarkt","url":"https:\/\/www.muehlebirgel.de\/fr\/weihnachtsmarkt","name":"March\u00e9 de No\u00ebl - Historische Wasserm\u00fchle Birgel","isPartOf":{"@id":"https:\/\/www.muehlebirgel.de\/fr\/#website"},"datePublished":"2025-12-03T09:00:54+00:00","dateModified":"2025-12-03T09:18:29+00:00","breadcrumb":{"@id":"https:\/\/www.muehlebirgel.de\/fr\/weihnachtsmarkt#breadcrumb"},"inLanguage":"fr-FR","potentialAction":[{"@type":"ReadAction","target":["https:\/\/www.muehlebirgel.de\/fr\/weihnachtsmarkt"]}]},{"@type":"BreadcrumbList","@id":"https:\/\/www.muehlebirgel.de\/fr\/weihnachtsmarkt#breadcrumb","itemListElement":[{"@type":"ListItem","position":1,"name":"Startseite","item":"https:\/\/www.muehlebirgel.de\/fr"},{"@type":"ListItem","position":2,"name":"March\u00e9 de No\u00ebl"}]},{"@type":"WebSite","@id":"https:\/\/www.muehlebirgel.de\/fr\/#website","url":"https:\/\/www.muehlebirgel.de\/fr\/","name":"Historische Wasserm\u00fchle Birgel","description":"Willkommen im M\u00fchlen-Erlebniszentrum","potentialAction":[{"@type":"SearchAction","target":{"@type":"EntryPoint","urlTemplate":"https:\/\/www.muehlebirgel.de\/fr\/?s={search_term_string}"},"query-input":{"@type":"PropertyValueSpecification","valueRequired":true,"valueName":"search_term_string"}}],"inLanguage":"fr-FR"}]}},"_links":{"self":[{"href":"https:\/\/www.muehlebirgel.de\/fr\/wp-json\/wp\/v2\/pages\/62133","targetHints":{"allow":["GET"]}}],"collection":[{"href":"https:\/\/www.muehlebirgel.de\/fr\/wp-json\/wp\/v2\/pages"}],"about":[{"href":"https:\/\/www.muehlebirgel.de\/fr\/wp-json\/wp\/v2\/types\/page"}],"author":[{"embeddable":true,"href":"https:\/\/www.muehlebirgel.de\/fr\/wp-json\/wp\/v2\/users\/5"}],"replies":[{"embeddable":true,"href":"https:\/\/www.muehlebirgel.de\/fr\/wp-json\/wp\/v2\/comments?post=62133"}],"version-history":[{"count":3,"href":"https:\/\/www.muehlebirgel.de\/fr\/wp-json\/wp\/v2\/pages\/62133\/revisions"}],"predecessor-version":[{"id":62170,"href":"https:\/\/www.muehlebirgel.de\/fr\/wp-json\/wp\/v2\/pages\/62133\/revisions\/62170"}],"wp:attachment":[{"href":"https:\/\/www.muehlebirgel.de\/fr\/wp-json\/wp\/v2\/media?parent=62133"}],"curies":[{"name":"wp","href":"https:\/\/api.w.org\/{rel}","templated":true}]}}