{"id":63379,"date":"2026-02-19T12:11:34","date_gmt":"2026-02-19T11:11:34","guid":{"rendered":"https:\/\/www.muehlebirgel.de\/fruehjahrsgewinnspiel\/"},"modified":"2026-02-23T16:13:52","modified_gmt":"2026-02-23T15:13:52","slug":"fruehjahrsgewinnspiel","status":"publish","type":"page","link":"https:\/\/www.muehlebirgel.de\/fr\/fruehjahrsgewinnspiel","title":{"rendered":"Jeu-concours de printemps &#8211; R\u00e9servez une chambre et participez au tirage au sort"},"content":{"rendered":"\n<div class=\"wp-block-columns is-layout-flex wp-container-core-columns-is-layout-9d6595d7 wp-block-columns-is-layout-flex\">\n<div class=\"wp-block-column is-layout-flow wp-block-column-is-layout-flow\">\n<p>Apr\u00e8s un hiver long et gris, l&rsquo;envie d&rsquo;un lieu o\u00f9 l&rsquo;on peut respirer se fait de plus en plus forte au printemps. Un lieu qui offre le calme, qui ralentit et qui donne le sentiment d&rsquo;\u00eatre arriv\u00e9 d\u00e8s l&rsquo;arriv\u00e9e. C&rsquo;est pr\u00e9cis\u00e9ment cet endroit particulier que vous trouverez dans le <a href=\"https:\/\/www.muehlebirgel.de\/fr\/moulin\">moulin \u00e0 eau historique<\/a>.  <\/p>\n\n\n\n<p>Pour commencer le printemps, nous souhaitons vous faire un cadeau : toute r\u00e9servation d&rsquo;une \u00e0 trois <a href=\"https:\/\/www.muehlebirgel.de\/fr\/uebernachtungen-in-der-eifel\">nuits<\/a> dans la p\u00e9riode de voyage du 27.02 au 15.03 (d\u00e9part), effectu\u00e9e avant le 26.02.2026, sera automatiquement int\u00e9gr\u00e9e dans notre tirage au sort. Le tirage au sort aura lieu le 27.02.2026.  <\/p>\n\n\n\n<p>Avec un peu de chance, nous prendrons en charge l&rsquo;int\u00e9gralit\u00e9 de votre facture, quel que soit le montant de votre s\u00e9jour. La seule condition est que votre r\u00e9servation soit effectu\u00e9e avant le 26 f\u00e9vrier 2026. <\/p>\n\n\n\n<p>Vous avez ainsi la chance de gagner :<br\/>une pause qui fait du bien.<br\/>un gain qui surprend.<br\/>et un moment de moulin qui reste.<\/p>\n\n\n\n<p><a href=\"https:\/\/www.muehlebirgel.de\/fr\/teilnahmebedingungen-fruehjahrsgewinnspiel\" type=\"page\" id=\"63278\">Vous trouverez les conditions de participation ici<\/a>.<\/p>\n<\/div>\n\n\n\n<div class=\"wp-block-column is-layout-flow wp-block-column-is-layout-flow\">\n<figure class=\"wp-block-embed is-type-video is-provider-youtube wp-block-embed-youtube wp-embed-aspect-9-16 wp-has-aspect-ratio short-video\"><div class=\"wp-block-embed__wrapper\">\n<iframe loading=\"lazy\" title=\"Fr\u00fchjahrs Gewinnspiel - Wir \u00fcbernehmen mit etwas Gl\u00fcck Eure Rechnung!\" width=\"563\" height=\"1000\" src=\"https:\/\/www.youtube.com\/embed\/7L7ykuafKik?feature=oembed\" frameborder=\"0\" allow=\"accelerometer; autoplay; clipboard-write; encrypted-media; gyroscope; picture-in-picture; web-share\" referrerpolicy=\"strict-origin-when-cross-origin\" allowfullscreen><\/iframe>\n<\/div><figcaption class=\"wp-element-caption\">Message vid\u00e9o du concours d&rsquo;Erwin<\/figcaption><\/figure>\n<\/div>\n<\/div>\n\n<h2 class=\"wp-block-heading\">R\u00e9servez et participez maintenant !<\/h2>\n\n<div class=\"wp-block-columns is-layout-flex wp-container-core-columns-is-layout-9d6595d7 wp-block-columns-is-layout-flex\">\n<div class=\"wp-block-column is-layout-flow wp-block-column-is-layout-flow\">\n<h3 class=\"wp-block-heading\">Chambre d&rsquo;h\u00f4tel \/ Appartement<\/h3>\n\n\n\n\n<div id=\"d21-quickbook\"> <\/div>\n<p><script src=\"https:\/\/js-sdk.dirs21.de\/c2da0318-8f93-4130-ba70-634ea898bc20\" type=\"text\/javascript\" async=\"async\"><\/script><br\/><\/p><\/p>\n<\/div>\n\n\n\n<div class=\"wp-block-column is-layout-flow wp-block-column-is-layout-flow\">\n<h3 class=\"wp-block-heading\">Arrangement romantique c\u00e2lin<\/h3>\n\n\n\n<div class=\"wp-block-columns is-layout-flex wp-container-core-columns-is-layout-9d6595d7 wp-block-columns-is-layout-flex\">\n<div class=\"wp-block-column is-layout-flow wp-block-column-is-layout-flow\">\n<figure class=\"wp-block-image size-large is-resized\"><a href=\"https:\/\/www.muehlebirgel.de\/kuschel-romantik-wochenende-in-der-eifel\"><img loading=\"lazy\" decoding=\"async\" width=\"1024\" height=\"684\" src=\"https:\/\/www.muehlebirgel.de\/wp-content\/uploads\/keeping-the-romance-alive-e1715169194476-1024x684.jpg\" alt=\"Romantisme douillet\" class=\"wp-image-38815\" style=\"width:300px\" srcset=\"https:\/\/www.muehlebirgel.de\/wp-content\/uploads\/keeping-the-romance-alive-e1715169194476-1024x684.jpg 1024w, https:\/\/www.muehlebirgel.de\/wp-content\/uploads\/keeping-the-romance-alive-e1715169194476-768x513.jpg 768w, https:\/\/www.muehlebirgel.de\/wp-content\/uploads\/keeping-the-romance-alive-e1715169194476-640x427.jpg 640w, https:\/\/www.muehlebirgel.de\/wp-content\/uploads\/keeping-the-romance-alive-e1715169194476-400x267.jpg 400w\" sizes=\"auto, (max-width: 1024px) 100vw, 1024px\" \/><\/a><\/figure>\n<\/div>\n<\/div>\n\n\n\n<div class=\"wp-block-buttons is-layout-flex wp-block-buttons-is-layout-flex\">\n<div class=\"wp-block-button\"><a class=\"wp-block-button__link wp-element-button\">Vers l&rsquo;arrangement romantique c\u00e2lin<\/a><\/div>\n<\/div>\n<\/div>\n<\/div>\n\n<h2 class=\"wp-block-heading\">Demandes sp\u00e9ciales ou questions<\/h2>\n\n<div class=\"wp-block-columns is-layout-flex wp-container-core-columns-is-layout-9d6595d7 wp-block-columns-is-layout-flex\">\n<div class=\"wp-block-column is-layout-flow wp-block-column-is-layout-flow\">\n<p>Pour les r\u00e9servations en cas de demandes particuli\u00e8res, nous vous prions de remplir notre formulaire de contact ou de nous contacter comme suit :<\/p>\n\n\n\n<p>T\u00e9l\u00e9phone : +49 6597 92820<br\/>T\u00e9l\u00e9copieur : +49 6597 9282-149 ou<br\/>E-mail : <a href=\"mailto:info@muehlebirgel.de\">info@muehlebirgel.de<\/a><\/p>\n\n\n\n<figure class=\"wp-block-image\"><img loading=\"lazy\" decoding=\"async\" width=\"300\" height=\"200\" src=\"https:\/\/www.muehlebirgel.de\/wp-content\/uploads\/2009\/12\/45.jpg\" alt=\"\" class=\"wp-image-306\"\/><\/figure>\n\n\n\n<p><strong>Nous attendons votre message avec impatience !<\/strong><\/p>\n<\/div>\n\n\n\n<div class=\"wp-block-column is-layout-flow wp-block-column-is-layout-flow\">\n<div class=\"wpcf7 no-js\" id=\"wpcf7-f10803-o1\" lang=\"fr-FR\" dir=\"ltr\" data-wpcf7-id=\"10803\">\n<div class=\"screen-reader-response\"><p role=\"status\" aria-live=\"polite\" aria-atomic=\"true\"><\/p> <ul><\/ul><\/div>\n<form action=\"\/fr\/wp-json\/wp\/v2\/pages\/63379#wpcf7-f10803-o1\" method=\"post\" class=\"wpcf7-form init\" aria-label=\"Formulaire de contact\" novalidate=\"novalidate\" data-status=\"init\">\n<fieldset class=\"hidden-fields-container\"><input type=\"hidden\" name=\"_wpcf7\" value=\"10803\" \/><input type=\"hidden\" name=\"_wpcf7_version\" value=\"6.1.5\" \/><input type=\"hidden\" name=\"_wpcf7_locale\" value=\"fr_FR\" \/><input type=\"hidden\" name=\"_wpcf7_unit_tag\" value=\"wpcf7-f10803-o1\" \/><input type=\"hidden\" name=\"_wpcf7_container_post\" value=\"0\" \/><input type=\"hidden\" name=\"_wpcf7_posted_data_hash\" value=\"\" \/><input type=\"hidden\" name=\"_wpcf7_recaptcha_response\" value=\"\" \/>\n<\/fieldset>\n<label> Votre nom (*)\n    <span class=\"wpcf7-form-control-wrap\" data-name=\"your-name\"><input size=\"40\" maxlength=\"400\" class=\"wpcf7-form-control wpcf7-text wpcf7-validates-as-required\" aria-required=\"true\" aria-invalid=\"false\" value=\"\" type=\"text\" name=\"your-name\" \/><\/span> <\/label>\n\n<label> Adresse e-mail (*)\n    <span class=\"wpcf7-form-control-wrap\" data-name=\"your-email\"><input size=\"40\" maxlength=\"400\" class=\"wpcf7-form-control wpcf7-email wpcf7-validates-as-required wpcf7-text wpcf7-validates-as-email\" aria-required=\"true\" aria-invalid=\"false\" value=\"\" type=\"email\" name=\"your-email\" \/><\/span> <\/label>\n\n<label>  T\u00e9l\u00e9phone (*)\n<span class=\"wpcf7-form-control-wrap\" data-name=\"tel-telefon\"><input size=\"40\" maxlength=\"400\" class=\"wpcf7-form-control wpcf7-tel wpcf7-validates-as-required wpcf7-text wpcf7-validates-as-tel\" aria-required=\"true\" aria-invalid=\"false\" value=\"\" type=\"tel\" name=\"tel-telefon\" \/><\/span>\n<\/label>\n\n<label>  Sujet\n <span class=\"wpcf7-form-control-wrap\" data-name=\"menu-322\"><select class=\"wpcf7-form-control wpcf7-select wpcf7-validates-as-required\" aria-required=\"true\" aria-invalid=\"false\" name=\"menu-322\"><option value=\"Demande g\u00e9n\u00e9rale\">Demande g\u00e9n\u00e9rale<\/option><option value=\"Demande de r\u00e9servation\">Demande de r\u00e9servation<\/option><option value=\"R\u00e9servation de tables\">R\u00e9servation de tables<\/option><option value=\"F\u00eate de la mi-car\u00eame\">F\u00eate de la mi-car\u00eame<\/option><option value=\"Demande de mariage\">Demande de mariage<\/option><option value=\"Demande de congr\u00e8s\">Demande de congr\u00e8s<\/option><option value=\"Cours de p\u00e2tisserie et de moutarde\">Cours de p\u00e2tisserie et de moutarde<\/option><option value=\"Table historique du moulin\">Table historique du moulin<\/option><option value=\"Offres de derni\u00e8re minute\">Offres de derni\u00e8re minute<\/option><\/select><\/span> <\/label>\n\n<label>  Votre message (*)\n    <span class=\"wpcf7-form-control-wrap\" data-name=\"your-message\"><textarea cols=\"40\" rows=\"10\" maxlength=\"2000\" class=\"wpcf7-form-control wpcf7-textarea wpcf7-validates-as-required\" aria-required=\"true\" aria-invalid=\"false\" name=\"your-message\"><\/textarea><\/span> <\/label>\n\n\n<button data-service=\"google-recaptcha\" data-category=\"marketing\" class=\"cmplz-blocked-content-container cmplz-blocked-content-notice cmplz-accept-service cmplz-accept-marketing cmplz-wpforms\" style=\"text-align: left; cursor: pointer;margin-top:20px;background-color:transparent;border:none;color: var(--nv-primary-accent);font-weight: 500;font-size: 16px;text-wrap:wrap;box-shadow:none;\">  Veuillez accepter les cookies reCaptcha en cliquant sur ce texte afin de pouvoir envoyer le formulaire.\n<\/button>\n\n\n<input class=\"wpcf7-form-control wpcf7-submit has-spinner\" type=\"submit\" value=\"Envoyer\" \/><div class=\"wpcf7-response-output\" aria-hidden=\"true\"><\/div>\n<\/form>\n<\/div>\n\n<\/div>\n<\/div>\n","protected":false},"excerpt":{"rendered":"<p>Apr\u00e8s un hiver long et gris, l&rsquo;envie d&rsquo;un lieu o\u00f9 l&rsquo;on peut respirer se fait de plus en plus forte au printemps. Un lieu qui offre le calme, qui ralentit et qui donne le sentiment d&rsquo;\u00eatre arriv\u00e9 d\u00e8s l&rsquo;arriv\u00e9e. C&rsquo;est pr\u00e9cis\u00e9ment cet endroit particulier que vous trouverez dans le moulin \u00e0 eau historique. Pour commencer [&hellip;]<\/p>\n","protected":false},"author":5,"featured_media":0,"parent":0,"menu_order":0,"comment_status":"closed","ping_status":"closed","template":"","meta":{"footnotes":""},"class_list":["post-63379","page","type-page","status-publish","hentry"],"yoast_head":"<!-- This site is optimized with the Yoast SEO plugin v27.2 - https:\/\/yoast.com\/product\/yoast-seo-wordpress\/ -->\n<title>Jeu-concours de printemps - R\u00e9servez une chambre et participez au tirage au sort - Historische Wasserm\u00fchle Birgel<\/title>\n<meta name=\"robots\" content=\"index, follow, max-snippet:-1, max-image-preview:large, max-video-preview:-1\" \/>\n<link rel=\"canonical\" href=\"https:\/\/www.muehlebirgel.de\/fr\/fruehjahrsgewinnspiel\" \/>\n<meta property=\"og:locale\" content=\"fr_FR\" \/>\n<meta property=\"og:type\" content=\"article\" \/>\n<meta property=\"og:title\" content=\"Jeu-concours de printemps - R\u00e9servez une chambre et participez au tirage au sort - Historische Wasserm\u00fchle Birgel\" \/>\n<meta property=\"og:description\" content=\"Apr\u00e8s un hiver long et gris, l&rsquo;envie d&rsquo;un lieu o\u00f9 l&rsquo;on peut respirer se fait de plus en plus forte au printemps. Un lieu qui offre le calme, qui ralentit et qui donne le sentiment d&rsquo;\u00eatre arriv\u00e9 d\u00e8s l&rsquo;arriv\u00e9e. C&rsquo;est pr\u00e9cis\u00e9ment cet endroit particulier que vous trouverez dans le moulin \u00e0 eau historique. Pour commencer [&hellip;]\" \/>\n<meta property=\"og:url\" content=\"https:\/\/www.muehlebirgel.de\/fr\/fruehjahrsgewinnspiel\/\" \/>\n<meta property=\"og:site_name\" content=\"Historische Wasserm\u00fchle Birgel\" \/>\n<meta property=\"article:modified_time\" content=\"2026-02-23T15:13:52+00:00\" \/>\n<meta property=\"og:image\" content=\"https:\/\/www.muehlebirgel.de\/wp-content\/uploads\/keeping-the-romance-alive-e1715169194476.jpg\" \/>\n\t<meta property=\"og:image:width\" content=\"1333\" \/>\n\t<meta property=\"og:image:height\" content=\"890\" \/>\n\t<meta property=\"og:image:type\" content=\"image\/jpeg\" \/>\n<meta name=\"twitter:card\" content=\"summary_large_image\" \/>\n<meta name=\"twitter:label1\" content=\"Dur\u00e9e de lecture estim\u00e9e\" \/>\n\t<meta name=\"twitter:data1\" content=\"1 minute\" \/>\n<script type=\"application\/ld+json\" class=\"yoast-schema-graph\">{\"@context\":\"https:\/\/schema.org\",\"@graph\":[{\"@type\":\"WebPage\",\"@id\":\"https:\/\/www.muehlebirgel.de\/fr\/fruehjahrsgewinnspiel\",\"url\":\"https:\/\/www.muehlebirgel.de\/fr\/fruehjahrsgewinnspiel\",\"name\":\"Jeu-concours de printemps - R\u00e9servez une chambre et participez au tirage au sort - Historische Wasserm\u00fchle Birgel\",\"isPartOf\":{\"@id\":\"https:\/\/www.muehlebirgel.de\/fr\/#website\"},\"primaryImageOfPage\":{\"@id\":\"https:\/\/www.muehlebirgel.de\/fr\/fruehjahrsgewinnspiel#primaryimage\"},\"image\":{\"@id\":\"https:\/\/www.muehlebirgel.de\/fr\/fruehjahrsgewinnspiel#primaryimage\"},\"thumbnailUrl\":\"https:\/\/www.muehlebirgel.de\/wp-content\/uploads\/keeping-the-romance-alive-e1715169194476-1024x684.jpg\",\"datePublished\":\"2026-02-19T11:11:34+00:00\",\"dateModified\":\"2026-02-23T15:13:52+00:00\",\"breadcrumb\":{\"@id\":\"https:\/\/www.muehlebirgel.de\/fr\/fruehjahrsgewinnspiel#breadcrumb\"},\"inLanguage\":\"fr-FR\",\"potentialAction\":[{\"@type\":\"ReadAction\",\"target\":[\"https:\/\/www.muehlebirgel.de\/fr\/fruehjahrsgewinnspiel\"]}]},{\"@type\":\"ImageObject\",\"inLanguage\":\"fr-FR\",\"@id\":\"https:\/\/www.muehlebirgel.de\/fr\/fruehjahrsgewinnspiel#primaryimage\",\"url\":\"https:\/\/www.muehlebirgel.de\/wp-content\/uploads\/keeping-the-romance-alive-e1715169194476-1024x684.jpg\",\"contentUrl\":\"https:\/\/www.muehlebirgel.de\/wp-content\/uploads\/keeping-the-romance-alive-e1715169194476-1024x684.jpg\"},{\"@type\":\"BreadcrumbList\",\"@id\":\"https:\/\/www.muehlebirgel.de\/fr\/fruehjahrsgewinnspiel#breadcrumb\",\"itemListElement\":[{\"@type\":\"ListItem\",\"position\":1,\"name\":\"Startseite\",\"item\":\"https:\/\/www.muehlebirgel.de\/fr\"},{\"@type\":\"ListItem\",\"position\":2,\"name\":\"Jeu-concours de printemps &#8211; R\u00e9servez une chambre et participez au tirage au sort\"}]},{\"@type\":\"WebSite\",\"@id\":\"https:\/\/www.muehlebirgel.de\/fr\/#website\",\"url\":\"https:\/\/www.muehlebirgel.de\/fr\/\",\"name\":\"Historische Wasserm\u00fchle Birgel\",\"description\":\"Willkommen im M\u00fchlen-Erlebniszentrum\",\"potentialAction\":[{\"@type\":\"SearchAction\",\"target\":{\"@type\":\"EntryPoint\",\"urlTemplate\":\"https:\/\/www.muehlebirgel.de\/fr\/?s={search_term_string}\"},\"query-input\":{\"@type\":\"PropertyValueSpecification\",\"valueRequired\":true,\"valueName\":\"search_term_string\"}}],\"inLanguage\":\"fr-FR\"}]}<\/script>\n<!-- \/ Yoast SEO plugin. -->","yoast_head_json":{"title":"Jeu-concours de printemps - R\u00e9servez une chambre et participez au tirage au sort - Historische Wasserm\u00fchle Birgel","robots":{"index":"index","follow":"follow","max-snippet":"max-snippet:-1","max-image-preview":"max-image-preview:large","max-video-preview":"max-video-preview:-1"},"canonical":"https:\/\/www.muehlebirgel.de\/fr\/fruehjahrsgewinnspiel","og_locale":"fr_FR","og_type":"article","og_title":"Jeu-concours de printemps - R\u00e9servez une chambre et participez au tirage au sort - Historische Wasserm\u00fchle Birgel","og_description":"Apr\u00e8s un hiver long et gris, l&rsquo;envie d&rsquo;un lieu o\u00f9 l&rsquo;on peut respirer se fait de plus en plus forte au printemps. Un lieu qui offre le calme, qui ralentit et qui donne le sentiment d&rsquo;\u00eatre arriv\u00e9 d\u00e8s l&rsquo;arriv\u00e9e. C&rsquo;est pr\u00e9cis\u00e9ment cet endroit particulier que vous trouverez dans le moulin \u00e0 eau historique. Pour commencer [&hellip;]","og_url":"https:\/\/www.muehlebirgel.de\/fr\/fruehjahrsgewinnspiel\/","og_site_name":"Historische Wasserm\u00fchle Birgel","article_modified_time":"2026-02-23T15:13:52+00:00","og_image":[{"width":1333,"height":890,"url":"https:\/\/www.muehlebirgel.de\/wp-content\/uploads\/keeping-the-romance-alive-e1715169194476.jpg","type":"image\/jpeg"}],"twitter_card":"summary_large_image","twitter_misc":{"Dur\u00e9e de lecture estim\u00e9e":"1 minute"},"schema":{"@context":"https:\/\/schema.org","@graph":[{"@type":"WebPage","@id":"https:\/\/www.muehlebirgel.de\/fr\/fruehjahrsgewinnspiel","url":"https:\/\/www.muehlebirgel.de\/fr\/fruehjahrsgewinnspiel","name":"Jeu-concours de printemps - R\u00e9servez une chambre et participez au tirage au sort - Historische Wasserm\u00fchle Birgel","isPartOf":{"@id":"https:\/\/www.muehlebirgel.de\/fr\/#website"},"primaryImageOfPage":{"@id":"https:\/\/www.muehlebirgel.de\/fr\/fruehjahrsgewinnspiel#primaryimage"},"image":{"@id":"https:\/\/www.muehlebirgel.de\/fr\/fruehjahrsgewinnspiel#primaryimage"},"thumbnailUrl":"https:\/\/www.muehlebirgel.de\/wp-content\/uploads\/keeping-the-romance-alive-e1715169194476-1024x684.jpg","datePublished":"2026-02-19T11:11:34+00:00","dateModified":"2026-02-23T15:13:52+00:00","breadcrumb":{"@id":"https:\/\/www.muehlebirgel.de\/fr\/fruehjahrsgewinnspiel#breadcrumb"},"inLanguage":"fr-FR","potentialAction":[{"@type":"ReadAction","target":["https:\/\/www.muehlebirgel.de\/fr\/fruehjahrsgewinnspiel"]}]},{"@type":"ImageObject","inLanguage":"fr-FR","@id":"https:\/\/www.muehlebirgel.de\/fr\/fruehjahrsgewinnspiel#primaryimage","url":"https:\/\/www.muehlebirgel.de\/wp-content\/uploads\/keeping-the-romance-alive-e1715169194476-1024x684.jpg","contentUrl":"https:\/\/www.muehlebirgel.de\/wp-content\/uploads\/keeping-the-romance-alive-e1715169194476-1024x684.jpg"},{"@type":"BreadcrumbList","@id":"https:\/\/www.muehlebirgel.de\/fr\/fruehjahrsgewinnspiel#breadcrumb","itemListElement":[{"@type":"ListItem","position":1,"name":"Startseite","item":"https:\/\/www.muehlebirgel.de\/fr"},{"@type":"ListItem","position":2,"name":"Jeu-concours de printemps &#8211; R\u00e9servez une chambre et participez au tirage au sort"}]},{"@type":"WebSite","@id":"https:\/\/www.muehlebirgel.de\/fr\/#website","url":"https:\/\/www.muehlebirgel.de\/fr\/","name":"Historische Wasserm\u00fchle Birgel","description":"Willkommen im M\u00fchlen-Erlebniszentrum","potentialAction":[{"@type":"SearchAction","target":{"@type":"EntryPoint","urlTemplate":"https:\/\/www.muehlebirgel.de\/fr\/?s={search_term_string}"},"query-input":{"@type":"PropertyValueSpecification","valueRequired":true,"valueName":"search_term_string"}}],"inLanguage":"fr-FR"}]}},"_links":{"self":[{"href":"https:\/\/www.muehlebirgel.de\/fr\/wp-json\/wp\/v2\/pages\/63379","targetHints":{"allow":["GET"]}}],"collection":[{"href":"https:\/\/www.muehlebirgel.de\/fr\/wp-json\/wp\/v2\/pages"}],"about":[{"href":"https:\/\/www.muehlebirgel.de\/fr\/wp-json\/wp\/v2\/types\/page"}],"author":[{"embeddable":true,"href":"https:\/\/www.muehlebirgel.de\/fr\/wp-json\/wp\/v2\/users\/5"}],"replies":[{"embeddable":true,"href":"https:\/\/www.muehlebirgel.de\/fr\/wp-json\/wp\/v2\/comments?post=63379"}],"version-history":[{"count":26,"href":"https:\/\/www.muehlebirgel.de\/fr\/wp-json\/wp\/v2\/pages\/63379\/revisions"}],"predecessor-version":[{"id":63694,"href":"https:\/\/www.muehlebirgel.de\/fr\/wp-json\/wp\/v2\/pages\/63379\/revisions\/63694"}],"wp:attachment":[{"href":"https:\/\/www.muehlebirgel.de\/fr\/wp-json\/wp\/v2\/media?parent=63379"}],"curies":[{"name":"wp","href":"https:\/\/api.w.org\/{rel}","templated":true}]}}