{"id":9671,"date":"2021-12-10T14:56:33","date_gmt":"2021-12-10T14:56:33","guid":{"rendered":"https:\/\/www.muehlebirgel.de\/a-propos-du-moulin-a-eau-historique\/moulin-a-moutarde-historique\/"},"modified":"2023-03-28T13:26:23","modified_gmt":"2023-03-28T12:26:23","slug":"moulin-a-moutarde-historique","status":"publish","type":"page","link":"https:\/\/www.muehlebirgel.de\/fr\/moulin-a-moutarde-historique","title":{"rendered":"Moulin \u00e0 moutarde historique"},"content":{"rendered":"<p><img loading=\"lazy\" decoding=\"async\" class=\"size-full wp-image-57 alignleft\" style=\"width: 300px; height: 200px;\" src=\"https:\/\/www.muehlebirgel.de\/wp-content\/uploads\/2009\/04\/senfmuehle.jpg\" alt=\"senf3\" width=\"300\" height=\"200\" border=\"0\">Le moulin \u00e0 moutarde historique ram\u00e8ne nos visiteurs* \u00e0 l&rsquo;\u00e9poque o\u00f9 l&rsquo;on fabriquait encore la moutarde sans toucher aux conservateurs et aux ingr\u00e9dients artificiels. Pour pouvoir d\u00e9couvrir ce plaisir traditionnel, la moutarderie propose aux groupes de 10 personnes ou plus le programme \u00ab\u00a0Faire sa propre moutarde\u00a0\u00bb. Le programme d&rsquo;exp\u00e9rience est destin\u00e9 aux jeunes et aux moins jeunes. Nos h\u00f4tes peuvent y d\u00e9couvrir les secrets de la moutarde avec tous leurs sens.<br \/>\nAutrefois, la moutarde \u00e9tait un pur rem\u00e8de et ne s&rsquo;est impos\u00e9e que plus tard comme un mets d\u00e9licat dans le secteur alimentaire.<\/p>\n<hr>\n<p><img loading=\"lazy\" decoding=\"async\" class=\"size-full wp-image-58 alignleft\" src=\"https:\/\/www.muehlebirgel.de\/wp-content\/uploads\/2009\/04\/patrick-senf.jpg\" alt=\"\" width=\"300\" height=\"200\" border=\"0\"><\/p>\n<p>Le moulin \u00e0 moutarde historique de Birgel dans l&rsquo;Eifel est un but d&rsquo;excursion pour les enfants et les familles, mais convient \u00e9galement pour \u00eatre int\u00e9gr\u00e9 dans des excursions et <a href=\"https:\/\/www.muehlebirgel.de\/betriebsausflug-eifel.html\">des f\u00eates d&rsquo;entreprise<\/a>.<\/p>\n<p>Chez nous, les <a href=\"https:\/\/www.muehlebirgel.de\/product-category\/senfmehl\/\" target=\"_blank\" rel=\"noopener noreferrer\">graines de moutarde brune et jaune<\/a> sont broy\u00e9es sur un ancien broyeur, puis m\u00e9lang\u00e9es \u00e0 de l&rsquo;eau et du vinaigre dans une cuve de brassage pour former une p\u00e2te de moutarde. Le sucre et le sel, ainsi que les \u00e9pices secr\u00e8tes du moutardier, donnent \u00e0 notre moutarde son propre go\u00fbt de gourmet.<\/p>\n<hr>\n<p><img loading=\"lazy\" decoding=\"async\" class=\"size-full wp-image-59 alignleft\" src=\"https:\/\/www.muehlebirgel.de\/wp-content\/uploads\/2009\/04\/UNBENANNT_80.jpg\" alt=\"\" width=\"300\" height=\"443\" border=\"0\">D\u00e9couvrez et d\u00e9gustez un proc\u00e9d\u00e9 et un produit fabriqu\u00e9 dans un moulin \u00e0 moutarde vieux de pr\u00e8s de 200 ans avec une qualit\u00e9 \u00e9prouv\u00e9e.<\/p>\n<p>Le moulin \u00e0 moutarde a \u00e9t\u00e9 r\u00e9par\u00e9 de telle sorte que la m\u00e9thode de production de la moutarde puisse \u00eatre \u00e0 nouveau montr\u00e9e aujourd&rsquo;hui dans toute sa gamme.<\/p>\n<p>Bien s\u00fbr, vous pouvez \u00e9galement regarder par-dessus l&rsquo;\u00e9paule du moutardier et observer le processus de production.<\/p>\n<p>Senfm\u00fcller Erwin vd M\u00fchle produit ses moutardes selon des recettes anciennes et d\u00e9velopp\u00e9es par lui-m\u00eame.<\/p>\n<hr>\n<p><a href=\"\/?product_cat=honigsenf\"><img loading=\"lazy\" decoding=\"async\" class=\"alignleft wp-image-2855\" src=\"https:\/\/www.muehlebirgel.de\/wp-content\/uploads\/2020\/01\/shop-eifel-produkte-1045-225x300.jpg\" alt=\"\" width=\"300\" height=\"400\"><\/a>La tradition peut \u00eatre si d\u00e9licieuse, merveilleusement cors\u00e9e et pr\u00e9par\u00e9e avec amour. Pour la viande, le poisson, le fromage et les vinaigrettes et comme ajout raffin\u00e9 aux plats raffin\u00e9s.<\/p>\n<p>&#8211; <a href=\"\/?product_cat=knoblauchsenf\" target=\"_blank\" rel=\"noopener noreferrer\">Moutarde \u00e0 l&rsquo;ail<\/a><br \/>\n&#8211; <a href=\"\/?product_cat=honigsenf\" target=\"_blank\" rel=\"noopener noreferrer\">moutarde au miel<\/a><br \/>\n&#8211; <a href=\"\/?product_cat=historischer-senf\">Moutarde historique<\/a><br \/>\n&#8211; <a href=\"\/?product_cat=champagner-cassis-senf\">moutarde au champagne<\/a><\/p>\n<p><a href=\"https:\/\/www.muehlebirgel.de\/fr\/boutique\" target=\"_blank\" rel=\"noopener noreferrer\">Informations et commande ici &gt;&gt;<\/a><\/p>\n<hr>\n<p><a href=\"\/?product_cat=historischer-senf\"><img loading=\"lazy\" decoding=\"async\" class=\"alignleft wp-image-2852\" src=\"https:\/\/www.muehlebirgel.de\/wp-content\/uploads\/2020\/01\/shop-eifel-produkte-1042-225x300.jpg\" alt=\"\" width=\"300\" height=\"400\"><\/a>Programme \u00ab\u00a0Fabriquer sa propre moutarde\u00a0\u00bb sur demande<br \/>\nVeuillez \u00e9galement noter notre offre <a href=\"https:\/\/www.muehlebirgel.de\/backkurs-und-senfkurs-im-romantikhotel.html\">romantique de cours de p\u00e2tisserie et de moutarde<\/a><\/p>\n<hr>\n<p><a href=\"\/?product_cat=champagner-cassis-senf\"><img loading=\"lazy\" decoding=\"async\" class=\"alignleft wp-image-2850\" src=\"https:\/\/www.muehlebirgel.de\/wp-content\/uploads\/2020\/01\/shop-eifel-produkte-1040-225x300.jpg\" alt=\"\" width=\"300\" height=\"400\"><\/a><\/p>\n","protected":false},"excerpt":{"rendered":"<p>Le moulin \u00e0 moutarde historique ram\u00e8ne nos visiteurs* \u00e0 l&rsquo;\u00e9poque o\u00f9 l&rsquo;on fabriquait encore la moutarde sans toucher aux conservateurs et aux ingr\u00e9dients artificiels. Pour pouvoir d\u00e9couvrir ce plaisir traditionnel, la moutarderie propose aux groupes de 10 personnes ou plus le programme \u00ab\u00a0Faire sa propre moutarde\u00a0\u00bb. Le programme d&rsquo;exp\u00e9rience est destin\u00e9 aux jeunes et aux [&hellip;]<\/p>\n","protected":false},"author":1,"featured_media":0,"parent":9667,"menu_order":3,"comment_status":"closed","ping_status":"closed","template":"","meta":{"footnotes":""},"class_list":["post-9671","page","type-page","status-publish","hentry"],"yoast_head":"<!-- This site is optimized with the Yoast SEO plugin v27.2 - https:\/\/yoast.com\/product\/yoast-seo-wordpress\/ -->\n<title>Moulin \u00e0 moutarde historique - Historische Wasserm\u00fchle Birgel<\/title>\n<meta name=\"robots\" content=\"index, follow, max-snippet:-1, max-image-preview:large, max-video-preview:-1\" \/>\n<link rel=\"canonical\" href=\"https:\/\/www.muehlebirgel.de\/fr\/moulin-a-moutarde-historique\" \/>\n<meta property=\"og:locale\" content=\"fr_FR\" \/>\n<meta property=\"og:type\" content=\"article\" \/>\n<meta property=\"og:title\" content=\"Moulin \u00e0 moutarde historique - Historische Wasserm\u00fchle Birgel\" \/>\n<meta property=\"og:description\" content=\"Le moulin \u00e0 moutarde historique ram\u00e8ne nos visiteurs* \u00e0 l&rsquo;\u00e9poque o\u00f9 l&rsquo;on fabriquait encore la moutarde sans toucher aux conservateurs et aux ingr\u00e9dients artificiels. Pour pouvoir d\u00e9couvrir ce plaisir traditionnel, la moutarderie propose aux groupes de 10 personnes ou plus le programme \u00ab\u00a0Faire sa propre moutarde\u00a0\u00bb. Le programme d&rsquo;exp\u00e9rience est destin\u00e9 aux jeunes et aux [&hellip;]\" \/>\n<meta property=\"og:url\" content=\"https:\/\/www.muehlebirgel.de\/fr\/moulin-a-moutarde-historique\/\" \/>\n<meta property=\"og:site_name\" content=\"Historische Wasserm\u00fchle Birgel\" \/>\n<meta property=\"article:modified_time\" content=\"2023-03-28T12:26:23+00:00\" \/>\n<meta property=\"og:image\" content=\"https:\/\/www.muehlebirgel.de\/wp-content\/uploads\/2009\/04\/senfmuehle.jpg\" \/>\n<meta name=\"twitter:card\" content=\"summary_large_image\" \/>\n<meta name=\"twitter:label1\" content=\"Dur\u00e9e de lecture estim\u00e9e\" \/>\n\t<meta name=\"twitter:data1\" content=\"2 minutes\" \/>\n<script type=\"application\/ld+json\" class=\"yoast-schema-graph\">{\"@context\":\"https:\/\/schema.org\",\"@graph\":[{\"@type\":\"WebPage\",\"@id\":\"https:\/\/www.muehlebirgel.de\/fr\/moulin-a-moutarde-historique\",\"url\":\"https:\/\/www.muehlebirgel.de\/fr\/moulin-a-moutarde-historique\",\"name\":\"Moulin \u00e0 moutarde historique - Historische Wasserm\u00fchle Birgel\",\"isPartOf\":{\"@id\":\"https:\/\/www.muehlebirgel.de\/fr\/#website\"},\"primaryImageOfPage\":{\"@id\":\"https:\/\/www.muehlebirgel.de\/fr\/moulin-a-moutarde-historique#primaryimage\"},\"image\":{\"@id\":\"https:\/\/www.muehlebirgel.de\/fr\/moulin-a-moutarde-historique#primaryimage\"},\"thumbnailUrl\":\"https:\/\/www.muehlebirgel.de\/wp-content\/uploads\/2009\/04\/senfmuehle.jpg\",\"datePublished\":\"2021-12-10T14:56:33+00:00\",\"dateModified\":\"2023-03-28T12:26:23+00:00\",\"breadcrumb\":{\"@id\":\"https:\/\/www.muehlebirgel.de\/fr\/moulin-a-moutarde-historique#breadcrumb\"},\"inLanguage\":\"fr-FR\",\"potentialAction\":[{\"@type\":\"ReadAction\",\"target\":[\"https:\/\/www.muehlebirgel.de\/fr\/moulin-a-moutarde-historique\"]}]},{\"@type\":\"ImageObject\",\"inLanguage\":\"fr-FR\",\"@id\":\"https:\/\/www.muehlebirgel.de\/fr\/moulin-a-moutarde-historique#primaryimage\",\"url\":\"https:\/\/www.muehlebirgel.de\/wp-content\/uploads\/2009\/04\/senfmuehle.jpg\",\"contentUrl\":\"https:\/\/www.muehlebirgel.de\/wp-content\/uploads\/2009\/04\/senfmuehle.jpg\"},{\"@type\":\"BreadcrumbList\",\"@id\":\"https:\/\/www.muehlebirgel.de\/fr\/moulin-a-moutarde-historique#breadcrumb\",\"itemListElement\":[{\"@type\":\"ListItem\",\"position\":1,\"name\":\"Startseite\",\"item\":\"https:\/\/www.muehlebirgel.de\/fr\"},{\"@type\":\"ListItem\",\"position\":2,\"name\":\"\u00c0 propos du moulin \u00e0 eau historique\",\"item\":\"https:\/\/www.muehlebirgel.de\/fr\/moulin\"},{\"@type\":\"ListItem\",\"position\":3,\"name\":\"Moulin \u00e0 moutarde historique\"}]},{\"@type\":\"WebSite\",\"@id\":\"https:\/\/www.muehlebirgel.de\/fr\/#website\",\"url\":\"https:\/\/www.muehlebirgel.de\/fr\/\",\"name\":\"Historische Wasserm\u00fchle Birgel\",\"description\":\"Willkommen im M\u00fchlen-Erlebniszentrum\",\"potentialAction\":[{\"@type\":\"SearchAction\",\"target\":{\"@type\":\"EntryPoint\",\"urlTemplate\":\"https:\/\/www.muehlebirgel.de\/fr\/?s={search_term_string}\"},\"query-input\":{\"@type\":\"PropertyValueSpecification\",\"valueRequired\":true,\"valueName\":\"search_term_string\"}}],\"inLanguage\":\"fr-FR\"}]}<\/script>\n<!-- \/ Yoast SEO plugin. -->","yoast_head_json":{"title":"Moulin \u00e0 moutarde historique - Historische Wasserm\u00fchle Birgel","robots":{"index":"index","follow":"follow","max-snippet":"max-snippet:-1","max-image-preview":"max-image-preview:large","max-video-preview":"max-video-preview:-1"},"canonical":"https:\/\/www.muehlebirgel.de\/fr\/moulin-a-moutarde-historique","og_locale":"fr_FR","og_type":"article","og_title":"Moulin \u00e0 moutarde historique - Historische Wasserm\u00fchle Birgel","og_description":"Le moulin \u00e0 moutarde historique ram\u00e8ne nos visiteurs* \u00e0 l&rsquo;\u00e9poque o\u00f9 l&rsquo;on fabriquait encore la moutarde sans toucher aux conservateurs et aux ingr\u00e9dients artificiels. Pour pouvoir d\u00e9couvrir ce plaisir traditionnel, la moutarderie propose aux groupes de 10 personnes ou plus le programme \u00ab\u00a0Faire sa propre moutarde\u00a0\u00bb. Le programme d&rsquo;exp\u00e9rience est destin\u00e9 aux jeunes et aux [&hellip;]","og_url":"https:\/\/www.muehlebirgel.de\/fr\/moulin-a-moutarde-historique\/","og_site_name":"Historische Wasserm\u00fchle Birgel","article_modified_time":"2023-03-28T12:26:23+00:00","og_image":[{"url":"https:\/\/www.muehlebirgel.de\/wp-content\/uploads\/2009\/04\/senfmuehle.jpg","type":"","width":"","height":""}],"twitter_card":"summary_large_image","twitter_misc":{"Dur\u00e9e de lecture estim\u00e9e":"2 minutes"},"schema":{"@context":"https:\/\/schema.org","@graph":[{"@type":"WebPage","@id":"https:\/\/www.muehlebirgel.de\/fr\/moulin-a-moutarde-historique","url":"https:\/\/www.muehlebirgel.de\/fr\/moulin-a-moutarde-historique","name":"Moulin \u00e0 moutarde historique - Historische Wasserm\u00fchle Birgel","isPartOf":{"@id":"https:\/\/www.muehlebirgel.de\/fr\/#website"},"primaryImageOfPage":{"@id":"https:\/\/www.muehlebirgel.de\/fr\/moulin-a-moutarde-historique#primaryimage"},"image":{"@id":"https:\/\/www.muehlebirgel.de\/fr\/moulin-a-moutarde-historique#primaryimage"},"thumbnailUrl":"https:\/\/www.muehlebirgel.de\/wp-content\/uploads\/2009\/04\/senfmuehle.jpg","datePublished":"2021-12-10T14:56:33+00:00","dateModified":"2023-03-28T12:26:23+00:00","breadcrumb":{"@id":"https:\/\/www.muehlebirgel.de\/fr\/moulin-a-moutarde-historique#breadcrumb"},"inLanguage":"fr-FR","potentialAction":[{"@type":"ReadAction","target":["https:\/\/www.muehlebirgel.de\/fr\/moulin-a-moutarde-historique"]}]},{"@type":"ImageObject","inLanguage":"fr-FR","@id":"https:\/\/www.muehlebirgel.de\/fr\/moulin-a-moutarde-historique#primaryimage","url":"https:\/\/www.muehlebirgel.de\/wp-content\/uploads\/2009\/04\/senfmuehle.jpg","contentUrl":"https:\/\/www.muehlebirgel.de\/wp-content\/uploads\/2009\/04\/senfmuehle.jpg"},{"@type":"BreadcrumbList","@id":"https:\/\/www.muehlebirgel.de\/fr\/moulin-a-moutarde-historique#breadcrumb","itemListElement":[{"@type":"ListItem","position":1,"name":"Startseite","item":"https:\/\/www.muehlebirgel.de\/fr"},{"@type":"ListItem","position":2,"name":"\u00c0 propos du moulin \u00e0 eau historique","item":"https:\/\/www.muehlebirgel.de\/fr\/moulin"},{"@type":"ListItem","position":3,"name":"Moulin \u00e0 moutarde historique"}]},{"@type":"WebSite","@id":"https:\/\/www.muehlebirgel.de\/fr\/#website","url":"https:\/\/www.muehlebirgel.de\/fr\/","name":"Historische Wasserm\u00fchle Birgel","description":"Willkommen im M\u00fchlen-Erlebniszentrum","potentialAction":[{"@type":"SearchAction","target":{"@type":"EntryPoint","urlTemplate":"https:\/\/www.muehlebirgel.de\/fr\/?s={search_term_string}"},"query-input":{"@type":"PropertyValueSpecification","valueRequired":true,"valueName":"search_term_string"}}],"inLanguage":"fr-FR"}]}},"_links":{"self":[{"href":"https:\/\/www.muehlebirgel.de\/fr\/wp-json\/wp\/v2\/pages\/9671","targetHints":{"allow":["GET"]}}],"collection":[{"href":"https:\/\/www.muehlebirgel.de\/fr\/wp-json\/wp\/v2\/pages"}],"about":[{"href":"https:\/\/www.muehlebirgel.de\/fr\/wp-json\/wp\/v2\/types\/page"}],"author":[{"embeddable":true,"href":"https:\/\/www.muehlebirgel.de\/fr\/wp-json\/wp\/v2\/users\/1"}],"replies":[{"embeddable":true,"href":"https:\/\/www.muehlebirgel.de\/fr\/wp-json\/wp\/v2\/comments?post=9671"}],"version-history":[{"count":1,"href":"https:\/\/www.muehlebirgel.de\/fr\/wp-json\/wp\/v2\/pages\/9671\/revisions"}],"predecessor-version":[{"id":25162,"href":"https:\/\/www.muehlebirgel.de\/fr\/wp-json\/wp\/v2\/pages\/9671\/revisions\/25162"}],"up":[{"embeddable":true,"href":"https:\/\/www.muehlebirgel.de\/fr\/wp-json\/wp\/v2\/pages\/9667"}],"wp:attachment":[{"href":"https:\/\/www.muehlebirgel.de\/fr\/wp-json\/wp\/v2\/media?parent=9671"}],"curies":[{"name":"wp","href":"https:\/\/api.w.org\/{rel}","templated":true}]}}