{"id":9688,"date":"2021-12-10T14:56:52","date_gmt":"2021-12-10T14:56:52","guid":{"rendered":"https:\/\/www.muehlebirgel.de\/contacter\/comment-se-rendre-au-moulin-a-eau-historique\/"},"modified":"2025-02-01T10:04:46","modified_gmt":"2025-02-01T09:04:46","slug":"l-acces-au-moulin-historique","status":"publish","type":"page","link":"https:\/\/www.muehlebirgel.de\/fr\/comment-se-rendre-au-moulin-a-eau-historique","title":{"rendered":"Comment se rendre au moulin \u00e0 eau historique"},"content":{"rendered":"<p>[vc_row][vc_column][vc_column_text]<strong>Moulin \u00e0 eau historique Birgel <\/strong><\/p>\n<p>M\u00fchlenstra\u00dfe 1<br \/> D-54587 Birgel\/Vulkaneifel<br \/> T\u00e9l\u00e9phone 0 65 97 \/ 92 82 &#8211; 0<br \/> T\u00e9l\u00e9fax 0 65 97 \/ 92 82 &#8211; 149<\/p>\n<p>Itin\u00e9raire <a href=\"https:\/\/www.muehlebirgel.de\/wp-content\/uploads\/2009\/04\/Anfahrt_Moulin.pdf\" target=\"_blank\" rel=\"noopener noreferrer\">au format PDF<\/a>&gt;&gt; <\/p>\n<hr>\n<p>[\/vc_column_text][vc_gmaps link=\u00a0\u00bb#E-8_JTNDaWZyYW1lJTIwc3JjJTNEJTIyaHR0cHMlM0ElMkYlMkZ3d3cuZ29vZ2xlLmNvbSUyRm1hcHMlMkZlbWJlZCUzRnBiJTNEJTIxMW0xOCUyMTFtMTIlMjExbTMlMjExZDY0ODE0MC43OTUzNzI2MTE4JTIxMmQ2LjIxNzYyMDY0MzE1MDI3OCUyMTNkNTAuNjEyMjYxODk3MDcxMzklMjEybTMlMjExZjAlMjEyZjAlMjEzZjAlMjEzbTIlMjExaTEwMjQlMjEyaTc2OCUyMTRmMTMuMSUyMTNtMyUyMTFtMiUyMTFzMHg0N2JmYmNiNmJhMGYxYjUzJTI1M0EweGIyNGJhODRkOThiOGFiMzclMjEyc0VpZmVsJTI1MjBIb3RlbCUyNTIwLSUyNTIwSGlzdG9yaXNjaGUlMjUyMFdhc3Nlcm0lMjVDMyUyNUJDaGxlJTI1MjBCaXJnZWwlMjE1ZTAlMjEzbTIlMjExc2RlJTIxMnNkZSUyMTR2MTU3NjUyNzQ0Mjk1MyUyMTVtMiUyMTFzZGUlMjEyc2RlJTIyJTIwd2lkdGglM0QlMjI2MDAlMjIlMjBoZWlnaHQlM0QlMjI0NTAlMjIlMjBmcmFtZWJvcmRlciUzRCUyMjAlMjIlMjBzdHlsZSUzRCUyMmJvcmRlciUzQTAlM0IlMjIlMjBhbGxvd2Z1bGxzY3JlZW4lM0QlMjIlMjIlM0UlM0MlMkZpZnJhbWUlM0U=\u00a0\u00bb][vc_column_text css=\u00a0\u00bb\u00a0\u00bb]Comment aller l\u00e0:<\/p>\n<p><strong>Voiture:<\/strong><\/p>\n<p><strong>Si vous venez de Cologne, prenez l&rsquo;autoroute A1 Euskirchen jusqu&rsquo;\u00e0 la sortie Blankenheim.<\/strong><\/p>\n<p>Quittez l&rsquo;autoroute (sortie Blankenheim) et tournez \u00e0 droite en direction de Stadtkyll &#8211; Tr\u00e8ves. Prendre l&rsquo;autoroute B51 jusqu&rsquo;\u00e0 la sortie Stadtkyll &#8211; Kronenburg. Restez \u00e0 gauche ici et \u00e0 Stadtkyll, tournez \u00e0 gauche sur la B421 en direction de Daun. En traversant la localit\u00e9 de J\u00fcnkerath, vous arrivez \u00e0 Birgel, o\u00f9 vous trouverez le site de notre moulin directement sur votre droite.<\/p>\n<p><strong>En venant de Coblence ou Tr\u00e8ves par l&rsquo;autoroute A48<\/strong><\/p>\n<p>Emprunter la sortie A48 Daun \/ Vulkaneifel. De l\u00e0, prenez l&rsquo;A1 en direction de Daun jusqu&rsquo;\u00e0 la fin de l&rsquo;autoroute.<br \/>\nDe l\u00e0, tournez \u00e0 droite et apr\u00e8s environ 1 km, tournez \u00e0 nouveau \u00e0 droite en direction de Stadtkyll.<br \/>\nApr\u00e8s avoir travers\u00e9 les localit\u00e9s de Dreis, Oberehe, Walsdorf et Hillesheim, vous arrivez \u00e0 Birgel.   Dans le village de Birgel rester \u00e0 gauche en direction de Lissendorf. Apr\u00e8s environ 200 m, vous trouverez le site de notre moulin sur votre droite.<\/p>\n<hr>\n<p><strong>Arriv\u00e9e en avion :<br \/><\/strong><br \/> Depuis l&rsquo;a\u00e9roport de Cologne\/Bonn, il faut compter environ 1 heure de route pour nous rejoindre.<\/p>\n<hr>\n<p><a href=\"https:\/\/reiseauskunft.bahn.de\/bin\/query.exe\/dn?revia=yes&amp;existOptimizePrice-deactivated=1&amp;country=DEU&amp;dbkanal_007=L01_S01_D001_KIN0001_qf-bahn-svb-kl2_lz03&amp;start=1&amp;protocol=https%3A&amp;S=&amp;REQ0JourneyStopsSID=&amp;Z=Lissendorf\" target=\"_blank\" rel=\"noopener noreferrer\"> <img decoding=\"async\" class=\" size-full wp-image-162\" style=\"padding: 5px 0px; border: 0px currentColor;\" src=\"https:\/\/www.muehlebirgel.de\/wp-content\/uploads\/2009\/04\/C6663148.gif\" alt=\"Zur Reiseauskunft der Bahn\" width=\"150\" height=\"60\"><\/a><\/p>\n<p><strong>Arriv\u00e9e en train :<\/strong><\/p>\n<p>La gare de <strong>Lissendorf<\/strong> est \u00e0 mi-chemin entre Cologne et Tr\u00e8ves. De l\u00e0, vous pouvez nous rejoindre \u00e0 pied apr\u00e8s environ 200 m en direction de Birgel.<\/p>\n<p>Vers les <a href=\"https:\/\/reiseauskunft.bahn.de\/bin\/query.exe\/dn?revia=yes&amp;existOptimizePrice-deactivated=1&amp;country=DEU&amp;dbkanal_007=L01_S01_D001_KIN0001_qf-bahn-svb-kl2_lz03&amp;start=1&amp;protocol=https%3A&amp;S=&amp;REQ0JourneyStopsSID=&amp;Z=Lissendorf\">informations sur les horaires de la Deutsche Bahn<\/a>[\/vc_column_text][\/vc_column][\/vc_row][vc_row][vc_column width=\u00a0\u00bb1\/2&Prime;][vc_column_text css=\u00a0\u00bb\u00a0\u00bb css_params=\u00a0\u00bb\u00a0\u00bb]<\/p>\n<h2>Grand parking pour bus<\/h2>\n<p>[\/vc_column_text][vc_column_text css=\u00a0\u00bb\u00a0\u00bb css_params=\u00a0\u00bb\u00a0\u00bb]Notre parking pour bus est grand et offre beaucoup d&rsquo;espace pour les bus. Deux emplacements couverts permettent aux bus de se garer \u00e0 l&rsquo;abri des intemp\u00e9ries. De nombreux conducteurs de bus sont d\u00e9j\u00e0 ravis de cette offre pratique.[\/vc_column_text][\/vc_column][vc_column width=\u00a0\u00bb1\/2&Prime;][vc_single_image image=\u00a0\u00bb50663&Prime; img_size=\u00a0\u00bbfull\u00a0\u00bb css=\u00a0\u00bb\u00a0\u00bb label=\u00a0\u00bb\u00a0\u00bb css_params=\u00a0\u00bb\u00a0\u00bb img_width=\u00a0\u00bb{\u00ab\u00a0unit\u00ab\u00a0:\u00ab\u00a0%\u00ab\u00a0,\u00ab\u00a0xs\u00ab\u00a0:\u00ab\u00a0\u00ab\u00a0,\u00ab\u00a0sm\u00ab\u00a0:\u00ab\u00a0\u00ab\u00a0,\u00ab\u00a0md\u00ab\u00a0:\u00ab\u00a0\u00ab\u00a0,\u00ab\u00a0lg\u00ab\u00a0:\u00ab\u00a0\u00ab\u00a0,\u00ab\u00a0xl\u00ab\u00a0:\u00ab\u00a0100\u00ab\u00a0}\u00a0\u00bb][\/vc_column][\/vc_row]<\/p>\n","protected":false},"excerpt":{"rendered":"<p>[vc_row][vc_column][vc_column_text]Moulin \u00e0 eau historique Birgel M\u00fchlenstra\u00dfe 1 D-54587 Birgel\/Vulkaneifel T\u00e9l\u00e9phone 0 65 97 \/ 92 82 &#8211; 0 T\u00e9l\u00e9fax 0 65 97 \/ 92 82 &#8211; 149 Itin\u00e9raire au format PDF&gt;&gt; [\/vc_column_text][vc_gmaps link=\u00a0\u00bb#E-8_JTNDaWZyYW1lJTIwc3JjJTNEJTIyaHR0cHMlM0ElMkYlMkZ3d3cuZ29vZ2xlLmNvbSUyRm1hcHMlMkZlbWJlZCUzRnBiJTNEJTIxMW0xOCUyMTFtMTIlMjExbTMlMjExZDY0ODE0MC43OTUzNzI2MTE4JTIxMmQ2LjIxNzYyMDY0MzE1MDI3OCUyMTNkNTAuNjEyMjYxODk3MDcxMzklMjEybTMlMjExZjAlMjEyZjAlMjEzZjAlMjEzbTIlMjExaTEwMjQlMjEyaTc2OCUyMTRmMTMuMSUyMTNtMyUyMTFtMiUyMTFzMHg0N2JmYmNiNmJhMGYxYjUzJTI1M0EweGIyNGJhODRkOThiOGFiMzclMjEyc0VpZmVsJTI1MjBIb3RlbCUyNTIwLSUyNTIwSGlzdG9yaXNjaGUlMjUyMFdhc3Nlcm0lMjVDMyUyNUJDaGxlJTI1MjBCaXJnZWwlMjE1ZTAlMjEzbTIlMjExc2RlJTIxMnNkZSUyMTR2MTU3NjUyNzQ0Mjk1MyUyMTVtMiUyMTFzZGUlMjEyc2RlJTIyJTIwd2lkdGglM0QlMjI2MDAlMjIlMjBoZWlnaHQlM0QlMjI0NTAlMjIlMjBmcmFtZWJvcmRlciUzRCUyMjAlMjIlMjBzdHlsZSUzRCUyMmJvcmRlciUzQTAlM0IlMjIlMjBhbGxvd2Z1bGxzY3JlZW4lM0QlMjIlMjIlM0UlM0MlMkZpZnJhbWUlM0U=\u00a0\u00bb][vc_column_text css=\u00a0\u00bb\u00a0\u00bb]Comment aller l\u00e0: Voiture: Si vous venez de Cologne, prenez l&rsquo;autoroute A1 Euskirchen jusqu&rsquo;\u00e0 la sortie Blankenheim. Quittez l&rsquo;autoroute (sortie Blankenheim) et [&hellip;]<\/p>\n","protected":false},"author":1,"featured_media":0,"parent":9659,"menu_order":3,"comment_status":"closed","ping_status":"closed","template":"","meta":{"footnotes":""},"categories":[],"class_list":["post-9688","page","type-page","status-publish","hentry"],"yoast_head":"<!-- This site is optimized with the Yoast SEO plugin v27.4 - https:\/\/yoast.com\/product\/yoast-seo-wordpress\/ -->\n<title>Comment se rendre au moulin \u00e0 eau historique - Historische Wasserm\u00fchle Birgel<\/title>\n<meta name=\"robots\" content=\"noindex, follow, max-snippet:-1, max-image-preview:large, max-video-preview:-1\" \/>\n<meta property=\"og:locale\" content=\"fr_FR\" \/>\n<meta property=\"og:type\" content=\"article\" \/>\n<meta property=\"og:title\" content=\"Comment se rendre au moulin \u00e0 eau historique - Historische Wasserm\u00fchle Birgel\" \/>\n<meta property=\"og:description\" content=\"[vc_row][vc_column][vc_column_text]Moulin \u00e0 eau historique Birgel M\u00fchlenstra\u00dfe 1 D-54587 Birgel\/Vulkaneifel T\u00e9l\u00e9phone 0 65 97 \/ 92 82 &#8211; 0 T\u00e9l\u00e9fax 0 65 97 \/ 92 82 &#8211; 149 Itin\u00e9raire au format PDF&gt;&gt; [\/vc_column_text][vc_gmaps link=\u00a0\u00bb#E-8_JTNDaWZyYW1lJTIwc3JjJTNEJTIyaHR0cHMlM0ElMkYlMkZ3d3cuZ29vZ2xlLmNvbSUyRm1hcHMlMkZlbWJlZCUzRnBiJTNEJTIxMW0xOCUyMTFtMTIlMjExbTMlMjExZDY0ODE0MC43OTUzNzI2MTE4JTIxMmQ2LjIxNzYyMDY0MzE1MDI3OCUyMTNkNTAuNjEyMjYxODk3MDcxMzklMjEybTMlMjExZjAlMjEyZjAlMjEzZjAlMjEzbTIlMjExaTEwMjQlMjEyaTc2OCUyMTRmMTMuMSUyMTNtMyUyMTFtMiUyMTFzMHg0N2JmYmNiNmJhMGYxYjUzJTI1M0EweGIyNGJhODRkOThiOGFiMzclMjEyc0VpZmVsJTI1MjBIb3RlbCUyNTIwLSUyNTIwSGlzdG9yaXNjaGUlMjUyMFdhc3Nlcm0lMjVDMyUyNUJDaGxlJTI1MjBCaXJnZWwlMjE1ZTAlMjEzbTIlMjExc2RlJTIxMnNkZSUyMTR2MTU3NjUyNzQ0Mjk1MyUyMTVtMiUyMTFzZGUlMjEyc2RlJTIyJTIwd2lkdGglM0QlMjI2MDAlMjIlMjBoZWlnaHQlM0QlMjI0NTAlMjIlMjBmcmFtZWJvcmRlciUzRCUyMjAlMjIlMjBzdHlsZSUzRCUyMmJvcmRlciUzQTAlM0IlMjIlMjBhbGxvd2Z1bGxzY3JlZW4lM0QlMjIlMjIlM0UlM0MlMkZpZnJhbWUlM0U=\u00a0\u00bb][vc_column_text css=\u00a0\u00bb\u00a0\u00bb]Comment aller l\u00e0: Voiture: Si vous venez de Cologne, prenez l&rsquo;autoroute A1 Euskirchen jusqu&rsquo;\u00e0 la sortie Blankenheim. Quittez l&rsquo;autoroute (sortie Blankenheim) et [&hellip;]\" \/>\n<meta property=\"og:url\" content=\"https:\/\/www.muehlebirgel.de\/fr\/comment-se-rendre-au-moulin-a-eau-historique\/\" \/>\n<meta property=\"og:site_name\" content=\"Historische Wasserm\u00fchle Birgel\" \/>\n<meta property=\"article:modified_time\" content=\"2025-02-01T09:04:46+00:00\" \/>\n<meta property=\"og:image\" content=\"https:\/\/www.muehlebirgel.de\/wp-content\/uploads\/2009\/04\/C6663148.gif\" \/>\n\t<meta property=\"og:image:width\" content=\"150\" \/>\n\t<meta property=\"og:image:height\" content=\"60\" \/>\n\t<meta property=\"og:image:type\" content=\"image\/gif\" \/>\n<meta name=\"twitter:card\" content=\"summary_large_image\" \/>\n<meta name=\"twitter:label1\" content=\"Dur\u00e9e de lecture estim\u00e9e\" \/>\n\t<meta name=\"twitter:data1\" content=\"2 minutes\" \/>\n<script type=\"application\/ld+json\" class=\"yoast-schema-graph\">{\"@context\":\"https:\\\/\\\/schema.org\",\"@graph\":[{\"@type\":\"WebPage\",\"@id\":\"https:\\\/\\\/www.muehlebirgel.de\\\/fr\\\/comment-se-rendre-au-moulin-a-eau-historique\",\"url\":\"https:\\\/\\\/www.muehlebirgel.de\\\/fr\\\/comment-se-rendre-au-moulin-a-eau-historique\",\"name\":\"Comment se rendre au moulin \u00e0 eau historique - Historische Wasserm\u00fchle Birgel\",\"isPartOf\":{\"@id\":\"https:\\\/\\\/www.muehlebirgel.de\\\/fr\\\/#website\"},\"primaryImageOfPage\":{\"@id\":\"https:\\\/\\\/www.muehlebirgel.de\\\/fr\\\/comment-se-rendre-au-moulin-a-eau-historique#primaryimage\"},\"image\":{\"@id\":\"https:\\\/\\\/www.muehlebirgel.de\\\/fr\\\/comment-se-rendre-au-moulin-a-eau-historique#primaryimage\"},\"thumbnailUrl\":\"https:\\\/\\\/www.muehlebirgel.de\\\/wp-content\\\/uploads\\\/2009\\\/04\\\/C6663148.gif\",\"datePublished\":\"2021-12-10T14:56:52+00:00\",\"dateModified\":\"2025-02-01T09:04:46+00:00\",\"breadcrumb\":{\"@id\":\"https:\\\/\\\/www.muehlebirgel.de\\\/fr\\\/comment-se-rendre-au-moulin-a-eau-historique#breadcrumb\"},\"inLanguage\":\"fr-FR\",\"potentialAction\":[{\"@type\":\"ReadAction\",\"target\":[\"https:\\\/\\\/www.muehlebirgel.de\\\/fr\\\/comment-se-rendre-au-moulin-a-eau-historique\"]}]},{\"@type\":\"ImageObject\",\"inLanguage\":\"fr-FR\",\"@id\":\"https:\\\/\\\/www.muehlebirgel.de\\\/fr\\\/comment-se-rendre-au-moulin-a-eau-historique#primaryimage\",\"url\":\"https:\\\/\\\/www.muehlebirgel.de\\\/wp-content\\\/uploads\\\/2009\\\/04\\\/C6663148.gif\",\"contentUrl\":\"https:\\\/\\\/www.muehlebirgel.de\\\/wp-content\\\/uploads\\\/2009\\\/04\\\/C6663148.gif\"},{\"@type\":\"BreadcrumbList\",\"@id\":\"https:\\\/\\\/www.muehlebirgel.de\\\/fr\\\/comment-se-rendre-au-moulin-a-eau-historique#breadcrumb\",\"itemListElement\":[{\"@type\":\"ListItem\",\"position\":1,\"name\":\"Startseite\",\"item\":\"https:\\\/\\\/www.muehlebirgel.de\\\/fr\"},{\"@type\":\"ListItem\",\"position\":2,\"name\":\"Contacter\",\"item\":\"https:\\\/\\\/www.muehlebirgel.de\\\/fr\\\/contacter\\\/\"},{\"@type\":\"ListItem\",\"position\":3,\"name\":\"Comment se rendre au moulin \u00e0 eau historique\"}]},{\"@type\":\"WebSite\",\"@id\":\"https:\\\/\\\/www.muehlebirgel.de\\\/fr\\\/#website\",\"url\":\"https:\\\/\\\/www.muehlebirgel.de\\\/fr\\\/\",\"name\":\"Historische Wasserm\u00fchle Birgel\",\"description\":\"Willkommen im M\u00fchlen-Erlebniszentrum\",\"publisher\":{\"@id\":\"https:\\\/\\\/www.muehlebirgel.de\\\/fr\\\/#organization\"},\"potentialAction\":[{\"@type\":\"SearchAction\",\"target\":{\"@type\":\"EntryPoint\",\"urlTemplate\":\"https:\\\/\\\/www.muehlebirgel.de\\\/fr\\\/?s={search_term_string}\"},\"query-input\":{\"@type\":\"PropertyValueSpecification\",\"valueRequired\":true,\"valueName\":\"search_term_string\"}}],\"inLanguage\":\"fr-FR\"},{\"@type\":\"Organization\",\"@id\":\"https:\\\/\\\/www.muehlebirgel.de\\\/fr\\\/#organization\",\"name\":\"Historische Wasserm\u00fchle Birgel\",\"url\":\"https:\\\/\\\/www.muehlebirgel.de\\\/fr\\\/\",\"logo\":{\"@type\":\"ImageObject\",\"inLanguage\":\"fr-FR\",\"@id\":\"https:\\\/\\\/www.muehlebirgel.de\\\/fr\\\/#\\\/schema\\\/logo\\\/image\\\/\",\"url\":\"https:\\\/\\\/www.muehlebirgel.de\\\/wp-content\\\/uploads\\\/logo-muehle-schwarz.webp\",\"contentUrl\":\"https:\\\/\\\/www.muehlebirgel.de\\\/wp-content\\\/uploads\\\/logo-muehle-schwarz.webp\",\"width\":2140,\"height\":1803,\"caption\":\"Historische Wasserm\u00fchle Birgel\"},\"image\":{\"@id\":\"https:\\\/\\\/www.muehlebirgel.de\\\/fr\\\/#\\\/schema\\\/logo\\\/image\\\/\"}}]}<\/script>\n<!-- \/ Yoast SEO plugin. -->","yoast_head_json":{"title":"Comment se rendre au moulin \u00e0 eau historique - Historische Wasserm\u00fchle Birgel","robots":{"index":"noindex","follow":"follow","max-snippet":"max-snippet:-1","max-image-preview":"max-image-preview:large","max-video-preview":"max-video-preview:-1"},"og_locale":"fr_FR","og_type":"article","og_title":"Comment se rendre au moulin \u00e0 eau historique - Historische Wasserm\u00fchle Birgel","og_description":"[vc_row][vc_column][vc_column_text]Moulin \u00e0 eau historique Birgel M\u00fchlenstra\u00dfe 1 D-54587 Birgel\/Vulkaneifel T\u00e9l\u00e9phone 0 65 97 \/ 92 82 &#8211; 0 T\u00e9l\u00e9fax 0 65 97 \/ 92 82 &#8211; 149 Itin\u00e9raire au format PDF&gt;&gt; [\/vc_column_text][vc_gmaps link=\u00a0\u00bb#E-8_JTNDaWZyYW1lJTIwc3JjJTNEJTIyaHR0cHMlM0ElMkYlMkZ3d3cuZ29vZ2xlLmNvbSUyRm1hcHMlMkZlbWJlZCUzRnBiJTNEJTIxMW0xOCUyMTFtMTIlMjExbTMlMjExZDY0ODE0MC43OTUzNzI2MTE4JTIxMmQ2LjIxNzYyMDY0MzE1MDI3OCUyMTNkNTAuNjEyMjYxODk3MDcxMzklMjEybTMlMjExZjAlMjEyZjAlMjEzZjAlMjEzbTIlMjExaTEwMjQlMjEyaTc2OCUyMTRmMTMuMSUyMTNtMyUyMTFtMiUyMTFzMHg0N2JmYmNiNmJhMGYxYjUzJTI1M0EweGIyNGJhODRkOThiOGFiMzclMjEyc0VpZmVsJTI1MjBIb3RlbCUyNTIwLSUyNTIwSGlzdG9yaXNjaGUlMjUyMFdhc3Nlcm0lMjVDMyUyNUJDaGxlJTI1MjBCaXJnZWwlMjE1ZTAlMjEzbTIlMjExc2RlJTIxMnNkZSUyMTR2MTU3NjUyNzQ0Mjk1MyUyMTVtMiUyMTFzZGUlMjEyc2RlJTIyJTIwd2lkdGglM0QlMjI2MDAlMjIlMjBoZWlnaHQlM0QlMjI0NTAlMjIlMjBmcmFtZWJvcmRlciUzRCUyMjAlMjIlMjBzdHlsZSUzRCUyMmJvcmRlciUzQTAlM0IlMjIlMjBhbGxvd2Z1bGxzY3JlZW4lM0QlMjIlMjIlM0UlM0MlMkZpZnJhbWUlM0U=\u00a0\u00bb][vc_column_text css=\u00a0\u00bb\u00a0\u00bb]Comment aller l\u00e0: Voiture: Si vous venez de Cologne, prenez l&rsquo;autoroute A1 Euskirchen jusqu&rsquo;\u00e0 la sortie Blankenheim. Quittez l&rsquo;autoroute (sortie Blankenheim) et [&hellip;]","og_url":"https:\/\/www.muehlebirgel.de\/fr\/comment-se-rendre-au-moulin-a-eau-historique\/","og_site_name":"Historische Wasserm\u00fchle Birgel","article_modified_time":"2025-02-01T09:04:46+00:00","og_image":[{"width":150,"height":60,"url":"https:\/\/www.muehlebirgel.de\/wp-content\/uploads\/2009\/04\/C6663148.gif","type":"image\/gif"}],"twitter_card":"summary_large_image","twitter_misc":{"Dur\u00e9e de lecture estim\u00e9e":"2 minutes"},"schema":{"@context":"https:\/\/schema.org","@graph":[{"@type":"WebPage","@id":"https:\/\/www.muehlebirgel.de\/fr\/comment-se-rendre-au-moulin-a-eau-historique","url":"https:\/\/www.muehlebirgel.de\/fr\/comment-se-rendre-au-moulin-a-eau-historique","name":"Comment se rendre au moulin \u00e0 eau historique - Historische Wasserm\u00fchle Birgel","isPartOf":{"@id":"https:\/\/www.muehlebirgel.de\/fr\/#website"},"primaryImageOfPage":{"@id":"https:\/\/www.muehlebirgel.de\/fr\/comment-se-rendre-au-moulin-a-eau-historique#primaryimage"},"image":{"@id":"https:\/\/www.muehlebirgel.de\/fr\/comment-se-rendre-au-moulin-a-eau-historique#primaryimage"},"thumbnailUrl":"https:\/\/www.muehlebirgel.de\/wp-content\/uploads\/2009\/04\/C6663148.gif","datePublished":"2021-12-10T14:56:52+00:00","dateModified":"2025-02-01T09:04:46+00:00","breadcrumb":{"@id":"https:\/\/www.muehlebirgel.de\/fr\/comment-se-rendre-au-moulin-a-eau-historique#breadcrumb"},"inLanguage":"fr-FR","potentialAction":[{"@type":"ReadAction","target":["https:\/\/www.muehlebirgel.de\/fr\/comment-se-rendre-au-moulin-a-eau-historique"]}]},{"@type":"ImageObject","inLanguage":"fr-FR","@id":"https:\/\/www.muehlebirgel.de\/fr\/comment-se-rendre-au-moulin-a-eau-historique#primaryimage","url":"https:\/\/www.muehlebirgel.de\/wp-content\/uploads\/2009\/04\/C6663148.gif","contentUrl":"https:\/\/www.muehlebirgel.de\/wp-content\/uploads\/2009\/04\/C6663148.gif"},{"@type":"BreadcrumbList","@id":"https:\/\/www.muehlebirgel.de\/fr\/comment-se-rendre-au-moulin-a-eau-historique#breadcrumb","itemListElement":[{"@type":"ListItem","position":1,"name":"Startseite","item":"https:\/\/www.muehlebirgel.de\/fr"},{"@type":"ListItem","position":2,"name":"Contacter","item":"https:\/\/www.muehlebirgel.de\/fr\/contacter\/"},{"@type":"ListItem","position":3,"name":"Comment se rendre au moulin \u00e0 eau historique"}]},{"@type":"WebSite","@id":"https:\/\/www.muehlebirgel.de\/fr\/#website","url":"https:\/\/www.muehlebirgel.de\/fr\/","name":"Historische Wasserm\u00fchle Birgel","description":"Willkommen im M\u00fchlen-Erlebniszentrum","publisher":{"@id":"https:\/\/www.muehlebirgel.de\/fr\/#organization"},"potentialAction":[{"@type":"SearchAction","target":{"@type":"EntryPoint","urlTemplate":"https:\/\/www.muehlebirgel.de\/fr\/?s={search_term_string}"},"query-input":{"@type":"PropertyValueSpecification","valueRequired":true,"valueName":"search_term_string"}}],"inLanguage":"fr-FR"},{"@type":"Organization","@id":"https:\/\/www.muehlebirgel.de\/fr\/#organization","name":"Historische Wasserm\u00fchle Birgel","url":"https:\/\/www.muehlebirgel.de\/fr\/","logo":{"@type":"ImageObject","inLanguage":"fr-FR","@id":"https:\/\/www.muehlebirgel.de\/fr\/#\/schema\/logo\/image\/","url":"https:\/\/www.muehlebirgel.de\/wp-content\/uploads\/logo-muehle-schwarz.webp","contentUrl":"https:\/\/www.muehlebirgel.de\/wp-content\/uploads\/logo-muehle-schwarz.webp","width":2140,"height":1803,"caption":"Historische Wasserm\u00fchle Birgel"},"image":{"@id":"https:\/\/www.muehlebirgel.de\/fr\/#\/schema\/logo\/image\/"}}]}},"_links":{"self":[{"href":"https:\/\/www.muehlebirgel.de\/fr\/wp-json\/wp\/v2\/pages\/9688","targetHints":{"allow":["GET"]}}],"collection":[{"href":"https:\/\/www.muehlebirgel.de\/fr\/wp-json\/wp\/v2\/pages"}],"about":[{"href":"https:\/\/www.muehlebirgel.de\/fr\/wp-json\/wp\/v2\/types\/page"}],"author":[{"embeddable":true,"href":"https:\/\/www.muehlebirgel.de\/fr\/wp-json\/wp\/v2\/users\/1"}],"replies":[{"embeddable":true,"href":"https:\/\/www.muehlebirgel.de\/fr\/wp-json\/wp\/v2\/comments?post=9688"}],"version-history":[{"count":24,"href":"https:\/\/www.muehlebirgel.de\/fr\/wp-json\/wp\/v2\/pages\/9688\/revisions"}],"predecessor-version":[{"id":50829,"href":"https:\/\/www.muehlebirgel.de\/fr\/wp-json\/wp\/v2\/pages\/9688\/revisions\/50829"}],"up":[{"embeddable":true,"href":"https:\/\/www.muehlebirgel.de\/fr\/wp-json\/wp\/v2\/pages\/9659"}],"wp:attachment":[{"href":"https:\/\/www.muehlebirgel.de\/fr\/wp-json\/wp\/v2\/media?parent=9688"}],"wp:term":[{"taxonomy":"category","embeddable":true,"href":"https:\/\/www.muehlebirgel.de\/fr\/wp-json\/wp\/v2\/categories?post=9688"}],"curies":[{"name":"wp","href":"https:\/\/api.w.org\/{rel}","templated":true}]}}