{"id":9705,"date":"2021-12-10T14:57:05","date_gmt":"2021-12-10T14:57:05","guid":{"rendered":"https:\/\/www.muehlebirgel.de\/dates-et-evenements-dans-le-moulin-a-eau-historique\/"},"modified":"2024-12-12T16:08:49","modified_gmt":"2024-12-12T15:08:49","slug":"rendez-vous-et-evenements-dans-le-moulin-a-eau-historique","status":"publish","type":"page","link":"https:\/\/www.muehlebirgel.de\/fr\/dates-et-evenements-dans-le-moulin-a-eau-historique\/","title":{"rendered":"Dates et \u00e9v\u00e9nements dans le moulin \u00e0 eau historique"},"content":{"rendered":"<p>[vc_row][vc_column][vc_column_text][jib_events events=\u00a0\u00bbfuture\u00a0\u00bb events_on_page=\u00a0\u00bb30&Prime; order=\u00a0\u00bbasc\u00a0\u00bb][\/vc_column_text][\/vc_column][\/vc_row][vc_row css=\u00a0\u00bb.vc_custom_1664514296531{margin-bottom: 5px !important;}\u00a0\u00bb conditional_render=\u00a0\u00bb%5B%7B%22value_role%22%3A%22administrator%22%7D%5D\u00a0\u00bb][vc_column][vc_column_text]<\/p>\n<h2>R\u00e9serve maintenant nos points forts :<\/h2>\n<p>[\/vc_column_text][\/vc_column][\/vc_row][vc_row][vc_column width=\u00a0\u00bb1\/3&Prime;][porto_image_frame shape=\u00a0\u00bbthumbnail\u00a0\u00bb link=\u00a0\u00bburl:https%3A%2F%2Fdev.muehlebirgel.de%2Ftechnik-museum-in-aktion|title:Back-%20und%20Senfkurs\u00a0\u00bb image_id=\u00a0\u00bb47667&Prime; label=\u00a0\u00bb\u00a0\u00bb][\/porto_image_frame][vc_column_text css=\u00a0\u00bb\u00a0\u00bb css_params=\u00a0\u00bb\u00a0\u00bb]<\/p>\n<p style=\"text-align: center;\"><a href=\"https:\/\/www.muehlebirgel.de\/fr\/musee-technique\/\"><b>Technikmuseum<\/b><\/a><\/p>\n<p>[\/vc_column_text][\/vc_column][vc_column width=\u00a0\u00bb1\/3&Prime;][porto_image_frame shape=\u00a0\u00bbthumbnail\u00a0\u00bb link=\u00a0\u00bburl:https%3A%2F%2Fdev.muehlebirgel.de%2Fromantischer-back-und-senfkurs%2F|title:Back-%20und%20Senfkurs\u00a0\u00bb image_id=\u00a0\u00bb53&Prime;][\/porto_image_frame][vc_column_text]<\/p>\n<p style=\"text-align: center;\"><a href=\"https:\/\/www.muehlebirgel.de\/fr\/cours-romantique-de-patisserie-et-moutarde\/\"><strong>Cours de p\u00e2tisserie et moutarde<\/strong><\/a><\/p>\n<p>[\/vc_column_text][\/vc_column][vc_column width=\u00a0\u00bb1\/3&Prime;][porto_image_frame shape=\u00a0\u00bbthumbnail\u00a0\u00bb link=\u00a0\u00bburl:https%3A%2F%2Fdev.muehlebirgel.de%2Fmuehlen-aktionstage-in-der-historischen-wassermuehle-birgel%2F|title:M%C3%BChlen-Aktionstage\u00a0\u00bb image_id=\u00a0\u00bb50&Prime;][\/porto_image_frame][vc_column_text]<\/p>\n<p style=\"text-align: center;\"><a href=\"https:\/\/www.muehlebirgel.de\/fr\/journees-daction-du-moulin-dans-le-moulin-a-eau-historique-birgel\/\"><b>Journ\u00e9es d&rsquo;action des moulins<\/b><\/a><\/p>\n<p>[\/vc_column_text][\/vc_column][\/vc_row][vc_row][vc_column width=\u00a0\u00bb1\/3&Prime;][porto_image_frame shape=\u00a0\u00bbthumbnail\u00a0\u00bb link=\u00a0\u00bburl:https%3A%2F%2Fdev.muehlebirgel.de%2Fkoelsche-muehlenabend%2F|title:K%C3%B6lsche%20M%C3%BChlenabend\u00a0\u00bb image_id=\u00a0\u00bb11912&Prime;][\/porto_image_frame][vc_column_text]<\/p>\n<p style=\"text-align: center;\"><a href=\"https:\/\/www.muehlebirgel.de\/fr\/diner-et-celebrer-historiquement\/\"><b>Soir\u00e9e moulin de Cologne<\/b><\/a><\/p>\n<p>[\/vc_column_text][\/vc_column][vc_column width=\u00a0\u00bb1\/3&Prime;][porto_image_frame shape=\u00a0\u00bbthumbnail\u00a0\u00bb link=\u00a0\u00bburl:https%3A%2F%2Fdev.muehlebirgel.de%2Flegendaerer-jazz-brunch-in-der-eifel%2F|title:Jazz%20Brunch\u00a0\u00bb image_id=\u00a0\u00bb11916&Prime;][\/porto_image_frame][vc_column_text]<\/p>\n<p style=\"text-align: center;\"><a href=\"https:\/\/www.muehlebirgel.de\/fr\/jazz-brunch\/\"><b>Brunch jazz<\/b><\/a><\/p>\n<p>[\/vc_column_text][\/vc_column][vc_column width=\u00a0\u00bb1\/3&Prime;][porto_image_frame shape=\u00a0\u00bbthumbnail\u00a0\u00bb link=\u00a0\u00bburl:https%3A%2F%2Fdev.muehlebirgel.de%2Fmuehlen-aktiv-programm%2F|title:M%C3%BChlen-Aktiv-Programm\u00a0\u00bb image_id=\u00a0\u00bb532&Prime;][\/porto_image_frame][vc_column_text]<\/p>\n<p style=\"text-align: center;\"><a href=\"https:\/\/www.muehlebirgel.de\/fr\/programme-moulin-actif\/\"><b>M\u00fchlen-Aktiv-Programm<\/b><\/a><\/p>\n<p>[\/vc_column_text][\/vc_column][\/vc_row][vc_row][vc_column width=\u00a0\u00bb1\/3&Prime;][porto_image_frame shape=\u00a0\u00bbthumbnail\u00a0\u00bb link=\u00a0\u00bburl:https%3A%2F%2Fdev.muehlebirgel.de%2Fschnapsbrennen-mit-erwin-v-d-muehle%2F|title:Schnapsbrennen%20mit%20Erwin%20von%20der%20M%C3%BChle\u00a0\u00bb image_id=\u00a0\u00bb11928&Prime;][\/porto_image_frame][vc_column_text]<\/p>\n<p style=\"text-align: center;\"><a href=\"https:\/\/www.muehlebirgel.de\/fr\/schnapsbrenn-kurs\/\"><b>Distillation d&rsquo;eau-de-vie<\/b><\/a><\/p>\n<p>[\/vc_column_text][\/vc_column][vc_column width=\u00a0\u00bb1\/3&Prime;][porto_image_frame shape=\u00a0\u00bbthumbnail\u00a0\u00bb link=\u00a0\u00bburl:https%3A%2F%2Fdev.muehlebirgel.de%2Funterhaltungsprogramme%2F\u00a0\u00bb image_id=\u00a0\u00bb194&Prime;][\/porto_image_frame][vc_column_text]<\/p>\n<p style=\"text-align: center;\"><a href=\"https:\/\/www.muehlebirgel.de\/fr\/programmes-de-divertissement\/\"><b>Unterhaltungsprogramm<\/b><\/a><\/p>\n<p>[\/vc_column_text][\/vc_column][vc_column width=\u00a0\u00bb1\/3&Prime;][porto_image_frame shape=\u00a0\u00bbthumbnail\u00a0\u00bb link=\u00a0\u00bburl:https%3A%2F%2Fdev.muehlebirgel.de%2Fbierbrauen-mit-erwin%2F|title:Bierbrauen%20mit%20Erwin\u00a0\u00bb image_id=\u00a0\u00bb12611&Prime;][\/porto_image_frame][vc_column_text]<\/p>\n<p style=\"text-align: center;\"><a href=\"https:\/\/www.muehlebirgel.de\/fr\/brassage-de-biere-avec-erwin\/\"><b>Arrangement de brassage de bi\u00e8re<\/b><\/a><\/p>\n<p>[\/vc_column_text][\/vc_column][\/vc_row][vc_row][vc_column width=\u00a0\u00bb1\/3&Prime;][porto_image_frame shape=\u00a0\u00bbthumbnail\u00a0\u00bb link=\u00a0\u00bburl:https%3A%2F%2Fdev.muehlebirgel.de%2Fschnapsbrennen-mit-erwin-v-d-muehle%2F|title:Schnapsbrennen%20mit%20Erwin%20von%20der%20M%C3%BChle\u00a0\u00bb image_id=\u00a0\u00bb27341&Prime;][\/porto_image_frame][vc_column_text]<\/p>\n<p style=\"text-align: center;\"><a href=\"https:\/\/www.muehlebirgel.de\/fr\/journee-allemande-de-la-farine\/\"><b>Journ\u00e9e allemande des moulins<\/b><\/a><\/p>\n<p>[\/vc_column_text][\/vc_column][vc_column width=\u00a0\u00bb1\/3&Prime;][porto_image_frame shape=\u00a0\u00bbthumbnail\u00a0\u00bb link=\u00a0\u00bburl:https%3A%2F%2Fdev.muehlebirgel.de%2Fhistorische-dampfmaschine%2F|title:Schnapsbrennen%20mit%20Erwin%20von%20der%20M%C3%BChle\u00a0\u00bb image_id=\u00a0\u00bb13468&Prime;][\/porto_image_frame][vc_column_text]<\/p>\n<p style=\"text-align: center;\"><a href=\"https:\/\/www.muehlebirgel.de\/fr\/dampfmaschine-in-aktion\/\"><br \/>\n  <b>Machine \u00e0 vapeur historique<\/b><br \/>\n<\/a> (d\u00e9monstration)<\/p>\n<p>[\/vc_column_text][\/vc_column][vc_column width=\u00a0\u00bb1\/3&Prime;][\/vc_column][\/vc_row][vc_row][vc_column][vc_column_text]<\/p>\n<hr>\n<p>&nbsp;<\/p>\n<p><strong>Nous nous r\u00e9jouissons de votre demande au num\u00e9ro de t\u00e9l\u00e9phone 06597\/92820 ou via notre <a href=\"https:\/\/www.muehlebirgel.de\/fr\/contact\/\">formulaire de contact<\/a>!<\/strong><\/p>\n<p>&nbsp;<\/p>\n<hr>\n<p>[\/vc_column_text][\/vc_column][\/vc_row]<\/p>\n","protected":false},"excerpt":{"rendered":"<p>[vc_row][vc_column][vc_column_text][jib_events events=\u00a0\u00bbfuture\u00a0\u00bb events_on_page=\u00a0\u00bb30&Prime; order=\u00a0\u00bbasc\u00a0\u00bb][\/vc_column_text][\/vc_column][\/vc_row][vc_row css=\u00a0\u00bb.vc_custom_1664514296531{margin-bottom: 5px !important;}\u00a0\u00bb conditional_render=\u00a0\u00bb%5B%7B%22value_role%22%3A%22administrator%22%7D%5D\u00a0\u00bb][vc_column][vc_column_text] R\u00e9serve maintenant nos points forts : [\/vc_column_text][\/vc_column][\/vc_row][vc_row][vc_column width=\u00a0\u00bb1\/3&Prime;][porto_image_frame shape=\u00a0\u00bbthumbnail\u00a0\u00bb link=\u00a0\u00bburl:https%3A%2F%2Fdev.muehlebirgel.de%2Ftechnik-museum-in-aktion|title:Back-%20und%20Senfkurs\u00a0\u00bb image_id=\u00a0\u00bb47667&Prime; label=\u00a0\u00bb\u00a0\u00bb][\/porto_image_frame][vc_column_text css=\u00a0\u00bb\u00a0\u00bb css_params=\u00a0\u00bb\u00a0\u00bb] Technikmuseum [\/vc_column_text][\/vc_column][vc_column width=\u00a0\u00bb1\/3&Prime;][porto_image_frame shape=\u00a0\u00bbthumbnail\u00a0\u00bb link=\u00a0\u00bburl:https%3A%2F%2Fdev.muehlebirgel.de%2Fromantischer-back-und-senfkurs%2F|title:Back-%20und%20Senfkurs\u00a0\u00bb image_id=\u00a0\u00bb53&Prime;][\/porto_image_frame][vc_column_text] Cours de p\u00e2tisserie et moutarde [\/vc_column_text][\/vc_column][vc_column width=\u00a0\u00bb1\/3&Prime;][porto_image_frame shape=\u00a0\u00bbthumbnail\u00a0\u00bb link=\u00a0\u00bburl:https%3A%2F%2Fdev.muehlebirgel.de%2Fmuehlen-aktionstage-in-der-historischen-wassermuehle-birgel%2F|title:M%C3%BChlen-Aktionstage\u00a0\u00bb image_id=\u00a0\u00bb50&Prime;][\/porto_image_frame][vc_column_text] Journ\u00e9es d&rsquo;action des moulins [\/vc_column_text][\/vc_column][\/vc_row][vc_row][vc_column width=\u00a0\u00bb1\/3&Prime;][porto_image_frame shape=\u00a0\u00bbthumbnail\u00a0\u00bb link=\u00a0\u00bburl:https%3A%2F%2Fdev.muehlebirgel.de%2Fkoelsche-muehlenabend%2F|title:K%C3%B6lsche%20M%C3%BChlenabend\u00a0\u00bb image_id=\u00a0\u00bb11912&Prime;][\/porto_image_frame][vc_column_text] Soir\u00e9e moulin de Cologne [\/vc_column_text][\/vc_column][vc_column width=\u00a0\u00bb1\/3&Prime;][porto_image_frame shape=\u00a0\u00bbthumbnail\u00a0\u00bb link=\u00a0\u00bburl:https%3A%2F%2Fdev.muehlebirgel.de%2Flegendaerer-jazz-brunch-in-der-eifel%2F|title:Jazz%20Brunch\u00a0\u00bb [&hellip;]<\/p>\n","protected":false},"author":1,"featured_media":0,"parent":0,"menu_order":6,"comment_status":"closed","ping_status":"closed","template":"","meta":{"footnotes":""},"categories":[],"class_list":["post-9705","page","type-page","status-publish","hentry"],"yoast_head":"<!-- This site is optimized with the Yoast SEO plugin v27.4 - https:\/\/yoast.com\/product\/yoast-seo-wordpress\/ -->\n<title>Dates et \u00e9v\u00e9nements dans le moulin \u00e0 eau historique - Historische Wasserm\u00fchle Birgel<\/title>\n<meta name=\"robots\" content=\"noindex, follow, max-snippet:-1, max-image-preview:large, max-video-preview:-1\" \/>\n<meta property=\"og:locale\" content=\"fr_FR\" \/>\n<meta property=\"og:type\" content=\"article\" \/>\n<meta property=\"og:title\" content=\"Dates et \u00e9v\u00e9nements dans le moulin \u00e0 eau historique - Historische Wasserm\u00fchle Birgel\" \/>\n<meta property=\"og:description\" content=\"[vc_row][vc_column][vc_column_text][jib_events events=\u00a0\u00bbfuture\u00a0\u00bb events_on_page=\u00a0\u00bb30&Prime; order=\u00a0\u00bbasc\u00a0\u00bb][\/vc_column_text][\/vc_column][\/vc_row][vc_row css=\u00a0\u00bb.vc_custom_1664514296531{margin-bottom: 5px !important;}\u00a0\u00bb conditional_render=\u00a0\u00bb%5B%7B%22value_role%22%3A%22administrator%22%7D%5D\u00a0\u00bb][vc_column][vc_column_text] R\u00e9serve maintenant nos points forts : [\/vc_column_text][\/vc_column][\/vc_row][vc_row][vc_column width=\u00a0\u00bb1\/3&Prime;][porto_image_frame shape=\u00a0\u00bbthumbnail\u00a0\u00bb link=\u00a0\u00bburl:https%3A%2F%2Fdev.muehlebirgel.de%2Ftechnik-museum-in-aktion|title:Back-%20und%20Senfkurs\u00a0\u00bb image_id=\u00a0\u00bb47667&Prime; label=\u00a0\u00bb\u00a0\u00bb][\/porto_image_frame][vc_column_text css=\u00a0\u00bb\u00a0\u00bb css_params=\u00a0\u00bb\u00a0\u00bb] Technikmuseum [\/vc_column_text][\/vc_column][vc_column width=\u00a0\u00bb1\/3&Prime;][porto_image_frame shape=\u00a0\u00bbthumbnail\u00a0\u00bb link=\u00a0\u00bburl:https%3A%2F%2Fdev.muehlebirgel.de%2Fromantischer-back-und-senfkurs%2F|title:Back-%20und%20Senfkurs\u00a0\u00bb image_id=\u00a0\u00bb53&Prime;][\/porto_image_frame][vc_column_text] Cours de p\u00e2tisserie et moutarde [\/vc_column_text][\/vc_column][vc_column width=\u00a0\u00bb1\/3&Prime;][porto_image_frame shape=\u00a0\u00bbthumbnail\u00a0\u00bb link=\u00a0\u00bburl:https%3A%2F%2Fdev.muehlebirgel.de%2Fmuehlen-aktionstage-in-der-historischen-wassermuehle-birgel%2F|title:M%C3%BChlen-Aktionstage\u00a0\u00bb image_id=\u00a0\u00bb50&Prime;][\/porto_image_frame][vc_column_text] Journ\u00e9es d&rsquo;action des moulins [\/vc_column_text][\/vc_column][\/vc_row][vc_row][vc_column width=\u00a0\u00bb1\/3&Prime;][porto_image_frame shape=\u00a0\u00bbthumbnail\u00a0\u00bb link=\u00a0\u00bburl:https%3A%2F%2Fdev.muehlebirgel.de%2Fkoelsche-muehlenabend%2F|title:K%C3%B6lsche%20M%C3%BChlenabend\u00a0\u00bb image_id=\u00a0\u00bb11912&Prime;][\/porto_image_frame][vc_column_text] Soir\u00e9e moulin de Cologne [\/vc_column_text][\/vc_column][vc_column width=\u00a0\u00bb1\/3&Prime;][porto_image_frame shape=\u00a0\u00bbthumbnail\u00a0\u00bb link=\u00a0\u00bburl:https%3A%2F%2Fdev.muehlebirgel.de%2Flegendaerer-jazz-brunch-in-der-eifel%2F|title:Jazz%20Brunch\u00a0\u00bb [&hellip;]\" \/>\n<meta property=\"og:url\" content=\"https:\/\/www.muehlebirgel.de\/fr\/dates-et-evenements-dans-le-moulin-a-eau-historique\/\" \/>\n<meta property=\"og:site_name\" content=\"Historische Wasserm\u00fchle Birgel\" \/>\n<meta property=\"article:modified_time\" content=\"2024-12-12T15:08:49+00:00\" \/>\n<meta name=\"twitter:card\" content=\"summary_large_image\" \/>\n<meta name=\"twitter:label1\" content=\"Dur\u00e9e de lecture estim\u00e9e\" \/>\n\t<meta name=\"twitter:data1\" content=\"3 minutes\" \/>\n<script type=\"application\/ld+json\" class=\"yoast-schema-graph\">{\"@context\":\"https:\\\/\\\/schema.org\",\"@graph\":[{\"@type\":\"WebPage\",\"@id\":\"https:\\\/\\\/www.muehlebirgel.de\\\/fr\\\/dates-et-evenements-dans-le-moulin-a-eau-historique\\\/\",\"url\":\"https:\\\/\\\/www.muehlebirgel.de\\\/fr\\\/dates-et-evenements-dans-le-moulin-a-eau-historique\\\/\",\"name\":\"Dates et \u00e9v\u00e9nements dans le moulin \u00e0 eau historique - Historische Wasserm\u00fchle Birgel\",\"isPartOf\":{\"@id\":\"https:\\\/\\\/www.muehlebirgel.de\\\/fr\\\/#website\"},\"datePublished\":\"2021-12-10T14:57:05+00:00\",\"dateModified\":\"2024-12-12T15:08:49+00:00\",\"breadcrumb\":{\"@id\":\"https:\\\/\\\/www.muehlebirgel.de\\\/fr\\\/dates-et-evenements-dans-le-moulin-a-eau-historique\\\/#breadcrumb\"},\"inLanguage\":\"fr-FR\",\"potentialAction\":[{\"@type\":\"ReadAction\",\"target\":[\"https:\\\/\\\/www.muehlebirgel.de\\\/fr\\\/dates-et-evenements-dans-le-moulin-a-eau-historique\\\/\"]}]},{\"@type\":\"BreadcrumbList\",\"@id\":\"https:\\\/\\\/www.muehlebirgel.de\\\/fr\\\/dates-et-evenements-dans-le-moulin-a-eau-historique\\\/#breadcrumb\",\"itemListElement\":[{\"@type\":\"ListItem\",\"position\":1,\"name\":\"Startseite\",\"item\":\"https:\\\/\\\/www.muehlebirgel.de\\\/fr\\\/\"},{\"@type\":\"ListItem\",\"position\":2,\"name\":\"Dates et \u00e9v\u00e9nements dans le moulin \u00e0 eau historique\"}]},{\"@type\":\"WebSite\",\"@id\":\"https:\\\/\\\/www.muehlebirgel.de\\\/fr\\\/#website\",\"url\":\"https:\\\/\\\/www.muehlebirgel.de\\\/fr\\\/\",\"name\":\"Historische Wasserm\u00fchle Birgel\",\"description\":\"Willkommen im M\u00fchlen-Erlebniszentrum\",\"publisher\":{\"@id\":\"https:\\\/\\\/www.muehlebirgel.de\\\/fr\\\/#organization\"},\"potentialAction\":[{\"@type\":\"SearchAction\",\"target\":{\"@type\":\"EntryPoint\",\"urlTemplate\":\"https:\\\/\\\/www.muehlebirgel.de\\\/fr\\\/?s={search_term_string}\"},\"query-input\":{\"@type\":\"PropertyValueSpecification\",\"valueRequired\":true,\"valueName\":\"search_term_string\"}}],\"inLanguage\":\"fr-FR\"},{\"@type\":\"Organization\",\"@id\":\"https:\\\/\\\/www.muehlebirgel.de\\\/fr\\\/#organization\",\"name\":\"Historische Wasserm\u00fchle Birgel\",\"url\":\"https:\\\/\\\/www.muehlebirgel.de\\\/fr\\\/\",\"logo\":{\"@type\":\"ImageObject\",\"inLanguage\":\"fr-FR\",\"@id\":\"https:\\\/\\\/www.muehlebirgel.de\\\/fr\\\/#\\\/schema\\\/logo\\\/image\\\/\",\"url\":\"https:\\\/\\\/www.muehlebirgel.de\\\/wp-content\\\/uploads\\\/logo-muehle-schwarz.webp\",\"contentUrl\":\"https:\\\/\\\/www.muehlebirgel.de\\\/wp-content\\\/uploads\\\/logo-muehle-schwarz.webp\",\"width\":2140,\"height\":1803,\"caption\":\"Historische Wasserm\u00fchle Birgel\"},\"image\":{\"@id\":\"https:\\\/\\\/www.muehlebirgel.de\\\/fr\\\/#\\\/schema\\\/logo\\\/image\\\/\"}}]}<\/script>\n<!-- \/ Yoast SEO plugin. -->","yoast_head_json":{"title":"Dates et \u00e9v\u00e9nements dans le moulin \u00e0 eau historique - Historische Wasserm\u00fchle Birgel","robots":{"index":"noindex","follow":"follow","max-snippet":"max-snippet:-1","max-image-preview":"max-image-preview:large","max-video-preview":"max-video-preview:-1"},"og_locale":"fr_FR","og_type":"article","og_title":"Dates et \u00e9v\u00e9nements dans le moulin \u00e0 eau historique - Historische Wasserm\u00fchle Birgel","og_description":"[vc_row][vc_column][vc_column_text][jib_events events=\u00a0\u00bbfuture\u00a0\u00bb events_on_page=\u00a0\u00bb30&Prime; order=\u00a0\u00bbasc\u00a0\u00bb][\/vc_column_text][\/vc_column][\/vc_row][vc_row css=\u00a0\u00bb.vc_custom_1664514296531{margin-bottom: 5px !important;}\u00a0\u00bb conditional_render=\u00a0\u00bb%5B%7B%22value_role%22%3A%22administrator%22%7D%5D\u00a0\u00bb][vc_column][vc_column_text] R\u00e9serve maintenant nos points forts : [\/vc_column_text][\/vc_column][\/vc_row][vc_row][vc_column width=\u00a0\u00bb1\/3&Prime;][porto_image_frame shape=\u00a0\u00bbthumbnail\u00a0\u00bb link=\u00a0\u00bburl:https%3A%2F%2Fdev.muehlebirgel.de%2Ftechnik-museum-in-aktion|title:Back-%20und%20Senfkurs\u00a0\u00bb image_id=\u00a0\u00bb47667&Prime; label=\u00a0\u00bb\u00a0\u00bb][\/porto_image_frame][vc_column_text css=\u00a0\u00bb\u00a0\u00bb css_params=\u00a0\u00bb\u00a0\u00bb] Technikmuseum [\/vc_column_text][\/vc_column][vc_column width=\u00a0\u00bb1\/3&Prime;][porto_image_frame shape=\u00a0\u00bbthumbnail\u00a0\u00bb link=\u00a0\u00bburl:https%3A%2F%2Fdev.muehlebirgel.de%2Fromantischer-back-und-senfkurs%2F|title:Back-%20und%20Senfkurs\u00a0\u00bb image_id=\u00a0\u00bb53&Prime;][\/porto_image_frame][vc_column_text] Cours de p\u00e2tisserie et moutarde [\/vc_column_text][\/vc_column][vc_column width=\u00a0\u00bb1\/3&Prime;][porto_image_frame shape=\u00a0\u00bbthumbnail\u00a0\u00bb link=\u00a0\u00bburl:https%3A%2F%2Fdev.muehlebirgel.de%2Fmuehlen-aktionstage-in-der-historischen-wassermuehle-birgel%2F|title:M%C3%BChlen-Aktionstage\u00a0\u00bb image_id=\u00a0\u00bb50&Prime;][\/porto_image_frame][vc_column_text] Journ\u00e9es d&rsquo;action des moulins [\/vc_column_text][\/vc_column][\/vc_row][vc_row][vc_column width=\u00a0\u00bb1\/3&Prime;][porto_image_frame shape=\u00a0\u00bbthumbnail\u00a0\u00bb link=\u00a0\u00bburl:https%3A%2F%2Fdev.muehlebirgel.de%2Fkoelsche-muehlenabend%2F|title:K%C3%B6lsche%20M%C3%BChlenabend\u00a0\u00bb image_id=\u00a0\u00bb11912&Prime;][\/porto_image_frame][vc_column_text] Soir\u00e9e moulin de Cologne [\/vc_column_text][\/vc_column][vc_column width=\u00a0\u00bb1\/3&Prime;][porto_image_frame shape=\u00a0\u00bbthumbnail\u00a0\u00bb link=\u00a0\u00bburl:https%3A%2F%2Fdev.muehlebirgel.de%2Flegendaerer-jazz-brunch-in-der-eifel%2F|title:Jazz%20Brunch\u00a0\u00bb [&hellip;]","og_url":"https:\/\/www.muehlebirgel.de\/fr\/dates-et-evenements-dans-le-moulin-a-eau-historique\/","og_site_name":"Historische Wasserm\u00fchle Birgel","article_modified_time":"2024-12-12T15:08:49+00:00","twitter_card":"summary_large_image","twitter_misc":{"Dur\u00e9e de lecture estim\u00e9e":"3 minutes"},"schema":{"@context":"https:\/\/schema.org","@graph":[{"@type":"WebPage","@id":"https:\/\/www.muehlebirgel.de\/fr\/dates-et-evenements-dans-le-moulin-a-eau-historique\/","url":"https:\/\/www.muehlebirgel.de\/fr\/dates-et-evenements-dans-le-moulin-a-eau-historique\/","name":"Dates et \u00e9v\u00e9nements dans le moulin \u00e0 eau historique - Historische Wasserm\u00fchle Birgel","isPartOf":{"@id":"https:\/\/www.muehlebirgel.de\/fr\/#website"},"datePublished":"2021-12-10T14:57:05+00:00","dateModified":"2024-12-12T15:08:49+00:00","breadcrumb":{"@id":"https:\/\/www.muehlebirgel.de\/fr\/dates-et-evenements-dans-le-moulin-a-eau-historique\/#breadcrumb"},"inLanguage":"fr-FR","potentialAction":[{"@type":"ReadAction","target":["https:\/\/www.muehlebirgel.de\/fr\/dates-et-evenements-dans-le-moulin-a-eau-historique\/"]}]},{"@type":"BreadcrumbList","@id":"https:\/\/www.muehlebirgel.de\/fr\/dates-et-evenements-dans-le-moulin-a-eau-historique\/#breadcrumb","itemListElement":[{"@type":"ListItem","position":1,"name":"Startseite","item":"https:\/\/www.muehlebirgel.de\/fr\/"},{"@type":"ListItem","position":2,"name":"Dates et \u00e9v\u00e9nements dans le moulin \u00e0 eau historique"}]},{"@type":"WebSite","@id":"https:\/\/www.muehlebirgel.de\/fr\/#website","url":"https:\/\/www.muehlebirgel.de\/fr\/","name":"Historische Wasserm\u00fchle Birgel","description":"Willkommen im M\u00fchlen-Erlebniszentrum","publisher":{"@id":"https:\/\/www.muehlebirgel.de\/fr\/#organization"},"potentialAction":[{"@type":"SearchAction","target":{"@type":"EntryPoint","urlTemplate":"https:\/\/www.muehlebirgel.de\/fr\/?s={search_term_string}"},"query-input":{"@type":"PropertyValueSpecification","valueRequired":true,"valueName":"search_term_string"}}],"inLanguage":"fr-FR"},{"@type":"Organization","@id":"https:\/\/www.muehlebirgel.de\/fr\/#organization","name":"Historische Wasserm\u00fchle Birgel","url":"https:\/\/www.muehlebirgel.de\/fr\/","logo":{"@type":"ImageObject","inLanguage":"fr-FR","@id":"https:\/\/www.muehlebirgel.de\/fr\/#\/schema\/logo\/image\/","url":"https:\/\/www.muehlebirgel.de\/wp-content\/uploads\/logo-muehle-schwarz.webp","contentUrl":"https:\/\/www.muehlebirgel.de\/wp-content\/uploads\/logo-muehle-schwarz.webp","width":2140,"height":1803,"caption":"Historische Wasserm\u00fchle Birgel"},"image":{"@id":"https:\/\/www.muehlebirgel.de\/fr\/#\/schema\/logo\/image\/"}}]}},"_links":{"self":[{"href":"https:\/\/www.muehlebirgel.de\/fr\/wp-json\/wp\/v2\/pages\/9705","targetHints":{"allow":["GET"]}}],"collection":[{"href":"https:\/\/www.muehlebirgel.de\/fr\/wp-json\/wp\/v2\/pages"}],"about":[{"href":"https:\/\/www.muehlebirgel.de\/fr\/wp-json\/wp\/v2\/types\/page"}],"author":[{"embeddable":true,"href":"https:\/\/www.muehlebirgel.de\/fr\/wp-json\/wp\/v2\/users\/1"}],"replies":[{"embeddable":true,"href":"https:\/\/www.muehlebirgel.de\/fr\/wp-json\/wp\/v2\/comments?post=9705"}],"version-history":[{"count":237,"href":"https:\/\/www.muehlebirgel.de\/fr\/wp-json\/wp\/v2\/pages\/9705\/revisions"}],"predecessor-version":[{"id":48377,"href":"https:\/\/www.muehlebirgel.de\/fr\/wp-json\/wp\/v2\/pages\/9705\/revisions\/48377"}],"wp:attachment":[{"href":"https:\/\/www.muehlebirgel.de\/fr\/wp-json\/wp\/v2\/media?parent=9705"}],"wp:term":[{"taxonomy":"category","embeddable":true,"href":"https:\/\/www.muehlebirgel.de\/fr\/wp-json\/wp\/v2\/categories?post=9705"}],"curies":[{"name":"wp","href":"https:\/\/api.w.org\/{rel}","templated":true}]}}