{"id":9707,"date":"2021-12-10T14:57:07","date_gmt":"2021-12-10T14:57:07","guid":{"rendered":"https:\/\/www.muehlebirgel.de\/nuit-dans-leifel\/"},"modified":"2026-02-23T15:31:10","modified_gmt":"2026-02-23T14:31:10","slug":"uebernachtung-in-der-eifel","status":"publish","type":"page","link":"https:\/\/www.muehlebirgel.de\/fr\/arrangements","title":{"rendered":"Court s\u00e9jour romantique dans l&rsquo;Eifel"},"content":{"rendered":"\n<p><\/p>\n\n<div class=\"wp-block-columns is-layout-flex wp-container-core-columns-is-layout-9d6595d7 wp-block-columns-is-layout-flex\">\n<div class=\"wp-block-column is-vertically-aligned-stretch is-layout-flow wp-block-column-is-layout-flow\" style=\"flex-basis:33.33%\">\n<figure class=\"wp-block-image size-full\"><img loading=\"lazy\" decoding=\"async\" width=\"300\" height=\"200\" src=\"https:\/\/www.muehlebirgel.de\/wp-content\/uploads\/2009\/04\/ferienhaeuser.jpg\" alt=\"\" class=\"wp-image-123\"\/><\/figure>\n<\/div>\n\n\n\n<div class=\"wp-block-column is-layout-flow wp-block-column-is-layout-flow\" style=\"flex-basis:66.66%\">\n<h2 class=\"wp-block-heading\">Passer la nuit dans un moulin \u00e0 eau<\/h2>\n\n\n\n<p>Ceux qui recherchent une nuit idyllique et romantique dans l&rsquo;Eifel la trouveront avec grand enthousiasme \u00e0 Birgel.<\/p>\n\n\n\n<p>Le chef meunier Erwin et son \u00e9quipe de meuniers ont cr\u00e9\u00e9 ici un lieu romantique avec ses 4 maisons \u00e0 colombages et son h\u00f4tel-meunerie.<\/p>\n<\/div>\n<\/div>\n\n<div class=\"wp-block-columns is-layout-flex wp-container-core-columns-is-layout-9d6595d7 wp-block-columns-is-layout-flex\">\n<div class=\"wp-block-column is-vertically-aligned-stretch is-layout-flow wp-block-column-is-layout-flow\" style=\"flex-basis:33.33%\">\n<figure class=\"wp-block-image size-full\"><img loading=\"lazy\" decoding=\"async\" width=\"300\" height=\"200\" src=\"https:\/\/www.muehlebirgel.de\/wp-content\/uploads\/2019\/12\/paar-bett-300-200.png\" alt=\"\" class=\"wp-image-1092\"\/><\/figure>\n<\/div>\n\n\n\n<div class=\"wp-block-column is-layout-flow wp-block-column-is-layout-flow\" style=\"flex-basis:66.66%\">\n<h2 class=\"wp-block-heading\">Maisons \u00e0 colombages<\/h2>\n\n\n\n<p>Les <a href=\"eifel-appartment.html\">4 maisons \u00e0 colombage<\/a> ont \u00e9t\u00e9 d\u00e9mont\u00e9es \u00e0 Morenhoven (pr\u00e8s de Bonn), Goldhausen (Westerwald) et Bengen (arrondissement d&rsquo;Ahrweiler) et reconstruites \u00e0 l&rsquo;identique \u00e0 Birgel.<\/p>\n\n\n\n<p>\u00c9quip\u00e9 d&rsquo;un mobilier ancien, il permet de profiter d&rsquo;heures romantiques \u00e0 deux ou en groupe.<\/p>\n<\/div>\n<\/div>\n\n<div class=\"wp-block-columns is-layout-flex wp-container-core-columns-is-layout-9d6595d7 wp-block-columns-is-layout-flex\">\n<div class=\"wp-block-column is-vertically-aligned-stretch is-layout-flow wp-block-column-is-layout-flow\" style=\"flex-basis:33.33%\">\n<figure class=\"wp-block-image size-full\"><img loading=\"lazy\" decoding=\"async\" width=\"300\" height=\"200\" src=\"https:\/\/www.muehlebirgel.de\/wp-content\/uploads\/2009\/04\/muehlenhotel2.jpg\" alt=\"\" class=\"wp-image-178\"\/><\/figure>\n<\/div>\n\n\n\n<div class=\"wp-block-column is-layout-flow wp-block-column-is-layout-flow\" style=\"flex-basis:66.66%\">\n<h2 class=\"wp-block-heading\">H\u00f4tel<\/h2>\n\n\n\n<p>L&rsquo;<a href=\"\/eifel-hotel.html\">h\u00f4tel<\/a> est un compl\u00e9ment au complexe d&rsquo;appartements. Il dispose de 8 chambres doubles et est situ\u00e9 sur le grand terrain du moulin. <\/p>\n\n\n\n<p>Une nuit romantique avec beaucoup d&rsquo;amour et de go\u00fbt du d\u00e9tail attend chaque h\u00f4te au Moulin.<\/p>\n<\/div>\n<\/div>\n\n<hr class=\"wp-block-separator has-alpha-channel-opacity\"\/>\n\n<h2 class=\"wp-block-heading\">Arrangements dans le moulin \u00e0 eau historique<\/h2>\n\n<p><a href=\"https:\/\/www.muehlebirgel.de\/romantik-wochenende-der-eifel.html\">Week-end romantique<\/a> &#8211; Des heures romantiques \u00e0 deux<\/p>\n\n<p><a href=\"https:\/\/www.muehlebirgel.de\/ostern-eifel.html\">P\u00e2ques dans l&rsquo;Eifel<\/a> &#8211; Un arrangement de P\u00e2ques de premi\u00e8re classe<\/p>\n\n<p><a href=\"https:\/\/www.muehlebirgel.de\/silvester-eifel.html\">Nouvel An dans l&rsquo;Eifel<\/a> &#8211; Vivez des vacances exclusives pour le Nouvel An dans l&rsquo;Eifel !<\/p>\n\n<p><a href=\"https:\/\/www.muehlebirgel.de\/top-arrangement.html\">Forfait hiver<\/a> &#8211; Court s\u00e9jour romantique en semaine<\/p>\n\n<p><a href=\"https:\/\/www.muehlebirgel.de\/weihnachten-der-eifel.html\">No\u00ebl dans l&rsquo;Eifel<\/a> &#8211; un No\u00ebl styl\u00e9 et gourmand dans un moulin \u00e0 eau historique<\/p>\n\n<p><a href=\"https:\/\/www.muehlebirgel.de\/flitterwochen-der-eifel.html\">Lune de miel<\/a> &#8211; Apr\u00e8s votre <a href=\"https:\/\/www.muehlebirgel.de\/hochzeit-eifel.html\">mariage<\/a>, passez votre lune de miel dans notre <a href=\"https:\/\/www.muehlebirgel.de\/eifel-hotel.html\">h\u00f4tel de charme<\/a>.<\/p>\n\n<p><strong>N&rsquo;h\u00e9sitez pas \u00e0 nous contacter au 06597\/92820 ou via notre <a href=\"https:\/\/www.muehlebirgel.de\/fr\/contacter\">formulaire de contact<\/a>!  <\/strong><\/p>\n","protected":false},"excerpt":{"rendered":"<p>Passer la nuit dans un moulin \u00e0 eau Ceux qui recherchent une nuit idyllique et romantique dans l&rsquo;Eifel la trouveront avec grand enthousiasme \u00e0 Birgel. Le chef meunier Erwin et son \u00e9quipe de meuniers ont cr\u00e9\u00e9 ici un lieu romantique avec ses 4 maisons \u00e0 colombages et son h\u00f4tel-meunerie. Maisons \u00e0 colombages Les 4 maisons [&hellip;]<\/p>\n","protected":false},"author":1,"featured_media":0,"parent":25840,"menu_order":3,"comment_status":"closed","ping_status":"closed","template":"","meta":{"footnotes":""},"class_list":["post-9707","page","type-page","status-publish","hentry"],"yoast_head":"<!-- This site is optimized with the Yoast SEO plugin v27.2 - https:\/\/yoast.com\/product\/yoast-seo-wordpress\/ -->\n<title>Court s\u00e9jour romantique dans l&#039;Eifel - Historische Wasserm\u00fchle Birgel<\/title>\n<meta name=\"robots\" content=\"index, follow, max-snippet:-1, max-image-preview:large, max-video-preview:-1\" \/>\n<link rel=\"canonical\" href=\"https:\/\/www.muehlebirgel.de\/fr\/arrangements\" \/>\n<meta property=\"og:locale\" content=\"fr_FR\" \/>\n<meta property=\"og:type\" content=\"article\" \/>\n<meta property=\"og:title\" content=\"Court s\u00e9jour romantique dans l&#039;Eifel - Historische Wasserm\u00fchle Birgel\" \/>\n<meta property=\"og:description\" content=\"Passer la nuit dans un moulin \u00e0 eau Ceux qui recherchent une nuit idyllique et romantique dans l&rsquo;Eifel la trouveront avec grand enthousiasme \u00e0 Birgel. Le chef meunier Erwin et son \u00e9quipe de meuniers ont cr\u00e9\u00e9 ici un lieu romantique avec ses 4 maisons \u00e0 colombages et son h\u00f4tel-meunerie. Maisons \u00e0 colombages Les 4 maisons [&hellip;]\" \/>\n<meta property=\"og:url\" content=\"https:\/\/www.muehlebirgel.de\/fr\/arrangements\/\" \/>\n<meta property=\"og:site_name\" content=\"Historische Wasserm\u00fchle Birgel\" \/>\n<meta property=\"article:modified_time\" content=\"2026-02-23T14:31:10+00:00\" \/>\n<meta property=\"og:image\" content=\"https:\/\/www.muehlebirgel.de\/wp-content\/uploads\/2009\/04\/ferienhaeuser.jpg\" \/>\n\t<meta property=\"og:image:width\" content=\"300\" \/>\n\t<meta property=\"og:image:height\" content=\"200\" \/>\n\t<meta property=\"og:image:type\" content=\"image\/jpeg\" \/>\n<meta name=\"twitter:card\" content=\"summary_large_image\" \/>\n<meta name=\"twitter:label1\" content=\"Dur\u00e9e de lecture estim\u00e9e\" \/>\n\t<meta name=\"twitter:data1\" content=\"1 minute\" \/>\n<script type=\"application\/ld+json\" class=\"yoast-schema-graph\">{\"@context\":\"https:\/\/schema.org\",\"@graph\":[{\"@type\":\"WebPage\",\"@id\":\"https:\/\/www.muehlebirgel.de\/fr\/arrangements\",\"url\":\"https:\/\/www.muehlebirgel.de\/fr\/arrangements\",\"name\":\"Court s\u00e9jour romantique dans l'Eifel - Historische Wasserm\u00fchle Birgel\",\"isPartOf\":{\"@id\":\"https:\/\/www.muehlebirgel.de\/fr\/#website\"},\"primaryImageOfPage\":{\"@id\":\"https:\/\/www.muehlebirgel.de\/fr\/arrangements#primaryimage\"},\"image\":{\"@id\":\"https:\/\/www.muehlebirgel.de\/fr\/arrangements#primaryimage\"},\"thumbnailUrl\":\"https:\/\/www.muehlebirgel.de\/wp-content\/uploads\/2009\/04\/ferienhaeuser.jpg\",\"datePublished\":\"2021-12-10T14:57:07+00:00\",\"dateModified\":\"2026-02-23T14:31:10+00:00\",\"breadcrumb\":{\"@id\":\"https:\/\/www.muehlebirgel.de\/fr\/arrangements#breadcrumb\"},\"inLanguage\":\"fr-FR\",\"potentialAction\":[{\"@type\":\"ReadAction\",\"target\":[\"https:\/\/www.muehlebirgel.de\/fr\/arrangements\"]}]},{\"@type\":\"ImageObject\",\"inLanguage\":\"fr-FR\",\"@id\":\"https:\/\/www.muehlebirgel.de\/fr\/arrangements#primaryimage\",\"url\":\"https:\/\/www.muehlebirgel.de\/wp-content\/uploads\/2009\/04\/ferienhaeuser.jpg\",\"contentUrl\":\"https:\/\/www.muehlebirgel.de\/wp-content\/uploads\/2009\/04\/ferienhaeuser.jpg\"},{\"@type\":\"BreadcrumbList\",\"@id\":\"https:\/\/www.muehlebirgel.de\/fr\/arrangements#breadcrumb\",\"itemListElement\":[{\"@type\":\"ListItem\",\"position\":1,\"name\":\"Startseite\",\"item\":\"https:\/\/www.muehlebirgel.de\/fr\"},{\"@type\":\"ListItem\",\"position\":2,\"name\":\"H\u00e9bergement dans l&#8217;Eifel &#8211; R\u00e9server des vacances dans l&#8217;Eifel volcanique\",\"item\":\"https:\/\/www.muehlebirgel.de\/fr\/uebernachtungen-in-der-eifel\"},{\"@type\":\"ListItem\",\"position\":3,\"name\":\"Court s\u00e9jour romantique dans l&#8217;Eifel\"}]},{\"@type\":\"WebSite\",\"@id\":\"https:\/\/www.muehlebirgel.de\/fr\/#website\",\"url\":\"https:\/\/www.muehlebirgel.de\/fr\/\",\"name\":\"Historische Wasserm\u00fchle Birgel\",\"description\":\"Willkommen im M\u00fchlen-Erlebniszentrum\",\"potentialAction\":[{\"@type\":\"SearchAction\",\"target\":{\"@type\":\"EntryPoint\",\"urlTemplate\":\"https:\/\/www.muehlebirgel.de\/fr\/?s={search_term_string}\"},\"query-input\":{\"@type\":\"PropertyValueSpecification\",\"valueRequired\":true,\"valueName\":\"search_term_string\"}}],\"inLanguage\":\"fr-FR\"}]}<\/script>\n<!-- \/ Yoast SEO plugin. -->","yoast_head_json":{"title":"Court s\u00e9jour romantique dans l'Eifel - Historische Wasserm\u00fchle Birgel","robots":{"index":"index","follow":"follow","max-snippet":"max-snippet:-1","max-image-preview":"max-image-preview:large","max-video-preview":"max-video-preview:-1"},"canonical":"https:\/\/www.muehlebirgel.de\/fr\/arrangements","og_locale":"fr_FR","og_type":"article","og_title":"Court s\u00e9jour romantique dans l'Eifel - Historische Wasserm\u00fchle Birgel","og_description":"Passer la nuit dans un moulin \u00e0 eau Ceux qui recherchent une nuit idyllique et romantique dans l&rsquo;Eifel la trouveront avec grand enthousiasme \u00e0 Birgel. Le chef meunier Erwin et son \u00e9quipe de meuniers ont cr\u00e9\u00e9 ici un lieu romantique avec ses 4 maisons \u00e0 colombages et son h\u00f4tel-meunerie. Maisons \u00e0 colombages Les 4 maisons [&hellip;]","og_url":"https:\/\/www.muehlebirgel.de\/fr\/arrangements\/","og_site_name":"Historische Wasserm\u00fchle Birgel","article_modified_time":"2026-02-23T14:31:10+00:00","og_image":[{"width":300,"height":200,"url":"https:\/\/www.muehlebirgel.de\/wp-content\/uploads\/2009\/04\/ferienhaeuser.jpg","type":"image\/jpeg"}],"twitter_card":"summary_large_image","twitter_misc":{"Dur\u00e9e de lecture estim\u00e9e":"1 minute"},"schema":{"@context":"https:\/\/schema.org","@graph":[{"@type":"WebPage","@id":"https:\/\/www.muehlebirgel.de\/fr\/arrangements","url":"https:\/\/www.muehlebirgel.de\/fr\/arrangements","name":"Court s\u00e9jour romantique dans l'Eifel - Historische Wasserm\u00fchle Birgel","isPartOf":{"@id":"https:\/\/www.muehlebirgel.de\/fr\/#website"},"primaryImageOfPage":{"@id":"https:\/\/www.muehlebirgel.de\/fr\/arrangements#primaryimage"},"image":{"@id":"https:\/\/www.muehlebirgel.de\/fr\/arrangements#primaryimage"},"thumbnailUrl":"https:\/\/www.muehlebirgel.de\/wp-content\/uploads\/2009\/04\/ferienhaeuser.jpg","datePublished":"2021-12-10T14:57:07+00:00","dateModified":"2026-02-23T14:31:10+00:00","breadcrumb":{"@id":"https:\/\/www.muehlebirgel.de\/fr\/arrangements#breadcrumb"},"inLanguage":"fr-FR","potentialAction":[{"@type":"ReadAction","target":["https:\/\/www.muehlebirgel.de\/fr\/arrangements"]}]},{"@type":"ImageObject","inLanguage":"fr-FR","@id":"https:\/\/www.muehlebirgel.de\/fr\/arrangements#primaryimage","url":"https:\/\/www.muehlebirgel.de\/wp-content\/uploads\/2009\/04\/ferienhaeuser.jpg","contentUrl":"https:\/\/www.muehlebirgel.de\/wp-content\/uploads\/2009\/04\/ferienhaeuser.jpg"},{"@type":"BreadcrumbList","@id":"https:\/\/www.muehlebirgel.de\/fr\/arrangements#breadcrumb","itemListElement":[{"@type":"ListItem","position":1,"name":"Startseite","item":"https:\/\/www.muehlebirgel.de\/fr"},{"@type":"ListItem","position":2,"name":"H\u00e9bergement dans l&#8217;Eifel &#8211; R\u00e9server des vacances dans l&#8217;Eifel volcanique","item":"https:\/\/www.muehlebirgel.de\/fr\/uebernachtungen-in-der-eifel"},{"@type":"ListItem","position":3,"name":"Court s\u00e9jour romantique dans l&#8217;Eifel"}]},{"@type":"WebSite","@id":"https:\/\/www.muehlebirgel.de\/fr\/#website","url":"https:\/\/www.muehlebirgel.de\/fr\/","name":"Historische Wasserm\u00fchle Birgel","description":"Willkommen im M\u00fchlen-Erlebniszentrum","potentialAction":[{"@type":"SearchAction","target":{"@type":"EntryPoint","urlTemplate":"https:\/\/www.muehlebirgel.de\/fr\/?s={search_term_string}"},"query-input":{"@type":"PropertyValueSpecification","valueRequired":true,"valueName":"search_term_string"}}],"inLanguage":"fr-FR"}]}},"_links":{"self":[{"href":"https:\/\/www.muehlebirgel.de\/fr\/wp-json\/wp\/v2\/pages\/9707","targetHints":{"allow":["GET"]}}],"collection":[{"href":"https:\/\/www.muehlebirgel.de\/fr\/wp-json\/wp\/v2\/pages"}],"about":[{"href":"https:\/\/www.muehlebirgel.de\/fr\/wp-json\/wp\/v2\/types\/page"}],"author":[{"embeddable":true,"href":"https:\/\/www.muehlebirgel.de\/fr\/wp-json\/wp\/v2\/users\/1"}],"replies":[{"embeddable":true,"href":"https:\/\/www.muehlebirgel.de\/fr\/wp-json\/wp\/v2\/comments?post=9707"}],"version-history":[{"count":8,"href":"https:\/\/www.muehlebirgel.de\/fr\/wp-json\/wp\/v2\/pages\/9707\/revisions"}],"predecessor-version":[{"id":63514,"href":"https:\/\/www.muehlebirgel.de\/fr\/wp-json\/wp\/v2\/pages\/9707\/revisions\/63514"}],"up":[{"embeddable":true,"href":"https:\/\/www.muehlebirgel.de\/fr\/wp-json\/wp\/v2\/pages\/25840"}],"wp:attachment":[{"href":"https:\/\/www.muehlebirgel.de\/fr\/wp-json\/wp\/v2\/media?parent=9707"}],"curies":[{"name":"wp","href":"https:\/\/api.w.org\/{rel}","templated":true}]}}