{"id":9714,"date":"2021-12-10T14:57:15","date_gmt":"2021-12-10T14:57:15","guid":{"rendered":"https:\/\/www.muehlebirgel.de\/a-propos-du-moulin-a-eau-historique\/distillerie\/"},"modified":"2023-03-28T13:34:58","modified_gmt":"2023-03-28T12:34:58","slug":"schnapsbrennerei","status":"publish","type":"page","link":"https:\/\/www.muehlebirgel.de\/fr\/distillerie","title":{"rendered":"Distillerie"},"content":{"rendered":"<p><img loading=\"lazy\" decoding=\"async\" class=\"size-full wp-image-68 alignleft\" src=\"https:\/\/www.muehlebirgel.de\/wp-content\/uploads\/2009\/04\/schnaps.jpg\" alt=\"schnapsbrennerei\" width=\"300\" height=\"200\"><\/p>\n<h2>Le r\u00eave de distiller du schnaps<\/h2>\n<p>Dans ma jeunesse, je r\u00eavais de pouvoir un jour distiller du schnaps. L\u00e9galement, bien s\u00fbr, pas comme grand-p\u00e8re avec un bidon de lait noir transform\u00e9 dans la cave.<\/p>\n<hr>\n<p><img loading=\"lazy\" decoding=\"async\" class=\"size-full wp-image-69 alignleft\" style=\"width: 300px; height: 300px;\" src=\"https:\/\/www.muehlebirgel.de\/wp-content\/uploads\/2009\/04\/brenner-erwin-patrick.jpg\" alt=\"Brenner Erwin und Patrick\" width=\"300\" height=\"300\" border=\"0\">J&rsquo;ai ensuite r\u00e9alis\u00e9 mon r\u00eave de \u00ab\u00a0distiller moi-m\u00eame de l&rsquo;eau-de-vie\u00a0\u00bb en 2003. Trouver une distillerie et obtenir l&rsquo;autorisation correspondante a toutefois pris trois ans. Et puis, poss\u00e9der des vergers en plus, ce n&rsquo;\u00e9tait pas une mince affaire.<\/p>\n<hr>\n<p><img loading=\"lazy\" decoding=\"async\" class=\"size-full wp-image-70 alignleft\" src=\"https:\/\/www.muehlebirgel.de\/wp-content\/uploads\/2009\/04\/UNBENANNT_57.jpg\" alt=\"schnapsbrennerei\" width=\"300\" height=\"430\"><\/p>\n<h2>Fruits pour distiller du schnaps<\/h2>\n<p>Afin de pouvoir produire une eau-de-vie claire, seuls les fruits ayant une certaine teneur en sucre sont pris en compte afin de d\u00e9velopper de l&rsquo;alcool lors de la fermentation. Nous aimons le plus cueillir des fruits dans la nature sauvage de l&rsquo;Eifel.<\/p>\n<p>Il s&rsquo;agit certes d&rsquo;une op\u00e9ration co\u00fbteuse, mais qui en vaut certainement la peine pour la production d&rsquo;une eau-de-vie gourmande et savoureuse.<\/p>\n<p>Nos favoris sont ici :<br \/>\n&#8211; Sureau<br \/>\n&#8211; Prunelles<br \/>\n&#8211; Cerisier sauvage (cerisier des oiseaux)<\/p>\n<hr>\n<p><img loading=\"lazy\" decoding=\"async\" class=\"size-full wp-image-71 alignleft\" src=\"https:\/\/www.muehlebirgel.de\/wp-content\/uploads\/2009\/04\/fruechte-brennerei_95.jpg\" alt=\"schnapsbrennerei\" width=\"300\" height=\"214\"><\/p>\n<h2>Cr\u00e9ation d&rsquo;une distillerie de schnaps<\/h2>\n<p>Une distillerie de schnaps se compose d&rsquo;une bouilloire ferm\u00e9e qui est aliment\u00e9e en surpression. Notre distillerie date de 1984 et est toujours aliment\u00e9e au bois. Cela signifie une grande d\u00e9pense de temps lors de la distillation du schnaps, car vous devez \u00eatre sur place \u00e0 tout moment pour contr\u00f4ler la mise \u00e0 feu de la distillerie.<\/p>\n<hr>\n<p><img loading=\"lazy\" decoding=\"async\" class=\"size-full wp-image-72 alignleft\" src=\"https:\/\/www.muehlebirgel.de\/wp-content\/uploads\/2009\/04\/UNBENANNT_68.jpg\" alt=\"\" width=\"300\" height=\"200\"><\/p>\n<p>L&rsquo;alambic d&rsquo;une capacit\u00e9 de 149 litres est int\u00e9gr\u00e9 dans la bouilloire ferm\u00e9e. Lorsque la pur\u00e9e est chauff\u00e9e, l&rsquo;alcool est s\u00e9par\u00e9 de l&rsquo;eau par distillation, car l&rsquo;alcool a un point d&rsquo;\u00e9bullition qui commence \u00e0 72 degr\u00e9s. Un refroidisseur se condense alors \u00e0 nouveau, ce qui permet de r\u00e9cup\u00e9rer l&rsquo;alcool. Maintenant, par mesure de pr\u00e9caution, le pre-run, le middle run et le run-out doivent \u00eatre s\u00e9par\u00e9s.<\/p>\n<hr>\n<p><img loading=\"lazy\" decoding=\"async\" class=\"size-full wp-image-73 alignleft\" src=\"https:\/\/www.muehlebirgel.de\/wp-content\/uploads\/2009\/04\/schnapsflaschen1.jpg\" alt=\"schnapsbrennerei\" width=\"300\" height=\"450\"><\/p>\n<p>Faites une visite guid\u00e9e pour voir la structure et le fonctionnement d&rsquo;une distillerie de schnaps. D\u00e9gustez un schnaps maison ou r\u00e9servez une d\u00e9gustation de schnaps avec votre groupe.<\/p>\n<p><a href=\"https:\/\/www.muehlebirgel.de\/fr\/shop\/liqueur\" target=\"_blank\" rel=\"noopener noreferrer\">Si vous souhaitez essayer nos schnaps \u00e0 l&rsquo;avance, il vous suffit de commander quelques \u00e9chantillons dans notre boutique en ligne<\/a> !<\/p>\n<p><strong>Le chef meunier Erwin v. d. M\u00fchle souhaite \u00ab\u00a0bonne chance\u00a0\u00bb.<br \/>\n<\/strong><\/p>\n<p>En savoir plus sur le <strong><a href=\"https:\/\/www.muehlebirgel.de\/historische-muehle.html\">moulin \u00e0 eau historique<\/a><\/strong> .<\/p>\n<hr>\n<p><img loading=\"lazy\" decoding=\"async\" class=\" size-full wp-image-73\" src=\"https:\/\/www.muehlebirgel.de\/wp-content\/uploads\/2009\/04\/schnapsflaschen1.jpg\" alt=\"schnapsbrennerei\" width=\"300\" height=\"450\"><\/p>\n<p><img loading=\"lazy\" decoding=\"async\" class=\" size-full wp-image-74\" src=\"https:\/\/www.muehlebirgel.de\/wp-content\/uploads\/2009\/04\/schnapsflaschen2.jpg\" alt=\"schnapsbrennerei\" width=\"300\" height=\"450\"><\/p>\n","protected":false},"excerpt":{"rendered":"<p>Le r\u00eave de distiller du schnaps Dans ma jeunesse, je r\u00eavais de pouvoir un jour distiller du schnaps. L\u00e9galement, bien s\u00fbr, pas comme grand-p\u00e8re avec un bidon de lait noir transform\u00e9 dans la cave. J&rsquo;ai ensuite r\u00e9alis\u00e9 mon r\u00eave de \u00ab\u00a0distiller moi-m\u00eame de l&rsquo;eau-de-vie\u00a0\u00bb en 2003. Trouver une distillerie et obtenir l&rsquo;autorisation correspondante a toutefois [&hellip;]<\/p>\n","protected":false},"author":1,"featured_media":0,"parent":9667,"menu_order":5,"comment_status":"closed","ping_status":"closed","template":"","meta":{"footnotes":""},"class_list":["post-9714","page","type-page","status-publish","hentry"],"yoast_head":"<!-- This site is optimized with the Yoast SEO plugin v27.2 - https:\/\/yoast.com\/product\/yoast-seo-wordpress\/ -->\n<title>Distillerie - Historische Wasserm\u00fchle Birgel<\/title>\n<meta name=\"robots\" content=\"index, follow, max-snippet:-1, max-image-preview:large, max-video-preview:-1\" \/>\n<link rel=\"canonical\" href=\"https:\/\/www.muehlebirgel.de\/fr\/distillerie\" \/>\n<meta property=\"og:locale\" content=\"fr_FR\" \/>\n<meta property=\"og:type\" content=\"article\" \/>\n<meta property=\"og:title\" content=\"Distillerie - Historische Wasserm\u00fchle Birgel\" \/>\n<meta property=\"og:description\" content=\"Le r\u00eave de distiller du schnaps Dans ma jeunesse, je r\u00eavais de pouvoir un jour distiller du schnaps. L\u00e9galement, bien s\u00fbr, pas comme grand-p\u00e8re avec un bidon de lait noir transform\u00e9 dans la cave. J&rsquo;ai ensuite r\u00e9alis\u00e9 mon r\u00eave de \u00ab\u00a0distiller moi-m\u00eame de l&rsquo;eau-de-vie\u00a0\u00bb en 2003. Trouver une distillerie et obtenir l&rsquo;autorisation correspondante a toutefois [&hellip;]\" \/>\n<meta property=\"og:url\" content=\"https:\/\/www.muehlebirgel.de\/fr\/distillerie\/\" \/>\n<meta property=\"og:site_name\" content=\"Historische Wasserm\u00fchle Birgel\" \/>\n<meta property=\"article:modified_time\" content=\"2023-03-28T12:34:58+00:00\" \/>\n<meta property=\"og:image\" content=\"https:\/\/www.muehlebirgel.de\/wp-content\/uploads\/2009\/04\/schnaps.jpg\" \/>\n<meta name=\"twitter:card\" content=\"summary_large_image\" \/>\n<meta name=\"twitter:label1\" content=\"Dur\u00e9e de lecture estim\u00e9e\" \/>\n\t<meta name=\"twitter:data1\" content=\"2 minutes\" \/>\n<script type=\"application\/ld+json\" class=\"yoast-schema-graph\">{\"@context\":\"https:\/\/schema.org\",\"@graph\":[{\"@type\":\"WebPage\",\"@id\":\"https:\/\/www.muehlebirgel.de\/fr\/distillerie\",\"url\":\"https:\/\/www.muehlebirgel.de\/fr\/distillerie\",\"name\":\"Distillerie - Historische Wasserm\u00fchle Birgel\",\"isPartOf\":{\"@id\":\"https:\/\/www.muehlebirgel.de\/fr\/#website\"},\"primaryImageOfPage\":{\"@id\":\"https:\/\/www.muehlebirgel.de\/fr\/distillerie#primaryimage\"},\"image\":{\"@id\":\"https:\/\/www.muehlebirgel.de\/fr\/distillerie#primaryimage\"},\"thumbnailUrl\":\"https:\/\/www.muehlebirgel.de\/wp-content\/uploads\/2009\/04\/schnaps.jpg\",\"datePublished\":\"2021-12-10T14:57:15+00:00\",\"dateModified\":\"2023-03-28T12:34:58+00:00\",\"breadcrumb\":{\"@id\":\"https:\/\/www.muehlebirgel.de\/fr\/distillerie#breadcrumb\"},\"inLanguage\":\"fr-FR\",\"potentialAction\":[{\"@type\":\"ReadAction\",\"target\":[\"https:\/\/www.muehlebirgel.de\/fr\/distillerie\"]}]},{\"@type\":\"ImageObject\",\"inLanguage\":\"fr-FR\",\"@id\":\"https:\/\/www.muehlebirgel.de\/fr\/distillerie#primaryimage\",\"url\":\"https:\/\/www.muehlebirgel.de\/wp-content\/uploads\/2009\/04\/schnaps.jpg\",\"contentUrl\":\"https:\/\/www.muehlebirgel.de\/wp-content\/uploads\/2009\/04\/schnaps.jpg\"},{\"@type\":\"BreadcrumbList\",\"@id\":\"https:\/\/www.muehlebirgel.de\/fr\/distillerie#breadcrumb\",\"itemListElement\":[{\"@type\":\"ListItem\",\"position\":1,\"name\":\"Startseite\",\"item\":\"https:\/\/www.muehlebirgel.de\/fr\"},{\"@type\":\"ListItem\",\"position\":2,\"name\":\"\u00c0 propos du moulin \u00e0 eau historique\",\"item\":\"https:\/\/www.muehlebirgel.de\/fr\/moulin\"},{\"@type\":\"ListItem\",\"position\":3,\"name\":\"Distillerie\"}]},{\"@type\":\"WebSite\",\"@id\":\"https:\/\/www.muehlebirgel.de\/fr\/#website\",\"url\":\"https:\/\/www.muehlebirgel.de\/fr\/\",\"name\":\"Historische Wasserm\u00fchle Birgel\",\"description\":\"Willkommen im M\u00fchlen-Erlebniszentrum\",\"potentialAction\":[{\"@type\":\"SearchAction\",\"target\":{\"@type\":\"EntryPoint\",\"urlTemplate\":\"https:\/\/www.muehlebirgel.de\/fr\/?s={search_term_string}\"},\"query-input\":{\"@type\":\"PropertyValueSpecification\",\"valueRequired\":true,\"valueName\":\"search_term_string\"}}],\"inLanguage\":\"fr-FR\"}]}<\/script>\n<!-- \/ Yoast SEO plugin. -->","yoast_head_json":{"title":"Distillerie - Historische Wasserm\u00fchle Birgel","robots":{"index":"index","follow":"follow","max-snippet":"max-snippet:-1","max-image-preview":"max-image-preview:large","max-video-preview":"max-video-preview:-1"},"canonical":"https:\/\/www.muehlebirgel.de\/fr\/distillerie","og_locale":"fr_FR","og_type":"article","og_title":"Distillerie - Historische Wasserm\u00fchle Birgel","og_description":"Le r\u00eave de distiller du schnaps Dans ma jeunesse, je r\u00eavais de pouvoir un jour distiller du schnaps. L\u00e9galement, bien s\u00fbr, pas comme grand-p\u00e8re avec un bidon de lait noir transform\u00e9 dans la cave. J&rsquo;ai ensuite r\u00e9alis\u00e9 mon r\u00eave de \u00ab\u00a0distiller moi-m\u00eame de l&rsquo;eau-de-vie\u00a0\u00bb en 2003. Trouver une distillerie et obtenir l&rsquo;autorisation correspondante a toutefois [&hellip;]","og_url":"https:\/\/www.muehlebirgel.de\/fr\/distillerie\/","og_site_name":"Historische Wasserm\u00fchle Birgel","article_modified_time":"2023-03-28T12:34:58+00:00","og_image":[{"url":"https:\/\/www.muehlebirgel.de\/wp-content\/uploads\/2009\/04\/schnaps.jpg","type":"","width":"","height":""}],"twitter_card":"summary_large_image","twitter_misc":{"Dur\u00e9e de lecture estim\u00e9e":"2 minutes"},"schema":{"@context":"https:\/\/schema.org","@graph":[{"@type":"WebPage","@id":"https:\/\/www.muehlebirgel.de\/fr\/distillerie","url":"https:\/\/www.muehlebirgel.de\/fr\/distillerie","name":"Distillerie - Historische Wasserm\u00fchle Birgel","isPartOf":{"@id":"https:\/\/www.muehlebirgel.de\/fr\/#website"},"primaryImageOfPage":{"@id":"https:\/\/www.muehlebirgel.de\/fr\/distillerie#primaryimage"},"image":{"@id":"https:\/\/www.muehlebirgel.de\/fr\/distillerie#primaryimage"},"thumbnailUrl":"https:\/\/www.muehlebirgel.de\/wp-content\/uploads\/2009\/04\/schnaps.jpg","datePublished":"2021-12-10T14:57:15+00:00","dateModified":"2023-03-28T12:34:58+00:00","breadcrumb":{"@id":"https:\/\/www.muehlebirgel.de\/fr\/distillerie#breadcrumb"},"inLanguage":"fr-FR","potentialAction":[{"@type":"ReadAction","target":["https:\/\/www.muehlebirgel.de\/fr\/distillerie"]}]},{"@type":"ImageObject","inLanguage":"fr-FR","@id":"https:\/\/www.muehlebirgel.de\/fr\/distillerie#primaryimage","url":"https:\/\/www.muehlebirgel.de\/wp-content\/uploads\/2009\/04\/schnaps.jpg","contentUrl":"https:\/\/www.muehlebirgel.de\/wp-content\/uploads\/2009\/04\/schnaps.jpg"},{"@type":"BreadcrumbList","@id":"https:\/\/www.muehlebirgel.de\/fr\/distillerie#breadcrumb","itemListElement":[{"@type":"ListItem","position":1,"name":"Startseite","item":"https:\/\/www.muehlebirgel.de\/fr"},{"@type":"ListItem","position":2,"name":"\u00c0 propos du moulin \u00e0 eau historique","item":"https:\/\/www.muehlebirgel.de\/fr\/moulin"},{"@type":"ListItem","position":3,"name":"Distillerie"}]},{"@type":"WebSite","@id":"https:\/\/www.muehlebirgel.de\/fr\/#website","url":"https:\/\/www.muehlebirgel.de\/fr\/","name":"Historische Wasserm\u00fchle Birgel","description":"Willkommen im M\u00fchlen-Erlebniszentrum","potentialAction":[{"@type":"SearchAction","target":{"@type":"EntryPoint","urlTemplate":"https:\/\/www.muehlebirgel.de\/fr\/?s={search_term_string}"},"query-input":{"@type":"PropertyValueSpecification","valueRequired":true,"valueName":"search_term_string"}}],"inLanguage":"fr-FR"}]}},"_links":{"self":[{"href":"https:\/\/www.muehlebirgel.de\/fr\/wp-json\/wp\/v2\/pages\/9714","targetHints":{"allow":["GET"]}}],"collection":[{"href":"https:\/\/www.muehlebirgel.de\/fr\/wp-json\/wp\/v2\/pages"}],"about":[{"href":"https:\/\/www.muehlebirgel.de\/fr\/wp-json\/wp\/v2\/types\/page"}],"author":[{"embeddable":true,"href":"https:\/\/www.muehlebirgel.de\/fr\/wp-json\/wp\/v2\/users\/1"}],"replies":[{"embeddable":true,"href":"https:\/\/www.muehlebirgel.de\/fr\/wp-json\/wp\/v2\/comments?post=9714"}],"version-history":[{"count":1,"href":"https:\/\/www.muehlebirgel.de\/fr\/wp-json\/wp\/v2\/pages\/9714\/revisions"}],"predecessor-version":[{"id":25195,"href":"https:\/\/www.muehlebirgel.de\/fr\/wp-json\/wp\/v2\/pages\/9714\/revisions\/25195"}],"up":[{"embeddable":true,"href":"https:\/\/www.muehlebirgel.de\/fr\/wp-json\/wp\/v2\/pages\/9667"}],"wp:attachment":[{"href":"https:\/\/www.muehlebirgel.de\/fr\/wp-json\/wp\/v2\/media?parent=9714"}],"curies":[{"name":"wp","href":"https:\/\/api.w.org\/{rel}","templated":true}]}}