{"id":9719,"date":"2021-12-10T14:57:23","date_gmt":"2021-12-10T14:57:23","guid":{"rendered":"https:\/\/www.muehlebirgel.de\/a-propos-du-moulin-a-eau-historique\/moulin-a-huile-historique\/"},"modified":"2021-12-10T14:57:23","modified_gmt":"2021-12-10T14:57:23","slug":"moulin-a-huile-historique","status":"publish","type":"page","link":"https:\/\/www.muehlebirgel.de\/fr\/moulin-a-huile-historique","title":{"rendered":"Moulin \u00e0 huile historique"},"content":{"rendered":"<p><img loading=\"lazy\" decoding=\"async\" class=\"size-full wp-image-50 alignleft\" src=\"https:\/\/www.muehlebirgel.de\/wp-content\/uploads\/2009\/04\/oelmuehle.jpg\" alt=\"\u00f6lm\u00fchle\" width=\"300\" height=\"200\"><\/p>\n<p>Le moulin \u00e0 huile vient de Selfkant (district de Heinsberg) et a presque 200 ans. Elle a une capacit\u00e9 de 300 litres par jour pour la production d&rsquo; <a href=\"\/?product_cat=rapsoel\" target=\"_blank\" rel=\"noopener noreferrer\">huile de colza<\/a> .<\/p>\n<p>Le colza est chauff\u00e9 et broy\u00e9 en pulpe par 2 meules, qui est ensuite press\u00e9 et mis en bouteille \u00e0 pas plus de 20\u00b0C (pressage \u00e0 froid).<\/p>\n<hr>\n<p><img loading=\"lazy\" decoding=\"async\" class=\"size-full wp-image-64 alignleft\" src=\"https:\/\/www.muehlebirgel.de\/wp-content\/uploads\/2009\/04\/UNBENANNT_85.jpg\" alt=\"\" width=\"300\" height=\"201\"><\/p>\n<p>Klaus Spohr a restaur\u00e9 l&rsquo;ancien moulin et l&rsquo;a transform\u00e9 en moulin \u00e0 huile op\u00e9rationnel.<\/p>\n<hr>\n<p><a href=\"\/?product_cat=rapsoel\"><img loading=\"lazy\" decoding=\"async\" class=\"wp-image-2813 size-medium alignleft\" src=\"https:\/\/www.muehlebirgel.de\/wp-content\/uploads\/2020\/01\/shop-eifel-produkte-1003-225x300.jpg\" alt=\"\" width=\"225\" height=\"300\"><\/a><\/p>\n<h2>Huiles press\u00e9es \u00e0 froid<\/h2>\n<p>Huile press\u00e9e \u00e0 froid non seulement d&rsquo;Espagne et d&rsquo;Italie, mais aussi de l&rsquo;Eifel.<\/p>\n<p>Comme par le pass\u00e9, l&rsquo;huile press\u00e9e \u00e0 froid est \u00e0 nouveau produite ici &#8211; bien s\u00fbr \u00e0 partir des meilleurs produits bruts de l&rsquo;Eifel.<\/p>\n<p><a href=\"\/?product_cat=rapsoel\">Huile de colza, huile<\/a> de <a href=\"\/?product_cat=haselnussoel\">noisette<\/a> , huile <a href=\"\/?product_cat=kuerbiskernoel\">de p\u00e9pins de courge<\/a><\/p>\n<p>Plus <a href=\"https:\/\/www.muehlebirgel.de\/product-category\/essig-oel\/\" target=\"_blank\" rel=\"noopener noreferrer\">d&rsquo;informations et commandez ici<\/a>&gt;&gt; <\/p>\n<hr>\n<p><img loading=\"lazy\" decoding=\"async\" class=\"alignnone wp-image-2812 size-medium\" src=\"https:\/\/www.muehlebirgel.de\/wp-content\/uploads\/2020\/01\/shop-eifel-produkte-1002-225x300.jpg\" alt=\"\" width=\"225\" height=\"300\"><\/p>\n","protected":false},"excerpt":{"rendered":"<p>Le moulin \u00e0 huile vient de Selfkant (district de Heinsberg) et a presque 200 ans. Elle a une capacit\u00e9 de 300 litres par jour pour la production d&rsquo; huile de colza . Le colza est chauff\u00e9 et broy\u00e9 en pulpe par 2 meules, qui est ensuite press\u00e9 et mis en bouteille \u00e0 pas plus de [&hellip;]<\/p>\n","protected":false},"author":1,"featured_media":0,"parent":9667,"menu_order":4,"comment_status":"closed","ping_status":"closed","template":"","meta":{"footnotes":""},"class_list":["post-9719","page","type-page","status-publish","hentry"],"yoast_head":"<!-- This site is optimized with the Yoast SEO plugin v27.2 - https:\/\/yoast.com\/product\/yoast-seo-wordpress\/ -->\n<title>Moulin \u00e0 huile historique - Historische Wasserm\u00fchle Birgel<\/title>\n<meta name=\"robots\" content=\"index, follow, max-snippet:-1, max-image-preview:large, max-video-preview:-1\" \/>\n<link rel=\"canonical\" href=\"https:\/\/www.muehlebirgel.de\/fr\/moulin-a-huile-historique\" \/>\n<meta property=\"og:locale\" content=\"fr_FR\" \/>\n<meta property=\"og:type\" content=\"article\" \/>\n<meta property=\"og:title\" content=\"Moulin \u00e0 huile historique - Historische Wasserm\u00fchle Birgel\" \/>\n<meta property=\"og:description\" content=\"Le moulin \u00e0 huile vient de Selfkant (district de Heinsberg) et a presque 200 ans. Elle a une capacit\u00e9 de 300 litres par jour pour la production d&rsquo; huile de colza . Le colza est chauff\u00e9 et broy\u00e9 en pulpe par 2 meules, qui est ensuite press\u00e9 et mis en bouteille \u00e0 pas plus de [&hellip;]\" \/>\n<meta property=\"og:url\" content=\"https:\/\/www.muehlebirgel.de\/fr\/moulin-a-huile-historique\/\" \/>\n<meta property=\"og:site_name\" content=\"Historische Wasserm\u00fchle Birgel\" \/>\n<meta property=\"og:image\" content=\"https:\/\/www.muehlebirgel.de\/wp-content\/uploads\/2009\/04\/oelmuehle.jpg\" \/>\n<meta name=\"twitter:card\" content=\"summary_large_image\" \/>\n<meta name=\"twitter:label1\" content=\"Dur\u00e9e de lecture estim\u00e9e\" \/>\n\t<meta name=\"twitter:data1\" content=\"1 minute\" \/>\n<script type=\"application\/ld+json\" class=\"yoast-schema-graph\">{\"@context\":\"https:\/\/schema.org\",\"@graph\":[{\"@type\":\"WebPage\",\"@id\":\"https:\/\/www.muehlebirgel.de\/fr\/moulin-a-huile-historique\",\"url\":\"https:\/\/www.muehlebirgel.de\/fr\/moulin-a-huile-historique\",\"name\":\"Moulin \u00e0 huile historique - Historische Wasserm\u00fchle Birgel\",\"isPartOf\":{\"@id\":\"https:\/\/www.muehlebirgel.de\/fr\/#website\"},\"primaryImageOfPage\":{\"@id\":\"https:\/\/www.muehlebirgel.de\/fr\/moulin-a-huile-historique#primaryimage\"},\"image\":{\"@id\":\"https:\/\/www.muehlebirgel.de\/fr\/moulin-a-huile-historique#primaryimage\"},\"thumbnailUrl\":\"https:\/\/www.muehlebirgel.de\/wp-content\/uploads\/2009\/04\/oelmuehle.jpg\",\"datePublished\":\"2021-12-10T14:57:23+00:00\",\"breadcrumb\":{\"@id\":\"https:\/\/www.muehlebirgel.de\/fr\/moulin-a-huile-historique#breadcrumb\"},\"inLanguage\":\"fr-FR\",\"potentialAction\":[{\"@type\":\"ReadAction\",\"target\":[\"https:\/\/www.muehlebirgel.de\/fr\/moulin-a-huile-historique\"]}]},{\"@type\":\"ImageObject\",\"inLanguage\":\"fr-FR\",\"@id\":\"https:\/\/www.muehlebirgel.de\/fr\/moulin-a-huile-historique#primaryimage\",\"url\":\"https:\/\/www.muehlebirgel.de\/wp-content\/uploads\/2009\/04\/oelmuehle.jpg\",\"contentUrl\":\"https:\/\/www.muehlebirgel.de\/wp-content\/uploads\/2009\/04\/oelmuehle.jpg\"},{\"@type\":\"BreadcrumbList\",\"@id\":\"https:\/\/www.muehlebirgel.de\/fr\/moulin-a-huile-historique#breadcrumb\",\"itemListElement\":[{\"@type\":\"ListItem\",\"position\":1,\"name\":\"Startseite\",\"item\":\"https:\/\/www.muehlebirgel.de\/fr\"},{\"@type\":\"ListItem\",\"position\":2,\"name\":\"\u00c0 propos du moulin \u00e0 eau historique\",\"item\":\"https:\/\/www.muehlebirgel.de\/fr\/moulin\"},{\"@type\":\"ListItem\",\"position\":3,\"name\":\"Moulin \u00e0 huile historique\"}]},{\"@type\":\"WebSite\",\"@id\":\"https:\/\/www.muehlebirgel.de\/fr\/#website\",\"url\":\"https:\/\/www.muehlebirgel.de\/fr\/\",\"name\":\"Historische Wasserm\u00fchle Birgel\",\"description\":\"Willkommen im M\u00fchlen-Erlebniszentrum\",\"potentialAction\":[{\"@type\":\"SearchAction\",\"target\":{\"@type\":\"EntryPoint\",\"urlTemplate\":\"https:\/\/www.muehlebirgel.de\/fr\/?s={search_term_string}\"},\"query-input\":{\"@type\":\"PropertyValueSpecification\",\"valueRequired\":true,\"valueName\":\"search_term_string\"}}],\"inLanguage\":\"fr-FR\"}]}<\/script>\n<!-- \/ Yoast SEO plugin. -->","yoast_head_json":{"title":"Moulin \u00e0 huile historique - Historische Wasserm\u00fchle Birgel","robots":{"index":"index","follow":"follow","max-snippet":"max-snippet:-1","max-image-preview":"max-image-preview:large","max-video-preview":"max-video-preview:-1"},"canonical":"https:\/\/www.muehlebirgel.de\/fr\/moulin-a-huile-historique","og_locale":"fr_FR","og_type":"article","og_title":"Moulin \u00e0 huile historique - Historische Wasserm\u00fchle Birgel","og_description":"Le moulin \u00e0 huile vient de Selfkant (district de Heinsberg) et a presque 200 ans. Elle a une capacit\u00e9 de 300 litres par jour pour la production d&rsquo; huile de colza . Le colza est chauff\u00e9 et broy\u00e9 en pulpe par 2 meules, qui est ensuite press\u00e9 et mis en bouteille \u00e0 pas plus de [&hellip;]","og_url":"https:\/\/www.muehlebirgel.de\/fr\/moulin-a-huile-historique\/","og_site_name":"Historische Wasserm\u00fchle Birgel","og_image":[{"url":"https:\/\/www.muehlebirgel.de\/wp-content\/uploads\/2009\/04\/oelmuehle.jpg","type":"","width":"","height":""}],"twitter_card":"summary_large_image","twitter_misc":{"Dur\u00e9e de lecture estim\u00e9e":"1 minute"},"schema":{"@context":"https:\/\/schema.org","@graph":[{"@type":"WebPage","@id":"https:\/\/www.muehlebirgel.de\/fr\/moulin-a-huile-historique","url":"https:\/\/www.muehlebirgel.de\/fr\/moulin-a-huile-historique","name":"Moulin \u00e0 huile historique - Historische Wasserm\u00fchle Birgel","isPartOf":{"@id":"https:\/\/www.muehlebirgel.de\/fr\/#website"},"primaryImageOfPage":{"@id":"https:\/\/www.muehlebirgel.de\/fr\/moulin-a-huile-historique#primaryimage"},"image":{"@id":"https:\/\/www.muehlebirgel.de\/fr\/moulin-a-huile-historique#primaryimage"},"thumbnailUrl":"https:\/\/www.muehlebirgel.de\/wp-content\/uploads\/2009\/04\/oelmuehle.jpg","datePublished":"2021-12-10T14:57:23+00:00","breadcrumb":{"@id":"https:\/\/www.muehlebirgel.de\/fr\/moulin-a-huile-historique#breadcrumb"},"inLanguage":"fr-FR","potentialAction":[{"@type":"ReadAction","target":["https:\/\/www.muehlebirgel.de\/fr\/moulin-a-huile-historique"]}]},{"@type":"ImageObject","inLanguage":"fr-FR","@id":"https:\/\/www.muehlebirgel.de\/fr\/moulin-a-huile-historique#primaryimage","url":"https:\/\/www.muehlebirgel.de\/wp-content\/uploads\/2009\/04\/oelmuehle.jpg","contentUrl":"https:\/\/www.muehlebirgel.de\/wp-content\/uploads\/2009\/04\/oelmuehle.jpg"},{"@type":"BreadcrumbList","@id":"https:\/\/www.muehlebirgel.de\/fr\/moulin-a-huile-historique#breadcrumb","itemListElement":[{"@type":"ListItem","position":1,"name":"Startseite","item":"https:\/\/www.muehlebirgel.de\/fr"},{"@type":"ListItem","position":2,"name":"\u00c0 propos du moulin \u00e0 eau historique","item":"https:\/\/www.muehlebirgel.de\/fr\/moulin"},{"@type":"ListItem","position":3,"name":"Moulin \u00e0 huile historique"}]},{"@type":"WebSite","@id":"https:\/\/www.muehlebirgel.de\/fr\/#website","url":"https:\/\/www.muehlebirgel.de\/fr\/","name":"Historische Wasserm\u00fchle Birgel","description":"Willkommen im M\u00fchlen-Erlebniszentrum","potentialAction":[{"@type":"SearchAction","target":{"@type":"EntryPoint","urlTemplate":"https:\/\/www.muehlebirgel.de\/fr\/?s={search_term_string}"},"query-input":{"@type":"PropertyValueSpecification","valueRequired":true,"valueName":"search_term_string"}}],"inLanguage":"fr-FR"}]}},"_links":{"self":[{"href":"https:\/\/www.muehlebirgel.de\/fr\/wp-json\/wp\/v2\/pages\/9719","targetHints":{"allow":["GET"]}}],"collection":[{"href":"https:\/\/www.muehlebirgel.de\/fr\/wp-json\/wp\/v2\/pages"}],"about":[{"href":"https:\/\/www.muehlebirgel.de\/fr\/wp-json\/wp\/v2\/types\/page"}],"author":[{"embeddable":true,"href":"https:\/\/www.muehlebirgel.de\/fr\/wp-json\/wp\/v2\/users\/1"}],"replies":[{"embeddable":true,"href":"https:\/\/www.muehlebirgel.de\/fr\/wp-json\/wp\/v2\/comments?post=9719"}],"version-history":[{"count":0,"href":"https:\/\/www.muehlebirgel.de\/fr\/wp-json\/wp\/v2\/pages\/9719\/revisions"}],"up":[{"embeddable":true,"href":"https:\/\/www.muehlebirgel.de\/fr\/wp-json\/wp\/v2\/pages\/9667"}],"wp:attachment":[{"href":"https:\/\/www.muehlebirgel.de\/fr\/wp-json\/wp\/v2\/media?parent=9719"}],"curies":[{"name":"wp","href":"https:\/\/api.w.org\/{rel}","templated":true}]}}