{"id":9723,"date":"2021-12-10T14:57:25","date_gmt":"2021-12-10T14:57:25","guid":{"rendered":"https:\/\/www.muehlebirgel.de\/hotel-romantique-dans-leifel-moulin-a-eau-historique-de-birgel\/les-suites-de-lhotel-du-moulin-a-eau-historique\/"},"modified":"2026-01-08T08:45:22","modified_gmt":"2026-01-08T07:45:22","slug":"les-hotels-suites-du-moulin-a-eau-historique","status":"publish","type":"page","link":"https:\/\/www.muehlebirgel.de\/fr\/les-suites-de-lhotel-du-moulin-a-eau-historique","title":{"rendered":"Suites \u00e0 colombages de grande classe &#8211; Plus qu&rsquo;un simple appartement de vacances dans l&rsquo;Eifel"},"content":{"rendered":"<div class=\"wp-block-image\">\n<figure class=\"alignleft\"><img loading=\"lazy\" decoding=\"async\" width=\"300\" height=\"200\" src=\"https:\/\/www.muehlebirgel.de\/wp-content\/uploads\/2009\/04\/ferienhaeuser.jpg\" alt=\"\" class=\"wp-image-123\"\/><\/figure>\n<\/div>\n<p>Sur le vaste <strong>terrain du moulin<\/strong>, vous trouverez quatre maisons \u00e0 colombages romantiques. La chose tr\u00e8s sp\u00e9ciale, cependant, est que sans changer l&rsquo;irr\u00e9cup\u00e9rable, ces maisons ont \u00e9t\u00e9 \u00e9quip\u00e9es du confort le plus moderne et du plus bel int\u00e9rieur. C&rsquo;est ainsi que des refuges d&rsquo;h\u00f4tes ont \u00e9t\u00e9 cr\u00e9\u00e9s qui sont vraiment sans pr\u00e9c\u00e9dent. Vivre et se d\u00e9tendre de la mani\u00e8re la plus moderne, entour\u00e9 d&rsquo;une histoire tangible, tel \u00e9tait l&rsquo;objectif et vous pouvez vous en r\u00e9jouir.<\/p>\n\n<p><\/p>\n\n<p><\/p>\n\n<hr class=\"wp-block-separator has-alpha-channel-opacity\"\/>\n<div class=\"wp-block-image\">\n<figure class=\"alignleft\"><img loading=\"lazy\" decoding=\"async\" width=\"300\" height=\"200\" src=\"https:\/\/www.muehlebirgel.de\/wp-content\/uploads\/2009\/04\/paar-bett.jpg\" alt=\"\" class=\"wp-image-121\"\/><\/figure>\n<\/div>\n<p>Avec un petit-d\u00e9jeuner &#8211; sous forme de buffet dans la cave vo\u00fbt\u00e9e &#8211; vous cl\u00f4turez votre s\u00e9jour le lendemain matin. Plus vous restez longtemps, plus vous aurez souvent ce plaisir inoubliable.<\/p>\n\n<p>Toutes les chambres disposent d&rsquo;une t\u00e9l\u00e9vision couleur, d&rsquo;un mini-bar, d&rsquo;une cuisine avec r\u00e9frig\u00e9rateur, d&rsquo;un salon \/ salle \u00e0 manger et d&rsquo;une salle de bain design.<\/p>\n\n<p><a href=\"https:\/\/www.muehlebirgel.de\/fr\/vue-a-360-visite-virtuelle-du-moulin\" target=\"_blank\" rel=\"noreferrer noopener\">Images panoramiques \u00e0 360\u00b0 &gt;&gt;<\/a><br\/> (dans une nouvelle fen\u00eatre)<\/p>\n\n<p><\/p>\n\n<hr class=\"wp-block-separator has-alpha-channel-opacity\"\/>\n\n<div class=\"wp-block-columns is-layout-flex wp-container-core-columns-is-layout-9d6595d7 wp-block-columns-is-layout-flex\">\n<div class=\"wp-block-column is-layout-flow wp-block-column-is-layout-flow\">\n<h2 class=\"wp-block-heading\">Prix de la nuit\u00e9e en 2026<\/h2>\n\n\n\n<p><strong>Remarque : \u00e0 partir de maintenant, les prix seront toujours annonc\u00e9s par personne.<\/strong><\/p>\n\n\n\n<figure class=\"wp-block-table\"><table><tbody><tr><td>\u00a0<\/td><td>Prix<\/td><\/tr><tr><td>Nuit <span style=\"text-decoration: underline;\">par personne<\/span> dans un appartement \u00e0 colombages (occupation par 2 personnes)<\/td><td>\u00e0 partir de 73,50 \u20ac par personne<\/td><\/tr><tr><td>Chaque personne suppl\u00e9mentaire dans le m\u00eame appartement, suppl\u00e9ment :<\/td><td>55,00 \u20ac par personne<\/td><\/tr><tr><td>Chambre simple Appartement<\/td><td>137,00 \u20ac<\/td><\/tr><\/tbody><\/table><\/figure>\n<\/div>\n<\/div>\n\n<p>La taxe de randonn\u00e9e de l&rsquo;h\u00f4tel de 2,00 \u20ac par personne\/nuit est \u00e0 r\u00e9gler sur place \u00e0 la r\u00e9ception. Nos h\u00f4tes sont invit\u00e9s \u00e0 prendre le petit-d\u00e9jeuner sous forme de buffet.<br\/>Les animaux domestiques ne sont pas admis dans nos h\u00e9bergements !<\/p>\n\n<hr class=\"wp-block-separator has-alpha-channel-opacity\"\/>\n<div class=\"wp-block-image\">\n<figure class=\"alignleft\"><img loading=\"lazy\" decoding=\"async\" width=\"300\" height=\"201\" src=\"https:\/\/www.muehlebirgel.de\/wp-content\/uploads\/2009\/04\/UNBENANNT_69.jpg\" alt=\"\" class=\"wp-image-186\"\/><\/figure>\n<\/div>\n<p>Le moulin \u00e0 eau historique vous invite chaque matin au copieux petit-d\u00e9jeuner buffet sans frais suppl\u00e9mentaires.<\/p>\n\n<p><strong>Nous nous r\u00e9jouissons de votre demande \u00e0<br\/>T\u00e9l. : 06597\/92820 ou via notre <a href=\"https:\/\/www.muehlebirgel.de\/fr\/contacter\">formulaire de contact<\/a>!<\/strong><\/p>\n\n<p><strong>Chers propri\u00e9taires de chiens : Malheureusement, nous ne pouvons plus accepter les chiens dans nos chambres d&rsquo;h\u00f4tel et appartements \u00e0 colombages. <\/strong><\/p>\n\n<p><strong>Cependant, les amis \u00e0 quatre pattes sont les bienvenus sur tout le site du moulin et au restaurant. <\/strong><\/p>\n","protected":false},"excerpt":{"rendered":"<p>Sur le vaste terrain du moulin, vous trouverez quatre maisons \u00e0 colombages romantiques. La chose tr\u00e8s sp\u00e9ciale, cependant, est que sans changer l&rsquo;irr\u00e9cup\u00e9rable, ces maisons ont \u00e9t\u00e9 \u00e9quip\u00e9es du confort le plus moderne et du plus bel int\u00e9rieur. C&rsquo;est ainsi que des refuges d&rsquo;h\u00f4tes ont \u00e9t\u00e9 cr\u00e9\u00e9s qui sont vraiment sans pr\u00e9c\u00e9dent. Vivre et se [&hellip;]<\/p>\n","protected":false},"author":1,"featured_media":0,"parent":25840,"menu_order":1,"comment_status":"closed","ping_status":"closed","template":"","meta":{"footnotes":""},"class_list":["post-9723","page","type-page","status-publish","hentry"],"yoast_head":"<!-- This site is optimized with the Yoast SEO plugin v27.2 - https:\/\/yoast.com\/product\/yoast-seo-wordpress\/ -->\n<title>Suites \u00e0 colombages de grande classe - Plus qu&#039;un simple appartement de vacances dans l&#039;Eifel - Historische Wasserm\u00fchle Birgel<\/title>\n<meta name=\"robots\" content=\"index, follow, max-snippet:-1, max-image-preview:large, max-video-preview:-1\" \/>\n<link rel=\"canonical\" href=\"https:\/\/www.muehlebirgel.de\/fr\/les-suites-de-lhotel-du-moulin-a-eau-historique\" \/>\n<meta property=\"og:locale\" content=\"fr_FR\" \/>\n<meta property=\"og:type\" content=\"article\" \/>\n<meta property=\"og:title\" content=\"Suites \u00e0 colombages de grande classe - Plus qu&#039;un simple appartement de vacances dans l&#039;Eifel - Historische Wasserm\u00fchle Birgel\" \/>\n<meta property=\"og:description\" content=\"Sur le vaste terrain du moulin, vous trouverez quatre maisons \u00e0 colombages romantiques. La chose tr\u00e8s sp\u00e9ciale, cependant, est que sans changer l&rsquo;irr\u00e9cup\u00e9rable, ces maisons ont \u00e9t\u00e9 \u00e9quip\u00e9es du confort le plus moderne et du plus bel int\u00e9rieur. C&rsquo;est ainsi que des refuges d&rsquo;h\u00f4tes ont \u00e9t\u00e9 cr\u00e9\u00e9s qui sont vraiment sans pr\u00e9c\u00e9dent. Vivre et se [&hellip;]\" \/>\n<meta property=\"og:url\" content=\"https:\/\/www.muehlebirgel.de\/fr\/les-suites-de-lhotel-du-moulin-a-eau-historique\/\" \/>\n<meta property=\"og:site_name\" content=\"Historische Wasserm\u00fchle Birgel\" \/>\n<meta property=\"article:modified_time\" content=\"2026-01-08T07:45:22+00:00\" \/>\n<meta property=\"og:image\" content=\"https:\/\/www.muehlebirgel.de\/wp-content\/uploads\/2009\/04\/ferienhaeuser.jpg\" \/>\n\t<meta property=\"og:image:width\" content=\"300\" \/>\n\t<meta property=\"og:image:height\" content=\"200\" \/>\n\t<meta property=\"og:image:type\" content=\"image\/jpeg\" \/>\n<meta name=\"twitter:card\" content=\"summary_large_image\" \/>\n<meta name=\"twitter:label1\" content=\"Dur\u00e9e de lecture estim\u00e9e\" \/>\n\t<meta name=\"twitter:data1\" content=\"2 minutes\" \/>\n<script type=\"application\/ld+json\" class=\"yoast-schema-graph\">{\"@context\":\"https:\/\/schema.org\",\"@graph\":[{\"@type\":\"WebPage\",\"@id\":\"https:\/\/www.muehlebirgel.de\/fr\/les-suites-de-lhotel-du-moulin-a-eau-historique\",\"url\":\"https:\/\/www.muehlebirgel.de\/fr\/les-suites-de-lhotel-du-moulin-a-eau-historique\",\"name\":\"Suites \u00e0 colombages de grande classe - Plus qu'un simple appartement de vacances dans l'Eifel - Historische Wasserm\u00fchle Birgel\",\"isPartOf\":{\"@id\":\"https:\/\/www.muehlebirgel.de\/fr\/#website\"},\"primaryImageOfPage\":{\"@id\":\"https:\/\/www.muehlebirgel.de\/fr\/les-suites-de-lhotel-du-moulin-a-eau-historique#primaryimage\"},\"image\":{\"@id\":\"https:\/\/www.muehlebirgel.de\/fr\/les-suites-de-lhotel-du-moulin-a-eau-historique#primaryimage\"},\"thumbnailUrl\":\"https:\/\/www.muehlebirgel.de\/wp-content\/uploads\/2009\/04\/ferienhaeuser.jpg\",\"datePublished\":\"2021-12-10T14:57:25+00:00\",\"dateModified\":\"2026-01-08T07:45:22+00:00\",\"breadcrumb\":{\"@id\":\"https:\/\/www.muehlebirgel.de\/fr\/les-suites-de-lhotel-du-moulin-a-eau-historique#breadcrumb\"},\"inLanguage\":\"fr-FR\",\"potentialAction\":[{\"@type\":\"ReadAction\",\"target\":[\"https:\/\/www.muehlebirgel.de\/fr\/les-suites-de-lhotel-du-moulin-a-eau-historique\"]}]},{\"@type\":\"ImageObject\",\"inLanguage\":\"fr-FR\",\"@id\":\"https:\/\/www.muehlebirgel.de\/fr\/les-suites-de-lhotel-du-moulin-a-eau-historique#primaryimage\",\"url\":\"https:\/\/www.muehlebirgel.de\/wp-content\/uploads\/2009\/04\/ferienhaeuser.jpg\",\"contentUrl\":\"https:\/\/www.muehlebirgel.de\/wp-content\/uploads\/2009\/04\/ferienhaeuser.jpg\"},{\"@type\":\"BreadcrumbList\",\"@id\":\"https:\/\/www.muehlebirgel.de\/fr\/les-suites-de-lhotel-du-moulin-a-eau-historique#breadcrumb\",\"itemListElement\":[{\"@type\":\"ListItem\",\"position\":1,\"name\":\"Startseite\",\"item\":\"https:\/\/www.muehlebirgel.de\/fr\"},{\"@type\":\"ListItem\",\"position\":2,\"name\":\"H\u00e9bergement dans l&#8217;Eifel &#8211; R\u00e9server des vacances dans l&#8217;Eifel volcanique\",\"item\":\"https:\/\/www.muehlebirgel.de\/fr\/uebernachtungen-in-der-eifel\"},{\"@type\":\"ListItem\",\"position\":3,\"name\":\"Suites \u00e0 colombages de grande classe &#8211; Plus qu&#8217;un simple appartement de vacances dans l&#8217;Eifel\"}]},{\"@type\":\"WebSite\",\"@id\":\"https:\/\/www.muehlebirgel.de\/fr\/#website\",\"url\":\"https:\/\/www.muehlebirgel.de\/fr\/\",\"name\":\"Historische Wasserm\u00fchle Birgel\",\"description\":\"Willkommen im M\u00fchlen-Erlebniszentrum\",\"potentialAction\":[{\"@type\":\"SearchAction\",\"target\":{\"@type\":\"EntryPoint\",\"urlTemplate\":\"https:\/\/www.muehlebirgel.de\/fr\/?s={search_term_string}\"},\"query-input\":{\"@type\":\"PropertyValueSpecification\",\"valueRequired\":true,\"valueName\":\"search_term_string\"}}],\"inLanguage\":\"fr-FR\"}]}<\/script>\n<!-- \/ Yoast SEO plugin. -->","yoast_head_json":{"title":"Suites \u00e0 colombages de grande classe - Plus qu'un simple appartement de vacances dans l'Eifel - Historische Wasserm\u00fchle Birgel","robots":{"index":"index","follow":"follow","max-snippet":"max-snippet:-1","max-image-preview":"max-image-preview:large","max-video-preview":"max-video-preview:-1"},"canonical":"https:\/\/www.muehlebirgel.de\/fr\/les-suites-de-lhotel-du-moulin-a-eau-historique","og_locale":"fr_FR","og_type":"article","og_title":"Suites \u00e0 colombages de grande classe - Plus qu'un simple appartement de vacances dans l'Eifel - Historische Wasserm\u00fchle Birgel","og_description":"Sur le vaste terrain du moulin, vous trouverez quatre maisons \u00e0 colombages romantiques. La chose tr\u00e8s sp\u00e9ciale, cependant, est que sans changer l&rsquo;irr\u00e9cup\u00e9rable, ces maisons ont \u00e9t\u00e9 \u00e9quip\u00e9es du confort le plus moderne et du plus bel int\u00e9rieur. C&rsquo;est ainsi que des refuges d&rsquo;h\u00f4tes ont \u00e9t\u00e9 cr\u00e9\u00e9s qui sont vraiment sans pr\u00e9c\u00e9dent. Vivre et se [&hellip;]","og_url":"https:\/\/www.muehlebirgel.de\/fr\/les-suites-de-lhotel-du-moulin-a-eau-historique\/","og_site_name":"Historische Wasserm\u00fchle Birgel","article_modified_time":"2026-01-08T07:45:22+00:00","og_image":[{"width":300,"height":200,"url":"https:\/\/www.muehlebirgel.de\/wp-content\/uploads\/2009\/04\/ferienhaeuser.jpg","type":"image\/jpeg"}],"twitter_card":"summary_large_image","twitter_misc":{"Dur\u00e9e de lecture estim\u00e9e":"2 minutes"},"schema":{"@context":"https:\/\/schema.org","@graph":[{"@type":"WebPage","@id":"https:\/\/www.muehlebirgel.de\/fr\/les-suites-de-lhotel-du-moulin-a-eau-historique","url":"https:\/\/www.muehlebirgel.de\/fr\/les-suites-de-lhotel-du-moulin-a-eau-historique","name":"Suites \u00e0 colombages de grande classe - Plus qu'un simple appartement de vacances dans l'Eifel - Historische Wasserm\u00fchle Birgel","isPartOf":{"@id":"https:\/\/www.muehlebirgel.de\/fr\/#website"},"primaryImageOfPage":{"@id":"https:\/\/www.muehlebirgel.de\/fr\/les-suites-de-lhotel-du-moulin-a-eau-historique#primaryimage"},"image":{"@id":"https:\/\/www.muehlebirgel.de\/fr\/les-suites-de-lhotel-du-moulin-a-eau-historique#primaryimage"},"thumbnailUrl":"https:\/\/www.muehlebirgel.de\/wp-content\/uploads\/2009\/04\/ferienhaeuser.jpg","datePublished":"2021-12-10T14:57:25+00:00","dateModified":"2026-01-08T07:45:22+00:00","breadcrumb":{"@id":"https:\/\/www.muehlebirgel.de\/fr\/les-suites-de-lhotel-du-moulin-a-eau-historique#breadcrumb"},"inLanguage":"fr-FR","potentialAction":[{"@type":"ReadAction","target":["https:\/\/www.muehlebirgel.de\/fr\/les-suites-de-lhotel-du-moulin-a-eau-historique"]}]},{"@type":"ImageObject","inLanguage":"fr-FR","@id":"https:\/\/www.muehlebirgel.de\/fr\/les-suites-de-lhotel-du-moulin-a-eau-historique#primaryimage","url":"https:\/\/www.muehlebirgel.de\/wp-content\/uploads\/2009\/04\/ferienhaeuser.jpg","contentUrl":"https:\/\/www.muehlebirgel.de\/wp-content\/uploads\/2009\/04\/ferienhaeuser.jpg"},{"@type":"BreadcrumbList","@id":"https:\/\/www.muehlebirgel.de\/fr\/les-suites-de-lhotel-du-moulin-a-eau-historique#breadcrumb","itemListElement":[{"@type":"ListItem","position":1,"name":"Startseite","item":"https:\/\/www.muehlebirgel.de\/fr"},{"@type":"ListItem","position":2,"name":"H\u00e9bergement dans l&#8217;Eifel &#8211; R\u00e9server des vacances dans l&#8217;Eifel volcanique","item":"https:\/\/www.muehlebirgel.de\/fr\/uebernachtungen-in-der-eifel"},{"@type":"ListItem","position":3,"name":"Suites \u00e0 colombages de grande classe &#8211; Plus qu&#8217;un simple appartement de vacances dans l&#8217;Eifel"}]},{"@type":"WebSite","@id":"https:\/\/www.muehlebirgel.de\/fr\/#website","url":"https:\/\/www.muehlebirgel.de\/fr\/","name":"Historische Wasserm\u00fchle Birgel","description":"Willkommen im M\u00fchlen-Erlebniszentrum","potentialAction":[{"@type":"SearchAction","target":{"@type":"EntryPoint","urlTemplate":"https:\/\/www.muehlebirgel.de\/fr\/?s={search_term_string}"},"query-input":{"@type":"PropertyValueSpecification","valueRequired":true,"valueName":"search_term_string"}}],"inLanguage":"fr-FR"}]}},"_links":{"self":[{"href":"https:\/\/www.muehlebirgel.de\/fr\/wp-json\/wp\/v2\/pages\/9723","targetHints":{"allow":["GET"]}}],"collection":[{"href":"https:\/\/www.muehlebirgel.de\/fr\/wp-json\/wp\/v2\/pages"}],"about":[{"href":"https:\/\/www.muehlebirgel.de\/fr\/wp-json\/wp\/v2\/types\/page"}],"author":[{"embeddable":true,"href":"https:\/\/www.muehlebirgel.de\/fr\/wp-json\/wp\/v2\/users\/1"}],"replies":[{"embeddable":true,"href":"https:\/\/www.muehlebirgel.de\/fr\/wp-json\/wp\/v2\/comments?post=9723"}],"version-history":[{"count":54,"href":"https:\/\/www.muehlebirgel.de\/fr\/wp-json\/wp\/v2\/pages\/9723\/revisions"}],"predecessor-version":[{"id":62868,"href":"https:\/\/www.muehlebirgel.de\/fr\/wp-json\/wp\/v2\/pages\/9723\/revisions\/62868"}],"up":[{"embeddable":true,"href":"https:\/\/www.muehlebirgel.de\/fr\/wp-json\/wp\/v2\/pages\/25840"}],"wp:attachment":[{"href":"https:\/\/www.muehlebirgel.de\/fr\/wp-json\/wp\/v2\/media?parent=9723"}],"curies":[{"name":"wp","href":"https:\/\/api.w.org\/{rel}","templated":true}]}}