{"id":9729,"date":"2021-12-10T14:57:31","date_gmt":"2021-12-10T14:57:31","guid":{"rendered":"https:\/\/www.muehlebirgel.de\/hotel-romantique-dans-leifel-moulin-a-eau-historique-de-birgel\/arrangement-de-la-saint-sylvestre-dans-le-moulin-a-eau-historique\/"},"modified":"2026-01-08T08:42:10","modified_gmt":"2026-01-08T07:42:10","slug":"arrangement-du-jour-de-lan-dans-le-moulin-a-eau-historique","status":"publish","type":"page","link":"https:\/\/www.muehlebirgel.de\/fr\/arrangement-de-la-saint-sylvestre-dans-le-moulin-a-eau-historique","title":{"rendered":"Arrangement de la Saint-Sylvestre dans le moulin \u00e0 eau historique"},"content":{"rendered":"\n<h2 class=\"wp-block-heading\">Vivez des vacances de Nouvel An exclusives dans l&rsquo;Eifel !<\/h2>\n\n<p><strong>R\u00e9servation possible d\u00e8s maintenant !<\/strong><\/p>\n<div class=\"wp-block-image\">\n<figure class=\"alignleft\"><img decoding=\"async\" src=\"https:\/\/www.muehlebirgel.de\/wp-content\/uploads\/2009\/04\/Silvester.jpg\" alt=\"\" class=\"wp-image-117\"\/><\/figure>\n<\/div>\n<p>Sur le vaste <a href=\"https:\/\/www.muehlebirgel.de\/historische-muehle.html\">terrain du moulin<\/a> se trouvent quatre <a href=\"https:\/\/www.muehlebirgel.de\/eifel-hotel-suites.html\">maisons \u00e0 colombages romantiques<\/a>. La chose tr\u00e8s sp\u00e9ciale, cependant, est que sans changer l&rsquo;irr\u00e9cup\u00e9rable, ces maisons ont \u00e9t\u00e9 \u00e9quip\u00e9es du confort le plus moderne et du plus bel int\u00e9rieur. C&rsquo;est ainsi que des refuges d&rsquo;h\u00f4tes ont \u00e9t\u00e9 cr\u00e9\u00e9s qui sont vraiment sans pr\u00e9c\u00e9dent. Vivre et se d\u00e9tendre de la mani\u00e8re la plus moderne, entour\u00e9 d&rsquo;une histoire tangible, tel \u00e9tait l&rsquo;objectif et vous pouvez vous en r\u00e9jouir.<\/p>\n\n<hr class=\"wp-block-separator has-alpha-channel-opacity\"\/>\n<div class=\"wp-block-image\">\n<figure class=\"alignleft\"><img loading=\"lazy\" decoding=\"async\" width=\"300\" height=\"200\" src=\"https:\/\/www.muehlebirgel.de\/wp-content\/uploads\/2009\/04\/paar-bett.jpg\" alt=\"\" class=\"wp-image-121\"\/><\/figure>\n<\/div>\n<h2 class=\"wp-block-heading\"><span style=\"font-size: 24px;\"><strong>R\u00e9servation possible du Nouvel An dans l&rsquo;Eifel avec ou sans le camping-car<\/strong>:<\/span><\/h2>\n\n<p>\u00ab\u00a0Soir\u00e9e de la Saint-Sylvestre avec menu gastronomique surprise \u00e0 8 plats et musique live \u00e0 partir de 18h00\u00a0\u00bb.<\/p>\n\n<p>En raison des capacit\u00e9s limit\u00e9es des chambres, les mobil-homes peuvent se garer la nuit dans notre grand parking le soir du Nouvel An et vivre avec nous une f\u00eate exclusive du Nouvel An.<\/p>\n\n<p><strong>Co\u00fbt : 116,00\u20ac p.p. sans camping-car (y compris 1 verre de vin mousseux \u00e0 24h)<\/strong>;<strong>  plus 20\u20ac pour un emplacement de camping-car\/jour<\/strong><\/p>\n\n<p>L&rsquo;\u00e9quipe du moulin \u00e0 eau historique se r\u00e9jouit d\u00e9j\u00e0 de vous offrir de nombreuses heures mouvement\u00e9es et agr\u00e9ables.<\/p>\n\n<p><strong>Nous nous r\u00e9jouissons de votre demande \u00e0<br\/>T\u00e9l. : 06597\/92820 ou via notre <a href=\"https:\/\/www.muehlebirgel.de\/fr\/contacter\">formulaire de contact<\/a>!<\/strong><\/p>\n\n<hr class=\"wp-block-separator has-alpha-channel-opacity\"\/>\n\n<h2 class=\"wp-block-heading\">Informations 2026<\/h2>\n\n<p>Arriv\u00e9e : 29.12.2026<br\/>D\u00e9part : 01.01.2027<\/p>\n\n<ul class=\"wp-block-list\">\n<li>3 nuits dans nos appartements romantiques \u00e0 colombages, nos appartements de vacances ou en chambre double au M\u00fchlenhotel<\/li>\n\n\n\n<li>2 x petit d\u00e9jeuner<\/li>\n\n\n\n<li>2 d\u00eeners sous forme de menu \u00e0 3 plats ou de buffet \u00e0 partir de la carte traditionnelle du moulin<\/li>\n\n\n\n<li>1 x r\u00e9veillon de la Saint-Sylvestre avec menu gastronomique surprise de 8 plats et musique live \u00e0 partir de 18h00 (restauration ferm\u00e9e pendant la journ\u00e9e)<\/li>\n\n\n\n<li>1 x brunch du Nouvel An \u00e0 partir de 11h00 (ferm\u00e9 \u00e0 partir de 14h30)<\/li>\n\n\n\n<li>1 x visite guid\u00e9e de nos moulins historiques<\/li>\n\n\n\n<li>1 x randonn\u00e9e Hirschbergsattel incl.\nCollation <br\/><\/li>\n<\/ul>\n\n<figure class=\"wp-block-table\"><table><tbody><tr><td>pour 2 pers. dans l&rsquo;appartement<\/td><td>529,00 \u20ac p.p.<\/td><\/tr><tr><td>Chambre double \u00e0 l&rsquo;h\u00f4tel du moulin<\/td><td>497,00 \u20ac p.p.<\/td><\/tr><\/tbody><\/table><\/figure>\n\n<p><em>Nuits suppl\u00e9mentaires sur demande !<\/em><\/p>\n\n<p>En option : 10\u20ac pour un emplacement de camping-car\/jour<\/p>\n\n<div class=\"wp-block-columns arrangement-contact-section is-layout-flex wp-container-core-columns-is-layout-9d6595d7 wp-block-columns-is-layout-flex\">\n<div class=\"wp-block-column is-layout-flow wp-block-column-is-layout-flow\">\n<h2 class=\"wp-block-heading\">Envoyez maintenant une demande de r\u00e9servation gratuite !<\/h2>\n\n\n\n<div class=\"wp-block-columns is-layout-flex wp-container-core-columns-is-layout-9d6595d7 wp-block-columns-is-layout-flex\">\n<div class=\"wp-block-column arrangement-form-section is-layout-flow wp-block-column-is-layout-flow\" style=\"flex-basis:50%\">\n<h3 class=\"wp-block-heading\">Demander la p\u00e9riode souhait\u00e9e sans engagement<\/h3>\n\n\n\n<div class=\"wpcf7 no-js\" id=\"wpcf7-f32054-o1\" lang=\"fr-FR\" dir=\"ltr\" data-wpcf7-id=\"32054\">\n<div class=\"screen-reader-response\"><p role=\"status\" aria-live=\"polite\" aria-atomic=\"true\"><\/p> <ul><\/ul><\/div>\n<form action=\"\/fr\/wp-json\/wp\/v2\/pages\/9729#wpcf7-f32054-o1\" method=\"post\" class=\"wpcf7-form init\" aria-label=\"Formulaire de contact\" novalidate=\"novalidate\" data-status=\"init\">\n<fieldset class=\"hidden-fields-container\"><input type=\"hidden\" name=\"_wpcf7\" value=\"32054\" \/><input type=\"hidden\" name=\"_wpcf7_version\" value=\"6.1.5\" \/><input type=\"hidden\" name=\"_wpcf7_locale\" value=\"fr_FR\" \/><input type=\"hidden\" name=\"_wpcf7_unit_tag\" value=\"wpcf7-f32054-o1\" \/><input type=\"hidden\" name=\"_wpcf7_container_post\" value=\"0\" \/><input type=\"hidden\" name=\"_wpcf7_posted_data_hash\" value=\"\" \/><input type=\"hidden\" name=\"_wpcf7_recaptcha_response\" value=\"\" \/>\n<\/fieldset>\n<label> Votre nom (*)\n    <span class=\"wpcf7-form-control-wrap\" data-name=\"your-name\"><input size=\"40\" maxlength=\"400\" class=\"wpcf7-form-control wpcf7-text wpcf7-validates-as-required\" aria-required=\"true\" aria-invalid=\"false\" value=\"\" type=\"text\" name=\"your-name\" \/><\/span> <\/label>\n\n<label> Adresse e-mail (*)\n    <span class=\"wpcf7-form-control-wrap\" data-name=\"your-email\"><input size=\"40\" maxlength=\"400\" class=\"wpcf7-form-control wpcf7-email wpcf7-validates-as-required wpcf7-text wpcf7-validates-as-email\" aria-required=\"true\" aria-invalid=\"false\" value=\"\" type=\"email\" name=\"your-email\" \/><\/span> <\/label>\n\n<label>  T\u00e9l\u00e9phone (*)\n<span class=\"wpcf7-form-control-wrap\" data-name=\"tel-telefon\"><input size=\"40\" maxlength=\"400\" class=\"wpcf7-form-control wpcf7-tel wpcf7-validates-as-required wpcf7-text wpcf7-validates-as-tel\" aria-required=\"true\" aria-invalid=\"false\" value=\"\" type=\"tel\" name=\"tel-telefon\" \/><\/span>\n<\/label>\n\n<label>  Nombre de personnes (*)\n<span class=\"wpcf7-form-control-wrap\" data-name=\"number-persons\"><input class=\"wpcf7-form-control wpcf7-number wpcf7-validates-as-required wpcf7-validates-as-number\" min=\"1\" max=\"100\" aria-required=\"true\" aria-invalid=\"false\" value=\"2\" type=\"number\" name=\"number-persons\" \/><\/span>\n<\/label>\n\n<label>  Date d'arriv\u00e9e souhait\u00e9e (*)\n    <span class=\"wpcf7-form-control-wrap\" data-name=\"date-anreise\"><input class=\"wpcf7-form-control wpcf7-date wpcf7-validates-as-required wpcf7-validates-as-date\" aria-required=\"true\" aria-invalid=\"false\" value=\"\" type=\"date\" name=\"date-anreise\" \/><\/span> <\/label>\n\n<label>  Nombre de nuit\u00e9es souhait\u00e9es (*)\n<span class=\"wpcf7-form-control-wrap\" data-name=\"text-uebernachtungen\"><input size=\"40\" maxlength=\"400\" class=\"wpcf7-form-control wpcf7-text wpcf7-validates-as-required\" aria-required=\"true\" aria-invalid=\"false\" value=\"\" type=\"text\" name=\"text-uebernachtungen\" \/><\/span>\n<\/label>\n\n<label>  Votre message\/v\u0153ux particuliers\n    <span class=\"wpcf7-form-control-wrap\" data-name=\"your-message\"><textarea cols=\"40\" rows=\"2\" maxlength=\"2000\" class=\"wpcf7-form-control wpcf7-textarea\" aria-invalid=\"false\" name=\"your-message\"><\/textarea><\/span> <\/label>\n\n\n<button data-service=\"google-recaptcha\" data-category=\"marketing\" class=\"cmplz-blocked-content-container cmplz-blocked-content-notice cmplz-accept-service cmplz-accept-marketing cmplz-wpforms\" style=\"text-align: left; cursor: pointer;margin-top:20px;background-color:transparent;border:none;color: var(--nv-primary-accent);font-weight: 500;font-size: 16px;text-wrap:wrap;box-shadow:none;\">  Veuillez accepter les cookies reCaptcha en cliquant sur ce texte afin de pouvoir envoyer le formulaire.\n<\/button>\n\n<input class=\"wpcf7-form-control wpcf7-submit has-spinner\" type=\"submit\" value=\"Envoyer\" \/><div class=\"wpcf7-response-output\" aria-hidden=\"true\"><\/div>\n<\/form>\n<\/div>\n\n<\/div>\n\n\n\n<div class=\"wp-block-column is-layout-flow wp-block-column-is-layout-flow\" style=\"flex-basis:50%\">\n<h3 class=\"wp-block-heading\">Demandes de renseignements &amp; contact personnel<\/h3>\n\n\n\n<p><\/p>\n\n\n\n<p>Avons-nous \u00e9veill\u00e9 votre int\u00e9r\u00eat ?<\/p>\n\n\n\n<p>Envoyez-nous un e-mail via le formulaire de contact<br\/>ou contactez-nous par :<\/p>\n\n\n\n<p>T\u00e9l\u00e9phone : +49 6597 92820<br\/>T\u00e9l\u00e9copieur : +49 6597 9282-149 ou<br\/>E-mail : <a href=\"mailto:info@muehlebirgel.de\">info@muehlebirgel.de<\/a><\/p>\n\n\n\n<figure class=\"wp-block-image size-full\"><img loading=\"lazy\" decoding=\"async\" width=\"300\" height=\"200\" src=\"https:\/\/www.muehlebirgel.de\/wp-content\/uploads\/2009\/12\/45.jpg\" alt=\"\" class=\"wp-image-306\"\/><\/figure>\n\n\n\n<p><strong>Nous attendons votre message avec impatience !<\/strong><\/p>\n<\/div>\n<\/div>\n<\/div>\n<\/div>\n","protected":false},"excerpt":{"rendered":"<p>Vivez des vacances de Nouvel An exclusives dans l&rsquo;Eifel ! R\u00e9servation possible d\u00e8s maintenant ! Sur le vaste terrain du moulin se trouvent quatre maisons \u00e0 colombages romantiques. La chose tr\u00e8s sp\u00e9ciale, cependant, est que sans changer l&rsquo;irr\u00e9cup\u00e9rable, ces maisons ont \u00e9t\u00e9 \u00e9quip\u00e9es du confort le plus moderne et du plus bel int\u00e9rieur. C&rsquo;est ainsi [&hellip;]<\/p>\n","protected":false},"author":1,"featured_media":0,"parent":9709,"menu_order":12,"comment_status":"closed","ping_status":"closed","template":"","meta":{"footnotes":""},"class_list":["post-9729","page","type-page","status-publish","hentry"],"yoast_head":"<!-- This site is optimized with the Yoast SEO plugin v27.2 - https:\/\/yoast.com\/product\/yoast-seo-wordpress\/ -->\n<title>Arrangement de la Saint-Sylvestre dans le moulin \u00e0 eau historique - Historische Wasserm\u00fchle Birgel<\/title>\n<meta name=\"robots\" content=\"index, follow, max-snippet:-1, max-image-preview:large, max-video-preview:-1\" \/>\n<link rel=\"canonical\" href=\"https:\/\/www.muehlebirgel.de\/fr\/arrangement-de-la-saint-sylvestre-dans-le-moulin-a-eau-historique\" \/>\n<meta property=\"og:locale\" content=\"fr_FR\" \/>\n<meta property=\"og:type\" content=\"article\" \/>\n<meta property=\"og:title\" content=\"Arrangement de la Saint-Sylvestre dans le moulin \u00e0 eau historique - Historische Wasserm\u00fchle Birgel\" \/>\n<meta property=\"og:description\" content=\"Vivez des vacances de Nouvel An exclusives dans l&rsquo;Eifel ! R\u00e9servation possible d\u00e8s maintenant ! Sur le vaste terrain du moulin se trouvent quatre maisons \u00e0 colombages romantiques. La chose tr\u00e8s sp\u00e9ciale, cependant, est que sans changer l&rsquo;irr\u00e9cup\u00e9rable, ces maisons ont \u00e9t\u00e9 \u00e9quip\u00e9es du confort le plus moderne et du plus bel int\u00e9rieur. C&rsquo;est ainsi [&hellip;]\" \/>\n<meta property=\"og:url\" content=\"https:\/\/www.muehlebirgel.de\/fr\/arrangement-de-la-saint-sylvestre-dans-le-moulin-a-eau-historique\/\" \/>\n<meta property=\"og:site_name\" content=\"Historische Wasserm\u00fchle Birgel\" \/>\n<meta property=\"article:modified_time\" content=\"2026-01-08T07:42:10+00:00\" \/>\n<meta property=\"og:image\" content=\"https:\/\/www.muehlebirgel.de\/wp-content\/uploads\/2009\/04\/Silvester-e1662355341751.jpg\" \/>\n\t<meta property=\"og:image:width\" content=\"200\" \/>\n\t<meta property=\"og:image:height\" content=\"200\" \/>\n\t<meta property=\"og:image:type\" content=\"image\/jpeg\" \/>\n<meta name=\"twitter:card\" content=\"summary_large_image\" \/>\n<meta name=\"twitter:label1\" content=\"Dur\u00e9e de lecture estim\u00e9e\" \/>\n\t<meta name=\"twitter:data1\" content=\"2 minutes\" \/>\n<script type=\"application\/ld+json\" class=\"yoast-schema-graph\">{\"@context\":\"https:\/\/schema.org\",\"@graph\":[{\"@type\":\"WebPage\",\"@id\":\"https:\/\/www.muehlebirgel.de\/fr\/arrangement-de-la-saint-sylvestre-dans-le-moulin-a-eau-historique\",\"url\":\"https:\/\/www.muehlebirgel.de\/fr\/arrangement-de-la-saint-sylvestre-dans-le-moulin-a-eau-historique\",\"name\":\"Arrangement de la Saint-Sylvestre dans le moulin \u00e0 eau historique - Historische Wasserm\u00fchle Birgel\",\"isPartOf\":{\"@id\":\"https:\/\/www.muehlebirgel.de\/fr\/#website\"},\"primaryImageOfPage\":{\"@id\":\"https:\/\/www.muehlebirgel.de\/fr\/arrangement-de-la-saint-sylvestre-dans-le-moulin-a-eau-historique#primaryimage\"},\"image\":{\"@id\":\"https:\/\/www.muehlebirgel.de\/fr\/arrangement-de-la-saint-sylvestre-dans-le-moulin-a-eau-historique#primaryimage\"},\"thumbnailUrl\":\"https:\/\/www.muehlebirgel.de\/wp-content\/uploads\/2009\/04\/Silvester.jpg\",\"datePublished\":\"2021-12-10T14:57:31+00:00\",\"dateModified\":\"2026-01-08T07:42:10+00:00\",\"breadcrumb\":{\"@id\":\"https:\/\/www.muehlebirgel.de\/fr\/arrangement-de-la-saint-sylvestre-dans-le-moulin-a-eau-historique#breadcrumb\"},\"inLanguage\":\"fr-FR\",\"potentialAction\":[{\"@type\":\"ReadAction\",\"target\":[\"https:\/\/www.muehlebirgel.de\/fr\/arrangement-de-la-saint-sylvestre-dans-le-moulin-a-eau-historique\"]}]},{\"@type\":\"ImageObject\",\"inLanguage\":\"fr-FR\",\"@id\":\"https:\/\/www.muehlebirgel.de\/fr\/arrangement-de-la-saint-sylvestre-dans-le-moulin-a-eau-historique#primaryimage\",\"url\":\"https:\/\/www.muehlebirgel.de\/wp-content\/uploads\/2009\/04\/Silvester.jpg\",\"contentUrl\":\"https:\/\/www.muehlebirgel.de\/wp-content\/uploads\/2009\/04\/Silvester.jpg\"},{\"@type\":\"BreadcrumbList\",\"@id\":\"https:\/\/www.muehlebirgel.de\/fr\/arrangement-de-la-saint-sylvestre-dans-le-moulin-a-eau-historique#breadcrumb\",\"itemListElement\":[{\"@type\":\"ListItem\",\"position\":1,\"name\":\"Startseite\",\"item\":\"https:\/\/www.muehlebirgel.de\/fr\"},{\"@type\":\"ListItem\",\"position\":2,\"name\":\"H\u00e9bergement dans l&#8217;Eifel &#8211; R\u00e9server des vacances dans l&#8217;Eifel volcanique\",\"item\":\"https:\/\/www.muehlebirgel.de\/fr\/uebernachtungen-in-der-eifel\"},{\"@type\":\"ListItem\",\"position\":3,\"name\":\"H\u00f4tel dans l&#8217;Eifel &#8211; Chambres romantiques dans l&#8217;Eifel volcanique\",\"item\":\"https:\/\/www.muehlebirgel.de\/fr\/hotel-romantique-dans-leifel-moulin-a-eau-historique-de-birgel\"},{\"@type\":\"ListItem\",\"position\":4,\"name\":\"Arrangement de la Saint-Sylvestre dans le moulin \u00e0 eau historique\"}]},{\"@type\":\"WebSite\",\"@id\":\"https:\/\/www.muehlebirgel.de\/fr\/#website\",\"url\":\"https:\/\/www.muehlebirgel.de\/fr\/\",\"name\":\"Historische Wasserm\u00fchle Birgel\",\"description\":\"Willkommen im M\u00fchlen-Erlebniszentrum\",\"potentialAction\":[{\"@type\":\"SearchAction\",\"target\":{\"@type\":\"EntryPoint\",\"urlTemplate\":\"https:\/\/www.muehlebirgel.de\/fr\/?s={search_term_string}\"},\"query-input\":{\"@type\":\"PropertyValueSpecification\",\"valueRequired\":true,\"valueName\":\"search_term_string\"}}],\"inLanguage\":\"fr-FR\"}]}<\/script>\n<!-- \/ Yoast SEO plugin. -->","yoast_head_json":{"title":"Arrangement de la Saint-Sylvestre dans le moulin \u00e0 eau historique - Historische Wasserm\u00fchle Birgel","robots":{"index":"index","follow":"follow","max-snippet":"max-snippet:-1","max-image-preview":"max-image-preview:large","max-video-preview":"max-video-preview:-1"},"canonical":"https:\/\/www.muehlebirgel.de\/fr\/arrangement-de-la-saint-sylvestre-dans-le-moulin-a-eau-historique","og_locale":"fr_FR","og_type":"article","og_title":"Arrangement de la Saint-Sylvestre dans le moulin \u00e0 eau historique - Historische Wasserm\u00fchle Birgel","og_description":"Vivez des vacances de Nouvel An exclusives dans l&rsquo;Eifel ! R\u00e9servation possible d\u00e8s maintenant ! Sur le vaste terrain du moulin se trouvent quatre maisons \u00e0 colombages romantiques. La chose tr\u00e8s sp\u00e9ciale, cependant, est que sans changer l&rsquo;irr\u00e9cup\u00e9rable, ces maisons ont \u00e9t\u00e9 \u00e9quip\u00e9es du confort le plus moderne et du plus bel int\u00e9rieur. C&rsquo;est ainsi [&hellip;]","og_url":"https:\/\/www.muehlebirgel.de\/fr\/arrangement-de-la-saint-sylvestre-dans-le-moulin-a-eau-historique\/","og_site_name":"Historische Wasserm\u00fchle Birgel","article_modified_time":"2026-01-08T07:42:10+00:00","og_image":[{"width":200,"height":200,"url":"https:\/\/www.muehlebirgel.de\/wp-content\/uploads\/2009\/04\/Silvester-e1662355341751.jpg","type":"image\/jpeg"}],"twitter_card":"summary_large_image","twitter_misc":{"Dur\u00e9e de lecture estim\u00e9e":"2 minutes"},"schema":{"@context":"https:\/\/schema.org","@graph":[{"@type":"WebPage","@id":"https:\/\/www.muehlebirgel.de\/fr\/arrangement-de-la-saint-sylvestre-dans-le-moulin-a-eau-historique","url":"https:\/\/www.muehlebirgel.de\/fr\/arrangement-de-la-saint-sylvestre-dans-le-moulin-a-eau-historique","name":"Arrangement de la Saint-Sylvestre dans le moulin \u00e0 eau historique - Historische Wasserm\u00fchle Birgel","isPartOf":{"@id":"https:\/\/www.muehlebirgel.de\/fr\/#website"},"primaryImageOfPage":{"@id":"https:\/\/www.muehlebirgel.de\/fr\/arrangement-de-la-saint-sylvestre-dans-le-moulin-a-eau-historique#primaryimage"},"image":{"@id":"https:\/\/www.muehlebirgel.de\/fr\/arrangement-de-la-saint-sylvestre-dans-le-moulin-a-eau-historique#primaryimage"},"thumbnailUrl":"https:\/\/www.muehlebirgel.de\/wp-content\/uploads\/2009\/04\/Silvester.jpg","datePublished":"2021-12-10T14:57:31+00:00","dateModified":"2026-01-08T07:42:10+00:00","breadcrumb":{"@id":"https:\/\/www.muehlebirgel.de\/fr\/arrangement-de-la-saint-sylvestre-dans-le-moulin-a-eau-historique#breadcrumb"},"inLanguage":"fr-FR","potentialAction":[{"@type":"ReadAction","target":["https:\/\/www.muehlebirgel.de\/fr\/arrangement-de-la-saint-sylvestre-dans-le-moulin-a-eau-historique"]}]},{"@type":"ImageObject","inLanguage":"fr-FR","@id":"https:\/\/www.muehlebirgel.de\/fr\/arrangement-de-la-saint-sylvestre-dans-le-moulin-a-eau-historique#primaryimage","url":"https:\/\/www.muehlebirgel.de\/wp-content\/uploads\/2009\/04\/Silvester.jpg","contentUrl":"https:\/\/www.muehlebirgel.de\/wp-content\/uploads\/2009\/04\/Silvester.jpg"},{"@type":"BreadcrumbList","@id":"https:\/\/www.muehlebirgel.de\/fr\/arrangement-de-la-saint-sylvestre-dans-le-moulin-a-eau-historique#breadcrumb","itemListElement":[{"@type":"ListItem","position":1,"name":"Startseite","item":"https:\/\/www.muehlebirgel.de\/fr"},{"@type":"ListItem","position":2,"name":"H\u00e9bergement dans l&#8217;Eifel &#8211; R\u00e9server des vacances dans l&#8217;Eifel volcanique","item":"https:\/\/www.muehlebirgel.de\/fr\/uebernachtungen-in-der-eifel"},{"@type":"ListItem","position":3,"name":"H\u00f4tel dans l&#8217;Eifel &#8211; Chambres romantiques dans l&#8217;Eifel volcanique","item":"https:\/\/www.muehlebirgel.de\/fr\/hotel-romantique-dans-leifel-moulin-a-eau-historique-de-birgel"},{"@type":"ListItem","position":4,"name":"Arrangement de la Saint-Sylvestre dans le moulin \u00e0 eau historique"}]},{"@type":"WebSite","@id":"https:\/\/www.muehlebirgel.de\/fr\/#website","url":"https:\/\/www.muehlebirgel.de\/fr\/","name":"Historische Wasserm\u00fchle Birgel","description":"Willkommen im M\u00fchlen-Erlebniszentrum","potentialAction":[{"@type":"SearchAction","target":{"@type":"EntryPoint","urlTemplate":"https:\/\/www.muehlebirgel.de\/fr\/?s={search_term_string}"},"query-input":{"@type":"PropertyValueSpecification","valueRequired":true,"valueName":"search_term_string"}}],"inLanguage":"fr-FR"}]}},"_links":{"self":[{"href":"https:\/\/www.muehlebirgel.de\/fr\/wp-json\/wp\/v2\/pages\/9729","targetHints":{"allow":["GET"]}}],"collection":[{"href":"https:\/\/www.muehlebirgel.de\/fr\/wp-json\/wp\/v2\/pages"}],"about":[{"href":"https:\/\/www.muehlebirgel.de\/fr\/wp-json\/wp\/v2\/types\/page"}],"author":[{"embeddable":true,"href":"https:\/\/www.muehlebirgel.de\/fr\/wp-json\/wp\/v2\/users\/1"}],"replies":[{"embeddable":true,"href":"https:\/\/www.muehlebirgel.de\/fr\/wp-json\/wp\/v2\/comments?post=9729"}],"version-history":[{"count":48,"href":"https:\/\/www.muehlebirgel.de\/fr\/wp-json\/wp\/v2\/pages\/9729\/revisions"}],"predecessor-version":[{"id":62835,"href":"https:\/\/www.muehlebirgel.de\/fr\/wp-json\/wp\/v2\/pages\/9729\/revisions\/62835"}],"up":[{"embeddable":true,"href":"https:\/\/www.muehlebirgel.de\/fr\/wp-json\/wp\/v2\/pages\/9709"}],"wp:attachment":[{"href":"https:\/\/www.muehlebirgel.de\/fr\/wp-json\/wp\/v2\/media?parent=9729"}],"curies":[{"name":"wp","href":"https:\/\/api.w.org\/{rel}","templated":true}]}}