{"id":9731,"date":"2021-12-10T14:57:33","date_gmt":"2021-12-10T14:57:33","guid":{"rendered":"https:\/\/www.muehlebirgel.de\/panorama-bilder\/"},"modified":"2021-12-10T14:57:33","modified_gmt":"2021-12-10T14:57:33","slug":"panorama-bilder","status":"publish","type":"page","link":"https:\/\/www.muehlebirgel.de\/fr\/panorama-bilder","title":{"rendered":"Panorama-Bilder"},"content":{"rendered":"<div class=\"text\">\n<table style=\"width: 680px\" border=\"0\">\n<tbody>\n<tr>\n<td width=\"313\" valign=\"top\">\n<p><img loading=\"lazy\" decoding=\"async\" class=\" size-full wp-image-76\" src=\"https:\/\/www.muehlebirgel.de\/wp-content\/uploads\/2009\/04\/Seminar300x200.jpg\" alt=\"\" width=\"300\" height=\"200\"><\/p>\n<\/td>\n<td width=\"351\" valign=\"top\">\n<p>Salle de s\u00e9minaire<br \/> <a href=\"\/360grad\/seminar.html\" target=\"_blank\" rel=\"noopener noreferrer\">Images panoramiques \u00e0 360 \u00b0 &gt;&gt;<\/a><\/p>\n<\/td>\n<\/tr>\n<\/tbody>\n<\/table>\n<\/div>\n<div class=\"textabschnitt\">\n<table style=\"width: 680px\" border=\"0\">\n<tbody>\n<tr>\n<td width=\"313\" valign=\"top\">\n<p><img loading=\"lazy\" decoding=\"async\" class=\" size-full wp-image-77\" src=\"https:\/\/www.muehlebirgel.de\/wp-content\/uploads\/2009\/04\/Festsaal300x200.jpg\" alt=\"Festsaal\" width=\"300\" height=\"200\"><\/p>\n<\/td>\n<td width=\"351\" valign=\"top\">La salle de bal<br \/> <a href=\"\/360grad\/festsaal.html\" target=\"_blank\" rel=\"noopener noreferrer\">Images panoramiques \u00e0 360 \u00b0 &gt;&gt;<\/a><\/td>\n<\/tr>\n<\/tbody>\n<\/table>\n<\/div>\n<div class=\"textabschnitt\">\n<table style=\"width: 680px\" border=\"0\">\n<tbody>\n<tr>\n<td width=\"313\" valign=\"top\">\n<p><img loading=\"lazy\" decoding=\"async\" class=\" size-full wp-image-78\" src=\"https:\/\/www.muehlebirgel.de\/wp-content\/uploads\/2009\/04\/Appartement300x200.jpg\" alt=\"Appartment\" width=\"300\" height=\"199\"><\/p>\n<\/td>\n<td width=\"351\" valign=\"top\">Les appartements<br \/> <a href=\"\/360grad\/appartement.html\" target=\"_blank\" rel=\"noopener noreferrer\">Images panoramiques \u00e0 360 \u00b0 &gt;&gt;<\/a><\/td>\n<\/tr>\n<\/tbody>\n<\/table>\n<\/div>\n<div class=\"textabschnitt\">\n<table style=\"width: 680px\" border=\"0\">\n<tbody>\n<tr>\n<td width=\"313\" valign=\"top\">\n<p><img loading=\"lazy\" decoding=\"async\" class=\" size-full wp-image-79\" src=\"https:\/\/www.muehlebirgel.de\/wp-content\/uploads\/2009\/04\/Saegewerk300x200.jpg\" alt=\"S\u00e4gewerk\" width=\"300\" height=\"200\"><\/p>\n<\/td>\n<td width=\"351\" valign=\"top\">Restaurant de la scierie<br \/> <a href=\"\/360grad\/saegewerk.html\" target=\"_blank\" rel=\"noopener noreferrer\">Images panoramiques \u00e0 360 \u00b0 &gt;&gt;<\/a><\/td>\n<\/tr>\n<\/tbody>\n<\/table>\n<\/div>\n<div class=\"textabschnitt\">\n<table style=\"width: 680px\" border=\"0\">\n<tbody>\n<tr>\n<td width=\"313\" valign=\"top\">\n<p><img loading=\"lazy\" decoding=\"async\" class=\" size-full wp-image-52\" src=\"https:\/\/www.muehlebirgel.de\/wp-content\/uploads\/2009\/04\/Muehle300x200.jpg\" alt=\"Getreidem\u00fchle\" width=\"300\" height=\"200\"><\/p>\n<\/td>\n<td width=\"351\" valign=\"top\">Le moulin \u00e0 farine<br \/> <a href=\"\/360grad\/getreidemuehle.html\" target=\"_blank\" rel=\"noopener noreferrer\">Images panoramiques \u00e0 360 \u00b0 &gt;&gt;<\/a><\/td>\n<\/tr>\n<\/tbody>\n<\/table>\n<\/div>\n","protected":false},"excerpt":{"rendered":"<p>Salle de s\u00e9minaire Images panoramiques \u00e0 360 \u00b0 &gt;&gt; La salle de bal Images panoramiques \u00e0 360 \u00b0 &gt;&gt; Les appartements Images panoramiques \u00e0 360 \u00b0 &gt;&gt; Restaurant de la scierie Images panoramiques \u00e0 360 \u00b0 &gt;&gt; Le moulin \u00e0 farine Images panoramiques \u00e0 360 \u00b0 &gt;&gt;<\/p>\n","protected":false},"author":1,"featured_media":0,"parent":0,"menu_order":18,"comment_status":"closed","ping_status":"closed","template":"","meta":{"footnotes":""},"class_list":["post-9731","page","type-page","status-publish","hentry"],"yoast_head":"<!-- This site is optimized with the Yoast SEO plugin v27.2 - https:\/\/yoast.com\/product\/yoast-seo-wordpress\/ -->\n<title>Panorama-Bilder - Historische Wasserm\u00fchle Birgel<\/title>\n<meta name=\"robots\" content=\"index, follow, max-snippet:-1, max-image-preview:large, max-video-preview:-1\" \/>\n<link rel=\"canonical\" href=\"https:\/\/www.muehlebirgel.de\/fr\/panorama-bilder\" \/>\n<meta property=\"og:locale\" content=\"fr_FR\" \/>\n<meta property=\"og:type\" content=\"article\" \/>\n<meta property=\"og:title\" content=\"Panorama-Bilder - Historische Wasserm\u00fchle Birgel\" \/>\n<meta property=\"og:description\" content=\"Salle de s\u00e9minaire Images panoramiques \u00e0 360 \u00b0 &gt;&gt; La salle de bal Images panoramiques \u00e0 360 \u00b0 &gt;&gt; Les appartements Images panoramiques \u00e0 360 \u00b0 &gt;&gt; Restaurant de la scierie Images panoramiques \u00e0 360 \u00b0 &gt;&gt; Le moulin \u00e0 farine Images panoramiques \u00e0 360 \u00b0 &gt;&gt;\" \/>\n<meta property=\"og:url\" content=\"https:\/\/www.muehlebirgel.de\/fr\/panorama-bilder\/\" \/>\n<meta property=\"og:site_name\" content=\"Historische Wasserm\u00fchle Birgel\" \/>\n<meta property=\"og:image\" content=\"https:\/\/www.muehlebirgel.de\/wp-content\/uploads\/2009\/04\/Seminar300x200.jpg\" \/>\n<meta name=\"twitter:card\" content=\"summary_large_image\" \/>\n<script type=\"application\/ld+json\" class=\"yoast-schema-graph\">{\"@context\":\"https:\/\/schema.org\",\"@graph\":[{\"@type\":\"WebPage\",\"@id\":\"https:\/\/www.muehlebirgel.de\/fr\/panorama-bilder\",\"url\":\"https:\/\/www.muehlebirgel.de\/fr\/panorama-bilder\",\"name\":\"Panorama-Bilder - Historische Wasserm\u00fchle Birgel\",\"isPartOf\":{\"@id\":\"https:\/\/www.muehlebirgel.de\/fr\/#website\"},\"primaryImageOfPage\":{\"@id\":\"https:\/\/www.muehlebirgel.de\/fr\/panorama-bilder#primaryimage\"},\"image\":{\"@id\":\"https:\/\/www.muehlebirgel.de\/fr\/panorama-bilder#primaryimage\"},\"thumbnailUrl\":\"https:\/\/www.muehlebirgel.de\/wp-content\/uploads\/2009\/04\/Seminar300x200.jpg\",\"datePublished\":\"2021-12-10T14:57:33+00:00\",\"breadcrumb\":{\"@id\":\"https:\/\/www.muehlebirgel.de\/fr\/panorama-bilder#breadcrumb\"},\"inLanguage\":\"fr-FR\",\"potentialAction\":[{\"@type\":\"ReadAction\",\"target\":[\"https:\/\/www.muehlebirgel.de\/fr\/panorama-bilder\"]}]},{\"@type\":\"ImageObject\",\"inLanguage\":\"fr-FR\",\"@id\":\"https:\/\/www.muehlebirgel.de\/fr\/panorama-bilder#primaryimage\",\"url\":\"https:\/\/www.muehlebirgel.de\/wp-content\/uploads\/2009\/04\/Seminar300x200.jpg\",\"contentUrl\":\"https:\/\/www.muehlebirgel.de\/wp-content\/uploads\/2009\/04\/Seminar300x200.jpg\"},{\"@type\":\"BreadcrumbList\",\"@id\":\"https:\/\/www.muehlebirgel.de\/fr\/panorama-bilder#breadcrumb\",\"itemListElement\":[{\"@type\":\"ListItem\",\"position\":1,\"name\":\"Startseite\",\"item\":\"https:\/\/www.muehlebirgel.de\/fr\"},{\"@type\":\"ListItem\",\"position\":2,\"name\":\"Panorama-Bilder\"}]},{\"@type\":\"WebSite\",\"@id\":\"https:\/\/www.muehlebirgel.de\/fr\/#website\",\"url\":\"https:\/\/www.muehlebirgel.de\/fr\/\",\"name\":\"Historische Wasserm\u00fchle Birgel\",\"description\":\"Willkommen im M\u00fchlen-Erlebniszentrum\",\"potentialAction\":[{\"@type\":\"SearchAction\",\"target\":{\"@type\":\"EntryPoint\",\"urlTemplate\":\"https:\/\/www.muehlebirgel.de\/fr\/?s={search_term_string}\"},\"query-input\":{\"@type\":\"PropertyValueSpecification\",\"valueRequired\":true,\"valueName\":\"search_term_string\"}}],\"inLanguage\":\"fr-FR\"}]}<\/script>\n<!-- \/ Yoast SEO plugin. -->","yoast_head_json":{"title":"Panorama-Bilder - Historische Wasserm\u00fchle Birgel","robots":{"index":"index","follow":"follow","max-snippet":"max-snippet:-1","max-image-preview":"max-image-preview:large","max-video-preview":"max-video-preview:-1"},"canonical":"https:\/\/www.muehlebirgel.de\/fr\/panorama-bilder","og_locale":"fr_FR","og_type":"article","og_title":"Panorama-Bilder - Historische Wasserm\u00fchle Birgel","og_description":"Salle de s\u00e9minaire Images panoramiques \u00e0 360 \u00b0 &gt;&gt; La salle de bal Images panoramiques \u00e0 360 \u00b0 &gt;&gt; Les appartements Images panoramiques \u00e0 360 \u00b0 &gt;&gt; Restaurant de la scierie Images panoramiques \u00e0 360 \u00b0 &gt;&gt; Le moulin \u00e0 farine Images panoramiques \u00e0 360 \u00b0 &gt;&gt;","og_url":"https:\/\/www.muehlebirgel.de\/fr\/panorama-bilder\/","og_site_name":"Historische Wasserm\u00fchle Birgel","og_image":[{"url":"https:\/\/www.muehlebirgel.de\/wp-content\/uploads\/2009\/04\/Seminar300x200.jpg","type":"","width":"","height":""}],"twitter_card":"summary_large_image","schema":{"@context":"https:\/\/schema.org","@graph":[{"@type":"WebPage","@id":"https:\/\/www.muehlebirgel.de\/fr\/panorama-bilder","url":"https:\/\/www.muehlebirgel.de\/fr\/panorama-bilder","name":"Panorama-Bilder - Historische Wasserm\u00fchle Birgel","isPartOf":{"@id":"https:\/\/www.muehlebirgel.de\/fr\/#website"},"primaryImageOfPage":{"@id":"https:\/\/www.muehlebirgel.de\/fr\/panorama-bilder#primaryimage"},"image":{"@id":"https:\/\/www.muehlebirgel.de\/fr\/panorama-bilder#primaryimage"},"thumbnailUrl":"https:\/\/www.muehlebirgel.de\/wp-content\/uploads\/2009\/04\/Seminar300x200.jpg","datePublished":"2021-12-10T14:57:33+00:00","breadcrumb":{"@id":"https:\/\/www.muehlebirgel.de\/fr\/panorama-bilder#breadcrumb"},"inLanguage":"fr-FR","potentialAction":[{"@type":"ReadAction","target":["https:\/\/www.muehlebirgel.de\/fr\/panorama-bilder"]}]},{"@type":"ImageObject","inLanguage":"fr-FR","@id":"https:\/\/www.muehlebirgel.de\/fr\/panorama-bilder#primaryimage","url":"https:\/\/www.muehlebirgel.de\/wp-content\/uploads\/2009\/04\/Seminar300x200.jpg","contentUrl":"https:\/\/www.muehlebirgel.de\/wp-content\/uploads\/2009\/04\/Seminar300x200.jpg"},{"@type":"BreadcrumbList","@id":"https:\/\/www.muehlebirgel.de\/fr\/panorama-bilder#breadcrumb","itemListElement":[{"@type":"ListItem","position":1,"name":"Startseite","item":"https:\/\/www.muehlebirgel.de\/fr"},{"@type":"ListItem","position":2,"name":"Panorama-Bilder"}]},{"@type":"WebSite","@id":"https:\/\/www.muehlebirgel.de\/fr\/#website","url":"https:\/\/www.muehlebirgel.de\/fr\/","name":"Historische Wasserm\u00fchle Birgel","description":"Willkommen im M\u00fchlen-Erlebniszentrum","potentialAction":[{"@type":"SearchAction","target":{"@type":"EntryPoint","urlTemplate":"https:\/\/www.muehlebirgel.de\/fr\/?s={search_term_string}"},"query-input":{"@type":"PropertyValueSpecification","valueRequired":true,"valueName":"search_term_string"}}],"inLanguage":"fr-FR"}]}},"_links":{"self":[{"href":"https:\/\/www.muehlebirgel.de\/fr\/wp-json\/wp\/v2\/pages\/9731","targetHints":{"allow":["GET"]}}],"collection":[{"href":"https:\/\/www.muehlebirgel.de\/fr\/wp-json\/wp\/v2\/pages"}],"about":[{"href":"https:\/\/www.muehlebirgel.de\/fr\/wp-json\/wp\/v2\/types\/page"}],"author":[{"embeddable":true,"href":"https:\/\/www.muehlebirgel.de\/fr\/wp-json\/wp\/v2\/users\/1"}],"replies":[{"embeddable":true,"href":"https:\/\/www.muehlebirgel.de\/fr\/wp-json\/wp\/v2\/comments?post=9731"}],"version-history":[{"count":0,"href":"https:\/\/www.muehlebirgel.de\/fr\/wp-json\/wp\/v2\/pages\/9731\/revisions"}],"wp:attachment":[{"href":"https:\/\/www.muehlebirgel.de\/fr\/wp-json\/wp\/v2\/media?parent=9731"}],"curies":[{"name":"wp","href":"https:\/\/api.w.org\/{rel}","templated":true}]}}