{"id":9757,"date":"2021-12-10T14:58:06","date_gmt":"2021-12-10T14:58:06","guid":{"rendered":"https:\/\/www.muehlebirgel.de\/a-propos-du-moulin-a-eau-historique\/muehlen-baeckerei\/"},"modified":"2023-03-28T13:34:59","modified_gmt":"2023-03-28T12:34:59","slug":"moulin-boulangerie","status":"publish","type":"page","link":"https:\/\/www.muehlebirgel.de\/fr\/muehlen-baeckerei","title":{"rendered":"M\u00fchlen-B\u00e4ckerei"},"content":{"rendered":"<p><img loading=\"lazy\" decoding=\"async\" class=\"artikelbild size-full wp-image-53 alignleft\" src=\"https:\/\/www.muehlebirgel.de\/wp-content\/uploads\/2009\/04\/Backhaus.jpg\" alt=\"\" width=\"300\" height=\"200\"><\/p>\n<h2>origine<\/h2>\n<p>La maison de la boulangerie du moulin vient de Bodenbach dans le Westerwald et a \u00e9t\u00e9 construite en 1659. L\u00e0, il a \u00e9t\u00e9 d\u00e9mantel\u00e9 par le chef meunier Erwin et son \u00e9quipe de fraisage afin de le reconstruire ensuite \u00e0 Birgel 1: 1. Il s&rsquo;agit du premier b\u00e2timent historique construit sur le <a href=\"https:\/\/www.muehlebirgel.de\/historische-muehle.html\">site du mou<\/a> lin, en plus du <a href=\"https:\/\/www.muehlebirgel.de\/getreidemuehle.html\">moulin \u00e0 c\u00e9r\u00e9ales<\/a> existant, vieux de plus de 700 ans.<\/p>\n<p>Dans la boulangerie au feu de bois, il y a deux anciens fours qui ne fonctionnent qu&rsquo;au bois.<\/p>\n<hr>\n<p><img loading=\"lazy\" decoding=\"async\" class=\"artikelbild size-full wp-image-204 alignleft\" src=\"https:\/\/www.muehlebirgel.de\/wp-content\/uploads\/2009\/04\/UNBENANNT_31.jpg\" alt=\"\" width=\"300\" height=\"204\"><\/p>\n<h2>Faire du pain<\/h2>\n<p>Chez nous, on pr\u00e9pare un pain au levain naturel selon la recette de grand-m\u00e8re. Le levain naturel est pr\u00e9par\u00e9 par notre boulang\u00e8re du moulin elle-m\u00eame et cultiv\u00e9 pendant sept jours. Ensuite, l&rsquo;approche est utilis\u00e9e pour p\u00e9trir la p\u00e2te finie, compos\u00e9e \u00e0 70 % de farine de bl\u00e9 ou d&rsquo;\u00e9peautre et \u00e0 30 % de levain (farine de seigle) en une miche de pain. Le go\u00fbt particulier provient du levain, mais aussi et surtout du four \u00e0 bois. Un produit populaire dans les usines allemandes.<\/p>\n<p>En savoir plus sur le moulin \u00e0 <a href=\"https:\/\/www.muehlebirgel.de\/historische-muehle.html\">eau historique<\/a> &#8230;<\/p>\n<hr>\n<p><img loading=\"lazy\" decoding=\"async\" class=\" size-full wp-image-205\" src=\"https:\/\/www.muehlebirgel.de\/wp-content\/uploads\/2009\/04\/kinder_backen.jpg\" alt=\"\" width=\"300\" height=\"200\"><\/p>\n<p><img loading=\"lazy\" decoding=\"async\" class=\" size-full wp-image-115\" src=\"https:\/\/www.muehlebirgel.de\/wp-content\/uploads\/2009\/04\/Plaetzchen-backen.jpg\" alt=\"\" width=\"300\" height=\"200\"><\/p>\n<p><img loading=\"lazy\" decoding=\"async\" class=\" size-full wp-image-206\" src=\"https:\/\/www.muehlebirgel.de\/wp-content\/uploads\/2009\/04\/Brot.gif\" alt=\"\" width=\"300\" height=\"300\"><\/p>\n<p><img loading=\"lazy\" decoding=\"async\" class=\" size-full wp-image-98\" src=\"https:\/\/www.muehlebirgel.de\/wp-content\/uploads\/2009\/04\/UNBENANNT_90.jpg\" alt=\"\" width=\"300\" height=\"200\"><\/p>\n<p><img loading=\"lazy\" decoding=\"async\" class=\" size-full wp-image-207\" src=\"https:\/\/www.muehlebirgel.de\/wp-content\/uploads\/2009\/04\/UNBENANNT_52.jpg\" alt=\"\" width=\"300\" height=\"200\"><\/p>\n<p><img loading=\"lazy\" decoding=\"async\" class=\" size-full wp-image-208\" src=\"https:\/\/www.muehlebirgel.de\/wp-content\/uploads\/2009\/04\/UNBENANNT_87.jpg\" alt=\"\" width=\"300\" height=\"200\"><\/p>\n","protected":false},"excerpt":{"rendered":"<p>origine La maison de la boulangerie du moulin vient de Bodenbach dans le Westerwald et a \u00e9t\u00e9 construite en 1659. L\u00e0, il a \u00e9t\u00e9 d\u00e9mantel\u00e9 par le chef meunier Erwin et son \u00e9quipe de fraisage afin de le reconstruire ensuite \u00e0 Birgel 1: 1. Il s&rsquo;agit du premier b\u00e2timent historique construit sur le site du [&hellip;]<\/p>\n","protected":false},"author":1,"featured_media":0,"parent":9667,"menu_order":6,"comment_status":"closed","ping_status":"closed","template":"","meta":{"footnotes":""},"class_list":["post-9757","page","type-page","status-publish","hentry"],"yoast_head":"<!-- This site is optimized with the Yoast SEO plugin v27.2 - https:\/\/yoast.com\/product\/yoast-seo-wordpress\/ -->\n<title>M\u00fchlen-B\u00e4ckerei - Historische Wasserm\u00fchle Birgel<\/title>\n<meta name=\"robots\" content=\"index, follow, max-snippet:-1, max-image-preview:large, max-video-preview:-1\" \/>\n<link rel=\"canonical\" href=\"https:\/\/www.muehlebirgel.de\/fr\/muehlen-baeckerei\" \/>\n<meta property=\"og:locale\" content=\"fr_FR\" \/>\n<meta property=\"og:type\" content=\"article\" \/>\n<meta property=\"og:title\" content=\"M\u00fchlen-B\u00e4ckerei - Historische Wasserm\u00fchle Birgel\" \/>\n<meta property=\"og:description\" content=\"origine La maison de la boulangerie du moulin vient de Bodenbach dans le Westerwald et a \u00e9t\u00e9 construite en 1659. L\u00e0, il a \u00e9t\u00e9 d\u00e9mantel\u00e9 par le chef meunier Erwin et son \u00e9quipe de fraisage afin de le reconstruire ensuite \u00e0 Birgel 1: 1. Il s&rsquo;agit du premier b\u00e2timent historique construit sur le site du [&hellip;]\" \/>\n<meta property=\"og:url\" content=\"https:\/\/www.muehlebirgel.de\/fr\/muehlen-baeckerei\/\" \/>\n<meta property=\"og:site_name\" content=\"Historische Wasserm\u00fchle Birgel\" \/>\n<meta property=\"article:modified_time\" content=\"2023-03-28T12:34:59+00:00\" \/>\n<meta property=\"og:image\" content=\"https:\/\/www.muehlebirgel.de\/wp-content\/uploads\/2009\/04\/Backhaus.jpg\" \/>\n<meta name=\"twitter:card\" content=\"summary_large_image\" \/>\n<meta name=\"twitter:label1\" content=\"Dur\u00e9e de lecture estim\u00e9e\" \/>\n\t<meta name=\"twitter:data1\" content=\"1 minute\" \/>\n<script type=\"application\/ld+json\" class=\"yoast-schema-graph\">{\"@context\":\"https:\/\/schema.org\",\"@graph\":[{\"@type\":\"WebPage\",\"@id\":\"https:\/\/www.muehlebirgel.de\/fr\/muehlen-baeckerei\",\"url\":\"https:\/\/www.muehlebirgel.de\/fr\/muehlen-baeckerei\",\"name\":\"M\u00fchlen-B\u00e4ckerei - Historische Wasserm\u00fchle Birgel\",\"isPartOf\":{\"@id\":\"https:\/\/www.muehlebirgel.de\/fr\/#website\"},\"primaryImageOfPage\":{\"@id\":\"https:\/\/www.muehlebirgel.de\/fr\/muehlen-baeckerei#primaryimage\"},\"image\":{\"@id\":\"https:\/\/www.muehlebirgel.de\/fr\/muehlen-baeckerei#primaryimage\"},\"thumbnailUrl\":\"https:\/\/www.muehlebirgel.de\/wp-content\/uploads\/2009\/04\/Backhaus.jpg\",\"datePublished\":\"2021-12-10T14:58:06+00:00\",\"dateModified\":\"2023-03-28T12:34:59+00:00\",\"breadcrumb\":{\"@id\":\"https:\/\/www.muehlebirgel.de\/fr\/muehlen-baeckerei#breadcrumb\"},\"inLanguage\":\"fr-FR\",\"potentialAction\":[{\"@type\":\"ReadAction\",\"target\":[\"https:\/\/www.muehlebirgel.de\/fr\/muehlen-baeckerei\"]}]},{\"@type\":\"ImageObject\",\"inLanguage\":\"fr-FR\",\"@id\":\"https:\/\/www.muehlebirgel.de\/fr\/muehlen-baeckerei#primaryimage\",\"url\":\"https:\/\/www.muehlebirgel.de\/wp-content\/uploads\/2009\/04\/Backhaus.jpg\",\"contentUrl\":\"https:\/\/www.muehlebirgel.de\/wp-content\/uploads\/2009\/04\/Backhaus.jpg\"},{\"@type\":\"BreadcrumbList\",\"@id\":\"https:\/\/www.muehlebirgel.de\/fr\/muehlen-baeckerei#breadcrumb\",\"itemListElement\":[{\"@type\":\"ListItem\",\"position\":1,\"name\":\"Startseite\",\"item\":\"https:\/\/www.muehlebirgel.de\/fr\"},{\"@type\":\"ListItem\",\"position\":2,\"name\":\"\u00c0 propos du moulin \u00e0 eau historique\",\"item\":\"https:\/\/www.muehlebirgel.de\/fr\/moulin\"},{\"@type\":\"ListItem\",\"position\":3,\"name\":\"M\u00fchlen-B\u00e4ckerei\"}]},{\"@type\":\"WebSite\",\"@id\":\"https:\/\/www.muehlebirgel.de\/fr\/#website\",\"url\":\"https:\/\/www.muehlebirgel.de\/fr\/\",\"name\":\"Historische Wasserm\u00fchle Birgel\",\"description\":\"Willkommen im M\u00fchlen-Erlebniszentrum\",\"potentialAction\":[{\"@type\":\"SearchAction\",\"target\":{\"@type\":\"EntryPoint\",\"urlTemplate\":\"https:\/\/www.muehlebirgel.de\/fr\/?s={search_term_string}\"},\"query-input\":{\"@type\":\"PropertyValueSpecification\",\"valueRequired\":true,\"valueName\":\"search_term_string\"}}],\"inLanguage\":\"fr-FR\"}]}<\/script>\n<!-- \/ Yoast SEO plugin. -->","yoast_head_json":{"title":"M\u00fchlen-B\u00e4ckerei - Historische Wasserm\u00fchle Birgel","robots":{"index":"index","follow":"follow","max-snippet":"max-snippet:-1","max-image-preview":"max-image-preview:large","max-video-preview":"max-video-preview:-1"},"canonical":"https:\/\/www.muehlebirgel.de\/fr\/muehlen-baeckerei","og_locale":"fr_FR","og_type":"article","og_title":"M\u00fchlen-B\u00e4ckerei - Historische Wasserm\u00fchle Birgel","og_description":"origine La maison de la boulangerie du moulin vient de Bodenbach dans le Westerwald et a \u00e9t\u00e9 construite en 1659. L\u00e0, il a \u00e9t\u00e9 d\u00e9mantel\u00e9 par le chef meunier Erwin et son \u00e9quipe de fraisage afin de le reconstruire ensuite \u00e0 Birgel 1: 1. Il s&rsquo;agit du premier b\u00e2timent historique construit sur le site du [&hellip;]","og_url":"https:\/\/www.muehlebirgel.de\/fr\/muehlen-baeckerei\/","og_site_name":"Historische Wasserm\u00fchle Birgel","article_modified_time":"2023-03-28T12:34:59+00:00","og_image":[{"url":"https:\/\/www.muehlebirgel.de\/wp-content\/uploads\/2009\/04\/Backhaus.jpg","type":"","width":"","height":""}],"twitter_card":"summary_large_image","twitter_misc":{"Dur\u00e9e de lecture estim\u00e9e":"1 minute"},"schema":{"@context":"https:\/\/schema.org","@graph":[{"@type":"WebPage","@id":"https:\/\/www.muehlebirgel.de\/fr\/muehlen-baeckerei","url":"https:\/\/www.muehlebirgel.de\/fr\/muehlen-baeckerei","name":"M\u00fchlen-B\u00e4ckerei - Historische Wasserm\u00fchle Birgel","isPartOf":{"@id":"https:\/\/www.muehlebirgel.de\/fr\/#website"},"primaryImageOfPage":{"@id":"https:\/\/www.muehlebirgel.de\/fr\/muehlen-baeckerei#primaryimage"},"image":{"@id":"https:\/\/www.muehlebirgel.de\/fr\/muehlen-baeckerei#primaryimage"},"thumbnailUrl":"https:\/\/www.muehlebirgel.de\/wp-content\/uploads\/2009\/04\/Backhaus.jpg","datePublished":"2021-12-10T14:58:06+00:00","dateModified":"2023-03-28T12:34:59+00:00","breadcrumb":{"@id":"https:\/\/www.muehlebirgel.de\/fr\/muehlen-baeckerei#breadcrumb"},"inLanguage":"fr-FR","potentialAction":[{"@type":"ReadAction","target":["https:\/\/www.muehlebirgel.de\/fr\/muehlen-baeckerei"]}]},{"@type":"ImageObject","inLanguage":"fr-FR","@id":"https:\/\/www.muehlebirgel.de\/fr\/muehlen-baeckerei#primaryimage","url":"https:\/\/www.muehlebirgel.de\/wp-content\/uploads\/2009\/04\/Backhaus.jpg","contentUrl":"https:\/\/www.muehlebirgel.de\/wp-content\/uploads\/2009\/04\/Backhaus.jpg"},{"@type":"BreadcrumbList","@id":"https:\/\/www.muehlebirgel.de\/fr\/muehlen-baeckerei#breadcrumb","itemListElement":[{"@type":"ListItem","position":1,"name":"Startseite","item":"https:\/\/www.muehlebirgel.de\/fr"},{"@type":"ListItem","position":2,"name":"\u00c0 propos du moulin \u00e0 eau historique","item":"https:\/\/www.muehlebirgel.de\/fr\/moulin"},{"@type":"ListItem","position":3,"name":"M\u00fchlen-B\u00e4ckerei"}]},{"@type":"WebSite","@id":"https:\/\/www.muehlebirgel.de\/fr\/#website","url":"https:\/\/www.muehlebirgel.de\/fr\/","name":"Historische Wasserm\u00fchle Birgel","description":"Willkommen im M\u00fchlen-Erlebniszentrum","potentialAction":[{"@type":"SearchAction","target":{"@type":"EntryPoint","urlTemplate":"https:\/\/www.muehlebirgel.de\/fr\/?s={search_term_string}"},"query-input":{"@type":"PropertyValueSpecification","valueRequired":true,"valueName":"search_term_string"}}],"inLanguage":"fr-FR"}]}},"_links":{"self":[{"href":"https:\/\/www.muehlebirgel.de\/fr\/wp-json\/wp\/v2\/pages\/9757","targetHints":{"allow":["GET"]}}],"collection":[{"href":"https:\/\/www.muehlebirgel.de\/fr\/wp-json\/wp\/v2\/pages"}],"about":[{"href":"https:\/\/www.muehlebirgel.de\/fr\/wp-json\/wp\/v2\/types\/page"}],"author":[{"embeddable":true,"href":"https:\/\/www.muehlebirgel.de\/fr\/wp-json\/wp\/v2\/users\/1"}],"replies":[{"embeddable":true,"href":"https:\/\/www.muehlebirgel.de\/fr\/wp-json\/wp\/v2\/comments?post=9757"}],"version-history":[{"count":1,"href":"https:\/\/www.muehlebirgel.de\/fr\/wp-json\/wp\/v2\/pages\/9757\/revisions"}],"predecessor-version":[{"id":25197,"href":"https:\/\/www.muehlebirgel.de\/fr\/wp-json\/wp\/v2\/pages\/9757\/revisions\/25197"}],"up":[{"embeddable":true,"href":"https:\/\/www.muehlebirgel.de\/fr\/wp-json\/wp\/v2\/pages\/9667"}],"wp:attachment":[{"href":"https:\/\/www.muehlebirgel.de\/fr\/wp-json\/wp\/v2\/media?parent=9757"}],"curies":[{"name":"wp","href":"https:\/\/api.w.org\/{rel}","templated":true}]}}