{"id":9764,"date":"2021-12-10T14:58:13","date_gmt":"2021-12-10T14:58:13","guid":{"rendered":"https:\/\/www.muehlebirgel.de\/bureau-detat-civil-eifel-mariage-dans-un-vrai-moulin\/"},"modified":"2025-10-27T09:03:28","modified_gmt":"2025-10-27T08:03:28","slug":"mairie-eifel-mariage-dans-un-vrai-moulin","status":"publish","type":"page","link":"https:\/\/www.muehlebirgel.de\/fr\/bureau-detat-civil-eifel-mariage-dans-un-vrai-moulin","title":{"rendered":"Bureau d&rsquo;\u00e9tat civil Eifel &#8211; mariage dans un vrai moulin"},"content":{"rendered":"\n<h2 class=\"wp-block-heading\">Le bureau d&rsquo;enregistrement de Birgel &#8211; branche de l&rsquo;Upper Kyll<\/h2>\n\n<div style=\"height:20px\" aria-hidden=\"true\" class=\"wp-block-spacer\"><\/div>\n\n<div class=\"wp-block-columns is-layout-flex wp-container-core-columns-is-layout-9d6595d7 wp-block-columns-is-layout-flex\">\n<div class=\"wp-block-column is-vertically-aligned-top is-layout-flow wp-block-column-is-layout-flow\">\n<p>Si l&rsquo;on cherche un lieu historique et pittoresque pour se dire \u00ab\u00a0oui\u00a0\u00bb, on le trouve dans un beau bureau d&rsquo;\u00e9tat civil de l&rsquo;Eifel, dans le joyau qu&rsquo;est le <a href=\"https:\/\/www.muehlebirgel.de\/historische-muehle.html\">moulin \u00e0 eau historique<\/a> de Birgel.<\/p>\n\n\n\n<p>Le <a href=\"https:\/\/www.muehlebirgel.de\/standesamt-eifel-muehle.html\">bureau d&rsquo;\u00e9tat civil de Birgel \/ antenne de la Haute Kyll<\/a> se trouve sur le site du moulin \u00e0 eau historique. Vous y d\u00e9couvrirez la mani\u00e8re affectueuse et la gentillesse de notre officier d&rsquo;\u00e9tat civil Karin Jaax.<\/p>\n\n\n\n<p>Si vous d\u00e9gustez ensuite nos <a href=\"https:\/\/www.muehlebirgel.de\/restaurant-eifel.html\">d\u00e9licatesses et sp\u00e9cialit\u00e9s r\u00e9gionales de la cuisine<\/a> &#8211; que ce soit sous forme de buffet, de menu ou de <a href=\"https:\/\/www.muehlebirgel.de\/fr\/diner-et-celebrer-historiquement\">K\u00f6lsche M\u00fchlenabend\u00e5<\/a> &#8211; ce sera un jour inoubliable et heureux pour les mari\u00e9s et leurs invit\u00e9s.<\/p>\n\n\n\n<p><\/p>\n\n\n\n<p><a href=\"https:\/\/www.muehlebirgel.de\/hochzeit-eifel.html\">Se marier dans l&rsquo;Eifel<\/a>, ce n&rsquo;est pas seulement profiter de la magnifique r\u00e9gion, mais aussi de l&rsquo;amour et de la gentillesse de notre officier d&rsquo;\u00e9tat civil, Karin Jaax. Pour un <a href=\"https:\/\/www.muehlebirgel.de\/hochzeit-eifel.html\">mariage romantique<\/a>, on trouve ici \u00e0 Birgel un lieu de premier choix, o\u00f9 le meunier en chef Erwin v. d. M\u00fchle fait du couple une affaire de chef d\u00e8s le premier contact et planifie avec le couple un mariage de r\u00eave, qu&rsquo;il r\u00e9alise ensuite dans son moulin avec son \u00e9quipe.<\/p>\n\n\n\n<p><\/p>\n<\/div>\n\n\n\n<div class=\"wp-block-column is-vertically-aligned-center is-layout-flow wp-block-column-is-layout-flow\">\n<figure class=\"wp-block-image size-full\"><img loading=\"lazy\" decoding=\"async\" width=\"1000\" height=\"1000\" src=\"https:\/\/www.muehlebirgel.de\/wp-content\/uploads\/erwin-standesamt.jpg\" alt=\"\" class=\"wp-image-61599\" srcset=\"https:\/\/www.muehlebirgel.de\/wp-content\/uploads\/erwin-standesamt.jpg 1000w, https:\/\/www.muehlebirgel.de\/wp-content\/uploads\/erwin-standesamt-768x768.jpg 768w, https:\/\/www.muehlebirgel.de\/wp-content\/uploads\/erwin-standesamt-640x640.jpg 640w, https:\/\/www.muehlebirgel.de\/wp-content\/uploads\/erwin-standesamt-400x400.jpg 400w\" sizes=\"auto, (max-width: 1000px) 100vw, 1000px\" \/><\/figure>\n<\/div>\n<\/div>\n\n<p><\/p>\n\n<hr class=\"wp-block-separator has-alpha-channel-opacity\"\/>\n\n<div class=\"wp-block-columns is-layout-flex wp-container-core-columns-is-layout-9d6595d7 wp-block-columns-is-layout-flex\">\n<div class=\"wp-block-column is-vertically-aligned-center is-layout-flow wp-block-column-is-layout-flow\">\n<p>C\u00e9l\u00e9brer un mariage dans l&rsquo;Eifel au bureau d&rsquo;\u00e9tat civil de Birgel de l&rsquo;antenne de la Haute Kyll, c&rsquo;est savourer le bonheur d\u00e8s le premier jour. Vivre un mariage romantique dans un vieux moulin, c&rsquo;est allier l&rsquo;ancien et le nouveau, l&rsquo;origine et l&rsquo;avenir, et c&rsquo;est ainsi qu&rsquo;une nouvelle vie commune peut s&rsquo;\u00e9veiller \u00e0 un nouveau bonheur gr\u00e2ce \u00e0 un mariage au bureau d&rsquo;\u00e9tat civil de Birgel. Chez nous, un mariage romantique est aussi d\u00e9termin\u00e9 par l&rsquo;environnement du moulin et de ses employ\u00e9s.<\/p>\n\n\n\n<p><\/p>\n\n\n\n<p>Dans le moulin \u00e0 eau historique, cela fait partie du fait que vous pouvez ensuite faire la f\u00eate avec de <a href=\"https:\/\/www.muehlebirgel.de\/restaurant-eifel.html\">la bonne nourriture<\/a> dans un excellent emplacement jusqu&rsquo;au petit matin. Quiconque cherche et aime tout cela est entre de bonnes mains pour cette journ\u00e9e importante au bureau d&rsquo;enregistrement de l&rsquo;Eifel et ne sera jamais d\u00e9\u00e7u.<\/p>\n\n\n\n<p>Nous nous r\u00e9jouissons de votre mariage dans notre bureau d&rsquo;\u00e9tat civil de l&rsquo;Eifel et dans notre moulin \u00e0 eau historique.<\/p>\n\n\n\n<p><strong>Le chef meunier Erwin v. d. M\u00fchle et son \u00e9quipe<\/strong><\/p>\n<\/div>\n\n\n\n<div class=\"wp-block-column is-vertically-aligned-center is-layout-flow wp-block-column-is-layout-flow\">\n<figure class=\"wp-block-image size-large\"><img loading=\"lazy\" decoding=\"async\" width=\"1024\" height=\"683\" src=\"https:\/\/www.muehlebirgel.de\/wp-content\/uploads\/2023\/06\/2023-05-13_SimoneJuergen_043-1024x683.jpg\" alt=\"\" class=\"wp-image-27836\" srcset=\"https:\/\/www.muehlebirgel.de\/wp-content\/uploads\/2023\/06\/2023-05-13_SimoneJuergen_043-1024x683.jpg 1024w, https:\/\/www.muehlebirgel.de\/wp-content\/uploads\/2023\/06\/2023-05-13_SimoneJuergen_043-768x512.jpg 768w, https:\/\/www.muehlebirgel.de\/wp-content\/uploads\/2023\/06\/2023-05-13_SimoneJuergen_043-640x427.jpg 640w, https:\/\/www.muehlebirgel.de\/wp-content\/uploads\/2023\/06\/2023-05-13_SimoneJuergen_043-400x267.jpg 400w\" sizes=\"auto, (max-width: 1024px) 100vw, 1024px\" \/><\/figure>\n<\/div>\n<\/div>\n\n<hr class=\"wp-block-separator has-alpha-channel-opacity\"\/>\n\n<div class=\"wp-block-columns are-vertically-aligned-top is-layout-flex wp-container-core-columns-is-layout-9d6595d7 wp-block-columns-is-layout-flex\">\n<div class=\"wp-block-column is-vertically-aligned-top is-layout-flow wp-block-column-is-layout-flow\">\n<p><strong>Lisez les <a href=\"..\/..\/..\/..\/..\/hochzeitsberichte-aus-der-wassermuehle.html\">rapports de mariage de quelques couples s\u00e9lectionn\u00e9s ici<\/a> .<\/strong><\/p>\n\n\n\n<p><strong>Vous \u00eates-vous d\u00e9j\u00e0 mari\u00e9 avec nous ? Alors nous serions tr\u00e8s heureux de recevoir votre rapport de <a href=\"..\/..\/..\/..\/..\/referenzen.html\">mariage<\/a> personnel !<\/strong><\/p>\n\n\n\n<p><a href=\"\/360grad\/festsaal.html\" target=\"_blank\" rel=\"noopener noreferrer\">Photos panoramiques \u00e0 360\u00b0 de la salle de bal<\/a>&gt;&gt; (dans une nouvelle fen\u00eatre)<\/p>\n\n\n\n<p><strong>Nous attendons avec impatience votre demande \u00e0<\/strong><\/p>\n\n\n\n<p><strong>T\u00e9l. : 06597\/92820 ou via notre <a href=\"https:\/\/www.muehlebirgel.de\/fr\/contacter\">formulaire de contact<\/a> !<\/strong><\/p>\n<\/div>\n\n\n\n<div class=\"wp-block-column is-vertically-aligned-top is-layout-flow wp-block-column-is-layout-flow\">\n<figure class=\"wp-block-image size-large\"><img decoding=\"async\" src=\"https:\/\/www.muehlebirgel.de\/wp-content\/uploads\/Standesamt-draussen-1024x768.webp\" alt=\"\" class=\"wp-image-54767\"\/><\/figure>\n<\/div>\n<\/div>\n\n<p><\/p>\n\n<hr class=\"wp-block-separator has-alpha-channel-opacity\"\/>\n","protected":false},"excerpt":{"rendered":"<p>Le bureau d&rsquo;enregistrement de Birgel &#8211; branche de l&rsquo;Upper Kyll Si l&rsquo;on cherche un lieu historique et pittoresque pour se dire \u00ab\u00a0oui\u00a0\u00bb, on le trouve dans un beau bureau d&rsquo;\u00e9tat civil de l&rsquo;Eifel, dans le joyau qu&rsquo;est le moulin \u00e0 eau historique de Birgel. Le bureau d&rsquo;\u00e9tat civil de Birgel \/ antenne de la Haute [&hellip;]<\/p>\n","protected":false},"author":1,"featured_media":0,"parent":9805,"menu_order":2,"comment_status":"closed","ping_status":"closed","template":"","meta":{"footnotes":""},"class_list":["post-9764","page","type-page","status-publish","hentry"],"yoast_head":"<!-- This site is optimized with the Yoast SEO plugin v27.2 - https:\/\/yoast.com\/product\/yoast-seo-wordpress\/ -->\n<title>Bureau d&#039;\u00e9tat civil Eifel - mariage dans un vrai moulin - Historische Wasserm\u00fchle Birgel<\/title>\n<meta name=\"robots\" content=\"index, follow, max-snippet:-1, max-image-preview:large, max-video-preview:-1\" \/>\n<link rel=\"canonical\" href=\"https:\/\/www.muehlebirgel.de\/fr\/bureau-detat-civil-eifel-mariage-dans-un-vrai-moulin\" \/>\n<meta property=\"og:locale\" content=\"fr_FR\" \/>\n<meta property=\"og:type\" content=\"article\" \/>\n<meta property=\"og:title\" content=\"Bureau d&#039;\u00e9tat civil Eifel - mariage dans un vrai moulin - Historische Wasserm\u00fchle Birgel\" \/>\n<meta property=\"og:description\" content=\"Le bureau d&rsquo;enregistrement de Birgel &#8211; branche de l&rsquo;Upper Kyll Si l&rsquo;on cherche un lieu historique et pittoresque pour se dire \u00ab\u00a0oui\u00a0\u00bb, on le trouve dans un beau bureau d&rsquo;\u00e9tat civil de l&rsquo;Eifel, dans le joyau qu&rsquo;est le moulin \u00e0 eau historique de Birgel. Le bureau d&rsquo;\u00e9tat civil de Birgel \/ antenne de la Haute [&hellip;]\" \/>\n<meta property=\"og:url\" content=\"https:\/\/www.muehlebirgel.de\/fr\/bureau-detat-civil-eifel-mariage-dans-un-vrai-moulin\/\" \/>\n<meta property=\"og:site_name\" content=\"Historische Wasserm\u00fchle Birgel\" \/>\n<meta property=\"article:modified_time\" content=\"2025-10-27T08:03:28+00:00\" \/>\n<meta property=\"og:image\" content=\"https:\/\/www.muehlebirgel.de\/wp-content\/uploads\/erwin-standesamt.jpg\" \/>\n\t<meta property=\"og:image:width\" content=\"1000\" \/>\n\t<meta property=\"og:image:height\" content=\"1000\" \/>\n\t<meta property=\"og:image:type\" content=\"image\/jpeg\" \/>\n<meta name=\"twitter:card\" content=\"summary_large_image\" \/>\n<meta name=\"twitter:label1\" content=\"Dur\u00e9e de lecture estim\u00e9e\" \/>\n\t<meta name=\"twitter:data1\" content=\"2 minutes\" \/>\n<script type=\"application\/ld+json\" class=\"yoast-schema-graph\">{\"@context\":\"https:\/\/schema.org\",\"@graph\":[{\"@type\":\"WebPage\",\"@id\":\"https:\/\/www.muehlebirgel.de\/fr\/bureau-detat-civil-eifel-mariage-dans-un-vrai-moulin\",\"url\":\"https:\/\/www.muehlebirgel.de\/fr\/bureau-detat-civil-eifel-mariage-dans-un-vrai-moulin\",\"name\":\"Bureau d'\u00e9tat civil Eifel - mariage dans un vrai moulin - Historische Wasserm\u00fchle Birgel\",\"isPartOf\":{\"@id\":\"https:\/\/www.muehlebirgel.de\/fr\/#website\"},\"primaryImageOfPage\":{\"@id\":\"https:\/\/www.muehlebirgel.de\/fr\/bureau-detat-civil-eifel-mariage-dans-un-vrai-moulin#primaryimage\"},\"image\":{\"@id\":\"https:\/\/www.muehlebirgel.de\/fr\/bureau-detat-civil-eifel-mariage-dans-un-vrai-moulin#primaryimage\"},\"thumbnailUrl\":\"https:\/\/www.muehlebirgel.de\/wp-content\/uploads\/erwin-standesamt.jpg\",\"datePublished\":\"2021-12-10T14:58:13+00:00\",\"dateModified\":\"2025-10-27T08:03:28+00:00\",\"breadcrumb\":{\"@id\":\"https:\/\/www.muehlebirgel.de\/fr\/bureau-detat-civil-eifel-mariage-dans-un-vrai-moulin#breadcrumb\"},\"inLanguage\":\"fr-FR\",\"potentialAction\":[{\"@type\":\"ReadAction\",\"target\":[\"https:\/\/www.muehlebirgel.de\/fr\/bureau-detat-civil-eifel-mariage-dans-un-vrai-moulin\"]}]},{\"@type\":\"ImageObject\",\"inLanguage\":\"fr-FR\",\"@id\":\"https:\/\/www.muehlebirgel.de\/fr\/bureau-detat-civil-eifel-mariage-dans-un-vrai-moulin#primaryimage\",\"url\":\"https:\/\/www.muehlebirgel.de\/wp-content\/uploads\/erwin-standesamt.jpg\",\"contentUrl\":\"https:\/\/www.muehlebirgel.de\/wp-content\/uploads\/erwin-standesamt.jpg\"},{\"@type\":\"BreadcrumbList\",\"@id\":\"https:\/\/www.muehlebirgel.de\/fr\/bureau-detat-civil-eifel-mariage-dans-un-vrai-moulin#breadcrumb\",\"itemListElement\":[{\"@type\":\"ListItem\",\"position\":1,\"name\":\"Startseite\",\"item\":\"https:\/\/www.muehlebirgel.de\/fr\"},{\"@type\":\"ListItem\",\"position\":2,\"name\":\"C\u00e9l\u00e9brez votre mariage dans l&#8217;Eifel\",\"item\":\"https:\/\/www.muehlebirgel.de\/fr\/celebrez-votre-mariage-dans-leifel\"},{\"@type\":\"ListItem\",\"position\":3,\"name\":\"Bureau d&#8217;\u00e9tat civil Eifel &#8211; mariage dans un vrai moulin\"}]},{\"@type\":\"WebSite\",\"@id\":\"https:\/\/www.muehlebirgel.de\/fr\/#website\",\"url\":\"https:\/\/www.muehlebirgel.de\/fr\/\",\"name\":\"Historische Wasserm\u00fchle Birgel\",\"description\":\"Willkommen im M\u00fchlen-Erlebniszentrum\",\"potentialAction\":[{\"@type\":\"SearchAction\",\"target\":{\"@type\":\"EntryPoint\",\"urlTemplate\":\"https:\/\/www.muehlebirgel.de\/fr\/?s={search_term_string}\"},\"query-input\":{\"@type\":\"PropertyValueSpecification\",\"valueRequired\":true,\"valueName\":\"search_term_string\"}}],\"inLanguage\":\"fr-FR\"}]}<\/script>\n<!-- \/ Yoast SEO plugin. -->","yoast_head_json":{"title":"Bureau d'\u00e9tat civil Eifel - mariage dans un vrai moulin - Historische Wasserm\u00fchle Birgel","robots":{"index":"index","follow":"follow","max-snippet":"max-snippet:-1","max-image-preview":"max-image-preview:large","max-video-preview":"max-video-preview:-1"},"canonical":"https:\/\/www.muehlebirgel.de\/fr\/bureau-detat-civil-eifel-mariage-dans-un-vrai-moulin","og_locale":"fr_FR","og_type":"article","og_title":"Bureau d'\u00e9tat civil Eifel - mariage dans un vrai moulin - Historische Wasserm\u00fchle Birgel","og_description":"Le bureau d&rsquo;enregistrement de Birgel &#8211; branche de l&rsquo;Upper Kyll Si l&rsquo;on cherche un lieu historique et pittoresque pour se dire \u00ab\u00a0oui\u00a0\u00bb, on le trouve dans un beau bureau d&rsquo;\u00e9tat civil de l&rsquo;Eifel, dans le joyau qu&rsquo;est le moulin \u00e0 eau historique de Birgel. Le bureau d&rsquo;\u00e9tat civil de Birgel \/ antenne de la Haute [&hellip;]","og_url":"https:\/\/www.muehlebirgel.de\/fr\/bureau-detat-civil-eifel-mariage-dans-un-vrai-moulin\/","og_site_name":"Historische Wasserm\u00fchle Birgel","article_modified_time":"2025-10-27T08:03:28+00:00","og_image":[{"width":1000,"height":1000,"url":"https:\/\/www.muehlebirgel.de\/wp-content\/uploads\/erwin-standesamt.jpg","type":"image\/jpeg"}],"twitter_card":"summary_large_image","twitter_misc":{"Dur\u00e9e de lecture estim\u00e9e":"2 minutes"},"schema":{"@context":"https:\/\/schema.org","@graph":[{"@type":"WebPage","@id":"https:\/\/www.muehlebirgel.de\/fr\/bureau-detat-civil-eifel-mariage-dans-un-vrai-moulin","url":"https:\/\/www.muehlebirgel.de\/fr\/bureau-detat-civil-eifel-mariage-dans-un-vrai-moulin","name":"Bureau d'\u00e9tat civil Eifel - mariage dans un vrai moulin - Historische Wasserm\u00fchle Birgel","isPartOf":{"@id":"https:\/\/www.muehlebirgel.de\/fr\/#website"},"primaryImageOfPage":{"@id":"https:\/\/www.muehlebirgel.de\/fr\/bureau-detat-civil-eifel-mariage-dans-un-vrai-moulin#primaryimage"},"image":{"@id":"https:\/\/www.muehlebirgel.de\/fr\/bureau-detat-civil-eifel-mariage-dans-un-vrai-moulin#primaryimage"},"thumbnailUrl":"https:\/\/www.muehlebirgel.de\/wp-content\/uploads\/erwin-standesamt.jpg","datePublished":"2021-12-10T14:58:13+00:00","dateModified":"2025-10-27T08:03:28+00:00","breadcrumb":{"@id":"https:\/\/www.muehlebirgel.de\/fr\/bureau-detat-civil-eifel-mariage-dans-un-vrai-moulin#breadcrumb"},"inLanguage":"fr-FR","potentialAction":[{"@type":"ReadAction","target":["https:\/\/www.muehlebirgel.de\/fr\/bureau-detat-civil-eifel-mariage-dans-un-vrai-moulin"]}]},{"@type":"ImageObject","inLanguage":"fr-FR","@id":"https:\/\/www.muehlebirgel.de\/fr\/bureau-detat-civil-eifel-mariage-dans-un-vrai-moulin#primaryimage","url":"https:\/\/www.muehlebirgel.de\/wp-content\/uploads\/erwin-standesamt.jpg","contentUrl":"https:\/\/www.muehlebirgel.de\/wp-content\/uploads\/erwin-standesamt.jpg"},{"@type":"BreadcrumbList","@id":"https:\/\/www.muehlebirgel.de\/fr\/bureau-detat-civil-eifel-mariage-dans-un-vrai-moulin#breadcrumb","itemListElement":[{"@type":"ListItem","position":1,"name":"Startseite","item":"https:\/\/www.muehlebirgel.de\/fr"},{"@type":"ListItem","position":2,"name":"C\u00e9l\u00e9brez votre mariage dans l&#8217;Eifel","item":"https:\/\/www.muehlebirgel.de\/fr\/celebrez-votre-mariage-dans-leifel"},{"@type":"ListItem","position":3,"name":"Bureau d&#8217;\u00e9tat civil Eifel &#8211; mariage dans un vrai moulin"}]},{"@type":"WebSite","@id":"https:\/\/www.muehlebirgel.de\/fr\/#website","url":"https:\/\/www.muehlebirgel.de\/fr\/","name":"Historische Wasserm\u00fchle Birgel","description":"Willkommen im M\u00fchlen-Erlebniszentrum","potentialAction":[{"@type":"SearchAction","target":{"@type":"EntryPoint","urlTemplate":"https:\/\/www.muehlebirgel.de\/fr\/?s={search_term_string}"},"query-input":{"@type":"PropertyValueSpecification","valueRequired":true,"valueName":"search_term_string"}}],"inLanguage":"fr-FR"}]}},"_links":{"self":[{"href":"https:\/\/www.muehlebirgel.de\/fr\/wp-json\/wp\/v2\/pages\/9764","targetHints":{"allow":["GET"]}}],"collection":[{"href":"https:\/\/www.muehlebirgel.de\/fr\/wp-json\/wp\/v2\/pages"}],"about":[{"href":"https:\/\/www.muehlebirgel.de\/fr\/wp-json\/wp\/v2\/types\/page"}],"author":[{"embeddable":true,"href":"https:\/\/www.muehlebirgel.de\/fr\/wp-json\/wp\/v2\/users\/1"}],"replies":[{"embeddable":true,"href":"https:\/\/www.muehlebirgel.de\/fr\/wp-json\/wp\/v2\/comments?post=9764"}],"version-history":[{"count":14,"href":"https:\/\/www.muehlebirgel.de\/fr\/wp-json\/wp\/v2\/pages\/9764\/revisions"}],"predecessor-version":[{"id":61614,"href":"https:\/\/www.muehlebirgel.de\/fr\/wp-json\/wp\/v2\/pages\/9764\/revisions\/61614"}],"up":[{"embeddable":true,"href":"https:\/\/www.muehlebirgel.de\/fr\/wp-json\/wp\/v2\/pages\/9805"}],"wp:attachment":[{"href":"https:\/\/www.muehlebirgel.de\/fr\/wp-json\/wp\/v2\/media?parent=9764"}],"curies":[{"name":"wp","href":"https:\/\/api.w.org\/{rel}","templated":true}]}}