{"id":9777,"date":"2021-12-10T14:58:25","date_gmt":"2021-12-10T14:58:25","guid":{"rendered":"https:\/\/www.muehlebirgel.de\/hotel-romantique-dans-leifel-moulin-a-eau-historique-de-birgel\/faire-du-velo-dans-leifel-le-long-du-kyll\/"},"modified":"2024-01-12T15:15:36","modified_gmt":"2024-01-12T14:15:36","slug":"cyclisme-dans-leifel-le-long-de-la-kyll","status":"publish","type":"page","link":"https:\/\/www.muehlebirgel.de\/fr\/faire-du-velo-dans-leifel-le-long-du-kyll","title":{"rendered":"Faire du v\u00e9lo dans l&rsquo;Eifel, le long du Kyll"},"content":{"rendered":"\n<h2 class=\"wp-block-heading\">Pistes cyclables dans l&rsquo;Eifel<\/h2>\n<div class=\"wp-block-image\">\n<figure class=\"alignleft\"><img loading=\"lazy\" decoding=\"async\" width=\"400\" height=\"322\" src=\"https:\/\/www.muehlebirgel.de\/wp-content\/uploads\/2009\/04\/elektrofahrrad_urlaub_movelo_II.jpg\" alt=\"\" class=\"wp-image-253\" srcset=\"https:\/\/www.muehlebirgel.de\/wp-content\/uploads\/2009\/04\/elektrofahrrad_urlaub_movelo_II.jpg 400w, https:\/\/www.muehlebirgel.de\/wp-content\/uploads\/2009\/04\/elektrofahrrad_urlaub_movelo_II-367x295.jpg 367w\" sizes=\"auto, (max-width: 400px) 100vw, 400px\" \/><\/figure>\n<\/div>\n<p>Les pistes cyclables de l&rsquo;Eifel vous invitent \u00e0 un cyclisme agr\u00e9able et stimulant. Une particularit\u00e9 est la piste cyclable Kylltal, qui m\u00e8ne de Kronenburg, au sud du parc national de l&rsquo;Eifel, \u00e0 la ville romaine de Tr\u00e8ves le long du Kyll.<\/p>\n\n<hr class=\"wp-block-separator has-alpha-channel-opacity\"\/>\n<div class=\"wp-block-image\">\n<figure class=\"alignleft\"><img loading=\"lazy\" decoding=\"async\" width=\"300\" height=\"200\" src=\"https:\/\/www.muehlebirgel.de\/wp-content\/uploads\/2009\/04\/fahrrad-familie-eifel.jpg\" alt=\"\" class=\"wp-image-254\"\/><\/figure>\n<\/div>\n<p>Dans le m\u00eame temps, la ligne Eifel offre la possibilit\u00e9 de reprendre le train \u00e0 tout moment. Les pistes cyclables passent devant des restaurants et des buvettes, tels que B. le moulin \u00e0 eau historique de Birgel. Ici, vous pouvez passer la nuit \u00e0 l&rsquo; <a href=\"https:\/\/www.muehlebirgel.de\/eifel-hotel.html\">h\u00f4tel Eifel<\/a> avec des offres sp\u00e9ciales pour les cyclistes :<\/p>\n\n<hr class=\"wp-block-separator has-alpha-channel-opacity\"\/>\n<div class=\"wp-block-image\">\n<figure class=\"alignleft\"><img loading=\"lazy\" decoding=\"async\" width=\"300\" height=\"200\" src=\"https:\/\/www.muehlebirgel.de\/wp-content\/uploads\/2009\/04\/fahradfahrer-eifel.jpg\" alt=\"\" class=\"wp-image-255\"\/><\/figure>\n<\/div>\n<p>Nous serions heureux de vous proposer des offres sp\u00e9ciales pour la demi-pension ou pour le week-end au Tel.Nr.: 06597-9282-0<\/p>\n\n<p>De nombreuses pistes cyclables de l&rsquo;Eifel sont interconnect\u00e9es afin que vous puissiez cr\u00e9er vos propres circuits \u00e0 v\u00e9lo. Pour les groupes, nous proposons l&rsquo;organisation de circuits \u00e0 v\u00e9lo avec accompagnement suppl\u00e9mentaire. <a href=\"https:\/\/www.muehlebirgel.de\/fr\/contacter\">Contactez<\/a> -nous pour plus d&rsquo;informations.<\/p>\n\n<hr class=\"wp-block-separator has-alpha-channel-opacity\"\/>\n<div class=\"wp-block-image\">\n<figure class=\"alignleft\"><img loading=\"lazy\" decoding=\"async\" width=\"300\" height=\"200\" src=\"https:\/\/www.muehlebirgel.de\/wp-content\/uploads\/2009\/04\/muehlenhotel2.jpg\" alt=\"\" class=\"wp-image-178\"\/><\/figure>\n<\/div>\n<p>Lorsque vous faites du v\u00e9lo dans l&rsquo;Eifel, vous pouvez profiter de la nature avec tous vos sens.<\/p>\n\n<p><strong>Nous attendons avec impatience votre demande \u00e0<br\/>T\u00e9l. : 06597\/92820 ou via notre <a href=\"https:\/\/www.muehlebirgel.de\/fr\/contacter\">formulaire de contact<\/a> !<\/strong><\/p>\n","protected":false},"excerpt":{"rendered":"<p>Pistes cyclables dans l&rsquo;Eifel Les pistes cyclables de l&rsquo;Eifel vous invitent \u00e0 un cyclisme agr\u00e9able et stimulant. Une particularit\u00e9 est la piste cyclable Kylltal, qui m\u00e8ne de Kronenburg, au sud du parc national de l&rsquo;Eifel, \u00e0 la ville romaine de Tr\u00e8ves le long du Kyll. Dans le m\u00eame temps, la ligne Eifel offre la possibilit\u00e9 [&hellip;]<\/p>\n","protected":false},"author":1,"featured_media":0,"parent":9709,"menu_order":22,"comment_status":"closed","ping_status":"closed","template":"","meta":{"footnotes":""},"class_list":["post-9777","page","type-page","status-publish","hentry"],"yoast_head":"<!-- This site is optimized with the Yoast SEO plugin v27.2 - https:\/\/yoast.com\/product\/yoast-seo-wordpress\/ -->\n<title>Faire du v\u00e9lo dans l&#039;Eifel, le long du Kyll - Historische Wasserm\u00fchle Birgel<\/title>\n<meta name=\"robots\" content=\"index, follow, max-snippet:-1, max-image-preview:large, max-video-preview:-1\" \/>\n<link rel=\"canonical\" href=\"https:\/\/www.muehlebirgel.de\/fr\/faire-du-velo-dans-leifel-le-long-du-kyll\" \/>\n<meta property=\"og:locale\" content=\"fr_FR\" \/>\n<meta property=\"og:type\" content=\"article\" \/>\n<meta property=\"og:title\" content=\"Faire du v\u00e9lo dans l&#039;Eifel, le long du Kyll - Historische Wasserm\u00fchle Birgel\" \/>\n<meta property=\"og:description\" content=\"Pistes cyclables dans l&rsquo;Eifel Les pistes cyclables de l&rsquo;Eifel vous invitent \u00e0 un cyclisme agr\u00e9able et stimulant. Une particularit\u00e9 est la piste cyclable Kylltal, qui m\u00e8ne de Kronenburg, au sud du parc national de l&rsquo;Eifel, \u00e0 la ville romaine de Tr\u00e8ves le long du Kyll. Dans le m\u00eame temps, la ligne Eifel offre la possibilit\u00e9 [&hellip;]\" \/>\n<meta property=\"og:url\" content=\"https:\/\/www.muehlebirgel.de\/fr\/faire-du-velo-dans-leifel-le-long-du-kyll\/\" \/>\n<meta property=\"og:site_name\" content=\"Historische Wasserm\u00fchle Birgel\" \/>\n<meta property=\"article:modified_time\" content=\"2024-01-12T14:15:36+00:00\" \/>\n<meta property=\"og:image\" content=\"https:\/\/www.muehlebirgel.de\/wp-content\/uploads\/2009\/04\/elektrofahrrad_urlaub_movelo_II.jpg\" \/>\n<meta name=\"twitter:card\" content=\"summary_large_image\" \/>\n<meta name=\"twitter:label1\" content=\"Dur\u00e9e de lecture estim\u00e9e\" \/>\n\t<meta name=\"twitter:data1\" content=\"1 minute\" \/>\n<script type=\"application\/ld+json\" class=\"yoast-schema-graph\">{\"@context\":\"https:\/\/schema.org\",\"@graph\":[{\"@type\":\"WebPage\",\"@id\":\"https:\/\/www.muehlebirgel.de\/fr\/faire-du-velo-dans-leifel-le-long-du-kyll\",\"url\":\"https:\/\/www.muehlebirgel.de\/fr\/faire-du-velo-dans-leifel-le-long-du-kyll\",\"name\":\"Faire du v\u00e9lo dans l'Eifel, le long du Kyll - Historische Wasserm\u00fchle Birgel\",\"isPartOf\":{\"@id\":\"https:\/\/www.muehlebirgel.de\/fr\/#website\"},\"primaryImageOfPage\":{\"@id\":\"https:\/\/www.muehlebirgel.de\/fr\/faire-du-velo-dans-leifel-le-long-du-kyll#primaryimage\"},\"image\":{\"@id\":\"https:\/\/www.muehlebirgel.de\/fr\/faire-du-velo-dans-leifel-le-long-du-kyll#primaryimage\"},\"thumbnailUrl\":\"https:\/\/www.muehlebirgel.de\/wp-content\/uploads\/2009\/04\/elektrofahrrad_urlaub_movelo_II.jpg\",\"datePublished\":\"2021-12-10T14:58:25+00:00\",\"dateModified\":\"2024-01-12T14:15:36+00:00\",\"breadcrumb\":{\"@id\":\"https:\/\/www.muehlebirgel.de\/fr\/faire-du-velo-dans-leifel-le-long-du-kyll#breadcrumb\"},\"inLanguage\":\"fr-FR\",\"potentialAction\":[{\"@type\":\"ReadAction\",\"target\":[\"https:\/\/www.muehlebirgel.de\/fr\/faire-du-velo-dans-leifel-le-long-du-kyll\"]}]},{\"@type\":\"ImageObject\",\"inLanguage\":\"fr-FR\",\"@id\":\"https:\/\/www.muehlebirgel.de\/fr\/faire-du-velo-dans-leifel-le-long-du-kyll#primaryimage\",\"url\":\"https:\/\/www.muehlebirgel.de\/wp-content\/uploads\/2009\/04\/elektrofahrrad_urlaub_movelo_II.jpg\",\"contentUrl\":\"https:\/\/www.muehlebirgel.de\/wp-content\/uploads\/2009\/04\/elektrofahrrad_urlaub_movelo_II.jpg\"},{\"@type\":\"BreadcrumbList\",\"@id\":\"https:\/\/www.muehlebirgel.de\/fr\/faire-du-velo-dans-leifel-le-long-du-kyll#breadcrumb\",\"itemListElement\":[{\"@type\":\"ListItem\",\"position\":1,\"name\":\"Startseite\",\"item\":\"https:\/\/www.muehlebirgel.de\/fr\"},{\"@type\":\"ListItem\",\"position\":2,\"name\":\"H\u00e9bergement dans l&#8217;Eifel &#8211; R\u00e9server des vacances dans l&#8217;Eifel volcanique\",\"item\":\"https:\/\/www.muehlebirgel.de\/fr\/uebernachtungen-in-der-eifel\"},{\"@type\":\"ListItem\",\"position\":3,\"name\":\"H\u00f4tel dans l&#8217;Eifel &#8211; Chambres romantiques dans l&#8217;Eifel volcanique\",\"item\":\"https:\/\/www.muehlebirgel.de\/fr\/hotel-romantique-dans-leifel-moulin-a-eau-historique-de-birgel\"},{\"@type\":\"ListItem\",\"position\":4,\"name\":\"Faire du v\u00e9lo dans l&#8217;Eifel, le long du Kyll\"}]},{\"@type\":\"WebSite\",\"@id\":\"https:\/\/www.muehlebirgel.de\/fr\/#website\",\"url\":\"https:\/\/www.muehlebirgel.de\/fr\/\",\"name\":\"Historische Wasserm\u00fchle Birgel\",\"description\":\"Willkommen im M\u00fchlen-Erlebniszentrum\",\"potentialAction\":[{\"@type\":\"SearchAction\",\"target\":{\"@type\":\"EntryPoint\",\"urlTemplate\":\"https:\/\/www.muehlebirgel.de\/fr\/?s={search_term_string}\"},\"query-input\":{\"@type\":\"PropertyValueSpecification\",\"valueRequired\":true,\"valueName\":\"search_term_string\"}}],\"inLanguage\":\"fr-FR\"}]}<\/script>\n<!-- \/ Yoast SEO plugin. -->","yoast_head_json":{"title":"Faire du v\u00e9lo dans l'Eifel, le long du Kyll - Historische Wasserm\u00fchle Birgel","robots":{"index":"index","follow":"follow","max-snippet":"max-snippet:-1","max-image-preview":"max-image-preview:large","max-video-preview":"max-video-preview:-1"},"canonical":"https:\/\/www.muehlebirgel.de\/fr\/faire-du-velo-dans-leifel-le-long-du-kyll","og_locale":"fr_FR","og_type":"article","og_title":"Faire du v\u00e9lo dans l'Eifel, le long du Kyll - Historische Wasserm\u00fchle Birgel","og_description":"Pistes cyclables dans l&rsquo;Eifel Les pistes cyclables de l&rsquo;Eifel vous invitent \u00e0 un cyclisme agr\u00e9able et stimulant. Une particularit\u00e9 est la piste cyclable Kylltal, qui m\u00e8ne de Kronenburg, au sud du parc national de l&rsquo;Eifel, \u00e0 la ville romaine de Tr\u00e8ves le long du Kyll. Dans le m\u00eame temps, la ligne Eifel offre la possibilit\u00e9 [&hellip;]","og_url":"https:\/\/www.muehlebirgel.de\/fr\/faire-du-velo-dans-leifel-le-long-du-kyll\/","og_site_name":"Historische Wasserm\u00fchle Birgel","article_modified_time":"2024-01-12T14:15:36+00:00","og_image":[{"url":"https:\/\/www.muehlebirgel.de\/wp-content\/uploads\/2009\/04\/elektrofahrrad_urlaub_movelo_II.jpg","type":"","width":"","height":""}],"twitter_card":"summary_large_image","twitter_misc":{"Dur\u00e9e de lecture estim\u00e9e":"1 minute"},"schema":{"@context":"https:\/\/schema.org","@graph":[{"@type":"WebPage","@id":"https:\/\/www.muehlebirgel.de\/fr\/faire-du-velo-dans-leifel-le-long-du-kyll","url":"https:\/\/www.muehlebirgel.de\/fr\/faire-du-velo-dans-leifel-le-long-du-kyll","name":"Faire du v\u00e9lo dans l'Eifel, le long du Kyll - Historische Wasserm\u00fchle Birgel","isPartOf":{"@id":"https:\/\/www.muehlebirgel.de\/fr\/#website"},"primaryImageOfPage":{"@id":"https:\/\/www.muehlebirgel.de\/fr\/faire-du-velo-dans-leifel-le-long-du-kyll#primaryimage"},"image":{"@id":"https:\/\/www.muehlebirgel.de\/fr\/faire-du-velo-dans-leifel-le-long-du-kyll#primaryimage"},"thumbnailUrl":"https:\/\/www.muehlebirgel.de\/wp-content\/uploads\/2009\/04\/elektrofahrrad_urlaub_movelo_II.jpg","datePublished":"2021-12-10T14:58:25+00:00","dateModified":"2024-01-12T14:15:36+00:00","breadcrumb":{"@id":"https:\/\/www.muehlebirgel.de\/fr\/faire-du-velo-dans-leifel-le-long-du-kyll#breadcrumb"},"inLanguage":"fr-FR","potentialAction":[{"@type":"ReadAction","target":["https:\/\/www.muehlebirgel.de\/fr\/faire-du-velo-dans-leifel-le-long-du-kyll"]}]},{"@type":"ImageObject","inLanguage":"fr-FR","@id":"https:\/\/www.muehlebirgel.de\/fr\/faire-du-velo-dans-leifel-le-long-du-kyll#primaryimage","url":"https:\/\/www.muehlebirgel.de\/wp-content\/uploads\/2009\/04\/elektrofahrrad_urlaub_movelo_II.jpg","contentUrl":"https:\/\/www.muehlebirgel.de\/wp-content\/uploads\/2009\/04\/elektrofahrrad_urlaub_movelo_II.jpg"},{"@type":"BreadcrumbList","@id":"https:\/\/www.muehlebirgel.de\/fr\/faire-du-velo-dans-leifel-le-long-du-kyll#breadcrumb","itemListElement":[{"@type":"ListItem","position":1,"name":"Startseite","item":"https:\/\/www.muehlebirgel.de\/fr"},{"@type":"ListItem","position":2,"name":"H\u00e9bergement dans l&#8217;Eifel &#8211; R\u00e9server des vacances dans l&#8217;Eifel volcanique","item":"https:\/\/www.muehlebirgel.de\/fr\/uebernachtungen-in-der-eifel"},{"@type":"ListItem","position":3,"name":"H\u00f4tel dans l&#8217;Eifel &#8211; Chambres romantiques dans l&#8217;Eifel volcanique","item":"https:\/\/www.muehlebirgel.de\/fr\/hotel-romantique-dans-leifel-moulin-a-eau-historique-de-birgel"},{"@type":"ListItem","position":4,"name":"Faire du v\u00e9lo dans l&#8217;Eifel, le long du Kyll"}]},{"@type":"WebSite","@id":"https:\/\/www.muehlebirgel.de\/fr\/#website","url":"https:\/\/www.muehlebirgel.de\/fr\/","name":"Historische Wasserm\u00fchle Birgel","description":"Willkommen im M\u00fchlen-Erlebniszentrum","potentialAction":[{"@type":"SearchAction","target":{"@type":"EntryPoint","urlTemplate":"https:\/\/www.muehlebirgel.de\/fr\/?s={search_term_string}"},"query-input":{"@type":"PropertyValueSpecification","valueRequired":true,"valueName":"search_term_string"}}],"inLanguage":"fr-FR"}]}},"_links":{"self":[{"href":"https:\/\/www.muehlebirgel.de\/fr\/wp-json\/wp\/v2\/pages\/9777","targetHints":{"allow":["GET"]}}],"collection":[{"href":"https:\/\/www.muehlebirgel.de\/fr\/wp-json\/wp\/v2\/pages"}],"about":[{"href":"https:\/\/www.muehlebirgel.de\/fr\/wp-json\/wp\/v2\/types\/page"}],"author":[{"embeddable":true,"href":"https:\/\/www.muehlebirgel.de\/fr\/wp-json\/wp\/v2\/users\/1"}],"replies":[{"embeddable":true,"href":"https:\/\/www.muehlebirgel.de\/fr\/wp-json\/wp\/v2\/comments?post=9777"}],"version-history":[{"count":2,"href":"https:\/\/www.muehlebirgel.de\/fr\/wp-json\/wp\/v2\/pages\/9777\/revisions"}],"predecessor-version":[{"id":35055,"href":"https:\/\/www.muehlebirgel.de\/fr\/wp-json\/wp\/v2\/pages\/9777\/revisions\/35055"}],"up":[{"embeddable":true,"href":"https:\/\/www.muehlebirgel.de\/fr\/wp-json\/wp\/v2\/pages\/9709"}],"wp:attachment":[{"href":"https:\/\/www.muehlebirgel.de\/fr\/wp-json\/wp\/v2\/media?parent=9777"}],"curies":[{"name":"wp","href":"https:\/\/api.w.org\/{rel}","templated":true}]}}