{"id":9779,"date":"2021-12-10T14:58:26","date_gmt":"2021-12-10T14:58:26","guid":{"rendered":"https:\/\/www.muehlebirgel.de\/hotel-romantique-dans-leifel-moulin-a-eau-historique-de-birgel\/randonnee-dans-leifel\/"},"modified":"2021-12-10T14:58:26","modified_gmt":"2021-12-10T14:58:26","slug":"randonnee-dans-leifel","status":"publish","type":"page","link":"https:\/\/www.muehlebirgel.de\/fr\/randonnee-dans-leifel","title":{"rendered":"Randonn\u00e9e dans l&rsquo;Eifel"},"content":{"rendered":"<p><img loading=\"lazy\" decoding=\"async\" class=\"size-full wp-image-180 alignleft\" src=\"https:\/\/www.muehlebirgel.de\/wp-content\/uploads\/2009\/04\/wandern.jpg\" alt=\"\" width=\"300\" height=\"200\"><\/p>\n<p>Les sentiers de randonn\u00e9e de l&rsquo;Eifel ont leur charme et leur attrait particuliers dans le paysage vari\u00e9. La randonn\u00e9e dans l&rsquo;Eifel offre le bon sentier de randonn\u00e9e pour chaque professionnel et aussi pour les d\u00e9butants. Des vacances de randonn\u00e9e dans l&rsquo;Eifel \u00e9veillent les sens qui ne peuvent \u00eatre exp\u00e9riment\u00e9s que dans la nature.<\/p>\n<p>L&rsquo; <a href=\"https:\/\/www.muehlebirgel.de\/eifel-hotel.html\">Eifel-Hotel<\/a> du moulin \u00e0 eau historique de Birgel vous offre l&rsquo;exp\u00e9rience inoubliable de la chaleur humaine et de la cordialit\u00e9.<\/p>\n<hr>\n<p><img loading=\"lazy\" decoding=\"async\" class=\"size-full wp-image-135 alignleft\" src=\"https:\/\/www.muehlebirgel.de\/wp-content\/uploads\/2009\/04\/NW.jpg\" alt=\"\" width=\"300\" height=\"200\"><\/p>\n<p>Mais randonner en vacances, c&rsquo;est aussi s&rsquo;arr\u00eater \u00e0 l&rsquo; <a href=\"https:\/\/www.muehlebirgel.de\/restaurant-eifel.html\">auberge<\/a> l&rsquo;apr\u00e8s-midi ou le soir, se ressourcer ou se ressourcer pour le prochain tour dans une ambiance chaleureuse \u00e0 l&rsquo;h\u00f4tel Eifel.<\/p>\n<hr>\n<p><img loading=\"lazy\" decoding=\"async\" class=\"size-full wp-image-239 alignleft\" src=\"https:\/\/www.muehlebirgel.de\/wp-content\/uploads\/2009\/04\/wanderschuhe.jpg\" alt=\"\" width=\"300\" height=\"200\"><\/p>\n<h2>Carte de randonn\u00e9e de l&rsquo;Eifel<\/h2>\n<p>Nos h\u00f4tes peuvent emprunter gratuitement une carte d\u00e9taill\u00e9e des randonn\u00e9es de l&rsquo;Eifel.<\/p>\n<p>L&rsquo;Eifel-Hotel est situ\u00e9 au centre de Vulkaneifel, \u00e0 environ 85 km des zones de chalandise d&rsquo;Aix-la-Chapelle, de Cologne, de Coblence et de Tr\u00e8ves. L&rsquo;itin\u00e9raire Eifel de la Deutsche Bahn passe directement devant notre moulin (gare de Lissendorf \u00e0 seulement 200 m environ). Cela permet un voyage sans stress.<\/p>\n<hr>\n<p><img loading=\"lazy\" decoding=\"async\" class=\"size-full wp-image-178 alignleft\" src=\"https:\/\/www.muehlebirgel.de\/wp-content\/uploads\/2009\/04\/muehlenhotel2.jpg\" alt=\"\" width=\"300\" height=\"200\"><\/p>\n<p>Nous serions ravis de vous proposer des offres sp\u00e9ciales pour la demi-pension ou pour le week-end en appelant le 06597-92820 ou <a href=\"https:\/\/www.muehlebirgel.de\/fr\/contacter\">par email<\/a> .<\/p>\n<p>Si vous souhaitez explorer les sentiers de randonn\u00e9e de l&rsquo;Eifelsteig, vous pouvez utiliser notre service de navette depuis Mirbach ou vers Blankenheim et Hillesheim.<\/p>\n<p><strong>Inscrivez-vous simplement au T\u00e9l. 06597-92820 et organisez le moment souhait\u00e9 avec nous.<\/strong><\/p>\n<p><strong>D\u00e9sormais, rien ne s&rsquo;oppose \u00e0 des vacances de randonn\u00e9e dans l&rsquo;Eifel.<\/strong><\/p>\n<hr>\n<p><img loading=\"lazy\" decoding=\"async\" class=\" size-full wp-image-123\" src=\"https:\/\/www.muehlebirgel.de\/wp-content\/uploads\/2009\/04\/ferienhaeuser.jpg\" alt=\"\" width=\"300\" height=\"200\"><\/p>\n<p><img loading=\"lazy\" decoding=\"async\" class=\" size-full wp-image-184\" src=\"https:\/\/www.muehlebirgel.de\/wp-content\/uploads\/2009\/04\/familie-wohnraum.jpg\" alt=\"\" width=\"300\" height=\"200\"><\/p>\n","protected":false},"excerpt":{"rendered":"<p>Les sentiers de randonn\u00e9e de l&rsquo;Eifel ont leur charme et leur attrait particuliers dans le paysage vari\u00e9. La randonn\u00e9e dans l&rsquo;Eifel offre le bon sentier de randonn\u00e9e pour chaque professionnel et aussi pour les d\u00e9butants. Des vacances de randonn\u00e9e dans l&rsquo;Eifel \u00e9veillent les sens qui ne peuvent \u00eatre exp\u00e9riment\u00e9s que dans la nature. L&rsquo; Eifel-Hotel [&hellip;]<\/p>\n","protected":false},"author":1,"featured_media":0,"parent":9709,"menu_order":25,"comment_status":"closed","ping_status":"closed","template":"","meta":{"footnotes":""},"class_list":["post-9779","page","type-page","status-publish","hentry"],"yoast_head":"<!-- This site is optimized with the Yoast SEO plugin v27.2 - https:\/\/yoast.com\/product\/yoast-seo-wordpress\/ -->\n<title>Randonn\u00e9e dans l&#039;Eifel - Historische Wasserm\u00fchle Birgel<\/title>\n<meta name=\"robots\" content=\"index, follow, max-snippet:-1, max-image-preview:large, max-video-preview:-1\" \/>\n<link rel=\"canonical\" href=\"https:\/\/www.muehlebirgel.de\/fr\/randonnee-dans-leifel\" \/>\n<meta property=\"og:locale\" content=\"fr_FR\" \/>\n<meta property=\"og:type\" content=\"article\" \/>\n<meta property=\"og:title\" content=\"Randonn\u00e9e dans l&#039;Eifel - Historische Wasserm\u00fchle Birgel\" \/>\n<meta property=\"og:description\" content=\"Les sentiers de randonn\u00e9e de l&rsquo;Eifel ont leur charme et leur attrait particuliers dans le paysage vari\u00e9. La randonn\u00e9e dans l&rsquo;Eifel offre le bon sentier de randonn\u00e9e pour chaque professionnel et aussi pour les d\u00e9butants. Des vacances de randonn\u00e9e dans l&rsquo;Eifel \u00e9veillent les sens qui ne peuvent \u00eatre exp\u00e9riment\u00e9s que dans la nature. L&rsquo; Eifel-Hotel [&hellip;]\" \/>\n<meta property=\"og:url\" content=\"https:\/\/www.muehlebirgel.de\/fr\/randonnee-dans-leifel\/\" \/>\n<meta property=\"og:site_name\" content=\"Historische Wasserm\u00fchle Birgel\" \/>\n<meta property=\"og:image\" content=\"https:\/\/www.muehlebirgel.de\/wp-content\/uploads\/2009\/04\/wandern.jpg\" \/>\n<meta name=\"twitter:card\" content=\"summary_large_image\" \/>\n<meta name=\"twitter:label1\" content=\"Dur\u00e9e de lecture estim\u00e9e\" \/>\n\t<meta name=\"twitter:data1\" content=\"1 minute\" \/>\n<script type=\"application\/ld+json\" class=\"yoast-schema-graph\">{\"@context\":\"https:\/\/schema.org\",\"@graph\":[{\"@type\":\"WebPage\",\"@id\":\"https:\/\/www.muehlebirgel.de\/fr\/randonnee-dans-leifel\",\"url\":\"https:\/\/www.muehlebirgel.de\/fr\/randonnee-dans-leifel\",\"name\":\"Randonn\u00e9e dans l'Eifel - Historische Wasserm\u00fchle Birgel\",\"isPartOf\":{\"@id\":\"https:\/\/www.muehlebirgel.de\/fr\/#website\"},\"primaryImageOfPage\":{\"@id\":\"https:\/\/www.muehlebirgel.de\/fr\/randonnee-dans-leifel#primaryimage\"},\"image\":{\"@id\":\"https:\/\/www.muehlebirgel.de\/fr\/randonnee-dans-leifel#primaryimage\"},\"thumbnailUrl\":\"https:\/\/www.muehlebirgel.de\/wp-content\/uploads\/2009\/04\/wandern.jpg\",\"datePublished\":\"2021-12-10T14:58:26+00:00\",\"breadcrumb\":{\"@id\":\"https:\/\/www.muehlebirgel.de\/fr\/randonnee-dans-leifel#breadcrumb\"},\"inLanguage\":\"fr-FR\",\"potentialAction\":[{\"@type\":\"ReadAction\",\"target\":[\"https:\/\/www.muehlebirgel.de\/fr\/randonnee-dans-leifel\"]}]},{\"@type\":\"ImageObject\",\"inLanguage\":\"fr-FR\",\"@id\":\"https:\/\/www.muehlebirgel.de\/fr\/randonnee-dans-leifel#primaryimage\",\"url\":\"https:\/\/www.muehlebirgel.de\/wp-content\/uploads\/2009\/04\/wandern.jpg\",\"contentUrl\":\"https:\/\/www.muehlebirgel.de\/wp-content\/uploads\/2009\/04\/wandern.jpg\"},{\"@type\":\"BreadcrumbList\",\"@id\":\"https:\/\/www.muehlebirgel.de\/fr\/randonnee-dans-leifel#breadcrumb\",\"itemListElement\":[{\"@type\":\"ListItem\",\"position\":1,\"name\":\"Startseite\",\"item\":\"https:\/\/www.muehlebirgel.de\/fr\"},{\"@type\":\"ListItem\",\"position\":2,\"name\":\"H\u00e9bergement dans l&#8217;Eifel &#8211; R\u00e9server des vacances dans l&#8217;Eifel volcanique\",\"item\":\"https:\/\/www.muehlebirgel.de\/fr\/uebernachtungen-in-der-eifel\"},{\"@type\":\"ListItem\",\"position\":3,\"name\":\"H\u00f4tel dans l&#8217;Eifel &#8211; Chambres romantiques dans l&#8217;Eifel volcanique\",\"item\":\"https:\/\/www.muehlebirgel.de\/fr\/hotel-romantique-dans-leifel-moulin-a-eau-historique-de-birgel\"},{\"@type\":\"ListItem\",\"position\":4,\"name\":\"Randonn\u00e9e dans l&#8217;Eifel\"}]},{\"@type\":\"WebSite\",\"@id\":\"https:\/\/www.muehlebirgel.de\/fr\/#website\",\"url\":\"https:\/\/www.muehlebirgel.de\/fr\/\",\"name\":\"Historische Wasserm\u00fchle Birgel\",\"description\":\"Willkommen im M\u00fchlen-Erlebniszentrum\",\"potentialAction\":[{\"@type\":\"SearchAction\",\"target\":{\"@type\":\"EntryPoint\",\"urlTemplate\":\"https:\/\/www.muehlebirgel.de\/fr\/?s={search_term_string}\"},\"query-input\":{\"@type\":\"PropertyValueSpecification\",\"valueRequired\":true,\"valueName\":\"search_term_string\"}}],\"inLanguage\":\"fr-FR\"}]}<\/script>\n<!-- \/ Yoast SEO plugin. -->","yoast_head_json":{"title":"Randonn\u00e9e dans l'Eifel - Historische Wasserm\u00fchle Birgel","robots":{"index":"index","follow":"follow","max-snippet":"max-snippet:-1","max-image-preview":"max-image-preview:large","max-video-preview":"max-video-preview:-1"},"canonical":"https:\/\/www.muehlebirgel.de\/fr\/randonnee-dans-leifel","og_locale":"fr_FR","og_type":"article","og_title":"Randonn\u00e9e dans l'Eifel - Historische Wasserm\u00fchle Birgel","og_description":"Les sentiers de randonn\u00e9e de l&rsquo;Eifel ont leur charme et leur attrait particuliers dans le paysage vari\u00e9. La randonn\u00e9e dans l&rsquo;Eifel offre le bon sentier de randonn\u00e9e pour chaque professionnel et aussi pour les d\u00e9butants. Des vacances de randonn\u00e9e dans l&rsquo;Eifel \u00e9veillent les sens qui ne peuvent \u00eatre exp\u00e9riment\u00e9s que dans la nature. L&rsquo; Eifel-Hotel [&hellip;]","og_url":"https:\/\/www.muehlebirgel.de\/fr\/randonnee-dans-leifel\/","og_site_name":"Historische Wasserm\u00fchle Birgel","og_image":[{"url":"https:\/\/www.muehlebirgel.de\/wp-content\/uploads\/2009\/04\/wandern.jpg","type":"","width":"","height":""}],"twitter_card":"summary_large_image","twitter_misc":{"Dur\u00e9e de lecture estim\u00e9e":"1 minute"},"schema":{"@context":"https:\/\/schema.org","@graph":[{"@type":"WebPage","@id":"https:\/\/www.muehlebirgel.de\/fr\/randonnee-dans-leifel","url":"https:\/\/www.muehlebirgel.de\/fr\/randonnee-dans-leifel","name":"Randonn\u00e9e dans l'Eifel - Historische Wasserm\u00fchle Birgel","isPartOf":{"@id":"https:\/\/www.muehlebirgel.de\/fr\/#website"},"primaryImageOfPage":{"@id":"https:\/\/www.muehlebirgel.de\/fr\/randonnee-dans-leifel#primaryimage"},"image":{"@id":"https:\/\/www.muehlebirgel.de\/fr\/randonnee-dans-leifel#primaryimage"},"thumbnailUrl":"https:\/\/www.muehlebirgel.de\/wp-content\/uploads\/2009\/04\/wandern.jpg","datePublished":"2021-12-10T14:58:26+00:00","breadcrumb":{"@id":"https:\/\/www.muehlebirgel.de\/fr\/randonnee-dans-leifel#breadcrumb"},"inLanguage":"fr-FR","potentialAction":[{"@type":"ReadAction","target":["https:\/\/www.muehlebirgel.de\/fr\/randonnee-dans-leifel"]}]},{"@type":"ImageObject","inLanguage":"fr-FR","@id":"https:\/\/www.muehlebirgel.de\/fr\/randonnee-dans-leifel#primaryimage","url":"https:\/\/www.muehlebirgel.de\/wp-content\/uploads\/2009\/04\/wandern.jpg","contentUrl":"https:\/\/www.muehlebirgel.de\/wp-content\/uploads\/2009\/04\/wandern.jpg"},{"@type":"BreadcrumbList","@id":"https:\/\/www.muehlebirgel.de\/fr\/randonnee-dans-leifel#breadcrumb","itemListElement":[{"@type":"ListItem","position":1,"name":"Startseite","item":"https:\/\/www.muehlebirgel.de\/fr"},{"@type":"ListItem","position":2,"name":"H\u00e9bergement dans l&#8217;Eifel &#8211; R\u00e9server des vacances dans l&#8217;Eifel volcanique","item":"https:\/\/www.muehlebirgel.de\/fr\/uebernachtungen-in-der-eifel"},{"@type":"ListItem","position":3,"name":"H\u00f4tel dans l&#8217;Eifel &#8211; Chambres romantiques dans l&#8217;Eifel volcanique","item":"https:\/\/www.muehlebirgel.de\/fr\/hotel-romantique-dans-leifel-moulin-a-eau-historique-de-birgel"},{"@type":"ListItem","position":4,"name":"Randonn\u00e9e dans l&#8217;Eifel"}]},{"@type":"WebSite","@id":"https:\/\/www.muehlebirgel.de\/fr\/#website","url":"https:\/\/www.muehlebirgel.de\/fr\/","name":"Historische Wasserm\u00fchle Birgel","description":"Willkommen im M\u00fchlen-Erlebniszentrum","potentialAction":[{"@type":"SearchAction","target":{"@type":"EntryPoint","urlTemplate":"https:\/\/www.muehlebirgel.de\/fr\/?s={search_term_string}"},"query-input":{"@type":"PropertyValueSpecification","valueRequired":true,"valueName":"search_term_string"}}],"inLanguage":"fr-FR"}]}},"_links":{"self":[{"href":"https:\/\/www.muehlebirgel.de\/fr\/wp-json\/wp\/v2\/pages\/9779","targetHints":{"allow":["GET"]}}],"collection":[{"href":"https:\/\/www.muehlebirgel.de\/fr\/wp-json\/wp\/v2\/pages"}],"about":[{"href":"https:\/\/www.muehlebirgel.de\/fr\/wp-json\/wp\/v2\/types\/page"}],"author":[{"embeddable":true,"href":"https:\/\/www.muehlebirgel.de\/fr\/wp-json\/wp\/v2\/users\/1"}],"replies":[{"embeddable":true,"href":"https:\/\/www.muehlebirgel.de\/fr\/wp-json\/wp\/v2\/comments?post=9779"}],"version-history":[{"count":0,"href":"https:\/\/www.muehlebirgel.de\/fr\/wp-json\/wp\/v2\/pages\/9779\/revisions"}],"up":[{"embeddable":true,"href":"https:\/\/www.muehlebirgel.de\/fr\/wp-json\/wp\/v2\/pages\/9709"}],"wp:attachment":[{"href":"https:\/\/www.muehlebirgel.de\/fr\/wp-json\/wp\/v2\/media?parent=9779"}],"curies":[{"name":"wp","href":"https:\/\/api.w.org\/{rel}","templated":true}]}}