{"id":9790,"date":"2021-12-10T14:58:38","date_gmt":"2021-12-10T14:58:38","guid":{"rendered":"https:\/\/www.muehlebirgel.de\/hotel-romantique-dans-leifel-moulin-a-eau-historique-de-birgel\/tour-en-moto-a-travers-leifel-idyllique\/"},"modified":"2021-12-10T14:58:38","modified_gmt":"2021-12-10T14:58:38","slug":"tour-en-moto-a-travers-leifel-idyllique","status":"publish","type":"page","link":"https:\/\/www.muehlebirgel.de\/fr\/tour-en-moto-a-travers-leifel-idyllique","title":{"rendered":"Tour en moto \u00e0 travers l&rsquo;Eifel idyllique"},"content":{"rendered":"<p><img loading=\"lazy\" decoding=\"async\" class=\"size-full wp-image-241 alignleft\" src=\"https:\/\/www.muehlebirgel.de\/wp-content\/uploads\/2009\/04\/motorradfahrer.jpg\" alt=\"\" width=\"300\" height=\"200\"><\/p>\n<p>Notre <a href=\"https:\/\/www.muehlebirgel.de\/eifel-hotel.html\">h\u00f4tel Eifel<\/a> \u00e0 Birgel autour du <a href=\"https:\/\/www.muehlebirgel.de\/historische-muehle.html\">moulin \u00e0 eau historique<\/a> est le point de d\u00e9part ou la destination id\u00e9ale pour des vacances \u00e0 moto dans l&rsquo;Eifel ! Le tour de l&rsquo;Eifel \u00e0 moto est une exp\u00e9rience sp\u00e9ciale pour tous ceux qui peuvent profiter de leur moto sur des itin\u00e9raires exigeants.<\/p>\n<h2>Route de l&rsquo;Eifel \u00e0 moto<\/h2>\n<p>Peu importe que vous fassiez un tour sur le circuit du N\u00fcrburgring ou que vous pr\u00e9voyiez un tour dans des rues \u00e9troites o\u00f9 deux voitures ne peuvent se croiser sans rouler lentement. Vos vacances \u00e0 moto dans l&rsquo;Eifel fascineront et inspireront !<\/p>\n<hr>\n<p><img loading=\"lazy\" decoding=\"async\" class=\"size-full wp-image-242 alignleft\" src=\"https:\/\/www.muehlebirgel.de\/wp-content\/uploads\/2009\/04\/motorrad-strecke.jpg\" alt=\"\" width=\"300\" height=\"200\"><\/p>\n<h2>Vacances \u00e0 moto dans l&rsquo;Eifel<\/h2>\n<p>Pour de telles vacances \u00e0 moto dans l&rsquo;Eifel, nous avons des offres sp\u00e9ciales \u00e0 l&rsquo;Eifel-Hotel der Historischen Wasserm\u00fchle. Parlez-nous, nous serons heureux de vous faire une offre.<\/p>\n<hr>\n<p><img loading=\"lazy\" decoding=\"async\" class=\"size-full wp-image-243 alignleft\" src=\"https:\/\/www.muehlebirgel.de\/wp-content\/uploads\/2009\/04\/motorrad-300.jpg\" alt=\"\" width=\"300\" height=\"200\"><\/p>\n<div><\/div>\n<hr>\n<p><img loading=\"lazy\" decoding=\"async\" class=\"size-full wp-image-123 alignleft\" src=\"https:\/\/www.muehlebirgel.de\/wp-content\/uploads\/2009\/04\/ferienhaeuser.jpg\" alt=\"\" width=\"300\" height=\"200\"><\/p>\n<p>&nbsp;<\/p>\n<p><u>Demi-pension sur demande !<\/u><\/p>\n<p>Vous pouvez \u00e9tancher votre faim et votre soif pour la journ\u00e9e au <a href=\"https:\/\/www.muehlebirgel.de\/restaurant-eifel.html\">restaurant \u00ab\u00a0Wirtshaus zum S\u00e4gewerk\u00a0\u00bb<\/a> .<\/p>\n<p>Le tour en moto peut se poursuivre le lendemain avec un copieux petit-d\u00e9jeuner.<\/p>\n<hr>\n<p><img loading=\"lazy\" decoding=\"async\" class=\"size-full wp-image-178 alignleft\" src=\"https:\/\/www.muehlebirgel.de\/wp-content\/uploads\/2009\/04\/muehlenhotel2.jpg\" alt=\"\" width=\"300\" height=\"200\"><\/p>\n<p>Les rues encore inconnues de l&rsquo;Eifel ne laissent rien \u00e0 d\u00e9sirer pour tous les motocyclistes. La saison des motos s&rsquo;ouvre g\u00e9n\u00e9ralement le Vendredi saint et dure jusqu&rsquo;en octobre, selon la m\u00e9t\u00e9o.<\/p>\n<p><strong>Nous serions ravis de vous proposer des offres sp\u00e9ciales pour la demi-pension ou pour le week-end en appelant le 06597-9282-0 ou en utilisant notre <a href=\"https:\/\/www.muehlebirgel.de\/fr\/contacter\">formulaire de contact<\/a> .<\/strong><\/p>\n<hr>\n","protected":false},"excerpt":{"rendered":"<p>Notre h\u00f4tel Eifel \u00e0 Birgel autour du moulin \u00e0 eau historique est le point de d\u00e9part ou la destination id\u00e9ale pour des vacances \u00e0 moto dans l&rsquo;Eifel ! Le tour de l&rsquo;Eifel \u00e0 moto est une exp\u00e9rience sp\u00e9ciale pour tous ceux qui peuvent profiter de leur moto sur des itin\u00e9raires exigeants. Route de l&rsquo;Eifel \u00e0 [&hellip;]<\/p>\n","protected":false},"author":1,"featured_media":0,"parent":9709,"menu_order":20,"comment_status":"closed","ping_status":"closed","template":"","meta":{"footnotes":""},"class_list":["post-9790","page","type-page","status-publish","hentry"],"yoast_head":"<!-- This site is optimized with the Yoast SEO plugin v27.2 - https:\/\/yoast.com\/product\/yoast-seo-wordpress\/ -->\n<title>Tour en moto \u00e0 travers l&#039;Eifel idyllique - Historische Wasserm\u00fchle Birgel<\/title>\n<meta name=\"robots\" content=\"index, follow, max-snippet:-1, max-image-preview:large, max-video-preview:-1\" \/>\n<link rel=\"canonical\" href=\"https:\/\/www.muehlebirgel.de\/fr\/tour-en-moto-a-travers-leifel-idyllique\" \/>\n<meta property=\"og:locale\" content=\"fr_FR\" \/>\n<meta property=\"og:type\" content=\"article\" \/>\n<meta property=\"og:title\" content=\"Tour en moto \u00e0 travers l&#039;Eifel idyllique - Historische Wasserm\u00fchle Birgel\" \/>\n<meta property=\"og:description\" content=\"Notre h\u00f4tel Eifel \u00e0 Birgel autour du moulin \u00e0 eau historique est le point de d\u00e9part ou la destination id\u00e9ale pour des vacances \u00e0 moto dans l&rsquo;Eifel ! Le tour de l&rsquo;Eifel \u00e0 moto est une exp\u00e9rience sp\u00e9ciale pour tous ceux qui peuvent profiter de leur moto sur des itin\u00e9raires exigeants. Route de l&rsquo;Eifel \u00e0 [&hellip;]\" \/>\n<meta property=\"og:url\" content=\"https:\/\/www.muehlebirgel.de\/fr\/tour-en-moto-a-travers-leifel-idyllique\/\" \/>\n<meta property=\"og:site_name\" content=\"Historische Wasserm\u00fchle Birgel\" \/>\n<meta property=\"og:image\" content=\"https:\/\/www.muehlebirgel.de\/wp-content\/uploads\/2009\/04\/motorradfahrer.jpg\" \/>\n<meta name=\"twitter:card\" content=\"summary_large_image\" \/>\n<meta name=\"twitter:label1\" content=\"Dur\u00e9e de lecture estim\u00e9e\" \/>\n\t<meta name=\"twitter:data1\" content=\"1 minute\" \/>\n<script type=\"application\/ld+json\" class=\"yoast-schema-graph\">{\"@context\":\"https:\/\/schema.org\",\"@graph\":[{\"@type\":\"WebPage\",\"@id\":\"https:\/\/www.muehlebirgel.de\/fr\/tour-en-moto-a-travers-leifel-idyllique\",\"url\":\"https:\/\/www.muehlebirgel.de\/fr\/tour-en-moto-a-travers-leifel-idyllique\",\"name\":\"Tour en moto \u00e0 travers l'Eifel idyllique - Historische Wasserm\u00fchle Birgel\",\"isPartOf\":{\"@id\":\"https:\/\/www.muehlebirgel.de\/fr\/#website\"},\"primaryImageOfPage\":{\"@id\":\"https:\/\/www.muehlebirgel.de\/fr\/tour-en-moto-a-travers-leifel-idyllique#primaryimage\"},\"image\":{\"@id\":\"https:\/\/www.muehlebirgel.de\/fr\/tour-en-moto-a-travers-leifel-idyllique#primaryimage\"},\"thumbnailUrl\":\"https:\/\/www.muehlebirgel.de\/wp-content\/uploads\/2009\/04\/motorradfahrer.jpg\",\"datePublished\":\"2021-12-10T14:58:38+00:00\",\"breadcrumb\":{\"@id\":\"https:\/\/www.muehlebirgel.de\/fr\/tour-en-moto-a-travers-leifel-idyllique#breadcrumb\"},\"inLanguage\":\"fr-FR\",\"potentialAction\":[{\"@type\":\"ReadAction\",\"target\":[\"https:\/\/www.muehlebirgel.de\/fr\/tour-en-moto-a-travers-leifel-idyllique\"]}]},{\"@type\":\"ImageObject\",\"inLanguage\":\"fr-FR\",\"@id\":\"https:\/\/www.muehlebirgel.de\/fr\/tour-en-moto-a-travers-leifel-idyllique#primaryimage\",\"url\":\"https:\/\/www.muehlebirgel.de\/wp-content\/uploads\/2009\/04\/motorradfahrer.jpg\",\"contentUrl\":\"https:\/\/www.muehlebirgel.de\/wp-content\/uploads\/2009\/04\/motorradfahrer.jpg\"},{\"@type\":\"BreadcrumbList\",\"@id\":\"https:\/\/www.muehlebirgel.de\/fr\/tour-en-moto-a-travers-leifel-idyllique#breadcrumb\",\"itemListElement\":[{\"@type\":\"ListItem\",\"position\":1,\"name\":\"Startseite\",\"item\":\"https:\/\/www.muehlebirgel.de\/fr\"},{\"@type\":\"ListItem\",\"position\":2,\"name\":\"H\u00e9bergement dans l&#8217;Eifel &#8211; R\u00e9server des vacances dans l&#8217;Eifel volcanique\",\"item\":\"https:\/\/www.muehlebirgel.de\/fr\/uebernachtungen-in-der-eifel\"},{\"@type\":\"ListItem\",\"position\":3,\"name\":\"H\u00f4tel dans l&#8217;Eifel &#8211; Chambres romantiques dans l&#8217;Eifel volcanique\",\"item\":\"https:\/\/www.muehlebirgel.de\/fr\/hotel-romantique-dans-leifel-moulin-a-eau-historique-de-birgel\"},{\"@type\":\"ListItem\",\"position\":4,\"name\":\"Tour en moto \u00e0 travers l&#8217;Eifel idyllique\"}]},{\"@type\":\"WebSite\",\"@id\":\"https:\/\/www.muehlebirgel.de\/fr\/#website\",\"url\":\"https:\/\/www.muehlebirgel.de\/fr\/\",\"name\":\"Historische Wasserm\u00fchle Birgel\",\"description\":\"Willkommen im M\u00fchlen-Erlebniszentrum\",\"potentialAction\":[{\"@type\":\"SearchAction\",\"target\":{\"@type\":\"EntryPoint\",\"urlTemplate\":\"https:\/\/www.muehlebirgel.de\/fr\/?s={search_term_string}\"},\"query-input\":{\"@type\":\"PropertyValueSpecification\",\"valueRequired\":true,\"valueName\":\"search_term_string\"}}],\"inLanguage\":\"fr-FR\"}]}<\/script>\n<!-- \/ Yoast SEO plugin. -->","yoast_head_json":{"title":"Tour en moto \u00e0 travers l'Eifel idyllique - Historische Wasserm\u00fchle Birgel","robots":{"index":"index","follow":"follow","max-snippet":"max-snippet:-1","max-image-preview":"max-image-preview:large","max-video-preview":"max-video-preview:-1"},"canonical":"https:\/\/www.muehlebirgel.de\/fr\/tour-en-moto-a-travers-leifel-idyllique","og_locale":"fr_FR","og_type":"article","og_title":"Tour en moto \u00e0 travers l'Eifel idyllique - Historische Wasserm\u00fchle Birgel","og_description":"Notre h\u00f4tel Eifel \u00e0 Birgel autour du moulin \u00e0 eau historique est le point de d\u00e9part ou la destination id\u00e9ale pour des vacances \u00e0 moto dans l&rsquo;Eifel ! Le tour de l&rsquo;Eifel \u00e0 moto est une exp\u00e9rience sp\u00e9ciale pour tous ceux qui peuvent profiter de leur moto sur des itin\u00e9raires exigeants. Route de l&rsquo;Eifel \u00e0 [&hellip;]","og_url":"https:\/\/www.muehlebirgel.de\/fr\/tour-en-moto-a-travers-leifel-idyllique\/","og_site_name":"Historische Wasserm\u00fchle Birgel","og_image":[{"url":"https:\/\/www.muehlebirgel.de\/wp-content\/uploads\/2009\/04\/motorradfahrer.jpg","type":"","width":"","height":""}],"twitter_card":"summary_large_image","twitter_misc":{"Dur\u00e9e de lecture estim\u00e9e":"1 minute"},"schema":{"@context":"https:\/\/schema.org","@graph":[{"@type":"WebPage","@id":"https:\/\/www.muehlebirgel.de\/fr\/tour-en-moto-a-travers-leifel-idyllique","url":"https:\/\/www.muehlebirgel.de\/fr\/tour-en-moto-a-travers-leifel-idyllique","name":"Tour en moto \u00e0 travers l'Eifel idyllique - Historische Wasserm\u00fchle Birgel","isPartOf":{"@id":"https:\/\/www.muehlebirgel.de\/fr\/#website"},"primaryImageOfPage":{"@id":"https:\/\/www.muehlebirgel.de\/fr\/tour-en-moto-a-travers-leifel-idyllique#primaryimage"},"image":{"@id":"https:\/\/www.muehlebirgel.de\/fr\/tour-en-moto-a-travers-leifel-idyllique#primaryimage"},"thumbnailUrl":"https:\/\/www.muehlebirgel.de\/wp-content\/uploads\/2009\/04\/motorradfahrer.jpg","datePublished":"2021-12-10T14:58:38+00:00","breadcrumb":{"@id":"https:\/\/www.muehlebirgel.de\/fr\/tour-en-moto-a-travers-leifel-idyllique#breadcrumb"},"inLanguage":"fr-FR","potentialAction":[{"@type":"ReadAction","target":["https:\/\/www.muehlebirgel.de\/fr\/tour-en-moto-a-travers-leifel-idyllique"]}]},{"@type":"ImageObject","inLanguage":"fr-FR","@id":"https:\/\/www.muehlebirgel.de\/fr\/tour-en-moto-a-travers-leifel-idyllique#primaryimage","url":"https:\/\/www.muehlebirgel.de\/wp-content\/uploads\/2009\/04\/motorradfahrer.jpg","contentUrl":"https:\/\/www.muehlebirgel.de\/wp-content\/uploads\/2009\/04\/motorradfahrer.jpg"},{"@type":"BreadcrumbList","@id":"https:\/\/www.muehlebirgel.de\/fr\/tour-en-moto-a-travers-leifel-idyllique#breadcrumb","itemListElement":[{"@type":"ListItem","position":1,"name":"Startseite","item":"https:\/\/www.muehlebirgel.de\/fr"},{"@type":"ListItem","position":2,"name":"H\u00e9bergement dans l&#8217;Eifel &#8211; R\u00e9server des vacances dans l&#8217;Eifel volcanique","item":"https:\/\/www.muehlebirgel.de\/fr\/uebernachtungen-in-der-eifel"},{"@type":"ListItem","position":3,"name":"H\u00f4tel dans l&#8217;Eifel &#8211; Chambres romantiques dans l&#8217;Eifel volcanique","item":"https:\/\/www.muehlebirgel.de\/fr\/hotel-romantique-dans-leifel-moulin-a-eau-historique-de-birgel"},{"@type":"ListItem","position":4,"name":"Tour en moto \u00e0 travers l&#8217;Eifel idyllique"}]},{"@type":"WebSite","@id":"https:\/\/www.muehlebirgel.de\/fr\/#website","url":"https:\/\/www.muehlebirgel.de\/fr\/","name":"Historische Wasserm\u00fchle Birgel","description":"Willkommen im M\u00fchlen-Erlebniszentrum","potentialAction":[{"@type":"SearchAction","target":{"@type":"EntryPoint","urlTemplate":"https:\/\/www.muehlebirgel.de\/fr\/?s={search_term_string}"},"query-input":{"@type":"PropertyValueSpecification","valueRequired":true,"valueName":"search_term_string"}}],"inLanguage":"fr-FR"}]}},"_links":{"self":[{"href":"https:\/\/www.muehlebirgel.de\/fr\/wp-json\/wp\/v2\/pages\/9790","targetHints":{"allow":["GET"]}}],"collection":[{"href":"https:\/\/www.muehlebirgel.de\/fr\/wp-json\/wp\/v2\/pages"}],"about":[{"href":"https:\/\/www.muehlebirgel.de\/fr\/wp-json\/wp\/v2\/types\/page"}],"author":[{"embeddable":true,"href":"https:\/\/www.muehlebirgel.de\/fr\/wp-json\/wp\/v2\/users\/1"}],"replies":[{"embeddable":true,"href":"https:\/\/www.muehlebirgel.de\/fr\/wp-json\/wp\/v2\/comments?post=9790"}],"version-history":[{"count":0,"href":"https:\/\/www.muehlebirgel.de\/fr\/wp-json\/wp\/v2\/pages\/9790\/revisions"}],"up":[{"embeddable":true,"href":"https:\/\/www.muehlebirgel.de\/fr\/wp-json\/wp\/v2\/pages\/9709"}],"wp:attachment":[{"href":"https:\/\/www.muehlebirgel.de\/fr\/wp-json\/wp\/v2\/media?parent=9790"}],"curies":[{"name":"wp","href":"https:\/\/api.w.org\/{rel}","templated":true}]}}