{"id":9801,"date":"2021-12-10T14:58:49","date_gmt":"2021-12-10T14:58:49","guid":{"rendered":"https:\/\/www.muehlebirgel.de\/a-propos-du-moulin-a-eau-historique\/restaurant-eifel-moulin-a-eau-historique\/menus-du-moulin-a-eau-historique\/"},"modified":"2026-03-16T09:23:34","modified_gmt":"2026-03-16T08:23:34","slug":"traditionelle-muehlenkarte","status":"publish","type":"page","link":"https:\/\/www.muehlebirgel.de\/fr\/menus-du-moulin-a-eau-historique","title":{"rendered":"Menus du Moulin \u00e0 eau historique"},"content":{"rendered":"\n<p>Consultez <strong>notre carte et savourez nos plats pr\u00e9par\u00e9s avec les meilleurs produits r\u00e9gionaux de l&rsquo;Eifel<\/strong>.<\/p>\n\n<div class=\"wp-block-columns is-layout-flex wp-container-core-columns-is-layout-9d6595d7 wp-block-columns-is-layout-flex\">\n<div class=\"wp-block-column is-layout-flow wp-block-column-is-layout-flow\"><div class=\"wp-block-image\">\n<figure class=\"aligncenter size-full is-resized\"><a href=\"https:\/\/www.muehlebirgel.de\/wp-content\/uploads\/Traditionelle-Muehlenkarte-2025.pdf\"><img loading=\"lazy\" decoding=\"async\" width=\"300\" height=\"200\" src=\"https:\/\/www.muehlebirgel.de\/wp-content\/uploads\/2022\/11\/Weihnachtsgans-Rothkol-Knoedel-300x200-1.jpg\" alt=\"\" class=\"wp-image-14495\" style=\"width:300px\"\/><\/a><\/figure>\n<\/div>\n\n\n<p class=\"has-text-align-center\"><img loading=\"lazy\" decoding=\"async\" width=\"12\" height=\"16\" class=\"wp-image-57434\" style=\"width: 12px;\" src=\"https:\/\/www.muehlebirgel.de\/wp-content\/uploads\/file-icon.png\" alt=\"\"\/> <strong><a href=\"https:\/\/www.muehlebirgel.de\/wp-content\/uploads\/Traditionelle-Muehlenkarte-2025.pdf\" target=\"_blank\" rel=\"noreferrer noopener\">Carte traditionnelle du moulin <\/a><\/strong><br\/>(\u00e0 l&rsquo;auberge de la scierie)<\/p>\n<\/div>\n\n\n\n<div class=\"wp-block-column is-layout-flow wp-block-column-is-layout-flow\"><div class=\"wp-block-image\">\n<figure class=\"aligncenter size-full is-resized\"><a href=\"https:\/\/www.muehlebirgel.de\/wp-content\/uploads\/Vorspeisen-Empfehlung-Kuechenchef-Stand-13.11.2025.pdf\" target=\"_blank\" rel=\" noreferrer noopener\"><img loading=\"lazy\" decoding=\"async\" width=\"300\" height=\"200\" src=\"https:\/\/www.muehlebirgel.de\/wp-content\/uploads\/vorspeise-001.webp\" alt=\"\" class=\"wp-image-52945\" style=\"width:300px\"\/><\/a><\/figure>\n<\/div>\n\n\n<p class=\"has-text-align-center\"><img loading=\"lazy\" decoding=\"async\" width=\"12\" height=\"16\" class=\"wp-image-57434\" style=\"width: 12px;\" src=\"https:\/\/www.muehlebirgel.de\/wp-content\/uploads\/file-icon.png\" alt=\"\"\/> <strong><a href=\"https:\/\/www.muehlebirgel.de\/wp-content\/uploads\/Vorspeisen-Empfehlung-Kuechenchef-Stand-13.11.2025.pdf\">Recommandation d&rsquo;entr\u00e9e du chef de cuisine<\/a><\/strong><br\/>(\u00e0 l&rsquo;auberge de la scierie)<\/p>\n<\/div>\n\n\n\n<div class=\"wp-block-column is-layout-flow wp-block-column-is-layout-flow\"><div class=\"wp-block-image\">\n<figure class=\"aligncenter size-full is-resized\"><img loading=\"lazy\" decoding=\"async\" width=\"2000\" height=\"1333\" src=\"https:\/\/www.muehlebirgel.de\/wp-content\/uploads\/Halbes_Haehnchen_mit_Fritten_1.webp\" alt=\"\" class=\"wp-image-57261\" style=\"object-fit:cover;width:300px;height:200px\" srcset=\"https:\/\/www.muehlebirgel.de\/wp-content\/uploads\/Halbes_Haehnchen_mit_Fritten_1.webp 2000w, https:\/\/www.muehlebirgel.de\/wp-content\/uploads\/Halbes_Haehnchen_mit_Fritten_1-1024x682.webp 1024w, https:\/\/www.muehlebirgel.de\/wp-content\/uploads\/Halbes_Haehnchen_mit_Fritten_1-768x512.webp 768w, https:\/\/www.muehlebirgel.de\/wp-content\/uploads\/Halbes_Haehnchen_mit_Fritten_1-1536x1024.webp 1536w, https:\/\/www.muehlebirgel.de\/wp-content\/uploads\/Halbes_Haehnchen_mit_Fritten_1-640x427.webp 640w, https:\/\/www.muehlebirgel.de\/wp-content\/uploads\/Halbes_Haehnchen_mit_Fritten_1-400x267.webp 400w\" sizes=\"auto, (max-width: 2000px) 100vw, 2000px\" \/><\/figure>\n<\/div>\n\n\n<p class=\"has-text-align-center\"><img loading=\"lazy\" decoding=\"async\" width=\"12\" height=\"16\" class=\"wp-image-57434\" style=\"width: 12px;\" src=\"https:\/\/www.muehlebirgel.de\/wp-content\/uploads\/file-icon.png\" alt=\"\"\/> <strong><strong><a href=\"https:\/\/www.erwinsmuehlenbrauerei.de\/speisekarte\/\" target=\"_blank\" rel=\"noreferrer noopener\">Carte de menu Brauhaus Restaurant- &amp; Brauereibiergarten<\/a><\/strong> <\/strong><br\/><strong>(\u00e0 la <a href=\"https:\/\/www.erwinsmuehlenbrauerei.de\/\" target=\"_blank\" rel=\"noreferrer noopener\">brasserie du moulin d&rsquo;Erwin<\/a>)<a href=\"https:\/\/www.muehlebirgel.de\/wp-content\/uploads\/Traditionelle-Muehlenkarte-2025.pdf\" target=\"_blank\" rel=\"noreferrer noopener\"> <\/a><\/strong> <\/p>\n<\/div>\n<\/div>\n\n<p>Veuillez \u00e9galement consulter nos <a href=\"https:\/\/www.muehlebirgel.de\/fr\/horaires-douvertures\">horaires d&rsquo;ouverture.<\/a><\/p>\n\n<p><\/p>\n","protected":false},"excerpt":{"rendered":"<p>Consultez notre carte et savourez nos plats pr\u00e9par\u00e9s avec les meilleurs produits r\u00e9gionaux de l&rsquo;Eifel. Carte traditionnelle du moulin (\u00e0 l&rsquo;auberge de la scierie) Recommandation d&rsquo;entr\u00e9e du chef de cuisine(\u00e0 l&rsquo;auberge de la scierie) Carte de menu Brauhaus Restaurant- &amp; Brauereibiergarten (\u00e0 la brasserie du moulin d&rsquo;Erwin) Veuillez \u00e9galement consulter nos horaires d&rsquo;ouverture.<\/p>\n","protected":false},"author":1,"featured_media":0,"parent":9693,"menu_order":19,"comment_status":"closed","ping_status":"closed","template":"","meta":{"footnotes":""},"class_list":["post-9801","page","type-page","status-publish","hentry"],"yoast_head":"<!-- This site is optimized with the Yoast SEO plugin v27.2 - https:\/\/yoast.com\/product\/yoast-seo-wordpress\/ -->\n<title>Menus du Moulin \u00e0 eau historique - Historische Wasserm\u00fchle Birgel<\/title>\n<meta name=\"robots\" content=\"index, follow, max-snippet:-1, max-image-preview:large, max-video-preview:-1\" \/>\n<link rel=\"canonical\" href=\"https:\/\/www.muehlebirgel.de\/fr\/menus-du-moulin-a-eau-historique\" \/>\n<meta property=\"og:locale\" content=\"fr_FR\" \/>\n<meta property=\"og:type\" content=\"article\" \/>\n<meta property=\"og:title\" content=\"Menus du Moulin \u00e0 eau historique - Historische Wasserm\u00fchle Birgel\" \/>\n<meta property=\"og:description\" content=\"Consultez notre carte et savourez nos plats pr\u00e9par\u00e9s avec les meilleurs produits r\u00e9gionaux de l&rsquo;Eifel. Carte traditionnelle du moulin (\u00e0 l&rsquo;auberge de la scierie) Recommandation d&rsquo;entr\u00e9e du chef de cuisine(\u00e0 l&rsquo;auberge de la scierie) Carte de menu Brauhaus Restaurant- &amp; Brauereibiergarten (\u00e0 la brasserie du moulin d&rsquo;Erwin) Veuillez \u00e9galement consulter nos horaires d&rsquo;ouverture.\" \/>\n<meta property=\"og:url\" content=\"https:\/\/www.muehlebirgel.de\/fr\/menus-du-moulin-a-eau-historique\/\" \/>\n<meta property=\"og:site_name\" content=\"Historische Wasserm\u00fchle Birgel\" \/>\n<meta property=\"article:modified_time\" content=\"2026-03-16T08:23:34+00:00\" \/>\n<meta property=\"og:image\" content=\"https:\/\/www.muehlebirgel.de\/wp-content\/uploads\/2022\/11\/Weihnachtsgans-Rothkol-Knoedel-300x200-1.jpg\" \/>\n\t<meta property=\"og:image:width\" content=\"300\" \/>\n\t<meta property=\"og:image:height\" content=\"200\" \/>\n\t<meta property=\"og:image:type\" content=\"image\/jpeg\" \/>\n<meta name=\"twitter:card\" content=\"summary_large_image\" \/>\n<script type=\"application\/ld+json\" class=\"yoast-schema-graph\">{\"@context\":\"https:\/\/schema.org\",\"@graph\":[{\"@type\":\"WebPage\",\"@id\":\"https:\/\/www.muehlebirgel.de\/fr\/menus-du-moulin-a-eau-historique\",\"url\":\"https:\/\/www.muehlebirgel.de\/fr\/menus-du-moulin-a-eau-historique\",\"name\":\"Menus du Moulin \u00e0 eau historique - Historische Wasserm\u00fchle Birgel\",\"isPartOf\":{\"@id\":\"https:\/\/www.muehlebirgel.de\/fr\/#website\"},\"primaryImageOfPage\":{\"@id\":\"https:\/\/www.muehlebirgel.de\/fr\/menus-du-moulin-a-eau-historique#primaryimage\"},\"image\":{\"@id\":\"https:\/\/www.muehlebirgel.de\/fr\/menus-du-moulin-a-eau-historique#primaryimage\"},\"thumbnailUrl\":\"https:\/\/www.muehlebirgel.de\/wp-content\/uploads\/2022\/11\/Weihnachtsgans-Rothkol-Knoedel-300x200-1.jpg\",\"datePublished\":\"2021-12-10T14:58:49+00:00\",\"dateModified\":\"2026-03-16T08:23:34+00:00\",\"breadcrumb\":{\"@id\":\"https:\/\/www.muehlebirgel.de\/fr\/menus-du-moulin-a-eau-historique#breadcrumb\"},\"inLanguage\":\"fr-FR\",\"potentialAction\":[{\"@type\":\"ReadAction\",\"target\":[\"https:\/\/www.muehlebirgel.de\/fr\/menus-du-moulin-a-eau-historique\"]}]},{\"@type\":\"ImageObject\",\"inLanguage\":\"fr-FR\",\"@id\":\"https:\/\/www.muehlebirgel.de\/fr\/menus-du-moulin-a-eau-historique#primaryimage\",\"url\":\"https:\/\/www.muehlebirgel.de\/wp-content\/uploads\/2022\/11\/Weihnachtsgans-Rothkol-Knoedel-300x200-1.jpg\",\"contentUrl\":\"https:\/\/www.muehlebirgel.de\/wp-content\/uploads\/2022\/11\/Weihnachtsgans-Rothkol-Knoedel-300x200-1.jpg\"},{\"@type\":\"BreadcrumbList\",\"@id\":\"https:\/\/www.muehlebirgel.de\/fr\/menus-du-moulin-a-eau-historique#breadcrumb\",\"itemListElement\":[{\"@type\":\"ListItem\",\"position\":1,\"name\":\"Startseite\",\"item\":\"https:\/\/www.muehlebirgel.de\/fr\"},{\"@type\":\"ListItem\",\"position\":2,\"name\":\"Restaurant, Biergarten &amp; Eventlocation &#8211; bien manger &amp; faire la f\u00eate dans l&#8217;Eifel\",\"item\":\"https:\/\/www.muehlebirgel.de\/fr\/restaurant-eifel\"},{\"@type\":\"ListItem\",\"position\":3,\"name\":\"Menus du Moulin \u00e0 eau historique\"}]},{\"@type\":\"WebSite\",\"@id\":\"https:\/\/www.muehlebirgel.de\/fr\/#website\",\"url\":\"https:\/\/www.muehlebirgel.de\/fr\/\",\"name\":\"Historische Wasserm\u00fchle Birgel\",\"description\":\"Willkommen im M\u00fchlen-Erlebniszentrum\",\"potentialAction\":[{\"@type\":\"SearchAction\",\"target\":{\"@type\":\"EntryPoint\",\"urlTemplate\":\"https:\/\/www.muehlebirgel.de\/fr\/?s={search_term_string}\"},\"query-input\":{\"@type\":\"PropertyValueSpecification\",\"valueRequired\":true,\"valueName\":\"search_term_string\"}}],\"inLanguage\":\"fr-FR\"}]}<\/script>\n<!-- \/ Yoast SEO plugin. -->","yoast_head_json":{"title":"Menus du Moulin \u00e0 eau historique - Historische Wasserm\u00fchle Birgel","robots":{"index":"index","follow":"follow","max-snippet":"max-snippet:-1","max-image-preview":"max-image-preview:large","max-video-preview":"max-video-preview:-1"},"canonical":"https:\/\/www.muehlebirgel.de\/fr\/menus-du-moulin-a-eau-historique","og_locale":"fr_FR","og_type":"article","og_title":"Menus du Moulin \u00e0 eau historique - Historische Wasserm\u00fchle Birgel","og_description":"Consultez notre carte et savourez nos plats pr\u00e9par\u00e9s avec les meilleurs produits r\u00e9gionaux de l&rsquo;Eifel. Carte traditionnelle du moulin (\u00e0 l&rsquo;auberge de la scierie) Recommandation d&rsquo;entr\u00e9e du chef de cuisine(\u00e0 l&rsquo;auberge de la scierie) Carte de menu Brauhaus Restaurant- &amp; Brauereibiergarten (\u00e0 la brasserie du moulin d&rsquo;Erwin) Veuillez \u00e9galement consulter nos horaires d&rsquo;ouverture.","og_url":"https:\/\/www.muehlebirgel.de\/fr\/menus-du-moulin-a-eau-historique\/","og_site_name":"Historische Wasserm\u00fchle Birgel","article_modified_time":"2026-03-16T08:23:34+00:00","og_image":[{"width":300,"height":200,"url":"https:\/\/www.muehlebirgel.de\/wp-content\/uploads\/2022\/11\/Weihnachtsgans-Rothkol-Knoedel-300x200-1.jpg","type":"image\/jpeg"}],"twitter_card":"summary_large_image","schema":{"@context":"https:\/\/schema.org","@graph":[{"@type":"WebPage","@id":"https:\/\/www.muehlebirgel.de\/fr\/menus-du-moulin-a-eau-historique","url":"https:\/\/www.muehlebirgel.de\/fr\/menus-du-moulin-a-eau-historique","name":"Menus du Moulin \u00e0 eau historique - Historische Wasserm\u00fchle Birgel","isPartOf":{"@id":"https:\/\/www.muehlebirgel.de\/fr\/#website"},"primaryImageOfPage":{"@id":"https:\/\/www.muehlebirgel.de\/fr\/menus-du-moulin-a-eau-historique#primaryimage"},"image":{"@id":"https:\/\/www.muehlebirgel.de\/fr\/menus-du-moulin-a-eau-historique#primaryimage"},"thumbnailUrl":"https:\/\/www.muehlebirgel.de\/wp-content\/uploads\/2022\/11\/Weihnachtsgans-Rothkol-Knoedel-300x200-1.jpg","datePublished":"2021-12-10T14:58:49+00:00","dateModified":"2026-03-16T08:23:34+00:00","breadcrumb":{"@id":"https:\/\/www.muehlebirgel.de\/fr\/menus-du-moulin-a-eau-historique#breadcrumb"},"inLanguage":"fr-FR","potentialAction":[{"@type":"ReadAction","target":["https:\/\/www.muehlebirgel.de\/fr\/menus-du-moulin-a-eau-historique"]}]},{"@type":"ImageObject","inLanguage":"fr-FR","@id":"https:\/\/www.muehlebirgel.de\/fr\/menus-du-moulin-a-eau-historique#primaryimage","url":"https:\/\/www.muehlebirgel.de\/wp-content\/uploads\/2022\/11\/Weihnachtsgans-Rothkol-Knoedel-300x200-1.jpg","contentUrl":"https:\/\/www.muehlebirgel.de\/wp-content\/uploads\/2022\/11\/Weihnachtsgans-Rothkol-Knoedel-300x200-1.jpg"},{"@type":"BreadcrumbList","@id":"https:\/\/www.muehlebirgel.de\/fr\/menus-du-moulin-a-eau-historique#breadcrumb","itemListElement":[{"@type":"ListItem","position":1,"name":"Startseite","item":"https:\/\/www.muehlebirgel.de\/fr"},{"@type":"ListItem","position":2,"name":"Restaurant, Biergarten &amp; Eventlocation &#8211; bien manger &amp; faire la f\u00eate dans l&#8217;Eifel","item":"https:\/\/www.muehlebirgel.de\/fr\/restaurant-eifel"},{"@type":"ListItem","position":3,"name":"Menus du Moulin \u00e0 eau historique"}]},{"@type":"WebSite","@id":"https:\/\/www.muehlebirgel.de\/fr\/#website","url":"https:\/\/www.muehlebirgel.de\/fr\/","name":"Historische Wasserm\u00fchle Birgel","description":"Willkommen im M\u00fchlen-Erlebniszentrum","potentialAction":[{"@type":"SearchAction","target":{"@type":"EntryPoint","urlTemplate":"https:\/\/www.muehlebirgel.de\/fr\/?s={search_term_string}"},"query-input":{"@type":"PropertyValueSpecification","valueRequired":true,"valueName":"search_term_string"}}],"inLanguage":"fr-FR"}]}},"_links":{"self":[{"href":"https:\/\/www.muehlebirgel.de\/fr\/wp-json\/wp\/v2\/pages\/9801","targetHints":{"allow":["GET"]}}],"collection":[{"href":"https:\/\/www.muehlebirgel.de\/fr\/wp-json\/wp\/v2\/pages"}],"about":[{"href":"https:\/\/www.muehlebirgel.de\/fr\/wp-json\/wp\/v2\/types\/page"}],"author":[{"embeddable":true,"href":"https:\/\/www.muehlebirgel.de\/fr\/wp-json\/wp\/v2\/users\/1"}],"replies":[{"embeddable":true,"href":"https:\/\/www.muehlebirgel.de\/fr\/wp-json\/wp\/v2\/comments?post=9801"}],"version-history":[{"count":107,"href":"https:\/\/www.muehlebirgel.de\/fr\/wp-json\/wp\/v2\/pages\/9801\/revisions"}],"predecessor-version":[{"id":63978,"href":"https:\/\/www.muehlebirgel.de\/fr\/wp-json\/wp\/v2\/pages\/9801\/revisions\/63978"}],"up":[{"embeddable":true,"href":"https:\/\/www.muehlebirgel.de\/fr\/wp-json\/wp\/v2\/pages\/9693"}],"wp:attachment":[{"href":"https:\/\/www.muehlebirgel.de\/fr\/wp-json\/wp\/v2\/media?parent=9801"}],"curies":[{"name":"wp","href":"https:\/\/api.w.org\/{rel}","templated":true}]}}