{"id":9802,"date":"2021-12-10T14:58:50","date_gmt":"2021-12-10T14:58:50","guid":{"rendered":"https:\/\/www.muehlebirgel.de\/hotel-romantique-dans-leifel-moulin-a-eau-historique-de-birgel\/vacances-en-famille-dans-leifel\/"},"modified":"2021-12-10T14:58:50","modified_gmt":"2021-12-10T14:58:50","slug":"vacances-en-famille-dans-leifel","status":"publish","type":"page","link":"https:\/\/www.muehlebirgel.de\/fr\/vacances-en-famille-dans-leifel","title":{"rendered":"Vacances en famille dans l&rsquo;Eifel"},"content":{"rendered":"<h2>Passez des vacances mouvement\u00e9es dans l&rsquo;Eifel<\/h2>\n<p><img loading=\"lazy\" decoding=\"async\" class=\"size-full wp-image-184 alignleft\" src=\"https:\/\/www.muehlebirgel.de\/wp-content\/uploads\/2009\/04\/familie-wohnraum.jpg\" alt=\"Eifel Familie Appartement\" width=\"300\" height=\"200\"><\/p>\n<p>L&rsquo;Eifel est une cha\u00eene de montagnes basses de l&rsquo;ouest de l&rsquo;Allemagne et est situ\u00e9e dans un endroit fantastique entre Coblence \u00e0 l&rsquo;est, Aix-la-Chapelle au nord et Tr\u00e8ves au sud.<\/p>\n<p>Il appartient aux montagnes d&rsquo;ardoise rh\u00e9nane et fascine ses visiteurs avec les paysages \u00e0 couper le souffle d&rsquo;un monde volcanique \u00e9teint.<\/p>\n<hr>\n<p><img loading=\"lazy\" decoding=\"async\" class=\"size-full wp-image-180 alignleft\" src=\"https:\/\/www.muehlebirgel.de\/wp-content\/uploads\/2009\/04\/wandern.jpg\" alt=\"Eifel Familie Wandern\" width=\"300\" height=\"200\"><\/p>\n<p>De merveilleuses beaut\u00e9s naturelles, de nombreuses rivi\u00e8res et lacs ainsi qu&rsquo;un m\u00e9lange color\u00e9 d&rsquo;activit\u00e9s de loisirs attrayantes font de l&rsquo;Eifel une destination de vacances populaire pour toute la famille toute l&rsquo;ann\u00e9e. En \u00e9t\u00e9, vous pouvez vous baigner \u00e0 votre guise sur les lacs romantiques, et le \u00ab\u00a0Laacher See\u00a0\u00bb offre un plaisir de conduite particulier avec ses p\u00e9dalos. Quiconque a toujours voulu faire de la voile ou de la plong\u00e9e peut suivre un cours au \u00ab\u00a0Rurstausee\u00a0\u00bb.<\/p>\n<p>Par mauvais temps, les larges toboggans du \u00ab\u00a0Vulkanbad Mendig\u00a0\u00bb garantissent plaisir et action, tandis que le \u00ab\u00a0R\u00f6mer-Therme\u00a0\u00bb de Bad Breising est calme et tranquille. Les familles peuvent se d\u00e9tendre ici avec bien-\u00eatre.<\/p>\n<hr>\n<p><img loading=\"lazy\" decoding=\"async\" class=\"size-full wp-image-254 alignleft\" src=\"https:\/\/www.muehlebirgel.de\/wp-content\/uploads\/2009\/04\/fahrrad-familie-eifel.jpg\" alt=\"\" width=\"300\" height=\"200\"><\/p>\n<p>L&rsquo;Eifel est aussi un eldorado pour les incursions dans la nature. <a href=\"https:\/\/www.muehlebirgel.de\/eifelsteig-300km-wandern-auf-dem-eifelsteig.html\">Le \u00ab\u00a0Eifelsteig\u00a0\u00bb<\/a> m\u00e8ne environ 300 kilom\u00e8tres d&rsquo;Aix-la-Chapelle \u00e0 Tr\u00e8ves et offre des vues fantastiques, de magnifiques formations rocheuses, des vall\u00e9es fluviales idylliques et des paysages intacts le long du chemin.<\/p>\n<p>La r\u00e9gion de l&rsquo;Eifel est aussi un paradis pour <a href=\"https:\/\/www.muehlebirgel.de\/urlaub-mit-hund-eifel.html\">les amoureux des animaux<\/a> . Dans le \u00ab\u00a0Zoo de l&rsquo;Eifel L\u00fcnebach-Pronsfeld\u00a0\u00bb ouvert en 1972, plus de 400 animaux du monde entier ont trouv\u00e9 un nouveau foyer. Comme le parc aux cerfs de Daun, il vaut le d\u00e9tour.<\/p>\n<hr>\n<p><img loading=\"lazy\" decoding=\"async\" class=\"size-full wp-image-124 alignleft\" src=\"https:\/\/www.muehlebirgel.de\/wp-content\/uploads\/2009\/04\/muehlenhotel1.jpg\" alt=\"\" width=\"300\" height=\"200\"><\/p>\n<p>Une attraction sp\u00e9ciale parmi les <a href=\"https:\/\/www.muehlebirgel.de\/ausflugsziele-freizeitmoeglichkeiten-eifel.html\">destinations d&rsquo;excursion dans l&rsquo;Eifel<\/a> est le c\u00e9l\u00e8bre \u00a0\u00bb <a href=\"https:\/\/www.muehlebirgel.de\/nuerburgring-motorsport-gruene-hoelle.html\">N\u00fcrburgring<\/a> \u00ab\u00a0. Le mus\u00e9e de la course automobile et la plus longue piste de karting d&rsquo;Allemagne garantissent une journ\u00e9e de vacances bien remplie. Le \u00ab\u00a0Bubenheimer Spieleland\u00a0\u00bb est tout aussi aventureux. Explorer les montagnes d&rsquo;escalade, les toboggans g\u00e9ants et les trampolines est amusant pour toute la famille.<\/p>\n<hr>\n<p><img loading=\"lazy\" decoding=\"async\" class=\"size-full wp-image-123 alignleft\" src=\"https:\/\/www.muehlebirgel.de\/wp-content\/uploads\/2009\/04\/ferienhaeuser.jpg\" alt=\"\" width=\"300\" height=\"200\"><\/p>\n<p>Quiconque souhaite d\u00e9couvrir l&rsquo;Eifel dans toute sa diversit\u00e9 trouvera la bonne adresse de vacances pour passer la nuit dans le <a href=\"\/\">\u00ab\u00a0Moulin \u00e0 eau historique\u00a0\u00bb \u00e0 Birgel<\/a> . Le quartier du moulin rayonne de <a href=\"https:\/\/www.muehlebirgel.de\/eifel-appartement.html\">maisons \u00e0 colombages romantiques<\/a> et d\u00e9gage un charme d&rsquo;antan. Les enfants et les parents peuvent s&rsquo;\u00e9merveiller devant les <a href=\"https:\/\/www.muehlebirgel.de\/historische-muehle.html\">moulins enti\u00e8rement fonctionnels<\/a> et se r\u00e9jouir de la <a href=\"https:\/\/www.muehlebirgel.de\/restaurant-eifel.html\">bonne nourriture<\/a> apr\u00e8s une belle journ\u00e9e de <a href=\"https:\/\/www.muehlebirgel.de\/urlaub-in-der-eifel.html\">vacances<\/a> .<\/p>\n<p>Le \u00ab\u00a0moulin \u00e0 eau historique\u00a0\u00bb accueille chaleureusement ses h\u00f4tes et est le point de d\u00e9part id\u00e9al pour des <a href=\"https:\/\/www.muehlebirgel.de\/ausflugsziele-freizeitmoeglichkeiten-eifel.html\">excursions d&rsquo;une journ\u00e9e dans l&rsquo;Eifel volcanique passionnant<\/a> .<\/p>\n<hr>\n<p><img loading=\"lazy\" decoding=\"async\" class=\"size-full wp-image-178 alignleft\" src=\"https:\/\/www.muehlebirgel.de\/wp-content\/uploads\/2009\/04\/muehlenhotel2.jpg\" alt=\"\" width=\"300\" height=\"200\"><\/p>\n","protected":false},"excerpt":{"rendered":"<p>Passez des vacances mouvement\u00e9es dans l&rsquo;Eifel L&rsquo;Eifel est une cha\u00eene de montagnes basses de l&rsquo;ouest de l&rsquo;Allemagne et est situ\u00e9e dans un endroit fantastique entre Coblence \u00e0 l&rsquo;est, Aix-la-Chapelle au nord et Tr\u00e8ves au sud. Il appartient aux montagnes d&rsquo;ardoise rh\u00e9nane et fascine ses visiteurs avec les paysages \u00e0 couper le souffle d&rsquo;un monde volcanique [&hellip;]<\/p>\n","protected":false},"author":1,"featured_media":0,"parent":9709,"menu_order":18,"comment_status":"closed","ping_status":"closed","template":"","meta":{"footnotes":""},"class_list":["post-9802","page","type-page","status-publish","hentry"],"yoast_head":"<!-- This site is optimized with the Yoast SEO plugin v27.2 - https:\/\/yoast.com\/product\/yoast-seo-wordpress\/ -->\n<title>Vacances en famille dans l&#039;Eifel - Historische Wasserm\u00fchle Birgel<\/title>\n<meta name=\"robots\" content=\"index, follow, max-snippet:-1, max-image-preview:large, max-video-preview:-1\" \/>\n<link rel=\"canonical\" href=\"https:\/\/www.muehlebirgel.de\/fr\/vacances-en-famille-dans-leifel\" \/>\n<meta property=\"og:locale\" content=\"fr_FR\" \/>\n<meta property=\"og:type\" content=\"article\" \/>\n<meta property=\"og:title\" content=\"Vacances en famille dans l&#039;Eifel - Historische Wasserm\u00fchle Birgel\" \/>\n<meta property=\"og:description\" content=\"Passez des vacances mouvement\u00e9es dans l&rsquo;Eifel L&rsquo;Eifel est une cha\u00eene de montagnes basses de l&rsquo;ouest de l&rsquo;Allemagne et est situ\u00e9e dans un endroit fantastique entre Coblence \u00e0 l&rsquo;est, Aix-la-Chapelle au nord et Tr\u00e8ves au sud. Il appartient aux montagnes d&rsquo;ardoise rh\u00e9nane et fascine ses visiteurs avec les paysages \u00e0 couper le souffle d&rsquo;un monde volcanique [&hellip;]\" \/>\n<meta property=\"og:url\" content=\"https:\/\/www.muehlebirgel.de\/fr\/vacances-en-famille-dans-leifel\/\" \/>\n<meta property=\"og:site_name\" content=\"Historische Wasserm\u00fchle Birgel\" \/>\n<meta property=\"og:image\" content=\"https:\/\/www.muehlebirgel.de\/wp-content\/uploads\/2009\/04\/familie-wohnraum.jpg\" \/>\n<meta name=\"twitter:card\" content=\"summary_large_image\" \/>\n<meta name=\"twitter:label1\" content=\"Dur\u00e9e de lecture estim\u00e9e\" \/>\n\t<meta name=\"twitter:data1\" content=\"2 minutes\" \/>\n<script type=\"application\/ld+json\" class=\"yoast-schema-graph\">{\"@context\":\"https:\/\/schema.org\",\"@graph\":[{\"@type\":\"WebPage\",\"@id\":\"https:\/\/www.muehlebirgel.de\/fr\/vacances-en-famille-dans-leifel\",\"url\":\"https:\/\/www.muehlebirgel.de\/fr\/vacances-en-famille-dans-leifel\",\"name\":\"Vacances en famille dans l'Eifel - Historische Wasserm\u00fchle Birgel\",\"isPartOf\":{\"@id\":\"https:\/\/www.muehlebirgel.de\/fr\/#website\"},\"primaryImageOfPage\":{\"@id\":\"https:\/\/www.muehlebirgel.de\/fr\/vacances-en-famille-dans-leifel#primaryimage\"},\"image\":{\"@id\":\"https:\/\/www.muehlebirgel.de\/fr\/vacances-en-famille-dans-leifel#primaryimage\"},\"thumbnailUrl\":\"https:\/\/www.muehlebirgel.de\/wp-content\/uploads\/2009\/04\/familie-wohnraum.jpg\",\"datePublished\":\"2021-12-10T14:58:50+00:00\",\"breadcrumb\":{\"@id\":\"https:\/\/www.muehlebirgel.de\/fr\/vacances-en-famille-dans-leifel#breadcrumb\"},\"inLanguage\":\"fr-FR\",\"potentialAction\":[{\"@type\":\"ReadAction\",\"target\":[\"https:\/\/www.muehlebirgel.de\/fr\/vacances-en-famille-dans-leifel\"]}]},{\"@type\":\"ImageObject\",\"inLanguage\":\"fr-FR\",\"@id\":\"https:\/\/www.muehlebirgel.de\/fr\/vacances-en-famille-dans-leifel#primaryimage\",\"url\":\"https:\/\/www.muehlebirgel.de\/wp-content\/uploads\/2009\/04\/familie-wohnraum.jpg\",\"contentUrl\":\"https:\/\/www.muehlebirgel.de\/wp-content\/uploads\/2009\/04\/familie-wohnraum.jpg\"},{\"@type\":\"BreadcrumbList\",\"@id\":\"https:\/\/www.muehlebirgel.de\/fr\/vacances-en-famille-dans-leifel#breadcrumb\",\"itemListElement\":[{\"@type\":\"ListItem\",\"position\":1,\"name\":\"Startseite\",\"item\":\"https:\/\/www.muehlebirgel.de\/fr\"},{\"@type\":\"ListItem\",\"position\":2,\"name\":\"H\u00e9bergement dans l&#8217;Eifel &#8211; R\u00e9server des vacances dans l&#8217;Eifel volcanique\",\"item\":\"https:\/\/www.muehlebirgel.de\/fr\/uebernachtungen-in-der-eifel\"},{\"@type\":\"ListItem\",\"position\":3,\"name\":\"H\u00f4tel dans l&#8217;Eifel &#8211; Chambres romantiques dans l&#8217;Eifel volcanique\",\"item\":\"https:\/\/www.muehlebirgel.de\/fr\/hotel-romantique-dans-leifel-moulin-a-eau-historique-de-birgel\"},{\"@type\":\"ListItem\",\"position\":4,\"name\":\"Vacances en famille dans l&#8217;Eifel\"}]},{\"@type\":\"WebSite\",\"@id\":\"https:\/\/www.muehlebirgel.de\/fr\/#website\",\"url\":\"https:\/\/www.muehlebirgel.de\/fr\/\",\"name\":\"Historische Wasserm\u00fchle Birgel\",\"description\":\"Willkommen im M\u00fchlen-Erlebniszentrum\",\"potentialAction\":[{\"@type\":\"SearchAction\",\"target\":{\"@type\":\"EntryPoint\",\"urlTemplate\":\"https:\/\/www.muehlebirgel.de\/fr\/?s={search_term_string}\"},\"query-input\":{\"@type\":\"PropertyValueSpecification\",\"valueRequired\":true,\"valueName\":\"search_term_string\"}}],\"inLanguage\":\"fr-FR\"}]}<\/script>\n<!-- \/ Yoast SEO plugin. -->","yoast_head_json":{"title":"Vacances en famille dans l'Eifel - Historische Wasserm\u00fchle Birgel","robots":{"index":"index","follow":"follow","max-snippet":"max-snippet:-1","max-image-preview":"max-image-preview:large","max-video-preview":"max-video-preview:-1"},"canonical":"https:\/\/www.muehlebirgel.de\/fr\/vacances-en-famille-dans-leifel","og_locale":"fr_FR","og_type":"article","og_title":"Vacances en famille dans l'Eifel - Historische Wasserm\u00fchle Birgel","og_description":"Passez des vacances mouvement\u00e9es dans l&rsquo;Eifel L&rsquo;Eifel est une cha\u00eene de montagnes basses de l&rsquo;ouest de l&rsquo;Allemagne et est situ\u00e9e dans un endroit fantastique entre Coblence \u00e0 l&rsquo;est, Aix-la-Chapelle au nord et Tr\u00e8ves au sud. Il appartient aux montagnes d&rsquo;ardoise rh\u00e9nane et fascine ses visiteurs avec les paysages \u00e0 couper le souffle d&rsquo;un monde volcanique [&hellip;]","og_url":"https:\/\/www.muehlebirgel.de\/fr\/vacances-en-famille-dans-leifel\/","og_site_name":"Historische Wasserm\u00fchle Birgel","og_image":[{"url":"https:\/\/www.muehlebirgel.de\/wp-content\/uploads\/2009\/04\/familie-wohnraum.jpg","type":"","width":"","height":""}],"twitter_card":"summary_large_image","twitter_misc":{"Dur\u00e9e de lecture estim\u00e9e":"2 minutes"},"schema":{"@context":"https:\/\/schema.org","@graph":[{"@type":"WebPage","@id":"https:\/\/www.muehlebirgel.de\/fr\/vacances-en-famille-dans-leifel","url":"https:\/\/www.muehlebirgel.de\/fr\/vacances-en-famille-dans-leifel","name":"Vacances en famille dans l'Eifel - Historische Wasserm\u00fchle Birgel","isPartOf":{"@id":"https:\/\/www.muehlebirgel.de\/fr\/#website"},"primaryImageOfPage":{"@id":"https:\/\/www.muehlebirgel.de\/fr\/vacances-en-famille-dans-leifel#primaryimage"},"image":{"@id":"https:\/\/www.muehlebirgel.de\/fr\/vacances-en-famille-dans-leifel#primaryimage"},"thumbnailUrl":"https:\/\/www.muehlebirgel.de\/wp-content\/uploads\/2009\/04\/familie-wohnraum.jpg","datePublished":"2021-12-10T14:58:50+00:00","breadcrumb":{"@id":"https:\/\/www.muehlebirgel.de\/fr\/vacances-en-famille-dans-leifel#breadcrumb"},"inLanguage":"fr-FR","potentialAction":[{"@type":"ReadAction","target":["https:\/\/www.muehlebirgel.de\/fr\/vacances-en-famille-dans-leifel"]}]},{"@type":"ImageObject","inLanguage":"fr-FR","@id":"https:\/\/www.muehlebirgel.de\/fr\/vacances-en-famille-dans-leifel#primaryimage","url":"https:\/\/www.muehlebirgel.de\/wp-content\/uploads\/2009\/04\/familie-wohnraum.jpg","contentUrl":"https:\/\/www.muehlebirgel.de\/wp-content\/uploads\/2009\/04\/familie-wohnraum.jpg"},{"@type":"BreadcrumbList","@id":"https:\/\/www.muehlebirgel.de\/fr\/vacances-en-famille-dans-leifel#breadcrumb","itemListElement":[{"@type":"ListItem","position":1,"name":"Startseite","item":"https:\/\/www.muehlebirgel.de\/fr"},{"@type":"ListItem","position":2,"name":"H\u00e9bergement dans l&#8217;Eifel &#8211; R\u00e9server des vacances dans l&#8217;Eifel volcanique","item":"https:\/\/www.muehlebirgel.de\/fr\/uebernachtungen-in-der-eifel"},{"@type":"ListItem","position":3,"name":"H\u00f4tel dans l&#8217;Eifel &#8211; Chambres romantiques dans l&#8217;Eifel volcanique","item":"https:\/\/www.muehlebirgel.de\/fr\/hotel-romantique-dans-leifel-moulin-a-eau-historique-de-birgel"},{"@type":"ListItem","position":4,"name":"Vacances en famille dans l&#8217;Eifel"}]},{"@type":"WebSite","@id":"https:\/\/www.muehlebirgel.de\/fr\/#website","url":"https:\/\/www.muehlebirgel.de\/fr\/","name":"Historische Wasserm\u00fchle Birgel","description":"Willkommen im M\u00fchlen-Erlebniszentrum","potentialAction":[{"@type":"SearchAction","target":{"@type":"EntryPoint","urlTemplate":"https:\/\/www.muehlebirgel.de\/fr\/?s={search_term_string}"},"query-input":{"@type":"PropertyValueSpecification","valueRequired":true,"valueName":"search_term_string"}}],"inLanguage":"fr-FR"}]}},"_links":{"self":[{"href":"https:\/\/www.muehlebirgel.de\/fr\/wp-json\/wp\/v2\/pages\/9802","targetHints":{"allow":["GET"]}}],"collection":[{"href":"https:\/\/www.muehlebirgel.de\/fr\/wp-json\/wp\/v2\/pages"}],"about":[{"href":"https:\/\/www.muehlebirgel.de\/fr\/wp-json\/wp\/v2\/types\/page"}],"author":[{"embeddable":true,"href":"https:\/\/www.muehlebirgel.de\/fr\/wp-json\/wp\/v2\/users\/1"}],"replies":[{"embeddable":true,"href":"https:\/\/www.muehlebirgel.de\/fr\/wp-json\/wp\/v2\/comments?post=9802"}],"version-history":[{"count":0,"href":"https:\/\/www.muehlebirgel.de\/fr\/wp-json\/wp\/v2\/pages\/9802\/revisions"}],"up":[{"embeddable":true,"href":"https:\/\/www.muehlebirgel.de\/fr\/wp-json\/wp\/v2\/pages\/9709"}],"wp:attachment":[{"href":"https:\/\/www.muehlebirgel.de\/fr\/wp-json\/wp\/v2\/media?parent=9802"}],"curies":[{"name":"wp","href":"https:\/\/api.w.org\/{rel}","templated":true}]}}