{"id":9805,"date":"2021-12-10T14:58:54","date_gmt":"2021-12-10T14:58:54","guid":{"rendered":"https:\/\/www.muehlebirgel.de\/celebrez-votre-mariage-dans-leifel\/"},"modified":"2025-05-05T14:11:11","modified_gmt":"2025-05-05T12:11:11","slug":"mariage-in-der-eifel-feiern","status":"publish","type":"page","link":"https:\/\/www.muehlebirgel.de\/fr\/celebrez-votre-mariage-dans-leifel","title":{"rendered":"C\u00e9l\u00e9brez votre mariage dans l&rsquo;Eifel"},"content":{"rendered":"\n<h2 class=\"wp-block-heading\">Se marier dans un cadre historique !<\/h2>\n\n<p>Pour que le bonheur se concr\u00e9tise d\u00e8s le premier jour, tous les sens, et en particulier l&rsquo;esprit positif, doivent jouer un r\u00f4le essentiel dans cette \u00e9tape importante de la vie. Nous y contribuons particuli\u00e8rement avec nos <a href=\"https:\/\/www.muehlebirgel.de\/historische-muehle.html\">locaux<\/a>. <\/p>\n\n<p>Si vous d\u00e9couvrez ensuite les d\u00e9lices gastronomiques de notre cuisine \u00ab\u00a0Le Moulin\u00a0\u00bb, qu&rsquo;il s&rsquo;agisse d&rsquo;un menu ou de la table historique du moulin, ce sera une journ\u00e9e bien remplie et heureuse pour vous deux et vos invit\u00e9s.<\/p>\n\n<figure class=\"wp-block-embed is-type-video is-provider-youtube wp-block-embed-youtube wp-embed-aspect-16-9 wp-has-aspect-ratio\"><div class=\"wp-block-embed__wrapper\">\n<iframe loading=\"lazy\" title=\"Freie Trauung in der Eifel\" width=\"1140\" height=\"641\" src=\"https:\/\/www.youtube.com\/embed\/_oME3u2Bcvc?feature=oembed\" frameborder=\"0\" allow=\"accelerometer; autoplay; clipboard-write; encrypted-media; gyroscope; picture-in-picture; web-share\" referrerpolicy=\"strict-origin-when-cross-origin\" allowfullscreen><\/iframe>\n<\/div><\/figure>\n\n<div class=\"wp-block-columns is-layout-flex wp-container-core-columns-is-layout-9d6595d7 wp-block-columns-is-layout-flex\">\n<div class=\"wp-block-column is-vertically-aligned-center is-layout-flow wp-block-column-is-layout-flow\">\n<h2 class=\"wp-block-heading\">Bureau d&rsquo;\u00e9tat civil dans l&rsquo;Eifel<\/h2>\n\n\n\n<p>Sur le site du moulin \u00e0 eau historique se trouve le bureau de l&rsquo;\u00e9tat civil de Birgel Birgel\/succursale de la Haute Kyll. Vous y d\u00e9couvrirez la mani\u00e8re affectueuse et la gentillesse de notre officier d&rsquo;\u00e9tat civil Karin Jaax. Si vous d\u00e9gustez ensuite nos d\u00e9licatesses et sp\u00e9cialit\u00e9s r\u00e9gionales de la cuisine &#8211; que ce soit sous forme de buffet, de menu ou de la soir\u00e9e K\u00f6lsche M\u00fchlen &#8211; ce sera un jour inoubliable et heureux pour les mari\u00e9s et leurs invit\u00e9s.<\/p>\n\n\n\n<p><a href=\"https:\/\/www.muehlebirgel.de\/fr\/bureau-detat-civil-eifel-mariage-dans-un-vrai-moulin\">En savoir plus&#8230;<\/a><\/p>\n<\/div>\n\n\n\n<div class=\"wp-block-column is-layout-flow wp-block-column-is-layout-flow\">\n<figure class=\"wp-block-image size-large\"><img loading=\"lazy\" decoding=\"async\" width=\"1024\" height=\"683\" src=\"https:\/\/www.muehlebirgel.de\/wp-content\/uploads\/2023\/06\/2023-05-13_SimoneJuergen_04320-1024x683.jpg\" alt=\"\" class=\"wp-image-27869\" srcset=\"https:\/\/www.muehlebirgel.de\/wp-content\/uploads\/2023\/06\/2023-05-13_SimoneJuergen_04320-1024x683.jpg 1024w, https:\/\/www.muehlebirgel.de\/wp-content\/uploads\/2023\/06\/2023-05-13_SimoneJuergen_04320-768x512.jpg 768w, https:\/\/www.muehlebirgel.de\/wp-content\/uploads\/2023\/06\/2023-05-13_SimoneJuergen_04320-640x427.jpg 640w, https:\/\/www.muehlebirgel.de\/wp-content\/uploads\/2023\/06\/2023-05-13_SimoneJuergen_04320-400x267.jpg 400w\" sizes=\"auto, (max-width: 1024px) 100vw, 1024px\" \/><\/figure>\n<\/div>\n<\/div>\n\n<div class=\"wp-block-columns is-layout-flex wp-container-core-columns-is-layout-9d6595d7 wp-block-columns-is-layout-flex\">\n<div class=\"wp-block-column is-vertically-aligned-center is-layout-flow wp-block-column-is-layout-flow\">\n<h2 class=\"wp-block-heading\">Se marier dans l&rsquo;Eifel &#8211; le d\u00e9roulement<\/h2>\n\n\n\n<p>Sur le site du moulin \u00e0 eau historique se trouve le <a href=\"https:\/\/www.muehlebirgel.de\/standesamt-eifel-muehle.html\">bureau de l&rsquo;\u00e9tat civil de Birgel Birgel\/succursale de la Haute Kyll<\/a>. Vous y d\u00e9couvrirez la mani\u00e8re affectueuse et la gentillesse de notre officier d&rsquo;\u00e9tat civil Karin Jaax. Si vous d\u00e9gustez ensuite nos d\u00e9licatesses et nos sp\u00e9cialit\u00e9s r\u00e9gionales de la cuisine &#8211; que ce soit sous forme de buffet, de menu ou de <a href=\"https:\/\/www.muehlebirgel.de\/fr\/diner-et-celebrer-historiquement\">soir\u00e9e \u00ab\u00a0K\u00f6lsche M\u00fchlen<\/a> \u00a0\u00bb &#8211; ce sera un jour inoubliable et heureux pour les mari\u00e9s et leurs invit\u00e9s.<\/p>\n\n\n\n<p><a href=\"https:\/\/www.muehlebirgel.de\/fr\/se-marier-dans-leifel-le-processus\">En savoir plus&#8230;<\/a><\/p>\n<\/div>\n\n\n\n<div class=\"wp-block-column is-layout-flow wp-block-column-is-layout-flow\">\n<figure class=\"wp-block-image size-large\"><img loading=\"lazy\" decoding=\"async\" width=\"1024\" height=\"684\" src=\"https:\/\/www.muehlebirgel.de\/wp-content\/uploads\/gold-wedding-rings-as-an-attribute-1024x684.jpg\" alt=\"anneaux de mariage en or comme attribut\" class=\"wp-image-55060\" srcset=\"https:\/\/www.muehlebirgel.de\/wp-content\/uploads\/gold-wedding-rings-as-an-attribute-1024x684.jpg 1024w, https:\/\/www.muehlebirgel.de\/wp-content\/uploads\/gold-wedding-rings-as-an-attribute-768x513.jpg 768w, https:\/\/www.muehlebirgel.de\/wp-content\/uploads\/gold-wedding-rings-as-an-attribute-640x427.jpg 640w, https:\/\/www.muehlebirgel.de\/wp-content\/uploads\/gold-wedding-rings-as-an-attribute-400x267.jpg 400w\" sizes=\"auto, (max-width: 1024px) 100vw, 1024px\" \/><\/figure>\n<\/div>\n<\/div>\n\n<div class=\"wp-block-columns is-layout-flex wp-container-core-columns-is-layout-9d6595d7 wp-block-columns-is-layout-flex\">\n<div class=\"wp-block-column is-vertically-aligned-center is-layout-flow wp-block-column-is-layout-flow\">\n<h2 class=\"wp-block-heading\">R\u00e9cits de mariage et exp\u00e9riences personnelles de \u00ab\u00a0nos\u00a0\u00bb mari\u00e9s<\/h2>\n\n\n\n<p>Lisez ici <a href=\"https:\/\/www.muehlebirgel.de\/hochzeitsberichte-aus-der-wassermuehle.html\">les r\u00e9cits de mariage de quelques couples s\u00e9lectionn\u00e9s !<\/a> Vous vous \u00eates d\u00e9j\u00e0 mari\u00e9 chez nous ? Dans ce cas, nous serions tr\u00e8s heureux de recevoir votre <a href=\"https:\/\/www.muehlebirgel.de\/referenzen.html\">rapport de mariage<\/a> personnel ! <a href=\"\/360grad\/festsaal.html\" target=\"_blank\" rel=\"noreferrer noopener\">Images panoramiques \u00e0 360\u00b0 de la salle de f\u00eate &gt;&gt;<\/a> (dans une nouvelle fen\u00eatre)<\/p>\n\n\n\n<p><a href=\"https:\/\/www.muehlebirgel.de\/fr\/bureau-detat-civil-eifel-mariage-dans-un-vrai-moulin\">En savoir plus&#8230;<\/a><\/p>\n<\/div>\n\n\n\n<div class=\"wp-block-column is-layout-flow wp-block-column-is-layout-flow\">\n<figure class=\"wp-block-image size-full\"><img loading=\"lazy\" decoding=\"async\" width=\"800\" height=\"532\" src=\"https:\/\/www.muehlebirgel.de\/wp-content\/uploads\/2013\/08\/christina-aaron-1.jpg\" alt=\"Le mariage de Christine et Aaron\" class=\"wp-image-503\" srcset=\"https:\/\/www.muehlebirgel.de\/wp-content\/uploads\/2013\/08\/christina-aaron-1.jpg 800w, https:\/\/www.muehlebirgel.de\/wp-content\/uploads\/2013\/08\/christina-aaron-1-600x399.jpg 600w, https:\/\/www.muehlebirgel.de\/wp-content\/uploads\/2013\/08\/christina-aaron-1-768x511.jpg 768w, https:\/\/www.muehlebirgel.de\/wp-content\/uploads\/2013\/08\/christina-aaron-1-640x426.jpg 640w, https:\/\/www.muehlebirgel.de\/wp-content\/uploads\/2013\/08\/christina-aaron-1-400x266.jpg 400w, https:\/\/www.muehlebirgel.de\/wp-content\/uploads\/2013\/08\/christina-aaron-1-367x244.jpg 367w\" sizes=\"auto, (max-width: 800px) 100vw, 800px\" \/><\/figure>\n<\/div>\n<\/div>\n\n<div class=\"wp-block-columns is-layout-flex wp-container-core-columns-is-layout-9d6595d7 wp-block-columns-is-layout-flex\">\n<div class=\"wp-block-column is-layout-flow wp-block-column-is-layout-flow\">\n<h2 class=\"wp-block-heading\">Mariage gratuit dans l&rsquo;Eifel<\/h2>\n\n\n\n<p>Il existe de nombreuses raisons pour lesquelles les couples ne peuvent pas c\u00e9l\u00e9brer un mariage \u00e0 l&rsquo;\u00e9glise. Un mariage gratuit est choisi si, par exemple, un mariage religieux ne peut plus \u00eatre c\u00e9l\u00e9br\u00e9 pour des raisons religieuses ou si vous appartenez \u00e0 des religions diff\u00e9rentes. Outre les mariages religieux, nous proposons donc \u00e9galement des mariages libres dans le moulin \u00e0 eau historique.  <a href=\"http:\/\/www.freie-trauung-eifel.de\/\" target=\"_blank\" rel=\"noreferrer noopener\">En savoir plus sur notre offre de mariage libre !<\/a><\/p>\n<\/div>\n\n\n\n<div class=\"wp-block-column is-layout-flow wp-block-column-is-layout-flow\"><div class=\"wp-block-image\">\n<figure class=\"aligncenter size-full\"><img loading=\"lazy\" decoding=\"async\" width=\"340\" height=\"156\" src=\"https:\/\/www.muehlebirgel.de\/wp-content\/uploads\/2009\/04\/freie-trauung-eifel.jpg\" alt=\"Standesbeamtin Eifel Karin Jaax\" class=\"wp-image-169\"\/><figcaption class=\"wp-element-caption\">Standesbeamtin Eifel Karin Jaax<\/figcaption><\/figure>\n<\/div><\/div>\n<\/div>\n\n<p><\/p>\n","protected":false},"excerpt":{"rendered":"<p>Se marier dans un cadre historique ! Pour que le bonheur se concr\u00e9tise d\u00e8s le premier jour, tous les sens, et en particulier l&rsquo;esprit positif, doivent jouer un r\u00f4le essentiel dans cette \u00e9tape importante de la vie. Nous y contribuons particuli\u00e8rement avec nos locaux. Si vous d\u00e9couvrez ensuite les d\u00e9lices gastronomiques de notre cuisine \u00ab\u00a0Le [&hellip;]<\/p>\n","protected":false},"author":1,"featured_media":0,"parent":0,"menu_order":7,"comment_status":"closed","ping_status":"closed","template":"","meta":{"footnotes":""},"class_list":["post-9805","page","type-page","status-publish","hentry"],"yoast_head":"<!-- This site is optimized with the Yoast SEO plugin v27.2 - https:\/\/yoast.com\/product\/yoast-seo-wordpress\/ -->\n<title>C\u00e9l\u00e9brez votre mariage dans l&#039;Eifel - Historische Wasserm\u00fchle Birgel<\/title>\n<meta name=\"description\" content=\"C\u00e9l\u00e9brez un mariage inoubliable sur la balustrade du moulin \u00e0 eau historique. Nous vous soutenons de la planification jusqu&#039;\u00e0 la lune de miel !\" \/>\n<meta name=\"robots\" content=\"index, follow, max-snippet:-1, max-image-preview:large, max-video-preview:-1\" \/>\n<link rel=\"canonical\" href=\"https:\/\/www.muehlebirgel.de\/fr\/celebrez-votre-mariage-dans-leifel\" \/>\n<meta property=\"og:locale\" content=\"fr_FR\" \/>\n<meta property=\"og:type\" content=\"article\" \/>\n<meta property=\"og:title\" content=\"C\u00e9l\u00e9brez votre mariage dans l&#039;Eifel - Historische Wasserm\u00fchle Birgel\" \/>\n<meta property=\"og:description\" content=\"C\u00e9l\u00e9brez un mariage inoubliable sur la balustrade du moulin \u00e0 eau historique. Nous vous soutenons de la planification jusqu&#039;\u00e0 la lune de miel !\" \/>\n<meta property=\"og:url\" content=\"https:\/\/www.muehlebirgel.de\/fr\/celebrez-votre-mariage-dans-leifel\/\" \/>\n<meta property=\"og:site_name\" content=\"Historische Wasserm\u00fchle Birgel\" \/>\n<meta property=\"article:modified_time\" content=\"2025-05-05T12:11:11+00:00\" \/>\n<meta property=\"og:image\" content=\"https:\/\/www.muehlebirgel.de\/wp-content\/uploads\/2023\/06\/2023-05-13_SimoneJuergen_04320.jpg\" \/>\n\t<meta property=\"og:image:width\" content=\"2000\" \/>\n\t<meta property=\"og:image:height\" content=\"1334\" \/>\n\t<meta property=\"og:image:type\" content=\"image\/jpeg\" \/>\n<meta name=\"twitter:card\" content=\"summary_large_image\" \/>\n<meta name=\"twitter:label1\" content=\"Dur\u00e9e de lecture estim\u00e9e\" \/>\n\t<meta name=\"twitter:data1\" content=\"2 minutes\" \/>\n<script type=\"application\/ld+json\" class=\"yoast-schema-graph\">{\"@context\":\"https:\/\/schema.org\",\"@graph\":[{\"@type\":\"WebPage\",\"@id\":\"https:\/\/www.muehlebirgel.de\/fr\/celebrez-votre-mariage-dans-leifel\",\"url\":\"https:\/\/www.muehlebirgel.de\/fr\/celebrez-votre-mariage-dans-leifel\",\"name\":\"C\u00e9l\u00e9brez votre mariage dans l'Eifel - Historische Wasserm\u00fchle Birgel\",\"isPartOf\":{\"@id\":\"https:\/\/www.muehlebirgel.de\/fr\/#website\"},\"primaryImageOfPage\":{\"@id\":\"https:\/\/www.muehlebirgel.de\/fr\/celebrez-votre-mariage-dans-leifel#primaryimage\"},\"image\":{\"@id\":\"https:\/\/www.muehlebirgel.de\/fr\/celebrez-votre-mariage-dans-leifel#primaryimage\"},\"thumbnailUrl\":\"https:\/\/www.muehlebirgel.de\/wp-content\/uploads\/2023\/06\/2023-05-13_SimoneJuergen_04320-1024x683.jpg\",\"datePublished\":\"2021-12-10T14:58:54+00:00\",\"dateModified\":\"2025-05-05T12:11:11+00:00\",\"description\":\"C\u00e9l\u00e9brez un mariage inoubliable sur la balustrade du moulin \u00e0 eau historique. Nous vous soutenons de la planification jusqu'\u00e0 la lune de miel !\",\"breadcrumb\":{\"@id\":\"https:\/\/www.muehlebirgel.de\/fr\/celebrez-votre-mariage-dans-leifel#breadcrumb\"},\"inLanguage\":\"fr-FR\",\"potentialAction\":[{\"@type\":\"ReadAction\",\"target\":[\"https:\/\/www.muehlebirgel.de\/fr\/celebrez-votre-mariage-dans-leifel\"]}]},{\"@type\":\"ImageObject\",\"inLanguage\":\"fr-FR\",\"@id\":\"https:\/\/www.muehlebirgel.de\/fr\/celebrez-votre-mariage-dans-leifel#primaryimage\",\"url\":\"https:\/\/www.muehlebirgel.de\/wp-content\/uploads\/2023\/06\/2023-05-13_SimoneJuergen_04320-1024x683.jpg\",\"contentUrl\":\"https:\/\/www.muehlebirgel.de\/wp-content\/uploads\/2023\/06\/2023-05-13_SimoneJuergen_04320-1024x683.jpg\"},{\"@type\":\"BreadcrumbList\",\"@id\":\"https:\/\/www.muehlebirgel.de\/fr\/celebrez-votre-mariage-dans-leifel#breadcrumb\",\"itemListElement\":[{\"@type\":\"ListItem\",\"position\":1,\"name\":\"Startseite\",\"item\":\"https:\/\/www.muehlebirgel.de\/fr\"},{\"@type\":\"ListItem\",\"position\":2,\"name\":\"C\u00e9l\u00e9brez votre mariage dans l&#8217;Eifel\"}]},{\"@type\":\"WebSite\",\"@id\":\"https:\/\/www.muehlebirgel.de\/fr\/#website\",\"url\":\"https:\/\/www.muehlebirgel.de\/fr\/\",\"name\":\"Historische Wasserm\u00fchle Birgel\",\"description\":\"Willkommen im M\u00fchlen-Erlebniszentrum\",\"potentialAction\":[{\"@type\":\"SearchAction\",\"target\":{\"@type\":\"EntryPoint\",\"urlTemplate\":\"https:\/\/www.muehlebirgel.de\/fr\/?s={search_term_string}\"},\"query-input\":{\"@type\":\"PropertyValueSpecification\",\"valueRequired\":true,\"valueName\":\"search_term_string\"}}],\"inLanguage\":\"fr-FR\"}]}<\/script>\n<!-- \/ Yoast SEO plugin. -->","yoast_head_json":{"title":"C\u00e9l\u00e9brez votre mariage dans l'Eifel - Historische Wasserm\u00fchle Birgel","description":"C\u00e9l\u00e9brez un mariage inoubliable sur la balustrade du moulin \u00e0 eau historique. Nous vous soutenons de la planification jusqu'\u00e0 la lune de miel !","robots":{"index":"index","follow":"follow","max-snippet":"max-snippet:-1","max-image-preview":"max-image-preview:large","max-video-preview":"max-video-preview:-1"},"canonical":"https:\/\/www.muehlebirgel.de\/fr\/celebrez-votre-mariage-dans-leifel","og_locale":"fr_FR","og_type":"article","og_title":"C\u00e9l\u00e9brez votre mariage dans l'Eifel - Historische Wasserm\u00fchle Birgel","og_description":"C\u00e9l\u00e9brez un mariage inoubliable sur la balustrade du moulin \u00e0 eau historique. Nous vous soutenons de la planification jusqu'\u00e0 la lune de miel !","og_url":"https:\/\/www.muehlebirgel.de\/fr\/celebrez-votre-mariage-dans-leifel\/","og_site_name":"Historische Wasserm\u00fchle Birgel","article_modified_time":"2025-05-05T12:11:11+00:00","og_image":[{"width":2000,"height":1334,"url":"https:\/\/www.muehlebirgel.de\/wp-content\/uploads\/2023\/06\/2023-05-13_SimoneJuergen_04320.jpg","type":"image\/jpeg"}],"twitter_card":"summary_large_image","twitter_misc":{"Dur\u00e9e de lecture estim\u00e9e":"2 minutes"},"schema":{"@context":"https:\/\/schema.org","@graph":[{"@type":"WebPage","@id":"https:\/\/www.muehlebirgel.de\/fr\/celebrez-votre-mariage-dans-leifel","url":"https:\/\/www.muehlebirgel.de\/fr\/celebrez-votre-mariage-dans-leifel","name":"C\u00e9l\u00e9brez votre mariage dans l'Eifel - Historische Wasserm\u00fchle Birgel","isPartOf":{"@id":"https:\/\/www.muehlebirgel.de\/fr\/#website"},"primaryImageOfPage":{"@id":"https:\/\/www.muehlebirgel.de\/fr\/celebrez-votre-mariage-dans-leifel#primaryimage"},"image":{"@id":"https:\/\/www.muehlebirgel.de\/fr\/celebrez-votre-mariage-dans-leifel#primaryimage"},"thumbnailUrl":"https:\/\/www.muehlebirgel.de\/wp-content\/uploads\/2023\/06\/2023-05-13_SimoneJuergen_04320-1024x683.jpg","datePublished":"2021-12-10T14:58:54+00:00","dateModified":"2025-05-05T12:11:11+00:00","description":"C\u00e9l\u00e9brez un mariage inoubliable sur la balustrade du moulin \u00e0 eau historique. Nous vous soutenons de la planification jusqu'\u00e0 la lune de miel !","breadcrumb":{"@id":"https:\/\/www.muehlebirgel.de\/fr\/celebrez-votre-mariage-dans-leifel#breadcrumb"},"inLanguage":"fr-FR","potentialAction":[{"@type":"ReadAction","target":["https:\/\/www.muehlebirgel.de\/fr\/celebrez-votre-mariage-dans-leifel"]}]},{"@type":"ImageObject","inLanguage":"fr-FR","@id":"https:\/\/www.muehlebirgel.de\/fr\/celebrez-votre-mariage-dans-leifel#primaryimage","url":"https:\/\/www.muehlebirgel.de\/wp-content\/uploads\/2023\/06\/2023-05-13_SimoneJuergen_04320-1024x683.jpg","contentUrl":"https:\/\/www.muehlebirgel.de\/wp-content\/uploads\/2023\/06\/2023-05-13_SimoneJuergen_04320-1024x683.jpg"},{"@type":"BreadcrumbList","@id":"https:\/\/www.muehlebirgel.de\/fr\/celebrez-votre-mariage-dans-leifel#breadcrumb","itemListElement":[{"@type":"ListItem","position":1,"name":"Startseite","item":"https:\/\/www.muehlebirgel.de\/fr"},{"@type":"ListItem","position":2,"name":"C\u00e9l\u00e9brez votre mariage dans l&#8217;Eifel"}]},{"@type":"WebSite","@id":"https:\/\/www.muehlebirgel.de\/fr\/#website","url":"https:\/\/www.muehlebirgel.de\/fr\/","name":"Historische Wasserm\u00fchle Birgel","description":"Willkommen im M\u00fchlen-Erlebniszentrum","potentialAction":[{"@type":"SearchAction","target":{"@type":"EntryPoint","urlTemplate":"https:\/\/www.muehlebirgel.de\/fr\/?s={search_term_string}"},"query-input":{"@type":"PropertyValueSpecification","valueRequired":true,"valueName":"search_term_string"}}],"inLanguage":"fr-FR"}]}},"_links":{"self":[{"href":"https:\/\/www.muehlebirgel.de\/fr\/wp-json\/wp\/v2\/pages\/9805","targetHints":{"allow":["GET"]}}],"collection":[{"href":"https:\/\/www.muehlebirgel.de\/fr\/wp-json\/wp\/v2\/pages"}],"about":[{"href":"https:\/\/www.muehlebirgel.de\/fr\/wp-json\/wp\/v2\/types\/page"}],"author":[{"embeddable":true,"href":"https:\/\/www.muehlebirgel.de\/fr\/wp-json\/wp\/v2\/users\/1"}],"replies":[{"embeddable":true,"href":"https:\/\/www.muehlebirgel.de\/fr\/wp-json\/wp\/v2\/comments?post=9805"}],"version-history":[{"count":31,"href":"https:\/\/www.muehlebirgel.de\/fr\/wp-json\/wp\/v2\/pages\/9805\/revisions"}],"predecessor-version":[{"id":55202,"href":"https:\/\/www.muehlebirgel.de\/fr\/wp-json\/wp\/v2\/pages\/9805\/revisions\/55202"}],"wp:attachment":[{"href":"https:\/\/www.muehlebirgel.de\/fr\/wp-json\/wp\/v2\/media?parent=9805"}],"curies":[{"name":"wp","href":"https:\/\/api.w.org\/{rel}","templated":true}]}}