{"id":9820,"date":"2021-12-10T14:59:09","date_gmt":"2021-12-10T14:59:09","guid":{"rendered":"https:\/\/www.muehlebirgel.de\/journee-aventure-dans-leifel\/programme-aventure-dans-leifel\/"},"modified":"2023-03-28T14:48:29","modified_gmt":"2023-03-28T13:48:29","slug":"erlebnisprogramm-in-der-eifel","status":"publish","type":"page","link":"https:\/\/www.muehlebirgel.de\/fr\/programme-aventure-dans-leifel","title":{"rendered":"Programme aventure dans l&rsquo;Eifel"},"content":{"rendered":"<h2>Le programme d&rsquo;exp\u00e9rience du moulin \u00e0 eau historique pour les f\u00eates d&rsquo;entreprise et de famille, les groupes de s\u00e9minaires<\/h2>\n<h2>\u00c9v\u00e9nements et incentives dans l&rsquo;Eifel<\/h2>\n<p><img loading=\"lazy\" decoding=\"async\" class=\"size-full wp-image-282 alignleft\" src=\"https:\/\/www.muehlebirgel.de\/wp-content\/uploads\/2009\/04\/quad-eifel-feldweg.jpg\" alt=\"Quad Fahren Betriebsausflug\" width=\"300\" height=\"200\"><\/p>\n<h3>Conduite en quad &#8211; le tour chaud sur le volcan<\/h3>\n<p>En balade sur les plus belles routes secondaires de l&rsquo;Eifel. Id\u00e9al pour les d\u00e9butants et aussi pour les professionnels ! &#8211; Vous serez accompagn\u00e9s par des guides exp\u00e9riment\u00e9s ! Des forfaits individuels peuvent \u00eatre assembl\u00e9s!<\/p>\n<hr>\n<p><img loading=\"lazy\" decoding=\"async\" class=\"size-full wp-image-283 alignleft\" src=\"https:\/\/www.muehlebirgel.de\/wp-content\/uploads\/2009\/04\/boschi.jpg\" alt=\"Bogenschiessen\" width=\"300\" height=\"200\"><\/p>\n<h3>Tir \u00e0 l&rsquo;arc<\/h3>\n<p>Vous serez pris en charge par un personnel qualifi\u00e9 et instruit \u00e0 l&rsquo;utilisation des arcs et des fl\u00e8ches. Ainsi, chaque tir est assur\u00e9 de faire mouche.<\/p>\n<p>Plus d&rsquo;informations et r\u00e9servation directement via notre partenaire <a href=\"http:\/\/www.gero-quad.de\/\" target=\"_blank\" rel=\"noopener noreferrer\">www.gero-quad.de<\/a><\/p>\n<hr>\n<p><img loading=\"lazy\" decoding=\"async\" class=\"size-full wp-image-247 alignleft\" src=\"https:\/\/www.muehlebirgel.de\/wp-content\/uploads\/2009\/04\/Kanu.jpg\" alt=\"\" width=\"300\" height=\"200\"><\/p>\n<h3>Exp\u00e9riences en plein air et exp\u00e9riences limites<\/h3>\n<p>Par exemple, journ\u00e9e d&rsquo;initiation \u00e0 l&rsquo;escalade sur le Hustley, exploration de grottes \u00e0 Gerolsteiner Land, cours d&rsquo;\u00e9quipe en plein air, survie apr\u00e8s les \u00e9l\u00e9ments<\/p>\n<h3>randonn\u00e9es<strong> <\/strong><\/h3>\n<p>aux curiosit\u00e9s du Vulkaneifel, z. B. jardins volcaniques, carri\u00e8res d\u00e9saffect\u00e9es, cascades, grottes de glace, etc.<br \/>\n<a href=\"https:\/\/www.muehlebirgel.de\/wandern-eifel.html\">Plus d&rsquo;information &gt;&gt;<\/a><\/p>\n<hr>\n<p><img loading=\"lazy\" decoding=\"async\" class=\"size-full wp-image-284 alignleft\" src=\"https:\/\/www.muehlebirgel.de\/wp-content\/uploads\/2009\/04\/Steinbruch.jpg\" alt=\"\" width=\"300\" height=\"200\"><\/p>\n<h3><strong>Performances des images<\/strong><\/h3>\n<p>con\u00e7u par le Dr. Christof Breidenich ( <a href=\"http:\/\/www.breidenich.de\/\" target=\"_blank\" rel=\"noopener noreferrer\">www.breidenich.de<\/a> )<\/p>\n<hr>\n<p><img loading=\"lazy\" decoding=\"async\" class=\" size-full wp-image-135\" src=\"https:\/\/www.muehlebirgel.de\/wp-content\/uploads\/2009\/04\/NW.jpg\" alt=\"\" width=\"300\" height=\"200\"><\/p>\n<p><img loading=\"lazy\" decoding=\"async\" class=\" size-full wp-image-285\" src=\"https:\/\/www.muehlebirgel.de\/wp-content\/uploads\/2009\/04\/NW2.jpg\" alt=\"\" width=\"300\" height=\"200\"><\/p>\n<p><img loading=\"lazy\" decoding=\"async\" class=\" size-full wp-image-112\" src=\"https:\/\/www.muehlebirgel.de\/wp-content\/uploads\/2009\/04\/Eifel2.jpg\" alt=\"\" width=\"300\" height=\"200\"><\/p>\n<p><strong>Autres offres du programme d&rsquo;aventure du moulin \u00e0 eau historique<\/strong><\/p>\n<ul>\n<li><a title=\"Backkurs und Senfkurs im Romantikhotel\" href=\"https:\/\/www.muehlebirgel.de\/backkurs-und-senfkurs-im-romantikhotel.html\">Cours de p\u00e2tisserie et moutarde<\/a><\/li>\n<li><a title=\"Betriebsausflug\" href=\"https:\/\/www.muehlebirgel.de\/betriebsausflug-eifel.html\">Sortie d&rsquo;entreprise dans l&rsquo;Eifel<\/a><\/li>\n<li><a title=\"Eifel week-end cocooning\" href=\"https:\/\/www.muehlebirgel.de\/eifel-verwoehnwochenende.html\">Week-end d\u00e9tente dans l&rsquo;Eifel<\/a><\/li>\n<li><a title=\"Erlebnistag in der M\u00fchle\" href=\"https:\/\/www.muehlebirgel.de\/erlebnistag-eifel.html\">Journ\u00e9e aventure dans l&rsquo;Eifel<\/a><\/li>\n<li><a title=\"Seniorenausflug\" href=\"https:\/\/www.muehlebirgel.de\/seniorenausflug-die-eifel.html\">Seniorenausflug<\/a><\/li>\n<li><a title=\"Hochzeit in der Eifel\" href=\"https:\/\/www.muehlebirgel.de\/hochzeit-eifel.html\">Mariage au moulin<\/a><\/li>\n<li><a title=\"M\u00fchlen-Aktiv-Programm\" href=\"https:\/\/www.muehlebirgel.de\/muehlen-aktiv-programm.html\">M\u00fchlen-Aktiv-Programm<\/a><\/li>\n<li><a title=\"M\u00fchlenspektakel\" href=\"https:\/\/www.muehlebirgel.de\/muehlenspektakel.html\">M\u00fchlenspektakel<\/a><\/li>\n<li><a title=\"Unterhaltungsprogramm\" href=\"https:\/\/www.muehlebirgel.de\/unterhaltungsprogramm.html\">Unterhaltungsprogramm<\/a><strong><br \/>\n<\/strong><\/li>\n<\/ul>\n","protected":false},"excerpt":{"rendered":"<p>Le programme d&rsquo;exp\u00e9rience du moulin \u00e0 eau historique pour les f\u00eates d&rsquo;entreprise et de famille, les groupes de s\u00e9minaires \u00c9v\u00e9nements et incentives dans l&rsquo;Eifel Conduite en quad &#8211; le tour chaud sur le volcan En balade sur les plus belles routes secondaires de l&rsquo;Eifel. Id\u00e9al pour les d\u00e9butants et aussi pour les professionnels ! &#8211; [&hellip;]<\/p>\n","protected":false},"author":1,"featured_media":0,"parent":9816,"menu_order":1,"comment_status":"closed","ping_status":"closed","template":"","meta":{"footnotes":""},"class_list":["post-9820","page","type-page","status-publish","hentry"],"yoast_head":"<!-- This site is optimized with the Yoast SEO plugin v27.2 - https:\/\/yoast.com\/product\/yoast-seo-wordpress\/ -->\n<title>Programme aventure dans l&#039;Eifel - Historische Wasserm\u00fchle Birgel<\/title>\n<meta name=\"robots\" content=\"index, follow, max-snippet:-1, max-image-preview:large, max-video-preview:-1\" \/>\n<link rel=\"canonical\" href=\"https:\/\/www.muehlebirgel.de\/fr\/programme-aventure-dans-leifel\" \/>\n<meta property=\"og:locale\" content=\"fr_FR\" \/>\n<meta property=\"og:type\" content=\"article\" \/>\n<meta property=\"og:title\" content=\"Programme aventure dans l&#039;Eifel - Historische Wasserm\u00fchle Birgel\" \/>\n<meta property=\"og:description\" content=\"Le programme d&rsquo;exp\u00e9rience du moulin \u00e0 eau historique pour les f\u00eates d&rsquo;entreprise et de famille, les groupes de s\u00e9minaires \u00c9v\u00e9nements et incentives dans l&rsquo;Eifel Conduite en quad &#8211; le tour chaud sur le volcan En balade sur les plus belles routes secondaires de l&rsquo;Eifel. Id\u00e9al pour les d\u00e9butants et aussi pour les professionnels ! &#8211; [&hellip;]\" \/>\n<meta property=\"og:url\" content=\"https:\/\/www.muehlebirgel.de\/fr\/programme-aventure-dans-leifel\/\" \/>\n<meta property=\"og:site_name\" content=\"Historische Wasserm\u00fchle Birgel\" \/>\n<meta property=\"article:modified_time\" content=\"2023-03-28T13:48:29+00:00\" \/>\n<meta property=\"og:image\" content=\"https:\/\/www.muehlebirgel.de\/wp-content\/uploads\/2009\/04\/quad-eifel-feldweg.jpg\" \/>\n<meta name=\"twitter:card\" content=\"summary_large_image\" \/>\n<meta name=\"twitter:label1\" content=\"Dur\u00e9e de lecture estim\u00e9e\" \/>\n\t<meta name=\"twitter:data1\" content=\"1 minute\" \/>\n<script type=\"application\/ld+json\" class=\"yoast-schema-graph\">{\"@context\":\"https:\/\/schema.org\",\"@graph\":[{\"@type\":\"WebPage\",\"@id\":\"https:\/\/www.muehlebirgel.de\/fr\/programme-aventure-dans-leifel\",\"url\":\"https:\/\/www.muehlebirgel.de\/fr\/programme-aventure-dans-leifel\",\"name\":\"Programme aventure dans l'Eifel - Historische Wasserm\u00fchle Birgel\",\"isPartOf\":{\"@id\":\"https:\/\/www.muehlebirgel.de\/fr\/#website\"},\"primaryImageOfPage\":{\"@id\":\"https:\/\/www.muehlebirgel.de\/fr\/programme-aventure-dans-leifel#primaryimage\"},\"image\":{\"@id\":\"https:\/\/www.muehlebirgel.de\/fr\/programme-aventure-dans-leifel#primaryimage\"},\"thumbnailUrl\":\"https:\/\/www.muehlebirgel.de\/wp-content\/uploads\/2009\/04\/quad-eifel-feldweg.jpg\",\"datePublished\":\"2021-12-10T14:59:09+00:00\",\"dateModified\":\"2023-03-28T13:48:29+00:00\",\"breadcrumb\":{\"@id\":\"https:\/\/www.muehlebirgel.de\/fr\/programme-aventure-dans-leifel#breadcrumb\"},\"inLanguage\":\"fr-FR\",\"potentialAction\":[{\"@type\":\"ReadAction\",\"target\":[\"https:\/\/www.muehlebirgel.de\/fr\/programme-aventure-dans-leifel\"]}]},{\"@type\":\"ImageObject\",\"inLanguage\":\"fr-FR\",\"@id\":\"https:\/\/www.muehlebirgel.de\/fr\/programme-aventure-dans-leifel#primaryimage\",\"url\":\"https:\/\/www.muehlebirgel.de\/wp-content\/uploads\/2009\/04\/quad-eifel-feldweg.jpg\",\"contentUrl\":\"https:\/\/www.muehlebirgel.de\/wp-content\/uploads\/2009\/04\/quad-eifel-feldweg.jpg\"},{\"@type\":\"BreadcrumbList\",\"@id\":\"https:\/\/www.muehlebirgel.de\/fr\/programme-aventure-dans-leifel#breadcrumb\",\"itemListElement\":[{\"@type\":\"ListItem\",\"position\":1,\"name\":\"Startseite\",\"item\":\"https:\/\/www.muehlebirgel.de\/fr\"},{\"@type\":\"ListItem\",\"position\":2,\"name\":\"Journ\u00e9e aventure dans l&#8217;Eifel\",\"item\":\"https:\/\/www.muehlebirgel.de\/fr\/journee-aventure-dans-leifel\"},{\"@type\":\"ListItem\",\"position\":3,\"name\":\"Programme aventure dans l&#8217;Eifel\"}]},{\"@type\":\"WebSite\",\"@id\":\"https:\/\/www.muehlebirgel.de\/fr\/#website\",\"url\":\"https:\/\/www.muehlebirgel.de\/fr\/\",\"name\":\"Historische Wasserm\u00fchle Birgel\",\"description\":\"Willkommen im M\u00fchlen-Erlebniszentrum\",\"potentialAction\":[{\"@type\":\"SearchAction\",\"target\":{\"@type\":\"EntryPoint\",\"urlTemplate\":\"https:\/\/www.muehlebirgel.de\/fr\/?s={search_term_string}\"},\"query-input\":{\"@type\":\"PropertyValueSpecification\",\"valueRequired\":true,\"valueName\":\"search_term_string\"}}],\"inLanguage\":\"fr-FR\"}]}<\/script>\n<!-- \/ Yoast SEO plugin. -->","yoast_head_json":{"title":"Programme aventure dans l'Eifel - Historische Wasserm\u00fchle Birgel","robots":{"index":"index","follow":"follow","max-snippet":"max-snippet:-1","max-image-preview":"max-image-preview:large","max-video-preview":"max-video-preview:-1"},"canonical":"https:\/\/www.muehlebirgel.de\/fr\/programme-aventure-dans-leifel","og_locale":"fr_FR","og_type":"article","og_title":"Programme aventure dans l'Eifel - Historische Wasserm\u00fchle Birgel","og_description":"Le programme d&rsquo;exp\u00e9rience du moulin \u00e0 eau historique pour les f\u00eates d&rsquo;entreprise et de famille, les groupes de s\u00e9minaires \u00c9v\u00e9nements et incentives dans l&rsquo;Eifel Conduite en quad &#8211; le tour chaud sur le volcan En balade sur les plus belles routes secondaires de l&rsquo;Eifel. Id\u00e9al pour les d\u00e9butants et aussi pour les professionnels ! &#8211; [&hellip;]","og_url":"https:\/\/www.muehlebirgel.de\/fr\/programme-aventure-dans-leifel\/","og_site_name":"Historische Wasserm\u00fchle Birgel","article_modified_time":"2023-03-28T13:48:29+00:00","og_image":[{"url":"https:\/\/www.muehlebirgel.de\/wp-content\/uploads\/2009\/04\/quad-eifel-feldweg.jpg","type":"","width":"","height":""}],"twitter_card":"summary_large_image","twitter_misc":{"Dur\u00e9e de lecture estim\u00e9e":"1 minute"},"schema":{"@context":"https:\/\/schema.org","@graph":[{"@type":"WebPage","@id":"https:\/\/www.muehlebirgel.de\/fr\/programme-aventure-dans-leifel","url":"https:\/\/www.muehlebirgel.de\/fr\/programme-aventure-dans-leifel","name":"Programme aventure dans l'Eifel - Historische Wasserm\u00fchle Birgel","isPartOf":{"@id":"https:\/\/www.muehlebirgel.de\/fr\/#website"},"primaryImageOfPage":{"@id":"https:\/\/www.muehlebirgel.de\/fr\/programme-aventure-dans-leifel#primaryimage"},"image":{"@id":"https:\/\/www.muehlebirgel.de\/fr\/programme-aventure-dans-leifel#primaryimage"},"thumbnailUrl":"https:\/\/www.muehlebirgel.de\/wp-content\/uploads\/2009\/04\/quad-eifel-feldweg.jpg","datePublished":"2021-12-10T14:59:09+00:00","dateModified":"2023-03-28T13:48:29+00:00","breadcrumb":{"@id":"https:\/\/www.muehlebirgel.de\/fr\/programme-aventure-dans-leifel#breadcrumb"},"inLanguage":"fr-FR","potentialAction":[{"@type":"ReadAction","target":["https:\/\/www.muehlebirgel.de\/fr\/programme-aventure-dans-leifel"]}]},{"@type":"ImageObject","inLanguage":"fr-FR","@id":"https:\/\/www.muehlebirgel.de\/fr\/programme-aventure-dans-leifel#primaryimage","url":"https:\/\/www.muehlebirgel.de\/wp-content\/uploads\/2009\/04\/quad-eifel-feldweg.jpg","contentUrl":"https:\/\/www.muehlebirgel.de\/wp-content\/uploads\/2009\/04\/quad-eifel-feldweg.jpg"},{"@type":"BreadcrumbList","@id":"https:\/\/www.muehlebirgel.de\/fr\/programme-aventure-dans-leifel#breadcrumb","itemListElement":[{"@type":"ListItem","position":1,"name":"Startseite","item":"https:\/\/www.muehlebirgel.de\/fr"},{"@type":"ListItem","position":2,"name":"Journ\u00e9e aventure dans l&#8217;Eifel","item":"https:\/\/www.muehlebirgel.de\/fr\/journee-aventure-dans-leifel"},{"@type":"ListItem","position":3,"name":"Programme aventure dans l&#8217;Eifel"}]},{"@type":"WebSite","@id":"https:\/\/www.muehlebirgel.de\/fr\/#website","url":"https:\/\/www.muehlebirgel.de\/fr\/","name":"Historische Wasserm\u00fchle Birgel","description":"Willkommen im M\u00fchlen-Erlebniszentrum","potentialAction":[{"@type":"SearchAction","target":{"@type":"EntryPoint","urlTemplate":"https:\/\/www.muehlebirgel.de\/fr\/?s={search_term_string}"},"query-input":{"@type":"PropertyValueSpecification","valueRequired":true,"valueName":"search_term_string"}}],"inLanguage":"fr-FR"}]}},"_links":{"self":[{"href":"https:\/\/www.muehlebirgel.de\/fr\/wp-json\/wp\/v2\/pages\/9820","targetHints":{"allow":["GET"]}}],"collection":[{"href":"https:\/\/www.muehlebirgel.de\/fr\/wp-json\/wp\/v2\/pages"}],"about":[{"href":"https:\/\/www.muehlebirgel.de\/fr\/wp-json\/wp\/v2\/types\/page"}],"author":[{"embeddable":true,"href":"https:\/\/www.muehlebirgel.de\/fr\/wp-json\/wp\/v2\/users\/1"}],"replies":[{"embeddable":true,"href":"https:\/\/www.muehlebirgel.de\/fr\/wp-json\/wp\/v2\/comments?post=9820"}],"version-history":[{"count":1,"href":"https:\/\/www.muehlebirgel.de\/fr\/wp-json\/wp\/v2\/pages\/9820\/revisions"}],"predecessor-version":[{"id":25517,"href":"https:\/\/www.muehlebirgel.de\/fr\/wp-json\/wp\/v2\/pages\/9820\/revisions\/25517"}],"up":[{"embeddable":true,"href":"https:\/\/www.muehlebirgel.de\/fr\/wp-json\/wp\/v2\/pages\/9816"}],"wp:attachment":[{"href":"https:\/\/www.muehlebirgel.de\/fr\/wp-json\/wp\/v2\/media?parent=9820"}],"curies":[{"name":"wp","href":"https:\/\/api.w.org\/{rel}","templated":true}]}}