{"id":9829,"date":"2021-12-10T14:59:17","date_gmt":"2021-12-10T14:59:17","guid":{"rendered":"https:\/\/www.muehlebirgel.de\/hotel-romantique-dans-leifel-moulin-a-eau-historique-de-birgel\/nuerburgring-le-sport-automobile-dans-lenfer-vert\/"},"modified":"2021-12-10T14:59:17","modified_gmt":"2021-12-10T14:59:17","slug":"nuerburgring-le-sport-automobile-dans-lenfer-vert","status":"publish","type":"page","link":"https:\/\/www.muehlebirgel.de\/fr\/nuerburgring-le-sport-automobile-dans-lenfer-vert","title":{"rendered":"N\u00fcrburgring &#8211; Le sport automobile dans l&rsquo;enfer vert"},"content":{"rendered":"<p><img loading=\"lazy\" decoding=\"async\" class=\"size-full wp-image-333 alignleft\" src=\"https:\/\/www.muehlebirgel.de\/wp-content\/uploads\/2010\/03\/UNBENANNT_65.jpg\" alt=\"Wasserm\u00fchle Motorsport\" width=\"300\" height=\"200\"><\/p>\n<p>La piste de course traditionnelle du N\u00fcrburgring dans l&rsquo;Eifel n&rsquo;a \u00e9t\u00e9 que r\u00e9cemment r\u00e9nov\u00e9e et impressionne par de nombreux points forts spectaculaires. Le N\u00fcrburgring se trouve \u00e0 seulement 25 minutes en voiture du moulin \u00e0 eau historique et vous offre la possibilit\u00e9 de conduire votre propre v\u00e9hicule \u00e0 travers la c\u00e9l\u00e8bre Nordschleife et de ressentir le sentiment d&rsquo;une vraie course.<\/p>\n<p>Les travaux de r\u00e9novation du N\u00fcrburgring ont \u00e9t\u00e9 achev\u00e9s \u00e0 la mi-2009 et offrent aux fans de sport automobile int\u00e9ress\u00e9s un aper\u00e7u approfondi du monde de la Formule 1 et des autres cat\u00e9gories de sport automobile.<\/p>\n<hr>\n<p><img loading=\"lazy\" decoding=\"async\" class=\"size-full wp-image-334 alignleft\" src=\"https:\/\/www.muehlebirgel.de\/wp-content\/uploads\/2010\/03\/nueburgring-kurve.jpg\" alt=\"N\u00fcrburgring Kurve\" width=\"300\" height=\"200\"><\/p>\n<hr>\n<p><img loading=\"lazy\" decoding=\"async\" class=\"size-full wp-image-335 alignleft\" src=\"https:\/\/www.muehlebirgel.de\/wp-content\/uploads\/2010\/03\/nueburgring-oldtimer.jpg\" alt=\"N\u00fcrburgring Oldtimer\" width=\"300\" height=\"167\"><\/p>\n<p>Si vous visitez le monde de l&rsquo;aventure du N\u00fcrburgring dans votre propre voiture, vous pouvez parcourir tout le parcours comme vous le souhaitez. Une sensation s&rsquo;y est r\u00e9cemment ajout\u00e9e : l&rsquo;enfer vert. Il vous offre tout pour des activit\u00e9s de loisirs passionnantes, qui vont d&rsquo;une ambiance de brasserie chaleureuse \u00e0 un bar sportif, une d\u00e9licieuse cuisine dans le steak house et des danses vives dans la discoth\u00e8que.<\/p>\n<hr>\n<p><img loading=\"lazy\" decoding=\"async\" class=\"size-full wp-image-336 alignleft\" src=\"https:\/\/www.muehlebirgel.de\/wp-content\/uploads\/2010\/03\/nueburgring-lenkrad.jpg\" alt=\"N\u00fcrburgring Lenkrad\" width=\"300\" height=\"200\"><\/p>\n<p>Apr\u00e8s avoir termin\u00e9 cette aventure unique et remplie d&rsquo;adr\u00e9naline, le corps et l&rsquo;esprit peuvent \u00eatre calm\u00e9s dans le <a href=\"https:\/\/www.muehlebirgel.de\/historische-muehle.html\">moulin \u00e0 eau historique<\/a> imm\u00e9diatement apr\u00e8s leur retour. Le silence qui r\u00e8gne ici vous permet de vous ressourcer. L&#8217;emplacement particuli\u00e8rement calme de l&rsquo; <a href=\"https:\/\/www.muehlebirgel.de\/eifel-hotel.html\">h\u00f4tel<\/a> vous offre le plaisir extraordinaire de <a href=\"https:\/\/www.muehlebirgel.de\/restaurant-eifel.html\">la cuisine locale<\/a> et le charme d&rsquo;antan. Cela se refl\u00e8te de mani\u00e8re particuli\u00e8re dans l&rsquo;ensemble des locaux sans rien perdre du confort.<\/p>\n","protected":false},"excerpt":{"rendered":"<p>La piste de course traditionnelle du N\u00fcrburgring dans l&rsquo;Eifel n&rsquo;a \u00e9t\u00e9 que r\u00e9cemment r\u00e9nov\u00e9e et impressionne par de nombreux points forts spectaculaires. Le N\u00fcrburgring se trouve \u00e0 seulement 25 minutes en voiture du moulin \u00e0 eau historique et vous offre la possibilit\u00e9 de conduire votre propre v\u00e9hicule \u00e0 travers la c\u00e9l\u00e8bre Nordschleife et de ressentir [&hellip;]<\/p>\n","protected":false},"author":1,"featured_media":0,"parent":9709,"menu_order":21,"comment_status":"closed","ping_status":"closed","template":"","meta":{"footnotes":""},"class_list":["post-9829","page","type-page","status-publish","hentry"],"yoast_head":"<!-- This site is optimized with the Yoast SEO plugin v27.2 - https:\/\/yoast.com\/product\/yoast-seo-wordpress\/ -->\n<title>N\u00fcrburgring - Le sport automobile dans l&#039;enfer vert - Historische Wasserm\u00fchle Birgel<\/title>\n<meta name=\"robots\" content=\"index, follow, max-snippet:-1, max-image-preview:large, max-video-preview:-1\" \/>\n<link rel=\"canonical\" href=\"https:\/\/www.muehlebirgel.de\/fr\/nuerburgring-le-sport-automobile-dans-lenfer-vert\" \/>\n<meta property=\"og:locale\" content=\"fr_FR\" \/>\n<meta property=\"og:type\" content=\"article\" \/>\n<meta property=\"og:title\" content=\"N\u00fcrburgring - Le sport automobile dans l&#039;enfer vert - Historische Wasserm\u00fchle Birgel\" \/>\n<meta property=\"og:description\" content=\"La piste de course traditionnelle du N\u00fcrburgring dans l&rsquo;Eifel n&rsquo;a \u00e9t\u00e9 que r\u00e9cemment r\u00e9nov\u00e9e et impressionne par de nombreux points forts spectaculaires. Le N\u00fcrburgring se trouve \u00e0 seulement 25 minutes en voiture du moulin \u00e0 eau historique et vous offre la possibilit\u00e9 de conduire votre propre v\u00e9hicule \u00e0 travers la c\u00e9l\u00e8bre Nordschleife et de ressentir [&hellip;]\" \/>\n<meta property=\"og:url\" content=\"https:\/\/www.muehlebirgel.de\/fr\/nuerburgring-le-sport-automobile-dans-lenfer-vert\/\" \/>\n<meta property=\"og:site_name\" content=\"Historische Wasserm\u00fchle Birgel\" \/>\n<meta property=\"og:image\" content=\"https:\/\/www.muehlebirgel.de\/wp-content\/uploads\/2010\/03\/UNBENANNT_65.jpg\" \/>\n<meta name=\"twitter:card\" content=\"summary_large_image\" \/>\n<meta name=\"twitter:label1\" content=\"Dur\u00e9e de lecture estim\u00e9e\" \/>\n\t<meta name=\"twitter:data1\" content=\"1 minute\" \/>\n<script type=\"application\/ld+json\" class=\"yoast-schema-graph\">{\"@context\":\"https:\/\/schema.org\",\"@graph\":[{\"@type\":\"WebPage\",\"@id\":\"https:\/\/www.muehlebirgel.de\/fr\/nuerburgring-le-sport-automobile-dans-lenfer-vert\",\"url\":\"https:\/\/www.muehlebirgel.de\/fr\/nuerburgring-le-sport-automobile-dans-lenfer-vert\",\"name\":\"N\u00fcrburgring - Le sport automobile dans l'enfer vert - Historische Wasserm\u00fchle Birgel\",\"isPartOf\":{\"@id\":\"https:\/\/www.muehlebirgel.de\/fr\/#website\"},\"primaryImageOfPage\":{\"@id\":\"https:\/\/www.muehlebirgel.de\/fr\/nuerburgring-le-sport-automobile-dans-lenfer-vert#primaryimage\"},\"image\":{\"@id\":\"https:\/\/www.muehlebirgel.de\/fr\/nuerburgring-le-sport-automobile-dans-lenfer-vert#primaryimage\"},\"thumbnailUrl\":\"https:\/\/www.muehlebirgel.de\/wp-content\/uploads\/2010\/03\/UNBENANNT_65.jpg\",\"datePublished\":\"2021-12-10T14:59:17+00:00\",\"breadcrumb\":{\"@id\":\"https:\/\/www.muehlebirgel.de\/fr\/nuerburgring-le-sport-automobile-dans-lenfer-vert#breadcrumb\"},\"inLanguage\":\"fr-FR\",\"potentialAction\":[{\"@type\":\"ReadAction\",\"target\":[\"https:\/\/www.muehlebirgel.de\/fr\/nuerburgring-le-sport-automobile-dans-lenfer-vert\"]}]},{\"@type\":\"ImageObject\",\"inLanguage\":\"fr-FR\",\"@id\":\"https:\/\/www.muehlebirgel.de\/fr\/nuerburgring-le-sport-automobile-dans-lenfer-vert#primaryimage\",\"url\":\"https:\/\/www.muehlebirgel.de\/wp-content\/uploads\/2010\/03\/UNBENANNT_65.jpg\",\"contentUrl\":\"https:\/\/www.muehlebirgel.de\/wp-content\/uploads\/2010\/03\/UNBENANNT_65.jpg\"},{\"@type\":\"BreadcrumbList\",\"@id\":\"https:\/\/www.muehlebirgel.de\/fr\/nuerburgring-le-sport-automobile-dans-lenfer-vert#breadcrumb\",\"itemListElement\":[{\"@type\":\"ListItem\",\"position\":1,\"name\":\"Startseite\",\"item\":\"https:\/\/www.muehlebirgel.de\/fr\"},{\"@type\":\"ListItem\",\"position\":2,\"name\":\"H\u00e9bergement dans l&#8217;Eifel &#8211; R\u00e9server des vacances dans l&#8217;Eifel volcanique\",\"item\":\"https:\/\/www.muehlebirgel.de\/fr\/uebernachtungen-in-der-eifel\"},{\"@type\":\"ListItem\",\"position\":3,\"name\":\"H\u00f4tel dans l&#8217;Eifel &#8211; Chambres romantiques dans l&#8217;Eifel volcanique\",\"item\":\"https:\/\/www.muehlebirgel.de\/fr\/hotel-romantique-dans-leifel-moulin-a-eau-historique-de-birgel\"},{\"@type\":\"ListItem\",\"position\":4,\"name\":\"N\u00fcrburgring &#8211; Le sport automobile dans l&#8217;enfer vert\"}]},{\"@type\":\"WebSite\",\"@id\":\"https:\/\/www.muehlebirgel.de\/fr\/#website\",\"url\":\"https:\/\/www.muehlebirgel.de\/fr\/\",\"name\":\"Historische Wasserm\u00fchle Birgel\",\"description\":\"Willkommen im M\u00fchlen-Erlebniszentrum\",\"potentialAction\":[{\"@type\":\"SearchAction\",\"target\":{\"@type\":\"EntryPoint\",\"urlTemplate\":\"https:\/\/www.muehlebirgel.de\/fr\/?s={search_term_string}\"},\"query-input\":{\"@type\":\"PropertyValueSpecification\",\"valueRequired\":true,\"valueName\":\"search_term_string\"}}],\"inLanguage\":\"fr-FR\"}]}<\/script>\n<!-- \/ Yoast SEO plugin. -->","yoast_head_json":{"title":"N\u00fcrburgring - Le sport automobile dans l'enfer vert - Historische Wasserm\u00fchle Birgel","robots":{"index":"index","follow":"follow","max-snippet":"max-snippet:-1","max-image-preview":"max-image-preview:large","max-video-preview":"max-video-preview:-1"},"canonical":"https:\/\/www.muehlebirgel.de\/fr\/nuerburgring-le-sport-automobile-dans-lenfer-vert","og_locale":"fr_FR","og_type":"article","og_title":"N\u00fcrburgring - Le sport automobile dans l'enfer vert - Historische Wasserm\u00fchle Birgel","og_description":"La piste de course traditionnelle du N\u00fcrburgring dans l&rsquo;Eifel n&rsquo;a \u00e9t\u00e9 que r\u00e9cemment r\u00e9nov\u00e9e et impressionne par de nombreux points forts spectaculaires. Le N\u00fcrburgring se trouve \u00e0 seulement 25 minutes en voiture du moulin \u00e0 eau historique et vous offre la possibilit\u00e9 de conduire votre propre v\u00e9hicule \u00e0 travers la c\u00e9l\u00e8bre Nordschleife et de ressentir [&hellip;]","og_url":"https:\/\/www.muehlebirgel.de\/fr\/nuerburgring-le-sport-automobile-dans-lenfer-vert\/","og_site_name":"Historische Wasserm\u00fchle Birgel","og_image":[{"url":"https:\/\/www.muehlebirgel.de\/wp-content\/uploads\/2010\/03\/UNBENANNT_65.jpg","type":"","width":"","height":""}],"twitter_card":"summary_large_image","twitter_misc":{"Dur\u00e9e de lecture estim\u00e9e":"1 minute"},"schema":{"@context":"https:\/\/schema.org","@graph":[{"@type":"WebPage","@id":"https:\/\/www.muehlebirgel.de\/fr\/nuerburgring-le-sport-automobile-dans-lenfer-vert","url":"https:\/\/www.muehlebirgel.de\/fr\/nuerburgring-le-sport-automobile-dans-lenfer-vert","name":"N\u00fcrburgring - Le sport automobile dans l'enfer vert - Historische Wasserm\u00fchle Birgel","isPartOf":{"@id":"https:\/\/www.muehlebirgel.de\/fr\/#website"},"primaryImageOfPage":{"@id":"https:\/\/www.muehlebirgel.de\/fr\/nuerburgring-le-sport-automobile-dans-lenfer-vert#primaryimage"},"image":{"@id":"https:\/\/www.muehlebirgel.de\/fr\/nuerburgring-le-sport-automobile-dans-lenfer-vert#primaryimage"},"thumbnailUrl":"https:\/\/www.muehlebirgel.de\/wp-content\/uploads\/2010\/03\/UNBENANNT_65.jpg","datePublished":"2021-12-10T14:59:17+00:00","breadcrumb":{"@id":"https:\/\/www.muehlebirgel.de\/fr\/nuerburgring-le-sport-automobile-dans-lenfer-vert#breadcrumb"},"inLanguage":"fr-FR","potentialAction":[{"@type":"ReadAction","target":["https:\/\/www.muehlebirgel.de\/fr\/nuerburgring-le-sport-automobile-dans-lenfer-vert"]}]},{"@type":"ImageObject","inLanguage":"fr-FR","@id":"https:\/\/www.muehlebirgel.de\/fr\/nuerburgring-le-sport-automobile-dans-lenfer-vert#primaryimage","url":"https:\/\/www.muehlebirgel.de\/wp-content\/uploads\/2010\/03\/UNBENANNT_65.jpg","contentUrl":"https:\/\/www.muehlebirgel.de\/wp-content\/uploads\/2010\/03\/UNBENANNT_65.jpg"},{"@type":"BreadcrumbList","@id":"https:\/\/www.muehlebirgel.de\/fr\/nuerburgring-le-sport-automobile-dans-lenfer-vert#breadcrumb","itemListElement":[{"@type":"ListItem","position":1,"name":"Startseite","item":"https:\/\/www.muehlebirgel.de\/fr"},{"@type":"ListItem","position":2,"name":"H\u00e9bergement dans l&#8217;Eifel &#8211; R\u00e9server des vacances dans l&#8217;Eifel volcanique","item":"https:\/\/www.muehlebirgel.de\/fr\/uebernachtungen-in-der-eifel"},{"@type":"ListItem","position":3,"name":"H\u00f4tel dans l&#8217;Eifel &#8211; Chambres romantiques dans l&#8217;Eifel volcanique","item":"https:\/\/www.muehlebirgel.de\/fr\/hotel-romantique-dans-leifel-moulin-a-eau-historique-de-birgel"},{"@type":"ListItem","position":4,"name":"N\u00fcrburgring &#8211; Le sport automobile dans l&#8217;enfer vert"}]},{"@type":"WebSite","@id":"https:\/\/www.muehlebirgel.de\/fr\/#website","url":"https:\/\/www.muehlebirgel.de\/fr\/","name":"Historische Wasserm\u00fchle Birgel","description":"Willkommen im M\u00fchlen-Erlebniszentrum","potentialAction":[{"@type":"SearchAction","target":{"@type":"EntryPoint","urlTemplate":"https:\/\/www.muehlebirgel.de\/fr\/?s={search_term_string}"},"query-input":{"@type":"PropertyValueSpecification","valueRequired":true,"valueName":"search_term_string"}}],"inLanguage":"fr-FR"}]}},"_links":{"self":[{"href":"https:\/\/www.muehlebirgel.de\/fr\/wp-json\/wp\/v2\/pages\/9829","targetHints":{"allow":["GET"]}}],"collection":[{"href":"https:\/\/www.muehlebirgel.de\/fr\/wp-json\/wp\/v2\/pages"}],"about":[{"href":"https:\/\/www.muehlebirgel.de\/fr\/wp-json\/wp\/v2\/types\/page"}],"author":[{"embeddable":true,"href":"https:\/\/www.muehlebirgel.de\/fr\/wp-json\/wp\/v2\/users\/1"}],"replies":[{"embeddable":true,"href":"https:\/\/www.muehlebirgel.de\/fr\/wp-json\/wp\/v2\/comments?post=9829"}],"version-history":[{"count":0,"href":"https:\/\/www.muehlebirgel.de\/fr\/wp-json\/wp\/v2\/pages\/9829\/revisions"}],"up":[{"embeddable":true,"href":"https:\/\/www.muehlebirgel.de\/fr\/wp-json\/wp\/v2\/pages\/9709"}],"wp:attachment":[{"href":"https:\/\/www.muehlebirgel.de\/fr\/wp-json\/wp\/v2\/media?parent=9829"}],"curies":[{"name":"wp","href":"https:\/\/api.w.org\/{rel}","templated":true}]}}